{"id":93,"date":"2018-01-29T11:09:52","date_gmt":"2018-01-29T11:09:52","guid":{"rendered":"https:\/\/www.senaatti.fi\/yhteiskuntavastuuraportti2020\/?page_id=93"},"modified":"2021-03-31T14:28:57","modified_gmt":"2021-03-31T14:28:57","slug":"kestava-rakentaminen","status":"publish","type":"page","link":"https:\/\/www.senaatti.fi\/yhteiskuntavastuuraportti2020\/vastuullisuus-senaatissa\/ymparisto\/kestava-rakentaminen\/","title":{"rendered":"Kest\u00e4v\u00e4 rakentaminen ja kiertotalous"},"content":{"rendered":"<p><img loading=\"lazy\" decoding=\"async\" src=\"https:\/\/www.senaatti.fi\/app_ykv_archive\/uploads\/sites\/10\/2021\/03\/Kestava-rakentaminen.jpg\" alt=\"Ter\u00e4srakenteita nostetaan ilmaan nostokurjella.\" class=\"alignnone size-full wp-image-3891\" width=\"1280\" height=\"643\" srcset=\"https:\/\/www.senaatti.fi\/app_ykv_archive\/uploads\/sites\/10\/2021\/03\/Kestava-rakentaminen.jpg 1280w, https:\/\/www.senaatti.fi\/app_ykv_archive\/uploads\/sites\/10\/2021\/03\/Kestava-rakentaminen-300x151.jpg 300w, https:\/\/www.senaatti.fi\/app_ykv_archive\/uploads\/sites\/10\/2021\/03\/Kestava-rakentaminen-1024x514.jpg 1024w, https:\/\/www.senaatti.fi\/app_ykv_archive\/uploads\/sites\/10\/2021\/03\/Kestava-rakentaminen-768x386.jpg 768w\" sizes=\"auto, (max-width: 1280px) 100vw, 1280px\" \/><\/p>\n<p>Suomen valtion kunniahimoisena tavoitteena on olla kiertotalouden edell\u00e4k\u00e4vij\u00e4maa vuoteen 2025 menness\u00e4 ja hiilineutraali vuoteen 2035 menness\u00e4. Senaatti tukee omilla toimillaan Suomen valtion tavoitteita ja on l\u00e4htenyt edist\u00e4m\u00e4\u00e4n kiertotalouden periaatteita omassa toiminnassaan. Senaatin tavoitteena on nivoa ilmastovaikutusten ja kiertotalousn\u00e4k\u00f6kulmien arviointi osaksi kaikkea p\u00e4\u00e4t\u00f6ksentekoa sek\u00e4 toimia kiertotalouden periaatteiden mukaisesti kaikessa toiminnassaan.<\/p>\n<p>Asiaa on l\u00e4hdetty viem\u00e4\u00e4n eteenp\u00e4in pilottihankkeiden ja green deal -sopimusten kautta. My\u00f6s senaattilaisten osaamiseen on panostettu j\u00e4rjest\u00e4m\u00e4ll\u00e4 kaikille aiheeseen liittyv\u00e4 pakollinen koulutus. Kiertotalouden periaatteita k\u00e4ytiin kertomusvuonna l\u00e4pi lis\u00e4ksi asiakkaiden kanssa Green Office -tilaisuudessa, jossa teemana oli ty\u00f6p\u00e4iv\u00e4n ymp\u00e4rist\u00f6vaikutukset: hiilineutraali kiertotalous ja kest\u00e4v\u00e4 arki.<\/p>\n<h2>Senaatti mukana green deal -sopimuksissa<\/h2>\n<p>Vuoden 2020 aikana Senaatti sitoutui kahteen vapaaehtoiseen green deal -sopimukseen, joiden tarkoituksena on etsi\u00e4 ratkaisuja ilmastonmuutoksen hillitsemiseksi ja kiertotalouden edist\u00e4miseksi. <strong>Kest\u00e4v\u00e4 purkaminen<\/strong> -sopimus t\u00e4ht\u00e4\u00e4 purkumateriaalikartoituksen k\u00e4ytt\u00f6\u00f6nottoon merkitt\u00e4v\u00e4sti purkua sis\u00e4lt\u00e4viss\u00e4 hankkeissa ja sit\u00e4 kautta purkumateriaalien kierr\u00e4tysasteen nostamiseen. <strong>P\u00e4\u00e4st\u00f6t\u00f6n ty\u00f6maa<\/strong> -sopimus asettaa velvoitteita ja hankintakriteereit\u00e4 urakoihin ty\u00f6maan p\u00e4\u00e4st\u00f6jen pienent\u00e4miseksi. Tavoitteena ovat ensin fossiilittomat ty\u00f6maat ja lopulta s\u00e4hk\u00f6k\u00e4ytt\u00f6iset koneet ja kuljetukset.<\/p>\n<p>Rakentamisen ymp\u00e4rist\u00f6vaikutusten tunnusluvut perustuvat Senaatin rakennushankkeiden tietokantaan. L\u00e4ht\u00f6kohtaisesti kaikki yli miljoonan euron rakennushankkeet raportoivat kvartaaleittain energian- ja vedenkulutuksestaan, syntyneist\u00e4 j\u00e4tteist\u00e4 sek\u00e4 TR-tuloksista ja tapaturmista. Vuonna 2020 raportoinnin laajuus kattoi uudishankkeet, peruskorjaushankkeet sek\u00e4 tilamuutoshankkeet. Vuoden 2020 aikana raportoi yhteens\u00e4 14 uudishanketta, 15 korjaushanketta ja 10 tilamuutoshanketta, mik\u00e4 on huomattavasti enemm\u00e4n kuin vuonna 2019.<\/p>\n<h2>Kohti v\u00e4h\u00e4hiilisemp\u00e4\u00e4 rakentamista<\/h2>\n<p><img loading=\"lazy\" decoding=\"async\" src=\"https:\/\/www.senaatti.fi\/app_ykv_archive\/uploads\/sites\/10\/2021\/03\/SVK_Sisa\u0308kuva_2019-005-scaled.jpg\" alt=\"Koulurakennuksen aula, jossa oppilaita.\" width=\"2560\" height=\"1440\" class=\"alignnone wp-image-4313 size-full\" srcset=\"https:\/\/www.senaatti.fi\/app_ykv_archive\/uploads\/sites\/10\/2021\/03\/SVK_Sisa\u0308kuva_2019-005-scaled.jpg 2560w, https:\/\/www.senaatti.fi\/app_ykv_archive\/uploads\/sites\/10\/2021\/03\/SVK_Sisa\u0308kuva_2019-005-300x169.jpg 300w, https:\/\/www.senaatti.fi\/app_ykv_archive\/uploads\/sites\/10\/2021\/03\/SVK_Sisa\u0308kuva_2019-005-1024x576.jpg 1024w, https:\/\/www.senaatti.fi\/app_ykv_archive\/uploads\/sites\/10\/2021\/03\/SVK_Sisa\u0308kuva_2019-005-768x432.jpg 768w, https:\/\/www.senaatti.fi\/app_ykv_archive\/uploads\/sites\/10\/2021\/03\/SVK_Sisa\u0308kuva_2019-005-1536x864.jpg 1536w, https:\/\/www.senaatti.fi\/app_ykv_archive\/uploads\/sites\/10\/2021\/03\/SVK_Sisa\u0308kuva_2019-005-2048x1152.jpg 2048w, https:\/\/www.senaatti.fi\/app_ykv_archive\/uploads\/sites\/10\/2021\/03\/SVK_Sisa\u0308kuva_2019-005-1600x900.jpg 1600w, https:\/\/www.senaatti.fi\/app_ykv_archive\/uploads\/sites\/10\/2021\/03\/SVK_Sisa\u0308kuva_2019-005-2200x1238.jpg 2200w\" sizes=\"auto, (max-width: 2560px) 100vw, 2560px\" \/>Suomalais-ven\u00e4l\u00e4isen koulun uudisrakennus valmistuu vuonna 2021. <span>Uudisrakennuksen hiilijalanj\u00e4lke\u00e4 on pystytty v\u00e4hent\u00e4m\u00e4\u00e4n merkitt\u00e4v\u00e4sti ottamalla hiilijalanj\u00e4lki huomioon suunnittelussa alusta alkaen.<\/span><\/p>\n<p>Rakentamiseen kohdistuvilla p\u00e4\u00e4st\u00f6v\u00e4hennystoimenpiteill\u00e4 on merkitt\u00e4v\u00e4 vaikutus Senaatin hiilineutraalisuustavoitteen saavuttamisessa.<\/p>\n<p>Rakennuksen elinkaaren aikana aiheutuvat p\u00e4\u00e4st\u00f6t eli rakennuksen hiilijalanj\u00e4lki ja rakennustyyppikohtaiset p\u00e4\u00e4st\u00f6rajat on suunniteltu tulevan osaksi rakentamisen s\u00e4\u00e4d\u00f6sohjausta viimeist\u00e4\u00e4n vuonna 2025.<\/p>\n<p>Senaatti on aloittanut varautumisen t\u00e4h\u00e4n pilotoimalla hiilijalanj\u00e4ljen laskentaa rakennushankkeissaan. Ensimm\u00e4isess\u00e4 vaiheessa laskelmilla on haettu tuntumaa p\u00e4\u00e4st\u00f6jen nykytasoon sek\u00e4 ymm\u00e4rryst\u00e4 siit\u00e4, mihin kohtiin keskittym\u00e4ll\u00e4 p\u00e4\u00e4st\u00f6j\u00e4 on mahdollista ohjata tulevaisuudessa pienemmiksi.<\/p>\n<p>Vuonna 2020 hiilijalanj\u00e4lke\u00e4 tarkasteltiin 15 rakennushankkeessa, mik\u00e4 oli noin 5 kertaa enemm\u00e4n kuin vuonna 2019 (3 kpl). Laskelmien perusteella on pystytty tunnistamaan keinoja, kuinka rakentamisen hiilijalanj\u00e4lke\u00e4 voidaan pienent\u00e4\u00e4 sek\u00e4 tunnistamaan uudis- ja korjausrakentamisen eroja. Pilotoinneista on ker\u00e4tty toimintamallia rakennushankkeiden ohjaamiseen.<\/p>\n<p>Rakentamisen kokonaisenergiankulutus Senaatin ty\u00f6mailla vuonna 2020 oli noin 15 042 MWh (6 917 MWh vuonna 2019), josta aiheutui hiilidioksidip\u00e4\u00e4st\u00f6j\u00e4 noin 2980 tonnia (3 249 tonnia vuonna 2019). Ty\u00f6maiden energiankulutuksen p\u00e4\u00e4st\u00f6kertoimia p\u00e4ivitettiin, mink\u00e4 vuoksi p\u00e4\u00e4st\u00f6luvut ovat merkitt\u00e4v\u00e4sti pienentyneet suhteessa viime vuoteen. Kulutuslukemat perustuvat ty\u00f6maiden raportoimiin kulutuksiin, mitk\u00e4 voivat perustua laskutustietoon, mittarilukemaan tai arvioon.<\/p>\n<p>Vuonna 2021 Senaatti julkaisee hiilineutraalisuustiekartan, ottaa k\u00e4ytt\u00f6\u00f6n hiilineutraalin rakentamisen ohjeen ja asettaa selke\u00e4t tavoitteet hankkeiden hiilijalanj\u00e4ljen pienent\u00e4miseksi. Hiilijalanj\u00e4ljen laskenta tehd\u00e4\u00e4n vuonna 2021 kaikissa yli 2 miljoonan euron hankkeissa. Hankkeisiin pyrit\u00e4\u00e4n vakiinnuttamaan toimintamalli, jolla hiilijalanj\u00e4lke\u00e4 ohjataan.<\/p>\n<h2>Kiertotalouden edist\u00e4minen rakennushankkeissa<\/h2>\n<p>Senaatin kiertotaloustiekartan mukaisesti vuoden 2020 aikana otettiin k\u00e4ytt\u00f6\u00f6n rakennuttamisen kiertotalousohje, joka ohjaa ja valmentaa rakennuttajia ja suunnittelijoita kiertotalouden huomioimiseen rakennushakkeissa. Tiekartan mukaisesti my\u00f6s rakennusj\u00e4tteen materiaalihy\u00f6dynt\u00e4misasteen tavoite nostettiin 70%:sta 80%:iin (70% vuonna 2019). Toteutunut hy\u00f6dynt\u00e4misaste vuonna 2020 oli jopa 86 %.<\/p>\n<figure id=\"attachment_4221\" aria-describedby=\"caption-attachment-4221\" style=\"width: 1110px\" class=\"wp-caption alignnone\"><img loading=\"lazy\" decoding=\"async\" src=\"https:\/\/www.senaatti.fi\/app_ykv_archive\/uploads\/sites\/10\/2021\/03\/Porvoon-virastotalon-tymaa-toi-kokemusta-kiertotaloudesta-1024x576.jpg\" alt=\"\" class=\"wp-image-4221\" width=\"1110\" height=\"624\" srcset=\"https:\/\/www.senaatti.fi\/app_ykv_archive\/uploads\/sites\/10\/2021\/03\/Porvoon-virastotalon-tymaa-toi-kokemusta-kiertotaloudesta-1024x576.jpg 1024w, https:\/\/www.senaatti.fi\/app_ykv_archive\/uploads\/sites\/10\/2021\/03\/Porvoon-virastotalon-tymaa-toi-kokemusta-kiertotaloudesta-300x169.jpg 300w, https:\/\/www.senaatti.fi\/app_ykv_archive\/uploads\/sites\/10\/2021\/03\/Porvoon-virastotalon-tymaa-toi-kokemusta-kiertotaloudesta-768x432.jpg 768w, https:\/\/www.senaatti.fi\/app_ykv_archive\/uploads\/sites\/10\/2021\/03\/Porvoon-virastotalon-tymaa-toi-kokemusta-kiertotaloudesta-1536x864.jpg 1536w, https:\/\/www.senaatti.fi\/app_ykv_archive\/uploads\/sites\/10\/2021\/03\/Porvoon-virastotalon-tymaa-toi-kokemusta-kiertotaloudesta-1600x900.jpg 1600w, https:\/\/www.senaatti.fi\/app_ykv_archive\/uploads\/sites\/10\/2021\/03\/Porvoon-virastotalon-tymaa-toi-kokemusta-kiertotaloudesta.jpg 2000w\" sizes=\"auto, (max-width: 1110px) 100vw, 1110px\" \/><figcaption id=\"caption-attachment-4221\" class=\"wp-caption-text\"><strong>Case: Porvoon virastotalon ty\u00f6maa toi kokemusta kiertotaloudesta<\/strong> <br \/>Senaatti-kiinteist\u00f6ill\u00e4 on k\u00e4yt\u00f6ss\u00e4 rakennushankkeissaan kiertotalousohje. Hein\u00e4kuussa 2020 valmistunut Porvoon virastotalon tilamuutoshanke toi konkreettista kokemusta siit\u00e4, miten kunnianhimoiset kierr\u00e4tys- ja kiertotaloustavoitteet toimivat k\u00e4yt\u00e4nn\u00f6ss\u00e4. <br \/>\u201dKiertotaloustoimien ansiosta rakennushankkeesta aiheutuvat hiilidioksidip\u00e4\u00e4st\u00f6t olivat 20 prosenttia pienemm\u00e4t kuin ilman n\u00e4it\u00e4 toimenpiteit\u00e4\u201d, Senaatti-kiinteist\u00f6jen ymp\u00e4rist\u00f6vastuuasiantuntija <strong>Mirkka Rekola<\/strong> sanoo. <br \/><a href=\"https:\/\/www.senaatti.fi\/tyoymparistot\/inspiraatio\/artikkeli\/porvoon-virastotalon-tyomaa-toi-kokemusta-kiertotaloudesta\/\">Lue Lis\u00e4\u00e4<\/a><\/figcaption><\/figure>\n<p>&nbsp;<\/p>\n<p>Senaatti osallistui ymp\u00e4rist\u00f6ministeri\u00f6n materiaalipassiprojektiin, jossa testattiin rakennuksen tietomalliin pohjautuvaa hollantilaista Madaster-materiaalipassia. Materiaalipassin tarkoitus on parantaa rakennusten materiaali- ja tuotetiedon hallintaa ja tiedon hy\u00f6dynt\u00e4mist\u00e4 kiertotalouden liiketoiminnassa. Projekti jatkuu my\u00f6s vuonna 2021.<\/p>\n<p>Senaatti osallistui 2020 my\u00f6s Finnish Green Building Councilin kiertotalousvalmennus -hankkeeseen, jossa k\u00e4siteltiin kiertotalouden huomioimista aivan toimitilahankkeiden alkuvaiheissa: ty\u00f6ymp\u00e4rist\u00f6kehitt\u00e4misess\u00e4, tilaratkaisuvaihtoehtojen kartoittamisessa ja asiakasyhteisty\u00f6ss\u00e4. Valmennus johti sis\u00e4isten ohjeiden ja toimintamallien p\u00e4ivitt\u00e4miseen.<\/p>\n<p>Vuonna 2021 tullaan perehdytt\u00e4m\u00e4\u00e4n urakoitsijoita ymp\u00e4rist\u00f6vastuuasioista (esimerkiksi j\u00e4tehuolto ja p\u00e4\u00e4st\u00f6t\u00f6n ty\u00f6maa) ja kehitt\u00e4m\u00e4\u00e4n ty\u00f6maaraportointia entisest\u00e4\u00e4n.<\/p>\n<p><a href=\"https:\/\/www.senaatti.fi\/yhteiskuntavastuuraportti2020\/vastuullisuus-senaatissa\/ymparisto\/jatteet-ja-pilaantuneet-maa-alueet\/#purkujatteet\">Lue rakennusty\u00f6maiden j\u00e4tteidenhallinnasta t\u00e4\u00e4lt\u00e4.<\/a><br \/>\n<a href=\"https:\/\/www.senaatti.fi\/yhteiskuntavastuuraportti2020\/vastuullisuus-senaatissa\/vastuulliset-hankinnat\/tyoturvallisuus-rakennustyomailla\/\">Lue rakennusty\u00f6maiden ty\u00f6turvallisuudesta t\u00e4\u00e4lt\u00e4.<\/a><\/p>\n<h2>RTS-ymp\u00e4rist\u00f6luokitus ohjaa kest\u00e4v\u00e4\u00e4 rakentamista<\/h2>\n<p>RTS-ymp\u00e4rist\u00f6kriteerit sis\u00e4lt\u00e4v\u00e4n RT-ymp\u00e4rist\u00f6ty\u00f6kalun hy\u00f6dynt\u00e4mist\u00e4 jatkettiin kokonaisvaltaisen kest\u00e4v\u00e4n kehityksen ohjaamiseksi soveltuvissa rakennushankkeissa ja tilamuutoksissa.<\/p>\n<p>Kriteerist\u00f6 sis\u00e4lt\u00e4\u00e4 vaatimuksia energiatehokkuudelle, elinkaaren ymp\u00e4rist\u00f6vaikutuksille, sis\u00e4olosuhteille, yll\u00e4pidett\u00e4vyydelle sek\u00e4 kosteuden- ja puhtaudenhallinnalle. Suomalais-ven\u00e4l\u00e4inen koulu ja H\u00e4meenlinnan naisvankila ovat ensimm\u00e4iset auditointiprosessissa olevat hankkeet. Molemmat saivat suunnitteluvaiheen v\u00e4liauditoinnista 4 t\u00e4hte\u00e4.<\/p>\n<h2>Rakentamisen vedenkulutus<\/h2>\n<p>Kokonaisvedenkulutus ty\u00f6mailla vuonna 2020 oli noin 6 926 kuutiota (3 447 kuutiota vuonna 2019). Kulutuslukemat perustuvat ty\u00f6maiden raportoimiin kulutuksiin, mitk\u00e4 voivat perustua laskutustietoon, mittarilukemaan tai arvioon. Vedenkulutuksen lis\u00e4\u00e4ntyminen johtui suuremmasta seurannassa olevien hankkeiden m\u00e4\u00e4r\u00e4st\u00e4 ja suuremmasta uudisrakennusty\u00f6maiden m\u00e4\u00e4r\u00e4st\u00e4 vuoteen 2019 verrattuna.<\/p>\n","protected":false},"excerpt":{"rendered":"<p>Suomen valtion kunniahimoisena tavoitteena on olla kiertotalouden edell\u00e4k\u00e4vij\u00e4maa vuoteen 2025 menness\u00e4 ja hiilineutraali vuoteen 2035 menness\u00e4. Senaatti tukee omilla toimillaan Suomen valtion tavoitteita ja on l\u00e4htenyt edist\u00e4m\u00e4\u00e4n kiertotalouden periaatteita omassa toiminnassaan. Senaatin tavoitteena on nivoa ilmastovaikutusten ja kiertotalousn\u00e4k\u00f6kulmien arviointi osaksi kaikkea p\u00e4\u00e4t\u00f6ksentekoa sek\u00e4 toimia kiertotalouden periaatteiden mukaisesti kaikessa toiminnassaan. Asiaa on l\u00e4hdetty viem\u00e4\u00e4n eteenp\u00e4in pilottihankkeiden [&hellip;]<\/p>\n","protected":false},"author":11,"featured_media":0,"parent":81,"menu_order":5,"comment_status":"closed","ping_status":"closed","template":"","meta":{"_acf_changed":false,"footnotes":""},"class_list":["post-93","page","type-page","status-publish","hentry","senaatti_tsdg-vastuullista-kuluttamista","senaatti_tsdg-ihmisarvoista-tyota-ja-talouskasvua","senaatti_tsdg-kestavaa-teollisuutta-innovaatioita-ja-infrastruktuureja"],"acf":[],"yoast_head":"<!-- This site is optimized with the Yoast SEO plugin v23.9 - https:\/\/yoast.com\/wordpress\/plugins\/seo\/ -->\n<title>Kest\u00e4v\u00e4 rakentaminen ja kiertotalous - Senaatti 2020 - yhteiskuntavastuuraportti<\/title>\n<meta name=\"description\" content=\"Suomen valtion kunniahimoisena tavoitteena on olla kiertotalouden edell\u00e4k\u00e4vij\u00e4maa vuoteen 2025 menness\u00e4 ja hiilineutraali vuoteen 2035 menness\u00e4. Senaatti\" \/>\n<meta name=\"robots\" content=\"index, follow, max-snippet:-1, max-image-preview:large, max-video-preview:-1\" \/>\n<link rel=\"canonical\" href=\"https:\/\/www.senaatti.fi\/yhteiskuntavastuuraportti2020\/vastuullisuus-senaatissa\/ymparisto\/kestava-rakentaminen\/\" \/>\n<meta property=\"og:locale\" content=\"en_US\" \/>\n<meta property=\"og:type\" content=\"article\" \/>\n<meta property=\"og:title\" content=\"Kest\u00e4v\u00e4 rakentaminen ja kiertotalous - Senaatti 2020 - yhteiskuntavastuuraportti\" \/>\n<meta property=\"og:description\" content=\"Suomen valtion kunniahimoisena tavoitteena on olla kiertotalouden edell\u00e4k\u00e4vij\u00e4maa vuoteen 2025 menness\u00e4 ja hiilineutraali vuoteen 2035 menness\u00e4. Senaatti\" \/>\n<meta property=\"og:url\" content=\"https:\/\/www.senaatti.fi\/yhteiskuntavastuuraportti2020\/vastuullisuus-senaatissa\/ymparisto\/kestava-rakentaminen\/\" \/>\n<meta property=\"og:site_name\" content=\"Senaatti 2020 - yhteiskuntavastuuraportti\" \/>\n<meta property=\"article:modified_time\" content=\"2021-03-31T14:28:57+00:00\" \/>\n<meta property=\"og:image\" content=\"https:\/\/www.senaatti.fi\/app_ykv_archive\/uploads\/sites\/10\/2021\/03\/Kestava-rakentaminen.jpg\" \/>\n<meta name=\"twitter:card\" content=\"summary_large_image\" \/>\n<meta name=\"twitter:label1\" content=\"Est. reading time\" \/>\n\t<meta name=\"twitter:data1\" content=\"4 minutes\" \/>\n<script type=\"application\/ld+json\" class=\"yoast-schema-graph\">{\"@context\":\"https:\/\/schema.org\",\"@graph\":[{\"@type\":\"WebPage\",\"@id\":\"https:\/\/www.senaatti.fi\/yhteiskuntavastuuraportti2020\/vastuullisuus-senaatissa\/ymparisto\/kestava-rakentaminen\/\",\"url\":\"https:\/\/www.senaatti.fi\/yhteiskuntavastuuraportti2020\/vastuullisuus-senaatissa\/ymparisto\/kestava-rakentaminen\/\",\"name\":\"Kest\u00e4v\u00e4 rakentaminen ja kiertotalous - Senaatti 2020 - yhteiskuntavastuuraportti\",\"isPartOf\":{\"@id\":\"https:\/\/www.senaatti.fi\/yhteiskuntavastuuraportti2020\/#website\"},\"primaryImageOfPage\":{\"@id\":\"https:\/\/www.senaatti.fi\/yhteiskuntavastuuraportti2020\/vastuullisuus-senaatissa\/ymparisto\/kestava-rakentaminen\/#primaryimage\"},\"image\":{\"@id\":\"https:\/\/www.senaatti.fi\/yhteiskuntavastuuraportti2020\/vastuullisuus-senaatissa\/ymparisto\/kestava-rakentaminen\/#primaryimage\"},\"thumbnailUrl\":\"https:\/\/www.senaatti.fi\/app_ykv_archive\/uploads\/sites\/10\/2021\/03\/Kestava-rakentaminen.jpg\",\"datePublished\":\"2018-01-29T11:09:52+00:00\",\"dateModified\":\"2021-03-31T14:28:57+00:00\",\"description\":\"Suomen valtion kunniahimoisena tavoitteena on olla kiertotalouden edell\u00e4k\u00e4vij\u00e4maa vuoteen 2025 menness\u00e4 ja hiilineutraali vuoteen 2035 menness\u00e4. Senaatti\",\"breadcrumb\":{\"@id\":\"https:\/\/www.senaatti.fi\/yhteiskuntavastuuraportti2020\/vastuullisuus-senaatissa\/ymparisto\/kestava-rakentaminen\/#breadcrumb\"},\"inLanguage\":\"en-US\",\"potentialAction\":[{\"@type\":\"ReadAction\",\"target\":[\"https:\/\/www.senaatti.fi\/yhteiskuntavastuuraportti2020\/vastuullisuus-senaatissa\/ymparisto\/kestava-rakentaminen\/\"]}]},{\"@type\":\"ImageObject\",\"inLanguage\":\"en-US\",\"@id\":\"https:\/\/www.senaatti.fi\/yhteiskuntavastuuraportti2020\/vastuullisuus-senaatissa\/ymparisto\/kestava-rakentaminen\/#primaryimage\",\"url\":\"https:\/\/www.senaatti.fi\/app_ykv_archive\/uploads\/sites\/10\/2021\/03\/Kestava-rakentaminen.jpg\",\"contentUrl\":\"https:\/\/www.senaatti.fi\/app_ykv_archive\/uploads\/sites\/10\/2021\/03\/Kestava-rakentaminen.jpg\"},{\"@type\":\"BreadcrumbList\",\"@id\":\"https:\/\/www.senaatti.fi\/yhteiskuntavastuuraportti2020\/vastuullisuus-senaatissa\/ymparisto\/kestava-rakentaminen\/#breadcrumb\",\"itemListElement\":[{\"@type\":\"ListItem\",\"position\":1,\"name\":\"Home\",\"item\":\"https:\/\/www.senaatti.fi\/yhteiskuntavastuuraportti2020\/\"},{\"@type\":\"ListItem\",\"position\":2,\"name\":\"Vastuullisuus Senaatissa\",\"item\":\"https:\/\/www.senaatti.fi\/yhteiskuntavastuuraportti2020\/vastuullisuus-senaatissa\/\"},{\"@type\":\"ListItem\",\"position\":3,\"name\":\"Ymp\u00e4rist\u00f6\",\"item\":\"https:\/\/www.senaatti.fi\/yhteiskuntavastuuraportti2020\/vastuullisuus-senaatissa\/ymparisto\/\"},{\"@type\":\"ListItem\",\"position\":4,\"name\":\"Kest\u00e4v\u00e4 rakentaminen ja kiertotalous\"}]},{\"@type\":\"WebSite\",\"@id\":\"https:\/\/www.senaatti.fi\/yhteiskuntavastuuraportti2020\/#website\",\"url\":\"https:\/\/www.senaatti.fi\/yhteiskuntavastuuraportti2020\/\",\"name\":\"Senaatti 2020 - yhteiskuntavastuuraportti\",\"description\":\"\",\"potentialAction\":[{\"@type\":\"SearchAction\",\"target\":{\"@type\":\"EntryPoint\",\"urlTemplate\":\"https:\/\/www.senaatti.fi\/yhteiskuntavastuuraportti2020\/?s={search_term_string}\"},\"query-input\":{\"@type\":\"PropertyValueSpecification\",\"valueRequired\":true,\"valueName\":\"search_term_string\"}}],\"inLanguage\":\"en-US\"}]}<\/script>\n<!-- \/ Yoast SEO plugin. -->","yoast_head_json":{"title":"Kest\u00e4v\u00e4 rakentaminen ja kiertotalous - Senaatti 2020 - yhteiskuntavastuuraportti","description":"Suomen valtion kunniahimoisena tavoitteena on olla kiertotalouden edell\u00e4k\u00e4vij\u00e4maa vuoteen 2025 menness\u00e4 ja hiilineutraali vuoteen 2035 menness\u00e4. Senaatti","robots":{"index":"index","follow":"follow","max-snippet":"max-snippet:-1","max-image-preview":"max-image-preview:large","max-video-preview":"max-video-preview:-1"},"canonical":"https:\/\/www.senaatti.fi\/yhteiskuntavastuuraportti2020\/vastuullisuus-senaatissa\/ymparisto\/kestava-rakentaminen\/","og_locale":"en_US","og_type":"article","og_title":"Kest\u00e4v\u00e4 rakentaminen ja kiertotalous - Senaatti 2020 - yhteiskuntavastuuraportti","og_description":"Suomen valtion kunniahimoisena tavoitteena on olla kiertotalouden edell\u00e4k\u00e4vij\u00e4maa vuoteen 2025 menness\u00e4 ja hiilineutraali vuoteen 2035 menness\u00e4. Senaatti","og_url":"https:\/\/www.senaatti.fi\/yhteiskuntavastuuraportti2020\/vastuullisuus-senaatissa\/ymparisto\/kestava-rakentaminen\/","og_site_name":"Senaatti 2020 - yhteiskuntavastuuraportti","article_modified_time":"2021-03-31T14:28:57+00:00","og_image":[{"url":"https:\/\/www.senaatti.fi\/app_ykv_archive\/uploads\/sites\/10\/2021\/03\/Kestava-rakentaminen.jpg"}],"twitter_card":"summary_large_image","twitter_misc":{"Est. reading time":"4 minutes"},"schema":{"@context":"https:\/\/schema.org","@graph":[{"@type":"WebPage","@id":"https:\/\/www.senaatti.fi\/yhteiskuntavastuuraportti2020\/vastuullisuus-senaatissa\/ymparisto\/kestava-rakentaminen\/","url":"https:\/\/www.senaatti.fi\/yhteiskuntavastuuraportti2020\/vastuullisuus-senaatissa\/ymparisto\/kestava-rakentaminen\/","name":"Kest\u00e4v\u00e4 rakentaminen ja kiertotalous - Senaatti 2020 - yhteiskuntavastuuraportti","isPartOf":{"@id":"https:\/\/www.senaatti.fi\/yhteiskuntavastuuraportti2020\/#website"},"primaryImageOfPage":{"@id":"https:\/\/www.senaatti.fi\/yhteiskuntavastuuraportti2020\/vastuullisuus-senaatissa\/ymparisto\/kestava-rakentaminen\/#primaryimage"},"image":{"@id":"https:\/\/www.senaatti.fi\/yhteiskuntavastuuraportti2020\/vastuullisuus-senaatissa\/ymparisto\/kestava-rakentaminen\/#primaryimage"},"thumbnailUrl":"https:\/\/www.senaatti.fi\/app_ykv_archive\/uploads\/sites\/10\/2021\/03\/Kestava-rakentaminen.jpg","datePublished":"2018-01-29T11:09:52+00:00","dateModified":"2021-03-31T14:28:57+00:00","description":"Suomen valtion kunniahimoisena tavoitteena on olla kiertotalouden edell\u00e4k\u00e4vij\u00e4maa vuoteen 2025 menness\u00e4 ja hiilineutraali vuoteen 2035 menness\u00e4. Senaatti","breadcrumb":{"@id":"https:\/\/www.senaatti.fi\/yhteiskuntavastuuraportti2020\/vastuullisuus-senaatissa\/ymparisto\/kestava-rakentaminen\/#breadcrumb"},"inLanguage":"en-US","potentialAction":[{"@type":"ReadAction","target":["https:\/\/www.senaatti.fi\/yhteiskuntavastuuraportti2020\/vastuullisuus-senaatissa\/ymparisto\/kestava-rakentaminen\/"]}]},{"@type":"ImageObject","inLanguage":"en-US","@id":"https:\/\/www.senaatti.fi\/yhteiskuntavastuuraportti2020\/vastuullisuus-senaatissa\/ymparisto\/kestava-rakentaminen\/#primaryimage","url":"https:\/\/www.senaatti.fi\/app_ykv_archive\/uploads\/sites\/10\/2021\/03\/Kestava-rakentaminen.jpg","contentUrl":"https:\/\/www.senaatti.fi\/app_ykv_archive\/uploads\/sites\/10\/2021\/03\/Kestava-rakentaminen.jpg"},{"@type":"BreadcrumbList","@id":"https:\/\/www.senaatti.fi\/yhteiskuntavastuuraportti2020\/vastuullisuus-senaatissa\/ymparisto\/kestava-rakentaminen\/#breadcrumb","itemListElement":[{"@type":"ListItem","position":1,"name":"Home","item":"https:\/\/www.senaatti.fi\/yhteiskuntavastuuraportti2020\/"},{"@type":"ListItem","position":2,"name":"Vastuullisuus Senaatissa","item":"https:\/\/www.senaatti.fi\/yhteiskuntavastuuraportti2020\/vastuullisuus-senaatissa\/"},{"@type":"ListItem","position":3,"name":"Ymp\u00e4rist\u00f6","item":"https:\/\/www.senaatti.fi\/yhteiskuntavastuuraportti2020\/vastuullisuus-senaatissa\/ymparisto\/"},{"@type":"ListItem","position":4,"name":"Kest\u00e4v\u00e4 rakentaminen ja kiertotalous"}]},{"@type":"WebSite","@id":"https:\/\/www.senaatti.fi\/yhteiskuntavastuuraportti2020\/#website","url":"https:\/\/www.senaatti.fi\/yhteiskuntavastuuraportti2020\/","name":"Senaatti 2020 - yhteiskuntavastuuraportti","description":"","potentialAction":[{"@type":"SearchAction","target":{"@type":"EntryPoint","urlTemplate":"https:\/\/www.senaatti.fi\/yhteiskuntavastuuraportti2020\/?s={search_term_string}"},"query-input":{"@type":"PropertyValueSpecification","valueRequired":true,"valueName":"search_term_string"}}],"inLanguage":"en-US"}]}},"_links":{"self":[{"href":"https:\/\/www.senaatti.fi\/yhteiskuntavastuuraportti2020\/wp-json\/wp\/v2\/pages\/93","targetHints":{"allow":["GET"]}}],"collection":[{"href":"https:\/\/www.senaatti.fi\/yhteiskuntavastuuraportti2020\/wp-json\/wp\/v2\/pages"}],"about":[{"href":"https:\/\/www.senaatti.fi\/yhteiskuntavastuuraportti2020\/wp-json\/wp\/v2\/types\/page"}],"author":[{"embeddable":true,"href":"https:\/\/www.senaatti.fi\/yhteiskuntavastuuraportti2020\/wp-json\/wp\/v2\/users\/11"}],"replies":[{"embeddable":true,"href":"https:\/\/www.senaatti.fi\/yhteiskuntavastuuraportti2020\/wp-json\/wp\/v2\/comments?post=93"}],"version-history":[{"count":14,"href":"https:\/\/www.senaatti.fi\/yhteiskuntavastuuraportti2020\/wp-json\/wp\/v2\/pages\/93\/revisions"}],"predecessor-version":[{"id":4314,"href":"https:\/\/www.senaatti.fi\/yhteiskuntavastuuraportti2020\/wp-json\/wp\/v2\/pages\/93\/revisions\/4314"}],"up":[{"embeddable":true,"href":"https:\/\/www.senaatti.fi\/yhteiskuntavastuuraportti2020\/wp-json\/wp\/v2\/pages\/81"}],"wp:attachment":[{"href":"https:\/\/www.senaatti.fi\/yhteiskuntavastuuraportti2020\/wp-json\/wp\/v2\/media?parent=93"}],"curies":[{"name":"wp","href":"https:\/\/api.w.org\/{rel}","templated":true}]}}