{"id":89,"date":"2018-01-29T11:09:22","date_gmt":"2018-01-29T11:09:22","guid":{"rendered":"https:\/\/www.senaatti.fi\/yhteiskuntavastuuraportti2020\/?page_id=89"},"modified":"2021-03-31T14:14:11","modified_gmt":"2021-03-31T14:14:11","slug":"jatteet-ja-pilaantuneet-maa-alueet","status":"publish","type":"page","link":"https:\/\/www.senaatti.fi\/yhteiskuntavastuuraportti2020\/vastuullisuus-senaatissa\/ymparisto\/jatteet-ja-pilaantuneet-maa-alueet\/","title":{"rendered":"J\u00e4tteet ja pilaantuneet maa-alueet"},"content":{"rendered":"<p><img loading=\"lazy\" decoding=\"async\" src=\"https:\/\/www.senaatti.fi\/app_ykv_archive\/uploads\/sites\/10\/2021\/03\/Jatteet.jpg\" alt=\"Mies leikkaa Kiasman sinkkipellin saumoja auki.\" class=\"alignnone size-full wp-image-3888\" width=\"1280\" height=\"643\" srcset=\"https:\/\/www.senaatti.fi\/app_ykv_archive\/uploads\/sites\/10\/2021\/03\/Jatteet.jpg 1280w, https:\/\/www.senaatti.fi\/app_ykv_archive\/uploads\/sites\/10\/2021\/03\/Jatteet-300x151.jpg 300w, https:\/\/www.senaatti.fi\/app_ykv_archive\/uploads\/sites\/10\/2021\/03\/Jatteet-1024x514.jpg 1024w, https:\/\/www.senaatti.fi\/app_ykv_archive\/uploads\/sites\/10\/2021\/03\/Jatteet-768x386.jpg 768w\" sizes=\"auto, (max-width: 1280px) 100vw, 1280px\" \/><\/p>\n<p>Senaatin kiertotalouden painopistealueet yll\u00e4pitokohteissa ovat j\u00e4tteiden v\u00e4hent\u00e4minen ja hy\u00f6dynt\u00e4misaste sek\u00e4 rakennus- ja purkukohteissa materiaalien hy\u00f6tyk\u00e4ytt\u00f6.<\/p>\n<h2>J\u00e4tteiden m\u00e4\u00e4r\u00e4 Senaatin yll\u00e4pit\u00e4miss\u00e4 kohteissa v\u00e4heni<\/h2>\n<p>Senaatti-kiinteist\u00f6jen yll\u00e4pit\u00e4miss\u00e4 kohteissa j\u00e4tett\u00e4 syntyi vuonna 2020 noin 3,6 kg huoneistoneli\u00f6t\u00e4 kohden (vuonna 2019 noin 3,95 kg). Yhteens\u00e4 j\u00e4tett\u00e4 syntyi 8 315 tonnia, joka on noin 9 % edellisvuotta v\u00e4hemm\u00e4n (9 112 t vuonna 2019).<\/p>\n<p>Suurimmat Senaatin toiminnasta aiheutuvat j\u00e4tejakeet ovat sekaj\u00e4te, bioj\u00e4te, paperi, pahvi ja kartonki.<br \/>\n<div class=\"graph-container\"><h2 class=\"text\">Senaatti-kiinteist\u00f6jen yll\u00e4pit\u00e4miss\u00e4 kohteissa syntyneet j\u00e4tteet jakeittain vuonna 2020 (kokonaisj\u00e4tem\u00e4\u00e4r\u00e4 8 315 t\/a)<\/h2><span class=\"hide\"><\/span><div id=\"jatteet-jakeittain\"><\/div><\/div><br \/>\nKaikkien j\u00e4tteiden kokonaishy\u00f6tyk\u00e4ytt\u00f6aste oli 99 %, josta materiaalihy\u00f6tyk\u00e4ytt\u00f6aste vuonna 2020 oli 23 % (22 % vuonna 2019). J\u00e4tteet hy\u00f6dynnet\u00e4\u00e4n ensisijaisesti materiaalina, mutta mik\u00e4li materiaalihy\u00f6dynt\u00e4minen ei ole mahdollista, j\u00e4tteet hy\u00f6dynnet\u00e4\u00e4n energiana. J\u00e4tteen polttamisesta saatu energia hy\u00f6dynnet\u00e4\u00e4n s\u00e4hk\u00f6ksi ja l\u00e4mm\u00f6ksi. Bioj\u00e4tteen lopullista hy\u00f6dynt\u00e4mismuotoa ei aina tiedet\u00e4 ja se tilastoidaan hy\u00f6dynnett\u00e4v\u00e4ksi \u201cmateriaalina tai energiana\u201d. Kokonaisj\u00e4tem\u00e4\u00e4r\u00e4n lis\u00e4ksi syntyi 15 t (0,2 %) vaarallisia j\u00e4tteit\u00e4, jotka k\u00e4sitell\u00e4\u00e4n ja hy\u00f6dynnet\u00e4\u00e4n erikseen.<br \/>\n<div class=\"graph-container\"><h2 class=\"text\">Senaatti-kiinteist\u00f6jen yll\u00e4pit\u00e4mien kohteiden ominaisj\u00e4tekertym\u00e4 ja jatkok\u00e4sittelytapa 2015 - 2020<\/h2><span class=\"hide\"><\/span><div id=\"ominaisjatekertyma\"><\/div><\/div>\n<h2>Green Office -ymp\u00e4rist\u00f6j\u00e4rjestelm\u00e4 kannustaa j\u00e4tteiden lajitteluun<\/h2>\n<p>Kannustamme omaa henkil\u00f6kuntaamme ja vuokralaisiamme j\u00e4tteiden v\u00e4hent\u00e4miseen ja lajitteluun muun muassa WWF Green Office -ymp\u00e4rist\u00f6j\u00e4rjestelm\u00e4n avulla. Uudet ty\u00f6nteon tavat monitilaymp\u00e4rist\u00f6iss\u00e4 kannustavat my\u00f6s paperittomaan toimistoon.<\/p>\n<p>Vastaamme asiakkaiden toiminnassa syntyv\u00e4n yhdyskuntaj\u00e4tteen sek\u00e4 kiinteist\u00f6jen yll\u00e4pidossa ja korjauksissa syntyvien vaarallisten j\u00e4tteiden j\u00e4tehuollon j\u00e4rjest\u00e4misest\u00e4 lains\u00e4\u00e4d\u00e4nn\u00f6n ja kunnallisten j\u00e4tehuoltom\u00e4\u00e4r\u00e4ysten mukaisesti. Asiakkaat huolehtivat p\u00e4\u00e4s\u00e4\u00e4nt\u00f6isesti oman toimintansa aiheuttamista erityisist\u00e4 j\u00e4tteist\u00e4 kuten tietosuojaj\u00e4te ja vaaralliset j\u00e4tteet, joten n\u00e4m\u00e4 j\u00e4tteet eiv\u00e4t sis\u00e4lly Senaatin raporttiin.<\/p>\n<h2 id=\"purkujatteet\">J\u00e4tteiden hallinta rakennus- ja purkukohteissa<\/h2>\n<p>Senaatin tavoitteena 2020 oli saavuttaa j\u00e4teasetuksen mukaisesti 80 % materiaalihy\u00f6tyk\u00e4ytt\u00f6aste rakennus- ja purkuj\u00e4tteen osalta (70 % vuonna 2019). Senaatin rakennushankkeissa syntyi vuonna 2020 yhteens\u00e4 12 830 tonnia j\u00e4tett\u00e4 (22 020 tonnia vuonna 2019), josta 86 % p\u00e4\u00e4tyi materiaalihy\u00f6tyk\u00e4ytt\u00f6\u00f6n (89 % vuonna 2019).<\/p>\n<p>J\u00e4tem\u00e4\u00e4r\u00e4t perustuvat ty\u00f6maiden toimittamiin tietoihin ja hy\u00f6tyk\u00e4ytt\u00f6asteet yhdistelm\u00e4\u00e4n ty\u00f6maiden raportoimia hy\u00f6tyk\u00e4ytt\u00f6asteita sek\u00e4 hy\u00f6tyk\u00e4ytt\u00f6asteiden oletuksia, riippuen j\u00e4tetyypist\u00e4.<\/p>\n<p>Senaatin ty\u00f6mailla lajiteltiin j\u00e4tteit\u00e4 yhteens\u00e4 14 eri j\u00e4tejakeeseen. Lis\u00e4ksi maa- ja kiviaineksia syntyi rakentamisessa yhteens\u00e4 866 tonnia. Maa- ja kiviainekset p\u00e4\u00e4tyv\u00e4t ty\u00f6mailta tyypillisesti maant\u00e4ytt\u00f6\u00f6n.<br \/>\n<div class=\"graph-container\"><h2 class=\"text\">Rakennus- ja purkuj\u00e4tteen jatkok\u00e4sittely 2015-2020<\/h2><span class=\"hide\"><\/span><div id=\"rakennus-ja-purkujate-kokonaismaara\"><\/div><\/div>\n<div class=\"graph-container\"><h2 class=\"text\">Rakennus- ja purkuj\u00e4tteen kokonaism\u00e4\u00e4r\u00e4 <\/h2><span class=\"hide\"><\/span><div id=\"rakennusjatemaara\"><\/div><\/div>\n<p>Raportoidun j\u00e4tteen m\u00e4\u00e4r\u00e4 on laskenut merkitt\u00e4v\u00e4sti vuodesta 2019, koska vuonna 2019 oli muutama isompi purkuhanke, joista syntyi runsaasti j\u00e4tett\u00e4.<br \/>\n<div class=\"graph-container\"><h2 class=\"text\">Rakennus- ja purkuj\u00e4tteen j\u00e4tejakeet vuonna 2020 (kokonaisj\u00e4tem\u00e4\u00e4r\u00e4 12 830 t\/a) <\/h2><span class=\"hide\"><\/span><div id=\"rakennus-ja-purkujate\"><\/div><\/div>\n<h2>Pilaantuneet maa-alueet<\/h2>\n<p>Ymp\u00e4rist\u00f6riskien tunnistaminen, niiden torjunta ja ymp\u00e4rist\u00f6vahinkojen korjaaminen ovat merkitt\u00e4vi\u00e4 kustannusten aiheuttajia. Senaatin PIMA-toiminnan tavoitteena on est\u00e4\u00e4 ymp\u00e4rist\u00f6vahinkojen syntyminen kustannustehokkaasti oikeilla ja oikein mitoitetuilla toimenpiteill\u00e4. Puhdistuksilla maan arvoa voidaan jossain tapauksissa my\u00f6s lis\u00e4t\u00e4.<\/p>\n<p>Pilaantuneiden maiden selvityksiin, tutkimuksiin ja kunnostustoimenpiteisiin k\u00e4ytettiin vuonna 2020 noin 3,2 miljoonaa euroa. Toimenpiteit\u00e4 tehtiin 77 eri kohteessa.<\/p>\n<p>Senaatti on aiempina vuosina kartoittanut kattavasti kohteet, joissa on ep\u00e4ilty riski maaper\u00e4n pilaantumisesta tai pilaantuma on todettu. Pilaantuneiden maiden riskirekisteri on p\u00e4ivitetty ja sit\u00e4 on t\u00e4ydennetty kartoittamalla Senaatin vuokralaisten ymp\u00e4rist\u00f6lupia ja lis\u00e4\u00e4m\u00e4ll\u00e4 ne osaksi rekisteri\u00e4. Tavoitteena p\u00e4ivitysty\u00f6ss\u00e4 oli parantaa maanomistajan ymp\u00e4rist\u00f6- ja kustannusriskien hallintaa. Tietoja voidaan hy\u00f6dynt\u00e4\u00e4 jatkossa kohteiden jatkotoimenpiteit\u00e4 suunniteltaessa.<\/p>\n<h2>Kokonaisvaltaista vastuuta pilaantuneista maa-alueista<\/h2>\n<p>Senaatin on oltava selvill\u00e4 hallinnassaan olevien alueiden tilasta, alueilla harjoitetusta toiminnasta ja toiminnan aiheuttamista riskeist\u00e4 maaper\u00e4lle ja pohjavedelle. Kun maa-alueita myyd\u00e4\u00e4n tai vuokrataan, varmistamme, ett\u00e4 maaper\u00e4n tilaa koskevat merkinn\u00e4t tehd\u00e4\u00e4n aluetta koskeviin kauppakirjoihin ja vuokrasopimuksiin.<\/p>\n<p>Senaatti yll\u00e4pit\u00e4\u00e4 rekisteri\u00e4 pilaantuneille maille teht\u00e4vist\u00e4 toimista, jonka avulla hallinnoidaan maa-alueiden tunnistukseen, kartoitukseen ja puhdistukseen liittyvi\u00e4 dokumentteja. Rekisteri pit\u00e4\u00e4 sis\u00e4ll\u00e4\u00e4n my\u00f6s tiedot Senaatin kohteisiin my\u00f6nnetyist\u00e4 ymp\u00e4rist\u00f6luvista ja niit\u00e4 koskevista velvoitteista.<\/p>\n<p>Senaatilla on k\u00e4yt\u00f6ss\u00e4 my\u00f6s kustannusarviointity\u00f6kalu kohteille, joissa ei ole syyt\u00e4 ep\u00e4ill\u00e4 ymp\u00e4rist\u00f6teknist\u00e4 riski\u00e4, mutta joissa riski\u00e4 voidaan kuitenkin pit\u00e4\u00e4 mahdollisena. Ty\u00f6kalu auttaa kustannusriskien hallinnassa matemaattisia mallinnuksia hy\u00f6dynt\u00e4en.<\/p>\n<h2>Haitta-aineet rakennuksissa<\/h2>\n<p>Rakennuksissa saattaa esiinty\u00e4 rakennusmateriaaleja, aineita tai kasvustoja, jotka ovat haitallisia rakennusten k\u00e4ytt\u00e4jille, niit\u00e4 hoitaville tai korjaaville ihmisille. N\u00e4it\u00e4 on joutunut rakennuksiin aikaisemmissa rakennusvaiheissa tai rakennusten k\u00e4yt\u00f6n aikana. Jotta haittariskit poistetaan tai minimoidaan, haitta-aineet tutkitaan ja ne poistetaan rakennuksista erillistoimenpitein\u00e4 tai rakennushankkeiden osana.<\/p>\n<p>Senaatti on kartoittamassa kohteet, joissa on ep\u00e4ilty riski haitta-aineiden olemassa olosta tai niiden esiintyminen on todettu. T\u00e4st\u00e4 tiedosta muodostuu yll\u00e4pidett\u00e4v\u00e4 haitta-ainerekisteri.<\/p>\n<p>Rakennusten haitta-aineiden selvityksiin, tutkimuksiin ja kunnostustoimenpiteisiin k\u00e4ytettiin vuonna 2020 noin 0,4 miljoonaa euroa. Toimenpiteit\u00e4 tehtiin 30 eri kohteessa.<\/p>\n","protected":false},"excerpt":{"rendered":"<p>Senaatin kiertotalouden painopistealueet yll\u00e4pitokohteissa ovat j\u00e4tteiden v\u00e4hent\u00e4minen ja hy\u00f6dynt\u00e4misaste sek\u00e4 rakennus- ja purkukohteissa materiaalien hy\u00f6tyk\u00e4ytt\u00f6. J\u00e4tteiden m\u00e4\u00e4r\u00e4 Senaatin yll\u00e4pit\u00e4miss\u00e4 kohteissa v\u00e4heni Senaatti-kiinteist\u00f6jen yll\u00e4pit\u00e4miss\u00e4 kohteissa j\u00e4tett\u00e4 syntyi vuonna 2020 noin 3,6 kg huoneistoneli\u00f6t\u00e4 kohden (vuonna 2019 noin 3,95 kg). Yhteens\u00e4 j\u00e4tett\u00e4 syntyi 8 315 tonnia, joka on noin 9 % edellisvuotta v\u00e4hemm\u00e4n (9 112 t vuonna [&hellip;]<\/p>\n","protected":false},"author":11,"featured_media":0,"parent":81,"menu_order":3,"comment_status":"closed","ping_status":"closed","template":"","meta":{"_acf_changed":false,"footnotes":""},"class_list":["post-89","page","type-page","status-publish","hentry","senaatti_tsdg-vastuullista-kuluttamista","senaatti_tsdg-maanpaallinen-elama"],"acf":[],"yoast_head":"<!-- This site is optimized with the Yoast SEO plugin v23.9 - https:\/\/yoast.com\/wordpress\/plugins\/seo\/ -->\n<title>J\u00e4tteet ja pilaantuneet maa-alueet - Senaatti 2020 - yhteiskuntavastuuraportti<\/title>\n<meta name=\"description\" content=\"Senaatin kiertotalouden painopistealueet yll\u00e4pitokohteissa ovat j\u00e4tteiden v\u00e4hent\u00e4minen ja hy\u00f6dynt\u00e4misaste sek\u00e4 rakennus- ja purkukohteissa materiaalien\" \/>\n<meta name=\"robots\" content=\"index, follow, max-snippet:-1, max-image-preview:large, max-video-preview:-1\" \/>\n<link rel=\"canonical\" href=\"https:\/\/www.senaatti.fi\/yhteiskuntavastuuraportti2020\/vastuullisuus-senaatissa\/ymparisto\/jatteet-ja-pilaantuneet-maa-alueet\/\" \/>\n<meta property=\"og:locale\" content=\"en_US\" \/>\n<meta property=\"og:type\" content=\"article\" \/>\n<meta property=\"og:title\" content=\"J\u00e4tteet ja pilaantuneet maa-alueet - Senaatti 2020 - yhteiskuntavastuuraportti\" \/>\n<meta property=\"og:description\" content=\"Senaatin kiertotalouden painopistealueet yll\u00e4pitokohteissa ovat j\u00e4tteiden v\u00e4hent\u00e4minen ja hy\u00f6dynt\u00e4misaste sek\u00e4 rakennus- ja purkukohteissa materiaalien\" \/>\n<meta property=\"og:url\" content=\"https:\/\/www.senaatti.fi\/yhteiskuntavastuuraportti2020\/vastuullisuus-senaatissa\/ymparisto\/jatteet-ja-pilaantuneet-maa-alueet\/\" \/>\n<meta property=\"og:site_name\" content=\"Senaatti 2020 - yhteiskuntavastuuraportti\" \/>\n<meta property=\"article:modified_time\" content=\"2021-03-31T14:14:11+00:00\" \/>\n<meta property=\"og:image\" content=\"https:\/\/www.senaatti.fi\/app_ykv_archive\/uploads\/sites\/10\/2021\/03\/Jatteet.jpg\" \/>\n<meta name=\"twitter:card\" content=\"summary_large_image\" \/>\n<meta name=\"twitter:label1\" content=\"Est. reading time\" \/>\n\t<meta name=\"twitter:data1\" content=\"4 minutes\" \/>\n<script type=\"application\/ld+json\" class=\"yoast-schema-graph\">{\"@context\":\"https:\/\/schema.org\",\"@graph\":[{\"@type\":\"WebPage\",\"@id\":\"https:\/\/www.senaatti.fi\/yhteiskuntavastuuraportti2020\/vastuullisuus-senaatissa\/ymparisto\/jatteet-ja-pilaantuneet-maa-alueet\/\",\"url\":\"https:\/\/www.senaatti.fi\/yhteiskuntavastuuraportti2020\/vastuullisuus-senaatissa\/ymparisto\/jatteet-ja-pilaantuneet-maa-alueet\/\",\"name\":\"J\u00e4tteet ja pilaantuneet maa-alueet - Senaatti 2020 - yhteiskuntavastuuraportti\",\"isPartOf\":{\"@id\":\"https:\/\/www.senaatti.fi\/yhteiskuntavastuuraportti2020\/#website\"},\"primaryImageOfPage\":{\"@id\":\"https:\/\/www.senaatti.fi\/yhteiskuntavastuuraportti2020\/vastuullisuus-senaatissa\/ymparisto\/jatteet-ja-pilaantuneet-maa-alueet\/#primaryimage\"},\"image\":{\"@id\":\"https:\/\/www.senaatti.fi\/yhteiskuntavastuuraportti2020\/vastuullisuus-senaatissa\/ymparisto\/jatteet-ja-pilaantuneet-maa-alueet\/#primaryimage\"},\"thumbnailUrl\":\"https:\/\/www.senaatti.fi\/app_ykv_archive\/uploads\/sites\/10\/2021\/03\/Jatteet.jpg\",\"datePublished\":\"2018-01-29T11:09:22+00:00\",\"dateModified\":\"2021-03-31T14:14:11+00:00\",\"description\":\"Senaatin kiertotalouden painopistealueet yll\u00e4pitokohteissa ovat j\u00e4tteiden v\u00e4hent\u00e4minen ja hy\u00f6dynt\u00e4misaste sek\u00e4 rakennus- ja purkukohteissa materiaalien\",\"breadcrumb\":{\"@id\":\"https:\/\/www.senaatti.fi\/yhteiskuntavastuuraportti2020\/vastuullisuus-senaatissa\/ymparisto\/jatteet-ja-pilaantuneet-maa-alueet\/#breadcrumb\"},\"inLanguage\":\"en-US\",\"potentialAction\":[{\"@type\":\"ReadAction\",\"target\":[\"https:\/\/www.senaatti.fi\/yhteiskuntavastuuraportti2020\/vastuullisuus-senaatissa\/ymparisto\/jatteet-ja-pilaantuneet-maa-alueet\/\"]}]},{\"@type\":\"ImageObject\",\"inLanguage\":\"en-US\",\"@id\":\"https:\/\/www.senaatti.fi\/yhteiskuntavastuuraportti2020\/vastuullisuus-senaatissa\/ymparisto\/jatteet-ja-pilaantuneet-maa-alueet\/#primaryimage\",\"url\":\"https:\/\/www.senaatti.fi\/app_ykv_archive\/uploads\/sites\/10\/2021\/03\/Jatteet.jpg\",\"contentUrl\":\"https:\/\/www.senaatti.fi\/app_ykv_archive\/uploads\/sites\/10\/2021\/03\/Jatteet.jpg\"},{\"@type\":\"BreadcrumbList\",\"@id\":\"https:\/\/www.senaatti.fi\/yhteiskuntavastuuraportti2020\/vastuullisuus-senaatissa\/ymparisto\/jatteet-ja-pilaantuneet-maa-alueet\/#breadcrumb\",\"itemListElement\":[{\"@type\":\"ListItem\",\"position\":1,\"name\":\"Home\",\"item\":\"https:\/\/www.senaatti.fi\/yhteiskuntavastuuraportti2020\/\"},{\"@type\":\"ListItem\",\"position\":2,\"name\":\"Vastuullisuus Senaatissa\",\"item\":\"https:\/\/www.senaatti.fi\/yhteiskuntavastuuraportti2020\/vastuullisuus-senaatissa\/\"},{\"@type\":\"ListItem\",\"position\":3,\"name\":\"Ymp\u00e4rist\u00f6\",\"item\":\"https:\/\/www.senaatti.fi\/yhteiskuntavastuuraportti2020\/vastuullisuus-senaatissa\/ymparisto\/\"},{\"@type\":\"ListItem\",\"position\":4,\"name\":\"J\u00e4tteet ja pilaantuneet maa-alueet\"}]},{\"@type\":\"WebSite\",\"@id\":\"https:\/\/www.senaatti.fi\/yhteiskuntavastuuraportti2020\/#website\",\"url\":\"https:\/\/www.senaatti.fi\/yhteiskuntavastuuraportti2020\/\",\"name\":\"Senaatti 2020 - yhteiskuntavastuuraportti\",\"description\":\"\",\"potentialAction\":[{\"@type\":\"SearchAction\",\"target\":{\"@type\":\"EntryPoint\",\"urlTemplate\":\"https:\/\/www.senaatti.fi\/yhteiskuntavastuuraportti2020\/?s={search_term_string}\"},\"query-input\":{\"@type\":\"PropertyValueSpecification\",\"valueRequired\":true,\"valueName\":\"search_term_string\"}}],\"inLanguage\":\"en-US\"}]}<\/script>\n<!-- \/ Yoast SEO plugin. -->","yoast_head_json":{"title":"J\u00e4tteet ja pilaantuneet maa-alueet - Senaatti 2020 - yhteiskuntavastuuraportti","description":"Senaatin kiertotalouden painopistealueet yll\u00e4pitokohteissa ovat j\u00e4tteiden v\u00e4hent\u00e4minen ja hy\u00f6dynt\u00e4misaste sek\u00e4 rakennus- ja purkukohteissa materiaalien","robots":{"index":"index","follow":"follow","max-snippet":"max-snippet:-1","max-image-preview":"max-image-preview:large","max-video-preview":"max-video-preview:-1"},"canonical":"https:\/\/www.senaatti.fi\/yhteiskuntavastuuraportti2020\/vastuullisuus-senaatissa\/ymparisto\/jatteet-ja-pilaantuneet-maa-alueet\/","og_locale":"en_US","og_type":"article","og_title":"J\u00e4tteet ja pilaantuneet maa-alueet - Senaatti 2020 - yhteiskuntavastuuraportti","og_description":"Senaatin kiertotalouden painopistealueet yll\u00e4pitokohteissa ovat j\u00e4tteiden v\u00e4hent\u00e4minen ja hy\u00f6dynt\u00e4misaste sek\u00e4 rakennus- ja purkukohteissa materiaalien","og_url":"https:\/\/www.senaatti.fi\/yhteiskuntavastuuraportti2020\/vastuullisuus-senaatissa\/ymparisto\/jatteet-ja-pilaantuneet-maa-alueet\/","og_site_name":"Senaatti 2020 - yhteiskuntavastuuraportti","article_modified_time":"2021-03-31T14:14:11+00:00","og_image":[{"url":"https:\/\/www.senaatti.fi\/app_ykv_archive\/uploads\/sites\/10\/2021\/03\/Jatteet.jpg"}],"twitter_card":"summary_large_image","twitter_misc":{"Est. reading time":"4 minutes"},"schema":{"@context":"https:\/\/schema.org","@graph":[{"@type":"WebPage","@id":"https:\/\/www.senaatti.fi\/yhteiskuntavastuuraportti2020\/vastuullisuus-senaatissa\/ymparisto\/jatteet-ja-pilaantuneet-maa-alueet\/","url":"https:\/\/www.senaatti.fi\/yhteiskuntavastuuraportti2020\/vastuullisuus-senaatissa\/ymparisto\/jatteet-ja-pilaantuneet-maa-alueet\/","name":"J\u00e4tteet ja pilaantuneet maa-alueet - Senaatti 2020 - yhteiskuntavastuuraportti","isPartOf":{"@id":"https:\/\/www.senaatti.fi\/yhteiskuntavastuuraportti2020\/#website"},"primaryImageOfPage":{"@id":"https:\/\/www.senaatti.fi\/yhteiskuntavastuuraportti2020\/vastuullisuus-senaatissa\/ymparisto\/jatteet-ja-pilaantuneet-maa-alueet\/#primaryimage"},"image":{"@id":"https:\/\/www.senaatti.fi\/yhteiskuntavastuuraportti2020\/vastuullisuus-senaatissa\/ymparisto\/jatteet-ja-pilaantuneet-maa-alueet\/#primaryimage"},"thumbnailUrl":"https:\/\/www.senaatti.fi\/app_ykv_archive\/uploads\/sites\/10\/2021\/03\/Jatteet.jpg","datePublished":"2018-01-29T11:09:22+00:00","dateModified":"2021-03-31T14:14:11+00:00","description":"Senaatin kiertotalouden painopistealueet yll\u00e4pitokohteissa ovat j\u00e4tteiden v\u00e4hent\u00e4minen ja hy\u00f6dynt\u00e4misaste sek\u00e4 rakennus- ja purkukohteissa materiaalien","breadcrumb":{"@id":"https:\/\/www.senaatti.fi\/yhteiskuntavastuuraportti2020\/vastuullisuus-senaatissa\/ymparisto\/jatteet-ja-pilaantuneet-maa-alueet\/#breadcrumb"},"inLanguage":"en-US","potentialAction":[{"@type":"ReadAction","target":["https:\/\/www.senaatti.fi\/yhteiskuntavastuuraportti2020\/vastuullisuus-senaatissa\/ymparisto\/jatteet-ja-pilaantuneet-maa-alueet\/"]}]},{"@type":"ImageObject","inLanguage":"en-US","@id":"https:\/\/www.senaatti.fi\/yhteiskuntavastuuraportti2020\/vastuullisuus-senaatissa\/ymparisto\/jatteet-ja-pilaantuneet-maa-alueet\/#primaryimage","url":"https:\/\/www.senaatti.fi\/app_ykv_archive\/uploads\/sites\/10\/2021\/03\/Jatteet.jpg","contentUrl":"https:\/\/www.senaatti.fi\/app_ykv_archive\/uploads\/sites\/10\/2021\/03\/Jatteet.jpg"},{"@type":"BreadcrumbList","@id":"https:\/\/www.senaatti.fi\/yhteiskuntavastuuraportti2020\/vastuullisuus-senaatissa\/ymparisto\/jatteet-ja-pilaantuneet-maa-alueet\/#breadcrumb","itemListElement":[{"@type":"ListItem","position":1,"name":"Home","item":"https:\/\/www.senaatti.fi\/yhteiskuntavastuuraportti2020\/"},{"@type":"ListItem","position":2,"name":"Vastuullisuus Senaatissa","item":"https:\/\/www.senaatti.fi\/yhteiskuntavastuuraportti2020\/vastuullisuus-senaatissa\/"},{"@type":"ListItem","position":3,"name":"Ymp\u00e4rist\u00f6","item":"https:\/\/www.senaatti.fi\/yhteiskuntavastuuraportti2020\/vastuullisuus-senaatissa\/ymparisto\/"},{"@type":"ListItem","position":4,"name":"J\u00e4tteet ja pilaantuneet maa-alueet"}]},{"@type":"WebSite","@id":"https:\/\/www.senaatti.fi\/yhteiskuntavastuuraportti2020\/#website","url":"https:\/\/www.senaatti.fi\/yhteiskuntavastuuraportti2020\/","name":"Senaatti 2020 - yhteiskuntavastuuraportti","description":"","potentialAction":[{"@type":"SearchAction","target":{"@type":"EntryPoint","urlTemplate":"https:\/\/www.senaatti.fi\/yhteiskuntavastuuraportti2020\/?s={search_term_string}"},"query-input":{"@type":"PropertyValueSpecification","valueRequired":true,"valueName":"search_term_string"}}],"inLanguage":"en-US"}]}},"_links":{"self":[{"href":"https:\/\/www.senaatti.fi\/yhteiskuntavastuuraportti2020\/wp-json\/wp\/v2\/pages\/89","targetHints":{"allow":["GET"]}}],"collection":[{"href":"https:\/\/www.senaatti.fi\/yhteiskuntavastuuraportti2020\/wp-json\/wp\/v2\/pages"}],"about":[{"href":"https:\/\/www.senaatti.fi\/yhteiskuntavastuuraportti2020\/wp-json\/wp\/v2\/types\/page"}],"author":[{"embeddable":true,"href":"https:\/\/www.senaatti.fi\/yhteiskuntavastuuraportti2020\/wp-json\/wp\/v2\/users\/11"}],"replies":[{"embeddable":true,"href":"https:\/\/www.senaatti.fi\/yhteiskuntavastuuraportti2020\/wp-json\/wp\/v2\/comments?post=89"}],"version-history":[{"count":15,"href":"https:\/\/www.senaatti.fi\/yhteiskuntavastuuraportti2020\/wp-json\/wp\/v2\/pages\/89\/revisions"}],"predecessor-version":[{"id":4309,"href":"https:\/\/www.senaatti.fi\/yhteiskuntavastuuraportti2020\/wp-json\/wp\/v2\/pages\/89\/revisions\/4309"}],"up":[{"embeddable":true,"href":"https:\/\/www.senaatti.fi\/yhteiskuntavastuuraportti2020\/wp-json\/wp\/v2\/pages\/81"}],"wp:attachment":[{"href":"https:\/\/www.senaatti.fi\/yhteiskuntavastuuraportti2020\/wp-json\/wp\/v2\/media?parent=89"}],"curies":[{"name":"wp","href":"https:\/\/api.w.org\/{rel}","templated":true}]}}