{"id":81,"date":"2018-01-29T11:08:32","date_gmt":"2018-01-29T11:08:32","guid":{"rendered":"https:\/\/www.senaatti.fi\/yhteiskuntavastuuraportti2020\/?page_id=81"},"modified":"2021-03-31T14:07:59","modified_gmt":"2021-03-31T14:07:59","slug":"ymparisto","status":"publish","type":"page","link":"https:\/\/www.senaatti.fi\/yhteiskuntavastuuraportti2020\/vastuullisuus-senaatissa\/ymparisto\/","title":{"rendered":"Ymp\u00e4rist\u00f6"},"content":{"rendered":"<p><img loading=\"lazy\" decoding=\"async\" src=\"https:\/\/www.senaatti.fi\/app_ykv_archive\/uploads\/sites\/10\/2019\/03\/Isosaari_merimaisema.jpg\" alt=\"Isosaari\" width=\"2200\" height=\"1100\" class=\"alignnone wp-image-1718 size-full\" srcset=\"https:\/\/www.senaatti.fi\/app_ykv_archive\/uploads\/sites\/10\/2019\/03\/Isosaari_merimaisema.jpg 2200w, https:\/\/www.senaatti.fi\/app_ykv_archive\/uploads\/sites\/10\/2019\/03\/Isosaari_merimaisema-300x150.jpg 300w, https:\/\/www.senaatti.fi\/app_ykv_archive\/uploads\/sites\/10\/2019\/03\/Isosaari_merimaisema-768x384.jpg 768w, https:\/\/www.senaatti.fi\/app_ykv_archive\/uploads\/sites\/10\/2019\/03\/Isosaari_merimaisema-1024x512.jpg 1024w, https:\/\/www.senaatti.fi\/app_ykv_archive\/uploads\/sites\/10\/2019\/03\/Isosaari_merimaisema-1600x800.jpg 1600w\" sizes=\"auto, (max-width: 2200px) 100vw, 2200px\" \/>Osana m\u00e4\u00e4r\u00e4tietoista ja aktiivista ymp\u00e4rist\u00f6- ja yhteiskuntavastuuty\u00f6t\u00e4\u00e4n, Senaatti on sitoutunut toimiin ilmastonmuutoksen hillitsemiseksi ja asettanut toiminnalleen pitk\u00e4n aikav\u00e4lin hiilineutraalisuustavoitteen.<\/p>\n<blockquote><p>Tavoitteenamme on hiilineutraalisuus valtion k\u00e4yt\u00f6ss\u00e4 olevissa kiinteist\u00f6iss\u00e4 vuodesta 2035 alkaen.<\/p><\/blockquote>\n<p>Senaatti k\u00e4ynnisti vuonna 2020 hiilineutraalisuusohjelman. Ohjelman l\u00e4ht\u00f6kohdaksi kartoitettiin Senaatin hallinnoimien rakennusten kokonaisp\u00e4\u00e4st\u00f6t, kuvattiin p\u00e4\u00e4st\u00f6laskennan periaatteita ja laadittiin alustava hiilineutraalisuuden tiekartta ja perustettiin ensimm\u00e4isen vaiheen hiilineutraalisuusprojektit, joista osa k\u00e4ynnistettiin saman tien. Julkaisemme vuonna 2021 hiilineutraalisuussuunnitelman ja kytkemme ohjelmaan mukaan Puolustuskiinteist\u00f6t-liikelaitoksen.<\/p>\n<p>Senaatin toimilla on merkitt\u00e4v\u00e4 vaikutus sek\u00e4 Suomen valtion hiilikuorman pienent\u00e4misess\u00e4 ett\u00e4 esimerkillisten kiinteist\u00f6- ja rakennusalan ymp\u00e4rist\u00f6ratkaisujen edist\u00e4misess\u00e4 my\u00f6s muiden kiinteist\u00f6toimijoiden ja palveluntuottajien k\u00e4yt\u00e4nt\u00f6ihin.<\/p>\n<p>Ilmastonmuutoksen hillinn\u00e4n ja hiilineutraalisuuteen pyrkimisen lis\u00e4ksi Senaatti on tunnistanut olennaisiksi ymp\u00e4rist\u00f6n\u00e4k\u00f6kohdiksi ja ymp\u00e4rist\u00f6ty\u00f6n painopistealueiksi elinkaariajattelun kiinteist\u00f6jen yll\u00e4pidossa ja rakentamisessa, tilojen tehokkaan ja optimaalisen k\u00e4yt\u00f6n, kest\u00e4v\u00e4n kehityksen huomioimisen kattavasti hankinnoissa, sek\u00e4 kiertotalouden edist\u00e4misen ja j\u00e4tteiden lajittelun virastotaloissa ja toimipaikoissa.<\/p>\n<p>N\u00e4iden painopistealueiden lis\u00e4ksi jatkamme pitk\u00e4j\u00e4nteist\u00e4 ja esimerkillist\u00e4 ty\u00f6t\u00e4 muun muassa luonnon monimuotoisuuden ja rakennetun kulttuuriymp\u00e4rist\u00f6n turvaamiseksi, pilaantuneiden maa-alueiden kunnostamiseksi ja kest\u00e4vien rakennusmateriaalien k\u00e4yt\u00f6n edist\u00e4miseksi.<\/p>\n","protected":false},"excerpt":{"rendered":"<p>Osana m\u00e4\u00e4r\u00e4tietoista ja aktiivista ymp\u00e4rist\u00f6- ja yhteiskuntavastuuty\u00f6t\u00e4\u00e4n, Senaatti on sitoutunut toimiin ilmastonmuutoksen hillitsemiseksi ja asettanut toiminnalleen pitk\u00e4n aikav\u00e4lin hiilineutraalisuustavoitteen. Tavoitteenamme on hiilineutraalisuus valtion k\u00e4yt\u00f6ss\u00e4 olevissa kiinteist\u00f6iss\u00e4 vuodesta 2035 alkaen. Senaatti k\u00e4ynnisti vuonna 2020 hiilineutraalisuusohjelman. Ohjelman l\u00e4ht\u00f6kohdaksi kartoitettiin Senaatin hallinnoimien rakennusten kokonaisp\u00e4\u00e4st\u00f6t, kuvattiin p\u00e4\u00e4st\u00f6laskennan periaatteita ja laadittiin alustava hiilineutraalisuuden tiekartta ja perustettiin ensimm\u00e4isen vaiheen hiilineutraalisuusprojektit, joista [&hellip;]<\/p>\n","protected":false},"author":11,"featured_media":0,"parent":63,"menu_order":3,"comment_status":"closed","ping_status":"closed","template":"","meta":{"_acf_changed":false,"footnotes":""},"class_list":["post-81","page","type-page","status-publish","hentry"],"acf":[],"yoast_head":"<!-- This site is optimized with the Yoast SEO plugin v23.9 - https:\/\/yoast.com\/wordpress\/plugins\/seo\/ -->\n<title>Ymp\u00e4rist\u00f6 - Senaatti 2020 - yhteiskuntavastuuraportti<\/title>\n<meta name=\"description\" content=\"Osana m\u00e4\u00e4r\u00e4tietoista ja aktiivista ymp\u00e4rist\u00f6- ja yhteiskuntavastuuty\u00f6t\u00e4\u00e4n, Senaatti on sitoutunut toimiin ilmastonmuutoksen hillitsemiseksi ja asettanut\" \/>\n<meta name=\"robots\" content=\"index, follow, max-snippet:-1, max-image-preview:large, max-video-preview:-1\" \/>\n<link rel=\"canonical\" href=\"https:\/\/www.senaatti.fi\/yhteiskuntavastuuraportti2020\/vastuullisuus-senaatissa\/ymparisto\/\" \/>\n<meta property=\"og:locale\" content=\"en_US\" \/>\n<meta property=\"og:type\" content=\"article\" \/>\n<meta property=\"og:title\" content=\"Ymp\u00e4rist\u00f6 - Senaatti 2020 - yhteiskuntavastuuraportti\" \/>\n<meta property=\"og:description\" content=\"Osana m\u00e4\u00e4r\u00e4tietoista ja aktiivista ymp\u00e4rist\u00f6- ja yhteiskuntavastuuty\u00f6t\u00e4\u00e4n, Senaatti on sitoutunut toimiin ilmastonmuutoksen hillitsemiseksi ja asettanut\" \/>\n<meta property=\"og:url\" content=\"https:\/\/www.senaatti.fi\/yhteiskuntavastuuraportti2020\/vastuullisuus-senaatissa\/ymparisto\/\" \/>\n<meta property=\"og:site_name\" content=\"Senaatti 2020 - yhteiskuntavastuuraportti\" \/>\n<meta property=\"article:modified_time\" content=\"2021-03-31T14:07:59+00:00\" \/>\n<meta property=\"og:image\" content=\"https:\/\/www.senaatti.fi\/app_ykv_archive\/uploads\/sites\/10\/2019\/03\/Isosaari_merimaisema.jpg\" \/>\n<meta name=\"twitter:card\" content=\"summary_large_image\" \/>\n<meta name=\"twitter:label1\" content=\"Est. reading time\" \/>\n\t<meta name=\"twitter:data1\" content=\"1 minute\" \/>\n<script type=\"application\/ld+json\" class=\"yoast-schema-graph\">{\"@context\":\"https:\/\/schema.org\",\"@graph\":[{\"@type\":\"WebPage\",\"@id\":\"https:\/\/www.senaatti.fi\/yhteiskuntavastuuraportti2020\/vastuullisuus-senaatissa\/ymparisto\/\",\"url\":\"https:\/\/www.senaatti.fi\/yhteiskuntavastuuraportti2020\/vastuullisuus-senaatissa\/ymparisto\/\",\"name\":\"Ymp\u00e4rist\u00f6 - Senaatti 2020 - yhteiskuntavastuuraportti\",\"isPartOf\":{\"@id\":\"https:\/\/www.senaatti.fi\/yhteiskuntavastuuraportti2020\/#website\"},\"primaryImageOfPage\":{\"@id\":\"https:\/\/www.senaatti.fi\/yhteiskuntavastuuraportti2020\/vastuullisuus-senaatissa\/ymparisto\/#primaryimage\"},\"image\":{\"@id\":\"https:\/\/www.senaatti.fi\/yhteiskuntavastuuraportti2020\/vastuullisuus-senaatissa\/ymparisto\/#primaryimage\"},\"thumbnailUrl\":\"https:\/\/www.senaatti.fi\/app_ykv_archive\/uploads\/sites\/10\/2019\/03\/Isosaari_merimaisema.jpg\",\"datePublished\":\"2018-01-29T11:08:32+00:00\",\"dateModified\":\"2021-03-31T14:07:59+00:00\",\"description\":\"Osana m\u00e4\u00e4r\u00e4tietoista ja aktiivista ymp\u00e4rist\u00f6- ja yhteiskuntavastuuty\u00f6t\u00e4\u00e4n, Senaatti on sitoutunut toimiin ilmastonmuutoksen hillitsemiseksi ja asettanut\",\"breadcrumb\":{\"@id\":\"https:\/\/www.senaatti.fi\/yhteiskuntavastuuraportti2020\/vastuullisuus-senaatissa\/ymparisto\/#breadcrumb\"},\"inLanguage\":\"en-US\",\"potentialAction\":[{\"@type\":\"ReadAction\",\"target\":[\"https:\/\/www.senaatti.fi\/yhteiskuntavastuuraportti2020\/vastuullisuus-senaatissa\/ymparisto\/\"]}]},{\"@type\":\"ImageObject\",\"inLanguage\":\"en-US\",\"@id\":\"https:\/\/www.senaatti.fi\/yhteiskuntavastuuraportti2020\/vastuullisuus-senaatissa\/ymparisto\/#primaryimage\",\"url\":\"https:\/\/www.senaatti.fi\/app_ykv_archive\/uploads\/sites\/10\/2019\/03\/Isosaari_merimaisema.jpg\",\"contentUrl\":\"https:\/\/www.senaatti.fi\/app_ykv_archive\/uploads\/sites\/10\/2019\/03\/Isosaari_merimaisema.jpg\"},{\"@type\":\"BreadcrumbList\",\"@id\":\"https:\/\/www.senaatti.fi\/yhteiskuntavastuuraportti2020\/vastuullisuus-senaatissa\/ymparisto\/#breadcrumb\",\"itemListElement\":[{\"@type\":\"ListItem\",\"position\":1,\"name\":\"Home\",\"item\":\"https:\/\/www.senaatti.fi\/yhteiskuntavastuuraportti2020\/\"},{\"@type\":\"ListItem\",\"position\":2,\"name\":\"Vastuullisuus Senaatissa\",\"item\":\"https:\/\/www.senaatti.fi\/yhteiskuntavastuuraportti2020\/vastuullisuus-senaatissa\/\"},{\"@type\":\"ListItem\",\"position\":3,\"name\":\"Ymp\u00e4rist\u00f6\"}]},{\"@type\":\"WebSite\",\"@id\":\"https:\/\/www.senaatti.fi\/yhteiskuntavastuuraportti2020\/#website\",\"url\":\"https:\/\/www.senaatti.fi\/yhteiskuntavastuuraportti2020\/\",\"name\":\"Senaatti 2020 - yhteiskuntavastuuraportti\",\"description\":\"\",\"potentialAction\":[{\"@type\":\"SearchAction\",\"target\":{\"@type\":\"EntryPoint\",\"urlTemplate\":\"https:\/\/www.senaatti.fi\/yhteiskuntavastuuraportti2020\/?s={search_term_string}\"},\"query-input\":{\"@type\":\"PropertyValueSpecification\",\"valueRequired\":true,\"valueName\":\"search_term_string\"}}],\"inLanguage\":\"en-US\"}]}<\/script>\n<!-- \/ Yoast SEO plugin. -->","yoast_head_json":{"title":"Ymp\u00e4rist\u00f6 - Senaatti 2020 - yhteiskuntavastuuraportti","description":"Osana m\u00e4\u00e4r\u00e4tietoista ja aktiivista ymp\u00e4rist\u00f6- ja yhteiskuntavastuuty\u00f6t\u00e4\u00e4n, Senaatti on sitoutunut toimiin ilmastonmuutoksen hillitsemiseksi ja asettanut","robots":{"index":"index","follow":"follow","max-snippet":"max-snippet:-1","max-image-preview":"max-image-preview:large","max-video-preview":"max-video-preview:-1"},"canonical":"https:\/\/www.senaatti.fi\/yhteiskuntavastuuraportti2020\/vastuullisuus-senaatissa\/ymparisto\/","og_locale":"en_US","og_type":"article","og_title":"Ymp\u00e4rist\u00f6 - Senaatti 2020 - yhteiskuntavastuuraportti","og_description":"Osana m\u00e4\u00e4r\u00e4tietoista ja aktiivista ymp\u00e4rist\u00f6- ja yhteiskuntavastuuty\u00f6t\u00e4\u00e4n, Senaatti on sitoutunut toimiin ilmastonmuutoksen hillitsemiseksi ja asettanut","og_url":"https:\/\/www.senaatti.fi\/yhteiskuntavastuuraportti2020\/vastuullisuus-senaatissa\/ymparisto\/","og_site_name":"Senaatti 2020 - yhteiskuntavastuuraportti","article_modified_time":"2021-03-31T14:07:59+00:00","og_image":[{"url":"https:\/\/www.senaatti.fi\/app_ykv_archive\/uploads\/sites\/10\/2019\/03\/Isosaari_merimaisema.jpg"}],"twitter_card":"summary_large_image","twitter_misc":{"Est. reading time":"1 minute"},"schema":{"@context":"https:\/\/schema.org","@graph":[{"@type":"WebPage","@id":"https:\/\/www.senaatti.fi\/yhteiskuntavastuuraportti2020\/vastuullisuus-senaatissa\/ymparisto\/","url":"https:\/\/www.senaatti.fi\/yhteiskuntavastuuraportti2020\/vastuullisuus-senaatissa\/ymparisto\/","name":"Ymp\u00e4rist\u00f6 - Senaatti 2020 - yhteiskuntavastuuraportti","isPartOf":{"@id":"https:\/\/www.senaatti.fi\/yhteiskuntavastuuraportti2020\/#website"},"primaryImageOfPage":{"@id":"https:\/\/www.senaatti.fi\/yhteiskuntavastuuraportti2020\/vastuullisuus-senaatissa\/ymparisto\/#primaryimage"},"image":{"@id":"https:\/\/www.senaatti.fi\/yhteiskuntavastuuraportti2020\/vastuullisuus-senaatissa\/ymparisto\/#primaryimage"},"thumbnailUrl":"https:\/\/www.senaatti.fi\/app_ykv_archive\/uploads\/sites\/10\/2019\/03\/Isosaari_merimaisema.jpg","datePublished":"2018-01-29T11:08:32+00:00","dateModified":"2021-03-31T14:07:59+00:00","description":"Osana m\u00e4\u00e4r\u00e4tietoista ja aktiivista ymp\u00e4rist\u00f6- ja yhteiskuntavastuuty\u00f6t\u00e4\u00e4n, Senaatti on sitoutunut toimiin ilmastonmuutoksen hillitsemiseksi ja asettanut","breadcrumb":{"@id":"https:\/\/www.senaatti.fi\/yhteiskuntavastuuraportti2020\/vastuullisuus-senaatissa\/ymparisto\/#breadcrumb"},"inLanguage":"en-US","potentialAction":[{"@type":"ReadAction","target":["https:\/\/www.senaatti.fi\/yhteiskuntavastuuraportti2020\/vastuullisuus-senaatissa\/ymparisto\/"]}]},{"@type":"ImageObject","inLanguage":"en-US","@id":"https:\/\/www.senaatti.fi\/yhteiskuntavastuuraportti2020\/vastuullisuus-senaatissa\/ymparisto\/#primaryimage","url":"https:\/\/www.senaatti.fi\/app_ykv_archive\/uploads\/sites\/10\/2019\/03\/Isosaari_merimaisema.jpg","contentUrl":"https:\/\/www.senaatti.fi\/app_ykv_archive\/uploads\/sites\/10\/2019\/03\/Isosaari_merimaisema.jpg"},{"@type":"BreadcrumbList","@id":"https:\/\/www.senaatti.fi\/yhteiskuntavastuuraportti2020\/vastuullisuus-senaatissa\/ymparisto\/#breadcrumb","itemListElement":[{"@type":"ListItem","position":1,"name":"Home","item":"https:\/\/www.senaatti.fi\/yhteiskuntavastuuraportti2020\/"},{"@type":"ListItem","position":2,"name":"Vastuullisuus Senaatissa","item":"https:\/\/www.senaatti.fi\/yhteiskuntavastuuraportti2020\/vastuullisuus-senaatissa\/"},{"@type":"ListItem","position":3,"name":"Ymp\u00e4rist\u00f6"}]},{"@type":"WebSite","@id":"https:\/\/www.senaatti.fi\/yhteiskuntavastuuraportti2020\/#website","url":"https:\/\/www.senaatti.fi\/yhteiskuntavastuuraportti2020\/","name":"Senaatti 2020 - yhteiskuntavastuuraportti","description":"","potentialAction":[{"@type":"SearchAction","target":{"@type":"EntryPoint","urlTemplate":"https:\/\/www.senaatti.fi\/yhteiskuntavastuuraportti2020\/?s={search_term_string}"},"query-input":{"@type":"PropertyValueSpecification","valueRequired":true,"valueName":"search_term_string"}}],"inLanguage":"en-US"}]}},"_links":{"self":[{"href":"https:\/\/www.senaatti.fi\/yhteiskuntavastuuraportti2020\/wp-json\/wp\/v2\/pages\/81","targetHints":{"allow":["GET"]}}],"collection":[{"href":"https:\/\/www.senaatti.fi\/yhteiskuntavastuuraportti2020\/wp-json\/wp\/v2\/pages"}],"about":[{"href":"https:\/\/www.senaatti.fi\/yhteiskuntavastuuraportti2020\/wp-json\/wp\/v2\/types\/page"}],"author":[{"embeddable":true,"href":"https:\/\/www.senaatti.fi\/yhteiskuntavastuuraportti2020\/wp-json\/wp\/v2\/users\/11"}],"replies":[{"embeddable":true,"href":"https:\/\/www.senaatti.fi\/yhteiskuntavastuuraportti2020\/wp-json\/wp\/v2\/comments?post=81"}],"version-history":[{"count":13,"href":"https:\/\/www.senaatti.fi\/yhteiskuntavastuuraportti2020\/wp-json\/wp\/v2\/pages\/81\/revisions"}],"predecessor-version":[{"id":4305,"href":"https:\/\/www.senaatti.fi\/yhteiskuntavastuuraportti2020\/wp-json\/wp\/v2\/pages\/81\/revisions\/4305"}],"up":[{"embeddable":true,"href":"https:\/\/www.senaatti.fi\/yhteiskuntavastuuraportti2020\/wp-json\/wp\/v2\/pages\/63"}],"wp:attachment":[{"href":"https:\/\/www.senaatti.fi\/yhteiskuntavastuuraportti2020\/wp-json\/wp\/v2\/media?parent=81"}],"curies":[{"name":"wp","href":"https:\/\/api.w.org\/{rel}","templated":true}]}}