{"id":79,"date":"2018-01-29T11:08:20","date_gmt":"2018-01-29T11:08:20","guid":{"rendered":"https:\/\/www.senaatti.fi\/yhteiskuntavastuuraportti2020\/?page_id=79"},"modified":"2021-03-23T12:31:56","modified_gmt":"2021-03-23T12:31:56","slug":"toimialan-kehittaminen-ja-yhteistyo","status":"publish","type":"page","link":"https:\/\/www.senaatti.fi\/yhteiskuntavastuuraportti2020\/senaatti\/sidosryhmat\/toimialan-kehittaminen-ja-yhteistyo\/","title":{"rendered":"Toimialan kehitt\u00e4minen ja yhteisty\u00f6"},"content":{"rendered":"<p><img loading=\"lazy\" decoding=\"async\" src=\"https:\/\/www.senaatti.fi\/app_ykv_archive\/uploads\/sites\/10\/2021\/03\/Toimialan_kehittaminen_ja_yhteistyo.jpg\" alt=\"Kaksi henkil\u00f6\u00e4 istuu vastakkaisilla tuoleilla ja keskustelee.\" width=\"1280\" height=\"643\" class=\"alignnone size-full wp-image-3878\" srcset=\"https:\/\/www.senaatti.fi\/app_ykv_archive\/uploads\/sites\/10\/2021\/03\/Toimialan_kehittaminen_ja_yhteistyo.jpg 1280w, https:\/\/www.senaatti.fi\/app_ykv_archive\/uploads\/sites\/10\/2021\/03\/Toimialan_kehittaminen_ja_yhteistyo-300x151.jpg 300w, https:\/\/www.senaatti.fi\/app_ykv_archive\/uploads\/sites\/10\/2021\/03\/Toimialan_kehittaminen_ja_yhteistyo-1024x514.jpg 1024w, https:\/\/www.senaatti.fi\/app_ykv_archive\/uploads\/sites\/10\/2021\/03\/Toimialan_kehittaminen_ja_yhteistyo-768x386.jpg 768w\" sizes=\"auto, (max-width: 1280px) 100vw, 1280px\" \/><\/p>\n<p>Senaatin tutkimus- ja kehitystoiminta painottui vuonna 2020 \u00e4lykk\u00e4iden ty\u00f6ymp\u00e4rist\u00f6jen kehitt\u00e4miseen, digitalisaatioon ja turvallisuuteen liittyviin palveluihin sek\u00e4 sis\u00e4olosuhteiden laadun varmistamiseen.<\/p>\n<p>Ohjelmistorobotiikan ja teko\u00e4lyn k\u00e4ytt\u00f6 on vakiintunut osaksi arkea, jossa p\u00e4\u00e4osassa on tiedon laadun parantaminen ja rutiiniteht\u00e4vien automatisointi.<\/p>\n<p>Vuonna 2020 jatkettiin panostuksia asiakkaan tilank\u00e4yt\u00f6n suunnittelu- ja optimointity\u00f6kalujen rakentamiseen sek\u00e4 \u00e4lykk\u00e4iden ty\u00f6tilojen tukemiseen tarkoitettujen ty\u00f6kalujen kehitt\u00e4miseen, kuten navigointi-, kalustehallinta-, tilavaraus- ja kulunhallintaj\u00e4rjestelm\u00e4t. Rakennusten yll\u00e4pitoa tukevien olosuhdemallien kehitt\u00e4mist\u00e4 jatkettiin.<\/p>\n<p>Toiminnan kehitt\u00e4miseen ilman oman henkil\u00f6st\u00f6n kuluja k\u00e4ytettiin vuonna 2020 1.0 milj. euroa (0,9), mik\u00e4 on 0,2 % (0,1) liikevaihdosta.<\/p>\n<h2>Mukana toimialan yhteisty\u00f6hankkeissa<\/h2>\n<p>Senaatin kehitystoiminta tehd\u00e4\u00e4n l\u00e4ht\u00f6kohtaisesti sis\u00e4isiss\u00e4 hankkeissa, joihin useimmiten liittyy tietoty\u00f6kalujen ja toimintatapojen kehitt\u00e4mist\u00e4. Senaatti on valikoiden osallistunut my\u00f6s kehitt\u00e4mishankkeisiin, joissa on muita osapuolia, kuten sis\u00e4ilmaongelmien ennustamisen parantamiseen t\u00e4ht\u00e4\u00e4v\u00e4 hanke yhteisty\u00f6ss\u00e4 CSC\u2013 tieteen tietotekniikan keskuksen kanssa.<\/p>\n<p>Yhteiskuntavastuun n\u00e4k\u00f6kulmasta keskeisi\u00e4 kehityskohteita olivat ymp\u00e4rist\u00f6nministeri\u00f6n Green Deal hankkeisiin osallistuminen, kuten p\u00e4\u00e4st\u00f6tt\u00f6m\u00e4t ty\u00f6maat, v\u00e4h\u00e4muovisuus ja kest\u00e4v\u00e4 purkaminen, rakennushankkeiden RTS-ymp\u00e4rist\u00f6luokitusv\u00e4lineen jalkauttaminen toimintaan, sis\u00e4olosuhdeongelmien hallinnan toimintamallit ja mittarit. Lis\u00e4ksi jatkettiin suojeltujen arvorakennusten korjausmenetelmien kehitt\u00e4mist\u00e4 ja luontoselvityksien ja hoito-ohjeiden tekemist\u00e4.<\/p>\n","protected":false},"excerpt":{"rendered":"<p>Senaatin tutkimus- ja kehitystoiminta painottui vuonna 2020 \u00e4lykk\u00e4iden ty\u00f6ymp\u00e4rist\u00f6jen kehitt\u00e4miseen, digitalisaatioon ja turvallisuuteen liittyviin palveluihin sek\u00e4 sis\u00e4olosuhteiden laadun varmistamiseen. Ohjelmistorobotiikan ja teko\u00e4lyn k\u00e4ytt\u00f6 on vakiintunut osaksi arkea, jossa p\u00e4\u00e4osassa on tiedon laadun parantaminen ja rutiiniteht\u00e4vien automatisointi. Vuonna 2020 jatkettiin panostuksia asiakkaan tilank\u00e4yt\u00f6n suunnittelu- ja optimointity\u00f6kalujen rakentamiseen sek\u00e4 \u00e4lykk\u00e4iden ty\u00f6tilojen tukemiseen tarkoitettujen ty\u00f6kalujen kehitt\u00e4miseen, kuten navigointi-, [&hellip;]<\/p>\n","protected":false},"author":11,"featured_media":0,"parent":73,"menu_order":3,"comment_status":"closed","ping_status":"closed","template":"","meta":{"_acf_changed":false,"footnotes":""},"class_list":["post-79","page","type-page","status-publish","hentry","senaatti_tsdg-kestavaa-teollisuutta-innovaatioita-ja-infrastruktuureja"],"acf":[],"yoast_head":"<!-- This site is optimized with the Yoast SEO plugin v23.9 - https:\/\/yoast.com\/wordpress\/plugins\/seo\/ -->\n<title>Toimialan kehitt\u00e4minen ja yhteisty\u00f6 - Senaatti 2020 - yhteiskuntavastuuraportti<\/title>\n<meta name=\"description\" content=\"Senaatin tutkimus- ja kehitystoiminta painottui vuonna 2020 \u00e4lykk\u00e4iden ty\u00f6ymp\u00e4rist\u00f6jen kehitt\u00e4miseen, digitalisaatioon ja turvallisuuteen liittyviin\" \/>\n<meta name=\"robots\" content=\"index, follow, max-snippet:-1, max-image-preview:large, max-video-preview:-1\" \/>\n<link rel=\"canonical\" href=\"https:\/\/www.senaatti.fi\/yhteiskuntavastuuraportti2020\/senaatti\/sidosryhmat\/toimialan-kehittaminen-ja-yhteistyo\/\" \/>\n<meta property=\"og:locale\" content=\"en_US\" \/>\n<meta property=\"og:type\" content=\"article\" \/>\n<meta property=\"og:title\" content=\"Toimialan kehitt\u00e4minen ja yhteisty\u00f6 - Senaatti 2020 - yhteiskuntavastuuraportti\" \/>\n<meta property=\"og:description\" content=\"Senaatin tutkimus- ja kehitystoiminta painottui vuonna 2020 \u00e4lykk\u00e4iden ty\u00f6ymp\u00e4rist\u00f6jen kehitt\u00e4miseen, digitalisaatioon ja turvallisuuteen liittyviin\" \/>\n<meta property=\"og:url\" content=\"https:\/\/www.senaatti.fi\/yhteiskuntavastuuraportti2020\/senaatti\/sidosryhmat\/toimialan-kehittaminen-ja-yhteistyo\/\" \/>\n<meta property=\"og:site_name\" content=\"Senaatti 2020 - yhteiskuntavastuuraportti\" \/>\n<meta property=\"article:modified_time\" content=\"2021-03-23T12:31:56+00:00\" \/>\n<meta property=\"og:image\" content=\"https:\/\/www.senaatti.fi\/app_ykv_archive\/uploads\/sites\/10\/2021\/03\/Toimialan_kehittaminen_ja_yhteistyo.jpg\" \/>\n<meta name=\"twitter:card\" content=\"summary_large_image\" \/>\n<meta name=\"twitter:label1\" content=\"Est. reading time\" \/>\n\t<meta name=\"twitter:data1\" content=\"1 minute\" \/>\n<script type=\"application\/ld+json\" class=\"yoast-schema-graph\">{\"@context\":\"https:\/\/schema.org\",\"@graph\":[{\"@type\":\"WebPage\",\"@id\":\"https:\/\/www.senaatti.fi\/yhteiskuntavastuuraportti2020\/senaatti\/sidosryhmat\/toimialan-kehittaminen-ja-yhteistyo\/\",\"url\":\"https:\/\/www.senaatti.fi\/yhteiskuntavastuuraportti2020\/senaatti\/sidosryhmat\/toimialan-kehittaminen-ja-yhteistyo\/\",\"name\":\"Toimialan kehitt\u00e4minen ja yhteisty\u00f6 - Senaatti 2020 - yhteiskuntavastuuraportti\",\"isPartOf\":{\"@id\":\"https:\/\/www.senaatti.fi\/yhteiskuntavastuuraportti2020\/#website\"},\"primaryImageOfPage\":{\"@id\":\"https:\/\/www.senaatti.fi\/yhteiskuntavastuuraportti2020\/senaatti\/sidosryhmat\/toimialan-kehittaminen-ja-yhteistyo\/#primaryimage\"},\"image\":{\"@id\":\"https:\/\/www.senaatti.fi\/yhteiskuntavastuuraportti2020\/senaatti\/sidosryhmat\/toimialan-kehittaminen-ja-yhteistyo\/#primaryimage\"},\"thumbnailUrl\":\"https:\/\/www.senaatti.fi\/app_ykv_archive\/uploads\/sites\/10\/2021\/03\/Toimialan_kehittaminen_ja_yhteistyo.jpg\",\"datePublished\":\"2018-01-29T11:08:20+00:00\",\"dateModified\":\"2021-03-23T12:31:56+00:00\",\"description\":\"Senaatin tutkimus- ja kehitystoiminta painottui vuonna 2020 \u00e4lykk\u00e4iden ty\u00f6ymp\u00e4rist\u00f6jen kehitt\u00e4miseen, digitalisaatioon ja turvallisuuteen liittyviin\",\"breadcrumb\":{\"@id\":\"https:\/\/www.senaatti.fi\/yhteiskuntavastuuraportti2020\/senaatti\/sidosryhmat\/toimialan-kehittaminen-ja-yhteistyo\/#breadcrumb\"},\"inLanguage\":\"en-US\",\"potentialAction\":[{\"@type\":\"ReadAction\",\"target\":[\"https:\/\/www.senaatti.fi\/yhteiskuntavastuuraportti2020\/senaatti\/sidosryhmat\/toimialan-kehittaminen-ja-yhteistyo\/\"]}]},{\"@type\":\"ImageObject\",\"inLanguage\":\"en-US\",\"@id\":\"https:\/\/www.senaatti.fi\/yhteiskuntavastuuraportti2020\/senaatti\/sidosryhmat\/toimialan-kehittaminen-ja-yhteistyo\/#primaryimage\",\"url\":\"https:\/\/www.senaatti.fi\/app_ykv_archive\/uploads\/sites\/10\/2021\/03\/Toimialan_kehittaminen_ja_yhteistyo.jpg\",\"contentUrl\":\"https:\/\/www.senaatti.fi\/app_ykv_archive\/uploads\/sites\/10\/2021\/03\/Toimialan_kehittaminen_ja_yhteistyo.jpg\"},{\"@type\":\"BreadcrumbList\",\"@id\":\"https:\/\/www.senaatti.fi\/yhteiskuntavastuuraportti2020\/senaatti\/sidosryhmat\/toimialan-kehittaminen-ja-yhteistyo\/#breadcrumb\",\"itemListElement\":[{\"@type\":\"ListItem\",\"position\":1,\"name\":\"Home\",\"item\":\"https:\/\/www.senaatti.fi\/yhteiskuntavastuuraportti2020\/\"},{\"@type\":\"ListItem\",\"position\":2,\"name\":\"Senaatti\",\"item\":\"https:\/\/www.senaatti.fi\/yhteiskuntavastuuraportti2020\/senaatti\/\"},{\"@type\":\"ListItem\",\"position\":3,\"name\":\"Sidosryhm\u00e4t\",\"item\":\"https:\/\/www.senaatti.fi\/yhteiskuntavastuuraportti2020\/senaatti\/sidosryhmat\/\"},{\"@type\":\"ListItem\",\"position\":4,\"name\":\"Toimialan kehitt\u00e4minen ja yhteisty\u00f6\"}]},{\"@type\":\"WebSite\",\"@id\":\"https:\/\/www.senaatti.fi\/yhteiskuntavastuuraportti2020\/#website\",\"url\":\"https:\/\/www.senaatti.fi\/yhteiskuntavastuuraportti2020\/\",\"name\":\"Senaatti 2020 - yhteiskuntavastuuraportti\",\"description\":\"\",\"potentialAction\":[{\"@type\":\"SearchAction\",\"target\":{\"@type\":\"EntryPoint\",\"urlTemplate\":\"https:\/\/www.senaatti.fi\/yhteiskuntavastuuraportti2020\/?s={search_term_string}\"},\"query-input\":{\"@type\":\"PropertyValueSpecification\",\"valueRequired\":true,\"valueName\":\"search_term_string\"}}],\"inLanguage\":\"en-US\"}]}<\/script>\n<!-- \/ Yoast SEO plugin. -->","yoast_head_json":{"title":"Toimialan kehitt\u00e4minen ja yhteisty\u00f6 - Senaatti 2020 - yhteiskuntavastuuraportti","description":"Senaatin tutkimus- ja kehitystoiminta painottui vuonna 2020 \u00e4lykk\u00e4iden ty\u00f6ymp\u00e4rist\u00f6jen kehitt\u00e4miseen, digitalisaatioon ja turvallisuuteen liittyviin","robots":{"index":"index","follow":"follow","max-snippet":"max-snippet:-1","max-image-preview":"max-image-preview:large","max-video-preview":"max-video-preview:-1"},"canonical":"https:\/\/www.senaatti.fi\/yhteiskuntavastuuraportti2020\/senaatti\/sidosryhmat\/toimialan-kehittaminen-ja-yhteistyo\/","og_locale":"en_US","og_type":"article","og_title":"Toimialan kehitt\u00e4minen ja yhteisty\u00f6 - Senaatti 2020 - yhteiskuntavastuuraportti","og_description":"Senaatin tutkimus- ja kehitystoiminta painottui vuonna 2020 \u00e4lykk\u00e4iden ty\u00f6ymp\u00e4rist\u00f6jen kehitt\u00e4miseen, digitalisaatioon ja turvallisuuteen liittyviin","og_url":"https:\/\/www.senaatti.fi\/yhteiskuntavastuuraportti2020\/senaatti\/sidosryhmat\/toimialan-kehittaminen-ja-yhteistyo\/","og_site_name":"Senaatti 2020 - yhteiskuntavastuuraportti","article_modified_time":"2021-03-23T12:31:56+00:00","og_image":[{"url":"https:\/\/www.senaatti.fi\/app_ykv_archive\/uploads\/sites\/10\/2021\/03\/Toimialan_kehittaminen_ja_yhteistyo.jpg"}],"twitter_card":"summary_large_image","twitter_misc":{"Est. reading time":"1 minute"},"schema":{"@context":"https:\/\/schema.org","@graph":[{"@type":"WebPage","@id":"https:\/\/www.senaatti.fi\/yhteiskuntavastuuraportti2020\/senaatti\/sidosryhmat\/toimialan-kehittaminen-ja-yhteistyo\/","url":"https:\/\/www.senaatti.fi\/yhteiskuntavastuuraportti2020\/senaatti\/sidosryhmat\/toimialan-kehittaminen-ja-yhteistyo\/","name":"Toimialan kehitt\u00e4minen ja yhteisty\u00f6 - Senaatti 2020 - yhteiskuntavastuuraportti","isPartOf":{"@id":"https:\/\/www.senaatti.fi\/yhteiskuntavastuuraportti2020\/#website"},"primaryImageOfPage":{"@id":"https:\/\/www.senaatti.fi\/yhteiskuntavastuuraportti2020\/senaatti\/sidosryhmat\/toimialan-kehittaminen-ja-yhteistyo\/#primaryimage"},"image":{"@id":"https:\/\/www.senaatti.fi\/yhteiskuntavastuuraportti2020\/senaatti\/sidosryhmat\/toimialan-kehittaminen-ja-yhteistyo\/#primaryimage"},"thumbnailUrl":"https:\/\/www.senaatti.fi\/app_ykv_archive\/uploads\/sites\/10\/2021\/03\/Toimialan_kehittaminen_ja_yhteistyo.jpg","datePublished":"2018-01-29T11:08:20+00:00","dateModified":"2021-03-23T12:31:56+00:00","description":"Senaatin tutkimus- ja kehitystoiminta painottui vuonna 2020 \u00e4lykk\u00e4iden ty\u00f6ymp\u00e4rist\u00f6jen kehitt\u00e4miseen, digitalisaatioon ja turvallisuuteen liittyviin","breadcrumb":{"@id":"https:\/\/www.senaatti.fi\/yhteiskuntavastuuraportti2020\/senaatti\/sidosryhmat\/toimialan-kehittaminen-ja-yhteistyo\/#breadcrumb"},"inLanguage":"en-US","potentialAction":[{"@type":"ReadAction","target":["https:\/\/www.senaatti.fi\/yhteiskuntavastuuraportti2020\/senaatti\/sidosryhmat\/toimialan-kehittaminen-ja-yhteistyo\/"]}]},{"@type":"ImageObject","inLanguage":"en-US","@id":"https:\/\/www.senaatti.fi\/yhteiskuntavastuuraportti2020\/senaatti\/sidosryhmat\/toimialan-kehittaminen-ja-yhteistyo\/#primaryimage","url":"https:\/\/www.senaatti.fi\/app_ykv_archive\/uploads\/sites\/10\/2021\/03\/Toimialan_kehittaminen_ja_yhteistyo.jpg","contentUrl":"https:\/\/www.senaatti.fi\/app_ykv_archive\/uploads\/sites\/10\/2021\/03\/Toimialan_kehittaminen_ja_yhteistyo.jpg"},{"@type":"BreadcrumbList","@id":"https:\/\/www.senaatti.fi\/yhteiskuntavastuuraportti2020\/senaatti\/sidosryhmat\/toimialan-kehittaminen-ja-yhteistyo\/#breadcrumb","itemListElement":[{"@type":"ListItem","position":1,"name":"Home","item":"https:\/\/www.senaatti.fi\/yhteiskuntavastuuraportti2020\/"},{"@type":"ListItem","position":2,"name":"Senaatti","item":"https:\/\/www.senaatti.fi\/yhteiskuntavastuuraportti2020\/senaatti\/"},{"@type":"ListItem","position":3,"name":"Sidosryhm\u00e4t","item":"https:\/\/www.senaatti.fi\/yhteiskuntavastuuraportti2020\/senaatti\/sidosryhmat\/"},{"@type":"ListItem","position":4,"name":"Toimialan kehitt\u00e4minen ja yhteisty\u00f6"}]},{"@type":"WebSite","@id":"https:\/\/www.senaatti.fi\/yhteiskuntavastuuraportti2020\/#website","url":"https:\/\/www.senaatti.fi\/yhteiskuntavastuuraportti2020\/","name":"Senaatti 2020 - yhteiskuntavastuuraportti","description":"","potentialAction":[{"@type":"SearchAction","target":{"@type":"EntryPoint","urlTemplate":"https:\/\/www.senaatti.fi\/yhteiskuntavastuuraportti2020\/?s={search_term_string}"},"query-input":{"@type":"PropertyValueSpecification","valueRequired":true,"valueName":"search_term_string"}}],"inLanguage":"en-US"}]}},"_links":{"self":[{"href":"https:\/\/www.senaatti.fi\/yhteiskuntavastuuraportti2020\/wp-json\/wp\/v2\/pages\/79","targetHints":{"allow":["GET"]}}],"collection":[{"href":"https:\/\/www.senaatti.fi\/yhteiskuntavastuuraportti2020\/wp-json\/wp\/v2\/pages"}],"about":[{"href":"https:\/\/www.senaatti.fi\/yhteiskuntavastuuraportti2020\/wp-json\/wp\/v2\/types\/page"}],"author":[{"embeddable":true,"href":"https:\/\/www.senaatti.fi\/yhteiskuntavastuuraportti2020\/wp-json\/wp\/v2\/users\/11"}],"replies":[{"embeddable":true,"href":"https:\/\/www.senaatti.fi\/yhteiskuntavastuuraportti2020\/wp-json\/wp\/v2\/comments?post=79"}],"version-history":[{"count":12,"href":"https:\/\/www.senaatti.fi\/yhteiskuntavastuuraportti2020\/wp-json\/wp\/v2\/pages\/79\/revisions"}],"predecessor-version":[{"id":3880,"href":"https:\/\/www.senaatti.fi\/yhteiskuntavastuuraportti2020\/wp-json\/wp\/v2\/pages\/79\/revisions\/3880"}],"up":[{"embeddable":true,"href":"https:\/\/www.senaatti.fi\/yhteiskuntavastuuraportti2020\/wp-json\/wp\/v2\/pages\/73"}],"wp:attachment":[{"href":"https:\/\/www.senaatti.fi\/yhteiskuntavastuuraportti2020\/wp-json\/wp\/v2\/media?parent=79"}],"curies":[{"name":"wp","href":"https:\/\/api.w.org\/{rel}","templated":true}]}}