{"id":73,"date":"2018-01-29T11:07:42","date_gmt":"2018-01-29T11:07:42","guid":{"rendered":"https:\/\/www.senaatti.fi\/yhteiskuntavastuuraportti2020\/?page_id=73"},"modified":"2021-03-26T08:58:05","modified_gmt":"2021-03-26T08:58:05","slug":"sidosryhmat","status":"publish","type":"page","link":"https:\/\/www.senaatti.fi\/yhteiskuntavastuuraportti2020\/senaatti\/sidosryhmat\/","title":{"rendered":"Sidosryhm\u00e4t"},"content":{"rendered":"<p><img loading=\"lazy\" decoding=\"async\" src=\"https:\/\/www.senaatti.fi\/app_ykv_archive\/uploads\/sites\/10\/2021\/03\/Sidosryhmat.jpg\" alt=\"Sirpa Paatero puhumassa Senaatti-areenassa vuonna 2020.\" class=\"alignnone size-full wp-image-3870\" width=\"1280\" height=\"643\" srcset=\"https:\/\/www.senaatti.fi\/app_ykv_archive\/uploads\/sites\/10\/2021\/03\/Sidosryhmat.jpg 1280w, https:\/\/www.senaatti.fi\/app_ykv_archive\/uploads\/sites\/10\/2021\/03\/Sidosryhmat-300x151.jpg 300w, https:\/\/www.senaatti.fi\/app_ykv_archive\/uploads\/sites\/10\/2021\/03\/Sidosryhmat-1024x514.jpg 1024w, https:\/\/www.senaatti.fi\/app_ykv_archive\/uploads\/sites\/10\/2021\/03\/Sidosryhmat-768x386.jpg 768w\" sizes=\"auto, (max-width: 1280px) 100vw, 1280px\" \/><\/p>\n<p>Senaatti-kiinteist\u00f6ill\u00e4 on laaja sidosryhm\u00e4verkosto, jonka kanssa se toimii tiiviiss\u00e4 yhteisty\u00f6ss\u00e4. Senaatin johto on tunnistanut keskeiset Senaatin toimintaan vaikuttavat sidosryhm\u00e4t, joita ovat asiakkaat (valtion hallinnonalat ja s\u00e4\u00e4ti\u00f6t sek\u00e4 tilojen k\u00e4ytt\u00e4j\u00e4t ja asiakkaat), henkil\u00f6st\u00f6 ja Senaatin toimintaa ohjaavat tahot (eduskunta, valtioneuvosto ja valtiovarainministeri\u00f6) sek\u00e4 palvelujen ja materiaalien toimittajat.<\/p>\n<p>Lis\u00e4ksi Senaatti on aktiivisessa vuorovaikutuksessa viranomaisten, naapureiden ja maanomistajien, kiinteist\u00f6markkinoiden toimijoiden, tutkimuslaitosten, j\u00e4rjest\u00f6jen ja tiedotusv\u00e4lineiden kanssa.<\/p>\n<h2>Aktiivista vuoropuhelua sidosryhmien kanssa<\/h2>\n<p>Senaatti kartoittaa sidosryhmiens\u00e4 mielipiteit\u00e4 ja n\u00e4kemyksi\u00e4 toimintaansa ja yhteiskuntavastuuta kehitt\u00e4ess\u00e4\u00e4n.<\/p>\n<p>Konkreettisina esimerkkein\u00e4 ovat muun muassa vuosittain teht\u00e4v\u00e4t asiakas- ja p\u00e4\u00e4tt\u00e4j\u00e4tyytyv\u00e4isyyskyselyt. Kyselyj\u00e4 on kehitetty lis\u00e4\u00e4m\u00e4ll\u00e4 reaaliaikaisia mittauksia ja siirtym\u00e4ll\u00e4 pelk\u00e4st\u00e4\u00e4n asiakastyytyv\u00e4isyyden mittaamisesta laaja-alaisemmin asiakaskokemuksen mittaamiseen.<\/p>\n<p>Senaatilla on asiakasfoorumi, jossa ovat edustettuina keskeisten asiakkaidemme edustajat. Foorumi luo suoran keskusteluyhteyden asiakkaiden avainhenkil\u00f6iden sek\u00e4 Senaatin johdon v\u00e4lille ja luo mahdollisuuksia kollegojen verkostoitumiselle. S\u00e4\u00e4nn\u00f6llisesti j\u00e4rjestett\u00e4viss\u00e4 tapaamisissa k\u00e4sitell\u00e4\u00e4n ajankohtaisia teemoja asiantuntijoiden esittelemin\u00e4, tutustutaan kiinnostaviin toimitilaratkaisuihin ja keskustellaan keinoista, joilla\u00a0 Senaatti voi parantaa palveluaan entisest\u00e4\u00e4n. Asiakasfoorumin j\u00e4seni\u00e4 osallistutetaan my\u00f6s Senaatin strategiaty\u00f6h\u00f6n.<\/p>\n<h2>Paja-verkosto kokoaa toimitila-asiantuntijat yhteen saman p\u00f6yd\u00e4n \u00e4\u00e4reen<\/h2>\n<p>Senaatin asiakkaista koottu Paja-verkosto toimii toimitilajohtamisen kentt\u00e4\u00e4n liittyv\u00e4n tiedon, hyvien k\u00e4yt\u00e4nt\u00f6jen ja toimintamallien jakamiselle ja avoimelle keskustelulle. Tilaisuudet on suunnattu asiakkaiden tilayhdyshenkil\u00f6ille, asiantuntijoille ja projektip\u00e4\u00e4llik\u00f6ille, jotka ty\u00f6skentelev\u00e4t toimitila-asioiden parissa.\u00a0 Senaatti toimii verkoston k\u00e4ynnist\u00e4j\u00e4n\u00e4 ja keskustelun fasilitoijana.<\/p>\n<p>Vuonna 2020 Paja-verkoston kokoontui nelj\u00e4 kertaa virtuaalisesti, ja tilaisuuksissa k\u00e4siteltiin toimitilamuutoksen j\u00e4lkeist\u00e4 seurantaa ja toimenpiteit\u00e4, koronan my\u00f6t\u00e4 tullutta muutosta ty\u00f6ntekoon ja ty\u00f6ymp\u00e4rist\u00f6\u00f6n, tulevaisuuden mahdollisuuksia ty\u00f6ymp\u00e4rist\u00f6iss\u00e4 sek\u00e4 vuoden 2021 Paja-tilaisuuksien aihemahdollisuuksia.<\/p>\n<h2>Senaatti-areena ja Senaatin Tori -tapahtumat<\/h2>\n<p>Senaatti j\u00e4rjest\u00e4\u00e4 vuosittain Senaatti-areena ja Senaatin Tori -tapahtumat. Areenassa p\u00e4\u00e4tt\u00e4j\u00e4t ja asiantuntijat tapaavat toisiaan tuoreen tiedon, oivaltavien esimerkkien ja avoimen keskustelun \u00e4\u00e4rell\u00e4.\u00a0 Senaatin Tori on suunnattu kiinteist\u00f6kehitt\u00e4misen ja -myynnin sidosryhmille.<\/p>\n<p>Koronapandemian vuoksi molemmat tilaisuudet j\u00e4rjestettiin vuonna 2020 virtuaalisesti. Senaatti-areenan teemana oli \u201dT\u00f6iss\u00e4 Suomelle\u201d. \u00a0<a href=\"https:\/\/www.senaatti.fi\/senaatti-areena\/tapahtumat\/toissa-suomelle\/\">https:\/\/www.senaatti.fi\/senaatti-areena\/tapahtumat\/toissa-suomelle\/<\/a><\/p>\n<p>Kiiinteist\u00f6kehitt\u00e4misen ja -myynnin Senaatin Tori tapahtuman aiheena oli Suomen kiinteist\u00f6markkinoiden tulevaisuus https:\/\/www.senaatti.fi\/myynnissa\/senaatin-tori\/senaatin-tori-2020\/<\/p>\n<h2>Keskeisten sidosryhmien odotukset ja niihin vastaaminen<\/h2>\n<p><strong>Asiakkaat<\/strong> odottavat Senaatti-kiinteist\u00f6ilt\u00e4 etenkin omaa toimintaansa tukevia, terveellisi\u00e4 ja turvallisia tiloja sek\u00e4 opastamista tilojen kest\u00e4v\u00e4\u00e4n k\u00e4ytt\u00f6\u00f6n sek\u00e4 toimitilakustannusten tehostamiseen. Asiakkaiden tyytyv\u00e4isyytt\u00e4 seurataan sek\u00e4 kyselyiden ett\u00e4 muun yhteydenpidon kautta.<\/p>\n<p><strong>Valtiovarainministeri\u00f6<\/strong> Senaatti-kiinteist\u00f6jen ohjaavana ministeri\u00f6n\u00e4 odottaa Senaatin toimivan valtion ty\u00f6ymp\u00e4rist\u00f6- ja toimitila-asiantuntijana kustannustehokkaasti sek\u00e4 huolehtivan kiinteist\u00f6omaisuuden arvosta ja rakennetusta kulttuuriymp\u00e4rist\u00f6st\u00e4. VM on asettanut Senaatille tavoitteeksi\u00a0 valtion toimitilastrategian tavoitteiden edist\u00e4misen, mik\u00e4 tarkoittaa muun muassa valtionhallinnon ty\u00f6nteon tapojen uudistamista ja toimitilakustannuss\u00e4\u00e4st\u00f6jen aikaansaamista.<\/p>\n<p><strong>Henkil\u00f6st\u00f6<\/strong> odottaa, ett\u00e4 heille tarjotaan haastavia ja monipuolisia teht\u00e4vi\u00e4, mahdollisuutta vaikuttaa omiin ty\u00f6teht\u00e4viin ja kehittymismahdollisuuksia ty\u00f6ss\u00e4. T\u00e4ss\u00e4 onnistumista seurataan muun muassa s\u00e4\u00e4nn\u00f6llisiss\u00e4 ty\u00f6tyytyv\u00e4isyystutkimuksissa sek\u00e4 kehityskeskusteluissa. Senaatin henkil\u00f6st\u00f6n omistautuneisuus on selv\u00e4sti keskim\u00e4\u00e4r\u00e4ist\u00e4 korkeampi muihin yrityksiin verrattuna.<\/p>\n<p>Senaatti-kiinteist\u00f6jen toiminta palvelutuotannossa perustuu kumppanuuteen ja verkostoitumiseen palvelutoimittajien kanssa. Toimittajayhteisty\u00f6n tavoitteena on laadukas, tehokas ja kaikkia osapuolia hy\u00f6dytt\u00e4v\u00e4 yhteisty\u00f6suhde.<\/p>\n<p><strong>Palvelutoimittajat ja -kumppanit<\/strong> arvostavat ennen kaikkea pitk\u00e4aikaisia toimittajasuhteita sek\u00e4 avoimuutta ja tasapuolisuutta kilpailuttamisk\u00e4yt\u00e4nn\u00f6iss\u00e4.<\/p>\n<p><strong>Muut sidosryhm\u00e4t<\/strong> odottavat Senaatilta avointa ja vastuullista toimintaa sek\u00e4 osallistumista ja edell\u00e4k\u00e4vijyytt\u00e4 toimialan ja uusien toimintamallien kehitt\u00e4miseen.<\/p>\n","protected":false},"excerpt":{"rendered":"<p>Senaatti-kiinteist\u00f6ill\u00e4 on laaja sidosryhm\u00e4verkosto, jonka kanssa se toimii tiiviiss\u00e4 yhteisty\u00f6ss\u00e4. Senaatin johto on tunnistanut keskeiset Senaatin toimintaan vaikuttavat sidosryhm\u00e4t, joita ovat asiakkaat (valtion hallinnonalat ja s\u00e4\u00e4ti\u00f6t sek\u00e4 tilojen k\u00e4ytt\u00e4j\u00e4t ja asiakkaat), henkil\u00f6st\u00f6 ja Senaatin toimintaa ohjaavat tahot (eduskunta, valtioneuvosto ja valtiovarainministeri\u00f6) sek\u00e4 palvelujen ja materiaalien toimittajat. Lis\u00e4ksi Senaatti on aktiivisessa vuorovaikutuksessa viranomaisten, naapureiden ja maanomistajien, [&hellip;]<\/p>\n","protected":false},"author":11,"featured_media":0,"parent":37,"menu_order":6,"comment_status":"closed","ping_status":"closed","template":"","meta":{"_acf_changed":false,"footnotes":""},"class_list":["post-73","page","type-page","status-publish","hentry"],"acf":[],"yoast_head":"<!-- This site is optimized with the Yoast SEO plugin v23.9 - https:\/\/yoast.com\/wordpress\/plugins\/seo\/ -->\n<title>Sidosryhm\u00e4t - Senaatti 2020 - yhteiskuntavastuuraportti<\/title>\n<meta name=\"description\" content=\"Senaatti-kiinteist\u00f6ill\u00e4 on laaja sidosryhm\u00e4verkosto, jonka kanssa se toimii tiiviiss\u00e4 yhteisty\u00f6ss\u00e4. Senaatin johto on tunnistanut keskeiset Senaatin\" \/>\n<meta name=\"robots\" content=\"index, follow, max-snippet:-1, max-image-preview:large, max-video-preview:-1\" \/>\n<link rel=\"canonical\" href=\"https:\/\/www.senaatti.fi\/yhteiskuntavastuuraportti2020\/senaatti\/sidosryhmat\/\" \/>\n<meta property=\"og:locale\" content=\"en_US\" \/>\n<meta property=\"og:type\" content=\"article\" \/>\n<meta property=\"og:title\" content=\"Sidosryhm\u00e4t - Senaatti 2020 - yhteiskuntavastuuraportti\" \/>\n<meta property=\"og:description\" content=\"Senaatti-kiinteist\u00f6ill\u00e4 on laaja sidosryhm\u00e4verkosto, jonka kanssa se toimii tiiviiss\u00e4 yhteisty\u00f6ss\u00e4. Senaatin johto on tunnistanut keskeiset Senaatin\" \/>\n<meta property=\"og:url\" content=\"https:\/\/www.senaatti.fi\/yhteiskuntavastuuraportti2020\/senaatti\/sidosryhmat\/\" \/>\n<meta property=\"og:site_name\" content=\"Senaatti 2020 - yhteiskuntavastuuraportti\" \/>\n<meta property=\"article:modified_time\" content=\"2021-03-26T08:58:05+00:00\" \/>\n<meta property=\"og:image\" content=\"https:\/\/www.senaatti.fi\/app_ykv_archive\/uploads\/sites\/10\/2021\/03\/Sidosryhmat.jpg\" \/>\n<meta name=\"twitter:card\" content=\"summary_large_image\" \/>\n<meta name=\"twitter:label1\" content=\"Est. reading time\" \/>\n\t<meta name=\"twitter:data1\" content=\"3 minutes\" \/>\n<script type=\"application\/ld+json\" class=\"yoast-schema-graph\">{\"@context\":\"https:\/\/schema.org\",\"@graph\":[{\"@type\":\"WebPage\",\"@id\":\"https:\/\/www.senaatti.fi\/yhteiskuntavastuuraportti2020\/senaatti\/sidosryhmat\/\",\"url\":\"https:\/\/www.senaatti.fi\/yhteiskuntavastuuraportti2020\/senaatti\/sidosryhmat\/\",\"name\":\"Sidosryhm\u00e4t - Senaatti 2020 - yhteiskuntavastuuraportti\",\"isPartOf\":{\"@id\":\"https:\/\/www.senaatti.fi\/yhteiskuntavastuuraportti2020\/#website\"},\"primaryImageOfPage\":{\"@id\":\"https:\/\/www.senaatti.fi\/yhteiskuntavastuuraportti2020\/senaatti\/sidosryhmat\/#primaryimage\"},\"image\":{\"@id\":\"https:\/\/www.senaatti.fi\/yhteiskuntavastuuraportti2020\/senaatti\/sidosryhmat\/#primaryimage\"},\"thumbnailUrl\":\"https:\/\/www.senaatti.fi\/app_ykv_archive\/uploads\/sites\/10\/2021\/03\/Sidosryhmat.jpg\",\"datePublished\":\"2018-01-29T11:07:42+00:00\",\"dateModified\":\"2021-03-26T08:58:05+00:00\",\"description\":\"Senaatti-kiinteist\u00f6ill\u00e4 on laaja sidosryhm\u00e4verkosto, jonka kanssa se toimii tiiviiss\u00e4 yhteisty\u00f6ss\u00e4. Senaatin johto on tunnistanut keskeiset Senaatin\",\"breadcrumb\":{\"@id\":\"https:\/\/www.senaatti.fi\/yhteiskuntavastuuraportti2020\/senaatti\/sidosryhmat\/#breadcrumb\"},\"inLanguage\":\"en-US\",\"potentialAction\":[{\"@type\":\"ReadAction\",\"target\":[\"https:\/\/www.senaatti.fi\/yhteiskuntavastuuraportti2020\/senaatti\/sidosryhmat\/\"]}]},{\"@type\":\"ImageObject\",\"inLanguage\":\"en-US\",\"@id\":\"https:\/\/www.senaatti.fi\/yhteiskuntavastuuraportti2020\/senaatti\/sidosryhmat\/#primaryimage\",\"url\":\"https:\/\/www.senaatti.fi\/app_ykv_archive\/uploads\/sites\/10\/2021\/03\/Sidosryhmat.jpg\",\"contentUrl\":\"https:\/\/www.senaatti.fi\/app_ykv_archive\/uploads\/sites\/10\/2021\/03\/Sidosryhmat.jpg\"},{\"@type\":\"BreadcrumbList\",\"@id\":\"https:\/\/www.senaatti.fi\/yhteiskuntavastuuraportti2020\/senaatti\/sidosryhmat\/#breadcrumb\",\"itemListElement\":[{\"@type\":\"ListItem\",\"position\":1,\"name\":\"Home\",\"item\":\"https:\/\/www.senaatti.fi\/yhteiskuntavastuuraportti2020\/\"},{\"@type\":\"ListItem\",\"position\":2,\"name\":\"Senaatti\",\"item\":\"https:\/\/www.senaatti.fi\/yhteiskuntavastuuraportti2020\/senaatti\/\"},{\"@type\":\"ListItem\",\"position\":3,\"name\":\"Sidosryhm\u00e4t\"}]},{\"@type\":\"WebSite\",\"@id\":\"https:\/\/www.senaatti.fi\/yhteiskuntavastuuraportti2020\/#website\",\"url\":\"https:\/\/www.senaatti.fi\/yhteiskuntavastuuraportti2020\/\",\"name\":\"Senaatti 2020 - yhteiskuntavastuuraportti\",\"description\":\"\",\"potentialAction\":[{\"@type\":\"SearchAction\",\"target\":{\"@type\":\"EntryPoint\",\"urlTemplate\":\"https:\/\/www.senaatti.fi\/yhteiskuntavastuuraportti2020\/?s={search_term_string}\"},\"query-input\":{\"@type\":\"PropertyValueSpecification\",\"valueRequired\":true,\"valueName\":\"search_term_string\"}}],\"inLanguage\":\"en-US\"}]}<\/script>\n<!-- \/ Yoast SEO plugin. -->","yoast_head_json":{"title":"Sidosryhm\u00e4t - Senaatti 2020 - yhteiskuntavastuuraportti","description":"Senaatti-kiinteist\u00f6ill\u00e4 on laaja sidosryhm\u00e4verkosto, jonka kanssa se toimii tiiviiss\u00e4 yhteisty\u00f6ss\u00e4. Senaatin johto on tunnistanut keskeiset Senaatin","robots":{"index":"index","follow":"follow","max-snippet":"max-snippet:-1","max-image-preview":"max-image-preview:large","max-video-preview":"max-video-preview:-1"},"canonical":"https:\/\/www.senaatti.fi\/yhteiskuntavastuuraportti2020\/senaatti\/sidosryhmat\/","og_locale":"en_US","og_type":"article","og_title":"Sidosryhm\u00e4t - Senaatti 2020 - yhteiskuntavastuuraportti","og_description":"Senaatti-kiinteist\u00f6ill\u00e4 on laaja sidosryhm\u00e4verkosto, jonka kanssa se toimii tiiviiss\u00e4 yhteisty\u00f6ss\u00e4. Senaatin johto on tunnistanut keskeiset Senaatin","og_url":"https:\/\/www.senaatti.fi\/yhteiskuntavastuuraportti2020\/senaatti\/sidosryhmat\/","og_site_name":"Senaatti 2020 - yhteiskuntavastuuraportti","article_modified_time":"2021-03-26T08:58:05+00:00","og_image":[{"url":"https:\/\/www.senaatti.fi\/app_ykv_archive\/uploads\/sites\/10\/2021\/03\/Sidosryhmat.jpg"}],"twitter_card":"summary_large_image","twitter_misc":{"Est. reading time":"3 minutes"},"schema":{"@context":"https:\/\/schema.org","@graph":[{"@type":"WebPage","@id":"https:\/\/www.senaatti.fi\/yhteiskuntavastuuraportti2020\/senaatti\/sidosryhmat\/","url":"https:\/\/www.senaatti.fi\/yhteiskuntavastuuraportti2020\/senaatti\/sidosryhmat\/","name":"Sidosryhm\u00e4t - Senaatti 2020 - yhteiskuntavastuuraportti","isPartOf":{"@id":"https:\/\/www.senaatti.fi\/yhteiskuntavastuuraportti2020\/#website"},"primaryImageOfPage":{"@id":"https:\/\/www.senaatti.fi\/yhteiskuntavastuuraportti2020\/senaatti\/sidosryhmat\/#primaryimage"},"image":{"@id":"https:\/\/www.senaatti.fi\/yhteiskuntavastuuraportti2020\/senaatti\/sidosryhmat\/#primaryimage"},"thumbnailUrl":"https:\/\/www.senaatti.fi\/app_ykv_archive\/uploads\/sites\/10\/2021\/03\/Sidosryhmat.jpg","datePublished":"2018-01-29T11:07:42+00:00","dateModified":"2021-03-26T08:58:05+00:00","description":"Senaatti-kiinteist\u00f6ill\u00e4 on laaja sidosryhm\u00e4verkosto, jonka kanssa se toimii tiiviiss\u00e4 yhteisty\u00f6ss\u00e4. Senaatin johto on tunnistanut keskeiset Senaatin","breadcrumb":{"@id":"https:\/\/www.senaatti.fi\/yhteiskuntavastuuraportti2020\/senaatti\/sidosryhmat\/#breadcrumb"},"inLanguage":"en-US","potentialAction":[{"@type":"ReadAction","target":["https:\/\/www.senaatti.fi\/yhteiskuntavastuuraportti2020\/senaatti\/sidosryhmat\/"]}]},{"@type":"ImageObject","inLanguage":"en-US","@id":"https:\/\/www.senaatti.fi\/yhteiskuntavastuuraportti2020\/senaatti\/sidosryhmat\/#primaryimage","url":"https:\/\/www.senaatti.fi\/app_ykv_archive\/uploads\/sites\/10\/2021\/03\/Sidosryhmat.jpg","contentUrl":"https:\/\/www.senaatti.fi\/app_ykv_archive\/uploads\/sites\/10\/2021\/03\/Sidosryhmat.jpg"},{"@type":"BreadcrumbList","@id":"https:\/\/www.senaatti.fi\/yhteiskuntavastuuraportti2020\/senaatti\/sidosryhmat\/#breadcrumb","itemListElement":[{"@type":"ListItem","position":1,"name":"Home","item":"https:\/\/www.senaatti.fi\/yhteiskuntavastuuraportti2020\/"},{"@type":"ListItem","position":2,"name":"Senaatti","item":"https:\/\/www.senaatti.fi\/yhteiskuntavastuuraportti2020\/senaatti\/"},{"@type":"ListItem","position":3,"name":"Sidosryhm\u00e4t"}]},{"@type":"WebSite","@id":"https:\/\/www.senaatti.fi\/yhteiskuntavastuuraportti2020\/#website","url":"https:\/\/www.senaatti.fi\/yhteiskuntavastuuraportti2020\/","name":"Senaatti 2020 - yhteiskuntavastuuraportti","description":"","potentialAction":[{"@type":"SearchAction","target":{"@type":"EntryPoint","urlTemplate":"https:\/\/www.senaatti.fi\/yhteiskuntavastuuraportti2020\/?s={search_term_string}"},"query-input":{"@type":"PropertyValueSpecification","valueRequired":true,"valueName":"search_term_string"}}],"inLanguage":"en-US"}]}},"_links":{"self":[{"href":"https:\/\/www.senaatti.fi\/yhteiskuntavastuuraportti2020\/wp-json\/wp\/v2\/pages\/73","targetHints":{"allow":["GET"]}}],"collection":[{"href":"https:\/\/www.senaatti.fi\/yhteiskuntavastuuraportti2020\/wp-json\/wp\/v2\/pages"}],"about":[{"href":"https:\/\/www.senaatti.fi\/yhteiskuntavastuuraportti2020\/wp-json\/wp\/v2\/types\/page"}],"author":[{"embeddable":true,"href":"https:\/\/www.senaatti.fi\/yhteiskuntavastuuraportti2020\/wp-json\/wp\/v2\/users\/11"}],"replies":[{"embeddable":true,"href":"https:\/\/www.senaatti.fi\/yhteiskuntavastuuraportti2020\/wp-json\/wp\/v2\/comments?post=73"}],"version-history":[{"count":12,"href":"https:\/\/www.senaatti.fi\/yhteiskuntavastuuraportti2020\/wp-json\/wp\/v2\/pages\/73\/revisions"}],"predecessor-version":[{"id":4016,"href":"https:\/\/www.senaatti.fi\/yhteiskuntavastuuraportti2020\/wp-json\/wp\/v2\/pages\/73\/revisions\/4016"}],"up":[{"embeddable":true,"href":"https:\/\/www.senaatti.fi\/yhteiskuntavastuuraportti2020\/wp-json\/wp\/v2\/pages\/37"}],"wp:attachment":[{"href":"https:\/\/www.senaatti.fi\/yhteiskuntavastuuraportti2020\/wp-json\/wp\/v2\/media?parent=73"}],"curies":[{"name":"wp","href":"https:\/\/api.w.org\/{rel}","templated":true}]}}