{"id":7,"date":"2018-01-29T10:56:28","date_gmt":"2018-01-29T10:56:28","guid":{"rendered":"https:\/\/www.senaatti.fi\/yhteiskuntavastuuraportti2020\/?page_id=7"},"modified":"2021-04-06T14:18:38","modified_gmt":"2021-04-06T14:18:38","slug":"toimitusjohtajan-katsaus","status":"publish","type":"page","link":"https:\/\/www.senaatti.fi\/yhteiskuntavastuuraportti2020\/vuosi-2020\/toimitusjohtajan-katsaus\/","title":{"rendered":"Toimitusjohtajan katsaus"},"content":{"rendered":"<div class=\"wpb-content-wrapper\"><p>[vc_row][vc_column][senaatti_hero image=&#8221;4272&#8243; heading=&#8221;Muutosten vuosi oli t\u00e4ynn\u00e4 isoja onnistumisia&#8221; text=&#8221;Poikkeuksellinen koronavuosi sujui meill\u00e4 Senaatissa jopa h\u00e4mm\u00e4stytt\u00e4v\u00e4n hyvin, eik\u00e4 pandemia v\u00e4hent\u00e4nyt suorituskyky\u00e4mme.<\/p>\n<p>Olen ylpe\u00e4 senaattilaisten sitoutuneisuudesta, innostuneisuudesta ja ahkeruudesta. T\u00e4t\u00e4 paloa on totisesti poikkeusoloissa tarvittu! Virtuaality\u00f6skentelyyn siirtyminen oli meille helppoa, mutta toki on tyls\u00e4\u00e4, kun emme edelleenk\u00e4\u00e4n p\u00e4\u00e4se tapaamaan toisiamme emmek\u00e4 asiakkaitamme.<\/p>\n<p>Olemme kovasti yritt\u00e4neet tehd\u00e4 pieni\u00e4kin tekoja, jotta jokaisella senaattilaisella olisi hyv\u00e4t ty\u00f6skentelyolosuhteet et\u00e4n\u00e4. Koronan aikana taloon tulleiden puolesta harmittaa, ett\u00e4 ty\u00f6kavereihin tutustuminen on ollut heille hankalaa, mutta sama ilmi\u00f6 koskee tietysti nyt kaikkia organisaatioita.&#8221;][\/vc_column][\/vc_row][vc_row][vc_column offset=&#8221;vc_col-md-offset-1 vc_col-md-10&#8243;][vc_column_text]Pystyimme viem\u00e4\u00e4n vuonna 2020 kaikki keskeiset hankkeet onnistuneesti l\u00e4pi \u2013 ja t\u00e4ss\u00e4 onnistuimme tekem\u00e4ll\u00e4 vahvasti yhdess\u00e4 niin asiakkaidemme kuin kumppaniemme kanssa. Saimme my\u00f6s sek\u00e4 asiakas- ett\u00e4 henkil\u00f6st\u00f6tyytyv\u00e4isyystutkimuksista parhaat tulokset kautta aikojen.<\/p>\n<blockquote><p>Taakse j\u00e4\u00e4neen vuoden suuri ponnistus oli Puolustuskiinteist\u00f6t-tyt\u00e4rliikelaitoksen perustaminen<\/p><\/blockquote>\n<p>Vuoden 2021 alussa voimaan tulleen uuden konsernirakenteemme ja toimintansa aloittaneen Puolustuskiinteist\u00f6t-liikelaitoksen aktiivinen suunnitteluvaihe kesti puolitoista vuotta ja siihen osallistui noin sata henkil\u00f6\u00e4 Senaatista, Rakennuslaitokselta, Puolustusvoimista, valtiovarainministeri\u00f6st\u00e4 ja puolustusministeri\u00f6st\u00e4.<\/p>\n<p>Tekemisen yhteishenki suuressa hankkeessa oli erinomainen ja syntynyt malli hyv\u00e4. Uskon, ett\u00e4 pystymme palvelemaan puolustushallinnon tarpeita ja kiinteist\u00f6jen hoitoa entist\u00e4 pitk\u00e4j\u00e4nteisemmin ja paremmin. T\u00e4n\u00e4 vuonna keskitymme toden teolla k\u00e4ynnist\u00e4m\u00e4\u00e4n uuden toimintamallin ja vakiinnuttamaan sen osaksi meid\u00e4n ja Puolustusvoimien arkea.<\/p>\n<h2>Monet pitk\u00e4\u00e4n jonossa seisoneet hankkeet p\u00e4\u00e4sev\u00e4t nyt eteenp\u00e4in<\/h2>\n<p>Viime vuonna meill\u00e4 oli k\u00e4ynniss\u00e4 yli 300 ty\u00f6ymp\u00e4rist\u00f6jen kehitt\u00e4misprojektia. Ylitimme s\u00e4\u00e4st\u00f6tavoitteemme, joka oli seitsem\u00e4n miljoonaa euroa: saimme aikaan yli kymmenen miljoonan s\u00e4\u00e4st\u00f6t valtion tilakustannuksiin.<\/p>\n<p>T\u00e4lle vuodelle eduskunta antoi meille historian suurimman investointivaltuuden, 480 miljoonaa euroa. Aiemmin investointitasomme on ollut keskim\u00e4\u00e4rin 250 miljoonaa euroa vuodessa, joten rakennushankekantamme on nyt enn\u00e4tyksellisen suuri.<\/p>\n<p>Valtuuksien korottamisen ansiosta voimme investoida useisiin kriittisiin korjaus- ja rakennusprojekteihin. Esimerkiksi poliisin ja Rajavartiolaitoksen useat 1960\u201370-luvun tilat ovat k\u00e4ytt\u00f6ik\u00e4ns\u00e4 p\u00e4\u00e4ss\u00e4, ja olemme laatineet yhdess\u00e4 askelmerkit tarvittavien investointien toteuttamisesta.<\/p>\n<p>Teemme aktiivisesti erilaisia asiakastyytyv\u00e4isyystutkimuksia, ja viime vuonna asiakastyytyv\u00e4isyys parani kaikilla mittareilla. Loimme pari vuotta sitten asiakaskokemuksen johtamisj\u00e4rjestelm\u00e4n, ja se n\u00e4kyy nyt saamassamme palautteessa ja arvioissa. Keskeist\u00e4 strategiassamme on auttaa asiakkaitamme onnistumaan, ja siksi kuuntelemme heit\u00e4 tarkasti jatkossakin.<\/p>\n<blockquote><p>Olen erityisen iloinen, ett\u00e4 olemme pystyneet ohjaamaan sis\u00e4olosuhdeongelmiin hyvin resursseja<\/p><\/blockquote>\n<p>Julistimme kaksi vuotta sitten nollatoleranssin sis\u00e4ilmaongelmille. Panostamme erityisen vahvasti ennakoiviin toimenpiteisiin: mik\u00e4li ongelmia ilmenee, toimimme nopeasti ja voimakkaasti. Olemme p\u00e4\u00e4sseetkin ongelmiin k\u00e4siksi entist\u00e4 aikaisemmin ja panostaneet kiinteist\u00f6jen kunnossapitoon \u2013 k\u00e4yt\u00e4mme siihen rahaa yli kaksinkertaisen m\u00e4\u00e4r\u00e4n neli\u00f6t\u00e4 kohden yksityissektoriin verrattuna.<\/p>\n<p>My\u00f6s kokemus sis\u00e4olosuhteiden paranemisesta n\u00e4kyy asiakastyytyv\u00e4isyydess\u00e4. Kukin meist\u00e4 senaattilaisista voikin olla ty\u00f6h\u00f6ns\u00e4 t\u00e4ss\u00e4 kohtaa hetken tyytyv\u00e4inen \u2013 mutta emme ole miss\u00e4\u00e4n nimess\u00e4 viel\u00e4 maalissa sis\u00e4olosuhdekysymyksiss\u00e4 tai asiakastyytyv\u00e4isyydess\u00e4. Meid\u00e4n pit\u00e4\u00e4 kiinnitt\u00e4\u00e4 viel\u00e4kin ponnekkaammin huomiota heihin, jotka ovat tyytym\u00e4tt\u00f6mi\u00e4.<\/p>\n<blockquote><p>Jo nyt tied\u00e4mme, ett\u00e4 pandemia aiheuttaa pysyvi\u00e4 muutoksia ty\u00f6skentelytapoihin<\/p><\/blockquote>\n<p>Koronan vaikutukset tilakantaamme tulevat olemaan suuria. Keskeinen kysymys on, mill\u00e4 tavalla ihmiset tulevaisuudessa valtiolla ty\u00f6skentelev\u00e4t. Olemme tutkineet t\u00e4t\u00e4 erilaisin selvityksin, kyselyin ja seuraamalla trendej\u00e4 maailmalta.<\/p>\n<p>Kiinnostavaa korona-ajassa on ollut havaita se, ett\u00e4 l\u00e4hes kaikissa virastoissa pystyt\u00e4\u00e4n tekem\u00e4\u00e4n et\u00e4t\u00f6it\u00e4. Monipaikkaisuus j\u00e4\u00e4kin hyvin vahvasti uudeksi ty\u00f6ntekemisen tavaksi. Er\u00e4\u00e4n kyselyn mukaan valtion ty\u00f6ntekij\u00e4t haluavat tehd\u00e4 jatkossa keskim\u00e4\u00e4rin 2,7 p\u00e4iv\u00e4\u00e4 viikossa et\u00e4n\u00e4.<\/p>\n<p>On mielenkiintoinen asetelma, kuinka paljon toimistotilojen tarve v\u00e4henee. Rohkeimmat arvioivat, ett\u00e4 se puolittuisi vuosikymmenen loppuun menness\u00e4.<\/p>\n<p>Toimintaamme muokkaa k\u00e4ynniss\u00e4 oleva valtion toimitilastrategian p\u00e4ivitt\u00e4minen \u2013 sen rinnalla p\u00e4ivit\u00e4mme omaa strategiaamme. Keski\u00f6ss\u00e4 ovat tilojen turvallisuus, terveellisyys ja yhteisk\u00e4ytt\u00f6isyys. Olemme saaneet ensimm\u00e4isi\u00e4 erinomaisia kokemuksia yhteisk\u00e4ytt\u00f6isist\u00e4 tiloista Porvoon Verohallinnolta ja Maanmittauslaitokselta, ja useita muita investointeja on k\u00e4ynniss\u00e4.<\/p>\n<h2>Investoinnit ovat my\u00f6s t\u00e4rke\u00e4 keino torjua ilmastonmuutosta<\/h2>\n<p>Kehitt\u00e4m\u00e4ll\u00e4 ja tehostamalla tilank\u00e4ytt\u00f6\u00e4 voimme saavuttaa merkitt\u00e4vi\u00e4 s\u00e4\u00e4st\u00f6j\u00e4 esimerkiksi energiankulutuksessa. Rakennettu ymp\u00e4rist\u00f6 aiheuttaa noin 40 prosenttia kaikista syntyvist\u00e4 p\u00e4\u00e4st\u00f6ist\u00e4, joten Suomen suurimpana kiinteist\u00f6nomistajana vastuumme on suuri.<\/p>\n<p>Valtio on sitoutunut hiilineutraaliuteen vuoteen 2035 menness\u00e4, ja me haluamme olla edell\u00e4k\u00e4vij\u00e4n\u00e4 ja suunnann\u00e4ytt\u00e4j\u00e4n\u00e4 kest\u00e4v\u00e4n kehityksen edist\u00e4misess\u00e4. Olemme tehneet jo vuosia huomattavia energians\u00e4\u00e4st\u00f6toimenpiteit\u00e4, esimerkiksi siirtym\u00e4ll\u00e4 biopohjaisiin polttoaineisiin ja uusiutuviin energianl\u00e4hteisiin. Parhaillaan meill\u00e4 on k\u00e4ynniss\u00e4 eritt\u00e4in laaja aurinkos\u00e4hk\u00f6projekti.<\/p>\n<p>Sen lis\u00e4ksi, ett\u00e4 pienenn\u00e4mme hiilijalanj\u00e4lke\u00e4, kasvatamme siis hiilik\u00e4denj\u00e4lke\u00e4 panostamalla toimenpiteisiin, jotka tuottavat p\u00e4\u00e4st\u00f6t\u00f6nt\u00e4 energiaa. Valtaosa rakennusten aiheuttamista p\u00e4\u00e4st\u00f6ist\u00e4 syntyy rakentamisen yhteydess\u00e4. Kun investointitasomme on nyt puolen miljardin luokkaa, pystymme vaikuttamaan merkitt\u00e4v\u00e4sti n\u00e4iden p\u00e4\u00e4st\u00f6jen pienenemiseen.<\/p>\n<p>Yhteiskuntavastuu on pohjana kaikelle toiminnallemme. Meille Senaatissa olennaista on, ett\u00e4 valtion ty\u00f6ntekij\u00f6iden k\u00e4ytt\u00e4m\u00e4t tilat ovat terveellisi\u00e4, turvallisia, kustannustehokkaita ja tukevat toimintaa mahdollisimman hyvin.<\/p>\n<p>Rakastumme kiinteist\u00f6ihimme ainoastaan silloin, kun niill\u00e4 on kansallista ja kulttuurihistoriallista arvoa. Suurin ymp\u00e4rist\u00f6tekomme nimitt\u00e4in on, ett\u00e4 valtiolla on k\u00e4yt\u00f6ss\u00e4\u00e4n vain juuri ne tilat, jotka se tarvitsee.<\/p>\n<p>T\u00e4n\u00e4 vuonna haluan erityisesti kiitt\u00e4\u00e4 koko henkil\u00f6st\u00f6\u00e4 sitoutuneisuudesta ja hienosta jaksamisesta poikkeusoloissa ja rakennemuutoksen keskell\u00e4!<\/p>\n<p>Jari Sarjo<\/p>\n<p>[\/vc_column_text][\/vc_column][\/vc_row]<\/p>\n<\/div>","protected":false},"excerpt":{"rendered":"<p>[vc_row][vc_column][senaatti_hero image=&#8221;4272&#8243; heading=&#8221;Muutosten vuosi oli t\u00e4ynn\u00e4 isoja onnistumisia&#8221; text=&#8221;Poikkeuksellinen koronavuosi sujui meill\u00e4 Senaatissa jopa h\u00e4mm\u00e4stytt\u00e4v\u00e4n hyvin, eik\u00e4 pandemia v\u00e4hent\u00e4nyt suorituskyky\u00e4mme. Olen ylpe\u00e4 senaattilaisten sitoutuneisuudesta, innostuneisuudesta ja ahkeruudesta. T\u00e4t\u00e4 paloa on totisesti poikkeusoloissa tarvittu! Virtuaality\u00f6skentelyyn siirtyminen oli meille helppoa, mutta toki on tyls\u00e4\u00e4, kun emme edelleenk\u00e4\u00e4n p\u00e4\u00e4se tapaamaan toisiamme emmek\u00e4 asiakkaitamme. Olemme kovasti yritt\u00e4neet tehd\u00e4 pieni\u00e4kin [&hellip;]<\/p>\n","protected":false},"author":11,"featured_media":0,"parent":5,"menu_order":1,"comment_status":"closed","ping_status":"closed","template":"","meta":{"_acf_changed":false,"footnotes":""},"class_list":["post-7","page","type-page","status-publish","hentry"],"acf":[],"yoast_head":"<!-- This site is optimized with the Yoast SEO plugin v23.9 - https:\/\/yoast.com\/wordpress\/plugins\/seo\/ -->\n<title>Toimitusjohtajan katsaus - Senaatti 2020 - yhteiskuntavastuuraportti<\/title>\n<meta name=\"description\" content=\"Pystyimme viem\u00e4\u00e4n vuonna 2020 kaikki keskeiset hankkeet onnistuneesti l\u00e4pi \u2013 ja t\u00e4ss\u00e4 onnistuimme tekem\u00e4ll\u00e4 vahvasti yhdess\u00e4 niin asiakkaidemme kuin\" \/>\n<meta name=\"robots\" content=\"index, follow, max-snippet:-1, max-image-preview:large, max-video-preview:-1\" \/>\n<link rel=\"canonical\" href=\"https:\/\/www.senaatti.fi\/yhteiskuntavastuuraportti2020\/vuosi-2020\/toimitusjohtajan-katsaus\/\" \/>\n<meta property=\"og:locale\" content=\"en_US\" \/>\n<meta property=\"og:type\" content=\"article\" \/>\n<meta property=\"og:title\" content=\"Toimitusjohtajan katsaus - Senaatti 2020 - yhteiskuntavastuuraportti\" \/>\n<meta property=\"og:description\" content=\"Pystyimme viem\u00e4\u00e4n vuonna 2020 kaikki keskeiset hankkeet onnistuneesti l\u00e4pi \u2013 ja t\u00e4ss\u00e4 onnistuimme tekem\u00e4ll\u00e4 vahvasti yhdess\u00e4 niin asiakkaidemme kuin\" \/>\n<meta property=\"og:url\" content=\"https:\/\/www.senaatti.fi\/yhteiskuntavastuuraportti2020\/vuosi-2020\/toimitusjohtajan-katsaus\/\" \/>\n<meta property=\"og:site_name\" content=\"Senaatti 2020 - yhteiskuntavastuuraportti\" \/>\n<meta property=\"article:modified_time\" content=\"2021-04-06T14:18:38+00:00\" \/>\n<meta name=\"twitter:card\" content=\"summary_large_image\" \/>\n<meta name=\"twitter:label1\" content=\"Est. reading time\" \/>\n\t<meta name=\"twitter:data1\" content=\"4 minutes\" \/>\n<script type=\"application\/ld+json\" class=\"yoast-schema-graph\">{\"@context\":\"https:\/\/schema.org\",\"@graph\":[{\"@type\":\"WebPage\",\"@id\":\"https:\/\/www.senaatti.fi\/yhteiskuntavastuuraportti2020\/vuosi-2020\/toimitusjohtajan-katsaus\/\",\"url\":\"https:\/\/www.senaatti.fi\/yhteiskuntavastuuraportti2020\/vuosi-2020\/toimitusjohtajan-katsaus\/\",\"name\":\"Toimitusjohtajan katsaus - Senaatti 2020 - yhteiskuntavastuuraportti\",\"isPartOf\":{\"@id\":\"https:\/\/www.senaatti.fi\/yhteiskuntavastuuraportti2020\/#website\"},\"datePublished\":\"2018-01-29T10:56:28+00:00\",\"dateModified\":\"2021-04-06T14:18:38+00:00\",\"description\":\"Pystyimme viem\u00e4\u00e4n vuonna 2020 kaikki keskeiset hankkeet onnistuneesti l\u00e4pi \u2013 ja t\u00e4ss\u00e4 onnistuimme tekem\u00e4ll\u00e4 vahvasti yhdess\u00e4 niin asiakkaidemme kuin\",\"breadcrumb\":{\"@id\":\"https:\/\/www.senaatti.fi\/yhteiskuntavastuuraportti2020\/vuosi-2020\/toimitusjohtajan-katsaus\/#breadcrumb\"},\"inLanguage\":\"en-US\",\"potentialAction\":[{\"@type\":\"ReadAction\",\"target\":[\"https:\/\/www.senaatti.fi\/yhteiskuntavastuuraportti2020\/vuosi-2020\/toimitusjohtajan-katsaus\/\"]}]},{\"@type\":\"BreadcrumbList\",\"@id\":\"https:\/\/www.senaatti.fi\/yhteiskuntavastuuraportti2020\/vuosi-2020\/toimitusjohtajan-katsaus\/#breadcrumb\",\"itemListElement\":[{\"@type\":\"ListItem\",\"position\":1,\"name\":\"Home\",\"item\":\"https:\/\/www.senaatti.fi\/yhteiskuntavastuuraportti2020\/\"},{\"@type\":\"ListItem\",\"position\":2,\"name\":\"Vuosi 2020\",\"item\":\"https:\/\/www.senaatti.fi\/yhteiskuntavastuuraportti2020\/vuosi-2020\/\"},{\"@type\":\"ListItem\",\"position\":3,\"name\":\"Toimitusjohtajan katsaus\"}]},{\"@type\":\"WebSite\",\"@id\":\"https:\/\/www.senaatti.fi\/yhteiskuntavastuuraportti2020\/#website\",\"url\":\"https:\/\/www.senaatti.fi\/yhteiskuntavastuuraportti2020\/\",\"name\":\"Senaatti 2020 - yhteiskuntavastuuraportti\",\"description\":\"\",\"potentialAction\":[{\"@type\":\"SearchAction\",\"target\":{\"@type\":\"EntryPoint\",\"urlTemplate\":\"https:\/\/www.senaatti.fi\/yhteiskuntavastuuraportti2020\/?s={search_term_string}\"},\"query-input\":{\"@type\":\"PropertyValueSpecification\",\"valueRequired\":true,\"valueName\":\"search_term_string\"}}],\"inLanguage\":\"en-US\"}]}<\/script>\n<!-- \/ Yoast SEO plugin. -->","yoast_head_json":{"title":"Toimitusjohtajan katsaus - Senaatti 2020 - yhteiskuntavastuuraportti","description":"Pystyimme viem\u00e4\u00e4n vuonna 2020 kaikki keskeiset hankkeet onnistuneesti l\u00e4pi \u2013 ja t\u00e4ss\u00e4 onnistuimme tekem\u00e4ll\u00e4 vahvasti yhdess\u00e4 niin asiakkaidemme kuin","robots":{"index":"index","follow":"follow","max-snippet":"max-snippet:-1","max-image-preview":"max-image-preview:large","max-video-preview":"max-video-preview:-1"},"canonical":"https:\/\/www.senaatti.fi\/yhteiskuntavastuuraportti2020\/vuosi-2020\/toimitusjohtajan-katsaus\/","og_locale":"en_US","og_type":"article","og_title":"Toimitusjohtajan katsaus - Senaatti 2020 - yhteiskuntavastuuraportti","og_description":"Pystyimme viem\u00e4\u00e4n vuonna 2020 kaikki keskeiset hankkeet onnistuneesti l\u00e4pi \u2013 ja t\u00e4ss\u00e4 onnistuimme tekem\u00e4ll\u00e4 vahvasti yhdess\u00e4 niin asiakkaidemme kuin","og_url":"https:\/\/www.senaatti.fi\/yhteiskuntavastuuraportti2020\/vuosi-2020\/toimitusjohtajan-katsaus\/","og_site_name":"Senaatti 2020 - yhteiskuntavastuuraportti","article_modified_time":"2021-04-06T14:18:38+00:00","twitter_card":"summary_large_image","twitter_misc":{"Est. reading time":"4 minutes"},"schema":{"@context":"https:\/\/schema.org","@graph":[{"@type":"WebPage","@id":"https:\/\/www.senaatti.fi\/yhteiskuntavastuuraportti2020\/vuosi-2020\/toimitusjohtajan-katsaus\/","url":"https:\/\/www.senaatti.fi\/yhteiskuntavastuuraportti2020\/vuosi-2020\/toimitusjohtajan-katsaus\/","name":"Toimitusjohtajan katsaus - Senaatti 2020 - yhteiskuntavastuuraportti","isPartOf":{"@id":"https:\/\/www.senaatti.fi\/yhteiskuntavastuuraportti2020\/#website"},"datePublished":"2018-01-29T10:56:28+00:00","dateModified":"2021-04-06T14:18:38+00:00","description":"Pystyimme viem\u00e4\u00e4n vuonna 2020 kaikki keskeiset hankkeet onnistuneesti l\u00e4pi \u2013 ja t\u00e4ss\u00e4 onnistuimme tekem\u00e4ll\u00e4 vahvasti yhdess\u00e4 niin asiakkaidemme kuin","breadcrumb":{"@id":"https:\/\/www.senaatti.fi\/yhteiskuntavastuuraportti2020\/vuosi-2020\/toimitusjohtajan-katsaus\/#breadcrumb"},"inLanguage":"en-US","potentialAction":[{"@type":"ReadAction","target":["https:\/\/www.senaatti.fi\/yhteiskuntavastuuraportti2020\/vuosi-2020\/toimitusjohtajan-katsaus\/"]}]},{"@type":"BreadcrumbList","@id":"https:\/\/www.senaatti.fi\/yhteiskuntavastuuraportti2020\/vuosi-2020\/toimitusjohtajan-katsaus\/#breadcrumb","itemListElement":[{"@type":"ListItem","position":1,"name":"Home","item":"https:\/\/www.senaatti.fi\/yhteiskuntavastuuraportti2020\/"},{"@type":"ListItem","position":2,"name":"Vuosi 2020","item":"https:\/\/www.senaatti.fi\/yhteiskuntavastuuraportti2020\/vuosi-2020\/"},{"@type":"ListItem","position":3,"name":"Toimitusjohtajan katsaus"}]},{"@type":"WebSite","@id":"https:\/\/www.senaatti.fi\/yhteiskuntavastuuraportti2020\/#website","url":"https:\/\/www.senaatti.fi\/yhteiskuntavastuuraportti2020\/","name":"Senaatti 2020 - yhteiskuntavastuuraportti","description":"","potentialAction":[{"@type":"SearchAction","target":{"@type":"EntryPoint","urlTemplate":"https:\/\/www.senaatti.fi\/yhteiskuntavastuuraportti2020\/?s={search_term_string}"},"query-input":{"@type":"PropertyValueSpecification","valueRequired":true,"valueName":"search_term_string"}}],"inLanguage":"en-US"}]}},"_links":{"self":[{"href":"https:\/\/www.senaatti.fi\/yhteiskuntavastuuraportti2020\/wp-json\/wp\/v2\/pages\/7","targetHints":{"allow":["GET"]}}],"collection":[{"href":"https:\/\/www.senaatti.fi\/yhteiskuntavastuuraportti2020\/wp-json\/wp\/v2\/pages"}],"about":[{"href":"https:\/\/www.senaatti.fi\/yhteiskuntavastuuraportti2020\/wp-json\/wp\/v2\/types\/page"}],"author":[{"embeddable":true,"href":"https:\/\/www.senaatti.fi\/yhteiskuntavastuuraportti2020\/wp-json\/wp\/v2\/users\/11"}],"replies":[{"embeddable":true,"href":"https:\/\/www.senaatti.fi\/yhteiskuntavastuuraportti2020\/wp-json\/wp\/v2\/comments?post=7"}],"version-history":[{"count":12,"href":"https:\/\/www.senaatti.fi\/yhteiskuntavastuuraportti2020\/wp-json\/wp\/v2\/pages\/7\/revisions"}],"predecessor-version":[{"id":4440,"href":"https:\/\/www.senaatti.fi\/yhteiskuntavastuuraportti2020\/wp-json\/wp\/v2\/pages\/7\/revisions\/4440"}],"up":[{"embeddable":true,"href":"https:\/\/www.senaatti.fi\/yhteiskuntavastuuraportti2020\/wp-json\/wp\/v2\/pages\/5"}],"wp:attachment":[{"href":"https:\/\/www.senaatti.fi\/yhteiskuntavastuuraportti2020\/wp-json\/wp\/v2\/media?parent=7"}],"curies":[{"name":"wp","href":"https:\/\/api.w.org\/{rel}","templated":true}]}}