{"id":61,"date":"2018-01-29T11:04:55","date_gmt":"2018-01-29T11:04:55","guid":{"rendered":"https:\/\/www.senaatti.fi\/yhteiskuntavastuuraportti2020\/?page_id=61"},"modified":"2021-04-06T10:16:13","modified_gmt":"2021-04-06T10:16:13","slug":"toimintaymparisto","status":"publish","type":"page","link":"https:\/\/www.senaatti.fi\/yhteiskuntavastuuraportti2020\/senaatti\/toimintaymparisto\/","title":{"rendered":"Toimintaymp\u00e4rist\u00f6"},"content":{"rendered":"<p>Senaatti-kiinteist\u00f6jen toimintaymp\u00e4rist\u00f6ss\u00e4 keskeinen muutostekij\u00e4 on ty\u00f6n murros, joka vie kohti monipaikkaista, yhteis\u00f6llist\u00e4 ja yhteisk\u00e4ytt\u00f6ist\u00e4 ty\u00f6ymp\u00e4rist\u00f6\u00e4. Muutos on entist\u00e4 korostuneempi koronapandemian tuoman uuden tilanteen johdosta. Keskeisi\u00e4 muutoksen ajureita ovat my\u00f6s uusien teknologioiden ja verkostomaisen toimintatavan tuomat mahdollisuudet sek\u00e4 hiilineutraalisuuteen liittyv\u00e4t toimenpiteet ja pitk\u00e4nt\u00e4ht\u00e4imen suunnitelmat.<\/p>\n<p>My\u00f6s julkisen sektorin taloudelliset muutospaineet jatkuvat. Koronapandemia on lis\u00e4nnyt valtion rakenteelliseen uudistumiseen paineita ja toimistotilojen tarpeen odotetaan v\u00e4henev\u00e4n rajusti tulevaisuudessa. T\u00e4m\u00e4 tarkoittaa isoja ja joskus v\u00e4h\u00e4n pienempi\u00e4kin tilaj\u00e4rjestelyit\u00e4, korjaushankkeita ja my\u00f6s uudisrakentamista.<\/p>\n<blockquote><p><span style=\"font-size: 24px;\">Vuoden 2020 merkitt\u00e4vin muutos liittyi puolustushallinnon kiinteist\u00f6j\u00e4rjestelm\u00e4n uudistamiseen hallitusohjelman mukaisesti.<\/span><\/p><\/blockquote>\n<p>Uusi, puolustushallinnon kiinteist\u00f6ist\u00e4 vastaava Puolustuskiinteist\u00f6t-liikelaitos aloitti toimintansa vuoden 2021 alussa osana Senaatti-konsernia. Uudistuksen tavoitteena on kehitt\u00e4\u00e4 puolustushallinnon kiinteist\u00f6jen hoitoa ja hallintaa palvelemaan puolustushallinnon tarpeita entist\u00e4 paremmin. Puolustuskiinteist\u00f6t tuottaa tilapalvelut Puolustusvoimille ja sen m\u00e4\u00e4ritt\u00e4mille kumppaneille ja vastaa, ett\u00e4 maanpuolustukseen tarkoitetut tilat ovat k\u00e4ytt\u00f6valmiina kaikissa turvallisuustilanteissa. Puolustuskiinteist\u00f6t on Senaatti-kiinteist\u00f6jen tyt\u00e4rliikelaitos.<\/p>\n<p>Muutoksen yhteydess\u00e4 1.1.2021 Puolustushallinnon rakennuslaitoksessa ja Senaatissa Puolustusvoimien tila-asioista vastaava henkil\u00f6st\u00f6 siirtyi perustettuun Puolustuskiinteist\u00f6t-liikelaitokseen vanhoina ty\u00f6ntekij\u00f6in\u00e4. Lis\u00e4ksi osa nykyisen Rakennuslaitoksen henkil\u00f6st\u00f6st\u00e4 siirtyy ty\u00f6skentelem\u00e4\u00e4n Senaatti-konsernin yhteisiin palveluihin. Uudessa liikelaitoskonsernissa on yhteens\u00e4 noin 1200 ty\u00f6ntekij\u00e4\u00e4.<\/p>\n<h2>Yhteiset ty\u00f6ymp\u00e4rist\u00f6t yleistyv\u00e4t<\/h2>\n<p>Valtionhallinnossa ty\u00f6skennell\u00e4\u00e4n entist\u00e4 enemm\u00e4n yli hallinnonrajojen yhteisk\u00e4ytt\u00f6isiss\u00e4 tiloissa, ja digitalisaation tuomat mahdollisuudet muuttavat v\u00e4ist\u00e4m\u00e4tt\u00e4 ty\u00f6ymp\u00e4rist\u00f6j\u00e4 ja ty\u00f6nteon tapoja valtiolla.<\/p>\n<h3>Case: Yhteisk\u00e4ytt\u00f6isyys ja kiertotalous toteutuvat Porvoon virastotalossa<\/h3>\n<figure id=\"attachment_4220\" aria-describedby=\"caption-attachment-4220\" style=\"width: 1110px\" class=\"wp-caption alignnone\"><img loading=\"lazy\" decoding=\"async\" src=\"https:\/\/www.senaatti.fi\/app_ykv_archive\/uploads\/sites\/10\/2021\/03\/Yhteiskyttisyys-ja-kiertotalous-toteutuvat-Porvoon-virastotalossa-1024x711.jpg\" alt=\"\" class=\"wp-image-4220\" width=\"1110\" height=\"771\" srcset=\"https:\/\/www.senaatti.fi\/app_ykv_archive\/uploads\/sites\/10\/2021\/03\/Yhteiskyttisyys-ja-kiertotalous-toteutuvat-Porvoon-virastotalossa-1024x711.jpg 1024w, https:\/\/www.senaatti.fi\/app_ykv_archive\/uploads\/sites\/10\/2021\/03\/Yhteiskyttisyys-ja-kiertotalous-toteutuvat-Porvoon-virastotalossa-300x208.jpg 300w, https:\/\/www.senaatti.fi\/app_ykv_archive\/uploads\/sites\/10\/2021\/03\/Yhteiskyttisyys-ja-kiertotalous-toteutuvat-Porvoon-virastotalossa-768x533.jpg 768w, https:\/\/www.senaatti.fi\/app_ykv_archive\/uploads\/sites\/10\/2021\/03\/Yhteiskyttisyys-ja-kiertotalous-toteutuvat-Porvoon-virastotalossa.jpg 1440w\" sizes=\"auto, (max-width: 1110px) 100vw, 1110px\" \/><figcaption id=\"caption-attachment-4220\" class=\"wp-caption-text\"><strong>Case: Yhteisk\u00e4ytt\u00f6isyys ja kiertotalous toteutuvat Porvoon virastotalossa<\/strong> <br \/>Porvoossa aukesi loistava mahdollisuus ottaa k\u00e4ytt\u00f6\u00f6n t\u00e4ysin yhteisk\u00e4ytt\u00f6iset tilat, kun sek\u00e4 Verohallinnolla ett\u00e4 Maanmittauslaitoksella oli tarve uudistaa ty\u00f6ymp\u00e4rist\u00f6j\u00e4\u00e4n. Virastot ryhtyiv\u00e4t pilottiin vahvassa yhteisty\u00f6ss\u00e4 Senaatin kanssa, ja nyt tilat tarjoavat viihtyis\u00e4n ty\u00f6ymp\u00e4rist\u00f6n 95 henkil\u00f6lle. <br \/>\u201dKahden viraston raja-aitojen kaatamisessa oli paljon asioita, joita ratkoimme yhteisty\u00f6ss\u00e4 Senaatin kanssa ensimm\u00e4ist\u00e4 kertaa. Aina vastaukset eiv\u00e4t l\u00f6ytyneet helposti, mutta niiden etsiminen yhdess\u00e4 oli mukavaa. Monet valtion virastot tutkailevat nyt tarkasti malliamme\u201d, toimitilap\u00e4\u00e4llik\u00f6t Veron Olli Aalto ja MML:n Elina Aaltonen kertovat. <br \/><a href=\"https:\/\/www.senaatti.fi\/tyoymparistot\/inspiraatio\/artikkeli\/olemme-into-piukeina-mukana-kehityksessa-yhteiskayttoisyys-ja-kiertotalous-toteutuvat-porvoon-virastotalossa\/\" target=\"_blank\" rel=\"noopener\">Lue lis\u00e4\u00e4<\/a><\/figcaption><\/figure>\n<p>&nbsp;<\/p>\n<blockquote><p>Alueellistamisen eli virastojen siirt\u00e4misen sijaan puhutaan nyt paikkariippumattomasta ty\u00f6st\u00e4, jossa korostuu ty\u00f6n organisointi monipaikkaisuutta ja paikkariippumattomuutta hy\u00f6dynt\u00e4en.<\/p><\/blockquote>\n<p>Valtiolla on useampi aiheeseen liittyv\u00e4 strategia valmistelussa. Esimerkkin\u00e4 monipaikkaisen ty\u00f6n strategia (MOPA).<\/p>\n<p>Muutokset tarkoittavat yh\u00e4 useammin my\u00f6s kokonaan tai osittain tyhjenevi\u00e4 tiloja ja kiinteist\u00f6j\u00e4. Viime vuosina valtionhallinnon muutosten vuoksi kiinteist\u00f6j\u00e4 on vapautunut myyntiin aiempaa enemm\u00e4n.<\/p>\n<p>My\u00f6s turvallisuuteen liittyv\u00e4t n\u00e4k\u00f6kulmat on otettava huomioon entist\u00e4 tarkemmin. T\u00e4m\u00e4 heijastuu Senaatin toimintaan, jossa asiakkaille tuotettavat turvallisuuteen liittyv\u00e4t palvelut ovat kasvaneet merkitt\u00e4v\u00e4\u00e4n rooliin.<\/p>\n<h2>Valtion kiinteist\u00f6t hiilineutraaleiksi<\/h2>\n<p>Senaatti-kiinteist\u00f6jen toiminnassa erityisesti ilmastonmuutoksen torjuntaan ja hyv\u00e4\u00e4n sis\u00e4ilmaan liittyv\u00e4t n\u00e4k\u00f6kulmat korostuvat tulevaisuudessakin.<\/p>\n<p>Kest\u00e4v\u00e4n kehityksen yksi keskeisist\u00e4 n\u00e4k\u00f6kohdista on ilmastonmuutos. Uudessa hallitusohjelmassa linjataan tavoitteeksi, ett\u00e4 Suomi on hiilineutraali vuoteen 2035 menness\u00e4. Merkitt\u00e4vin osa valtion suorista p\u00e4\u00e4st\u00f6ist\u00e4 syntyy kiinteist\u00f6ist\u00e4.<\/p>\n<blockquote><p>Vuonna 2020 Senaatti aloitti hiilineutraalisuusohjelman laatimisen valtion kiinteist\u00f6j\u00e4 varten.<\/p><\/blockquote>\n<p>Keskeisi\u00e4 toimenpiteit\u00e4 ovat energiatehokkuus rakentamisessa, korjauksissa ja yll\u00e4pidossa. My\u00f6s kiertotalouden n\u00e4k\u00f6kulma vahvistuu entisest\u00e4\u00e4n, ja rakentamisessa Senaatti on tehnyt ensimm\u00e4isi\u00e4 t\u00e4h\u00e4n liittyvi\u00e4 kokeilujaan Porvoon verotoimiston uudistushankkeessa.<\/p>\n<p>Senaatti on nostanut strategiassaan sis\u00e4olosuhdeongelmien nollatoleranssin keskeiseksi tavoitteekseen. Tavoitteena on siirty\u00e4 ongelmien korostamisesta terveytt\u00e4 ja hyvinvointia edist\u00e4viin tiloihin. Haluamme olla rakentamassa rakentavaa keskustelukulttuuria eri osapuolten kesken. Panostukset ennaltaehk\u00e4isev\u00e4\u00e4n toimintaan ovat merkitt\u00e4v\u00e4t, ja ennakoivat toimenpiteet rakennetaan yhdess\u00e4 k\u00e4ytt\u00e4jien kanssa.<\/p>\n<h2>L\u00e4pin\u00e4kyv\u00e4 ja oikeudenmukainen vuokramalli<\/h2>\n<p>Vuoden 2016 alussa otetiin k\u00e4ytt\u00f6\u00f6n valtiolla omakustannusperusteinen vuokraj\u00e4rjestelm\u00e4. Tehtyjen muutosten seurauksena valtiolla on yhten\u00e4inen vuokraj\u00e4rjestelm\u00e4, joka perustuu kuluihin ja jonka seurauksena Senaatin valtioasiakkaiden vuokrauksen tulos laskee l\u00e4hes nollaan vuoden 2020 toteutetun vuokranalennuksen j\u00e4lkeen. Uusi j\u00e4rjestelm\u00e4 on hyv\u00e4 tapa jakaa kiinteist\u00f6ihin kohdistuvat kustannukset l\u00e4pin\u00e4kyv\u00e4sti ja ennakoivasti. \u00a0Vuokrien on oltava sellaisella tasolla, ett\u00e4 kiinteist\u00f6t pystyt\u00e4\u00e4n pit\u00e4m\u00e4\u00e4n hyv\u00e4ss\u00e4 kunnossa jatkossakin, sill\u00e4 niill\u00e4 pit\u00e4\u00e4 pysty\u00e4 kattamaan kiinteist\u00f6jen peruskorjaukset ja yll\u00e4pito, kuten pienkorjaukset, kiinteist\u00f6vero, huoltoty\u00f6t, j\u00e4tehuolto, l\u00e4mmitys ja s\u00e4hk\u00f6.<\/p>\n","protected":false},"excerpt":{"rendered":"<p>Senaatti-kiinteist\u00f6jen toimintaymp\u00e4rist\u00f6ss\u00e4 keskeinen muutostekij\u00e4 on ty\u00f6n murros, joka vie kohti monipaikkaista, yhteis\u00f6llist\u00e4 ja yhteisk\u00e4ytt\u00f6ist\u00e4 ty\u00f6ymp\u00e4rist\u00f6\u00e4. Muutos on entist\u00e4 korostuneempi koronapandemian tuoman uuden tilanteen johdosta. Keskeisi\u00e4 muutoksen ajureita ovat my\u00f6s uusien teknologioiden ja verkostomaisen toimintatavan tuomat mahdollisuudet sek\u00e4 hiilineutraalisuuteen liittyv\u00e4t toimenpiteet ja pitk\u00e4nt\u00e4ht\u00e4imen suunnitelmat. My\u00f6s julkisen sektorin taloudelliset muutospaineet jatkuvat. Koronapandemia on lis\u00e4nnyt valtion rakenteelliseen uudistumiseen [&hellip;]<\/p>\n","protected":false},"author":11,"featured_media":0,"parent":37,"menu_order":1,"comment_status":"closed","ping_status":"closed","template":"","meta":{"_acf_changed":false,"footnotes":""},"class_list":["post-61","page","type-page","status-publish","hentry"],"acf":[],"yoast_head":"<!-- This site is optimized with the Yoast SEO plugin v23.9 - https:\/\/yoast.com\/wordpress\/plugins\/seo\/ -->\n<title>Toimintaymp\u00e4rist\u00f6 - Senaatti 2020 - yhteiskuntavastuuraportti<\/title>\n<meta name=\"description\" content=\"Senaatti-kiinteist\u00f6jen toimintaymp\u00e4rist\u00f6ss\u00e4 keskeinen muutostekij\u00e4 on ty\u00f6n murros, joka vie kohti monipaikkaista, yhteis\u00f6llist\u00e4 ja yhteisk\u00e4ytt\u00f6ist\u00e4\" \/>\n<meta name=\"robots\" content=\"index, follow, max-snippet:-1, max-image-preview:large, max-video-preview:-1\" \/>\n<link rel=\"canonical\" href=\"https:\/\/www.senaatti.fi\/yhteiskuntavastuuraportti2020\/senaatti\/toimintaymparisto\/\" \/>\n<meta property=\"og:locale\" content=\"en_US\" \/>\n<meta property=\"og:type\" content=\"article\" \/>\n<meta property=\"og:title\" content=\"Toimintaymp\u00e4rist\u00f6 - Senaatti 2020 - yhteiskuntavastuuraportti\" \/>\n<meta property=\"og:description\" content=\"Senaatti-kiinteist\u00f6jen toimintaymp\u00e4rist\u00f6ss\u00e4 keskeinen muutostekij\u00e4 on ty\u00f6n murros, joka vie kohti monipaikkaista, yhteis\u00f6llist\u00e4 ja yhteisk\u00e4ytt\u00f6ist\u00e4\" \/>\n<meta property=\"og:url\" content=\"https:\/\/www.senaatti.fi\/yhteiskuntavastuuraportti2020\/senaatti\/toimintaymparisto\/\" \/>\n<meta property=\"og:site_name\" content=\"Senaatti 2020 - yhteiskuntavastuuraportti\" \/>\n<meta property=\"article:modified_time\" content=\"2021-04-06T10:16:13+00:00\" \/>\n<meta property=\"og:image\" content=\"https:\/\/www.senaatti.fi\/app_ykv_archive\/uploads\/sites\/10\/2021\/03\/Yhteiskyttisyys-ja-kiertotalous-toteutuvat-Porvoon-virastotalossa-1024x711.jpg\" \/>\n<meta name=\"twitter:card\" content=\"summary_large_image\" \/>\n<meta name=\"twitter:label1\" content=\"Est. reading time\" \/>\n\t<meta name=\"twitter:data1\" content=\"4 minutes\" \/>\n<script type=\"application\/ld+json\" class=\"yoast-schema-graph\">{\"@context\":\"https:\/\/schema.org\",\"@graph\":[{\"@type\":\"WebPage\",\"@id\":\"https:\/\/www.senaatti.fi\/yhteiskuntavastuuraportti2020\/senaatti\/toimintaymparisto\/\",\"url\":\"https:\/\/www.senaatti.fi\/yhteiskuntavastuuraportti2020\/senaatti\/toimintaymparisto\/\",\"name\":\"Toimintaymp\u00e4rist\u00f6 - Senaatti 2020 - yhteiskuntavastuuraportti\",\"isPartOf\":{\"@id\":\"https:\/\/www.senaatti.fi\/yhteiskuntavastuuraportti2020\/#website\"},\"primaryImageOfPage\":{\"@id\":\"https:\/\/www.senaatti.fi\/yhteiskuntavastuuraportti2020\/senaatti\/toimintaymparisto\/#primaryimage\"},\"image\":{\"@id\":\"https:\/\/www.senaatti.fi\/yhteiskuntavastuuraportti2020\/senaatti\/toimintaymparisto\/#primaryimage\"},\"thumbnailUrl\":\"https:\/\/www.senaatti.fi\/app_ykv_archive\/uploads\/sites\/10\/2021\/03\/Yhteiskyttisyys-ja-kiertotalous-toteutuvat-Porvoon-virastotalossa-1024x711.jpg\",\"datePublished\":\"2018-01-29T11:04:55+00:00\",\"dateModified\":\"2021-04-06T10:16:13+00:00\",\"description\":\"Senaatti-kiinteist\u00f6jen toimintaymp\u00e4rist\u00f6ss\u00e4 keskeinen muutostekij\u00e4 on ty\u00f6n murros, joka vie kohti monipaikkaista, yhteis\u00f6llist\u00e4 ja yhteisk\u00e4ytt\u00f6ist\u00e4\",\"breadcrumb\":{\"@id\":\"https:\/\/www.senaatti.fi\/yhteiskuntavastuuraportti2020\/senaatti\/toimintaymparisto\/#breadcrumb\"},\"inLanguage\":\"en-US\",\"potentialAction\":[{\"@type\":\"ReadAction\",\"target\":[\"https:\/\/www.senaatti.fi\/yhteiskuntavastuuraportti2020\/senaatti\/toimintaymparisto\/\"]}]},{\"@type\":\"ImageObject\",\"inLanguage\":\"en-US\",\"@id\":\"https:\/\/www.senaatti.fi\/yhteiskuntavastuuraportti2020\/senaatti\/toimintaymparisto\/#primaryimage\",\"url\":\"https:\/\/www.senaatti.fi\/app_ykv_archive\/uploads\/sites\/10\/2021\/03\/Yhteiskyttisyys-ja-kiertotalous-toteutuvat-Porvoon-virastotalossa-1024x711.jpg\",\"contentUrl\":\"https:\/\/www.senaatti.fi\/app_ykv_archive\/uploads\/sites\/10\/2021\/03\/Yhteiskyttisyys-ja-kiertotalous-toteutuvat-Porvoon-virastotalossa-1024x711.jpg\"},{\"@type\":\"BreadcrumbList\",\"@id\":\"https:\/\/www.senaatti.fi\/yhteiskuntavastuuraportti2020\/senaatti\/toimintaymparisto\/#breadcrumb\",\"itemListElement\":[{\"@type\":\"ListItem\",\"position\":1,\"name\":\"Home\",\"item\":\"https:\/\/www.senaatti.fi\/yhteiskuntavastuuraportti2020\/\"},{\"@type\":\"ListItem\",\"position\":2,\"name\":\"Senaatti\",\"item\":\"https:\/\/www.senaatti.fi\/yhteiskuntavastuuraportti2020\/senaatti\/\"},{\"@type\":\"ListItem\",\"position\":3,\"name\":\"Toimintaymp\u00e4rist\u00f6\"}]},{\"@type\":\"WebSite\",\"@id\":\"https:\/\/www.senaatti.fi\/yhteiskuntavastuuraportti2020\/#website\",\"url\":\"https:\/\/www.senaatti.fi\/yhteiskuntavastuuraportti2020\/\",\"name\":\"Senaatti 2020 - yhteiskuntavastuuraportti\",\"description\":\"\",\"potentialAction\":[{\"@type\":\"SearchAction\",\"target\":{\"@type\":\"EntryPoint\",\"urlTemplate\":\"https:\/\/www.senaatti.fi\/yhteiskuntavastuuraportti2020\/?s={search_term_string}\"},\"query-input\":{\"@type\":\"PropertyValueSpecification\",\"valueRequired\":true,\"valueName\":\"search_term_string\"}}],\"inLanguage\":\"en-US\"}]}<\/script>\n<!-- \/ Yoast SEO plugin. -->","yoast_head_json":{"title":"Toimintaymp\u00e4rist\u00f6 - Senaatti 2020 - yhteiskuntavastuuraportti","description":"Senaatti-kiinteist\u00f6jen toimintaymp\u00e4rist\u00f6ss\u00e4 keskeinen muutostekij\u00e4 on ty\u00f6n murros, joka vie kohti monipaikkaista, yhteis\u00f6llist\u00e4 ja yhteisk\u00e4ytt\u00f6ist\u00e4","robots":{"index":"index","follow":"follow","max-snippet":"max-snippet:-1","max-image-preview":"max-image-preview:large","max-video-preview":"max-video-preview:-1"},"canonical":"https:\/\/www.senaatti.fi\/yhteiskuntavastuuraportti2020\/senaatti\/toimintaymparisto\/","og_locale":"en_US","og_type":"article","og_title":"Toimintaymp\u00e4rist\u00f6 - Senaatti 2020 - yhteiskuntavastuuraportti","og_description":"Senaatti-kiinteist\u00f6jen toimintaymp\u00e4rist\u00f6ss\u00e4 keskeinen muutostekij\u00e4 on ty\u00f6n murros, joka vie kohti monipaikkaista, yhteis\u00f6llist\u00e4 ja yhteisk\u00e4ytt\u00f6ist\u00e4","og_url":"https:\/\/www.senaatti.fi\/yhteiskuntavastuuraportti2020\/senaatti\/toimintaymparisto\/","og_site_name":"Senaatti 2020 - yhteiskuntavastuuraportti","article_modified_time":"2021-04-06T10:16:13+00:00","og_image":[{"url":"https:\/\/www.senaatti.fi\/app_ykv_archive\/uploads\/sites\/10\/2021\/03\/Yhteiskyttisyys-ja-kiertotalous-toteutuvat-Porvoon-virastotalossa-1024x711.jpg"}],"twitter_card":"summary_large_image","twitter_misc":{"Est. reading time":"4 minutes"},"schema":{"@context":"https:\/\/schema.org","@graph":[{"@type":"WebPage","@id":"https:\/\/www.senaatti.fi\/yhteiskuntavastuuraportti2020\/senaatti\/toimintaymparisto\/","url":"https:\/\/www.senaatti.fi\/yhteiskuntavastuuraportti2020\/senaatti\/toimintaymparisto\/","name":"Toimintaymp\u00e4rist\u00f6 - Senaatti 2020 - yhteiskuntavastuuraportti","isPartOf":{"@id":"https:\/\/www.senaatti.fi\/yhteiskuntavastuuraportti2020\/#website"},"primaryImageOfPage":{"@id":"https:\/\/www.senaatti.fi\/yhteiskuntavastuuraportti2020\/senaatti\/toimintaymparisto\/#primaryimage"},"image":{"@id":"https:\/\/www.senaatti.fi\/yhteiskuntavastuuraportti2020\/senaatti\/toimintaymparisto\/#primaryimage"},"thumbnailUrl":"https:\/\/www.senaatti.fi\/app_ykv_archive\/uploads\/sites\/10\/2021\/03\/Yhteiskyttisyys-ja-kiertotalous-toteutuvat-Porvoon-virastotalossa-1024x711.jpg","datePublished":"2018-01-29T11:04:55+00:00","dateModified":"2021-04-06T10:16:13+00:00","description":"Senaatti-kiinteist\u00f6jen toimintaymp\u00e4rist\u00f6ss\u00e4 keskeinen muutostekij\u00e4 on ty\u00f6n murros, joka vie kohti monipaikkaista, yhteis\u00f6llist\u00e4 ja yhteisk\u00e4ytt\u00f6ist\u00e4","breadcrumb":{"@id":"https:\/\/www.senaatti.fi\/yhteiskuntavastuuraportti2020\/senaatti\/toimintaymparisto\/#breadcrumb"},"inLanguage":"en-US","potentialAction":[{"@type":"ReadAction","target":["https:\/\/www.senaatti.fi\/yhteiskuntavastuuraportti2020\/senaatti\/toimintaymparisto\/"]}]},{"@type":"ImageObject","inLanguage":"en-US","@id":"https:\/\/www.senaatti.fi\/yhteiskuntavastuuraportti2020\/senaatti\/toimintaymparisto\/#primaryimage","url":"https:\/\/www.senaatti.fi\/app_ykv_archive\/uploads\/sites\/10\/2021\/03\/Yhteiskyttisyys-ja-kiertotalous-toteutuvat-Porvoon-virastotalossa-1024x711.jpg","contentUrl":"https:\/\/www.senaatti.fi\/app_ykv_archive\/uploads\/sites\/10\/2021\/03\/Yhteiskyttisyys-ja-kiertotalous-toteutuvat-Porvoon-virastotalossa-1024x711.jpg"},{"@type":"BreadcrumbList","@id":"https:\/\/www.senaatti.fi\/yhteiskuntavastuuraportti2020\/senaatti\/toimintaymparisto\/#breadcrumb","itemListElement":[{"@type":"ListItem","position":1,"name":"Home","item":"https:\/\/www.senaatti.fi\/yhteiskuntavastuuraportti2020\/"},{"@type":"ListItem","position":2,"name":"Senaatti","item":"https:\/\/www.senaatti.fi\/yhteiskuntavastuuraportti2020\/senaatti\/"},{"@type":"ListItem","position":3,"name":"Toimintaymp\u00e4rist\u00f6"}]},{"@type":"WebSite","@id":"https:\/\/www.senaatti.fi\/yhteiskuntavastuuraportti2020\/#website","url":"https:\/\/www.senaatti.fi\/yhteiskuntavastuuraportti2020\/","name":"Senaatti 2020 - yhteiskuntavastuuraportti","description":"","potentialAction":[{"@type":"SearchAction","target":{"@type":"EntryPoint","urlTemplate":"https:\/\/www.senaatti.fi\/yhteiskuntavastuuraportti2020\/?s={search_term_string}"},"query-input":{"@type":"PropertyValueSpecification","valueRequired":true,"valueName":"search_term_string"}}],"inLanguage":"en-US"}]}},"_links":{"self":[{"href":"https:\/\/www.senaatti.fi\/yhteiskuntavastuuraportti2020\/wp-json\/wp\/v2\/pages\/61","targetHints":{"allow":["GET"]}}],"collection":[{"href":"https:\/\/www.senaatti.fi\/yhteiskuntavastuuraportti2020\/wp-json\/wp\/v2\/pages"}],"about":[{"href":"https:\/\/www.senaatti.fi\/yhteiskuntavastuuraportti2020\/wp-json\/wp\/v2\/types\/page"}],"author":[{"embeddable":true,"href":"https:\/\/www.senaatti.fi\/yhteiskuntavastuuraportti2020\/wp-json\/wp\/v2\/users\/11"}],"replies":[{"embeddable":true,"href":"https:\/\/www.senaatti.fi\/yhteiskuntavastuuraportti2020\/wp-json\/wp\/v2\/comments?post=61"}],"version-history":[{"count":13,"href":"https:\/\/www.senaatti.fi\/yhteiskuntavastuuraportti2020\/wp-json\/wp\/v2\/pages\/61\/revisions"}],"predecessor-version":[{"id":4424,"href":"https:\/\/www.senaatti.fi\/yhteiskuntavastuuraportti2020\/wp-json\/wp\/v2\/pages\/61\/revisions\/4424"}],"up":[{"embeddable":true,"href":"https:\/\/www.senaatti.fi\/yhteiskuntavastuuraportti2020\/wp-json\/wp\/v2\/pages\/37"}],"wp:attachment":[{"href":"https:\/\/www.senaatti.fi\/yhteiskuntavastuuraportti2020\/wp-json\/wp\/v2\/media?parent=61"}],"curies":[{"name":"wp","href":"https:\/\/api.w.org\/{rel}","templated":true}]}}