{"id":55,"date":"2018-01-29T11:03:57","date_gmt":"2018-01-29T11:03:57","guid":{"rendered":"https:\/\/www.senaatti.fi\/yhteiskuntavastuuraportti2020\/?page_id=55"},"modified":"2021-04-06T16:42:18","modified_gmt":"2021-04-06T16:42:18","slug":"palkitseminen","status":"publish","type":"page","link":"https:\/\/www.senaatti.fi\/yhteiskuntavastuuraportti2020\/senaatti\/hallinto-ja-johto\/palkitseminen\/","title":{"rendered":"Palkitseminen"},"content":{"rendered":"<p>Senaatissa on monenlaisia tapoja ja keinoja k\u00e4yt\u00f6ss\u00e4 hyv\u00e4st\u00e4 ty\u00f6suorituksesta palkitsemiseen. Rahallisen palkitsemisen lis\u00e4ksi aineeton palkitseminen on t\u00e4rke\u00e4ss\u00e4 roolissa.<\/p>\n<p>Senaatin henkil\u00f6st\u00f6n kuukausipalkkaus perustuu teht\u00e4v\u00e4n vaativuuteen ja siin\u00e4 suoriutumiseen. Kuukausipalkka on kokonaispalkka, jonka osia ovat rahapalkka ja mahdolliset luontoisedut (puhelin- ja\/tai autoetu).<\/p>\n<p>Senaatin johdolla on sopimuspalkat, joissa ei ole tavanomaisista ty\u00f6suhde-eduista poikkeavia etuuksia eik\u00e4 lis\u00e4el\u00e4kej\u00e4rjestelyj\u00e4.<\/p>\n<h2>Koko henkil\u00f6st\u00f6 tulospalkkiomallin piiriss\u00e4<\/h2>\n<p>Tulospalkkioiden maksamisen edellytyksen\u00e4 on tavoitteena olleen kynnysarvon saavuttaminen. Vuonna 2020 se oli budjetin mukainen vuokrakate.<\/p>\n<p>Tulospalkkion suuruus m\u00e4\u00e4r\u00e4ytyy henkil\u00f6kohtaisten tuloskorttien tulostavoitteiden toteumien perusteella. Kullakin kortilla tavoitteita voi olla yksikk\u00f6-, ryhm\u00e4- ja henkil\u00f6tasolla.<\/p>\n<p>Yhteisi\u00e4 tavoitteita ovat esimiehill\u00e4 esimiehisyyden tunnusluku, joka on oman yksik\u00f6n henkil\u00f6st\u00f6n n\u00e4kemys esimiesty\u00f6n toimivuudesta ja kiinteist\u00f6p\u00e4\u00e4llik\u00f6ill\u00e4 energiatavoitteiden toteutuminen ja kiinteist\u00f6alueen asiakastyytyv\u00e4isyys.<\/p>\n<p>Tulospalkkio voi olla enint\u00e4\u00e4n yhden kuukauden palkan suuruinen. Toimitusjohtajan tulospalkkio voi olla enint\u00e4\u00e4n kolmen kuukauden palkan suuruinen.<\/p>\n<p>Senaatissa aineettomia palkitsemisen muotoja ovat esimerkiksi osallistuminen toimialan toiminnan kehitt\u00e4miseen ja laajat vaikutusmahdollisuudet, mahdollisuus oman ammattitaidon yll\u00e4pit\u00e4miseen ja kehitt\u00e4miseen, laaja ty\u00f6hyvinvointitoiminta, kattava ty\u00f6terveyshuolto, eri el\u00e4m\u00e4ntilanteet huomioiva ty\u00f6nantajapolitiikka ja hyv\u00e4 esimiehisyys.<\/p>\n<h2>Kannustavat kertapalkkiot<\/h2>\n<p>Hyv\u00e4st\u00e4 ty\u00f6suorituksesta voi saada kertapalkkion. Yleens\u00e4 kertapalkkion perusteena on poikkeavan hyv\u00e4 suoritus ja kertapalkkio voi olla yksil\u00f6kohtainen tai tiimille annettu.<\/p>\n<p>Palkitsemista kehitet\u00e4\u00e4n tiiviisti yhdess\u00e4 ty\u00f6ntekij\u00e4j\u00e4rjest\u00f6jen kanssa. Palkkausj\u00e4rjestelm\u00e4n kehitt\u00e4misryhm\u00e4 muun muassa hyv\u00e4ksyy teht\u00e4vien vaativuudet ja osallistuu palkkausj\u00e4rjestelm\u00e4n kehitt\u00e4miseen.<\/p>\n<h2>El\u00e4k\u00f6ityminen ja irtisanoutuminen<\/h2>\n<p>El\u00e4kkeet m\u00e4\u00e4r\u00e4ytyv\u00e4t valtion el\u00e4kelain mukaisesti eli senaattilainen voi omalla p\u00e4\u00e4t\u00f6ksell\u00e4\u00e4n j\u00e4\u00e4d\u00e4 vanhuusel\u00e4kkeelle 63\u201368 vuoden v\u00e4lill\u00e4. Senaattilainen voi omalla p\u00e4\u00e4t\u00f6ksell\u00e4\u00e4n j\u00e4\u00e4d\u00e4 vanhuusel\u00e4kkeelle t\u00e4ytetty\u00e4\u00e4n 63 vuotta huomioiden kuitenkin 1.1.2017 voimaan tullut el\u00e4kelakiuudistus.<\/p>\n<p>Toimitusjohtajan irtisanomisaika on kuusi kuukautta ja irtisanomiskorvaus on kuuden kuukauden palkka. Johtoryhmien j\u00e4senten irtisanomisaika m\u00e4\u00e4r\u00e4ytyy ty\u00f6ehtosopimuksen mukaisesti.<\/p>\n<h2>Johdon palkitseminen<\/h2>\n<p>Toimitusjohtajan ja johtoryhm\u00e4n j\u00e4senten kiinte\u00e4 palkanosa sis\u00e4lt\u00e4\u00e4 kuukausipalkan ja luontaisedut (auto ja puhelinetu) sek\u00e4 lomarahan. Muuttuva osa on tulospalkkio. Senaatin ylimm\u00e4n johdon palkitseminen perustuu tuloskorttitavoitteiden toteutumiseen. Tavoitteet on johdettu Senaatin strategiasta.\u00a0 Nykyisell\u00e4 strategiakaudella ne liittyv\u00e4t muun muassa asiakaskokemuksen laadun parantamiseen, toimitilas\u00e4\u00e4st\u00f6jen aikaansaamiseen ja sis\u00e4olosuhteiden parantamiseen Senaatin nollatoleranssi-tavoitteen mukaisesti.\u00a0 Hallituksen j\u00e4senille maksetaan kokouspalkkio.<\/p>\n<p>Vuoden 2020 johdon palkka- ja palkkiotiedot on esitetty alla olevassa taulukossa. Palkkiot raportoidaan my\u00f6s Senaatin hallituksen tilinp\u00e4\u00e4t\u00f6ksess\u00e4.<\/p>\n<table class=\"senaatti-table senaatti-table--striped senaatti-table--responsive-stacked\" style=\"height: 328px;\">\n<caption><strong>S<\/strong>enaatti-kiinteist\u00f6jen hallitus vuonna 2020<\/caption>\n<thead>\n<tr style=\"height: 45px;\">\n<th style=\"width: 693px; height: 45px;\" data-sen-equalize-width=\"heading1\">Hallituksen j\u00e4sen<\/th>\n<th class=\"senaatti-table-cell senaatti-table-cell--no-line-wrap\" style=\"width: 171px; height: 45px;\" data-sen-equalize-width=\"heading2\">Palkkio (\u20ac)<\/th>\n<\/tr>\n<\/thead>\n<tbody>\n<tr class=\"table-row-is-heading \" style=\"height: 46px;\">\n<td style=\"width: 693px; height: 46px;\">Hannele Pokka (osallistunut 12\/12 kokoukseen)<\/td>\n<td style=\"width: 171px; height: 46px;\">16 800<\/td>\n<\/tr>\n<tr style=\"height: 45px;\">\n<td style=\"width: 693px; height: 45px;\">Kari Ruohonen (osallistunut 12\/12 kokoukseen)<\/td>\n<td class=\"senaatti-table-cell senaatti-table-cell--no-line-wrap\" style=\"width: 171px; height: 45px;\">13 320<\/td>\n<\/tr>\n<tr style=\"height: 45px;\">\n<td style=\"width: 693px; height: 45px;\">Markus Siltanen (osallistunut 12\/12 kokoukseen)<\/td>\n<td class=\"senaatti-table-cell senaatti-table-cell--no-line-wrap\" style=\"width: 171px; height: 45px;\">13 320<\/td>\n<\/tr>\n<tr style=\"height: 45px;\">\n<td style=\"width: 693px; height: 45px;\">Raimo Jyv\u00e4sj\u00e4rvi\u00a0 (osallistunut 12\/12kokoukseen)<\/td>\n<td class=\"senaatti-table-cell senaatti-table-cell--no-line-wrap\" style=\"width: 171px; height: 45px;\">13 320<\/td>\n<\/tr>\n<tr style=\"height: 57px;\">\n<td style=\"width: 693px; height: 57px;\">Ulla Hiekkanen-M\u00e4kel\u00e4 (osallistunut 11\/12 kokoukseen)<\/td>\n<td class=\"senaatti-table-cell senaatti-table-cell--no-line-wrap\" style=\"width: 171px; height: 57px;\">13 070<\/td>\n<\/tr>\n<tr style=\"height: 45px;\">\n<td style=\"width: 693px; height: 45px;\">Jari Auer (osallistunut 12\/12 kokoukseen)<\/td>\n<td style=\"width: 171px; height: 45px;\">13 320<\/td>\n<\/tr>\n<\/tbody>\n<\/table>\n<table class=\"senaatti-table senaatti-table--striped senaatti-table--responsive-stacked\">\n<caption>Senaatti-kiinteist\u00f6jen johto<\/caption>\n<thead>\n<tr>\n<th data-sen-equalize-width-target=\"heading1\">Kuvaus<\/th>\n<th class=\"senaatti-table-cell senaatti-table-cell--no-line-wrap\" data-sen-equalize-width-target=\"heading2\">Palkkio (\u20ac)<\/th>\n<\/tr>\n<\/thead>\n<tbody>\n<tr>\n<td>Toimitusjohtajalle maksettu kiinte\u00e4 palkan osa<\/td>\n<td class=\"senaatti-table-cell senaatti-table-cell--no-line-wrap\">235 377<\/td>\n<\/tr>\n<tr>\n<td>Toimitusjohtajalle maksettu muuttuva palkan osa<\/td>\n<td class=\"senaatti-table-cell senaatti-table-cell--no-line-wrap\">51 315<\/td>\n<\/tr>\n<tr>\n<td>Johtoryhm\u00e4lle (ei sis. toimitusjohtaja) maksettu kiinte\u00e4 palkan osa<\/td>\n<td class=\"senaatti-table-cell senaatti-table-cell--no-line-wrap\">2 138 686<\/td>\n<\/tr>\n<tr>\n<td>Johtoryhm\u00e4lle (ei sis. toimitusjohtaja) maksettu muuttuva palkan osa<\/td>\n<td class=\"senaatti-table-cell senaatti-table-cell--no-line-wrap\">144 764<\/td>\n<\/tr>\n<\/tbody>\n<\/table>\n<table class=\"senaatti-table senaatti-table--striped senaatti-table--responsive-stacked\">\n<caption>Tilintarkastusyhteis\u00f6n palkkiot (PwC Oy)<\/caption>\n<thead>\n<tr>\n<th data-sen-equalize-width=\"heading1\">Kuvaus<\/th>\n<th class=\"senaatti-table-cell senaatti-table-cell--no-line-wrap\" data-sen-equalize-width-target=\"heading2\">Palkkio (\u20ac)<\/th>\n<\/tr>\n<\/thead>\n<tbody>\n<tr>\n<td>Lakis\u00e4\u00e4teisest\u00e4 tilintarkastuksesta maksettu korvaus<\/td>\n<td class=\"senaatti-table-cell senaatti-table-cell--no-line-wrap\">37 606<\/td>\n<\/tr>\n<tr>\n<td>Muut palvelut<\/td>\n<td class=\"senaatti-table-cell senaatti-table-cell--no-line-wrap\">41 123<\/td>\n<\/tr>\n<\/tbody>\n<\/table>\n<p>&nbsp;<\/p>\n","protected":false},"excerpt":{"rendered":"<p>Senaatissa on monenlaisia tapoja ja keinoja k\u00e4yt\u00f6ss\u00e4 hyv\u00e4st\u00e4 ty\u00f6suorituksesta palkitsemiseen. Rahallisen palkitsemisen lis\u00e4ksi aineeton palkitseminen on t\u00e4rke\u00e4ss\u00e4 roolissa. Senaatin henkil\u00f6st\u00f6n kuukausipalkkaus perustuu teht\u00e4v\u00e4n vaativuuteen ja siin\u00e4 suoriutumiseen. Kuukausipalkka on kokonaispalkka, jonka osia ovat rahapalkka ja mahdolliset luontoisedut (puhelin- ja\/tai autoetu). Senaatin johdolla on sopimuspalkat, joissa ei ole tavanomaisista ty\u00f6suhde-eduista poikkeavia etuuksia eik\u00e4 lis\u00e4el\u00e4kej\u00e4rjestelyj\u00e4. Koko henkil\u00f6st\u00f6 [&hellip;]<\/p>\n","protected":false},"author":11,"featured_media":0,"parent":49,"menu_order":1,"comment_status":"closed","ping_status":"closed","template":"","meta":{"_acf_changed":false,"footnotes":""},"class_list":["post-55","page","type-page","status-publish","hentry"],"acf":[],"yoast_head":"<!-- This site is optimized with the Yoast SEO plugin v23.9 - https:\/\/yoast.com\/wordpress\/plugins\/seo\/ -->\n<title>Palkitseminen - Senaatti 2020 - yhteiskuntavastuuraportti<\/title>\n<meta name=\"description\" content=\"Senaatissa on monenlaisia tapoja ja keinoja k\u00e4yt\u00f6ss\u00e4 hyv\u00e4st\u00e4 ty\u00f6suorituksesta palkitsemiseen. Rahallisen palkitsemisen lis\u00e4ksi aineeton palkitseminen on\" \/>\n<meta name=\"robots\" content=\"index, follow, max-snippet:-1, max-image-preview:large, max-video-preview:-1\" \/>\n<link rel=\"canonical\" href=\"https:\/\/www.senaatti.fi\/yhteiskuntavastuuraportti2020\/senaatti\/hallinto-ja-johto\/palkitseminen\/\" \/>\n<meta property=\"og:locale\" content=\"en_US\" \/>\n<meta property=\"og:type\" content=\"article\" \/>\n<meta property=\"og:title\" content=\"Palkitseminen - Senaatti 2020 - yhteiskuntavastuuraportti\" \/>\n<meta property=\"og:description\" content=\"Senaatissa on monenlaisia tapoja ja keinoja k\u00e4yt\u00f6ss\u00e4 hyv\u00e4st\u00e4 ty\u00f6suorituksesta palkitsemiseen. Rahallisen palkitsemisen lis\u00e4ksi aineeton palkitseminen on\" \/>\n<meta property=\"og:url\" content=\"https:\/\/www.senaatti.fi\/yhteiskuntavastuuraportti2020\/senaatti\/hallinto-ja-johto\/palkitseminen\/\" \/>\n<meta property=\"og:site_name\" content=\"Senaatti 2020 - yhteiskuntavastuuraportti\" \/>\n<meta property=\"article:modified_time\" content=\"2021-04-06T16:42:18+00:00\" \/>\n<meta name=\"twitter:card\" content=\"summary_large_image\" \/>\n<meta name=\"twitter:label1\" content=\"Est. reading time\" \/>\n\t<meta name=\"twitter:data1\" content=\"2 minutes\" \/>\n<script type=\"application\/ld+json\" class=\"yoast-schema-graph\">{\"@context\":\"https:\/\/schema.org\",\"@graph\":[{\"@type\":\"WebPage\",\"@id\":\"https:\/\/www.senaatti.fi\/yhteiskuntavastuuraportti2020\/senaatti\/hallinto-ja-johto\/palkitseminen\/\",\"url\":\"https:\/\/www.senaatti.fi\/yhteiskuntavastuuraportti2020\/senaatti\/hallinto-ja-johto\/palkitseminen\/\",\"name\":\"Palkitseminen - Senaatti 2020 - yhteiskuntavastuuraportti\",\"isPartOf\":{\"@id\":\"https:\/\/www.senaatti.fi\/yhteiskuntavastuuraportti2020\/#website\"},\"datePublished\":\"2018-01-29T11:03:57+00:00\",\"dateModified\":\"2021-04-06T16:42:18+00:00\",\"description\":\"Senaatissa on monenlaisia tapoja ja keinoja k\u00e4yt\u00f6ss\u00e4 hyv\u00e4st\u00e4 ty\u00f6suorituksesta palkitsemiseen. Rahallisen palkitsemisen lis\u00e4ksi aineeton palkitseminen on\",\"breadcrumb\":{\"@id\":\"https:\/\/www.senaatti.fi\/yhteiskuntavastuuraportti2020\/senaatti\/hallinto-ja-johto\/palkitseminen\/#breadcrumb\"},\"inLanguage\":\"en-US\",\"potentialAction\":[{\"@type\":\"ReadAction\",\"target\":[\"https:\/\/www.senaatti.fi\/yhteiskuntavastuuraportti2020\/senaatti\/hallinto-ja-johto\/palkitseminen\/\"]}]},{\"@type\":\"BreadcrumbList\",\"@id\":\"https:\/\/www.senaatti.fi\/yhteiskuntavastuuraportti2020\/senaatti\/hallinto-ja-johto\/palkitseminen\/#breadcrumb\",\"itemListElement\":[{\"@type\":\"ListItem\",\"position\":1,\"name\":\"Home\",\"item\":\"https:\/\/www.senaatti.fi\/yhteiskuntavastuuraportti2020\/\"},{\"@type\":\"ListItem\",\"position\":2,\"name\":\"Senaatti\",\"item\":\"https:\/\/www.senaatti.fi\/yhteiskuntavastuuraportti2020\/senaatti\/\"},{\"@type\":\"ListItem\",\"position\":3,\"name\":\"Hallinto ja johto\",\"item\":\"https:\/\/www.senaatti.fi\/yhteiskuntavastuuraportti2020\/senaatti\/hallinto-ja-johto\/\"},{\"@type\":\"ListItem\",\"position\":4,\"name\":\"Palkitseminen\"}]},{\"@type\":\"WebSite\",\"@id\":\"https:\/\/www.senaatti.fi\/yhteiskuntavastuuraportti2020\/#website\",\"url\":\"https:\/\/www.senaatti.fi\/yhteiskuntavastuuraportti2020\/\",\"name\":\"Senaatti 2020 - yhteiskuntavastuuraportti\",\"description\":\"\",\"potentialAction\":[{\"@type\":\"SearchAction\",\"target\":{\"@type\":\"EntryPoint\",\"urlTemplate\":\"https:\/\/www.senaatti.fi\/yhteiskuntavastuuraportti2020\/?s={search_term_string}\"},\"query-input\":{\"@type\":\"PropertyValueSpecification\",\"valueRequired\":true,\"valueName\":\"search_term_string\"}}],\"inLanguage\":\"en-US\"}]}<\/script>\n<!-- \/ Yoast SEO plugin. -->","yoast_head_json":{"title":"Palkitseminen - Senaatti 2020 - yhteiskuntavastuuraportti","description":"Senaatissa on monenlaisia tapoja ja keinoja k\u00e4yt\u00f6ss\u00e4 hyv\u00e4st\u00e4 ty\u00f6suorituksesta palkitsemiseen. Rahallisen palkitsemisen lis\u00e4ksi aineeton palkitseminen on","robots":{"index":"index","follow":"follow","max-snippet":"max-snippet:-1","max-image-preview":"max-image-preview:large","max-video-preview":"max-video-preview:-1"},"canonical":"https:\/\/www.senaatti.fi\/yhteiskuntavastuuraportti2020\/senaatti\/hallinto-ja-johto\/palkitseminen\/","og_locale":"en_US","og_type":"article","og_title":"Palkitseminen - Senaatti 2020 - yhteiskuntavastuuraportti","og_description":"Senaatissa on monenlaisia tapoja ja keinoja k\u00e4yt\u00f6ss\u00e4 hyv\u00e4st\u00e4 ty\u00f6suorituksesta palkitsemiseen. Rahallisen palkitsemisen lis\u00e4ksi aineeton palkitseminen on","og_url":"https:\/\/www.senaatti.fi\/yhteiskuntavastuuraportti2020\/senaatti\/hallinto-ja-johto\/palkitseminen\/","og_site_name":"Senaatti 2020 - yhteiskuntavastuuraportti","article_modified_time":"2021-04-06T16:42:18+00:00","twitter_card":"summary_large_image","twitter_misc":{"Est. reading time":"2 minutes"},"schema":{"@context":"https:\/\/schema.org","@graph":[{"@type":"WebPage","@id":"https:\/\/www.senaatti.fi\/yhteiskuntavastuuraportti2020\/senaatti\/hallinto-ja-johto\/palkitseminen\/","url":"https:\/\/www.senaatti.fi\/yhteiskuntavastuuraportti2020\/senaatti\/hallinto-ja-johto\/palkitseminen\/","name":"Palkitseminen - Senaatti 2020 - yhteiskuntavastuuraportti","isPartOf":{"@id":"https:\/\/www.senaatti.fi\/yhteiskuntavastuuraportti2020\/#website"},"datePublished":"2018-01-29T11:03:57+00:00","dateModified":"2021-04-06T16:42:18+00:00","description":"Senaatissa on monenlaisia tapoja ja keinoja k\u00e4yt\u00f6ss\u00e4 hyv\u00e4st\u00e4 ty\u00f6suorituksesta palkitsemiseen. Rahallisen palkitsemisen lis\u00e4ksi aineeton palkitseminen on","breadcrumb":{"@id":"https:\/\/www.senaatti.fi\/yhteiskuntavastuuraportti2020\/senaatti\/hallinto-ja-johto\/palkitseminen\/#breadcrumb"},"inLanguage":"en-US","potentialAction":[{"@type":"ReadAction","target":["https:\/\/www.senaatti.fi\/yhteiskuntavastuuraportti2020\/senaatti\/hallinto-ja-johto\/palkitseminen\/"]}]},{"@type":"BreadcrumbList","@id":"https:\/\/www.senaatti.fi\/yhteiskuntavastuuraportti2020\/senaatti\/hallinto-ja-johto\/palkitseminen\/#breadcrumb","itemListElement":[{"@type":"ListItem","position":1,"name":"Home","item":"https:\/\/www.senaatti.fi\/yhteiskuntavastuuraportti2020\/"},{"@type":"ListItem","position":2,"name":"Senaatti","item":"https:\/\/www.senaatti.fi\/yhteiskuntavastuuraportti2020\/senaatti\/"},{"@type":"ListItem","position":3,"name":"Hallinto ja johto","item":"https:\/\/www.senaatti.fi\/yhteiskuntavastuuraportti2020\/senaatti\/hallinto-ja-johto\/"},{"@type":"ListItem","position":4,"name":"Palkitseminen"}]},{"@type":"WebSite","@id":"https:\/\/www.senaatti.fi\/yhteiskuntavastuuraportti2020\/#website","url":"https:\/\/www.senaatti.fi\/yhteiskuntavastuuraportti2020\/","name":"Senaatti 2020 - yhteiskuntavastuuraportti","description":"","potentialAction":[{"@type":"SearchAction","target":{"@type":"EntryPoint","urlTemplate":"https:\/\/www.senaatti.fi\/yhteiskuntavastuuraportti2020\/?s={search_term_string}"},"query-input":{"@type":"PropertyValueSpecification","valueRequired":true,"valueName":"search_term_string"}}],"inLanguage":"en-US"}]}},"_links":{"self":[{"href":"https:\/\/www.senaatti.fi\/yhteiskuntavastuuraportti2020\/wp-json\/wp\/v2\/pages\/55","targetHints":{"allow":["GET"]}}],"collection":[{"href":"https:\/\/www.senaatti.fi\/yhteiskuntavastuuraportti2020\/wp-json\/wp\/v2\/pages"}],"about":[{"href":"https:\/\/www.senaatti.fi\/yhteiskuntavastuuraportti2020\/wp-json\/wp\/v2\/types\/page"}],"author":[{"embeddable":true,"href":"https:\/\/www.senaatti.fi\/yhteiskuntavastuuraportti2020\/wp-json\/wp\/v2\/users\/11"}],"replies":[{"embeddable":true,"href":"https:\/\/www.senaatti.fi\/yhteiskuntavastuuraportti2020\/wp-json\/wp\/v2\/comments?post=55"}],"version-history":[{"count":11,"href":"https:\/\/www.senaatti.fi\/yhteiskuntavastuuraportti2020\/wp-json\/wp\/v2\/pages\/55\/revisions"}],"predecessor-version":[{"id":4441,"href":"https:\/\/www.senaatti.fi\/yhteiskuntavastuuraportti2020\/wp-json\/wp\/v2\/pages\/55\/revisions\/4441"}],"up":[{"embeddable":true,"href":"https:\/\/www.senaatti.fi\/yhteiskuntavastuuraportti2020\/wp-json\/wp\/v2\/pages\/49"}],"wp:attachment":[{"href":"https:\/\/www.senaatti.fi\/yhteiskuntavastuuraportti2020\/wp-json\/wp\/v2\/media?parent=55"}],"curies":[{"name":"wp","href":"https:\/\/api.w.org\/{rel}","templated":true}]}}