{"id":5,"date":"2018-01-29T10:56:11","date_gmt":"2018-01-29T10:56:11","guid":{"rendered":"https:\/\/www.senaatti.fi\/yhteiskuntavastuuraportti2020\/?page_id=5"},"modified":"2023-06-19T13:19:37","modified_gmt":"2023-06-19T13:19:37","slug":"vuosi-2020","status":"publish","type":"page","link":"https:\/\/www.senaatti.fi\/yhteiskuntavastuuraportti2020\/vuosi-2020\/","title":{"rendered":"Vuosi 2020"},"content":{"rendered":"<div class=\"wpb-content-wrapper\"><p>[vc_row][vc_column][senaatti_hero image_position_horizontal=&#8221;left&#8221; image_position_vertical=&#8221;top&#8221; background_color=&#8221;senaatti-konserni-purple&#8221; heading_size=&#8221;title_small&#8221; hide_gradient=&#8221;true&#8221; smaller_hero=&#8221;true&#8221; heading=&#8221;Tuloksellinen vuosi poikkeusellisissa oloissa&#8221; image=&#8221;3829&#8243; text=&#8221;Vuosi 2020 sujui Senaatissa ja valtiolla et\u00e4ty\u00f6n merkeiss\u00e4. Koronan aiheuttamista haasteista huolimatta pystyimme pit\u00e4m\u00e4\u00e4n toimintamme hyvin k\u00e4ynniss\u00e4 ja viem\u00e4\u00e4n l\u00e4pi lukuisia yhteisi\u00e4 toimitilaprojekteja asiakkaidemme kanssa. My\u00f6s kiinteist\u00f6jen myynnit sek\u00e4 rakennushankkeet eteniv\u00e4t.<\/p>\n<p>Tuimme koronan vuoksi vaikeuksiin joutuneita yksityisi\u00e4 vuokralaisasiakkaitamme my\u00f6nt\u00e4m\u00e4ll\u00e4 vuokranalennuksia ja toimittajakumppaneitamme nopeuttamalla laskujen maksamista.&#8221; mobile_image=&#8221;3829&#8243;][\/vc_column][\/vc_row][vc_row][vc_column offset=&#8221;vc_col-md-offset-1 vc_col-md-10&#8243;][vc_column_text]<\/p>\n<h2>Avainluvut<\/h2>\n<table class=\"senaatti-table senaatti-table--striped senaatti-table--overflow-scroll\">\n<thead>\n<tr>\n<th style=\"width: 659px;\" data-sen-equalize-width=\"heading1\">M\u20ac<\/th>\n<th style=\"width: 127px;\">2020<\/th>\n<th style=\"width: 127px;\">2019<\/th>\n<th class=\"senaatti-table-cell senaatti-table-cell--no-line-wrap\" style=\"width: 197px;\">Muutos-%<\/th>\n<\/tr>\n<\/thead>\n<caption><img loading=\"lazy\" decoding=\"async\" src=\"https:\/\/www.senaatti.fi\/app_ykv_archive\/uploads\/sites\/10\/2021\/04\/Tuloksellinen_vuosi.svg\" alt=\"\" style=\"margin-top: -2px; margin-bottom: 0px; margin-right: 5px;\" class=\"alignnone size-medium wp-image-4354\" width=\"24\" height=\"24\" \/>\u00a0Taloudellinen vastuu<\/caption>\n<tbody>\n<tr>\n<td style=\"width: 659px;\">Liikevaihto *)<\/td>\n<td style=\"width: 127px;\">634<\/td>\n<td style=\"width: 127px;\">647<\/td>\n<td class=\"senaatti-table-cell senaatti-table-cell--no-line-wrap\" style=\"width: 197px;\">-1.9<\/td>\n<\/tr>\n<tr>\n<td style=\"width: 659px;\">Liiketoiminnan muut tuotot *)<\/td>\n<td style=\"width: 127px;\">30<\/td>\n<td style=\"width: 127px;\">67<\/td>\n<td class=\"senaatti-table-cell senaatti-table-cell--no-line-wrap\" style=\"width: 197px;\">-55.9<\/td>\n<\/tr>\n<tr>\n<td style=\"width: 659px;\">Tulos<\/td>\n<td style=\"width: 127px;\">50<\/td>\n<td style=\"width: 127px;\">114<\/td>\n<td class=\"senaatti-table-cell senaatti-table-cell--no-line-wrap\" style=\"width: 197px;\">-56.6<\/td>\n<\/tr>\n<tr>\n<td style=\"width: 659px;\">&#8211; Tulos -% liikevaihdosta<\/td>\n<td style=\"width: 127px;\">7.8<\/td>\n<td style=\"width: 127px;\">17.7<\/td>\n<td class=\"senaatti-table-cell senaatti-table-cell--no-line-wrap\" style=\"width: 197px;\"><\/td>\n<\/tr>\n<tr>\n<td style=\"width: 659px;\">Tase<\/td>\n<td style=\"width: 127px;\">4 595<\/td>\n<td style=\"width: 127px;\">4 493<\/td>\n<td class=\"senaatti-table-cell senaatti-table-cell--no-line-wrap\" style=\"width: 197px;\">2,3<\/td>\n<\/tr>\n<tr>\n<td style=\"width: 659px;\">Lainat<\/td>\n<td style=\"width: 127px;\">1 492<\/td>\n<td style=\"width: 127px;\">1 426<\/td>\n<td class=\"senaatti-table-cell senaatti-table-cell--no-line-wrap\" style=\"width: 197px;\">4.6<\/td>\n<\/tr>\n<tr>\n<td style=\"width: 659px;\">Investoinnit<\/td>\n<td style=\"width: 127px;\">436<\/td>\n<td style=\"width: 127px;\">309<\/td>\n<td class=\"senaatti-table-cell senaatti-table-cell--no-line-wrap\" style=\"width: 197px;\">41.0<\/td>\n<\/tr>\n<tr>\n<td style=\"width: 659px;\">Investointien osuus liikevaihdosta, %<\/td>\n<td style=\"width: 127px;\">69.0<\/td>\n<td style=\"width: 127px;\">48.0<\/td>\n<td class=\"senaatti-table-cell senaatti-table-cell--no-line-wrap\" style=\"width: 197px;\"><\/td>\n<\/tr>\n<tr>\n<td style=\"width: 659px;\">Sijoitetun p\u00e4\u00e4oman tuotto, %<\/td>\n<td style=\"width: 127px;\">1.5<\/td>\n<td style=\"width: 127px;\">3.1<\/td>\n<td class=\"senaatti-table-cell senaatti-table-cell--no-line-wrap\" style=\"width: 197px;\"><\/td>\n<\/tr>\n<tr>\n<td style=\"width: 659px;\">Oman p\u00e4\u00e4oman tuotto, %<\/td>\n<td style=\"width: 127px;\">1.7<\/td>\n<td style=\"width: 127px;\">3.9<\/td>\n<td class=\"senaatti-table-cell senaatti-table-cell--no-line-wrap\" style=\"width: 197px;\"><\/td>\n<\/tr>\n<tr>\n<td style=\"width: 659px;\">Omavaraisuusaste, %<\/td>\n<td style=\"width: 127px;\">64.5<\/td>\n<td style=\"width: 127px;\">65.7<\/td>\n<td class=\"senaatti-table-cell senaatti-table-cell--no-line-wrap\" style=\"width: 197px;\"><\/td>\n<\/tr>\n<tr>\n<td style=\"width: 659px;\">Nettovelkaantumisaste, %<\/td>\n<td style=\"width: 127px;\">46.6<\/td>\n<td style=\"width: 127px;\">45.3<\/td>\n<td class=\"senaatti-table-cell senaatti-table-cell--no-line-wrap\" style=\"width: 197px;\"><\/td>\n<\/tr>\n<tr>\n<td style=\"width: 659px;\">Vuokrattava pinta-ala, 1000 m2<\/td>\n<td style=\"width: 127px;\">5 673<\/td>\n<td style=\"width: 127px;\">5 728<\/td>\n<td class=\"senaatti-table-cell senaatti-table-cell--no-line-wrap\" style=\"width: 197px;\">-1.0<\/td>\n<\/tr>\n<tr>\n<td style=\"width: 659px;\">Kiinteist\u00f6omaisuuden vajaak\u00e4ytt\u00f6aste, %<\/td>\n<td style=\"width: 127px;\">4.7<\/td>\n<td style=\"width: 127px;\">4.7<\/td>\n<td class=\"senaatti-table-cell senaatti-table-cell--no-line-wrap\" style=\"width: 197px;\"><\/td>\n<\/tr>\n<tr>\n<td style=\"width: 659px;\">Keskim\u00e4\u00e4r\u00e4inen neli\u00f6vuokra, e\/m2\/kk *)<\/td>\n<td style=\"width: 127px;\">15.00<\/td>\n<td style=\"width: 127px;\">15.07<\/td>\n<td class=\"senaatti-table-cell senaatti-table-cell--no-line-wrap\" style=\"width: 197px;\">-0,4<\/td>\n<\/tr>\n<\/tbody>\n<\/table>\n<p>*) Toimitilavuokrasopimukset, kokonaisvuokrakohteet. Neli\u00f6vuokratieto on ko. vuoden kuukausien keskiarvo.<\/p>\n<table class=\"senaatti-table senaatti-table--striped senaatti-table--overflow-scroll\">\n<caption style=\"margin-top: 40px; padding-bottom: 0;\"><img loading=\"lazy\" decoding=\"async\" src=\"https:\/\/www.senaatti.fi\/app_ykv_archive\/uploads\/sites\/10\/2021\/04\/Sosiaalinen.svg\" style=\"margin-right: 5px; margin-top: -2px; margin-bottom: 0px;\" alt=\"\" class=\"alignnone size-medium wp-image-4353\" width=\"24\" height=\"24\" \/>Sosiaalinen vastuu<\/caption>\n<thead>\n<tr>\n<th style=\"width: 659px;\">Mittarit<\/th>\n<th style=\"width: 127px;\">2020<\/th>\n<th style=\"width: 127px;\">2019<\/th>\n<th class=\"senaatti-table-cell senaatti-table-cell--no-line-wrap\" style=\"width: 197px;\">Muutos-%<\/th>\n<\/tr>\n<\/thead>\n<tbody>\n<tr>\n<td style=\"width: 659px;\">Henkil\u00f6st\u00f6n lkm 31.12.<\/td>\n<td style=\"width: 127px;\">445<\/td>\n<td style=\"width: 127px;\">405<\/td>\n<td class=\"senaatti-table-cell senaatti-table-cell--no-line-wrap\" style=\"width: 197px;\">9.9<\/td>\n<\/tr>\n<tr>\n<td style=\"width: 659px;\">Henkil\u00f6st\u00f6n keski-ik\u00e4<\/td>\n<td style=\"width: 127px;\">46,2<\/td>\n<td style=\"width: 127px;\">46,2<\/td>\n<td class=\"senaatti-table-cell senaatti-table-cell--no-line-wrap\" style=\"width: 197px;\"><\/td>\n<\/tr>\n<tr>\n<td style=\"width: 659px;\">Asiakastyytyv\u00e4isyys, % vastaajista melko tai eritt\u00e4in tyytyv\u00e4isi\u00e4<\/td>\n<td style=\"width: 127px;\">77<\/td>\n<td style=\"width: 127px;\">74<\/td>\n<td class=\"senaatti-table-cell senaatti-table-cell--no-line-wrap\" style=\"width: 197px;\"><\/td>\n<\/tr>\n<\/tbody>\n<\/table>\n<table class=\"senaatti-table senaatti-table--striped senaatti-table--overflow-scroll\">\n<caption style=\"margin-top: 40px; padding-bottom: 0;\"><img loading=\"lazy\" decoding=\"async\" src=\"https:\/\/www.senaatti.fi\/app_ykv_archive\/uploads\/sites\/10\/2021\/04\/Ymparisto.svg\" alt=\"\" style=\"margin-top: -2px; margin-bottom: 0px; margin-right: 3px;\" class=\"alignnone size-medium wp-image-4355\" width=\"24\" height=\"24\" \/>\u00a0Ymp\u00e4rist\u00f6vastuu<\/caption>\n<thead>\n<tr>\n<th style=\"width: 659px;\">Mittarit<\/th>\n<th class=\"senaatti-table-cell senaatti-table-cell--no-line-wrap\" style=\"width: 127px;\">2020<\/th>\n<th class=\"senaatti-table-cell senaatti-table-cell--no-line-wrap\" style=\"width: 127px;\">2019<\/th>\n<th class=\"senaatti-table-cell senaatti-table-cell--no-line-wrap\" style=\"width: 197px;\">Muutos-%<\/th>\n<\/tr>\n<\/thead>\n<tbody>\n<tr>\n<td style=\"width: 659px;\">S\u00e4hk\u00f6n ominaiskulutus (kWh\/brm\u00b2)<\/td>\n<td class=\"senaatti-table-cell senaatti-table-cell--no-line-wrap\" style=\"width: 127px;\">76<\/td>\n<td class=\"senaatti-table-cell senaatti-table-cell--no-line-wrap\" style=\"width: 127px;\">84<\/td>\n<td class=\"senaatti-table-cell senaatti-table-cell--no-line-wrap\" style=\"width: 197px;\">-8,6<\/td>\n<\/tr>\n<tr>\n<td style=\"width: 659px;\">L\u00e4mm\u00f6n ominaiskulutus (kWh\/brm\u00b2), normitettu<\/td>\n<td class=\"senaatti-table-cell senaatti-table-cell--no-line-wrap\" style=\"width: 127px;\">130<\/td>\n<td class=\"senaatti-table-cell senaatti-table-cell--no-line-wrap\" style=\"width: 127px;\">128<\/td>\n<td class=\"senaatti-table-cell senaatti-table-cell--no-line-wrap\" style=\"width: 195px;\">1,6<\/td>\n<\/tr>\n<tr>\n<td style=\"width: 659px;\">Veden ominaiskulutus (l\/brm\u00b2)<\/td>\n<td class=\"senaatti-table-cell senaatti-table-cell--no-line-wrap\" style=\"width: 127px;\">294<\/td>\n<td class=\"senaatti-table-cell senaatti-table-cell--no-line-wrap\" style=\"width: 127px;\">321<\/td>\n<td class=\"senaatti-table-cell senaatti-table-cell--no-line-wrap\" style=\"width: 197px;\">-8,.5<\/td>\n<\/tr>\n<tr>\n<td style=\"width: 659px;\">Yll\u00e4pidettyjen kiinteist\u00f6jen ominaishiilidioksidip\u00e4\u00e4st\u00f6t kgCO\u2082\/brm\u00b2<\/td>\n<td class=\"senaatti-table-cell senaatti-table-cell--no-line-wrap\" style=\"width: 127px;\">12<\/td>\n<td class=\"senaatti-table-cell senaatti-table-cell--no-line-wrap\" style=\"width: 127px;\">15<\/td>\n<td class=\"senaatti-table-cell senaatti-table-cell--no-line-wrap\" style=\"width: 197px;\">-17,7<\/td>\n<\/tr>\n<\/tbody>\n<\/table>\n<p>[\/vc_column_text][\/vc_column][\/vc_row]<\/p>\n<\/div>","protected":false},"excerpt":{"rendered":"<p>[vc_row][vc_column][senaatti_hero image_position_horizontal=&#8221;left&#8221; image_position_vertical=&#8221;top&#8221; background_color=&#8221;senaatti-konserni-purple&#8221; heading_size=&#8221;title_small&#8221; hide_gradient=&#8221;true&#8221; smaller_hero=&#8221;true&#8221; heading=&#8221;Tuloksellinen vuosi poikkeusellisissa oloissa&#8221; image=&#8221;3829&#8243; text=&#8221;Vuosi 2020 sujui Senaatissa ja valtiolla et\u00e4ty\u00f6n merkeiss\u00e4. Koronan aiheuttamista haasteista huolimatta pystyimme pit\u00e4m\u00e4\u00e4n toimintamme hyvin k\u00e4ynniss\u00e4 ja viem\u00e4\u00e4n l\u00e4pi lukuisia yhteisi\u00e4 toimitilaprojekteja asiakkaidemme kanssa. My\u00f6s kiinteist\u00f6jen myynnit sek\u00e4 rakennushankkeet eteniv\u00e4t. Tuimme koronan vuoksi vaikeuksiin joutuneita yksityisi\u00e4 vuokralaisasiakkaitamme my\u00f6nt\u00e4m\u00e4ll\u00e4 vuokranalennuksia ja toimittajakumppaneitamme nopeuttamalla [&hellip;]<\/p>\n","protected":false},"author":11,"featured_media":0,"parent":0,"menu_order":14,"comment_status":"closed","ping_status":"closed","template":"","meta":{"_acf_changed":false,"footnotes":""},"class_list":["post-5","page","type-page","status-publish","hentry"],"acf":[],"yoast_head":"<!-- This site is optimized with the Yoast SEO plugin v23.9 - https:\/\/yoast.com\/wordpress\/plugins\/seo\/ -->\n<title>Vuosi 2020 - Senaatti 2020 - yhteiskuntavastuuraportti<\/title>\n<meta name=\"description\" content=\"Avainluvut M\u20ac 2020 2019 Muutos-% \u00a0Taloudellinen vastuu Liikevaihto *) 634 647 -1.9 Liiketoiminnan muut tuotot *) 30 67 -55.9 Tulos 50 114 -56.6 - Tulos -%\" \/>\n<meta name=\"robots\" content=\"index, follow, max-snippet:-1, max-image-preview:large, max-video-preview:-1\" \/>\n<link rel=\"canonical\" href=\"https:\/\/www.senaatti.fi\/yhteiskuntavastuuraportti2020\/vuosi-2020\/\" \/>\n<meta property=\"og:locale\" content=\"en_US\" \/>\n<meta property=\"og:type\" content=\"article\" \/>\n<meta property=\"og:title\" content=\"Vuosi 2020 - Senaatti 2020 - yhteiskuntavastuuraportti\" \/>\n<meta property=\"og:description\" content=\"Avainluvut M\u20ac 2020 2019 Muutos-% \u00a0Taloudellinen vastuu Liikevaihto *) 634 647 -1.9 Liiketoiminnan muut tuotot *) 30 67 -55.9 Tulos 50 114 -56.6 - Tulos -%\" \/>\n<meta property=\"og:url\" content=\"https:\/\/www.senaatti.fi\/yhteiskuntavastuuraportti2020\/vuosi-2020\/\" \/>\n<meta property=\"og:site_name\" content=\"Senaatti 2020 - yhteiskuntavastuuraportti\" \/>\n<meta property=\"article:modified_time\" content=\"2023-06-19T13:19:37+00:00\" \/>\n<meta property=\"og:image\" content=\"https:\/\/www.senaatti.fi\/app_ykv_archive\/uploads\/sites\/10\/2021\/04\/Tuloksellinen_vuosi.svg\" \/>\n<meta name=\"twitter:card\" content=\"summary_large_image\" \/>\n<meta name=\"twitter:label1\" content=\"Est. reading time\" \/>\n\t<meta name=\"twitter:data1\" content=\"2 minutes\" \/>\n<script type=\"application\/ld+json\" class=\"yoast-schema-graph\">{\"@context\":\"https:\/\/schema.org\",\"@graph\":[{\"@type\":\"WebPage\",\"@id\":\"https:\/\/www.senaatti.fi\/yhteiskuntavastuuraportti2020\/vuosi-2020\/\",\"url\":\"https:\/\/www.senaatti.fi\/yhteiskuntavastuuraportti2020\/vuosi-2020\/\",\"name\":\"Vuosi 2020 - Senaatti 2020 - yhteiskuntavastuuraportti\",\"isPartOf\":{\"@id\":\"https:\/\/www.senaatti.fi\/yhteiskuntavastuuraportti2020\/#website\"},\"primaryImageOfPage\":{\"@id\":\"https:\/\/www.senaatti.fi\/yhteiskuntavastuuraportti2020\/vuosi-2020\/#primaryimage\"},\"image\":{\"@id\":\"https:\/\/www.senaatti.fi\/yhteiskuntavastuuraportti2020\/vuosi-2020\/#primaryimage\"},\"thumbnailUrl\":\"https:\/\/www.senaatti.fi\/app_ykv_archive\/uploads\/sites\/10\/2021\/04\/Tuloksellinen_vuosi.svg\",\"datePublished\":\"2018-01-29T10:56:11+00:00\",\"dateModified\":\"2023-06-19T13:19:37+00:00\",\"description\":\"Avainluvut M\u20ac 2020 2019 Muutos-% \u00a0Taloudellinen vastuu Liikevaihto *) 634 647 -1.9 Liiketoiminnan muut tuotot *) 30 67 -55.9 Tulos 50 114 -56.6 - Tulos -%\",\"breadcrumb\":{\"@id\":\"https:\/\/www.senaatti.fi\/yhteiskuntavastuuraportti2020\/vuosi-2020\/#breadcrumb\"},\"inLanguage\":\"en-US\",\"potentialAction\":[{\"@type\":\"ReadAction\",\"target\":[\"https:\/\/www.senaatti.fi\/yhteiskuntavastuuraportti2020\/vuosi-2020\/\"]}]},{\"@type\":\"ImageObject\",\"inLanguage\":\"en-US\",\"@id\":\"https:\/\/www.senaatti.fi\/yhteiskuntavastuuraportti2020\/vuosi-2020\/#primaryimage\",\"url\":\"https:\/\/www.senaatti.fi\/app_ykv_archive\/uploads\/sites\/10\/2021\/04\/Tuloksellinen_vuosi.svg\",\"contentUrl\":\"https:\/\/www.senaatti.fi\/app_ykv_archive\/uploads\/sites\/10\/2021\/04\/Tuloksellinen_vuosi.svg\"},{\"@type\":\"BreadcrumbList\",\"@id\":\"https:\/\/www.senaatti.fi\/yhteiskuntavastuuraportti2020\/vuosi-2020\/#breadcrumb\",\"itemListElement\":[{\"@type\":\"ListItem\",\"position\":1,\"name\":\"Home\",\"item\":\"https:\/\/www.senaatti.fi\/yhteiskuntavastuuraportti2020\/\"},{\"@type\":\"ListItem\",\"position\":2,\"name\":\"Vuosi 2020\"}]},{\"@type\":\"WebSite\",\"@id\":\"https:\/\/www.senaatti.fi\/yhteiskuntavastuuraportti2020\/#website\",\"url\":\"https:\/\/www.senaatti.fi\/yhteiskuntavastuuraportti2020\/\",\"name\":\"Senaatti 2020 - yhteiskuntavastuuraportti\",\"description\":\"\",\"potentialAction\":[{\"@type\":\"SearchAction\",\"target\":{\"@type\":\"EntryPoint\",\"urlTemplate\":\"https:\/\/www.senaatti.fi\/yhteiskuntavastuuraportti2020\/?s={search_term_string}\"},\"query-input\":{\"@type\":\"PropertyValueSpecification\",\"valueRequired\":true,\"valueName\":\"search_term_string\"}}],\"inLanguage\":\"en-US\"}]}<\/script>\n<!-- \/ Yoast SEO plugin. -->","yoast_head_json":{"title":"Vuosi 2020 - Senaatti 2020 - yhteiskuntavastuuraportti","description":"Avainluvut M\u20ac 2020 2019 Muutos-% \u00a0Taloudellinen vastuu Liikevaihto *) 634 647 -1.9 Liiketoiminnan muut tuotot *) 30 67 -55.9 Tulos 50 114 -56.6 - Tulos -%","robots":{"index":"index","follow":"follow","max-snippet":"max-snippet:-1","max-image-preview":"max-image-preview:large","max-video-preview":"max-video-preview:-1"},"canonical":"https:\/\/www.senaatti.fi\/yhteiskuntavastuuraportti2020\/vuosi-2020\/","og_locale":"en_US","og_type":"article","og_title":"Vuosi 2020 - Senaatti 2020 - yhteiskuntavastuuraportti","og_description":"Avainluvut M\u20ac 2020 2019 Muutos-% \u00a0Taloudellinen vastuu Liikevaihto *) 634 647 -1.9 Liiketoiminnan muut tuotot *) 30 67 -55.9 Tulos 50 114 -56.6 - Tulos -%","og_url":"https:\/\/www.senaatti.fi\/yhteiskuntavastuuraportti2020\/vuosi-2020\/","og_site_name":"Senaatti 2020 - yhteiskuntavastuuraportti","article_modified_time":"2023-06-19T13:19:37+00:00","og_image":[{"url":"https:\/\/www.senaatti.fi\/app_ykv_archive\/uploads\/sites\/10\/2021\/04\/Tuloksellinen_vuosi.svg"}],"twitter_card":"summary_large_image","twitter_misc":{"Est. reading time":"2 minutes"},"schema":{"@context":"https:\/\/schema.org","@graph":[{"@type":"WebPage","@id":"https:\/\/www.senaatti.fi\/yhteiskuntavastuuraportti2020\/vuosi-2020\/","url":"https:\/\/www.senaatti.fi\/yhteiskuntavastuuraportti2020\/vuosi-2020\/","name":"Vuosi 2020 - Senaatti 2020 - yhteiskuntavastuuraportti","isPartOf":{"@id":"https:\/\/www.senaatti.fi\/yhteiskuntavastuuraportti2020\/#website"},"primaryImageOfPage":{"@id":"https:\/\/www.senaatti.fi\/yhteiskuntavastuuraportti2020\/vuosi-2020\/#primaryimage"},"image":{"@id":"https:\/\/www.senaatti.fi\/yhteiskuntavastuuraportti2020\/vuosi-2020\/#primaryimage"},"thumbnailUrl":"https:\/\/www.senaatti.fi\/app_ykv_archive\/uploads\/sites\/10\/2021\/04\/Tuloksellinen_vuosi.svg","datePublished":"2018-01-29T10:56:11+00:00","dateModified":"2023-06-19T13:19:37+00:00","description":"Avainluvut M\u20ac 2020 2019 Muutos-% \u00a0Taloudellinen vastuu Liikevaihto *) 634 647 -1.9 Liiketoiminnan muut tuotot *) 30 67 -55.9 Tulos 50 114 -56.6 - Tulos -%","breadcrumb":{"@id":"https:\/\/www.senaatti.fi\/yhteiskuntavastuuraportti2020\/vuosi-2020\/#breadcrumb"},"inLanguage":"en-US","potentialAction":[{"@type":"ReadAction","target":["https:\/\/www.senaatti.fi\/yhteiskuntavastuuraportti2020\/vuosi-2020\/"]}]},{"@type":"ImageObject","inLanguage":"en-US","@id":"https:\/\/www.senaatti.fi\/yhteiskuntavastuuraportti2020\/vuosi-2020\/#primaryimage","url":"https:\/\/www.senaatti.fi\/app_ykv_archive\/uploads\/sites\/10\/2021\/04\/Tuloksellinen_vuosi.svg","contentUrl":"https:\/\/www.senaatti.fi\/app_ykv_archive\/uploads\/sites\/10\/2021\/04\/Tuloksellinen_vuosi.svg"},{"@type":"BreadcrumbList","@id":"https:\/\/www.senaatti.fi\/yhteiskuntavastuuraportti2020\/vuosi-2020\/#breadcrumb","itemListElement":[{"@type":"ListItem","position":1,"name":"Home","item":"https:\/\/www.senaatti.fi\/yhteiskuntavastuuraportti2020\/"},{"@type":"ListItem","position":2,"name":"Vuosi 2020"}]},{"@type":"WebSite","@id":"https:\/\/www.senaatti.fi\/yhteiskuntavastuuraportti2020\/#website","url":"https:\/\/www.senaatti.fi\/yhteiskuntavastuuraportti2020\/","name":"Senaatti 2020 - yhteiskuntavastuuraportti","description":"","potentialAction":[{"@type":"SearchAction","target":{"@type":"EntryPoint","urlTemplate":"https:\/\/www.senaatti.fi\/yhteiskuntavastuuraportti2020\/?s={search_term_string}"},"query-input":{"@type":"PropertyValueSpecification","valueRequired":true,"valueName":"search_term_string"}}],"inLanguage":"en-US"}]}},"_links":{"self":[{"href":"https:\/\/www.senaatti.fi\/yhteiskuntavastuuraportti2020\/wp-json\/wp\/v2\/pages\/5","targetHints":{"allow":["GET"]}}],"collection":[{"href":"https:\/\/www.senaatti.fi\/yhteiskuntavastuuraportti2020\/wp-json\/wp\/v2\/pages"}],"about":[{"href":"https:\/\/www.senaatti.fi\/yhteiskuntavastuuraportti2020\/wp-json\/wp\/v2\/types\/page"}],"author":[{"embeddable":true,"href":"https:\/\/www.senaatti.fi\/yhteiskuntavastuuraportti2020\/wp-json\/wp\/v2\/users\/11"}],"replies":[{"embeddable":true,"href":"https:\/\/www.senaatti.fi\/yhteiskuntavastuuraportti2020\/wp-json\/wp\/v2\/comments?post=5"}],"version-history":[{"count":13,"href":"https:\/\/www.senaatti.fi\/yhteiskuntavastuuraportti2020\/wp-json\/wp\/v2\/pages\/5\/revisions"}],"predecessor-version":[{"id":4499,"href":"https:\/\/www.senaatti.fi\/yhteiskuntavastuuraportti2020\/wp-json\/wp\/v2\/pages\/5\/revisions\/4499"}],"wp:attachment":[{"href":"https:\/\/www.senaatti.fi\/yhteiskuntavastuuraportti2020\/wp-json\/wp\/v2\/media?parent=5"}],"curies":[{"name":"wp","href":"https:\/\/api.w.org\/{rel}","templated":true}]}}