{"id":49,"date":"2018-01-29T11:03:28","date_gmt":"2018-01-29T11:03:28","guid":{"rendered":"https:\/\/www.senaatti.fi\/yhteiskuntavastuuraportti2020\/?page_id=49"},"modified":"2021-04-06T08:49:15","modified_gmt":"2021-04-06T08:49:15","slug":"hallinto-ja-johto","status":"publish","type":"page","link":"https:\/\/www.senaatti.fi\/yhteiskuntavastuuraportti2020\/senaatti\/hallinto-ja-johto\/","title":{"rendered":"Hallinto ja johto"},"content":{"rendered":"<p><img loading=\"lazy\" decoding=\"async\" src=\"https:\/\/www.senaatti.fi\/app_ykv_archive\/uploads\/sites\/10\/2021\/03\/Hallitus_2020-1024x683.jpg\" alt=\"\" class=\"alignnone wp-image-4009 size-large\" width=\"1024\" height=\"683\" srcset=\"https:\/\/www.senaatti.fi\/app_ykv_archive\/uploads\/sites\/10\/2021\/03\/Hallitus_2020-1024x683.jpg 1024w, https:\/\/www.senaatti.fi\/app_ykv_archive\/uploads\/sites\/10\/2021\/03\/Hallitus_2020-300x200.jpg 300w, https:\/\/www.senaatti.fi\/app_ykv_archive\/uploads\/sites\/10\/2021\/03\/Hallitus_2020-768x512.jpg 768w, https:\/\/www.senaatti.fi\/app_ykv_archive\/uploads\/sites\/10\/2021\/03\/Hallitus_2020-1536x1024.jpg 1536w, https:\/\/www.senaatti.fi\/app_ykv_archive\/uploads\/sites\/10\/2021\/03\/Hallitus_2020-2048x1365.jpg 2048w, https:\/\/www.senaatti.fi\/app_ykv_archive\/uploads\/sites\/10\/2021\/03\/Hallitus_2020-1600x1067.jpg 1600w, https:\/\/www.senaatti.fi\/app_ykv_archive\/uploads\/sites\/10\/2021\/03\/Hallitus_2020-2200x1467.jpg 2200w\" sizes=\"auto, (max-width: 1024px) 100vw, 1024px\" \/><\/p>\n<h2>Hallitus vuonna 2020<\/h2>\n<ul>\n<li>asiakasp\u00e4\u00e4llikk\u00f6 <strong>Jari Auer<\/strong> (henkil\u00f6st\u00f6n edustaja) varaj\u00e4senen\u00e4\u00e4n erityisasiantuntija <strong>Joni-Marko Laine.<\/strong><\/li>\n<li>johtaja <strong>Ulla Hiekkanen-M\u00e4kel\u00e4<\/strong>, Business Finland<\/li>\n<li>DI <strong>Kari Ruohonen<\/strong>, varapuheenjohtaja<\/li>\n<li>finanssineuvos <strong>Markus Siltanen<\/strong>, valtiovarainministeri\u00f6<\/li>\n<li>kansliap\u00e4\u00e4llikk\u00f6 <strong>Hannele Pokka,<\/strong> ymp\u00e4rist\u00f6ministeri\u00f6, puheenjohtaja<\/li>\n<li>ylijohtaja <strong>Raimo Jyv\u00e4sj\u00e4rvi,<\/strong> puolustusministeri\u00f6 (ei kuvassa)<\/li>\n<\/ul>\n<p>Valtiovarainministeri\u00f6 nimitt\u00e4\u00e4 Senaatti-kiinteist\u00f6jen hallituksen vuodeksi kerrallaan. Hallituksessa tulee olla liikelaitoslain (1062\/2010) ja sit\u00e4 tarkentavan valtioneuvoston asetuksen (1292\/2010) mukaan puheenjohtaja, varapuheenjohtaja ja n\u00e4iden lis\u00e4ksi v\u00e4hint\u00e4\u00e4n kolme ja enint\u00e4\u00e4n nelj\u00e4 j\u00e4sent\u00e4. Yhden hallituksen j\u00e4senen tulee edustaa liikelaitoksen henkil\u00f6st\u00f6\u00e4 ja olla liikelaitoksen palveluksessa. Hallituksen j\u00e4senell\u00e4 tulee olla kiinteist\u00f6toimialan tai liiketalouden asiantuntemusta.<\/p>\n<div class=\"textLayer\">\n<div>Hallituksen j\u00e4senten valinnassa ja nimitt\u00e4misess\u00e4 noudatetaan lis\u00e4ksi valtion omistajaohjauspolitiikassa vahvistettuja periaatteita, jotka liittyv\u00e4t muun muassa tasa-arvoasioiden toteutumiseen.<\/div>\n<div><\/div>\n<div>Hallituksen j\u00e4senist\u00e4 v\u00e4hint\u00e4\u00e4n puolet tulisi olla liikelaitoksesta\u00a0 riippumattomia. Hallitus arvioi j\u00e4sentens\u00e4 riippumattomuutta kerran vuodessa siten, ett\u00e4 tieto on j\u00e4seni\u00e4 asettavan ministeri\u00f6n k\u00e4ytett\u00e4viss\u00e4 asettamisp\u00e4\u00e4t\u00f6st\u00e4 valmisteltaessa.<\/div>\n<\/div>\n<h2>Johtoryhm\u00e4 vuonna 2020<\/h2>\n<p><strong>Jari Sarjo<\/strong>, toimitusjohtaja *<br \/>\n<strong>Mikko Ahola<\/strong>, talousjohtaja, talousyksikk\u00f6 *<br \/>\n<strong>Sanna J\u00e4\u00e4skel\u00e4inen<\/strong>, markkinointi- ja viestint\u00e4johtaja *<br \/>\n<strong>Kaj Hedvall<\/strong>, johtaja, strategia, kehitt\u00e4minen ja tiedonhallinta -yksikk\u00f6 *<br \/>\n<strong>Riitta Juutilainen<\/strong>, toimialajohtaja, toimistot-toimiala *<br \/>\n<strong>Ilkka Koponen<\/strong>, lakiasiainjohtaja<br \/>\n<strong>Tuomas Lehmusmets\u00e4,<\/strong> turvallisuusjohtaja<br \/>\n<strong>Tuomas Pusa<\/strong>, toimialajohtaja, ministeri\u00f6t ja erityiskiinteist\u00f6t -toimiala *<br \/>\n<strong>Jussi Hirvel\u00e4<\/strong>, tietohallintojohtaja, tietohallintopalvelut<br \/>\n<strong>Pauli Rantam\u00e4ki<\/strong>, aluejohtaja, L\u00e4nsi-Suomen alue<br \/>\n<strong>Tina Karike<\/strong>, johtaja, henkil\u00f6st\u00f6resurssit ja kehitt\u00e4minen *<br \/>\n<strong>Jonni Laitto<\/strong>, rakennuttamisjohtaja, operatiivinen yksikk\u00f6<br \/>\n<strong>Juha Lemstr\u00f6m<\/strong>, operatiivinen johtaja, operatiivinen yksikk\u00f6 *<br \/>\n<strong>Jari Panhelainen<\/strong>, toimialajohtaja, puolustus ja turvallisuus -toimiala *<br \/>\n<strong>Risto Rautiola<\/strong>, aluejohtaja, Pohjois-Suomen alue<br \/>\n<strong>Jyrki Reinikainen<\/strong>, aluejohtaja, It\u00e4-Suomen alue<br \/>\n<strong>Mauri Sahi<\/strong>, johtaja, kiinteist\u00f6kehitys ja -myynti<br \/>\n<strong>Petri Turku<\/strong>, aluejohtaja, Etel\u00e4-Suomen alue *<br \/>\n*-merkityt ovat toimineet my\u00f6s ty\u00f6valiokunnan j\u00e4senin\u00e4.<\/p>\n<p>Nykyisen johtoryhm\u00e4n tarkempi esittely <a href=\"https:\/\/www.senaatti.fi\/tietoa-meista\/organisaatio\/konsernin-johtoryhma\/\" target=\"_blank\" rel=\"noopener noreferrer\">kotisivuillamme.<\/a><\/p>\n<h2>Uusi organisaatio vuoden 2021 alusta<\/h2>\n<p>Senaatti-kiinteist\u00f6t on valtionvarainministeri\u00f6n hallinnonalalla toimiva valtion liikelaitos, jonka toimintaa s\u00e4\u00e4dell\u00e4\u00e4n valtion liikelaitoksista annetulla lailla ja Senaatti-kiinteist\u00f6ist\u00e4 annetulla valtioneuvoston asetuksella.<\/p>\n<p>Valtion liikelaitos toimii sidosyksikk\u00f6asemassa ja tuottaa palveluja p\u00e4\u00e4s\u00e4\u00e4nt\u00f6isesti valtionhallinnolle ja sellaisille yhteis\u00f6ille, joiden toiminta rahoitetaan p\u00e4\u00e4osin valtion talousarvioon otetuilla m\u00e4\u00e4r\u00e4rahoilla.<\/p>\n<p>Senaatti-kiinteist\u00f6jen hallinto ja johtaminen on kuvattu kattavasti kotisivuillamme kohdassa <a href=\"https:\/\/www.senaatti.fi\/tietoa-meista\/\" target=\"_blank\" rel=\"noopener\">Tietoa meist\u00e4<\/a>.<\/p>\n<p>Senaatin organisaatio muuttui vuoden 2021 alussa, mik\u00e4 vaikutti my\u00f6s johtoryhm\u00e4n kokoonpanoon.<\/p>\n","protected":false},"excerpt":{"rendered":"<p>Hallitus vuonna 2020 asiakasp\u00e4\u00e4llikk\u00f6 Jari Auer (henkil\u00f6st\u00f6n edustaja) varaj\u00e4senen\u00e4\u00e4n erityisasiantuntija Joni-Marko Laine. johtaja Ulla Hiekkanen-M\u00e4kel\u00e4, Business Finland DI Kari Ruohonen, varapuheenjohtaja finanssineuvos Markus Siltanen, valtiovarainministeri\u00f6 kansliap\u00e4\u00e4llikk\u00f6 Hannele Pokka, ymp\u00e4rist\u00f6ministeri\u00f6, puheenjohtaja ylijohtaja Raimo Jyv\u00e4sj\u00e4rvi, puolustusministeri\u00f6 (ei kuvassa) Valtiovarainministeri\u00f6 nimitt\u00e4\u00e4 Senaatti-kiinteist\u00f6jen hallituksen vuodeksi kerrallaan. Hallituksessa tulee olla liikelaitoslain (1062\/2010) ja sit\u00e4 tarkentavan valtioneuvoston asetuksen (1292\/2010) mukaan puheenjohtaja, [&hellip;]<\/p>\n","protected":false},"author":11,"featured_media":0,"parent":37,"menu_order":4,"comment_status":"closed","ping_status":"closed","template":"","meta":{"_acf_changed":false,"footnotes":""},"class_list":["post-49","page","type-page","status-publish","hentry"],"acf":[],"yoast_head":"<!-- This site is optimized with the Yoast SEO plugin v23.9 - https:\/\/yoast.com\/wordpress\/plugins\/seo\/ -->\n<title>Hallinto ja johto - Senaatti 2020 - yhteiskuntavastuuraportti<\/title>\n<meta name=\"description\" content=\"Hallitus vuonna 2020 asiakasp\u00e4\u00e4llikk\u00f6 Jari Auer (henkil\u00f6st\u00f6n edustaja) varaj\u00e4senen\u00e4\u00e4n erityisasiantuntija Joni-Marko Laine. johtaja Ulla Hiekkanen-M\u00e4kel\u00e4,\" \/>\n<meta name=\"robots\" content=\"index, follow, max-snippet:-1, max-image-preview:large, max-video-preview:-1\" \/>\n<link rel=\"canonical\" href=\"https:\/\/www.senaatti.fi\/yhteiskuntavastuuraportti2020\/senaatti\/hallinto-ja-johto\/\" \/>\n<meta property=\"og:locale\" content=\"en_US\" \/>\n<meta property=\"og:type\" content=\"article\" \/>\n<meta property=\"og:title\" content=\"Hallinto ja johto - Senaatti 2020 - yhteiskuntavastuuraportti\" \/>\n<meta property=\"og:description\" content=\"Hallitus vuonna 2020 asiakasp\u00e4\u00e4llikk\u00f6 Jari Auer (henkil\u00f6st\u00f6n edustaja) varaj\u00e4senen\u00e4\u00e4n erityisasiantuntija Joni-Marko Laine. johtaja Ulla Hiekkanen-M\u00e4kel\u00e4,\" \/>\n<meta property=\"og:url\" content=\"https:\/\/www.senaatti.fi\/yhteiskuntavastuuraportti2020\/senaatti\/hallinto-ja-johto\/\" \/>\n<meta property=\"og:site_name\" content=\"Senaatti 2020 - yhteiskuntavastuuraportti\" \/>\n<meta property=\"article:modified_time\" content=\"2021-04-06T08:49:15+00:00\" \/>\n<meta property=\"og:image\" content=\"https:\/\/www.senaatti.fi\/app_ykv_archive\/uploads\/sites\/10\/2021\/03\/Hallitus_2020-1024x683.jpg\" \/>\n<meta name=\"twitter:card\" content=\"summary_large_image\" \/>\n<meta name=\"twitter:label1\" content=\"Est. reading time\" \/>\n\t<meta name=\"twitter:data1\" content=\"2 minutes\" \/>\n<script type=\"application\/ld+json\" class=\"yoast-schema-graph\">{\"@context\":\"https:\/\/schema.org\",\"@graph\":[{\"@type\":\"WebPage\",\"@id\":\"https:\/\/www.senaatti.fi\/yhteiskuntavastuuraportti2020\/senaatti\/hallinto-ja-johto\/\",\"url\":\"https:\/\/www.senaatti.fi\/yhteiskuntavastuuraportti2020\/senaatti\/hallinto-ja-johto\/\",\"name\":\"Hallinto ja johto - Senaatti 2020 - yhteiskuntavastuuraportti\",\"isPartOf\":{\"@id\":\"https:\/\/www.senaatti.fi\/yhteiskuntavastuuraportti2020\/#website\"},\"primaryImageOfPage\":{\"@id\":\"https:\/\/www.senaatti.fi\/yhteiskuntavastuuraportti2020\/senaatti\/hallinto-ja-johto\/#primaryimage\"},\"image\":{\"@id\":\"https:\/\/www.senaatti.fi\/yhteiskuntavastuuraportti2020\/senaatti\/hallinto-ja-johto\/#primaryimage\"},\"thumbnailUrl\":\"https:\/\/www.senaatti.fi\/app_ykv_archive\/uploads\/sites\/10\/2021\/03\/Hallitus_2020-1024x683.jpg\",\"datePublished\":\"2018-01-29T11:03:28+00:00\",\"dateModified\":\"2021-04-06T08:49:15+00:00\",\"description\":\"Hallitus vuonna 2020 asiakasp\u00e4\u00e4llikk\u00f6 Jari Auer (henkil\u00f6st\u00f6n edustaja) varaj\u00e4senen\u00e4\u00e4n erityisasiantuntija Joni-Marko Laine. johtaja Ulla Hiekkanen-M\u00e4kel\u00e4,\",\"breadcrumb\":{\"@id\":\"https:\/\/www.senaatti.fi\/yhteiskuntavastuuraportti2020\/senaatti\/hallinto-ja-johto\/#breadcrumb\"},\"inLanguage\":\"en-US\",\"potentialAction\":[{\"@type\":\"ReadAction\",\"target\":[\"https:\/\/www.senaatti.fi\/yhteiskuntavastuuraportti2020\/senaatti\/hallinto-ja-johto\/\"]}]},{\"@type\":\"ImageObject\",\"inLanguage\":\"en-US\",\"@id\":\"https:\/\/www.senaatti.fi\/yhteiskuntavastuuraportti2020\/senaatti\/hallinto-ja-johto\/#primaryimage\",\"url\":\"https:\/\/www.senaatti.fi\/app_ykv_archive\/uploads\/sites\/10\/2021\/03\/Hallitus_2020-1024x683.jpg\",\"contentUrl\":\"https:\/\/www.senaatti.fi\/app_ykv_archive\/uploads\/sites\/10\/2021\/03\/Hallitus_2020-1024x683.jpg\"},{\"@type\":\"BreadcrumbList\",\"@id\":\"https:\/\/www.senaatti.fi\/yhteiskuntavastuuraportti2020\/senaatti\/hallinto-ja-johto\/#breadcrumb\",\"itemListElement\":[{\"@type\":\"ListItem\",\"position\":1,\"name\":\"Home\",\"item\":\"https:\/\/www.senaatti.fi\/yhteiskuntavastuuraportti2020\/\"},{\"@type\":\"ListItem\",\"position\":2,\"name\":\"Senaatti\",\"item\":\"https:\/\/www.senaatti.fi\/yhteiskuntavastuuraportti2020\/senaatti\/\"},{\"@type\":\"ListItem\",\"position\":3,\"name\":\"Hallinto ja johto\"}]},{\"@type\":\"WebSite\",\"@id\":\"https:\/\/www.senaatti.fi\/yhteiskuntavastuuraportti2020\/#website\",\"url\":\"https:\/\/www.senaatti.fi\/yhteiskuntavastuuraportti2020\/\",\"name\":\"Senaatti 2020 - yhteiskuntavastuuraportti\",\"description\":\"\",\"potentialAction\":[{\"@type\":\"SearchAction\",\"target\":{\"@type\":\"EntryPoint\",\"urlTemplate\":\"https:\/\/www.senaatti.fi\/yhteiskuntavastuuraportti2020\/?s={search_term_string}\"},\"query-input\":{\"@type\":\"PropertyValueSpecification\",\"valueRequired\":true,\"valueName\":\"search_term_string\"}}],\"inLanguage\":\"en-US\"}]}<\/script>\n<!-- \/ Yoast SEO plugin. -->","yoast_head_json":{"title":"Hallinto ja johto - Senaatti 2020 - yhteiskuntavastuuraportti","description":"Hallitus vuonna 2020 asiakasp\u00e4\u00e4llikk\u00f6 Jari Auer (henkil\u00f6st\u00f6n edustaja) varaj\u00e4senen\u00e4\u00e4n erityisasiantuntija Joni-Marko Laine. johtaja Ulla Hiekkanen-M\u00e4kel\u00e4,","robots":{"index":"index","follow":"follow","max-snippet":"max-snippet:-1","max-image-preview":"max-image-preview:large","max-video-preview":"max-video-preview:-1"},"canonical":"https:\/\/www.senaatti.fi\/yhteiskuntavastuuraportti2020\/senaatti\/hallinto-ja-johto\/","og_locale":"en_US","og_type":"article","og_title":"Hallinto ja johto - Senaatti 2020 - yhteiskuntavastuuraportti","og_description":"Hallitus vuonna 2020 asiakasp\u00e4\u00e4llikk\u00f6 Jari Auer (henkil\u00f6st\u00f6n edustaja) varaj\u00e4senen\u00e4\u00e4n erityisasiantuntija Joni-Marko Laine. johtaja Ulla Hiekkanen-M\u00e4kel\u00e4,","og_url":"https:\/\/www.senaatti.fi\/yhteiskuntavastuuraportti2020\/senaatti\/hallinto-ja-johto\/","og_site_name":"Senaatti 2020 - yhteiskuntavastuuraportti","article_modified_time":"2021-04-06T08:49:15+00:00","og_image":[{"url":"https:\/\/www.senaatti.fi\/app_ykv_archive\/uploads\/sites\/10\/2021\/03\/Hallitus_2020-1024x683.jpg"}],"twitter_card":"summary_large_image","twitter_misc":{"Est. reading time":"2 minutes"},"schema":{"@context":"https:\/\/schema.org","@graph":[{"@type":"WebPage","@id":"https:\/\/www.senaatti.fi\/yhteiskuntavastuuraportti2020\/senaatti\/hallinto-ja-johto\/","url":"https:\/\/www.senaatti.fi\/yhteiskuntavastuuraportti2020\/senaatti\/hallinto-ja-johto\/","name":"Hallinto ja johto - Senaatti 2020 - yhteiskuntavastuuraportti","isPartOf":{"@id":"https:\/\/www.senaatti.fi\/yhteiskuntavastuuraportti2020\/#website"},"primaryImageOfPage":{"@id":"https:\/\/www.senaatti.fi\/yhteiskuntavastuuraportti2020\/senaatti\/hallinto-ja-johto\/#primaryimage"},"image":{"@id":"https:\/\/www.senaatti.fi\/yhteiskuntavastuuraportti2020\/senaatti\/hallinto-ja-johto\/#primaryimage"},"thumbnailUrl":"https:\/\/www.senaatti.fi\/app_ykv_archive\/uploads\/sites\/10\/2021\/03\/Hallitus_2020-1024x683.jpg","datePublished":"2018-01-29T11:03:28+00:00","dateModified":"2021-04-06T08:49:15+00:00","description":"Hallitus vuonna 2020 asiakasp\u00e4\u00e4llikk\u00f6 Jari Auer (henkil\u00f6st\u00f6n edustaja) varaj\u00e4senen\u00e4\u00e4n erityisasiantuntija Joni-Marko Laine. johtaja Ulla Hiekkanen-M\u00e4kel\u00e4,","breadcrumb":{"@id":"https:\/\/www.senaatti.fi\/yhteiskuntavastuuraportti2020\/senaatti\/hallinto-ja-johto\/#breadcrumb"},"inLanguage":"en-US","potentialAction":[{"@type":"ReadAction","target":["https:\/\/www.senaatti.fi\/yhteiskuntavastuuraportti2020\/senaatti\/hallinto-ja-johto\/"]}]},{"@type":"ImageObject","inLanguage":"en-US","@id":"https:\/\/www.senaatti.fi\/yhteiskuntavastuuraportti2020\/senaatti\/hallinto-ja-johto\/#primaryimage","url":"https:\/\/www.senaatti.fi\/app_ykv_archive\/uploads\/sites\/10\/2021\/03\/Hallitus_2020-1024x683.jpg","contentUrl":"https:\/\/www.senaatti.fi\/app_ykv_archive\/uploads\/sites\/10\/2021\/03\/Hallitus_2020-1024x683.jpg"},{"@type":"BreadcrumbList","@id":"https:\/\/www.senaatti.fi\/yhteiskuntavastuuraportti2020\/senaatti\/hallinto-ja-johto\/#breadcrumb","itemListElement":[{"@type":"ListItem","position":1,"name":"Home","item":"https:\/\/www.senaatti.fi\/yhteiskuntavastuuraportti2020\/"},{"@type":"ListItem","position":2,"name":"Senaatti","item":"https:\/\/www.senaatti.fi\/yhteiskuntavastuuraportti2020\/senaatti\/"},{"@type":"ListItem","position":3,"name":"Hallinto ja johto"}]},{"@type":"WebSite","@id":"https:\/\/www.senaatti.fi\/yhteiskuntavastuuraportti2020\/#website","url":"https:\/\/www.senaatti.fi\/yhteiskuntavastuuraportti2020\/","name":"Senaatti 2020 - yhteiskuntavastuuraportti","description":"","potentialAction":[{"@type":"SearchAction","target":{"@type":"EntryPoint","urlTemplate":"https:\/\/www.senaatti.fi\/yhteiskuntavastuuraportti2020\/?s={search_term_string}"},"query-input":{"@type":"PropertyValueSpecification","valueRequired":true,"valueName":"search_term_string"}}],"inLanguage":"en-US"}]}},"_links":{"self":[{"href":"https:\/\/www.senaatti.fi\/yhteiskuntavastuuraportti2020\/wp-json\/wp\/v2\/pages\/49","targetHints":{"allow":["GET"]}}],"collection":[{"href":"https:\/\/www.senaatti.fi\/yhteiskuntavastuuraportti2020\/wp-json\/wp\/v2\/pages"}],"about":[{"href":"https:\/\/www.senaatti.fi\/yhteiskuntavastuuraportti2020\/wp-json\/wp\/v2\/types\/page"}],"author":[{"embeddable":true,"href":"https:\/\/www.senaatti.fi\/yhteiskuntavastuuraportti2020\/wp-json\/wp\/v2\/users\/11"}],"replies":[{"embeddable":true,"href":"https:\/\/www.senaatti.fi\/yhteiskuntavastuuraportti2020\/wp-json\/wp\/v2\/comments?post=49"}],"version-history":[{"count":12,"href":"https:\/\/www.senaatti.fi\/yhteiskuntavastuuraportti2020\/wp-json\/wp\/v2\/pages\/49\/revisions"}],"predecessor-version":[{"id":4416,"href":"https:\/\/www.senaatti.fi\/yhteiskuntavastuuraportti2020\/wp-json\/wp\/v2\/pages\/49\/revisions\/4416"}],"up":[{"embeddable":true,"href":"https:\/\/www.senaatti.fi\/yhteiskuntavastuuraportti2020\/wp-json\/wp\/v2\/pages\/37"}],"wp:attachment":[{"href":"https:\/\/www.senaatti.fi\/yhteiskuntavastuuraportti2020\/wp-json\/wp\/v2\/media?parent=49"}],"curies":[{"name":"wp","href":"https:\/\/api.w.org\/{rel}","templated":true}]}}