{"id":43,"date":"2018-01-29T11:02:45","date_gmt":"2018-01-29T11:02:45","guid":{"rendered":"https:\/\/www.senaatti.fi\/yhteiskuntavastuuraportti2020\/?page_id=43"},"modified":"2021-04-01T11:26:04","modified_gmt":"2021-04-01T11:26:04","slug":"liiketoiminta-ja-palvelut","status":"publish","type":"page","link":"https:\/\/www.senaatti.fi\/yhteiskuntavastuuraportti2020\/senaatti\/liiketoiminta-ja-palvelut\/","title":{"rendered":"Liiketoiminta ja palvelut"},"content":{"rendered":"<p><img loading=\"lazy\" decoding=\"async\" src=\"https:\/\/www.senaatti.fi\/app_ykv_archive\/uploads\/sites\/10\/2021\/03\/Liiketoiminta-ja-palvelut.jpg\" alt=\"Porvoon Verohallinnon ja Maanmittauslaitoksen yhteisk\u00e4ytt\u00f6isen ty\u00f6tilan sisustaa.\" class=\"alignnone size-full wp-image-3868\" width=\"1280\" height=\"643\" srcset=\"https:\/\/www.senaatti.fi\/app_ykv_archive\/uploads\/sites\/10\/2021\/03\/Liiketoiminta-ja-palvelut.jpg 1280w, https:\/\/www.senaatti.fi\/app_ykv_archive\/uploads\/sites\/10\/2021\/03\/Liiketoiminta-ja-palvelut-300x151.jpg 300w, https:\/\/www.senaatti.fi\/app_ykv_archive\/uploads\/sites\/10\/2021\/03\/Liiketoiminta-ja-palvelut-1024x514.jpg 1024w, https:\/\/www.senaatti.fi\/app_ykv_archive\/uploads\/sites\/10\/2021\/03\/Liiketoiminta-ja-palvelut-768x386.jpg 768w\" sizes=\"auto, (max-width: 1280px) 100vw, 1280px\" \/><\/p>\n<p>Senaatti-kiinteist\u00f6t on valtion sis\u00e4isen palveluyksikk\u00f6, joka tarjoaa ja tuottaa palveluita ensisijaisesti valtionhallinnolle.\u00a0 Senaatin teht\u00e4v\u00e4n\u00e4 on huolehtia valtion rakennetusta kiinteist\u00f6omaisuudesta ja tuottaa valtionhallinnolle sen toimintaa tukevat ty\u00f6ymp\u00e4rist\u00f6t.<\/p>\n<p>Senaatin liiketoiminta perustuu ty\u00f6ymp\u00e4rist\u00f6jen ja kiinteist\u00f6varallisuuden kehitt\u00e4miseen, toimitilojen vuokraukseen sek\u00e4 toimitiloihin liittyvien palvelujen tarjoamiseen asiakkaille. Vastaamme my\u00f6s keskitetysti valtion kiinteist\u00f6jen myynneist\u00e4.\u00a0 Valtion sis\u00e4isen\u00e4 palveluyksikk\u00f6n\u00e4 Senaatin vuokrat perustuvat omakustannusperiaatteeseen, eik\u00e4 Senaatti tee voittoa valtioasiakkaiden vuokrilla. Vuokratuloilla katetaan kaikki kiinteist\u00f6ist\u00e4 aiheutuvat kulut.<\/p>\n<p>Palvelutarjonta on kattava aina toimitilojen vuokrauksesta, yll\u00e4pidosta ja investoinneista asiakkaan johdolle suunnattuihin strategisen tason asiantuntijapalveluihin. Periaatteena on, ett\u00e4 asiakkaat voivat keskitty\u00e4 omaan ydintoimintaansa ja Senaatin vastuulla ovat keskitetysti valtion toimitiloihin liittyv\u00e4t asiat.<\/p>\n<p>Senaatti toimii tiiviiss\u00e4 yhteisty\u00f6ss\u00e4 toimittajaverkostonsa kanssa. Toiminnan tuloksilla on vaikutusta laajasti eri sidosryhmille.<\/p>\n<h2>Kattavat palvelut valtionhallinnolle<\/h2>\n<p>Senaatilta asiakas saa toimitilat ja niihin liittyv\u00e4n osaamisen ja palvelut keskitetysti yhdest\u00e4 paikasta. Autamme valtionhallinnon organisaatioita uudistamaan ty\u00f6nteon tapojaan ja toteutamme toimivia, turvallisia sek\u00e4 ty\u00f6ntekoa tukevia ty\u00f6ymp\u00e4rist\u00f6j\u00e4.<\/p>\n<p>Ty\u00f6ymp\u00e4rist\u00f6 k\u00e4sitt\u00e4\u00e4 fyysisen tilan lis\u00e4ksi my\u00f6s virtuaalisen ja sosiaalisen ty\u00f6ymp\u00e4rist\u00f6n. Senaatin palvelut kattavat n\u00e4m\u00e4 kaikki kolme osa-aluetta.<\/p>\n<p><strong><img loading=\"lazy\" decoding=\"async\" src=\"https:\/\/www.senaatti.fi\/app_ykv_archive\/uploads\/sites\/10\/2021\/04\/PALVELUT@2x.png\" alt=\"\" class=\"alignnone wp-image-4337 size-full\" width=\"1793\" height=\"901\" srcset=\"https:\/\/www.senaatti.fi\/app_ykv_archive\/uploads\/sites\/10\/2021\/04\/PALVELUT@2x.png 1793w, https:\/\/www.senaatti.fi\/app_ykv_archive\/uploads\/sites\/10\/2021\/04\/PALVELUT@2x-300x151.png 300w, https:\/\/www.senaatti.fi\/app_ykv_archive\/uploads\/sites\/10\/2021\/04\/PALVELUT@2x-1024x515.png 1024w, https:\/\/www.senaatti.fi\/app_ykv_archive\/uploads\/sites\/10\/2021\/04\/PALVELUT@2x-768x386.png 768w, https:\/\/www.senaatti.fi\/app_ykv_archive\/uploads\/sites\/10\/2021\/04\/PALVELUT@2x-1536x772.png 1536w, https:\/\/www.senaatti.fi\/app_ykv_archive\/uploads\/sites\/10\/2021\/04\/PALVELUT@2x-1600x804.png 1600w\" sizes=\"auto, (max-width: 1793px) 100vw, 1793px\" \/><\/strong><\/p>\n<p><strong>Fyysiset ymp\u00e4rist\u00f6t \u2013 tehokkaat ja tuottavat ty\u00f6ymp\u00e4rist\u00f6t<\/strong><\/p>\n<ul>\n<li>Toimistot<\/li>\n<li>Kampukset<\/li>\n<li>Erityistilat<\/li>\n<li>Hupit ja yhteisk\u00e4ytt\u00f6iset tilat<\/li>\n<li>Fyysisiin tiloihin liittyv\u00e4t toimitilapalvelut kuten puhtauspalvelut, turvallisuuspalvelut, toimistopalvelut sek\u00e4 kokous- ja ravintolapalvelut<\/li>\n<\/ul>\n<p><strong>Virtuaaliset ty\u00f6ymp\u00e4rist\u00f6t<\/strong><\/p>\n<ul>\n<li>Yhteisty\u00f6ss\u00e4 Valtorin kanssa<\/li>\n<\/ul>\n<p><strong>Johdon ty\u00f6ymp\u00e4rist\u00f6palvelut<\/strong><\/p>\n<ul>\n<li>Ty\u00f6ymp\u00e4rist\u00f6johtaminen<\/li>\n<li>Ty\u00f6ymp\u00e4rist\u00f6kehitt\u00e4minen<\/li>\n<li>Muutosjohtaminen<\/li>\n<li>Tietoty\u00f6n kehitt\u00e4minen<\/li>\n<li>Palvelumuotoilu<\/li>\n<li>Vaikutusarviointi (ja prosessianalytiikka)<\/li>\n<\/ul>\n<p><strong>Toimitilapalvelut<\/strong><\/p>\n<ul>\n<li>K\u00e4ytt\u00e4j\u00e4palvelut, kuten puhtauspalvelut, kokous- ja catering<\/li>\n<li>S\u00e4hk\u00f6iset toimitilapalvelut<\/li>\n<li>Kalustepalvelut<\/li>\n<\/ul>\n<p><strong>Turvallisuuspalvelut<\/strong><\/p>\n<ul>\n<li>Turvallisuuden asiantuntijapalvelut<\/li>\n<li>Aula- ja vartiointipalvelut<\/li>\n<li>Turvallisuusteknologiapalvelut<\/li>\n<li>P\u00e4\u00e4- ja et\u00e4k\u00e4ytt\u00f6palvelut<\/li>\n<li>Suojelujohtamisen tukipalvelut<\/li>\n<li>Varautumisen palvelu<\/li>\n<\/ul>\n<p><strong>Ymp\u00e4rist\u00f6palvelut<\/strong><\/p>\n<ul>\n<li>Pilaantuneiden maa-alueiden hallinta<\/li>\n<li>Ymp\u00e4rist\u00f6tekninen rakentaminen<\/li>\n<li>Ymp\u00e4rist\u00f6- ja terveysriskien arviointi<\/li>\n<li>Ymp\u00e4rist\u00f6tarkkailu<\/li>\n<li>Haitta-ainepitoiset rakenteet<\/li>\n<li>Ymp\u00e4rist\u00f6oikeudelliset viranomaismenettelyt<\/li>\n<\/ul>\n","protected":false},"excerpt":{"rendered":"<p>Senaatti-kiinteist\u00f6t on valtion sis\u00e4isen palveluyksikk\u00f6, joka tarjoaa ja tuottaa palveluita ensisijaisesti valtionhallinnolle.\u00a0 Senaatin teht\u00e4v\u00e4n\u00e4 on huolehtia valtion rakennetusta kiinteist\u00f6omaisuudesta ja tuottaa valtionhallinnolle sen toimintaa tukevat ty\u00f6ymp\u00e4rist\u00f6t. Senaatin liiketoiminta perustuu ty\u00f6ymp\u00e4rist\u00f6jen ja kiinteist\u00f6varallisuuden kehitt\u00e4miseen, toimitilojen vuokraukseen sek\u00e4 toimitiloihin liittyvien palvelujen tarjoamiseen asiakkaille. Vastaamme my\u00f6s keskitetysti valtion kiinteist\u00f6jen myynneist\u00e4.\u00a0 Valtion sis\u00e4isen\u00e4 palveluyksikk\u00f6n\u00e4 Senaatin vuokrat perustuvat omakustannusperiaatteeseen, eik\u00e4 [&hellip;]<\/p>\n","protected":false},"author":11,"featured_media":0,"parent":37,"menu_order":5,"comment_status":"closed","ping_status":"closed","template":"","meta":{"_acf_changed":false,"footnotes":""},"class_list":["post-43","page","type-page","status-publish","hentry"],"acf":[],"yoast_head":"<!-- This site is optimized with the Yoast SEO plugin v23.9 - https:\/\/yoast.com\/wordpress\/plugins\/seo\/ -->\n<title>Liiketoiminta ja palvelut - Senaatti 2020 - yhteiskuntavastuuraportti<\/title>\n<meta name=\"description\" content=\"Senaatti-kiinteist\u00f6t on valtion sis\u00e4isen palveluyksikk\u00f6, joka tarjoaa ja tuottaa palveluita ensisijaisesti valtionhallinnolle.\u00a0 Senaatin teht\u00e4v\u00e4n\u00e4 on\" \/>\n<meta name=\"robots\" content=\"index, follow, max-snippet:-1, max-image-preview:large, max-video-preview:-1\" \/>\n<link rel=\"canonical\" href=\"https:\/\/www.senaatti.fi\/yhteiskuntavastuuraportti2020\/senaatti\/liiketoiminta-ja-palvelut\/\" \/>\n<meta property=\"og:locale\" content=\"en_US\" \/>\n<meta property=\"og:type\" content=\"article\" \/>\n<meta property=\"og:title\" content=\"Liiketoiminta ja palvelut - Senaatti 2020 - yhteiskuntavastuuraportti\" \/>\n<meta property=\"og:description\" content=\"Senaatti-kiinteist\u00f6t on valtion sis\u00e4isen palveluyksikk\u00f6, joka tarjoaa ja tuottaa palveluita ensisijaisesti valtionhallinnolle.\u00a0 Senaatin teht\u00e4v\u00e4n\u00e4 on\" \/>\n<meta property=\"og:url\" content=\"https:\/\/www.senaatti.fi\/yhteiskuntavastuuraportti2020\/senaatti\/liiketoiminta-ja-palvelut\/\" \/>\n<meta property=\"og:site_name\" content=\"Senaatti 2020 - yhteiskuntavastuuraportti\" \/>\n<meta property=\"article:modified_time\" content=\"2021-04-01T11:26:04+00:00\" \/>\n<meta property=\"og:image\" content=\"https:\/\/www.senaatti.fi\/app_ykv_archive\/uploads\/sites\/10\/2021\/03\/Liiketoiminta-ja-palvelut.jpg\" \/>\n<meta name=\"twitter:card\" content=\"summary_large_image\" \/>\n<meta name=\"twitter:label1\" content=\"Est. reading time\" \/>\n\t<meta name=\"twitter:data1\" content=\"2 minutes\" \/>\n<script type=\"application\/ld+json\" class=\"yoast-schema-graph\">{\"@context\":\"https:\/\/schema.org\",\"@graph\":[{\"@type\":\"WebPage\",\"@id\":\"https:\/\/www.senaatti.fi\/yhteiskuntavastuuraportti2020\/senaatti\/liiketoiminta-ja-palvelut\/\",\"url\":\"https:\/\/www.senaatti.fi\/yhteiskuntavastuuraportti2020\/senaatti\/liiketoiminta-ja-palvelut\/\",\"name\":\"Liiketoiminta ja palvelut - Senaatti 2020 - yhteiskuntavastuuraportti\",\"isPartOf\":{\"@id\":\"https:\/\/www.senaatti.fi\/yhteiskuntavastuuraportti2020\/#website\"},\"primaryImageOfPage\":{\"@id\":\"https:\/\/www.senaatti.fi\/yhteiskuntavastuuraportti2020\/senaatti\/liiketoiminta-ja-palvelut\/#primaryimage\"},\"image\":{\"@id\":\"https:\/\/www.senaatti.fi\/yhteiskuntavastuuraportti2020\/senaatti\/liiketoiminta-ja-palvelut\/#primaryimage\"},\"thumbnailUrl\":\"https:\/\/www.senaatti.fi\/app_ykv_archive\/uploads\/sites\/10\/2021\/03\/Liiketoiminta-ja-palvelut.jpg\",\"datePublished\":\"2018-01-29T11:02:45+00:00\",\"dateModified\":\"2021-04-01T11:26:04+00:00\",\"description\":\"Senaatti-kiinteist\u00f6t on valtion sis\u00e4isen palveluyksikk\u00f6, joka tarjoaa ja tuottaa palveluita ensisijaisesti valtionhallinnolle.\u00a0 Senaatin teht\u00e4v\u00e4n\u00e4 on\",\"breadcrumb\":{\"@id\":\"https:\/\/www.senaatti.fi\/yhteiskuntavastuuraportti2020\/senaatti\/liiketoiminta-ja-palvelut\/#breadcrumb\"},\"inLanguage\":\"en-US\",\"potentialAction\":[{\"@type\":\"ReadAction\",\"target\":[\"https:\/\/www.senaatti.fi\/yhteiskuntavastuuraportti2020\/senaatti\/liiketoiminta-ja-palvelut\/\"]}]},{\"@type\":\"ImageObject\",\"inLanguage\":\"en-US\",\"@id\":\"https:\/\/www.senaatti.fi\/yhteiskuntavastuuraportti2020\/senaatti\/liiketoiminta-ja-palvelut\/#primaryimage\",\"url\":\"https:\/\/www.senaatti.fi\/app_ykv_archive\/uploads\/sites\/10\/2021\/03\/Liiketoiminta-ja-palvelut.jpg\",\"contentUrl\":\"https:\/\/www.senaatti.fi\/app_ykv_archive\/uploads\/sites\/10\/2021\/03\/Liiketoiminta-ja-palvelut.jpg\"},{\"@type\":\"BreadcrumbList\",\"@id\":\"https:\/\/www.senaatti.fi\/yhteiskuntavastuuraportti2020\/senaatti\/liiketoiminta-ja-palvelut\/#breadcrumb\",\"itemListElement\":[{\"@type\":\"ListItem\",\"position\":1,\"name\":\"Home\",\"item\":\"https:\/\/www.senaatti.fi\/yhteiskuntavastuuraportti2020\/\"},{\"@type\":\"ListItem\",\"position\":2,\"name\":\"Senaatti\",\"item\":\"https:\/\/www.senaatti.fi\/yhteiskuntavastuuraportti2020\/senaatti\/\"},{\"@type\":\"ListItem\",\"position\":3,\"name\":\"Liiketoiminta ja palvelut\"}]},{\"@type\":\"WebSite\",\"@id\":\"https:\/\/www.senaatti.fi\/yhteiskuntavastuuraportti2020\/#website\",\"url\":\"https:\/\/www.senaatti.fi\/yhteiskuntavastuuraportti2020\/\",\"name\":\"Senaatti 2020 - yhteiskuntavastuuraportti\",\"description\":\"\",\"potentialAction\":[{\"@type\":\"SearchAction\",\"target\":{\"@type\":\"EntryPoint\",\"urlTemplate\":\"https:\/\/www.senaatti.fi\/yhteiskuntavastuuraportti2020\/?s={search_term_string}\"},\"query-input\":{\"@type\":\"PropertyValueSpecification\",\"valueRequired\":true,\"valueName\":\"search_term_string\"}}],\"inLanguage\":\"en-US\"}]}<\/script>\n<!-- \/ Yoast SEO plugin. -->","yoast_head_json":{"title":"Liiketoiminta ja palvelut - Senaatti 2020 - yhteiskuntavastuuraportti","description":"Senaatti-kiinteist\u00f6t on valtion sis\u00e4isen palveluyksikk\u00f6, joka tarjoaa ja tuottaa palveluita ensisijaisesti valtionhallinnolle.\u00a0 Senaatin teht\u00e4v\u00e4n\u00e4 on","robots":{"index":"index","follow":"follow","max-snippet":"max-snippet:-1","max-image-preview":"max-image-preview:large","max-video-preview":"max-video-preview:-1"},"canonical":"https:\/\/www.senaatti.fi\/yhteiskuntavastuuraportti2020\/senaatti\/liiketoiminta-ja-palvelut\/","og_locale":"en_US","og_type":"article","og_title":"Liiketoiminta ja palvelut - Senaatti 2020 - yhteiskuntavastuuraportti","og_description":"Senaatti-kiinteist\u00f6t on valtion sis\u00e4isen palveluyksikk\u00f6, joka tarjoaa ja tuottaa palveluita ensisijaisesti valtionhallinnolle.\u00a0 Senaatin teht\u00e4v\u00e4n\u00e4 on","og_url":"https:\/\/www.senaatti.fi\/yhteiskuntavastuuraportti2020\/senaatti\/liiketoiminta-ja-palvelut\/","og_site_name":"Senaatti 2020 - yhteiskuntavastuuraportti","article_modified_time":"2021-04-01T11:26:04+00:00","og_image":[{"url":"https:\/\/www.senaatti.fi\/app_ykv_archive\/uploads\/sites\/10\/2021\/03\/Liiketoiminta-ja-palvelut.jpg"}],"twitter_card":"summary_large_image","twitter_misc":{"Est. reading time":"2 minutes"},"schema":{"@context":"https:\/\/schema.org","@graph":[{"@type":"WebPage","@id":"https:\/\/www.senaatti.fi\/yhteiskuntavastuuraportti2020\/senaatti\/liiketoiminta-ja-palvelut\/","url":"https:\/\/www.senaatti.fi\/yhteiskuntavastuuraportti2020\/senaatti\/liiketoiminta-ja-palvelut\/","name":"Liiketoiminta ja palvelut - Senaatti 2020 - yhteiskuntavastuuraportti","isPartOf":{"@id":"https:\/\/www.senaatti.fi\/yhteiskuntavastuuraportti2020\/#website"},"primaryImageOfPage":{"@id":"https:\/\/www.senaatti.fi\/yhteiskuntavastuuraportti2020\/senaatti\/liiketoiminta-ja-palvelut\/#primaryimage"},"image":{"@id":"https:\/\/www.senaatti.fi\/yhteiskuntavastuuraportti2020\/senaatti\/liiketoiminta-ja-palvelut\/#primaryimage"},"thumbnailUrl":"https:\/\/www.senaatti.fi\/app_ykv_archive\/uploads\/sites\/10\/2021\/03\/Liiketoiminta-ja-palvelut.jpg","datePublished":"2018-01-29T11:02:45+00:00","dateModified":"2021-04-01T11:26:04+00:00","description":"Senaatti-kiinteist\u00f6t on valtion sis\u00e4isen palveluyksikk\u00f6, joka tarjoaa ja tuottaa palveluita ensisijaisesti valtionhallinnolle.\u00a0 Senaatin teht\u00e4v\u00e4n\u00e4 on","breadcrumb":{"@id":"https:\/\/www.senaatti.fi\/yhteiskuntavastuuraportti2020\/senaatti\/liiketoiminta-ja-palvelut\/#breadcrumb"},"inLanguage":"en-US","potentialAction":[{"@type":"ReadAction","target":["https:\/\/www.senaatti.fi\/yhteiskuntavastuuraportti2020\/senaatti\/liiketoiminta-ja-palvelut\/"]}]},{"@type":"ImageObject","inLanguage":"en-US","@id":"https:\/\/www.senaatti.fi\/yhteiskuntavastuuraportti2020\/senaatti\/liiketoiminta-ja-palvelut\/#primaryimage","url":"https:\/\/www.senaatti.fi\/app_ykv_archive\/uploads\/sites\/10\/2021\/03\/Liiketoiminta-ja-palvelut.jpg","contentUrl":"https:\/\/www.senaatti.fi\/app_ykv_archive\/uploads\/sites\/10\/2021\/03\/Liiketoiminta-ja-palvelut.jpg"},{"@type":"BreadcrumbList","@id":"https:\/\/www.senaatti.fi\/yhteiskuntavastuuraportti2020\/senaatti\/liiketoiminta-ja-palvelut\/#breadcrumb","itemListElement":[{"@type":"ListItem","position":1,"name":"Home","item":"https:\/\/www.senaatti.fi\/yhteiskuntavastuuraportti2020\/"},{"@type":"ListItem","position":2,"name":"Senaatti","item":"https:\/\/www.senaatti.fi\/yhteiskuntavastuuraportti2020\/senaatti\/"},{"@type":"ListItem","position":3,"name":"Liiketoiminta ja palvelut"}]},{"@type":"WebSite","@id":"https:\/\/www.senaatti.fi\/yhteiskuntavastuuraportti2020\/#website","url":"https:\/\/www.senaatti.fi\/yhteiskuntavastuuraportti2020\/","name":"Senaatti 2020 - yhteiskuntavastuuraportti","description":"","potentialAction":[{"@type":"SearchAction","target":{"@type":"EntryPoint","urlTemplate":"https:\/\/www.senaatti.fi\/yhteiskuntavastuuraportti2020\/?s={search_term_string}"},"query-input":{"@type":"PropertyValueSpecification","valueRequired":true,"valueName":"search_term_string"}}],"inLanguage":"en-US"}]}},"_links":{"self":[{"href":"https:\/\/www.senaatti.fi\/yhteiskuntavastuuraportti2020\/wp-json\/wp\/v2\/pages\/43","targetHints":{"allow":["GET"]}}],"collection":[{"href":"https:\/\/www.senaatti.fi\/yhteiskuntavastuuraportti2020\/wp-json\/wp\/v2\/pages"}],"about":[{"href":"https:\/\/www.senaatti.fi\/yhteiskuntavastuuraportti2020\/wp-json\/wp\/v2\/types\/page"}],"author":[{"embeddable":true,"href":"https:\/\/www.senaatti.fi\/yhteiskuntavastuuraportti2020\/wp-json\/wp\/v2\/users\/11"}],"replies":[{"embeddable":true,"href":"https:\/\/www.senaatti.fi\/yhteiskuntavastuuraportti2020\/wp-json\/wp\/v2\/comments?post=43"}],"version-history":[{"count":12,"href":"https:\/\/www.senaatti.fi\/yhteiskuntavastuuraportti2020\/wp-json\/wp\/v2\/pages\/43\/revisions"}],"predecessor-version":[{"id":4367,"href":"https:\/\/www.senaatti.fi\/yhteiskuntavastuuraportti2020\/wp-json\/wp\/v2\/pages\/43\/revisions\/4367"}],"up":[{"embeddable":true,"href":"https:\/\/www.senaatti.fi\/yhteiskuntavastuuraportti2020\/wp-json\/wp\/v2\/pages\/37"}],"wp:attachment":[{"href":"https:\/\/www.senaatti.fi\/yhteiskuntavastuuraportti2020\/wp-json\/wp\/v2\/media?parent=43"}],"curies":[{"name":"wp","href":"https:\/\/api.w.org\/{rel}","templated":true}]}}