{"id":39,"date":"2018-01-29T11:02:22","date_gmt":"2018-01-29T11:02:22","guid":{"rendered":"https:\/\/www.senaatti.fi\/yhteiskuntavastuuraportti2020\/?page_id=39"},"modified":"2023-06-20T11:25:25","modified_gmt":"2023-06-20T11:25:25","slug":"organisaatio","status":"publish","type":"page","link":"https:\/\/www.senaatti.fi\/yhteiskuntavastuuraportti2020\/senaatti\/organisaatio\/","title":{"rendered":"Organisaatio"},"content":{"rendered":"<p><img loading=\"lazy\" decoding=\"async\" src=\"https:\/\/www.senaatti.fi\/app_ykv_archive\/uploads\/sites\/10\/2021\/03\/Organisaatio.jpg\" alt=\"Kolme henkil\u00f6\u00e4 ty\u00f6skentelee p\u00f6yd\u00e4n \u00e4\u00e4ress\u00e4 kannettavien tietokoneiden kanssa.\" class=\"alignnone size-full wp-image-3853\" width=\"1280\" height=\"643\" srcset=\"https:\/\/www.senaatti.fi\/app_ykv_archive\/uploads\/sites\/10\/2021\/03\/Organisaatio.jpg 1280w, https:\/\/www.senaatti.fi\/app_ykv_archive\/uploads\/sites\/10\/2021\/03\/Organisaatio-300x151.jpg 300w, https:\/\/www.senaatti.fi\/app_ykv_archive\/uploads\/sites\/10\/2021\/03\/Organisaatio-1024x514.jpg 1024w, https:\/\/www.senaatti.fi\/app_ykv_archive\/uploads\/sites\/10\/2021\/03\/Organisaatio-768x386.jpg 768w\" sizes=\"auto, (max-width: 1280px) 100vw, 1280px\" \/><\/p>\n<p>Senaatti-kiinteist\u00f6jen organisaatio muuttui merkitt\u00e4v\u00e4sti vuoden 2021 alussa, kun puolustushallinnon kiinteit\u00f6ihin keskittyv\u00e4 Puolustuskiinteist\u00f6t-liikelaitos perustettiin osaksi Senaatti-konsernia.<\/p>\n<p>Senaatin uuteen organisaatioon voi tutustua tarkemmin <a href=\"https:\/\/www.senaatti.fi\/tietoa-meista\/\">kotisivuillamme<\/a><\/p>\n<h2>Vuoden 2020 organisaatio<\/h2>\n<p>Vuonna 2020 Senaatti-kiinteist\u00f6t muodosti liikelaitoskonsernin, johon liikelaitoksen lis\u00e4ksi kuului 14 tyt\u00e4ryhti\u00f6t\u00e4. Henkil\u00f6st\u00f6\u00e4 oli vuoden 2020 lopussa 445 (405).<\/p>\n<p>Toimipisteit\u00e4 oli 10 paikkakunnalla eri puolilla Suomea. P\u00e4\u00e4toimipaikka sijaitsee Helsingiss\u00e4.\u00a0 Muut toimipisteet olivat H\u00e4meenlinna, Jyv\u00e4skyl\u00e4, Kouvola, Kuopio, Oulu, Tampere, Turku, Rovaniemi ja Vaasa.<\/p>\n<p>Senaatilla on matriisiorganisaatio, jossa ensisijaisessa liiketoiminta- ja tulosvastuussa olivat kolme toimialaa, joihin oli koottu toiminnaltaan ja palvelutarpeiltaan samankaltaisia asiakkaita. Toimialat vastaavat asiakkuuksista strategisella tasolla.<\/p>\n<p>Asiakkuuksista ja toimittajaverkostosta operatiivisella tasolla vastasi operatiivinen yksikk\u00f6, jonka alaisuudessa toimi Senaatti-kiinteist\u00f6jen alueorganisaatio: Etel\u00e4-Suomen, L\u00e4nsi-Suomen, It\u00e4-Suomen ja Pohjois-Suomen alueet, joita kutakin johtaa aluejohtaja.<\/p>\n<p>Lis\u00e4ksi Senaatti-kiinteist\u00f6jen toimintaa tukivat kuusi palveluyksikk\u00f6\u00e4:<\/p>\n<ul>\n<li>strategia, kehitt\u00e4minen ja tiedonhallinta<\/li>\n<li>talous ja lakiasiat<\/li>\n<li>kiinteist\u00f6kehitys ja -myynti<\/li>\n<li>henkil\u00f6st\u00f6resurssit ja kehitt\u00e4minen<\/li>\n<li>markkinointi ja viestint\u00e4<\/li>\n<li>sis\u00e4inen tarkastus.<\/li>\n<\/ul>\n<p><strong>Vuoden 2020 organisaatiokaavio:<\/strong><\/p>\n<p><img loading=\"lazy\" decoding=\"async\" src=\"https:\/\/www.senaatti.fi\/app_ykv_archive\/uploads\/sites\/10\/2021\/03\/ORGANISAATIOKAAVIO-1024x573.png\" alt=\"\" class=\"alignnone wp-image-4203 size-large\" width=\"1024\" height=\"573\" srcset=\"https:\/\/www.senaatti.fi\/app_ykv_archive\/uploads\/sites\/10\/2021\/03\/ORGANISAATIOKAAVIO-1024x573.png 1024w, https:\/\/www.senaatti.fi\/app_ykv_archive\/uploads\/sites\/10\/2021\/03\/ORGANISAATIOKAAVIO-300x168.png 300w, https:\/\/www.senaatti.fi\/app_ykv_archive\/uploads\/sites\/10\/2021\/03\/ORGANISAATIOKAAVIO-768x430.png 768w, https:\/\/www.senaatti.fi\/app_ykv_archive\/uploads\/sites\/10\/2021\/03\/ORGANISAATIOKAAVIO-1536x860.png 1536w, https:\/\/www.senaatti.fi\/app_ykv_archive\/uploads\/sites\/10\/2021\/03\/ORGANISAATIOKAAVIO-1600x896.png 1600w, https:\/\/www.senaatti.fi\/app_ykv_archive\/uploads\/sites\/10\/2021\/03\/ORGANISAATIOKAAVIO.png 1954w\" sizes=\"auto, (max-width: 1024px) 100vw, 1024px\" \/><\/p>\n<div id=\"organisaatiokaavio\" class=\"sr-only\"><img loading=\"lazy\" decoding=\"async\" class=\"aligncenter size-full wp-image-3255\" src=\"https:\/\/www.senaatti.fi\/app_ykv_archive\/uploads\/sites\/9\/2020\/04\/organisaatio.png\" alt=\"Organisaatio kuvattuna kaaviona.\" width=\"961\" height=\"527\" srcset=\"https:\/\/www.senaatti.fi\/app_ykv_archive\/uploads\/sites\/10\/2020\/04\/organisaatio.png 961w, https:\/\/www.senaatti.fi\/app_ykv_archive\/uploads\/sites\/10\/2020\/04\/organisaatio-300x165.png 300w, https:\/\/www.senaatti.fi\/app_ykv_archive\/uploads\/sites\/10\/2020\/04\/organisaatio-768x421.png 768w\" sizes=\"auto, (max-width: 961px) 100vw, 961px\" \/>Senaatilla on hallitus, jonka alaisuudessa toimitusjohtaja toimii. Senaatilla on matriisiorganisaatio, jossa kolme toimialaa, joihin on koottu toiminnaltaan ja palvelutarpeiltaan samankaltaisia asiakkaita. Asiakkuuksista ja toimittajaverkostosta operatiivisella tasolla vastaa operatiivinen yksikk\u00f6, jonka alaisuudessa toimii Senaatti-kiinteist\u00f6jen alueorganisaatio. Alueita on nelj\u00e4: Etel\u00e4-Suomi, L\u00e4nsi-Suomi, It\u00e4-Suomi ja Pohjois-Suomi. Operatiivinen yksikk\u00f6\u00f6n kuuluu my\u00f6s rakennuttamisyksikk\u00f6, ty\u00f6ymp\u00e4rist\u00f6yksikk\u00f6 sek\u00e4 toimitila- ja yll\u00e4pitopalvelut. Senaatin toimintaa tukevat lis\u00e4ksi kuusi palveluyksikk\u00f6\u00e4, jotka ovat strategia, kehitt\u00e4minen ja tiedonhallinta. talous ja lakiasiat. kiinteist\u00f6kehitys ja -myynti.henkil\u00f6st\u00f6resurssit ja kehitt\u00e4minen.markkinointi ja viestint\u00e4. sis\u00e4inen tarkastus.<\/div>\n","protected":false},"excerpt":{"rendered":"<p>Senaatti-kiinteist\u00f6jen organisaatio muuttui merkitt\u00e4v\u00e4sti vuoden 2021 alussa, kun puolustushallinnon kiinteit\u00f6ihin keskittyv\u00e4 Puolustuskiinteist\u00f6t-liikelaitos perustettiin osaksi Senaatti-konsernia. Senaatin uuteen organisaatioon voi tutustua tarkemmin kotisivuillamme Vuoden 2020 organisaatio Vuonna 2020 Senaatti-kiinteist\u00f6t muodosti liikelaitoskonsernin, johon liikelaitoksen lis\u00e4ksi kuului 14 tyt\u00e4ryhti\u00f6t\u00e4. Henkil\u00f6st\u00f6\u00e4 oli vuoden 2020 lopussa 445 (405). Toimipisteit\u00e4 oli 10 paikkakunnalla eri puolilla Suomea. P\u00e4\u00e4toimipaikka sijaitsee Helsingiss\u00e4.\u00a0 Muut toimipisteet [&hellip;]<\/p>\n","protected":false},"author":11,"featured_media":0,"parent":37,"menu_order":3,"comment_status":"closed","ping_status":"closed","template":"","meta":{"_acf_changed":false,"footnotes":""},"class_list":["post-39","page","type-page","status-publish","hentry"],"acf":[],"yoast_head":"<!-- This site is optimized with the Yoast SEO plugin v23.9 - https:\/\/yoast.com\/wordpress\/plugins\/seo\/ -->\n<title>Organisaatio - Senaatti 2020 - yhteiskuntavastuuraportti<\/title>\n<meta name=\"description\" content=\"Senaatti-kiinteist\u00f6jen organisaatio muuttui merkitt\u00e4v\u00e4sti vuoden 2021 alussa, kun puolustushallinnon kiinteit\u00f6ihin keskittyv\u00e4\" \/>\n<meta name=\"robots\" content=\"index, follow, max-snippet:-1, max-image-preview:large, max-video-preview:-1\" \/>\n<link rel=\"canonical\" href=\"https:\/\/www.senaatti.fi\/yhteiskuntavastuuraportti2020\/senaatti\/organisaatio\/\" \/>\n<meta property=\"og:locale\" content=\"en_US\" \/>\n<meta property=\"og:type\" content=\"article\" \/>\n<meta property=\"og:title\" content=\"Organisaatio - Senaatti 2020 - yhteiskuntavastuuraportti\" \/>\n<meta property=\"og:description\" content=\"Senaatti-kiinteist\u00f6jen organisaatio muuttui merkitt\u00e4v\u00e4sti vuoden 2021 alussa, kun puolustushallinnon kiinteit\u00f6ihin keskittyv\u00e4\" \/>\n<meta property=\"og:url\" content=\"https:\/\/www.senaatti.fi\/yhteiskuntavastuuraportti2020\/senaatti\/organisaatio\/\" \/>\n<meta property=\"og:site_name\" content=\"Senaatti 2020 - yhteiskuntavastuuraportti\" \/>\n<meta property=\"article:modified_time\" content=\"2023-06-20T11:25:25+00:00\" \/>\n<meta property=\"og:image\" content=\"https:\/\/www.senaatti.fi\/app_ykv_archive\/uploads\/sites\/10\/2021\/03\/Organisaatio.jpg\" \/>\n<meta name=\"twitter:card\" content=\"summary_large_image\" \/>\n<meta name=\"twitter:label1\" content=\"Est. reading time\" \/>\n\t<meta name=\"twitter:data1\" content=\"2 minutes\" \/>\n<script type=\"application\/ld+json\" class=\"yoast-schema-graph\">{\"@context\":\"https:\/\/schema.org\",\"@graph\":[{\"@type\":\"WebPage\",\"@id\":\"https:\/\/www.senaatti.fi\/yhteiskuntavastuuraportti2020\/senaatti\/organisaatio\/\",\"url\":\"https:\/\/www.senaatti.fi\/yhteiskuntavastuuraportti2020\/senaatti\/organisaatio\/\",\"name\":\"Organisaatio - Senaatti 2020 - yhteiskuntavastuuraportti\",\"isPartOf\":{\"@id\":\"https:\/\/www.senaatti.fi\/yhteiskuntavastuuraportti2020\/#website\"},\"primaryImageOfPage\":{\"@id\":\"https:\/\/www.senaatti.fi\/yhteiskuntavastuuraportti2020\/senaatti\/organisaatio\/#primaryimage\"},\"image\":{\"@id\":\"https:\/\/www.senaatti.fi\/yhteiskuntavastuuraportti2020\/senaatti\/organisaatio\/#primaryimage\"},\"thumbnailUrl\":\"https:\/\/www.senaatti.fi\/app_ykv_archive\/uploads\/sites\/10\/2021\/03\/Organisaatio.jpg\",\"datePublished\":\"2018-01-29T11:02:22+00:00\",\"dateModified\":\"2023-06-20T11:25:25+00:00\",\"description\":\"Senaatti-kiinteist\u00f6jen organisaatio muuttui merkitt\u00e4v\u00e4sti vuoden 2021 alussa, kun puolustushallinnon kiinteit\u00f6ihin keskittyv\u00e4\",\"breadcrumb\":{\"@id\":\"https:\/\/www.senaatti.fi\/yhteiskuntavastuuraportti2020\/senaatti\/organisaatio\/#breadcrumb\"},\"inLanguage\":\"en-US\",\"potentialAction\":[{\"@type\":\"ReadAction\",\"target\":[\"https:\/\/www.senaatti.fi\/yhteiskuntavastuuraportti2020\/senaatti\/organisaatio\/\"]}]},{\"@type\":\"ImageObject\",\"inLanguage\":\"en-US\",\"@id\":\"https:\/\/www.senaatti.fi\/yhteiskuntavastuuraportti2020\/senaatti\/organisaatio\/#primaryimage\",\"url\":\"https:\/\/www.senaatti.fi\/app_ykv_archive\/uploads\/sites\/10\/2021\/03\/Organisaatio.jpg\",\"contentUrl\":\"https:\/\/www.senaatti.fi\/app_ykv_archive\/uploads\/sites\/10\/2021\/03\/Organisaatio.jpg\"},{\"@type\":\"BreadcrumbList\",\"@id\":\"https:\/\/www.senaatti.fi\/yhteiskuntavastuuraportti2020\/senaatti\/organisaatio\/#breadcrumb\",\"itemListElement\":[{\"@type\":\"ListItem\",\"position\":1,\"name\":\"Home\",\"item\":\"https:\/\/www.senaatti.fi\/yhteiskuntavastuuraportti2020\/\"},{\"@type\":\"ListItem\",\"position\":2,\"name\":\"Senaatti\",\"item\":\"https:\/\/www.senaatti.fi\/yhteiskuntavastuuraportti2020\/senaatti\/\"},{\"@type\":\"ListItem\",\"position\":3,\"name\":\"Organisaatio\"}]},{\"@type\":\"WebSite\",\"@id\":\"https:\/\/www.senaatti.fi\/yhteiskuntavastuuraportti2020\/#website\",\"url\":\"https:\/\/www.senaatti.fi\/yhteiskuntavastuuraportti2020\/\",\"name\":\"Senaatti 2020 - yhteiskuntavastuuraportti\",\"description\":\"\",\"potentialAction\":[{\"@type\":\"SearchAction\",\"target\":{\"@type\":\"EntryPoint\",\"urlTemplate\":\"https:\/\/www.senaatti.fi\/yhteiskuntavastuuraportti2020\/?s={search_term_string}\"},\"query-input\":{\"@type\":\"PropertyValueSpecification\",\"valueRequired\":true,\"valueName\":\"search_term_string\"}}],\"inLanguage\":\"en-US\"}]}<\/script>\n<!-- \/ Yoast SEO plugin. -->","yoast_head_json":{"title":"Organisaatio - Senaatti 2020 - yhteiskuntavastuuraportti","description":"Senaatti-kiinteist\u00f6jen organisaatio muuttui merkitt\u00e4v\u00e4sti vuoden 2021 alussa, kun puolustushallinnon kiinteit\u00f6ihin keskittyv\u00e4","robots":{"index":"index","follow":"follow","max-snippet":"max-snippet:-1","max-image-preview":"max-image-preview:large","max-video-preview":"max-video-preview:-1"},"canonical":"https:\/\/www.senaatti.fi\/yhteiskuntavastuuraportti2020\/senaatti\/organisaatio\/","og_locale":"en_US","og_type":"article","og_title":"Organisaatio - Senaatti 2020 - yhteiskuntavastuuraportti","og_description":"Senaatti-kiinteist\u00f6jen organisaatio muuttui merkitt\u00e4v\u00e4sti vuoden 2021 alussa, kun puolustushallinnon kiinteit\u00f6ihin keskittyv\u00e4","og_url":"https:\/\/www.senaatti.fi\/yhteiskuntavastuuraportti2020\/senaatti\/organisaatio\/","og_site_name":"Senaatti 2020 - yhteiskuntavastuuraportti","article_modified_time":"2023-06-20T11:25:25+00:00","og_image":[{"url":"https:\/\/www.senaatti.fi\/app_ykv_archive\/uploads\/sites\/10\/2021\/03\/Organisaatio.jpg"}],"twitter_card":"summary_large_image","twitter_misc":{"Est. reading time":"2 minutes"},"schema":{"@context":"https:\/\/schema.org","@graph":[{"@type":"WebPage","@id":"https:\/\/www.senaatti.fi\/yhteiskuntavastuuraportti2020\/senaatti\/organisaatio\/","url":"https:\/\/www.senaatti.fi\/yhteiskuntavastuuraportti2020\/senaatti\/organisaatio\/","name":"Organisaatio - Senaatti 2020 - yhteiskuntavastuuraportti","isPartOf":{"@id":"https:\/\/www.senaatti.fi\/yhteiskuntavastuuraportti2020\/#website"},"primaryImageOfPage":{"@id":"https:\/\/www.senaatti.fi\/yhteiskuntavastuuraportti2020\/senaatti\/organisaatio\/#primaryimage"},"image":{"@id":"https:\/\/www.senaatti.fi\/yhteiskuntavastuuraportti2020\/senaatti\/organisaatio\/#primaryimage"},"thumbnailUrl":"https:\/\/www.senaatti.fi\/app_ykv_archive\/uploads\/sites\/10\/2021\/03\/Organisaatio.jpg","datePublished":"2018-01-29T11:02:22+00:00","dateModified":"2023-06-20T11:25:25+00:00","description":"Senaatti-kiinteist\u00f6jen organisaatio muuttui merkitt\u00e4v\u00e4sti vuoden 2021 alussa, kun puolustushallinnon kiinteit\u00f6ihin keskittyv\u00e4","breadcrumb":{"@id":"https:\/\/www.senaatti.fi\/yhteiskuntavastuuraportti2020\/senaatti\/organisaatio\/#breadcrumb"},"inLanguage":"en-US","potentialAction":[{"@type":"ReadAction","target":["https:\/\/www.senaatti.fi\/yhteiskuntavastuuraportti2020\/senaatti\/organisaatio\/"]}]},{"@type":"ImageObject","inLanguage":"en-US","@id":"https:\/\/www.senaatti.fi\/yhteiskuntavastuuraportti2020\/senaatti\/organisaatio\/#primaryimage","url":"https:\/\/www.senaatti.fi\/app_ykv_archive\/uploads\/sites\/10\/2021\/03\/Organisaatio.jpg","contentUrl":"https:\/\/www.senaatti.fi\/app_ykv_archive\/uploads\/sites\/10\/2021\/03\/Organisaatio.jpg"},{"@type":"BreadcrumbList","@id":"https:\/\/www.senaatti.fi\/yhteiskuntavastuuraportti2020\/senaatti\/organisaatio\/#breadcrumb","itemListElement":[{"@type":"ListItem","position":1,"name":"Home","item":"https:\/\/www.senaatti.fi\/yhteiskuntavastuuraportti2020\/"},{"@type":"ListItem","position":2,"name":"Senaatti","item":"https:\/\/www.senaatti.fi\/yhteiskuntavastuuraportti2020\/senaatti\/"},{"@type":"ListItem","position":3,"name":"Organisaatio"}]},{"@type":"WebSite","@id":"https:\/\/www.senaatti.fi\/yhteiskuntavastuuraportti2020\/#website","url":"https:\/\/www.senaatti.fi\/yhteiskuntavastuuraportti2020\/","name":"Senaatti 2020 - yhteiskuntavastuuraportti","description":"","potentialAction":[{"@type":"SearchAction","target":{"@type":"EntryPoint","urlTemplate":"https:\/\/www.senaatti.fi\/yhteiskuntavastuuraportti2020\/?s={search_term_string}"},"query-input":{"@type":"PropertyValueSpecification","valueRequired":true,"valueName":"search_term_string"}}],"inLanguage":"en-US"}]}},"_links":{"self":[{"href":"https:\/\/www.senaatti.fi\/yhteiskuntavastuuraportti2020\/wp-json\/wp\/v2\/pages\/39","targetHints":{"allow":["GET"]}}],"collection":[{"href":"https:\/\/www.senaatti.fi\/yhteiskuntavastuuraportti2020\/wp-json\/wp\/v2\/pages"}],"about":[{"href":"https:\/\/www.senaatti.fi\/yhteiskuntavastuuraportti2020\/wp-json\/wp\/v2\/types\/page"}],"author":[{"embeddable":true,"href":"https:\/\/www.senaatti.fi\/yhteiskuntavastuuraportti2020\/wp-json\/wp\/v2\/users\/11"}],"replies":[{"embeddable":true,"href":"https:\/\/www.senaatti.fi\/yhteiskuntavastuuraportti2020\/wp-json\/wp\/v2\/comments?post=39"}],"version-history":[{"count":13,"href":"https:\/\/www.senaatti.fi\/yhteiskuntavastuuraportti2020\/wp-json\/wp\/v2\/pages\/39\/revisions"}],"predecessor-version":[{"id":4504,"href":"https:\/\/www.senaatti.fi\/yhteiskuntavastuuraportti2020\/wp-json\/wp\/v2\/pages\/39\/revisions\/4504"}],"up":[{"embeddable":true,"href":"https:\/\/www.senaatti.fi\/yhteiskuntavastuuraportti2020\/wp-json\/wp\/v2\/pages\/37"}],"wp:attachment":[{"href":"https:\/\/www.senaatti.fi\/yhteiskuntavastuuraportti2020\/wp-json\/wp\/v2\/media?parent=39"}],"curies":[{"name":"wp","href":"https:\/\/api.w.org\/{rel}","templated":true}]}}