{"id":37,"date":"2018-01-29T11:02:05","date_gmt":"2018-01-29T11:02:05","guid":{"rendered":"https:\/\/www.senaatti.fi\/yhteiskuntavastuuraportti2020\/?page_id=37"},"modified":"2021-03-30T10:22:20","modified_gmt":"2021-03-30T10:22:20","slug":"senaatti","status":"publish","type":"page","link":"https:\/\/www.senaatti.fi\/yhteiskuntavastuuraportti2020\/senaatti\/","title":{"rendered":"Senaatti"},"content":{"rendered":"<div class=\"wpb-content-wrapper\"><p>[vc_row][vc_column][senaatti_hero image_position_vertical=&#8221;top&#8221; heading_size=&#8221;title_small&#8221; hide_gradient=&#8221;true&#8221; smaller_hero=&#8221;true&#8221; heading=&#8221;Uudistunut Senaatti-konserni&#8221; image=&#8221;3842&#8243; text=&#8221;Vuoden suuri ponnistus oli Puolustuskiinteist\u00f6t-tyt\u00e4rliikelaitoksen perustaminen. Uudessa organisaatiossa pystymme palvelemaan puolustushallinnon tarpeita entist\u00e4 pitk\u00e4j\u00e4nteisemmin ja paremmin. Hyvin edenneen valmisteluhankkeen my\u00f6t\u00e4 uusi Senaatti-konserni ja sen tyt\u00e4rliikelaitos Puolustuskiinteist\u00f6t aloittivat toimintansa suunnitellusti vuoden 2021 alussa. Uudessa konsernissa on 1 200 ty\u00f6ntekij\u00e4\u00e4.<\/p>\n<p>Organisaatiomuutos suunniteltiin ja toteutettiin tiiviiss\u00e4 vuoropuhelussa henkil\u00f6st\u00f6n kanssa. Massiivinen muutosty\u00f6 sai runsaasti kiitosta Senaatin ja Puolustushallinnon rakennuslaitoksen ty\u00f6ntekij\u00f6ilt\u00e4 yhteisess\u00e4 henkil\u00f6st\u00f6tutkimuksessa.&#8221; mobile_image=&#8221;3842&#8243;][\/vc_column][\/vc_row][vc_row][vc_column offset=&#8221;vc_col-md-offset-1 vc_col-md-10&#8243;][vc_column_text]Senaatti-kiinteist\u00f6t on valtiovarainministeri\u00f6n alainen liikelaitos, joka toimii valtionhallinnon sis\u00e4isen\u00e4 ty\u00f6ymp\u00e4rist\u00f6- ja toimitila-asiantuntijana. Senaatin teht\u00e4v\u00e4n\u00e4 on tuottaa valtionhallinnolle sen toimintaa tukevat ja tehokkaat ty\u00f6ymp\u00e4rist\u00f6t kustannustehokkaasti valtion kokonaisetu huomioiden. Senaatin vastuulla on my\u00f6s valtion k\u00e4yt\u00f6st\u00e4 poistuneiden kiinteist\u00f6jen myynti ja kehitt\u00e4minen.<\/p>\n<p>Senaatin liiketoiminta perustuu ty\u00f6ymp\u00e4rist\u00f6jen ja kiinteist\u00f6varallisuuden kehitt\u00e4miseen, toimitilojen\u00a0 vuokraukseen sek\u00e4 toimitiloihin liittyvien palvelujen tarjoamiseen asiakkaille. Senaatti huolehtii valtion kiinteist\u00f6varallisuudesta valtion kokonaisedun huomioiden ja kest\u00e4v\u00e4n kehityksen toimintaperiaatteita noudattaen.<\/p>\n<blockquote>\n<p>Senaatti on valtion sis\u00e4inen palveluyksikk\u00f6 ja tuottaa palveluita liikelaitoslain mukaisesti ensisijaisesti valtionhallinnolle. Palvelutarjonta kattaa kaiken toimitilojen vuokrauksesta ja yll\u00e4pidosta asiakkaan johdolle suunnattuihin strategisen tason asiantuntijapalveluihin. Periaatteena on, ett\u00e4 asiakkaat voivat keskitty\u00e4 omaan ydintoimintaansa ja Senaatti huolehtii toimitiloihin liittyvist\u00e4 asioista.<\/p>\n<\/blockquote>\n<p>Senaatti toimii liiketaloudellisten periaatteiden mukaisesti. Senaatin omaisuus on Suomen valtion omistuksessa ja osoitettu liikelaitoksen omistajahallintaan.<\/p>\n<p>Senaatilla ei ole julkisen hallinnon teht\u00e4vi\u00e4 eik\u00e4 viranomaisteht\u00e4vi\u00e4. Liikelaitoslain periaatteiden mukaan niit\u00e4 ei my\u00f6sk\u00e4\u00e4n saa sille asettaa. Senaatin toiminnassa noudatetaan julkisista hankinnoista annettua lakia (1397\/2016) ja viranomaisten toiminnan julkisuudesta annettua lakia (621\/1999).<\/p>\n<p>Senaatin toiminta ja asema perustuvat valtion liikelaitoksista annettuun lakiin (1062\/2010) ja 1.1.2021 alkaen my\u00f6s lakiin (1018\/2020) Senaatti-kiinteist\u00f6ist\u00e4 ja Puolustuskiinteist\u00f6ist\u00e4 sek\u00e4 edellisten perusteella annettuihin muihin s\u00e4\u00e4d\u00f6ksiin. Senaatti muodostaa liikelaitoskonsernin, johon kuuluu 14 tyt\u00e4ryhti\u00f6t\u00e4.[\/vc_column_text][\/vc_column][\/vc_row]<\/p>\n<\/div>","protected":false},"excerpt":{"rendered":"<p>[vc_row][vc_column][senaatti_hero image_position_vertical=&#8221;top&#8221; heading_size=&#8221;title_small&#8221; hide_gradient=&#8221;true&#8221; smaller_hero=&#8221;true&#8221; heading=&#8221;Uudistunut Senaatti-konserni&#8221; image=&#8221;3842&#8243; text=&#8221;Vuoden suuri ponnistus oli Puolustuskiinteist\u00f6t-tyt\u00e4rliikelaitoksen perustaminen. Uudessa organisaatiossa pystymme palvelemaan puolustushallinnon tarpeita entist\u00e4 pitk\u00e4j\u00e4nteisemmin ja paremmin. Hyvin edenneen valmisteluhankkeen my\u00f6t\u00e4 uusi Senaatti-konserni ja sen tyt\u00e4rliikelaitos Puolustuskiinteist\u00f6t aloittivat toimintansa suunnitellusti vuoden 2021 alussa. Uudessa konsernissa on 1 200 ty\u00f6ntekij\u00e4\u00e4. Organisaatiomuutos suunniteltiin ja toteutettiin tiiviiss\u00e4 vuoropuhelussa henkil\u00f6st\u00f6n kanssa. Massiivinen [&hellip;]<\/p>\n","protected":false},"author":11,"featured_media":0,"parent":0,"menu_order":15,"comment_status":"closed","ping_status":"closed","template":"","meta":{"_acf_changed":false,"footnotes":""},"class_list":["post-37","page","type-page","status-publish","hentry"],"acf":[],"yoast_head":"<!-- This site is optimized with the Yoast SEO plugin v23.9 - https:\/\/yoast.com\/wordpress\/plugins\/seo\/ -->\n<title>Senaatti - Senaatti 2020 - yhteiskuntavastuuraportti<\/title>\n<meta name=\"description\" content=\"Senaatti-kiinteist\u00f6t on valtiovarainministeri\u00f6n alainen liikelaitos, joka toimii valtionhallinnon sis\u00e4isen\u00e4 ty\u00f6ymp\u00e4rist\u00f6- ja toimitila-asiantuntijana.\" \/>\n<meta name=\"robots\" content=\"index, follow, max-snippet:-1, max-image-preview:large, max-video-preview:-1\" \/>\n<link rel=\"canonical\" href=\"https:\/\/www.senaatti.fi\/yhteiskuntavastuuraportti2020\/senaatti\/\" \/>\n<meta property=\"og:locale\" content=\"en_US\" \/>\n<meta property=\"og:type\" content=\"article\" \/>\n<meta property=\"og:title\" content=\"Senaatti - Senaatti 2020 - yhteiskuntavastuuraportti\" \/>\n<meta property=\"og:description\" content=\"Senaatti-kiinteist\u00f6t on valtiovarainministeri\u00f6n alainen liikelaitos, joka toimii valtionhallinnon sis\u00e4isen\u00e4 ty\u00f6ymp\u00e4rist\u00f6- ja toimitila-asiantuntijana.\" \/>\n<meta property=\"og:url\" content=\"https:\/\/www.senaatti.fi\/yhteiskuntavastuuraportti2020\/senaatti\/\" \/>\n<meta property=\"og:site_name\" content=\"Senaatti 2020 - yhteiskuntavastuuraportti\" \/>\n<meta property=\"article:modified_time\" content=\"2021-03-30T10:22:20+00:00\" \/>\n<meta name=\"twitter:card\" content=\"summary_large_image\" \/>\n<meta name=\"twitter:label1\" content=\"Est. reading time\" \/>\n\t<meta name=\"twitter:data1\" content=\"2 minutes\" \/>\n<script type=\"application\/ld+json\" class=\"yoast-schema-graph\">{\"@context\":\"https:\/\/schema.org\",\"@graph\":[{\"@type\":\"WebPage\",\"@id\":\"https:\/\/www.senaatti.fi\/yhteiskuntavastuuraportti2020\/senaatti\/\",\"url\":\"https:\/\/www.senaatti.fi\/yhteiskuntavastuuraportti2020\/senaatti\/\",\"name\":\"Senaatti - Senaatti 2020 - yhteiskuntavastuuraportti\",\"isPartOf\":{\"@id\":\"https:\/\/www.senaatti.fi\/yhteiskuntavastuuraportti2020\/#website\"},\"datePublished\":\"2018-01-29T11:02:05+00:00\",\"dateModified\":\"2021-03-30T10:22:20+00:00\",\"description\":\"Senaatti-kiinteist\u00f6t on valtiovarainministeri\u00f6n alainen liikelaitos, joka toimii valtionhallinnon sis\u00e4isen\u00e4 ty\u00f6ymp\u00e4rist\u00f6- ja toimitila-asiantuntijana.\",\"breadcrumb\":{\"@id\":\"https:\/\/www.senaatti.fi\/yhteiskuntavastuuraportti2020\/senaatti\/#breadcrumb\"},\"inLanguage\":\"en-US\",\"potentialAction\":[{\"@type\":\"ReadAction\",\"target\":[\"https:\/\/www.senaatti.fi\/yhteiskuntavastuuraportti2020\/senaatti\/\"]}]},{\"@type\":\"BreadcrumbList\",\"@id\":\"https:\/\/www.senaatti.fi\/yhteiskuntavastuuraportti2020\/senaatti\/#breadcrumb\",\"itemListElement\":[{\"@type\":\"ListItem\",\"position\":1,\"name\":\"Home\",\"item\":\"https:\/\/www.senaatti.fi\/yhteiskuntavastuuraportti2020\/\"},{\"@type\":\"ListItem\",\"position\":2,\"name\":\"Senaatti\"}]},{\"@type\":\"WebSite\",\"@id\":\"https:\/\/www.senaatti.fi\/yhteiskuntavastuuraportti2020\/#website\",\"url\":\"https:\/\/www.senaatti.fi\/yhteiskuntavastuuraportti2020\/\",\"name\":\"Senaatti 2020 - yhteiskuntavastuuraportti\",\"description\":\"\",\"potentialAction\":[{\"@type\":\"SearchAction\",\"target\":{\"@type\":\"EntryPoint\",\"urlTemplate\":\"https:\/\/www.senaatti.fi\/yhteiskuntavastuuraportti2020\/?s={search_term_string}\"},\"query-input\":{\"@type\":\"PropertyValueSpecification\",\"valueRequired\":true,\"valueName\":\"search_term_string\"}}],\"inLanguage\":\"en-US\"}]}<\/script>\n<!-- \/ Yoast SEO plugin. -->","yoast_head_json":{"title":"Senaatti - Senaatti 2020 - yhteiskuntavastuuraportti","description":"Senaatti-kiinteist\u00f6t on valtiovarainministeri\u00f6n alainen liikelaitos, joka toimii valtionhallinnon sis\u00e4isen\u00e4 ty\u00f6ymp\u00e4rist\u00f6- ja toimitila-asiantuntijana.","robots":{"index":"index","follow":"follow","max-snippet":"max-snippet:-1","max-image-preview":"max-image-preview:large","max-video-preview":"max-video-preview:-1"},"canonical":"https:\/\/www.senaatti.fi\/yhteiskuntavastuuraportti2020\/senaatti\/","og_locale":"en_US","og_type":"article","og_title":"Senaatti - Senaatti 2020 - yhteiskuntavastuuraportti","og_description":"Senaatti-kiinteist\u00f6t on valtiovarainministeri\u00f6n alainen liikelaitos, joka toimii valtionhallinnon sis\u00e4isen\u00e4 ty\u00f6ymp\u00e4rist\u00f6- ja toimitila-asiantuntijana.","og_url":"https:\/\/www.senaatti.fi\/yhteiskuntavastuuraportti2020\/senaatti\/","og_site_name":"Senaatti 2020 - yhteiskuntavastuuraportti","article_modified_time":"2021-03-30T10:22:20+00:00","twitter_card":"summary_large_image","twitter_misc":{"Est. reading time":"2 minutes"},"schema":{"@context":"https:\/\/schema.org","@graph":[{"@type":"WebPage","@id":"https:\/\/www.senaatti.fi\/yhteiskuntavastuuraportti2020\/senaatti\/","url":"https:\/\/www.senaatti.fi\/yhteiskuntavastuuraportti2020\/senaatti\/","name":"Senaatti - Senaatti 2020 - yhteiskuntavastuuraportti","isPartOf":{"@id":"https:\/\/www.senaatti.fi\/yhteiskuntavastuuraportti2020\/#website"},"datePublished":"2018-01-29T11:02:05+00:00","dateModified":"2021-03-30T10:22:20+00:00","description":"Senaatti-kiinteist\u00f6t on valtiovarainministeri\u00f6n alainen liikelaitos, joka toimii valtionhallinnon sis\u00e4isen\u00e4 ty\u00f6ymp\u00e4rist\u00f6- ja toimitila-asiantuntijana.","breadcrumb":{"@id":"https:\/\/www.senaatti.fi\/yhteiskuntavastuuraportti2020\/senaatti\/#breadcrumb"},"inLanguage":"en-US","potentialAction":[{"@type":"ReadAction","target":["https:\/\/www.senaatti.fi\/yhteiskuntavastuuraportti2020\/senaatti\/"]}]},{"@type":"BreadcrumbList","@id":"https:\/\/www.senaatti.fi\/yhteiskuntavastuuraportti2020\/senaatti\/#breadcrumb","itemListElement":[{"@type":"ListItem","position":1,"name":"Home","item":"https:\/\/www.senaatti.fi\/yhteiskuntavastuuraportti2020\/"},{"@type":"ListItem","position":2,"name":"Senaatti"}]},{"@type":"WebSite","@id":"https:\/\/www.senaatti.fi\/yhteiskuntavastuuraportti2020\/#website","url":"https:\/\/www.senaatti.fi\/yhteiskuntavastuuraportti2020\/","name":"Senaatti 2020 - yhteiskuntavastuuraportti","description":"","potentialAction":[{"@type":"SearchAction","target":{"@type":"EntryPoint","urlTemplate":"https:\/\/www.senaatti.fi\/yhteiskuntavastuuraportti2020\/?s={search_term_string}"},"query-input":{"@type":"PropertyValueSpecification","valueRequired":true,"valueName":"search_term_string"}}],"inLanguage":"en-US"}]}},"_links":{"self":[{"href":"https:\/\/www.senaatti.fi\/yhteiskuntavastuuraportti2020\/wp-json\/wp\/v2\/pages\/37","targetHints":{"allow":["GET"]}}],"collection":[{"href":"https:\/\/www.senaatti.fi\/yhteiskuntavastuuraportti2020\/wp-json\/wp\/v2\/pages"}],"about":[{"href":"https:\/\/www.senaatti.fi\/yhteiskuntavastuuraportti2020\/wp-json\/wp\/v2\/types\/page"}],"author":[{"embeddable":true,"href":"https:\/\/www.senaatti.fi\/yhteiskuntavastuuraportti2020\/wp-json\/wp\/v2\/users\/11"}],"replies":[{"embeddable":true,"href":"https:\/\/www.senaatti.fi\/yhteiskuntavastuuraportti2020\/wp-json\/wp\/v2\/comments?post=37"}],"version-history":[{"count":13,"href":"https:\/\/www.senaatti.fi\/yhteiskuntavastuuraportti2020\/wp-json\/wp\/v2\/pages\/37\/revisions"}],"predecessor-version":[{"id":4254,"href":"https:\/\/www.senaatti.fi\/yhteiskuntavastuuraportti2020\/wp-json\/wp\/v2\/pages\/37\/revisions\/4254"}],"wp:attachment":[{"href":"https:\/\/www.senaatti.fi\/yhteiskuntavastuuraportti2020\/wp-json\/wp\/v2\/media?parent=37"}],"curies":[{"name":"wp","href":"https:\/\/api.w.org\/{rel}","templated":true}]}}