{"id":317,"date":"2018-03-01T12:26:49","date_gmt":"2018-03-01T12:26:49","guid":{"rendered":"https:\/\/www.senaatti.fi\/yhteiskuntavastuuraportti2020\/?page_id=317"},"modified":"2021-03-29T11:25:55","modified_gmt":"2021-03-29T11:25:55","slug":"taide-osana-tyoymparistoa","status":"publish","type":"page","link":"https:\/\/www.senaatti.fi\/yhteiskuntavastuuraportti2020\/vastuullisuus-senaatissa\/tyoymparistot\/taide-osana-tyoymparistoa\/","title":{"rendered":"Taide osana ty\u00f6ymp\u00e4rist\u00f6\u00e4"},"content":{"rendered":"<figure id=\"attachment_4136\" aria-describedby=\"caption-attachment-4136\" style=\"width: 1280px\" class=\"wp-caption alignnone\"><img loading=\"lazy\" decoding=\"async\" src=\"https:\/\/www.senaatti.fi\/app_ykv_archive\/uploads\/sites\/10\/2021\/03\/Taide.jpg\" alt=\"\" class=\"wp-image-4136 size-full\" width=\"1280\" height=\"643\" srcset=\"https:\/\/www.senaatti.fi\/app_ykv_archive\/uploads\/sites\/10\/2021\/03\/Taide.jpg 1280w, https:\/\/www.senaatti.fi\/app_ykv_archive\/uploads\/sites\/10\/2021\/03\/Taide-300x151.jpg 300w, https:\/\/www.senaatti.fi\/app_ykv_archive\/uploads\/sites\/10\/2021\/03\/Taide-1024x514.jpg 1024w, https:\/\/www.senaatti.fi\/app_ykv_archive\/uploads\/sites\/10\/2021\/03\/Taide-768x386.jpg 768w\" sizes=\"auto, (max-width: 1280px) 100vw, 1280px\" \/><figcaption id=\"caption-attachment-4136\" class=\"wp-caption-text\">Valtion taideteostoimikunnan tilausteos Vuorelan koulukodissa.<\/figcaption><\/figure>\n<p>&nbsp;<\/p>\n<p>Taide on kuuluu olennaisena osana hyv\u00e4\u00e4n ty\u00f6ymp\u00e4rist\u00f6\u00f6n ja julkisiin rakennuksiin. Senaatti tekee tiivist\u00e4 yhteisty\u00f6t\u00e4 Valtion taideteostoimikunnan kanssa valtion virastojen taidehankinnoissa.<\/p>\n<p>Valtion omistama talletuskokoelma on yksi Suomen laajimmista ja monipuolisimmista nykytaiteen kokoelmista. Valtion taideteostoimikunnan kokoelma sis\u00e4lt\u00e4\u00e4 l\u00e4hes 14 000 teosta taiteen eri alueilta noin 1 900 taiteilijalta.<\/p>\n<p>Valtaosa valtion taideteostoimikunnan mittavasta kokoelmasta on jatkuvasti tuhansien ihmisten ihasteltavana. Taideteoksia voidaan sijoittaa valtion kiinteist\u00f6ihin ja valtion k\u00e4yt\u00f6ss\u00e4 oleviin rakennuksiin sek\u00e4 kotimaassa ett\u00e4 ulkomailla. Teoksia sijoitetaan p\u00e4\u00e4s\u00e4\u00e4nt\u00f6isesti yleisiin tiloihin.<\/p>\n<h2>Vuonna 2020 aikana valmistuneet tilaustaideteokset Senaatin kohteissa:<\/h2>\n<h3>Keravan uusi avovankila<\/h3>\n<figure id=\"attachment_4089\" aria-describedby=\"caption-attachment-4089\" style=\"width: 1024px\" class=\"wp-caption alignnone\"><img loading=\"lazy\" decoding=\"async\" src=\"https:\/\/www.senaatti.fi\/app_ykv_archive\/uploads\/sites\/10\/2021\/03\/Elin_Keino_Jalki_2-1024x768.jpg\" alt=\"\" class=\"wp-image-4089 size-large\" width=\"1024\" height=\"768\" srcset=\"https:\/\/www.senaatti.fi\/app_ykv_archive\/uploads\/sites\/10\/2021\/03\/Elin_Keino_Jalki_2-1024x768.jpg 1024w, https:\/\/www.senaatti.fi\/app_ykv_archive\/uploads\/sites\/10\/2021\/03\/Elin_Keino_Jalki_2-300x225.jpg 300w, https:\/\/www.senaatti.fi\/app_ykv_archive\/uploads\/sites\/10\/2021\/03\/Elin_Keino_Jalki_2-768x576.jpg 768w, https:\/\/www.senaatti.fi\/app_ykv_archive\/uploads\/sites\/10\/2021\/03\/Elin_Keino_Jalki_2-1536x1152.jpg 1536w, https:\/\/www.senaatti.fi\/app_ykv_archive\/uploads\/sites\/10\/2021\/03\/Elin_Keino_Jalki_2-1600x1200.jpg 1600w, https:\/\/www.senaatti.fi\/app_ykv_archive\/uploads\/sites\/10\/2021\/03\/Elin_Keino_Jalki_2.jpg 1800w\" sizes=\"auto, (max-width: 1024px) 100vw, 1024px\" \/><figcaption id=\"caption-attachment-4089\" class=\"wp-caption-text\">Valtion taideteostoimikunnan tilausteos,\u00a0Elin&amp;Keinon\u00a0eli\u00a0Heini Niemisen\u00a0ja\u00a0Sandra Nybergin\u00a0J\u00c4LKI (Kuin kiveen kaiverrettu)\u00a0valmistui Keravan avovankilaan.<\/figcaption><\/figure>\n<p>Ymp\u00e4rist\u00f6taideteoksen tavoitteena on tuoda luontoa ja inhimillinen ele vankilan pihapiiriin. Se koostuu kev\u00e4\u00e4ll\u00e4 istutetusta kukkakedosta sek\u00e4 vankilan rakennusty\u00f6maalta l\u00f6ytyneist\u00e4 viidest\u00e4 suurikokoisesta, istuma- ja mietiskelypaikaksi muokatusta kivest\u00e4, joihin on hiekkapuhallettu luontoon liittyvi\u00e4 sanoja.<\/p>\n<p>Keravan uusi avovankila valmistui kertomusvuonna.<\/p>\n<h3>H\u00e4meenlinnan uusi vankila naisille<\/h3>\n<figure id=\"attachment_4091\" aria-describedby=\"caption-attachment-4091\" style=\"width: 1024px\" class=\"wp-caption alignnone\"><img loading=\"lazy\" decoding=\"async\" src=\"https:\/\/www.senaatti.fi\/app_ykv_archive\/uploads\/sites\/10\/2021\/03\/Katja_Tukiainen_c-1024x647.jpg\" alt=\"\" class=\"wp-image-4091 size-large\" width=\"1024\" height=\"647\" srcset=\"https:\/\/www.senaatti.fi\/app_ykv_archive\/uploads\/sites\/10\/2021\/03\/Katja_Tukiainen_c-1024x647.jpg 1024w, https:\/\/www.senaatti.fi\/app_ykv_archive\/uploads\/sites\/10\/2021\/03\/Katja_Tukiainen_c-300x190.jpg 300w, https:\/\/www.senaatti.fi\/app_ykv_archive\/uploads\/sites\/10\/2021\/03\/Katja_Tukiainen_c-768x485.jpg 768w, https:\/\/www.senaatti.fi\/app_ykv_archive\/uploads\/sites\/10\/2021\/03\/Katja_Tukiainen_c-1536x971.jpg 1536w, https:\/\/www.senaatti.fi\/app_ykv_archive\/uploads\/sites\/10\/2021\/03\/Katja_Tukiainen_c-2048x1294.jpg 2048w, https:\/\/www.senaatti.fi\/app_ykv_archive\/uploads\/sites\/10\/2021\/03\/Katja_Tukiainen_c-1600x1011.jpg 1600w, https:\/\/www.senaatti.fi\/app_ykv_archive\/uploads\/sites\/10\/2021\/03\/Katja_Tukiainen_c-2200x1391.jpg 2200w\" sizes=\"auto, (max-width: 1024px) 100vw, 1024px\" \/><figcaption id=\"caption-attachment-4091\" class=\"wp-caption-text\">kuva: Kirsi Halkola<\/figcaption><\/figure>\n<p>Valtion taideteostoimikunnan tilausteos,\u00a0Katja Tukiaisen\u00a0Sky &amp; Earth\u00a0on korkeudeltaan 3,8 ja leveydelt\u00e4\u00e4n 8,7 metri\u00e4 oleva maalaus on toteutettu akryylill\u00e4 H\u00e4meenlinnan uuden naisvankilan bulevardin sein\u00e4lle.<\/p>\n<h3>Ilja Karsikkaan tilausteokset Vuorelan koulukodissa<\/h3>\n<p><img loading=\"lazy\" decoding=\"async\" src=\"https:\/\/www.senaatti.fi\/app_ykv_archive\/uploads\/sites\/10\/2021\/03\/SK-Ilja_Karsikas-Vuorelan_koulukoti-02-1024x683.jpg\" alt=\"\" class=\"alignnone wp-image-4095 size-large\" width=\"1024\" height=\"683\" srcset=\"https:\/\/www.senaatti.fi\/app_ykv_archive\/uploads\/sites\/10\/2021\/03\/SK-Ilja_Karsikas-Vuorelan_koulukoti-02-1024x683.jpg 1024w, https:\/\/www.senaatti.fi\/app_ykv_archive\/uploads\/sites\/10\/2021\/03\/SK-Ilja_Karsikas-Vuorelan_koulukoti-02-300x200.jpg 300w, https:\/\/www.senaatti.fi\/app_ykv_archive\/uploads\/sites\/10\/2021\/03\/SK-Ilja_Karsikas-Vuorelan_koulukoti-02-768x512.jpg 768w, https:\/\/www.senaatti.fi\/app_ykv_archive\/uploads\/sites\/10\/2021\/03\/SK-Ilja_Karsikas-Vuorelan_koulukoti-02-1536x1024.jpg 1536w, https:\/\/www.senaatti.fi\/app_ykv_archive\/uploads\/sites\/10\/2021\/03\/SK-Ilja_Karsikas-Vuorelan_koulukoti-02-2048x1365.jpg 2048w, https:\/\/www.senaatti.fi\/app_ykv_archive\/uploads\/sites\/10\/2021\/03\/SK-Ilja_Karsikas-Vuorelan_koulukoti-02-1600x1067.jpg 1600w, https:\/\/www.senaatti.fi\/app_ykv_archive\/uploads\/sites\/10\/2021\/03\/SK-Ilja_Karsikas-Vuorelan_koulukoti-02-2200x1467.jpg 2200w\" sizes=\"auto, (max-width: 1024px) 100vw, 1024px\" \/>Valtion taideteostoimikunnan tilausteokset,\u00a0Ilja Karsikkaan\u00a0Laulava latvus\u00a0ja\u00a0El\u00e4m\u00e4npuu\u00a0julkistettiin torstaina 6.8.2020 Vuorelan koulukodissa.<\/p>\n<p>V\u00e4rikk\u00e4iss\u00e4 ja sadunomaisissa teoksissa yhdistyv\u00e4t vahva piirrosviiva, akvarellina maalatut yksityiskohdat sek\u00e4 selke\u00e4t, tasaiset v\u00e4ripinnat. Kuvitukset on tulostettu akustoivalle huovalle ja leikattu muotoon.<\/p>\n<p>Vuorelan koulukoti on yksi valtion viidest\u00e4 koulukodista, joiden kiinteist\u00f6ist\u00e4 Senaatti-kiinteist\u00f6t vastaa. Vuorelan koulukodin peruskorjaus valmistui vuoden 2020 aikana.<\/p>\n<h3>Lappeenrannan uusi oikeustalo<\/h3>\n<p><img loading=\"lazy\" decoding=\"async\" src=\"https:\/\/www.senaatti.fi\/app_ykv_archive\/uploads\/sites\/10\/2021\/03\/Justitia_2_Juhana_Moisander-1024x732.jpg\" alt=\"\" class=\"alignnone wp-image-4096 size-large\" width=\"1024\" height=\"732\" srcset=\"https:\/\/www.senaatti.fi\/app_ykv_archive\/uploads\/sites\/10\/2021\/03\/Justitia_2_Juhana_Moisander-1024x732.jpg 1024w, https:\/\/www.senaatti.fi\/app_ykv_archive\/uploads\/sites\/10\/2021\/03\/Justitia_2_Juhana_Moisander-300x214.jpg 300w, https:\/\/www.senaatti.fi\/app_ykv_archive\/uploads\/sites\/10\/2021\/03\/Justitia_2_Juhana_Moisander-768x549.jpg 768w, https:\/\/www.senaatti.fi\/app_ykv_archive\/uploads\/sites\/10\/2021\/03\/Justitia_2_Juhana_Moisander-1536x1097.jpg 1536w, https:\/\/www.senaatti.fi\/app_ykv_archive\/uploads\/sites\/10\/2021\/03\/Justitia_2_Juhana_Moisander-2048x1463.jpg 2048w, https:\/\/www.senaatti.fi\/app_ykv_archive\/uploads\/sites\/10\/2021\/03\/Justitia_2_Juhana_Moisander-1600x1143.jpg 1600w, https:\/\/www.senaatti.fi\/app_ykv_archive\/uploads\/sites\/10\/2021\/03\/Justitia_2_Juhana_Moisander-2200x1572.jpg 2200w\" sizes=\"auto, (max-width: 1024px) 100vw, 1024px\" \/>Lappeenrantaan valmistui uusi oikeustalo, jonka tilausteos Juhana Moisanderin Justitia julkistettiin kertomusvuonna. Itsens\u00e4 ymp\u00e4ri py\u00f6riv\u00e4\u00e4 vaakaa sek\u00e4 sen yl\u00f6s ja alas liikkuvia vaakakuppeja kuvaava teos pohjautuu perinteiseen oikeuden ja oikeustalojen symboliikkaan: usein oikeustalojen edess\u00e4 seisoo oikeuden jumalatar Justitia toisessa k\u00e4dess\u00e4\u00e4n vaaka ja toisessa miekka.<\/p>\n<p>&nbsp;<\/p>\n","protected":false},"excerpt":{"rendered":"<p>&nbsp; Taide on kuuluu olennaisena osana hyv\u00e4\u00e4n ty\u00f6ymp\u00e4rist\u00f6\u00f6n ja julkisiin rakennuksiin. Senaatti tekee tiivist\u00e4 yhteisty\u00f6t\u00e4 Valtion taideteostoimikunnan kanssa valtion virastojen taidehankinnoissa. Valtion omistama talletuskokoelma on yksi Suomen laajimmista ja monipuolisimmista nykytaiteen kokoelmista. Valtion taideteostoimikunnan kokoelma sis\u00e4lt\u00e4\u00e4 l\u00e4hes 14 000 teosta taiteen eri alueilta noin 1 900 taiteilijalta. Valtaosa valtion taideteostoimikunnan mittavasta kokoelmasta on jatkuvasti tuhansien [&hellip;]<\/p>\n","protected":false},"author":11,"featured_media":0,"parent":103,"menu_order":5,"comment_status":"closed","ping_status":"closed","template":"","meta":{"_acf_changed":false,"footnotes":""},"class_list":["post-317","page","type-page","status-publish","hentry"],"acf":[],"yoast_head":"<!-- This site is optimized with the Yoast SEO plugin v23.9 - https:\/\/yoast.com\/wordpress\/plugins\/seo\/ -->\n<title>Taide osana ty\u00f6ymp\u00e4rist\u00f6\u00e4 - Senaatti 2020 - yhteiskuntavastuuraportti<\/title>\n<meta name=\"description\" content=\"&nbsp; Taide on kuuluu olennaisena osana hyv\u00e4\u00e4n ty\u00f6ymp\u00e4rist\u00f6\u00f6n ja julkisiin rakennuksiin. Senaatti tekee tiivist\u00e4 yhteisty\u00f6t\u00e4 Valtion taideteostoimikunnan\" \/>\n<meta name=\"robots\" content=\"index, follow, max-snippet:-1, max-image-preview:large, max-video-preview:-1\" \/>\n<link rel=\"canonical\" href=\"https:\/\/www.senaatti.fi\/yhteiskuntavastuuraportti2020\/vastuullisuus-senaatissa\/tyoymparistot\/taide-osana-tyoymparistoa\/\" \/>\n<meta property=\"og:locale\" content=\"en_US\" \/>\n<meta property=\"og:type\" content=\"article\" \/>\n<meta property=\"og:title\" content=\"Taide osana ty\u00f6ymp\u00e4rist\u00f6\u00e4 - Senaatti 2020 - yhteiskuntavastuuraportti\" \/>\n<meta property=\"og:description\" content=\"&nbsp; Taide on kuuluu olennaisena osana hyv\u00e4\u00e4n ty\u00f6ymp\u00e4rist\u00f6\u00f6n ja julkisiin rakennuksiin. Senaatti tekee tiivist\u00e4 yhteisty\u00f6t\u00e4 Valtion taideteostoimikunnan\" \/>\n<meta property=\"og:url\" content=\"https:\/\/www.senaatti.fi\/yhteiskuntavastuuraportti2020\/vastuullisuus-senaatissa\/tyoymparistot\/taide-osana-tyoymparistoa\/\" \/>\n<meta property=\"og:site_name\" content=\"Senaatti 2020 - yhteiskuntavastuuraportti\" \/>\n<meta property=\"article:modified_time\" content=\"2021-03-29T11:25:55+00:00\" \/>\n<meta property=\"og:image\" content=\"https:\/\/www.senaatti.fi\/app_ykv_archive\/uploads\/sites\/10\/2021\/03\/Taide.jpg\" \/>\n<meta name=\"twitter:card\" content=\"summary_large_image\" \/>\n<meta name=\"twitter:label1\" content=\"Est. reading time\" \/>\n\t<meta name=\"twitter:data1\" content=\"2 minutes\" \/>\n<script type=\"application\/ld+json\" class=\"yoast-schema-graph\">{\"@context\":\"https:\/\/schema.org\",\"@graph\":[{\"@type\":\"WebPage\",\"@id\":\"https:\/\/www.senaatti.fi\/yhteiskuntavastuuraportti2020\/vastuullisuus-senaatissa\/tyoymparistot\/taide-osana-tyoymparistoa\/\",\"url\":\"https:\/\/www.senaatti.fi\/yhteiskuntavastuuraportti2020\/vastuullisuus-senaatissa\/tyoymparistot\/taide-osana-tyoymparistoa\/\",\"name\":\"Taide osana ty\u00f6ymp\u00e4rist\u00f6\u00e4 - Senaatti 2020 - yhteiskuntavastuuraportti\",\"isPartOf\":{\"@id\":\"https:\/\/www.senaatti.fi\/yhteiskuntavastuuraportti2020\/#website\"},\"primaryImageOfPage\":{\"@id\":\"https:\/\/www.senaatti.fi\/yhteiskuntavastuuraportti2020\/vastuullisuus-senaatissa\/tyoymparistot\/taide-osana-tyoymparistoa\/#primaryimage\"},\"image\":{\"@id\":\"https:\/\/www.senaatti.fi\/yhteiskuntavastuuraportti2020\/vastuullisuus-senaatissa\/tyoymparistot\/taide-osana-tyoymparistoa\/#primaryimage\"},\"thumbnailUrl\":\"https:\/\/www.senaatti.fi\/app_ykv_archive\/uploads\/sites\/10\/2021\/03\/Taide.jpg\",\"datePublished\":\"2018-03-01T12:26:49+00:00\",\"dateModified\":\"2021-03-29T11:25:55+00:00\",\"description\":\"&nbsp; Taide on kuuluu olennaisena osana hyv\u00e4\u00e4n ty\u00f6ymp\u00e4rist\u00f6\u00f6n ja julkisiin rakennuksiin. Senaatti tekee tiivist\u00e4 yhteisty\u00f6t\u00e4 Valtion taideteostoimikunnan\",\"breadcrumb\":{\"@id\":\"https:\/\/www.senaatti.fi\/yhteiskuntavastuuraportti2020\/vastuullisuus-senaatissa\/tyoymparistot\/taide-osana-tyoymparistoa\/#breadcrumb\"},\"inLanguage\":\"en-US\",\"potentialAction\":[{\"@type\":\"ReadAction\",\"target\":[\"https:\/\/www.senaatti.fi\/yhteiskuntavastuuraportti2020\/vastuullisuus-senaatissa\/tyoymparistot\/taide-osana-tyoymparistoa\/\"]}]},{\"@type\":\"ImageObject\",\"inLanguage\":\"en-US\",\"@id\":\"https:\/\/www.senaatti.fi\/yhteiskuntavastuuraportti2020\/vastuullisuus-senaatissa\/tyoymparistot\/taide-osana-tyoymparistoa\/#primaryimage\",\"url\":\"https:\/\/www.senaatti.fi\/app_ykv_archive\/uploads\/sites\/10\/2021\/03\/Taide.jpg\",\"contentUrl\":\"https:\/\/www.senaatti.fi\/app_ykv_archive\/uploads\/sites\/10\/2021\/03\/Taide.jpg\"},{\"@type\":\"BreadcrumbList\",\"@id\":\"https:\/\/www.senaatti.fi\/yhteiskuntavastuuraportti2020\/vastuullisuus-senaatissa\/tyoymparistot\/taide-osana-tyoymparistoa\/#breadcrumb\",\"itemListElement\":[{\"@type\":\"ListItem\",\"position\":1,\"name\":\"Home\",\"item\":\"https:\/\/www.senaatti.fi\/yhteiskuntavastuuraportti2020\/\"},{\"@type\":\"ListItem\",\"position\":2,\"name\":\"Vastuullisuus Senaatissa\",\"item\":\"https:\/\/www.senaatti.fi\/yhteiskuntavastuuraportti2020\/vastuullisuus-senaatissa\/\"},{\"@type\":\"ListItem\",\"position\":3,\"name\":\"Ty\u00f6ymp\u00e4rist\u00f6t\",\"item\":\"https:\/\/www.senaatti.fi\/yhteiskuntavastuuraportti2020\/vastuullisuus-senaatissa\/tyoymparistot\/\"},{\"@type\":\"ListItem\",\"position\":4,\"name\":\"Taide osana ty\u00f6ymp\u00e4rist\u00f6\u00e4\"}]},{\"@type\":\"WebSite\",\"@id\":\"https:\/\/www.senaatti.fi\/yhteiskuntavastuuraportti2020\/#website\",\"url\":\"https:\/\/www.senaatti.fi\/yhteiskuntavastuuraportti2020\/\",\"name\":\"Senaatti 2020 - yhteiskuntavastuuraportti\",\"description\":\"\",\"potentialAction\":[{\"@type\":\"SearchAction\",\"target\":{\"@type\":\"EntryPoint\",\"urlTemplate\":\"https:\/\/www.senaatti.fi\/yhteiskuntavastuuraportti2020\/?s={search_term_string}\"},\"query-input\":{\"@type\":\"PropertyValueSpecification\",\"valueRequired\":true,\"valueName\":\"search_term_string\"}}],\"inLanguage\":\"en-US\"}]}<\/script>\n<!-- \/ Yoast SEO plugin. -->","yoast_head_json":{"title":"Taide osana ty\u00f6ymp\u00e4rist\u00f6\u00e4 - Senaatti 2020 - yhteiskuntavastuuraportti","description":"&nbsp; Taide on kuuluu olennaisena osana hyv\u00e4\u00e4n ty\u00f6ymp\u00e4rist\u00f6\u00f6n ja julkisiin rakennuksiin. Senaatti tekee tiivist\u00e4 yhteisty\u00f6t\u00e4 Valtion taideteostoimikunnan","robots":{"index":"index","follow":"follow","max-snippet":"max-snippet:-1","max-image-preview":"max-image-preview:large","max-video-preview":"max-video-preview:-1"},"canonical":"https:\/\/www.senaatti.fi\/yhteiskuntavastuuraportti2020\/vastuullisuus-senaatissa\/tyoymparistot\/taide-osana-tyoymparistoa\/","og_locale":"en_US","og_type":"article","og_title":"Taide osana ty\u00f6ymp\u00e4rist\u00f6\u00e4 - Senaatti 2020 - yhteiskuntavastuuraportti","og_description":"&nbsp; Taide on kuuluu olennaisena osana hyv\u00e4\u00e4n ty\u00f6ymp\u00e4rist\u00f6\u00f6n ja julkisiin rakennuksiin. Senaatti tekee tiivist\u00e4 yhteisty\u00f6t\u00e4 Valtion taideteostoimikunnan","og_url":"https:\/\/www.senaatti.fi\/yhteiskuntavastuuraportti2020\/vastuullisuus-senaatissa\/tyoymparistot\/taide-osana-tyoymparistoa\/","og_site_name":"Senaatti 2020 - yhteiskuntavastuuraportti","article_modified_time":"2021-03-29T11:25:55+00:00","og_image":[{"url":"https:\/\/www.senaatti.fi\/app_ykv_archive\/uploads\/sites\/10\/2021\/03\/Taide.jpg"}],"twitter_card":"summary_large_image","twitter_misc":{"Est. reading time":"2 minutes"},"schema":{"@context":"https:\/\/schema.org","@graph":[{"@type":"WebPage","@id":"https:\/\/www.senaatti.fi\/yhteiskuntavastuuraportti2020\/vastuullisuus-senaatissa\/tyoymparistot\/taide-osana-tyoymparistoa\/","url":"https:\/\/www.senaatti.fi\/yhteiskuntavastuuraportti2020\/vastuullisuus-senaatissa\/tyoymparistot\/taide-osana-tyoymparistoa\/","name":"Taide osana ty\u00f6ymp\u00e4rist\u00f6\u00e4 - Senaatti 2020 - yhteiskuntavastuuraportti","isPartOf":{"@id":"https:\/\/www.senaatti.fi\/yhteiskuntavastuuraportti2020\/#website"},"primaryImageOfPage":{"@id":"https:\/\/www.senaatti.fi\/yhteiskuntavastuuraportti2020\/vastuullisuus-senaatissa\/tyoymparistot\/taide-osana-tyoymparistoa\/#primaryimage"},"image":{"@id":"https:\/\/www.senaatti.fi\/yhteiskuntavastuuraportti2020\/vastuullisuus-senaatissa\/tyoymparistot\/taide-osana-tyoymparistoa\/#primaryimage"},"thumbnailUrl":"https:\/\/www.senaatti.fi\/app_ykv_archive\/uploads\/sites\/10\/2021\/03\/Taide.jpg","datePublished":"2018-03-01T12:26:49+00:00","dateModified":"2021-03-29T11:25:55+00:00","description":"&nbsp; Taide on kuuluu olennaisena osana hyv\u00e4\u00e4n ty\u00f6ymp\u00e4rist\u00f6\u00f6n ja julkisiin rakennuksiin. Senaatti tekee tiivist\u00e4 yhteisty\u00f6t\u00e4 Valtion taideteostoimikunnan","breadcrumb":{"@id":"https:\/\/www.senaatti.fi\/yhteiskuntavastuuraportti2020\/vastuullisuus-senaatissa\/tyoymparistot\/taide-osana-tyoymparistoa\/#breadcrumb"},"inLanguage":"en-US","potentialAction":[{"@type":"ReadAction","target":["https:\/\/www.senaatti.fi\/yhteiskuntavastuuraportti2020\/vastuullisuus-senaatissa\/tyoymparistot\/taide-osana-tyoymparistoa\/"]}]},{"@type":"ImageObject","inLanguage":"en-US","@id":"https:\/\/www.senaatti.fi\/yhteiskuntavastuuraportti2020\/vastuullisuus-senaatissa\/tyoymparistot\/taide-osana-tyoymparistoa\/#primaryimage","url":"https:\/\/www.senaatti.fi\/app_ykv_archive\/uploads\/sites\/10\/2021\/03\/Taide.jpg","contentUrl":"https:\/\/www.senaatti.fi\/app_ykv_archive\/uploads\/sites\/10\/2021\/03\/Taide.jpg"},{"@type":"BreadcrumbList","@id":"https:\/\/www.senaatti.fi\/yhteiskuntavastuuraportti2020\/vastuullisuus-senaatissa\/tyoymparistot\/taide-osana-tyoymparistoa\/#breadcrumb","itemListElement":[{"@type":"ListItem","position":1,"name":"Home","item":"https:\/\/www.senaatti.fi\/yhteiskuntavastuuraportti2020\/"},{"@type":"ListItem","position":2,"name":"Vastuullisuus Senaatissa","item":"https:\/\/www.senaatti.fi\/yhteiskuntavastuuraportti2020\/vastuullisuus-senaatissa\/"},{"@type":"ListItem","position":3,"name":"Ty\u00f6ymp\u00e4rist\u00f6t","item":"https:\/\/www.senaatti.fi\/yhteiskuntavastuuraportti2020\/vastuullisuus-senaatissa\/tyoymparistot\/"},{"@type":"ListItem","position":4,"name":"Taide osana ty\u00f6ymp\u00e4rist\u00f6\u00e4"}]},{"@type":"WebSite","@id":"https:\/\/www.senaatti.fi\/yhteiskuntavastuuraportti2020\/#website","url":"https:\/\/www.senaatti.fi\/yhteiskuntavastuuraportti2020\/","name":"Senaatti 2020 - yhteiskuntavastuuraportti","description":"","potentialAction":[{"@type":"SearchAction","target":{"@type":"EntryPoint","urlTemplate":"https:\/\/www.senaatti.fi\/yhteiskuntavastuuraportti2020\/?s={search_term_string}"},"query-input":{"@type":"PropertyValueSpecification","valueRequired":true,"valueName":"search_term_string"}}],"inLanguage":"en-US"}]}},"_links":{"self":[{"href":"https:\/\/www.senaatti.fi\/yhteiskuntavastuuraportti2020\/wp-json\/wp\/v2\/pages\/317","targetHints":{"allow":["GET"]}}],"collection":[{"href":"https:\/\/www.senaatti.fi\/yhteiskuntavastuuraportti2020\/wp-json\/wp\/v2\/pages"}],"about":[{"href":"https:\/\/www.senaatti.fi\/yhteiskuntavastuuraportti2020\/wp-json\/wp\/v2\/types\/page"}],"author":[{"embeddable":true,"href":"https:\/\/www.senaatti.fi\/yhteiskuntavastuuraportti2020\/wp-json\/wp\/v2\/users\/11"}],"replies":[{"embeddable":true,"href":"https:\/\/www.senaatti.fi\/yhteiskuntavastuuraportti2020\/wp-json\/wp\/v2\/comments?post=317"}],"version-history":[{"count":12,"href":"https:\/\/www.senaatti.fi\/yhteiskuntavastuuraportti2020\/wp-json\/wp\/v2\/pages\/317\/revisions"}],"predecessor-version":[{"id":4139,"href":"https:\/\/www.senaatti.fi\/yhteiskuntavastuuraportti2020\/wp-json\/wp\/v2\/pages\/317\/revisions\/4139"}],"up":[{"embeddable":true,"href":"https:\/\/www.senaatti.fi\/yhteiskuntavastuuraportti2020\/wp-json\/wp\/v2\/pages\/103"}],"wp:attachment":[{"href":"https:\/\/www.senaatti.fi\/yhteiskuntavastuuraportti2020\/wp-json\/wp\/v2\/media?parent=317"}],"curies":[{"name":"wp","href":"https:\/\/api.w.org\/{rel}","templated":true}]}}