{"id":31,"date":"2018-01-29T10:59:31","date_gmt":"2018-01-29T10:59:31","guid":{"rendered":"https:\/\/www.senaatti.fi\/yhteiskuntavastuuraportti2020\/?page_id=31"},"modified":"2023-06-20T11:24:50","modified_gmt":"2023-06-20T11:24:50","slug":"investoinnit","status":"publish","type":"page","link":"https:\/\/www.senaatti.fi\/yhteiskuntavastuuraportti2020\/vuosi-2020\/investoinnit\/","title":{"rendered":"Investoinnit"},"content":{"rendered":"<ul>\n<li>Koronapandemiasta huolimatta valtion toimitilojen rakentaminen eteni suunnitelmien mukaan.<\/li>\n<li>Senaatin kokonaisinvestoinnit olivat yhteens\u00e4 423,2 milj. euroa.<\/li>\n<li>Vuoden aikana valmistui 40 yli miljoonan euron suuruista hanketta, joista suurimmat olivat (alla kuvassa) H\u00e4meenlinnan uusi vankila naisille (32 milj. euroa), Keravan avovankila (22 milj. euroa) sek\u00e4 Lappeenrannan uusi oikeustalo (9 milj. euroa) sek\u00e4 Puolustusvoimien hankkeita (32 milj. euroa)<\/li>\n<\/ul>\n<p><img loading=\"lazy\" decoding=\"async\" src=\"https:\/\/www.senaatti.fi\/app_ykv_archive\/uploads\/sites\/10\/2021\/03\/hameenlinna_vankila_ulkokuva.jpg\" alt=\"\" class=\"alignnone wp-image-4289 size-full\" width=\"965\" height=\"637\" srcset=\"https:\/\/www.senaatti.fi\/app_ykv_archive\/uploads\/sites\/10\/2021\/03\/hameenlinna_vankila_ulkokuva.jpg 965w, https:\/\/www.senaatti.fi\/app_ykv_archive\/uploads\/sites\/10\/2021\/03\/hameenlinna_vankila_ulkokuva-300x198.jpg 300w, https:\/\/www.senaatti.fi\/app_ykv_archive\/uploads\/sites\/10\/2021\/03\/hameenlinna_vankila_ulkokuva-768x507.jpg 768w\" sizes=\"auto, (max-width: 965px) 100vw, 965px\" \/><\/p>\n<p>Suurimmat k\u00e4ynniss\u00e4 olleet rakennushankkeet olivat Oulun uusi oikeustalo, ulkoministeri\u00f6n k\u00e4yt\u00f6ss\u00e4 olevan Merikasarmin perusparannus, THL:n uudisrakennus\u00a0 Helsingin Tilkanm\u00e4ell\u00e4, STUK:n uusi toimisto- ja laboratoriorakennus Vantaalla sek\u00e4 Suomalais-ven\u00e4l\u00e4isen koulun uudisrakennus Helsingiss\u00e4<\/p>\n<p>Peruskorjaamme ja uudistamme valtion toimitiloja asiakastarpeiden mukaisesti. Senaatin investoinnit ovat viime vuosina painottuneet vahvasti kiinteist\u00f6jen peruskorjauksiin ja ty\u00f6ymp\u00e4rist\u00f6jen kehitt\u00e4miseen. Investointeja ohjaavat valtion toimitilastrategian mukaiset tavoitteet.<\/p>\n<blockquote><p>Valtion linjausten mukaisesti uudisrakentamisen sijaan pyrit\u00e4\u00e4n aina ensisijaisesti hy\u00f6dynt\u00e4m\u00e4\u00e4n olemassa olevaa rakennuskantaa. Mik\u00e4li valtiolla ei ole tarjota sopivaa tilaa, hy\u00f6dynnet\u00e4\u00e4n my\u00f6s yksityisten markkinoiden vapaita toimitiloja.<\/p><\/blockquote>\n<h2>Senaatin investoinnit 435,7 milj. euroa jakautuivat seuraavasti:<\/h2>\n<ul>\n<li>perusparannukset ja -korjaukset 233,0 milj. euroa<\/li>\n<li>uudisrakennukset 98,7 milj. euroa<\/li>\n<li>rahastosuoritukset kiinteist\u00f6osakeyhti\u00f6ille 4,3 milj. euroa<\/li>\n<li>k\u00e4ytt\u00f6omaisuuden ostot ja tyt\u00e4ryhti\u00f6iden p\u00e4\u00e4omitukset 4,7 milj. euroa.<\/li>\n<\/ul>\n<p>Lis\u00e4ksi investointeihin sis\u00e4ltyy Musiikkitalon lainan konvertointi omaksi p\u00e4\u00e4omaksi 59 milj. euroa ja tyt\u00e4ryhti\u00f6iden purun vaikutukset, 23 milj. euroa. Tyt\u00e4ryhti\u00f6it\u00e4 (Puolustuskiinteist\u00f6t ja Senaatin Asema-alueet Oy) p\u00e4\u00e4omitettiin kutakin 2 milj. euroa. Investointien kokonaism\u00e4\u00e4r\u00e4 oli 435,7 milj. euroa, joka sis\u00e4lt\u00e4\u00e4 my\u00f6s investointivaltuuteen kuulumattomat investointier\u00e4t maank\u00e4ytt\u00f6maksut ja varainsiirtoverot.<\/p>\n<div class=\"graph-container\"><h2 class=\"text\">Investoinnit ja liikevaihto<\/h2><span class=\"hide\"><\/span><div id=\"investoinnit-ja-liikevaihto\"><\/div><\/div>\n<div class=\"graph-container\"><h2 class=\"text\">Uudisrakennusinvestoinnit ja peruskorjaukset ja -parannukset<\/h2><span class=\"hide\"><\/span><div id=\"uusinvestoinnit-ja-peruskorjaukset\"><\/div><\/div>\n<div class=\"graph-container\"><h2 class=\"text\">Investointien osuus liikevaihdosta<\/h2><span class=\"hide\"><\/span><div id=\"investointien-osuus-liikevaihdosta\"><\/div><\/div>\n<div class=\"graph-container\"><h2 class=\"text\">Investointimenojen kehitys<\/h2><span class=\"hide\"><\/span><div id=\"investointimenojen-kehitys\"><\/div><\/div>\n<div class=\"graph-container\"><h2 class=\"text\">Investoinnit toimialoittain<\/h2><span class=\"hide\"><\/span><div id=\"investoinnit-toimialoittain\"><\/div><\/div>\n<p>&nbsp;<\/p>\n<div id=\"highcharts-pdP0nuJt\"><div class=\"graph-container\"><h2 class=\"text\">Investoinnit alueittain<\/h2><span class=\"hide\"><\/span><div id=\"investoinnit-alueittain\"><\/div><\/div><\/div>\n<div><\/div>\n<h2>Senaatin rakennuttamistoiminta<\/h2>\n<div>Senaatin rakennuttamistoiminnasta voi lukea lis\u00e4\u00e4 Vastuullisuus-osiosta <a href=\"https:\/\/www.senaatti.fi\/yhteiskuntavastuuraportti2020\/vastuullisuus-senaatissa\/ymparisto\/kestava-rakentaminen\/\">Kest\u00e4v\u00e4 rakentaminen ja kiertotalous<\/a><\/div>\n<p>&nbsp;<\/p>\n<p>&nbsp;<\/p>\n","protected":false},"excerpt":{"rendered":"<p>Koronapandemiasta huolimatta valtion toimitilojen rakentaminen eteni suunnitelmien mukaan. Senaatin kokonaisinvestoinnit olivat yhteens\u00e4 423,2 milj. euroa. Vuoden aikana valmistui 40 yli miljoonan euron suuruista hanketta, joista suurimmat olivat (alla kuvassa) H\u00e4meenlinnan uusi vankila naisille (32 milj. euroa), Keravan avovankila (22 milj. euroa) sek\u00e4 Lappeenrannan uusi oikeustalo (9 milj. euroa) sek\u00e4 Puolustusvoimien hankkeita (32 milj. euroa) Suurimmat [&hellip;]<\/p>\n","protected":false},"author":11,"featured_media":0,"parent":5,"menu_order":8,"comment_status":"closed","ping_status":"closed","template":"","meta":{"_acf_changed":false,"footnotes":""},"class_list":["post-31","page","type-page","status-publish","hentry","senaatti_tsdg-ihmisarvoista-tyota-ja-talouskasvua"],"acf":[],"yoast_head":"<!-- This site is optimized with the Yoast SEO plugin v23.9 - https:\/\/yoast.com\/wordpress\/plugins\/seo\/ -->\n<title>Investoinnit - Senaatti 2020 - yhteiskuntavastuuraportti<\/title>\n<meta name=\"description\" content=\"Koronapandemiasta huolimatta valtion toimitilojen rakentaminen eteni suunnitelmien mukaan. Senaatin kokonaisinvestoinnit olivat yhteens\u00e4 423,2 milj.\" \/>\n<meta name=\"robots\" content=\"index, follow, max-snippet:-1, max-image-preview:large, max-video-preview:-1\" \/>\n<link rel=\"canonical\" href=\"https:\/\/www.senaatti.fi\/yhteiskuntavastuuraportti2020\/vuosi-2020\/investoinnit\/\" \/>\n<meta property=\"og:locale\" content=\"en_US\" \/>\n<meta property=\"og:type\" content=\"article\" \/>\n<meta property=\"og:title\" content=\"Investoinnit - Senaatti 2020 - yhteiskuntavastuuraportti\" \/>\n<meta property=\"og:description\" content=\"Koronapandemiasta huolimatta valtion toimitilojen rakentaminen eteni suunnitelmien mukaan. Senaatin kokonaisinvestoinnit olivat yhteens\u00e4 423,2 milj.\" \/>\n<meta property=\"og:url\" content=\"https:\/\/www.senaatti.fi\/yhteiskuntavastuuraportti2020\/vuosi-2020\/investoinnit\/\" \/>\n<meta property=\"og:site_name\" content=\"Senaatti 2020 - yhteiskuntavastuuraportti\" \/>\n<meta property=\"article:modified_time\" content=\"2023-06-20T11:24:50+00:00\" \/>\n<meta property=\"og:image\" content=\"https:\/\/www.senaatti.fi\/app_ykv_archive\/uploads\/sites\/10\/2021\/03\/hameenlinna_vankila_ulkokuva.jpg\" \/>\n<meta name=\"twitter:card\" content=\"summary_large_image\" \/>\n<meta name=\"twitter:label1\" content=\"Est. reading time\" \/>\n\t<meta name=\"twitter:data1\" content=\"2 minutes\" \/>\n<script type=\"application\/ld+json\" class=\"yoast-schema-graph\">{\"@context\":\"https:\/\/schema.org\",\"@graph\":[{\"@type\":\"WebPage\",\"@id\":\"https:\/\/www.senaatti.fi\/yhteiskuntavastuuraportti2020\/vuosi-2020\/investoinnit\/\",\"url\":\"https:\/\/www.senaatti.fi\/yhteiskuntavastuuraportti2020\/vuosi-2020\/investoinnit\/\",\"name\":\"Investoinnit - Senaatti 2020 - yhteiskuntavastuuraportti\",\"isPartOf\":{\"@id\":\"https:\/\/www.senaatti.fi\/yhteiskuntavastuuraportti2020\/#website\"},\"primaryImageOfPage\":{\"@id\":\"https:\/\/www.senaatti.fi\/yhteiskuntavastuuraportti2020\/vuosi-2020\/investoinnit\/#primaryimage\"},\"image\":{\"@id\":\"https:\/\/www.senaatti.fi\/yhteiskuntavastuuraportti2020\/vuosi-2020\/investoinnit\/#primaryimage\"},\"thumbnailUrl\":\"https:\/\/www.senaatti.fi\/app_ykv_archive\/uploads\/sites\/10\/2021\/03\/hameenlinna_vankila_ulkokuva.jpg\",\"datePublished\":\"2018-01-29T10:59:31+00:00\",\"dateModified\":\"2023-06-20T11:24:50+00:00\",\"description\":\"Koronapandemiasta huolimatta valtion toimitilojen rakentaminen eteni suunnitelmien mukaan. Senaatin kokonaisinvestoinnit olivat yhteens\u00e4 423,2 milj.\",\"breadcrumb\":{\"@id\":\"https:\/\/www.senaatti.fi\/yhteiskuntavastuuraportti2020\/vuosi-2020\/investoinnit\/#breadcrumb\"},\"inLanguage\":\"en-US\",\"potentialAction\":[{\"@type\":\"ReadAction\",\"target\":[\"https:\/\/www.senaatti.fi\/yhteiskuntavastuuraportti2020\/vuosi-2020\/investoinnit\/\"]}]},{\"@type\":\"ImageObject\",\"inLanguage\":\"en-US\",\"@id\":\"https:\/\/www.senaatti.fi\/yhteiskuntavastuuraportti2020\/vuosi-2020\/investoinnit\/#primaryimage\",\"url\":\"https:\/\/www.senaatti.fi\/app_ykv_archive\/uploads\/sites\/10\/2021\/03\/hameenlinna_vankila_ulkokuva.jpg\",\"contentUrl\":\"https:\/\/www.senaatti.fi\/app_ykv_archive\/uploads\/sites\/10\/2021\/03\/hameenlinna_vankila_ulkokuva.jpg\"},{\"@type\":\"BreadcrumbList\",\"@id\":\"https:\/\/www.senaatti.fi\/yhteiskuntavastuuraportti2020\/vuosi-2020\/investoinnit\/#breadcrumb\",\"itemListElement\":[{\"@type\":\"ListItem\",\"position\":1,\"name\":\"Home\",\"item\":\"https:\/\/www.senaatti.fi\/yhteiskuntavastuuraportti2020\/\"},{\"@type\":\"ListItem\",\"position\":2,\"name\":\"Vuosi 2020\",\"item\":\"https:\/\/www.senaatti.fi\/yhteiskuntavastuuraportti2020\/vuosi-2020\/\"},{\"@type\":\"ListItem\",\"position\":3,\"name\":\"Investoinnit\"}]},{\"@type\":\"WebSite\",\"@id\":\"https:\/\/www.senaatti.fi\/yhteiskuntavastuuraportti2020\/#website\",\"url\":\"https:\/\/www.senaatti.fi\/yhteiskuntavastuuraportti2020\/\",\"name\":\"Senaatti 2020 - yhteiskuntavastuuraportti\",\"description\":\"\",\"potentialAction\":[{\"@type\":\"SearchAction\",\"target\":{\"@type\":\"EntryPoint\",\"urlTemplate\":\"https:\/\/www.senaatti.fi\/yhteiskuntavastuuraportti2020\/?s={search_term_string}\"},\"query-input\":{\"@type\":\"PropertyValueSpecification\",\"valueRequired\":true,\"valueName\":\"search_term_string\"}}],\"inLanguage\":\"en-US\"}]}<\/script>\n<!-- \/ Yoast SEO plugin. -->","yoast_head_json":{"title":"Investoinnit - Senaatti 2020 - yhteiskuntavastuuraportti","description":"Koronapandemiasta huolimatta valtion toimitilojen rakentaminen eteni suunnitelmien mukaan. Senaatin kokonaisinvestoinnit olivat yhteens\u00e4 423,2 milj.","robots":{"index":"index","follow":"follow","max-snippet":"max-snippet:-1","max-image-preview":"max-image-preview:large","max-video-preview":"max-video-preview:-1"},"canonical":"https:\/\/www.senaatti.fi\/yhteiskuntavastuuraportti2020\/vuosi-2020\/investoinnit\/","og_locale":"en_US","og_type":"article","og_title":"Investoinnit - Senaatti 2020 - yhteiskuntavastuuraportti","og_description":"Koronapandemiasta huolimatta valtion toimitilojen rakentaminen eteni suunnitelmien mukaan. Senaatin kokonaisinvestoinnit olivat yhteens\u00e4 423,2 milj.","og_url":"https:\/\/www.senaatti.fi\/yhteiskuntavastuuraportti2020\/vuosi-2020\/investoinnit\/","og_site_name":"Senaatti 2020 - yhteiskuntavastuuraportti","article_modified_time":"2023-06-20T11:24:50+00:00","og_image":[{"url":"https:\/\/www.senaatti.fi\/app_ykv_archive\/uploads\/sites\/10\/2021\/03\/hameenlinna_vankila_ulkokuva.jpg"}],"twitter_card":"summary_large_image","twitter_misc":{"Est. reading time":"2 minutes"},"schema":{"@context":"https:\/\/schema.org","@graph":[{"@type":"WebPage","@id":"https:\/\/www.senaatti.fi\/yhteiskuntavastuuraportti2020\/vuosi-2020\/investoinnit\/","url":"https:\/\/www.senaatti.fi\/yhteiskuntavastuuraportti2020\/vuosi-2020\/investoinnit\/","name":"Investoinnit - Senaatti 2020 - yhteiskuntavastuuraportti","isPartOf":{"@id":"https:\/\/www.senaatti.fi\/yhteiskuntavastuuraportti2020\/#website"},"primaryImageOfPage":{"@id":"https:\/\/www.senaatti.fi\/yhteiskuntavastuuraportti2020\/vuosi-2020\/investoinnit\/#primaryimage"},"image":{"@id":"https:\/\/www.senaatti.fi\/yhteiskuntavastuuraportti2020\/vuosi-2020\/investoinnit\/#primaryimage"},"thumbnailUrl":"https:\/\/www.senaatti.fi\/app_ykv_archive\/uploads\/sites\/10\/2021\/03\/hameenlinna_vankila_ulkokuva.jpg","datePublished":"2018-01-29T10:59:31+00:00","dateModified":"2023-06-20T11:24:50+00:00","description":"Koronapandemiasta huolimatta valtion toimitilojen rakentaminen eteni suunnitelmien mukaan. Senaatin kokonaisinvestoinnit olivat yhteens\u00e4 423,2 milj.","breadcrumb":{"@id":"https:\/\/www.senaatti.fi\/yhteiskuntavastuuraportti2020\/vuosi-2020\/investoinnit\/#breadcrumb"},"inLanguage":"en-US","potentialAction":[{"@type":"ReadAction","target":["https:\/\/www.senaatti.fi\/yhteiskuntavastuuraportti2020\/vuosi-2020\/investoinnit\/"]}]},{"@type":"ImageObject","inLanguage":"en-US","@id":"https:\/\/www.senaatti.fi\/yhteiskuntavastuuraportti2020\/vuosi-2020\/investoinnit\/#primaryimage","url":"https:\/\/www.senaatti.fi\/app_ykv_archive\/uploads\/sites\/10\/2021\/03\/hameenlinna_vankila_ulkokuva.jpg","contentUrl":"https:\/\/www.senaatti.fi\/app_ykv_archive\/uploads\/sites\/10\/2021\/03\/hameenlinna_vankila_ulkokuva.jpg"},{"@type":"BreadcrumbList","@id":"https:\/\/www.senaatti.fi\/yhteiskuntavastuuraportti2020\/vuosi-2020\/investoinnit\/#breadcrumb","itemListElement":[{"@type":"ListItem","position":1,"name":"Home","item":"https:\/\/www.senaatti.fi\/yhteiskuntavastuuraportti2020\/"},{"@type":"ListItem","position":2,"name":"Vuosi 2020","item":"https:\/\/www.senaatti.fi\/yhteiskuntavastuuraportti2020\/vuosi-2020\/"},{"@type":"ListItem","position":3,"name":"Investoinnit"}]},{"@type":"WebSite","@id":"https:\/\/www.senaatti.fi\/yhteiskuntavastuuraportti2020\/#website","url":"https:\/\/www.senaatti.fi\/yhteiskuntavastuuraportti2020\/","name":"Senaatti 2020 - yhteiskuntavastuuraportti","description":"","potentialAction":[{"@type":"SearchAction","target":{"@type":"EntryPoint","urlTemplate":"https:\/\/www.senaatti.fi\/yhteiskuntavastuuraportti2020\/?s={search_term_string}"},"query-input":{"@type":"PropertyValueSpecification","valueRequired":true,"valueName":"search_term_string"}}],"inLanguage":"en-US"}]}},"_links":{"self":[{"href":"https:\/\/www.senaatti.fi\/yhteiskuntavastuuraportti2020\/wp-json\/wp\/v2\/pages\/31","targetHints":{"allow":["GET"]}}],"collection":[{"href":"https:\/\/www.senaatti.fi\/yhteiskuntavastuuraportti2020\/wp-json\/wp\/v2\/pages"}],"about":[{"href":"https:\/\/www.senaatti.fi\/yhteiskuntavastuuraportti2020\/wp-json\/wp\/v2\/types\/page"}],"author":[{"embeddable":true,"href":"https:\/\/www.senaatti.fi\/yhteiskuntavastuuraportti2020\/wp-json\/wp\/v2\/users\/11"}],"replies":[{"embeddable":true,"href":"https:\/\/www.senaatti.fi\/yhteiskuntavastuuraportti2020\/wp-json\/wp\/v2\/comments?post=31"}],"version-history":[{"count":14,"href":"https:\/\/www.senaatti.fi\/yhteiskuntavastuuraportti2020\/wp-json\/wp\/v2\/pages\/31\/revisions"}],"predecessor-version":[{"id":4503,"href":"https:\/\/www.senaatti.fi\/yhteiskuntavastuuraportti2020\/wp-json\/wp\/v2\/pages\/31\/revisions\/4503"}],"up":[{"embeddable":true,"href":"https:\/\/www.senaatti.fi\/yhteiskuntavastuuraportti2020\/wp-json\/wp\/v2\/pages\/5"}],"wp:attachment":[{"href":"https:\/\/www.senaatti.fi\/yhteiskuntavastuuraportti2020\/wp-json\/wp\/v2\/media?parent=31"}],"curies":[{"name":"wp","href":"https:\/\/api.w.org\/{rel}","templated":true}]}}