{"id":238,"date":"2018-02-23T10:11:59","date_gmt":"2018-02-23T10:11:59","guid":{"rendered":"https:\/\/www.senaatti.fi\/yhteiskuntavastuuraportti2020\/?page_id=238"},"modified":"2022-01-04T13:17:39","modified_gmt":"2022-01-04T13:17:39","slug":"yllapito","status":"publish","type":"page","link":"https:\/\/www.senaatti.fi\/yhteiskuntavastuuraportti2020\/vuosi-2020\/yllapito\/","title":{"rendered":"Yll\u00e4pito"},"content":{"rendered":"<ul>\n<li>k\u00e4ytimme kiinteist\u00f6jen yll\u00e4pitoon 218 milj. euroa<\/li>\n<li>toteutimme kiinteist\u00f6jen yll\u00e4pidon 20 % edullisemmin kuin vertailuyrityksiss\u00e4<\/li>\n<li>kokonaisenergian ominaiskulutus laski 1,6 % yll\u00e4pidon seuraamassa kiinteist\u00f6kannassa edellisvuoteen verrattuna.\u00a0 Tavoitteena oli 1 % v\u00e4heneminen.<\/li>\n<li>otimme k\u00e4ytt\u00f6\u00f6n 16 uutta aurinkos\u00e4hk\u00f6j\u00e4rjestelm\u00e4\u00e4 eri puolilla Suomea<\/li>\n<li>teimme suunnitelman \u00f6ljyl\u00e4mmityslaitosten korvaamisesta hiilineutraaleilla l\u00e4mmitystavoilla.<\/li>\n<\/ul>\n<p><img loading=\"lazy\" decoding=\"async\" src=\"https:\/\/www.senaatti.fi\/app_ykv_archive\/uploads\/sites\/10\/2020\/03\/qr-koodi-1600x800.jpg\" alt=\"\" width=\"1600\" height=\"800\" class=\"alignnone wp-image-2964 size-full\" srcset=\"https:\/\/www.senaatti.fi\/app_ykv_archive\/uploads\/sites\/10\/2020\/03\/qr-koodi-1600x800.jpg 1600w, https:\/\/www.senaatti.fi\/app_ykv_archive\/uploads\/sites\/10\/2020\/03\/qr-koodi-1600x800-300x150.jpg 300w, https:\/\/www.senaatti.fi\/app_ykv_archive\/uploads\/sites\/10\/2020\/03\/qr-koodi-1600x800-1024x512.jpg 1024w, https:\/\/www.senaatti.fi\/app_ykv_archive\/uploads\/sites\/10\/2020\/03\/qr-koodi-1600x800-768x384.jpg 768w, https:\/\/www.senaatti.fi\/app_ykv_archive\/uploads\/sites\/10\/2020\/03\/qr-koodi-1600x800-1536x768.jpg 1536w\" sizes=\"auto, (max-width: 1600px) 100vw, 1600px\" \/><\/p>\n<p>Kiinteist\u00f6jen arvon ja k\u00e4ytett\u00e4vyyden s\u00e4ilyminen on yksi yll\u00e4pidon keskeisimmist\u00e4 tavoitteista. Tavoitteenamme on saada aikaan kiinteist\u00f6iss\u00e4 asetettujen tavoitteiden mukaiset ty\u00f6olosuhteet ja huolehtia, ett\u00e4 kiinteist\u00f6t ovat elinkaarensa mukaisessa teknisess\u00e4 kunnossa. Yll\u00e4pidolla on my\u00f6s merkitt\u00e4v\u00e4 rooli sis\u00e4ilman laadun varmistamisessa ja energiakulutuksen v\u00e4hent\u00e4misess\u00e4.<\/p>\n<blockquote><p>Pyrimme toteuttamaan yll\u00e4pidon optimaalisin kustannuksia ja saavuttamaan asetetut kulutustavoitteet.<\/p><\/blockquote>\n<p>Senaatin yll\u00e4pitoprosessin yhten\u00e4 teht\u00e4v\u00e4n\u00e4 on l\u00f6yt\u00e4\u00e4 ja ottaa k\u00e4ytt\u00f6\u00f6n alan parhaat k\u00e4yt\u00e4nn\u00f6t. Vuosittain teemme kiinteist\u00f6kannan arvioinnin, jonka perusteella laadimme kiinteist\u00f6ille vuosi- ja keskipitk\u00e4n aikav\u00e4lin suunnitelmat.<\/p>\n<h2><span style=\"color: inherit; font-size: 36px;\">Viisi valtakunnallista palvelutuottajaa<\/span><\/h2>\n<p>Kertomusvuonna kilpailutettiin kiinteist\u00f6nhoidon valtakunnalliset puitesopimukset ja jatkossa Senaatilla on viisi kumppaniyrityst\u00e4, joista yksi on uusi toimija ja nelj\u00e4 muuta yrityst\u00e4 jatkavat kumppaneina. Kilpailutamme puitesopimuskumppaneiden kesken kiinteist\u00f6jemme kiinteist\u00f6nhoidon.<\/p>\n<p>Kertomusvuonna k\u00e4ynnistettiin puitesopimuskauden ensimm\u00e4inen kilpailutuskierros, joka kattaa noin kolmasosan Senaatin yll\u00e4pit\u00e4mist\u00e4 kiinteist\u00f6ist\u00e4. Kumppanuuden tavoitteena on syvent\u00e4\u00e4 eri osapuolten v\u00e4list\u00e4 kehitt\u00e4misyhteisty\u00f6t\u00e4 ja tehostaa toimintamalleja laadun parantamiseksi ja kustannustason hallitsemiseksi.<\/p>\n<h2>Yhteiset tavoitteet kumppaneiden kanssa<\/h2>\n<p>Kiinteist\u00f6nhoitokumppaneiden kanssa sovitaan yhteiset tavoitteet, joiden edist\u00e4miseksi on k\u00e4yt\u00f6ss\u00e4 palkkio-sanktio-malli. Tavoitteena on motivoida palvelukumppaneiden ty\u00f6ntekij\u00f6it\u00e4 laadukkaaseen ty\u00f6h\u00f6n ja tavoitteiden saavuttamiseen erityisen palkkiomallin avulla.<\/p>\n<h2><img loading=\"lazy\" decoding=\"async\" src=\"https:\/\/www.senaatti.fi\/app_ykv_archive\/uploads\/sites\/10\/2020\/04\/sisailma-agentit_pulkkinen-miia_fingerroos-pamela_01-edit.jpg\" alt=\"\" width=\"1613\" height=\"1075\" class=\"alignnone wp-image-3077 size-full\" srcset=\"https:\/\/www.senaatti.fi\/app_ykv_archive\/uploads\/sites\/10\/2020\/04\/sisailma-agentit_pulkkinen-miia_fingerroos-pamela_01-edit.jpg 1613w, https:\/\/www.senaatti.fi\/app_ykv_archive\/uploads\/sites\/10\/2020\/04\/sisailma-agentit_pulkkinen-miia_fingerroos-pamela_01-edit-300x200.jpg 300w, https:\/\/www.senaatti.fi\/app_ykv_archive\/uploads\/sites\/10\/2020\/04\/sisailma-agentit_pulkkinen-miia_fingerroos-pamela_01-edit-1024x682.jpg 1024w, https:\/\/www.senaatti.fi\/app_ykv_archive\/uploads\/sites\/10\/2020\/04\/sisailma-agentit_pulkkinen-miia_fingerroos-pamela_01-edit-768x512.jpg 768w, https:\/\/www.senaatti.fi\/app_ykv_archive\/uploads\/sites\/10\/2020\/04\/sisailma-agentit_pulkkinen-miia_fingerroos-pamela_01-edit-1536x1024.jpg 1536w, https:\/\/www.senaatti.fi\/app_ykv_archive\/uploads\/sites\/10\/2020\/04\/sisailma-agentit_pulkkinen-miia_fingerroos-pamela_01-edit-1600x1066.jpg 1600w\" sizes=\"auto, (max-width: 1613px) 100vw, 1613px\" \/>Kustannustehokkaat yll\u00e4pitokulut ja korkeat panostukset yll\u00e4pitoon<\/h2>\n<p>KTI kiinteist\u00f6tiedon vuosittain toteuttaman vertailututkimuksen mukaan Senaatin yll\u00e4pitokulut ovat eritt\u00e4in kustannustehokkaat. Edellisess\u00e4, vuoden 2019 vertailussa hoitokustannukset ilman korjauksia olivat yli 20 % edullisemmat kuin vertailussa mukana olleilla yksityisill\u00e4 yrityksill\u00e4.<\/p>\n<p>Senaatti my\u00f6s k\u00e4ytti kiinteist\u00f6jens\u00e4 kunnossapitokorjauksiin ja korjausinvestointeihin selv\u00e4sti enemm\u00e4n kuin tutkimuksessa mukana olleet yksityiset yritykset. Vuoden 2020 KTI-vertailutiedot ovat saatavissa toukokuussa 2021.<\/p>\n<h2>Digitaalisuus kiinteist\u00f6jen yll\u00e4pidossa laajenee<\/h2>\n<p>Yli 200 Senaatin rakennusta on liitetty rakennusautomaation et\u00e4valvontapalveluihin. Jatkuva sis\u00e4olosuhdeseuranta ja sis\u00e4olosuhteiden kuukausiraportointi oli vuoden 2020 lopussa k\u00e4yt\u00f6ss\u00e4 yli 100 rakennuksessa.<\/p>\n<p>Yll\u00e4pidon tietoj\u00e4rjestelmi\u00e4 kehitettiin edelleen tukemaan muun muassa sis\u00e4ilmahavaintojen k\u00e4sittelyprosessia, proaktiivisen sis\u00e4olosuhdetoiminnan tilanneraportointia, rakennuskatsastusmallin prosessiseurantaraportointia, kiinteist\u00f6nhoidon uudistettua laadunvarmistamismenettely\u00e4 sek\u00e4 rakennusten elinkaarikorjausten pitk\u00e4n t\u00e4ht\u00e4imen ohjelmointia ja tilojen infon\u00e4yt\u00f6iss\u00e4 toteutettavaa viestint\u00e4\u00e4. N\u00e4iden lis\u00e4ksi huoltokirjojen palvelutuotekirjasto p\u00e4ivitettiin uudelle kiinteist\u00f6nhoidon puitesopimuskaudelle.<\/p>\n<h2>Hiilineutraalisuustavoitteet m\u00e4\u00e4ritell\u00e4\u00e4n my\u00f6s kiinteist\u00f6hoitotoiminnalle<\/h2>\n<p>K\u00e4ynnistimme Senaatissa aurinkos\u00e4hk\u00f6ohjelman ja vuonna 2020 otimme k\u00e4ytt\u00f6\u00f6n 16 uutta aurinkos\u00e4hk\u00f6j\u00e4rjestelm\u00e4\u00e4, jotka tuottavat yhteens\u00e4 vuosittain noin 600 MWh s\u00e4hk\u00f6energiaa. Vuonna 2021 lopussa Senaatilla on tavoitteena olla k\u00e4yt\u00f6ss\u00e4 30 aurinkos\u00e4hk\u00f6j\u00e4rjestelm\u00e4\u00e4.<\/p>\n<p>Valtio luopuu hallitusohjelman mukaisesti omistamissaan rakennuksissa \u00f6ljyl\u00e4mmityksest\u00e4 vuoden 2023 loppuun menness\u00e4. 2020 Senaatti teki suunnitelman \u00f6ljyl\u00e4mmityslaitosten korvaamisesta hiilineutraaleilla l\u00e4mmitystavoilla. T\u00e4ll\u00e4 hetkell\u00e4 \u00f6ljyl\u00e4mmitys on p\u00e4\u00e4l\u00e4mmitysmuotona noin 40:ss\u00e4 Senaatin yll\u00e4pit\u00e4m\u00e4ss\u00e4 kiinteist\u00f6ss\u00e4. N\u00e4ist\u00e4 kiinteist\u00f6ist\u00e4 noin kymmeness\u00e4 l\u00e4mm\u00f6ntuotanto korvataan hiilineutraalilla ostoenergialla ja noin 30 kohteeseen kilpailutetaan hiilineutraali l\u00e4mmitysmuoto.<\/p>\n<p>Kiinteist\u00f6nhoitotoiminnalle m\u00e4\u00e4ritell\u00e4\u00e4n hiilineutraaliustavoitteet 2020 k\u00e4ynnistyneelle puitesopimuskaudelle yhteisty\u00f6ss\u00e4 palveluntuottajien kanssa.<\/p>\n<h2>Vuoden 2021 tavoitteita<\/h2>\n<p>Vuonna 2021 jatketaan rakennuskatsastuksia ja ilmanvaihdon toiminnanvarmistusprojekteja. Olosuhdemallin k\u00e4ytt\u00f6\u00e4 pilotoidaan 20 rakennuksessa. Rakennusten elinkaarisuunnitelmien (PTS) tietosis\u00e4lt\u00f6\u00e4 ja hy\u00f6dynt\u00e4mist\u00e4 kehitet\u00e4\u00e4n edelleen muun muassa visualisoinnin keinoin.<\/p>\n<div><\/div>\n<h3>Kiinteist\u00f6jen hoitokulujen (218 milj. euroa) jakautuminen (milj. euroa)<\/h3>\n<div>\n<table class=\"senaatti-table senaatti-table--striped senaatti-table--overflow-scroll\" style=\"height: 382px;\">\n<thead>\n<tr style=\"height: 46px;\">\n<th style=\"color:transparent;text-align: right; width: 603px; height: 46px;\" data-sen-equalize-width=\"heading1\">.<\/th>\n<th style=\"width: 187px; height: 46px; text-align: right;\">2020<\/th>\n<th class=\"senaatti-table-cell senaatti-table-cell--no-line-wrap\" style=\"width: 122px; height: 46px; text-align: right;\">2019<\/th>\n<th class=\"senaatti-table-cell senaatti-table-cell--no-line-wrap\" style=\"width: 120px; height: 46px; text-align: right;\">Muutos-%<\/th>\n<\/tr>\n<\/thead>\n<tbody>\n<tr style=\"height: 22px;\">\n<td style=\"width: 603px; height: 22px;\">Kunnossapitokorjaukset<\/td>\n<td style=\"width: 187px; height: 22px; text-align: right;\">85,8<\/td>\n<td style=\"width: 122px; height: 22px; text-align: right;\">69,4<\/td>\n<td style=\"width: 120px; height: 22px; text-align: right;\">23,6<\/td>\n<\/tr>\n<tr style=\"height: 22px;\">\n<td style=\"width: 603px; height: 22px;\">K\u00e4ytt\u00f6 ja huolto<\/td>\n<td style=\"width: 187px; height: 22px; text-align: right;\">35,2<\/td>\n<td style=\"width: 122px; height: 22px; text-align: right;\">35.0<\/td>\n<td style=\"width: 120px; height: 22px; text-align: right;\">0,6<\/td>\n<\/tr>\n<tr style=\"height: 22px;\">\n<td style=\"width: 603px; height: 22px;\">Kiinteist\u00f6verot<\/td>\n<td style=\"width: 187px; height: 22px; text-align: right;\">28,6<\/td>\n<td style=\"width: 122px; height: 22px; text-align: right;\">27,1<\/td>\n<td style=\"width: 120px; height: 22px; text-align: right;\">5,5<\/td>\n<\/tr>\n<tr style=\"height: 22px;\">\n<td style=\"width: 603px; height: 22px;\">L\u00e4mmitys ja j\u00e4\u00e4hdytys<\/td>\n<td style=\"width: 187px; height: 22px; text-align: right;\">23,5<\/td>\n<td style=\"width: 122px; height: 22px; text-align: right;\">26,7<\/td>\n<td style=\"width: 120px; height: 22px; text-align: right;\">-12,0<\/td>\n<\/tr>\n<tr style=\"height: 22px;\">\n<td style=\"width: 603px; height: 22px;\">S\u00e4hk\u00f6<\/td>\n<td style=\"width: 187px; height: 22px; text-align: right;\">11,8<\/td>\n<td style=\"width: 122px; height: 22px; text-align: right;\">12,4<\/td>\n<td style=\"width: 120px; height: 22px; text-align: right;\">-4,8<\/td>\n<\/tr>\n<tr style=\"height: 22px;\">\n<td style=\"width: 603px; height: 22px;\">Siivous<\/td>\n<td style=\"width: 187px; height: 22px; text-align: right;\">14,5<\/td>\n<td style=\"width: 122px; height: 22px; text-align: right;\">11,7<\/td>\n<td style=\"width: 120px; height: 22px; text-align: right;\">23,9<\/td>\n<\/tr>\n<tr style=\"height: 22px;\">\n<td style=\"width: 603px; height: 22px;\">Vuokrat<\/td>\n<td style=\"width: 187px; height: 22px; text-align: right;\">8,4<\/td>\n<td style=\"width: 122px; height: 22px; text-align: right;\">10,0<\/td>\n<td style=\"width: 120px; height: 22px; text-align: right;\">-16,0<\/td>\n<\/tr>\n<tr style=\"height: 22px;\">\n<td style=\"width: 603px; height: 22px;\">Vesi ja j\u00e4tevesi<\/td>\n<td style=\"width: 187px; height: 22px; text-align: right;\">3,4<\/td>\n<td style=\"width: 122px; height: 22px; text-align: right;\">3,3<\/td>\n<td style=\"width: 120px; height: 22px; text-align: right;\">3,0<\/td>\n<\/tr>\n<tr style=\"height: 22px;\">\n<td style=\"width: 603px; height: 22px;\">Ulkoalueiden huolto<\/td>\n<td style=\"width: 187px; height: 22px; text-align: right;\">1,6<\/td>\n<td style=\"width: 122px; height: 22px; text-align: right;\">2,5<\/td>\n<td style=\"width: 120px; height: 22px; text-align: right;\">-36,0<\/td>\n<\/tr>\n<tr style=\"height: 46px;\">\n<td style=\"width: 603px; height: 46px;\">J\u00e4tehuolto<\/td>\n<td style=\"width: 187px; height: 46px; text-align: right;\">2,4<\/td>\n<td style=\"width: 122px; height: 46px; text-align: right;\">2,3<\/td>\n<td style=\"width: 120px; height: 46px; text-align: right;\">4,3<\/td>\n<\/tr>\n<tr style=\"height: 46px;\">\n<td style=\"width: 603px; height: 46px;\">Muut hoitokulut<\/td>\n<td style=\"width: 187px; height: 46px; text-align: right;\">2,5<\/td>\n<td style=\"width: 122px; height: 46px; text-align: right;\">2.3<\/td>\n<td style=\"width: 120px; height: 46px; text-align: right;\">8,7<\/td>\n<\/tr>\n<tr style=\"height: 46px;\">\n<td style=\"width: 603px; height: 46px;\">Vakuutukset<\/td>\n<td style=\"width: 187px; height: 46px; text-align: right;\">0,3<\/td>\n<td style=\"width: 122px; height: 46px; text-align: right;\">0,3<\/td>\n<td style=\"width: 120px; height: 46px; text-align: right;\">0,0<\/td>\n<\/tr>\n<\/tbody>\n<\/table>\n<\/div>\n<p>&nbsp;<\/p>\n","protected":false},"excerpt":{"rendered":"<p>k\u00e4ytimme kiinteist\u00f6jen yll\u00e4pitoon 218 milj. euroa toteutimme kiinteist\u00f6jen yll\u00e4pidon 20 % edullisemmin kuin vertailuyrityksiss\u00e4 kokonaisenergian ominaiskulutus laski 1,6 % yll\u00e4pidon seuraamassa kiinteist\u00f6kannassa edellisvuoteen verrattuna.\u00a0 Tavoitteena oli 1 % v\u00e4heneminen. otimme k\u00e4ytt\u00f6\u00f6n 16 uutta aurinkos\u00e4hk\u00f6j\u00e4rjestelm\u00e4\u00e4 eri puolilla Suomea teimme suunnitelman \u00f6ljyl\u00e4mmityslaitosten korvaamisesta hiilineutraaleilla l\u00e4mmitystavoilla. Kiinteist\u00f6jen arvon ja k\u00e4ytett\u00e4vyyden s\u00e4ilyminen on yksi yll\u00e4pidon keskeisimmist\u00e4 tavoitteista. Tavoitteenamme on [&hellip;]<\/p>\n","protected":false},"author":11,"featured_media":0,"parent":5,"menu_order":9,"comment_status":"closed","ping_status":"closed","template":"","meta":{"_acf_changed":false,"footnotes":""},"class_list":["post-238","page","type-page","status-publish","hentry"],"acf":[],"yoast_head":"<!-- This site is optimized with the Yoast SEO plugin v23.9 - https:\/\/yoast.com\/wordpress\/plugins\/seo\/ -->\n<title>Yll\u00e4pito - Senaatti 2020 - yhteiskuntavastuuraportti<\/title>\n<meta name=\"description\" content=\"k\u00e4ytimme kiinteist\u00f6jen yll\u00e4pitoon 218 milj. euroa toteutimme kiinteist\u00f6jen yll\u00e4pidon 20 % edullisemmin kuin vertailuyrityksiss\u00e4 kokonaisenergian\" \/>\n<meta name=\"robots\" content=\"index, follow, max-snippet:-1, max-image-preview:large, max-video-preview:-1\" \/>\n<link rel=\"canonical\" href=\"https:\/\/www.senaatti.fi\/yhteiskuntavastuuraportti2020\/vuosi-2020\/yllapito\/\" \/>\n<meta property=\"og:locale\" content=\"en_US\" \/>\n<meta property=\"og:type\" content=\"article\" \/>\n<meta property=\"og:title\" content=\"Yll\u00e4pito - Senaatti 2020 - yhteiskuntavastuuraportti\" \/>\n<meta property=\"og:description\" content=\"k\u00e4ytimme kiinteist\u00f6jen yll\u00e4pitoon 218 milj. euroa toteutimme kiinteist\u00f6jen yll\u00e4pidon 20 % edullisemmin kuin vertailuyrityksiss\u00e4 kokonaisenergian\" \/>\n<meta property=\"og:url\" content=\"https:\/\/www.senaatti.fi\/yhteiskuntavastuuraportti2020\/vuosi-2020\/yllapito\/\" \/>\n<meta property=\"og:site_name\" content=\"Senaatti 2020 - yhteiskuntavastuuraportti\" \/>\n<meta property=\"article:modified_time\" content=\"2022-01-04T13:17:39+00:00\" \/>\n<meta property=\"og:image\" content=\"https:\/\/www.senaatti.fi\/app_ykv_archive\/uploads\/sites\/10\/2020\/03\/qr-koodi-1600x800.jpg\" \/>\n<meta name=\"twitter:card\" content=\"summary_large_image\" \/>\n<meta name=\"twitter:label1\" content=\"Est. reading time\" \/>\n\t<meta name=\"twitter:data1\" content=\"3 minutes\" \/>\n<script type=\"application\/ld+json\" class=\"yoast-schema-graph\">{\"@context\":\"https:\/\/schema.org\",\"@graph\":[{\"@type\":\"WebPage\",\"@id\":\"https:\/\/www.senaatti.fi\/yhteiskuntavastuuraportti2020\/vuosi-2020\/yllapito\/\",\"url\":\"https:\/\/www.senaatti.fi\/yhteiskuntavastuuraportti2020\/vuosi-2020\/yllapito\/\",\"name\":\"Yll\u00e4pito - Senaatti 2020 - yhteiskuntavastuuraportti\",\"isPartOf\":{\"@id\":\"https:\/\/www.senaatti.fi\/yhteiskuntavastuuraportti2020\/#website\"},\"primaryImageOfPage\":{\"@id\":\"https:\/\/www.senaatti.fi\/yhteiskuntavastuuraportti2020\/vuosi-2020\/yllapito\/#primaryimage\"},\"image\":{\"@id\":\"https:\/\/www.senaatti.fi\/yhteiskuntavastuuraportti2020\/vuosi-2020\/yllapito\/#primaryimage\"},\"thumbnailUrl\":\"https:\/\/www.senaatti.fi\/app_ykv_archive\/uploads\/sites\/10\/2020\/03\/qr-koodi-1600x800.jpg\",\"datePublished\":\"2018-02-23T10:11:59+00:00\",\"dateModified\":\"2022-01-04T13:17:39+00:00\",\"description\":\"k\u00e4ytimme kiinteist\u00f6jen yll\u00e4pitoon 218 milj. euroa toteutimme kiinteist\u00f6jen yll\u00e4pidon 20 % edullisemmin kuin vertailuyrityksiss\u00e4 kokonaisenergian\",\"breadcrumb\":{\"@id\":\"https:\/\/www.senaatti.fi\/yhteiskuntavastuuraportti2020\/vuosi-2020\/yllapito\/#breadcrumb\"},\"inLanguage\":\"en-US\",\"potentialAction\":[{\"@type\":\"ReadAction\",\"target\":[\"https:\/\/www.senaatti.fi\/yhteiskuntavastuuraportti2020\/vuosi-2020\/yllapito\/\"]}]},{\"@type\":\"ImageObject\",\"inLanguage\":\"en-US\",\"@id\":\"https:\/\/www.senaatti.fi\/yhteiskuntavastuuraportti2020\/vuosi-2020\/yllapito\/#primaryimage\",\"url\":\"https:\/\/www.senaatti.fi\/app_ykv_archive\/uploads\/sites\/10\/2020\/03\/qr-koodi-1600x800.jpg\",\"contentUrl\":\"https:\/\/www.senaatti.fi\/app_ykv_archive\/uploads\/sites\/10\/2020\/03\/qr-koodi-1600x800.jpg\"},{\"@type\":\"BreadcrumbList\",\"@id\":\"https:\/\/www.senaatti.fi\/yhteiskuntavastuuraportti2020\/vuosi-2020\/yllapito\/#breadcrumb\",\"itemListElement\":[{\"@type\":\"ListItem\",\"position\":1,\"name\":\"Home\",\"item\":\"https:\/\/www.senaatti.fi\/yhteiskuntavastuuraportti2020\/\"},{\"@type\":\"ListItem\",\"position\":2,\"name\":\"Vuosi 2020\",\"item\":\"https:\/\/www.senaatti.fi\/yhteiskuntavastuuraportti2020\/vuosi-2020\/\"},{\"@type\":\"ListItem\",\"position\":3,\"name\":\"Yll\u00e4pito\"}]},{\"@type\":\"WebSite\",\"@id\":\"https:\/\/www.senaatti.fi\/yhteiskuntavastuuraportti2020\/#website\",\"url\":\"https:\/\/www.senaatti.fi\/yhteiskuntavastuuraportti2020\/\",\"name\":\"Senaatti 2020 - yhteiskuntavastuuraportti\",\"description\":\"\",\"potentialAction\":[{\"@type\":\"SearchAction\",\"target\":{\"@type\":\"EntryPoint\",\"urlTemplate\":\"https:\/\/www.senaatti.fi\/yhteiskuntavastuuraportti2020\/?s={search_term_string}\"},\"query-input\":{\"@type\":\"PropertyValueSpecification\",\"valueRequired\":true,\"valueName\":\"search_term_string\"}}],\"inLanguage\":\"en-US\"}]}<\/script>\n<!-- \/ Yoast SEO plugin. -->","yoast_head_json":{"title":"Yll\u00e4pito - Senaatti 2020 - yhteiskuntavastuuraportti","description":"k\u00e4ytimme kiinteist\u00f6jen yll\u00e4pitoon 218 milj. euroa toteutimme kiinteist\u00f6jen yll\u00e4pidon 20 % edullisemmin kuin vertailuyrityksiss\u00e4 kokonaisenergian","robots":{"index":"index","follow":"follow","max-snippet":"max-snippet:-1","max-image-preview":"max-image-preview:large","max-video-preview":"max-video-preview:-1"},"canonical":"https:\/\/www.senaatti.fi\/yhteiskuntavastuuraportti2020\/vuosi-2020\/yllapito\/","og_locale":"en_US","og_type":"article","og_title":"Yll\u00e4pito - Senaatti 2020 - yhteiskuntavastuuraportti","og_description":"k\u00e4ytimme kiinteist\u00f6jen yll\u00e4pitoon 218 milj. euroa toteutimme kiinteist\u00f6jen yll\u00e4pidon 20 % edullisemmin kuin vertailuyrityksiss\u00e4 kokonaisenergian","og_url":"https:\/\/www.senaatti.fi\/yhteiskuntavastuuraportti2020\/vuosi-2020\/yllapito\/","og_site_name":"Senaatti 2020 - yhteiskuntavastuuraportti","article_modified_time":"2022-01-04T13:17:39+00:00","og_image":[{"url":"https:\/\/www.senaatti.fi\/app_ykv_archive\/uploads\/sites\/10\/2020\/03\/qr-koodi-1600x800.jpg"}],"twitter_card":"summary_large_image","twitter_misc":{"Est. reading time":"3 minutes"},"schema":{"@context":"https:\/\/schema.org","@graph":[{"@type":"WebPage","@id":"https:\/\/www.senaatti.fi\/yhteiskuntavastuuraportti2020\/vuosi-2020\/yllapito\/","url":"https:\/\/www.senaatti.fi\/yhteiskuntavastuuraportti2020\/vuosi-2020\/yllapito\/","name":"Yll\u00e4pito - Senaatti 2020 - yhteiskuntavastuuraportti","isPartOf":{"@id":"https:\/\/www.senaatti.fi\/yhteiskuntavastuuraportti2020\/#website"},"primaryImageOfPage":{"@id":"https:\/\/www.senaatti.fi\/yhteiskuntavastuuraportti2020\/vuosi-2020\/yllapito\/#primaryimage"},"image":{"@id":"https:\/\/www.senaatti.fi\/yhteiskuntavastuuraportti2020\/vuosi-2020\/yllapito\/#primaryimage"},"thumbnailUrl":"https:\/\/www.senaatti.fi\/app_ykv_archive\/uploads\/sites\/10\/2020\/03\/qr-koodi-1600x800.jpg","datePublished":"2018-02-23T10:11:59+00:00","dateModified":"2022-01-04T13:17:39+00:00","description":"k\u00e4ytimme kiinteist\u00f6jen yll\u00e4pitoon 218 milj. euroa toteutimme kiinteist\u00f6jen yll\u00e4pidon 20 % edullisemmin kuin vertailuyrityksiss\u00e4 kokonaisenergian","breadcrumb":{"@id":"https:\/\/www.senaatti.fi\/yhteiskuntavastuuraportti2020\/vuosi-2020\/yllapito\/#breadcrumb"},"inLanguage":"en-US","potentialAction":[{"@type":"ReadAction","target":["https:\/\/www.senaatti.fi\/yhteiskuntavastuuraportti2020\/vuosi-2020\/yllapito\/"]}]},{"@type":"ImageObject","inLanguage":"en-US","@id":"https:\/\/www.senaatti.fi\/yhteiskuntavastuuraportti2020\/vuosi-2020\/yllapito\/#primaryimage","url":"https:\/\/www.senaatti.fi\/app_ykv_archive\/uploads\/sites\/10\/2020\/03\/qr-koodi-1600x800.jpg","contentUrl":"https:\/\/www.senaatti.fi\/app_ykv_archive\/uploads\/sites\/10\/2020\/03\/qr-koodi-1600x800.jpg"},{"@type":"BreadcrumbList","@id":"https:\/\/www.senaatti.fi\/yhteiskuntavastuuraportti2020\/vuosi-2020\/yllapito\/#breadcrumb","itemListElement":[{"@type":"ListItem","position":1,"name":"Home","item":"https:\/\/www.senaatti.fi\/yhteiskuntavastuuraportti2020\/"},{"@type":"ListItem","position":2,"name":"Vuosi 2020","item":"https:\/\/www.senaatti.fi\/yhteiskuntavastuuraportti2020\/vuosi-2020\/"},{"@type":"ListItem","position":3,"name":"Yll\u00e4pito"}]},{"@type":"WebSite","@id":"https:\/\/www.senaatti.fi\/yhteiskuntavastuuraportti2020\/#website","url":"https:\/\/www.senaatti.fi\/yhteiskuntavastuuraportti2020\/","name":"Senaatti 2020 - yhteiskuntavastuuraportti","description":"","potentialAction":[{"@type":"SearchAction","target":{"@type":"EntryPoint","urlTemplate":"https:\/\/www.senaatti.fi\/yhteiskuntavastuuraportti2020\/?s={search_term_string}"},"query-input":{"@type":"PropertyValueSpecification","valueRequired":true,"valueName":"search_term_string"}}],"inLanguage":"en-US"}]}},"_links":{"self":[{"href":"https:\/\/www.senaatti.fi\/yhteiskuntavastuuraportti2020\/wp-json\/wp\/v2\/pages\/238","targetHints":{"allow":["GET"]}}],"collection":[{"href":"https:\/\/www.senaatti.fi\/yhteiskuntavastuuraportti2020\/wp-json\/wp\/v2\/pages"}],"about":[{"href":"https:\/\/www.senaatti.fi\/yhteiskuntavastuuraportti2020\/wp-json\/wp\/v2\/types\/page"}],"author":[{"embeddable":true,"href":"https:\/\/www.senaatti.fi\/yhteiskuntavastuuraportti2020\/wp-json\/wp\/v2\/users\/11"}],"replies":[{"embeddable":true,"href":"https:\/\/www.senaatti.fi\/yhteiskuntavastuuraportti2020\/wp-json\/wp\/v2\/comments?post=238"}],"version-history":[{"count":14,"href":"https:\/\/www.senaatti.fi\/yhteiskuntavastuuraportti2020\/wp-json\/wp\/v2\/pages\/238\/revisions"}],"predecessor-version":[{"id":4491,"href":"https:\/\/www.senaatti.fi\/yhteiskuntavastuuraportti2020\/wp-json\/wp\/v2\/pages\/238\/revisions\/4491"}],"up":[{"embeddable":true,"href":"https:\/\/www.senaatti.fi\/yhteiskuntavastuuraportti2020\/wp-json\/wp\/v2\/pages\/5"}],"wp:attachment":[{"href":"https:\/\/www.senaatti.fi\/yhteiskuntavastuuraportti2020\/wp-json\/wp\/v2\/media?parent=238"}],"curies":[{"name":"wp","href":"https:\/\/api.w.org\/{rel}","templated":true}]}}