{"id":1839,"date":"2019-03-28T07:38:31","date_gmt":"2019-03-28T07:38:31","guid":{"rendered":"https:\/\/www.senaatti.fi\/yhteiskuntavastuuraportti2020\/?page_id=1839"},"modified":"2021-04-06T10:22:53","modified_gmt":"2021-04-06T10:22:53","slug":"strategia","status":"publish","type":"page","link":"https:\/\/www.senaatti.fi\/yhteiskuntavastuuraportti2020\/senaatti\/strategia\/","title":{"rendered":"Strategia"},"content":{"rendered":"<p><img loading=\"lazy\" decoding=\"async\" src=\"https:\/\/www.senaatti.fi\/app_ykv_archive\/uploads\/sites\/10\/2021\/03\/Strategiamme.jpg\" alt=\"Nelj\u00e4 henkil\u00f6\u00e4 keskustelee p\u00f6yd\u00e4n \u00e4\u00e4ress\u00e4.\" class=\"alignnone size-full wp-image-3851\" width=\"1280\" height=\"643\" srcset=\"https:\/\/www.senaatti.fi\/app_ykv_archive\/uploads\/sites\/10\/2021\/03\/Strategiamme.jpg 1280w, https:\/\/www.senaatti.fi\/app_ykv_archive\/uploads\/sites\/10\/2021\/03\/Strategiamme-300x151.jpg 300w, https:\/\/www.senaatti.fi\/app_ykv_archive\/uploads\/sites\/10\/2021\/03\/Strategiamme-1024x514.jpg 1024w, https:\/\/www.senaatti.fi\/app_ykv_archive\/uploads\/sites\/10\/2021\/03\/Strategiamme-768x386.jpg 768w\" sizes=\"auto, (max-width: 1280px) 100vw, 1280px\" \/><\/p>\n<p>Senaatin strategia keskittyy valtion kiinteist\u00f6strategian ja toimitilastrategian k\u00e4yt\u00e4nt\u00f6\u00f6n viemiseen.<\/p>\n<h2>Vuosina 2019-2022 strategiset tavoitteemme ovat:<\/h2>\n<ul>\n<li>Kuuntelemme ja autamme asiakasta onnistumaan<\/li>\n<li>Julistimme nollatoleranssin sis\u00e4olosuhdeongelmille<\/li>\n<li>S\u00e4\u00e4st\u00e4mme yli 100 M\u20ac\/v toimitilakustannuksissa vuoteen 2022 menness\u00e4<\/li>\n<\/ul>\n<p>Vuoden aikana vietiin k\u00e4yt\u00e4nt\u00f6\u00f6n vuonna 2019 tehty strategian<br \/>\np\u00e4ivitysty\u00f6, jossa strategiaan tuotiin tilojen yhteisk\u00e4ytt\u00f6isyys valtiohallinnossa sek\u00e4 laajennetut turvapalvelut.<\/p>\n<blockquote><p>Visionamme on, ett\u00e4 Suomen valtio on uusien ty\u00f6nteon tapojen ja ty\u00f6ymp\u00e4rist\u00f6jen edell\u00e4k\u00e4vij\u00e4.<\/p><\/blockquote>\n<div class=\"embed-responsive embed-responsive-16by9\">\n<div class=\"embed-responsive embed-responsive-16by9\"><div class=\"iframe-container\"><iframe loading=\"lazy\" class=\"embed-responsive-item\"  title=\"Senaatti-kiinteist\u00f6jen strategia 2019-2022 tekstitys\" width=\"500\" height=\"281\" src=\"https:\/\/www.youtube.com\/embed\/kRgrFvSBDwE?feature=oembed\" frameborder=\"0\" allow=\"accelerometer; autoplay; clipboard-write; encrypted-media; gyroscope; picture-in-picture; web-share\" referrerpolicy=\"strict-origin-when-cross-origin\" allowfullscreen title=\"\"><\/iframe><\/div><\/div>\n<\/div>\n<h2>Valtion toimitilastrategia antaa suuntaviivat tuleville vuosille<\/h2>\n<p>Senaatilla on keskeinen rooli valtion toimitilastrategian toteuttamisessa ja asiakkaiden tavoitteiden saavuttamisessa.<\/p>\n<p>Valtion toimitilastrategian tavoitteena on, ett\u00e4 valtionhallinnon k\u00e4yt\u00f6ss\u00e4 olevat toimitilat edist\u00e4v\u00e4t tuottavaa ty\u00f6skentely\u00e4 tukemalla uusia ty\u00f6nteon tapoja, olemalla viihtyisi\u00e4 ja tilank\u00e4yt\u00f6lt\u00e4\u00e4n tehokkaita ja v\u00e4hent\u00e4v\u00e4t sen my\u00f6t\u00e4 my\u00f6s ilmastokuormitusta. Tilaratkaisuissa varmistetaan tilojen terveellisyys ja turvallisuus sek\u00e4 valtion kokonaisetu ja yhteiskuntavastuullisuus.<\/p>\n<p>Tilatehokkuustavoitteena peruskorjattavissa tiloissa on enint\u00e4\u00e4n 18 m2\/HTV ja uudisrakennuksissa enint\u00e4\u00e4n 15 m2\/HTV.<\/p>\n<p>Vuoden 2020 tulosten perusteella valtionhallinnon tilank\u00e4yt\u00f6n ja tilakustannusten kehitystrendi jatkuu suotuisaan suuntaan.<\/p>\n<blockquote>\n<p style=\"text-align: left;\">Valtion toimistotiloissa tilatehokkuus oli 18,6 m2\/HTV, kun se vuonna 2019 oli 20,1 m2\/HTV.<\/p>\n<\/blockquote>\n<p>Senaatti tuottaa puolivuosittain raportit valtionhallinnon tilank\u00e4yt\u00f6n laajuudesta, kustannuksista ja tehokkuudesta asiakkaidensa hy\u00f6dynnett\u00e4viksi. Tilastotietoa valtion toimitiloista on luettavissa <a href=\"https:\/\/www.tutkihallintoa.fi\" target=\"_blank\" rel=\"noopener\">www.tutkihallintoa.fi<\/a> palvelussa.<\/p>\n<h2>Valtion kiinteist\u00f6strategia ja toimitilastrategia p\u00e4ivitet\u00e4\u00e4n<\/h2>\n<p>Parhaillaan k\u00e4ynniss\u00e4 on valtiovarainministeri\u00f6n johdolla valtion kiinteist\u00f6strategian ja toimitilastrategian p\u00e4ivitykset, miss\u00e4 ty\u00f6ss\u00e4 Senaatin on ollut my\u00f6s aktiivisesti mukana.<\/p>\n<p>Strategioiden pohjalta vuoden 2021 aikana laaditaan Senaatille ja Puolustuskiinteist\u00f6ille ajantasaiset strategiat, joiden laadintaan osallistuu monipuolisesti omaa henkil\u00f6st\u00f6\u00e4, asiakkaita sek\u00e4 sidosryhmi\u00e4.<\/p>\n<p>Tulevassa strategiassa huomioitavia keskeisi\u00e4 teemoja ovat muun muassa koronapandemian vauhdittamat ty\u00f6ntekemisen muutokset, julkisen sektorin tiukka taloustilanne sek\u00e4 ilmastonmuutoksen torjunta. Koronapandemia on kiihdytt\u00e4nyt kehityst\u00e4, jossa mobiili- ja monipaikkainen ty\u00f6 lis\u00e4\u00e4ntyy. Samalla tilantarve toimistoissa v\u00e4henee ja muuttaa tarvetta erityyppisille tiloille. Jatkossa valtaosa Senaatin ja Puolustuskiinteist\u00f6jen investoinneista kohdistuu turvallisuusviranomaisten k\u00e4ytt\u00e4miin kiinteist\u00f6ihin, sektorille johon investointitarpeita on kumuloitunut usean vuoden aikana. Valtion tavoitteena on hiilineutraalius vuonna 2035 ja Senaatin roolina on vastata toimenpiteist\u00e4, joilla tavoitteet saavutetaan valtion toimitilojen osalta.<\/p>\n<p id=\"toimitilastrategia\" class=\"sr-only\">Tilatehokkuus valtion tiloissa on keskim\u00e4\u00e4rin 22 neli\u00f6metri\u00e4 henkil\u00f6ty\u00f6vuotta kohden. Tilatehokkuustavoitteet peruskorjattavissa tiloissa on 18 neli\u00f6metri\u00e4 henkillty\u00f6vuotta kohden ja uudisrakennuksissa 15 neli\u00f6metri\u00e4. Muita tavoitteita ovat s\u00e4\u00e4st\u00f6jen aikaansaaminen toimitilakustannuksissa, joustavat vuokrasopimukset ja tilat, terveellisyys ja turvallisuus, edellytykset monipaikkaiseen ja mobiiliin ty\u00f6h\u00f6n. Senaatti toimii ty\u00f6ymp\u00e4rist\u00f6- ja toimitila-asiantuntijana. Lis\u00e4ksi ratkaisuissa otetaan huomioon yhteiskunta- ja ymp\u00e4rist\u00f6vastuu.<\/p>\n<div>\n<div class=\"row\">\n<p>&nbsp;<\/p>\n<\/div>\n<\/div>\n","protected":false},"excerpt":{"rendered":"<p>Senaatin strategia keskittyy valtion kiinteist\u00f6strategian ja toimitilastrategian k\u00e4yt\u00e4nt\u00f6\u00f6n viemiseen. Vuosina 2019-2022 strategiset tavoitteemme ovat: Kuuntelemme ja autamme asiakasta onnistumaan Julistimme nollatoleranssin sis\u00e4olosuhdeongelmille S\u00e4\u00e4st\u00e4mme yli 100 M\u20ac\/v toimitilakustannuksissa vuoteen 2022 menness\u00e4 Vuoden aikana vietiin k\u00e4yt\u00e4nt\u00f6\u00f6n vuonna 2019 tehty strategian p\u00e4ivitysty\u00f6, jossa strategiaan tuotiin tilojen yhteisk\u00e4ytt\u00f6isyys valtiohallinnossa sek\u00e4 laajennetut turvapalvelut. Visionamme on, ett\u00e4 Suomen valtio on uusien [&hellip;]<\/p>\n","protected":false},"author":11,"featured_media":0,"parent":37,"menu_order":2,"comment_status":"closed","ping_status":"closed","template":"","meta":{"_acf_changed":false,"footnotes":""},"class_list":["post-1839","page","type-page","status-publish","hentry"],"acf":[],"yoast_head":"<!-- This site is optimized with the Yoast SEO plugin v23.9 - https:\/\/yoast.com\/wordpress\/plugins\/seo\/ -->\n<title>Strategia - Senaatti 2020 - yhteiskuntavastuuraportti<\/title>\n<meta name=\"description\" content=\"Senaatin strategia keskittyy valtion kiinteist\u00f6strategian ja toimitilastrategian k\u00e4yt\u00e4nt\u00f6\u00f6n viemiseen. Vuosina 2019-2022 strategiset tavoitteemme ovat:\" \/>\n<meta name=\"robots\" content=\"index, follow, max-snippet:-1, max-image-preview:large, max-video-preview:-1\" \/>\n<link rel=\"canonical\" href=\"https:\/\/www.senaatti.fi\/yhteiskuntavastuuraportti2020\/senaatti\/strategia\/\" \/>\n<meta property=\"og:locale\" content=\"en_US\" \/>\n<meta property=\"og:type\" content=\"article\" \/>\n<meta property=\"og:title\" content=\"Strategia - Senaatti 2020 - yhteiskuntavastuuraportti\" \/>\n<meta property=\"og:description\" content=\"Senaatin strategia keskittyy valtion kiinteist\u00f6strategian ja toimitilastrategian k\u00e4yt\u00e4nt\u00f6\u00f6n viemiseen. Vuosina 2019-2022 strategiset tavoitteemme ovat:\" \/>\n<meta property=\"og:url\" content=\"https:\/\/www.senaatti.fi\/yhteiskuntavastuuraportti2020\/senaatti\/strategia\/\" \/>\n<meta property=\"og:site_name\" content=\"Senaatti 2020 - yhteiskuntavastuuraportti\" \/>\n<meta property=\"article:modified_time\" content=\"2021-04-06T10:22:53+00:00\" \/>\n<meta property=\"og:image\" content=\"https:\/\/www.senaatti.fi\/app_ykv_archive\/uploads\/sites\/10\/2021\/03\/Strategiamme.jpg\" \/>\n<meta name=\"twitter:card\" content=\"summary_large_image\" \/>\n<meta name=\"twitter:label1\" content=\"Est. reading time\" \/>\n\t<meta name=\"twitter:data1\" content=\"2 minutes\" \/>\n<script type=\"application\/ld+json\" class=\"yoast-schema-graph\">{\"@context\":\"https:\/\/schema.org\",\"@graph\":[{\"@type\":\"WebPage\",\"@id\":\"https:\/\/www.senaatti.fi\/yhteiskuntavastuuraportti2020\/senaatti\/strategia\/\",\"url\":\"https:\/\/www.senaatti.fi\/yhteiskuntavastuuraportti2020\/senaatti\/strategia\/\",\"name\":\"Strategia - Senaatti 2020 - yhteiskuntavastuuraportti\",\"isPartOf\":{\"@id\":\"https:\/\/www.senaatti.fi\/yhteiskuntavastuuraportti2020\/#website\"},\"primaryImageOfPage\":{\"@id\":\"https:\/\/www.senaatti.fi\/yhteiskuntavastuuraportti2020\/senaatti\/strategia\/#primaryimage\"},\"image\":{\"@id\":\"https:\/\/www.senaatti.fi\/yhteiskuntavastuuraportti2020\/senaatti\/strategia\/#primaryimage\"},\"thumbnailUrl\":\"https:\/\/www.senaatti.fi\/app_ykv_archive\/uploads\/sites\/10\/2021\/03\/Strategiamme.jpg\",\"datePublished\":\"2019-03-28T07:38:31+00:00\",\"dateModified\":\"2021-04-06T10:22:53+00:00\",\"description\":\"Senaatin strategia keskittyy valtion kiinteist\u00f6strategian ja toimitilastrategian k\u00e4yt\u00e4nt\u00f6\u00f6n viemiseen. Vuosina 2019-2022 strategiset tavoitteemme ovat:\",\"breadcrumb\":{\"@id\":\"https:\/\/www.senaatti.fi\/yhteiskuntavastuuraportti2020\/senaatti\/strategia\/#breadcrumb\"},\"inLanguage\":\"en-US\",\"potentialAction\":[{\"@type\":\"ReadAction\",\"target\":[\"https:\/\/www.senaatti.fi\/yhteiskuntavastuuraportti2020\/senaatti\/strategia\/\"]}]},{\"@type\":\"ImageObject\",\"inLanguage\":\"en-US\",\"@id\":\"https:\/\/www.senaatti.fi\/yhteiskuntavastuuraportti2020\/senaatti\/strategia\/#primaryimage\",\"url\":\"https:\/\/www.senaatti.fi\/app_ykv_archive\/uploads\/sites\/10\/2021\/03\/Strategiamme.jpg\",\"contentUrl\":\"https:\/\/www.senaatti.fi\/app_ykv_archive\/uploads\/sites\/10\/2021\/03\/Strategiamme.jpg\"},{\"@type\":\"BreadcrumbList\",\"@id\":\"https:\/\/www.senaatti.fi\/yhteiskuntavastuuraportti2020\/senaatti\/strategia\/#breadcrumb\",\"itemListElement\":[{\"@type\":\"ListItem\",\"position\":1,\"name\":\"Home\",\"item\":\"https:\/\/www.senaatti.fi\/yhteiskuntavastuuraportti2020\/\"},{\"@type\":\"ListItem\",\"position\":2,\"name\":\"Senaatti\",\"item\":\"https:\/\/www.senaatti.fi\/yhteiskuntavastuuraportti2020\/senaatti\/\"},{\"@type\":\"ListItem\",\"position\":3,\"name\":\"Strategia\"}]},{\"@type\":\"WebSite\",\"@id\":\"https:\/\/www.senaatti.fi\/yhteiskuntavastuuraportti2020\/#website\",\"url\":\"https:\/\/www.senaatti.fi\/yhteiskuntavastuuraportti2020\/\",\"name\":\"Senaatti 2020 - yhteiskuntavastuuraportti\",\"description\":\"\",\"potentialAction\":[{\"@type\":\"SearchAction\",\"target\":{\"@type\":\"EntryPoint\",\"urlTemplate\":\"https:\/\/www.senaatti.fi\/yhteiskuntavastuuraportti2020\/?s={search_term_string}\"},\"query-input\":{\"@type\":\"PropertyValueSpecification\",\"valueRequired\":true,\"valueName\":\"search_term_string\"}}],\"inLanguage\":\"en-US\"}]}<\/script>\n<!-- \/ Yoast SEO plugin. -->","yoast_head_json":{"title":"Strategia - Senaatti 2020 - yhteiskuntavastuuraportti","description":"Senaatin strategia keskittyy valtion kiinteist\u00f6strategian ja toimitilastrategian k\u00e4yt\u00e4nt\u00f6\u00f6n viemiseen. Vuosina 2019-2022 strategiset tavoitteemme ovat:","robots":{"index":"index","follow":"follow","max-snippet":"max-snippet:-1","max-image-preview":"max-image-preview:large","max-video-preview":"max-video-preview:-1"},"canonical":"https:\/\/www.senaatti.fi\/yhteiskuntavastuuraportti2020\/senaatti\/strategia\/","og_locale":"en_US","og_type":"article","og_title":"Strategia - Senaatti 2020 - yhteiskuntavastuuraportti","og_description":"Senaatin strategia keskittyy valtion kiinteist\u00f6strategian ja toimitilastrategian k\u00e4yt\u00e4nt\u00f6\u00f6n viemiseen. Vuosina 2019-2022 strategiset tavoitteemme ovat:","og_url":"https:\/\/www.senaatti.fi\/yhteiskuntavastuuraportti2020\/senaatti\/strategia\/","og_site_name":"Senaatti 2020 - yhteiskuntavastuuraportti","article_modified_time":"2021-04-06T10:22:53+00:00","og_image":[{"url":"https:\/\/www.senaatti.fi\/app_ykv_archive\/uploads\/sites\/10\/2021\/03\/Strategiamme.jpg"}],"twitter_card":"summary_large_image","twitter_misc":{"Est. reading time":"2 minutes"},"schema":{"@context":"https:\/\/schema.org","@graph":[{"@type":"WebPage","@id":"https:\/\/www.senaatti.fi\/yhteiskuntavastuuraportti2020\/senaatti\/strategia\/","url":"https:\/\/www.senaatti.fi\/yhteiskuntavastuuraportti2020\/senaatti\/strategia\/","name":"Strategia - Senaatti 2020 - yhteiskuntavastuuraportti","isPartOf":{"@id":"https:\/\/www.senaatti.fi\/yhteiskuntavastuuraportti2020\/#website"},"primaryImageOfPage":{"@id":"https:\/\/www.senaatti.fi\/yhteiskuntavastuuraportti2020\/senaatti\/strategia\/#primaryimage"},"image":{"@id":"https:\/\/www.senaatti.fi\/yhteiskuntavastuuraportti2020\/senaatti\/strategia\/#primaryimage"},"thumbnailUrl":"https:\/\/www.senaatti.fi\/app_ykv_archive\/uploads\/sites\/10\/2021\/03\/Strategiamme.jpg","datePublished":"2019-03-28T07:38:31+00:00","dateModified":"2021-04-06T10:22:53+00:00","description":"Senaatin strategia keskittyy valtion kiinteist\u00f6strategian ja toimitilastrategian k\u00e4yt\u00e4nt\u00f6\u00f6n viemiseen. Vuosina 2019-2022 strategiset tavoitteemme ovat:","breadcrumb":{"@id":"https:\/\/www.senaatti.fi\/yhteiskuntavastuuraportti2020\/senaatti\/strategia\/#breadcrumb"},"inLanguage":"en-US","potentialAction":[{"@type":"ReadAction","target":["https:\/\/www.senaatti.fi\/yhteiskuntavastuuraportti2020\/senaatti\/strategia\/"]}]},{"@type":"ImageObject","inLanguage":"en-US","@id":"https:\/\/www.senaatti.fi\/yhteiskuntavastuuraportti2020\/senaatti\/strategia\/#primaryimage","url":"https:\/\/www.senaatti.fi\/app_ykv_archive\/uploads\/sites\/10\/2021\/03\/Strategiamme.jpg","contentUrl":"https:\/\/www.senaatti.fi\/app_ykv_archive\/uploads\/sites\/10\/2021\/03\/Strategiamme.jpg"},{"@type":"BreadcrumbList","@id":"https:\/\/www.senaatti.fi\/yhteiskuntavastuuraportti2020\/senaatti\/strategia\/#breadcrumb","itemListElement":[{"@type":"ListItem","position":1,"name":"Home","item":"https:\/\/www.senaatti.fi\/yhteiskuntavastuuraportti2020\/"},{"@type":"ListItem","position":2,"name":"Senaatti","item":"https:\/\/www.senaatti.fi\/yhteiskuntavastuuraportti2020\/senaatti\/"},{"@type":"ListItem","position":3,"name":"Strategia"}]},{"@type":"WebSite","@id":"https:\/\/www.senaatti.fi\/yhteiskuntavastuuraportti2020\/#website","url":"https:\/\/www.senaatti.fi\/yhteiskuntavastuuraportti2020\/","name":"Senaatti 2020 - yhteiskuntavastuuraportti","description":"","potentialAction":[{"@type":"SearchAction","target":{"@type":"EntryPoint","urlTemplate":"https:\/\/www.senaatti.fi\/yhteiskuntavastuuraportti2020\/?s={search_term_string}"},"query-input":{"@type":"PropertyValueSpecification","valueRequired":true,"valueName":"search_term_string"}}],"inLanguage":"en-US"}]}},"_links":{"self":[{"href":"https:\/\/www.senaatti.fi\/yhteiskuntavastuuraportti2020\/wp-json\/wp\/v2\/pages\/1839","targetHints":{"allow":["GET"]}}],"collection":[{"href":"https:\/\/www.senaatti.fi\/yhteiskuntavastuuraportti2020\/wp-json\/wp\/v2\/pages"}],"about":[{"href":"https:\/\/www.senaatti.fi\/yhteiskuntavastuuraportti2020\/wp-json\/wp\/v2\/types\/page"}],"author":[{"embeddable":true,"href":"https:\/\/www.senaatti.fi\/yhteiskuntavastuuraportti2020\/wp-json\/wp\/v2\/users\/11"}],"replies":[{"embeddable":true,"href":"https:\/\/www.senaatti.fi\/yhteiskuntavastuuraportti2020\/wp-json\/wp\/v2\/comments?post=1839"}],"version-history":[{"count":12,"href":"https:\/\/www.senaatti.fi\/yhteiskuntavastuuraportti2020\/wp-json\/wp\/v2\/pages\/1839\/revisions"}],"predecessor-version":[{"id":4427,"href":"https:\/\/www.senaatti.fi\/yhteiskuntavastuuraportti2020\/wp-json\/wp\/v2\/pages\/1839\/revisions\/4427"}],"up":[{"embeddable":true,"href":"https:\/\/www.senaatti.fi\/yhteiskuntavastuuraportti2020\/wp-json\/wp\/v2\/pages\/37"}],"wp:attachment":[{"href":"https:\/\/www.senaatti.fi\/yhteiskuntavastuuraportti2020\/wp-json\/wp\/v2\/media?parent=1839"}],"curies":[{"name":"wp","href":"https:\/\/api.w.org\/{rel}","templated":true}]}}