{"id":119,"date":"2018-01-29T12:08:55","date_gmt":"2018-01-29T12:08:55","guid":{"rendered":"https:\/\/www.senaatti.fi\/yhteiskuntavastuuraportti2020\/?page_id=119"},"modified":"2021-03-31T13:30:45","modified_gmt":"2021-03-31T13:30:45","slug":"etusivu","status":"publish","type":"page","link":"https:\/\/www.senaatti.fi\/yhteiskuntavastuuraportti2020\/","title":{"rendered":"Etusivu"},"content":{"rendered":"<div class=\"wpb-content-wrapper\"><p>[vc_row][vc_column][senaatti_homehero background_color=&#8221;senaatti-konserni-green&#8221; smaller_hero=&#8221;true&#8221; heading=&#8221;Senaatin vuosi 2020&#8243; text=&#8221;T\u00e4m\u00e4 on Senaatti-kiinteist\u00f6jen yhdistetty vuosikertomus ja vastuullisuusraportti, jossa kerromme vuoden 2020 keskeiset tekemisemme ja saavutuksemme. Vastuullisuus ohjaa kaikkea toimintaamme, otamme huomioon niin taloudelliset, sosiaaliset kuin ymp\u00e4rist\u00f6\u00f6nkin liittyv\u00e4t n\u00e4k\u00f6kohdat \u2013 rakennusten kulttuuriarvoa unohtamatta.<\/p>\n<p>Tervetuloa Senaatin vuoteen 2020!&#8221; image=&#8221;4077&#8243; btn=&#8221;|||&#8221; logo=&#8221;2228&#8243;][\/vc_column][\/vc_row][vc_row][vc_column][senaatti_liftcards card=&#8221;%5B%7B%22label%22%3A%22Investointimme%20olivat%20436%20milj.%20euroa%22%2C%22link%22%3A%22url%3Ahttps%253A%252F%252Fwww.senaatti.fi%252Fyhteiskuntavastuuraportti2020%252Fvuosi-2020%252Ftaloudelliset-tavoitteet-ja-tulokset%252F%7Ctitle%3ATaloudelliset%2520tavoitteet%2520ja%2520tulokset%22%2C%22description%22%3A%22Koronapandemian%20vaikutukset%20talouteemme%20ja%20toimintaamme%20j%C3%A4iv%C3%A4t%20v%C3%A4h%C3%A4isiksi.%20Investointimme%20ylsiv%C3%A4t%20436%20milj.%20euroon%2C%20mik%C3%A4%20oli%2069%20%25%20liikevaihdosta.%20Pystyimme%20my%C3%B6s%20aikaistamaan%20tuleville%20vuosille%20suunniteltuja%20kunnossapitot%C3%B6it%C3%A4%20erityisesti%20museokohteissa%2C%20jotka%20jouduttiin%20koronan%20vuoksi%20pit%C3%A4m%C3%A4%C3%A4n%20kiinni.%20%22%2C%22image%22%3A%224109%22%7D%2C%7B%22label%22%3A%22Saimme%20aikaan%20yli%2010%20milj.%20euron%20s%C3%A4%C3%A4st%C3%B6t%20%22%2C%22link%22%3A%22url%3Ahttps%253A%252F%252Fwww.senaatti.fi%252Fyhteiskuntavastuuraportti2020%252Fvastuullisuus-senaatissa%252Ftyoymparistot%252Ftilatehokkuus-ja-yhteiskayttoisyys%252F%7Ctitle%3ATy%25C3%25B6ymp%25C3%25A4rist%25C3%25B6jen%2520kehitt%25C3%25A4minen%22%2C%22description%22%3A%22Ty%C3%B6ymp%C3%A4rist%C3%B6jen%20kehitt%C3%A4minen%20ja%20ty%C3%B6nteon%20tapojen%20uudistuminen%20eteniv%C3%A4t%20valtiolla.%20%20Sovimme%20yli%20300%20tilaratkaisuprojektin%20toteuttamisesta.%20Uusilla%20ty%C3%B6ymp%C3%A4rist%C3%B6ratkaisuilla%20tavoitellaan%20my%C3%B6s%20s%C3%A4%C3%A4st%C3%B6j%C3%A4%20valtion%20toimitilakustannuksiin.%20Senaatin%20s%C3%A4%C3%A4st%C3%B6tavoitteet%20ovat%20edenneet%20suunniteltua%20nopeammin.%20Vuoden%202020%20s%C3%A4%C3%A4st%C3%B6tavoite%20oli%207%20milj.%20euroa%20ja%20sovitut%20s%C3%A4%C3%A4st%C3%B6t%20olivat%2010%2C4%20milj.%20euroa.%20%22%2C%22image%22%3A%224107%22%7D%2C%7B%22label%22%3A%22Tilinp%C3%A4%C3%A4t%C3%B6s%202020%22%2C%22link%22%3A%22url%3Ahttps%253A%252F%252Fwww.senaatti.fi%252Fyhteiskuntavastuuraportti2020%252Fvuosi-2020%252Ftilinpaatos%252F%7Ctitle%3ATilinp%25C3%25A4%25C3%25A4t%25C3%25B6s%25202020%22%2C%22description%22%3A%22Senaatin%20hallituksen%20toimintakertomus%20ja%20tilinp%C3%A4%C3%A4t%C3%B6s%202020%20on%20julkaistu%20PDF-dokumenttina.%20%22%2C%22image%22%3A%224108%22%7D%5D&#8221;][\/vc_column][\/vc_row][vc_row][vc_column width=&#8221;1\/2&#8243;][senaatti_feature_small background_color=&#8221;senaatti-konserni-purple-25&#8243; image_default=&#8221;violet&#8221; heading=&#8221;V\u00e4hensimme kokonaisp\u00e4\u00e4st\u00f6j\u00e4 20 %&#8221; text=&#8221;Olemme panostaneet yll\u00e4pit\u00e4miemme kiinteist\u00f6jen energiatehokkuuteen, kasvattaneet uusiutuvan energian osuutta ja parantaneet tilatehokkuutta. Aurinkos\u00e4hk\u00f6ohjelmamme eteni ja rakensimme vuoden aikana 16 aurinkovoimalaa eri puolille Suomea. Vuodesta 2012 alkaen p\u00e4\u00e4st\u00f6mme ovat v\u00e4hentyneet kaikkiaan 78 %.&#8221; btn=&#8221;url:https%3A%2F%2Fwww.senaatti.fi%2Fyhteiskuntavastuuraportti2020%2Fvastuullisuus-senaatissa%2Fymparisto%2F|title:Ymp%C3%A4rist%C3%B6&#8243;][\/vc_column][vc_column width=&#8221;1\/2&#8243;][senaatti_feature_small background_color=&#8221;senaatti-konserni-green-25&#8243; heading=&#8221;Suuren muutoksen vuosi&#8221; text=&#8221;Puolustuskiinteist\u00f6t-liikelaitos aloitti toimintansa osana Senaatti-konsernia vuoden 2021 alussa. Organisaatiomuutos oli vuoden 2020 iso ponnistus, jossa my\u00f6s henkil\u00f6st\u00f6 oli aktiivisesti mukana. Massiivinen muutosty\u00f6 on saanut hyv\u00e4\u00e4 palautetta Senaatin ja Rakennuslaitoksen ty\u00f6ntekij\u00f6ilt\u00e4 yhteisess\u00e4 henkil\u00f6st\u00f6tutkimuksessa.&#8221; btn=&#8221;url:https%3A%2F%2Fwww.senaatti.fi%2Fyhteiskuntavastuuraportti2020%2Fvastuullisuus-senaatissa%2Fhenkilosto%2Fsenaattilaiset%2F|title:Senaattilaiset&#8221;][\/vc_column][\/vc_row][vc_row][vc_column][senaatti_feature align=&#8221;right&#8221; heading=&#8221;Vahva panostus turvallisuuteen ja varautumiseen&#8221; text=&#8221;Toimitiloihin ja ty\u00f6ymp\u00e4rist\u00f6ihin liittyvien turvallisuuspalvelujen kysynt\u00e4 on viime vuosina kasvanut merkitt\u00e4v\u00e4sti. Senaatin turvallisuuspalvelukeskuksen toiminta on laajentunut vauhdilla, ja t\u00e4ll\u00e4 hetkell\u00e4 p\u00e4\u00e4- ja et\u00e4k\u00e4ytt\u00f6palveluiden piiriss\u00e4 on jo reilut sata asiakasta. Vuoden 2021 kev\u00e4\u00e4ll\u00e4 toiminta laajenee 24\/7.&#8221; image=&#8221;3901&#8243; btn=&#8221;url:https%3A%2F%2Fwww.senaatti.fi%2Fyhteiskuntavastuuraportti2020%2Fvastuullisuus-senaatissa%2Ftyoymparistot%2Fturvallisuus%2F|title:Turvallisuus&#8221;][\/senaatti_feature][\/vc_column][\/vc_row][vc_row][vc_column][\/vc_column][\/vc_row]<\/p>\n<\/div>","protected":false},"excerpt":{"rendered":"<p>[vc_row][vc_column][senaatti_homehero background_color=&#8221;senaatti-konserni-green&#8221; smaller_hero=&#8221;true&#8221; heading=&#8221;Senaatin vuosi 2020&#8243; text=&#8221;T\u00e4m\u00e4 on Senaatti-kiinteist\u00f6jen yhdistetty vuosikertomus ja vastuullisuusraportti, jossa kerromme vuoden 2020 keskeiset tekemisemme ja saavutuksemme. Vastuullisuus ohjaa kaikkea toimintaamme, otamme huomioon niin taloudelliset, sosiaaliset kuin ymp\u00e4rist\u00f6\u00f6nkin liittyv\u00e4t n\u00e4k\u00f6kohdat \u2013 rakennusten kulttuuriarvoa unohtamatta. Tervetuloa Senaatin vuoteen 2020!&#8221; image=&#8221;4077&#8243; btn=&#8221;|||&#8221; logo=&#8221;2228&#8243;][\/vc_column][\/vc_row][vc_row][vc_column][senaatti_liftcards card=&#8221;%5B%7B%22label%22%3A%22Investointimme%20olivat%20436%20milj.%20euroa%22%2C%22link%22%3A%22url%3Ahttps%253A%252F%252Fwww.senaatti.fi%252Fyhteiskuntavastuuraportti2020%252Fvuosi-2020%252Ftaloudelliset-tavoitteet-ja-tulokset%252F%7Ctitle%3ATaloudelliset%2520tavoitteet%2520ja%2520tulokset%22%2C%22description%22%3A%22Koronapandemian%20vaikutukset%20talouteemme%20ja%20toimintaamme%20j%C3%A4iv%C3%A4t%20v%C3%A4h%C3%A4isiksi.%20Investointimme%20ylsiv%C3%A4t%20436%20milj.%20euroon%2C%20mik%C3%A4%20oli%2069%20%25%20liikevaihdosta.%20Pystyimme%20my%C3%B6s%20aikaistamaan%20tuleville%20vuosille%20suunniteltuja%20kunnossapitot%C3%B6it%C3%A4%20erityisesti%20museokohteissa%2C%20jotka%20jouduttiin%20koronan%20vuoksi%20pit%C3%A4m%C3%A4%C3%A4n%20kiinni.%20%22%2C%22image%22%3A%224109%22%7D%2C%7B%22label%22%3A%22Saimme%20aikaan%20yli%2010%20milj.%20euron%20s%C3%A4%C3%A4st%C3%B6t%20%22%2C%22link%22%3A%22url%3Ahttps%253A%252F%252Fwww.senaatti.fi%252Fyhteiskuntavastuuraportti2020%252Fvastuullisuus-senaatissa%252Ftyoymparistot%252Ftilatehokkuus-ja-yhteiskayttoisyys%252F%7Ctitle%3ATy%25C3%25B6ymp%25C3%25A4rist%25C3%25B6jen%2520kehitt%25C3%25A4minen%22%2C%22description%22%3A%22Ty%C3%B6ymp%C3%A4rist%C3%B6jen%20kehitt%C3%A4minen%20ja%20ty%C3%B6nteon%20tapojen%20uudistuminen%20eteniv%C3%A4t%20valtiolla.%20%20Sovimme%20yli%20300%20tilaratkaisuprojektin%20toteuttamisesta.%20Uusilla%20ty%C3%B6ymp%C3%A4rist%C3%B6ratkaisuilla%20tavoitellaan%20my%C3%B6s%20s%C3%A4%C3%A4st%C3%B6j%C3%A4%20valtion%20toimitilakustannuksiin.%20Senaatin%20s%C3%A4%C3%A4st%C3%B6tavoitteet%20ovat%20edenneet%20suunniteltua%20nopeammin.%20Vuoden%202020%20s%C3%A4%C3%A4st%C3%B6tavoite%20oli%207%20milj.%20euroa%20ja%20sovitut%20s%C3%A4%C3%A4st%C3%B6t%20olivat%2010%2C4%20milj.%20euroa.%20%22%2C%22image%22%3A%224107%22%7D%2C%7B%22label%22%3A%22Tilinp%C3%A4%C3%A4t%C3%B6s%202020%22%2C%22link%22%3A%22url%3Ahttps%253A%252F%252Fwww.senaatti.fi%252Fyhteiskuntavastuuraportti2020%252Fvuosi-2020%252Ftilinpaatos%252F%7Ctitle%3ATilinp%25C3%25A4%25C3%25A4t%25C3%25B6s%25202020%22%2C%22description%22%3A%22Senaatin%20hallituksen%20toimintakertomus%20ja%20tilinp%C3%A4%C3%A4t%C3%B6s%202020%20on%20julkaistu%20PDF-dokumenttina.%20%22%2C%22image%22%3A%224108%22%7D%5D&#8221;][\/vc_column][\/vc_row][vc_row][vc_column width=&#8221;1\/2&#8243;][senaatti_feature_small background_color=&#8221;senaatti-konserni-purple-25&#8243; image_default=&#8221;violet&#8221; heading=&#8221;V\u00e4hensimme kokonaisp\u00e4\u00e4st\u00f6j\u00e4 20 %&#8221; text=&#8221;Olemme panostaneet [&hellip;]<\/p>\n","protected":false},"author":11,"featured_media":0,"parent":0,"menu_order":13,"comment_status":"closed","ping_status":"closed","template":"","meta":{"_acf_changed":false,"footnotes":""},"class_list":["post-119","page","type-page","status-publish","hentry"],"acf":[],"yoast_head":"<!-- This site is optimized with the Yoast SEO plugin v23.9 - https:\/\/yoast.com\/wordpress\/plugins\/seo\/ -->\n<title>Etusivu - Senaatti 2020 - yhteiskuntavastuuraportti<\/title>\n<meta name=\"description\" content=\"Vuosikertomuksemme ja vastuullisuusraporttimme kertoo keskeiset tekemiset ja saavutuksemme.\" \/>\n<meta name=\"robots\" content=\"index, follow, max-snippet:-1, max-image-preview:large, max-video-preview:-1\" \/>\n<link rel=\"canonical\" href=\"https:\/\/www.senaatti.fi\/yhteiskuntavastuuraportti2020\/\" \/>\n<meta property=\"og:locale\" content=\"en_US\" \/>\n<meta property=\"og:type\" content=\"article\" \/>\n<meta property=\"og:title\" content=\"Etusivu - Senaatti 2020 - yhteiskuntavastuuraportti\" \/>\n<meta property=\"og:description\" content=\"Vuosikertomuksemme ja vastuullisuusraporttimme kertoo keskeiset tekemiset ja saavutuksemme.\" \/>\n<meta property=\"og:url\" content=\"https:\/\/www.senaatti.fi\/yhteiskuntavastuuraportti2020\/\" \/>\n<meta property=\"og:site_name\" content=\"Senaatti 2020 - yhteiskuntavastuuraportti\" \/>\n<meta property=\"article:modified_time\" content=\"2021-03-31T13:30:45+00:00\" \/>\n<meta name=\"twitter:card\" content=\"summary_large_image\" \/>\n<meta name=\"twitter:label1\" content=\"Est. reading time\" \/>\n\t<meta name=\"twitter:data1\" content=\"3 minutes\" \/>\n<script type=\"application\/ld+json\" class=\"yoast-schema-graph\">{\"@context\":\"https:\/\/schema.org\",\"@graph\":[{\"@type\":\"WebPage\",\"@id\":\"https:\/\/www.senaatti.fi\/yhteiskuntavastuuraportti2020\/\",\"url\":\"https:\/\/www.senaatti.fi\/yhteiskuntavastuuraportti2020\/\",\"name\":\"Etusivu - Senaatti 2020 - yhteiskuntavastuuraportti\",\"isPartOf\":{\"@id\":\"https:\/\/www.senaatti.fi\/yhteiskuntavastuuraportti2020\/#website\"},\"datePublished\":\"2018-01-29T12:08:55+00:00\",\"dateModified\":\"2021-03-31T13:30:45+00:00\",\"description\":\"Vuosikertomuksemme ja vastuullisuusraporttimme kertoo keskeiset tekemiset ja saavutuksemme.\",\"breadcrumb\":{\"@id\":\"https:\/\/www.senaatti.fi\/yhteiskuntavastuuraportti2020\/#breadcrumb\"},\"inLanguage\":\"en-US\",\"potentialAction\":[{\"@type\":\"ReadAction\",\"target\":[\"https:\/\/www.senaatti.fi\/yhteiskuntavastuuraportti2020\/\"]}]},{\"@type\":\"BreadcrumbList\",\"@id\":\"https:\/\/www.senaatti.fi\/yhteiskuntavastuuraportti2020\/#breadcrumb\",\"itemListElement\":[{\"@type\":\"ListItem\",\"position\":1,\"name\":\"Home\",\"item\":\"https:\/\/www.senaatti.fi\/yhteiskuntavastuuraportti2020\/\"},{\"@type\":\"ListItem\",\"position\":2,\"name\":\"Etusivu\"}]},{\"@type\":\"WebSite\",\"@id\":\"https:\/\/www.senaatti.fi\/yhteiskuntavastuuraportti2020\/#website\",\"url\":\"https:\/\/www.senaatti.fi\/yhteiskuntavastuuraportti2020\/\",\"name\":\"Senaatti 2020 - yhteiskuntavastuuraportti\",\"description\":\"\",\"potentialAction\":[{\"@type\":\"SearchAction\",\"target\":{\"@type\":\"EntryPoint\",\"urlTemplate\":\"https:\/\/www.senaatti.fi\/yhteiskuntavastuuraportti2020\/?s={search_term_string}\"},\"query-input\":{\"@type\":\"PropertyValueSpecification\",\"valueRequired\":true,\"valueName\":\"search_term_string\"}}],\"inLanguage\":\"en-US\"}]}<\/script>\n<!-- \/ Yoast SEO plugin. -->","yoast_head_json":{"title":"Etusivu - Senaatti 2020 - yhteiskuntavastuuraportti","description":"Vuosikertomuksemme ja vastuullisuusraporttimme kertoo keskeiset tekemiset ja saavutuksemme.","robots":{"index":"index","follow":"follow","max-snippet":"max-snippet:-1","max-image-preview":"max-image-preview:large","max-video-preview":"max-video-preview:-1"},"canonical":"https:\/\/www.senaatti.fi\/yhteiskuntavastuuraportti2020\/","og_locale":"en_US","og_type":"article","og_title":"Etusivu - Senaatti 2020 - yhteiskuntavastuuraportti","og_description":"Vuosikertomuksemme ja vastuullisuusraporttimme kertoo keskeiset tekemiset ja saavutuksemme.","og_url":"https:\/\/www.senaatti.fi\/yhteiskuntavastuuraportti2020\/","og_site_name":"Senaatti 2020 - yhteiskuntavastuuraportti","article_modified_time":"2021-03-31T13:30:45+00:00","twitter_card":"summary_large_image","twitter_misc":{"Est. reading time":"3 minutes"},"schema":{"@context":"https:\/\/schema.org","@graph":[{"@type":"WebPage","@id":"https:\/\/www.senaatti.fi\/yhteiskuntavastuuraportti2020\/","url":"https:\/\/www.senaatti.fi\/yhteiskuntavastuuraportti2020\/","name":"Etusivu - Senaatti 2020 - yhteiskuntavastuuraportti","isPartOf":{"@id":"https:\/\/www.senaatti.fi\/yhteiskuntavastuuraportti2020\/#website"},"datePublished":"2018-01-29T12:08:55+00:00","dateModified":"2021-03-31T13:30:45+00:00","description":"Vuosikertomuksemme ja vastuullisuusraporttimme kertoo keskeiset tekemiset ja saavutuksemme.","breadcrumb":{"@id":"https:\/\/www.senaatti.fi\/yhteiskuntavastuuraportti2020\/#breadcrumb"},"inLanguage":"en-US","potentialAction":[{"@type":"ReadAction","target":["https:\/\/www.senaatti.fi\/yhteiskuntavastuuraportti2020\/"]}]},{"@type":"BreadcrumbList","@id":"https:\/\/www.senaatti.fi\/yhteiskuntavastuuraportti2020\/#breadcrumb","itemListElement":[{"@type":"ListItem","position":1,"name":"Home","item":"https:\/\/www.senaatti.fi\/yhteiskuntavastuuraportti2020\/"},{"@type":"ListItem","position":2,"name":"Etusivu"}]},{"@type":"WebSite","@id":"https:\/\/www.senaatti.fi\/yhteiskuntavastuuraportti2020\/#website","url":"https:\/\/www.senaatti.fi\/yhteiskuntavastuuraportti2020\/","name":"Senaatti 2020 - yhteiskuntavastuuraportti","description":"","potentialAction":[{"@type":"SearchAction","target":{"@type":"EntryPoint","urlTemplate":"https:\/\/www.senaatti.fi\/yhteiskuntavastuuraportti2020\/?s={search_term_string}"},"query-input":{"@type":"PropertyValueSpecification","valueRequired":true,"valueName":"search_term_string"}}],"inLanguage":"en-US"}]}},"_links":{"self":[{"href":"https:\/\/www.senaatti.fi\/yhteiskuntavastuuraportti2020\/wp-json\/wp\/v2\/pages\/119","targetHints":{"allow":["GET"]}}],"collection":[{"href":"https:\/\/www.senaatti.fi\/yhteiskuntavastuuraportti2020\/wp-json\/wp\/v2\/pages"}],"about":[{"href":"https:\/\/www.senaatti.fi\/yhteiskuntavastuuraportti2020\/wp-json\/wp\/v2\/types\/page"}],"author":[{"embeddable":true,"href":"https:\/\/www.senaatti.fi\/yhteiskuntavastuuraportti2020\/wp-json\/wp\/v2\/users\/11"}],"replies":[{"embeddable":true,"href":"https:\/\/www.senaatti.fi\/yhteiskuntavastuuraportti2020\/wp-json\/wp\/v2\/comments?post=119"}],"version-history":[{"count":11,"href":"https:\/\/www.senaatti.fi\/yhteiskuntavastuuraportti2020\/wp-json\/wp\/v2\/pages\/119\/revisions"}],"predecessor-version":[{"id":4283,"href":"https:\/\/www.senaatti.fi\/yhteiskuntavastuuraportti2020\/wp-json\/wp\/v2\/pages\/119\/revisions\/4283"}],"wp:attachment":[{"href":"https:\/\/www.senaatti.fi\/yhteiskuntavastuuraportti2020\/wp-json\/wp\/v2\/media?parent=119"}],"curies":[{"name":"wp","href":"https:\/\/api.w.org\/{rel}","templated":true}]}}