{"id":117,"date":"2018-01-29T11:21:43","date_gmt":"2018-01-29T11:21:43","guid":{"rendered":"https:\/\/www.senaatti.fi\/yhteiskuntavastuuraportti2020\/?page_id=117"},"modified":"2021-03-29T11:06:30","modified_gmt":"2021-03-29T11:06:30","slug":"talousrikollisuuden-torjunta","status":"publish","type":"page","link":"https:\/\/www.senaatti.fi\/yhteiskuntavastuuraportti2020\/vastuullisuus-senaatissa\/vastuulliset-hankinnat\/talousrikollisuuden-torjunta\/","title":{"rendered":"Talousrikollisuuden torjunta"},"content":{"rendered":"<p><img loading=\"lazy\" decoding=\"async\" src=\"https:\/\/www.senaatti.fi\/app_ykv_archive\/uploads\/sites\/10\/2021\/03\/Talousrikollisuuden_torjunta.jpg\" alt=\"Ty\u00f6mies k\u00e4velee katolla.\" width=\"1280\" height=\"643\" class=\"alignnone size-full wp-image-4123\" srcset=\"https:\/\/www.senaatti.fi\/app_ykv_archive\/uploads\/sites\/10\/2021\/03\/Talousrikollisuuden_torjunta.jpg 1280w, https:\/\/www.senaatti.fi\/app_ykv_archive\/uploads\/sites\/10\/2021\/03\/Talousrikollisuuden_torjunta-300x151.jpg 300w, https:\/\/www.senaatti.fi\/app_ykv_archive\/uploads\/sites\/10\/2021\/03\/Talousrikollisuuden_torjunta-1024x514.jpg 1024w, https:\/\/www.senaatti.fi\/app_ykv_archive\/uploads\/sites\/10\/2021\/03\/Talousrikollisuuden_torjunta-768x386.jpg 768w\" sizes=\"auto, (max-width: 1280px) 100vw, 1280px\" \/><\/p>\n<p>Merkitt\u00e4v\u00e4n\u00e4 kiinteist\u00f6- ja rakennusalan toimijana ja vaikuttajana Senaatti haluaa olla edell\u00e4k\u00e4vij\u00e4 my\u00f6s talousrikollisuuden torjunnassa. Taloudellisten n\u00e4k\u00f6kulmien lis\u00e4ksi kyse on laatuun ja turvallisuuteen sek\u00e4 eettisyyteen liittyvist\u00e4 vastuista.<\/p>\n<p>Senaatti-kiinteist\u00f6ill\u00e4 on ollut vakiintunut toimintamalli talousrikollisuuden torjuntaan jo vuodesta 2014 alkaen.\u00a0 Senaatin ohjeet kattavat rakennus- ja kunnossapitohankkeet sek\u00e4 palveluhankinnat ja yll\u00e4pidon. Senaatin toimintamalli on koko rakennus- ja kiinteist\u00f6alan hy\u00f6dynnett\u00e4viss\u00e4.<\/p>\n<ul>\n<li>Edellyt\u00e4mme urakoitsijoilta liittymist\u00e4 tilaajavastuu.fi-palveluun.<\/li>\n<li>Vaadimme tilaajavastuulain mukaiset selvitykset kaikilta urakoitsijoilta sek\u00e4 muun muassa lakis\u00e4\u00e4teist\u00e4 tiukemmat p\u00e4tevyydet (RALA-p\u00e4tevyyden tai vastaavan).<\/li>\n<li>Rajoitamme urakoiden ketjuttamista ja mik\u00e4li t\u00e4t\u00e4 rikotaan, seurauksena on sopimussakko.<\/li>\n<li>Ty\u00f6mailla edellyt\u00e4mme s\u00e4hk\u00f6ist\u00e4 kulunvalvontaa.<\/li>\n<\/ul>\n<blockquote><p>Vuosien 2014 &#8211; 2020 aikana Senaatti on tehnyt kaikkiaan 237 tarkastusta. Kertomusvuonna tarkastuksia tehtiin 43 kohteeseen.<\/p><\/blockquote>\n<p>Havaituista puutteista urakoitsija tai toimittaja saa sopimussanktiot ja niit\u00e4 havaitaan en\u00e4\u00e4 yksitt\u00e4isist\u00e4 kohteista, joten tarkastukset ovat tuottaneet toivottua tulosta.<\/p>\n<h2>Panostukset jatkuivat vuonna 2020<\/h2>\n<p>Senaatti toimii tarkastuksissa yhteisty\u00f6ss\u00e4 viranomaisten kanssa. Vuonna 2020 tehtyjen tarkastusten perusteella voidaan todeta, ett\u00e4 urakoitsijoiden toimiminen Senaatin talousrikollisuuden sopimusehtojen mukaan on pysynyt hyv\u00e4ll\u00e4 tasolla. Tarkastetuista ty\u00f6maista suurin osa selvisi ilman huomautuksia.<\/p>\n<p>Kaikissa syksyn 2020 tarkastuksissa k\u00e4ytiin l\u00e4pi ty\u00f6maan varautumistoimet koronaan. Havaintojen mukaan kaikkien todettiin huomioivan koronan jollain tasolla toiminnassaan.<\/p>\n<p>Ymp\u00e4rist\u00f6tarkastuksia ei tehty vuonna 2020 muun muassa koronapandemia vuoksi.<\/p>\n<h2>Senaatin toimintamalli vakiinnutetaan osaksi Puolustuskiinteist\u00f6jen toimintaan<\/h2>\n<p>Vuoden 2021 tavoitteena on tehd\u00e4 40 tarkastusta, joista 15 on ty\u00f6maatarkastuksia ja 25 yll\u00e4pitopuolen tarkastusta. Tarkastusten tavoitteena on, ettei huomautettavaa tai rikkomuksia esiinny. Luvut kattavan my\u00f6s Puolustuskiinteist\u00f6t eli ovat konsernitason lukuja. Vuonna 2021 tavoitteena on my\u00f6s vakiinnuttaa Senaatin toimintatavat tarkastuksineen sek\u00e4 sopimusehdot osaksi Puolustuskiinteist\u00f6jen normaalia toimintaa.<\/p>\n<h2>Turvallisuussopimukset ja ymp\u00e4rist\u00f6tarkastukset jatkuvat vuonna 2021<\/h2>\n<p>Turvallisuussopimuksen mukainen toiminta tarkastetaan kymmeness\u00e4 kohteessa ja ymp\u00e4rist\u00f6asiat kahdessa kohteessa vuonna 2021. Ymp\u00e4rist\u00f6asioista k\u00e4yd\u00e4\u00e4n l\u00e4pi mahdollinen urakkaohjelman mukainen ymp\u00e4rist\u00f6suunnitelma, tarkastetaan lains\u00e4\u00e4d\u00e4nn\u00f6n edellytt\u00e4m\u00e4 kemikaaliluettelo ja sen ajantasaisuus, rakennus- ja purkuj\u00e4tteen siirtoasiakirjat, j\u00e4tteiden lajittelu sek\u00e4 energiankulutuksen mittarointi.<\/p>\n<p>Senaatti solmi vuonna 2020 P\u00e4\u00e4st\u00f6t\u00f6n ty\u00f6maa green deal -sopimuksen. T\u00e4m\u00e4n todentaminen tulee osaksi ymp\u00e4rist\u00f6tarkastuksia ja se pilotoidaan vuoden 2021 syksyll\u00e4.<\/p>\n","protected":false},"excerpt":{"rendered":"<p>Merkitt\u00e4v\u00e4n\u00e4 kiinteist\u00f6- ja rakennusalan toimijana ja vaikuttajana Senaatti haluaa olla edell\u00e4k\u00e4vij\u00e4 my\u00f6s talousrikollisuuden torjunnassa. Taloudellisten n\u00e4k\u00f6kulmien lis\u00e4ksi kyse on laatuun ja turvallisuuteen sek\u00e4 eettisyyteen liittyvist\u00e4 vastuista. Senaatti-kiinteist\u00f6ill\u00e4 on ollut vakiintunut toimintamalli talousrikollisuuden torjuntaan jo vuodesta 2014 alkaen.\u00a0 Senaatin ohjeet kattavat rakennus- ja kunnossapitohankkeet sek\u00e4 palveluhankinnat ja yll\u00e4pidon. Senaatin toimintamalli on koko rakennus- ja kiinteist\u00f6alan hy\u00f6dynnett\u00e4viss\u00e4. [&hellip;]<\/p>\n","protected":false},"author":11,"featured_media":0,"parent":113,"menu_order":1,"comment_status":"closed","ping_status":"closed","template":"","meta":{"_acf_changed":false,"footnotes":""},"class_list":["post-117","page","type-page","status-publish","hentry","senaatti_tsdg-rauha-oikeudenmukaisuus-ja-hyva-hallinto"],"acf":[],"yoast_head":"<!-- This site is optimized with the Yoast SEO plugin v23.9 - https:\/\/yoast.com\/wordpress\/plugins\/seo\/ -->\n<title>Talousrikollisuuden torjunta - Senaatti 2020 - yhteiskuntavastuuraportti<\/title>\n<meta name=\"description\" content=\"Merkitt\u00e4v\u00e4n\u00e4 kiinteist\u00f6- ja rakennusalan toimijana ja vaikuttajana Senaatti haluaa olla edell\u00e4k\u00e4vij\u00e4 my\u00f6s talousrikollisuuden torjunnassa. Taloudellisten\" \/>\n<meta name=\"robots\" content=\"index, follow, max-snippet:-1, max-image-preview:large, max-video-preview:-1\" \/>\n<link rel=\"canonical\" href=\"https:\/\/www.senaatti.fi\/yhteiskuntavastuuraportti2020\/vastuullisuus-senaatissa\/vastuulliset-hankinnat\/talousrikollisuuden-torjunta\/\" \/>\n<meta property=\"og:locale\" content=\"en_US\" \/>\n<meta property=\"og:type\" content=\"article\" \/>\n<meta property=\"og:title\" content=\"Talousrikollisuuden torjunta - Senaatti 2020 - yhteiskuntavastuuraportti\" \/>\n<meta property=\"og:description\" content=\"Merkitt\u00e4v\u00e4n\u00e4 kiinteist\u00f6- ja rakennusalan toimijana ja vaikuttajana Senaatti haluaa olla edell\u00e4k\u00e4vij\u00e4 my\u00f6s talousrikollisuuden torjunnassa. Taloudellisten\" \/>\n<meta property=\"og:url\" content=\"https:\/\/www.senaatti.fi\/yhteiskuntavastuuraportti2020\/vastuullisuus-senaatissa\/vastuulliset-hankinnat\/talousrikollisuuden-torjunta\/\" \/>\n<meta property=\"og:site_name\" content=\"Senaatti 2020 - yhteiskuntavastuuraportti\" \/>\n<meta property=\"article:modified_time\" content=\"2021-03-29T11:06:30+00:00\" \/>\n<meta property=\"og:image\" content=\"https:\/\/www.senaatti.fi\/app_ykv_archive\/uploads\/sites\/10\/2021\/03\/Talousrikollisuuden_torjunta.jpg\" \/>\n<meta name=\"twitter:card\" content=\"summary_large_image\" \/>\n<meta name=\"twitter:label1\" content=\"Est. reading time\" \/>\n\t<meta name=\"twitter:data1\" content=\"2 minutes\" \/>\n<script type=\"application\/ld+json\" class=\"yoast-schema-graph\">{\"@context\":\"https:\/\/schema.org\",\"@graph\":[{\"@type\":\"WebPage\",\"@id\":\"https:\/\/www.senaatti.fi\/yhteiskuntavastuuraportti2020\/vastuullisuus-senaatissa\/vastuulliset-hankinnat\/talousrikollisuuden-torjunta\/\",\"url\":\"https:\/\/www.senaatti.fi\/yhteiskuntavastuuraportti2020\/vastuullisuus-senaatissa\/vastuulliset-hankinnat\/talousrikollisuuden-torjunta\/\",\"name\":\"Talousrikollisuuden torjunta - Senaatti 2020 - yhteiskuntavastuuraportti\",\"isPartOf\":{\"@id\":\"https:\/\/www.senaatti.fi\/yhteiskuntavastuuraportti2020\/#website\"},\"primaryImageOfPage\":{\"@id\":\"https:\/\/www.senaatti.fi\/yhteiskuntavastuuraportti2020\/vastuullisuus-senaatissa\/vastuulliset-hankinnat\/talousrikollisuuden-torjunta\/#primaryimage\"},\"image\":{\"@id\":\"https:\/\/www.senaatti.fi\/yhteiskuntavastuuraportti2020\/vastuullisuus-senaatissa\/vastuulliset-hankinnat\/talousrikollisuuden-torjunta\/#primaryimage\"},\"thumbnailUrl\":\"https:\/\/www.senaatti.fi\/app_ykv_archive\/uploads\/sites\/10\/2021\/03\/Talousrikollisuuden_torjunta.jpg\",\"datePublished\":\"2018-01-29T11:21:43+00:00\",\"dateModified\":\"2021-03-29T11:06:30+00:00\",\"description\":\"Merkitt\u00e4v\u00e4n\u00e4 kiinteist\u00f6- ja rakennusalan toimijana ja vaikuttajana Senaatti haluaa olla edell\u00e4k\u00e4vij\u00e4 my\u00f6s talousrikollisuuden torjunnassa. Taloudellisten\",\"breadcrumb\":{\"@id\":\"https:\/\/www.senaatti.fi\/yhteiskuntavastuuraportti2020\/vastuullisuus-senaatissa\/vastuulliset-hankinnat\/talousrikollisuuden-torjunta\/#breadcrumb\"},\"inLanguage\":\"en-US\",\"potentialAction\":[{\"@type\":\"ReadAction\",\"target\":[\"https:\/\/www.senaatti.fi\/yhteiskuntavastuuraportti2020\/vastuullisuus-senaatissa\/vastuulliset-hankinnat\/talousrikollisuuden-torjunta\/\"]}]},{\"@type\":\"ImageObject\",\"inLanguage\":\"en-US\",\"@id\":\"https:\/\/www.senaatti.fi\/yhteiskuntavastuuraportti2020\/vastuullisuus-senaatissa\/vastuulliset-hankinnat\/talousrikollisuuden-torjunta\/#primaryimage\",\"url\":\"https:\/\/www.senaatti.fi\/app_ykv_archive\/uploads\/sites\/10\/2021\/03\/Talousrikollisuuden_torjunta.jpg\",\"contentUrl\":\"https:\/\/www.senaatti.fi\/app_ykv_archive\/uploads\/sites\/10\/2021\/03\/Talousrikollisuuden_torjunta.jpg\"},{\"@type\":\"BreadcrumbList\",\"@id\":\"https:\/\/www.senaatti.fi\/yhteiskuntavastuuraportti2020\/vastuullisuus-senaatissa\/vastuulliset-hankinnat\/talousrikollisuuden-torjunta\/#breadcrumb\",\"itemListElement\":[{\"@type\":\"ListItem\",\"position\":1,\"name\":\"Home\",\"item\":\"https:\/\/www.senaatti.fi\/yhteiskuntavastuuraportti2020\/\"},{\"@type\":\"ListItem\",\"position\":2,\"name\":\"Vastuullisuus Senaatissa\",\"item\":\"https:\/\/www.senaatti.fi\/yhteiskuntavastuuraportti2020\/vastuullisuus-senaatissa\/\"},{\"@type\":\"ListItem\",\"position\":3,\"name\":\"Vastuulliset hankinnat\",\"item\":\"https:\/\/www.senaatti.fi\/yhteiskuntavastuuraportti2020\/vastuullisuus-senaatissa\/vastuulliset-hankinnat\/\"},{\"@type\":\"ListItem\",\"position\":4,\"name\":\"Talousrikollisuuden torjunta\"}]},{\"@type\":\"WebSite\",\"@id\":\"https:\/\/www.senaatti.fi\/yhteiskuntavastuuraportti2020\/#website\",\"url\":\"https:\/\/www.senaatti.fi\/yhteiskuntavastuuraportti2020\/\",\"name\":\"Senaatti 2020 - yhteiskuntavastuuraportti\",\"description\":\"\",\"potentialAction\":[{\"@type\":\"SearchAction\",\"target\":{\"@type\":\"EntryPoint\",\"urlTemplate\":\"https:\/\/www.senaatti.fi\/yhteiskuntavastuuraportti2020\/?s={search_term_string}\"},\"query-input\":{\"@type\":\"PropertyValueSpecification\",\"valueRequired\":true,\"valueName\":\"search_term_string\"}}],\"inLanguage\":\"en-US\"}]}<\/script>\n<!-- \/ Yoast SEO plugin. -->","yoast_head_json":{"title":"Talousrikollisuuden torjunta - Senaatti 2020 - yhteiskuntavastuuraportti","description":"Merkitt\u00e4v\u00e4n\u00e4 kiinteist\u00f6- ja rakennusalan toimijana ja vaikuttajana Senaatti haluaa olla edell\u00e4k\u00e4vij\u00e4 my\u00f6s talousrikollisuuden torjunnassa. Taloudellisten","robots":{"index":"index","follow":"follow","max-snippet":"max-snippet:-1","max-image-preview":"max-image-preview:large","max-video-preview":"max-video-preview:-1"},"canonical":"https:\/\/www.senaatti.fi\/yhteiskuntavastuuraportti2020\/vastuullisuus-senaatissa\/vastuulliset-hankinnat\/talousrikollisuuden-torjunta\/","og_locale":"en_US","og_type":"article","og_title":"Talousrikollisuuden torjunta - Senaatti 2020 - yhteiskuntavastuuraportti","og_description":"Merkitt\u00e4v\u00e4n\u00e4 kiinteist\u00f6- ja rakennusalan toimijana ja vaikuttajana Senaatti haluaa olla edell\u00e4k\u00e4vij\u00e4 my\u00f6s talousrikollisuuden torjunnassa. Taloudellisten","og_url":"https:\/\/www.senaatti.fi\/yhteiskuntavastuuraportti2020\/vastuullisuus-senaatissa\/vastuulliset-hankinnat\/talousrikollisuuden-torjunta\/","og_site_name":"Senaatti 2020 - yhteiskuntavastuuraportti","article_modified_time":"2021-03-29T11:06:30+00:00","og_image":[{"url":"https:\/\/www.senaatti.fi\/app_ykv_archive\/uploads\/sites\/10\/2021\/03\/Talousrikollisuuden_torjunta.jpg"}],"twitter_card":"summary_large_image","twitter_misc":{"Est. reading time":"2 minutes"},"schema":{"@context":"https:\/\/schema.org","@graph":[{"@type":"WebPage","@id":"https:\/\/www.senaatti.fi\/yhteiskuntavastuuraportti2020\/vastuullisuus-senaatissa\/vastuulliset-hankinnat\/talousrikollisuuden-torjunta\/","url":"https:\/\/www.senaatti.fi\/yhteiskuntavastuuraportti2020\/vastuullisuus-senaatissa\/vastuulliset-hankinnat\/talousrikollisuuden-torjunta\/","name":"Talousrikollisuuden torjunta - Senaatti 2020 - yhteiskuntavastuuraportti","isPartOf":{"@id":"https:\/\/www.senaatti.fi\/yhteiskuntavastuuraportti2020\/#website"},"primaryImageOfPage":{"@id":"https:\/\/www.senaatti.fi\/yhteiskuntavastuuraportti2020\/vastuullisuus-senaatissa\/vastuulliset-hankinnat\/talousrikollisuuden-torjunta\/#primaryimage"},"image":{"@id":"https:\/\/www.senaatti.fi\/yhteiskuntavastuuraportti2020\/vastuullisuus-senaatissa\/vastuulliset-hankinnat\/talousrikollisuuden-torjunta\/#primaryimage"},"thumbnailUrl":"https:\/\/www.senaatti.fi\/app_ykv_archive\/uploads\/sites\/10\/2021\/03\/Talousrikollisuuden_torjunta.jpg","datePublished":"2018-01-29T11:21:43+00:00","dateModified":"2021-03-29T11:06:30+00:00","description":"Merkitt\u00e4v\u00e4n\u00e4 kiinteist\u00f6- ja rakennusalan toimijana ja vaikuttajana Senaatti haluaa olla edell\u00e4k\u00e4vij\u00e4 my\u00f6s talousrikollisuuden torjunnassa. Taloudellisten","breadcrumb":{"@id":"https:\/\/www.senaatti.fi\/yhteiskuntavastuuraportti2020\/vastuullisuus-senaatissa\/vastuulliset-hankinnat\/talousrikollisuuden-torjunta\/#breadcrumb"},"inLanguage":"en-US","potentialAction":[{"@type":"ReadAction","target":["https:\/\/www.senaatti.fi\/yhteiskuntavastuuraportti2020\/vastuullisuus-senaatissa\/vastuulliset-hankinnat\/talousrikollisuuden-torjunta\/"]}]},{"@type":"ImageObject","inLanguage":"en-US","@id":"https:\/\/www.senaatti.fi\/yhteiskuntavastuuraportti2020\/vastuullisuus-senaatissa\/vastuulliset-hankinnat\/talousrikollisuuden-torjunta\/#primaryimage","url":"https:\/\/www.senaatti.fi\/app_ykv_archive\/uploads\/sites\/10\/2021\/03\/Talousrikollisuuden_torjunta.jpg","contentUrl":"https:\/\/www.senaatti.fi\/app_ykv_archive\/uploads\/sites\/10\/2021\/03\/Talousrikollisuuden_torjunta.jpg"},{"@type":"BreadcrumbList","@id":"https:\/\/www.senaatti.fi\/yhteiskuntavastuuraportti2020\/vastuullisuus-senaatissa\/vastuulliset-hankinnat\/talousrikollisuuden-torjunta\/#breadcrumb","itemListElement":[{"@type":"ListItem","position":1,"name":"Home","item":"https:\/\/www.senaatti.fi\/yhteiskuntavastuuraportti2020\/"},{"@type":"ListItem","position":2,"name":"Vastuullisuus Senaatissa","item":"https:\/\/www.senaatti.fi\/yhteiskuntavastuuraportti2020\/vastuullisuus-senaatissa\/"},{"@type":"ListItem","position":3,"name":"Vastuulliset hankinnat","item":"https:\/\/www.senaatti.fi\/yhteiskuntavastuuraportti2020\/vastuullisuus-senaatissa\/vastuulliset-hankinnat\/"},{"@type":"ListItem","position":4,"name":"Talousrikollisuuden torjunta"}]},{"@type":"WebSite","@id":"https:\/\/www.senaatti.fi\/yhteiskuntavastuuraportti2020\/#website","url":"https:\/\/www.senaatti.fi\/yhteiskuntavastuuraportti2020\/","name":"Senaatti 2020 - yhteiskuntavastuuraportti","description":"","potentialAction":[{"@type":"SearchAction","target":{"@type":"EntryPoint","urlTemplate":"https:\/\/www.senaatti.fi\/yhteiskuntavastuuraportti2020\/?s={search_term_string}"},"query-input":{"@type":"PropertyValueSpecification","valueRequired":true,"valueName":"search_term_string"}}],"inLanguage":"en-US"}]}},"_links":{"self":[{"href":"https:\/\/www.senaatti.fi\/yhteiskuntavastuuraportti2020\/wp-json\/wp\/v2\/pages\/117","targetHints":{"allow":["GET"]}}],"collection":[{"href":"https:\/\/www.senaatti.fi\/yhteiskuntavastuuraportti2020\/wp-json\/wp\/v2\/pages"}],"about":[{"href":"https:\/\/www.senaatti.fi\/yhteiskuntavastuuraportti2020\/wp-json\/wp\/v2\/types\/page"}],"author":[{"embeddable":true,"href":"https:\/\/www.senaatti.fi\/yhteiskuntavastuuraportti2020\/wp-json\/wp\/v2\/users\/11"}],"replies":[{"embeddable":true,"href":"https:\/\/www.senaatti.fi\/yhteiskuntavastuuraportti2020\/wp-json\/wp\/v2\/comments?post=117"}],"version-history":[{"count":11,"href":"https:\/\/www.senaatti.fi\/yhteiskuntavastuuraportti2020\/wp-json\/wp\/v2\/pages\/117\/revisions"}],"predecessor-version":[{"id":4124,"href":"https:\/\/www.senaatti.fi\/yhteiskuntavastuuraportti2020\/wp-json\/wp\/v2\/pages\/117\/revisions\/4124"}],"up":[{"embeddable":true,"href":"https:\/\/www.senaatti.fi\/yhteiskuntavastuuraportti2020\/wp-json\/wp\/v2\/pages\/113"}],"wp:attachment":[{"href":"https:\/\/www.senaatti.fi\/yhteiskuntavastuuraportti2020\/wp-json\/wp\/v2\/media?parent=117"}],"curies":[{"name":"wp","href":"https:\/\/api.w.org\/{rel}","templated":true}]}}