{"id":113,"date":"2018-01-29T11:21:14","date_gmt":"2018-01-29T11:21:14","guid":{"rendered":"https:\/\/www.senaatti.fi\/yhteiskuntavastuuraportti2020\/?page_id=113"},"modified":"2021-03-29T11:01:20","modified_gmt":"2021-03-29T11:01:20","slug":"vastuulliset-hankinnat","status":"publish","type":"page","link":"https:\/\/www.senaatti.fi\/yhteiskuntavastuuraportti2020\/vastuullisuus-senaatissa\/vastuulliset-hankinnat\/","title":{"rendered":"Vastuulliset hankinnat"},"content":{"rendered":"<figure id=\"attachment_3905\" aria-describedby=\"caption-attachment-3905\" style=\"width: 1280px\" class=\"wp-caption alignnone\"><img loading=\"lazy\" decoding=\"async\" src=\"https:\/\/www.senaatti.fi\/app_ykv_archive\/uploads\/sites\/10\/2021\/03\/Vastuulliset_hankinnat.jpg\" alt=\"Huonekaluja Porvoon Verohallinnon ja Maanmittauslaitoksen yhteisess\u00e4 ty\u00f6tilassa.\" class=\"wp-image-3905 size-full\" width=\"1280\" height=\"643\" srcset=\"https:\/\/www.senaatti.fi\/app_ykv_archive\/uploads\/sites\/10\/2021\/03\/Vastuulliset_hankinnat.jpg 1280w, https:\/\/www.senaatti.fi\/app_ykv_archive\/uploads\/sites\/10\/2021\/03\/Vastuulliset_hankinnat-300x151.jpg 300w, https:\/\/www.senaatti.fi\/app_ykv_archive\/uploads\/sites\/10\/2021\/03\/Vastuulliset_hankinnat-1024x514.jpg 1024w, https:\/\/www.senaatti.fi\/app_ykv_archive\/uploads\/sites\/10\/2021\/03\/Vastuulliset_hankinnat-768x386.jpg 768w\" sizes=\"auto, (max-width: 1280px) 100vw, 1280px\" \/><figcaption id=\"caption-attachment-3905\" class=\"wp-caption-text\">Porvoon virastotalossa irtokalustehankintoihin m\u00e4\u00e4riteltiin kiertotalouskriteerit. Esimerkiksi kalusteissa eri materiaalit on oltava eroteltavissa toisistaan lajittelua ja kierr\u00e4tyst\u00e4 varten elinkaaren p\u00e4\u00e4tteeksi ja tekstiileiss\u00e4 suosittiin luonnonkuituja keinokuitujen sijaan.<\/figcaption><\/figure>\n<p>Senaatti on julkinen toimija, joka noudattaa hankinnoissaan julkista hankintalakia ja Senaatin omaa sis\u00e4ist\u00e4 hankintaohjetta. Senaatin kokonaisostot vuonna 2020 olivat noin 649 miljoonaan euroa. Suurimmat hankinnat liittyv\u00e4t rakennusinvestointeihin, jotka olivat 340 miljoonaa euroa. Yhten\u00e4 esimerkkin\u00e4 uudesta hankittavasta osa-alueesta on vuonna 2020 toteutetut aurinkovoimaloiden hankinnat.<\/p>\n<p>Hankintatoimessa suurin osa kehitt\u00e4misest\u00e4 vuonna 2020 painottui Senaatti-konsernin ja uuden tyt\u00e4rliikelaitoksen Puolustuskiinteist\u00f6jen perustamiseen. Hankintatoimen osalta valmisteltiin siirtym\u00e4\u00e4 kohti konsernin yhteist\u00e4 keskitetty\u00e4 hankintatoimea vuoden 2021 alusta. Hankinnan periaatteet, toimintamallit, ohjeistukset ja j\u00e4rjestelm\u00e4t p\u00e4ivitettiin vastaamaan uutta toimintatapaa vuoden 2020 aikana.<\/p>\n<h2>Valtionhallinnon yhteinen Handi-j\u00e4rjestelm\u00e4<\/h2>\n<p>Vuonna 2020 Senaatissa otettiin k\u00e4ytt\u00f6\u00f6n koko valtionhallinnon yhteinen tilausten- ja laskujenk\u00e4sittelyj\u00e4rjestelm\u00e4. J\u00e4rjestelm\u00e4n k\u00e4ytt\u00f6\u00f6notto mahdollistaa paremman seurannan. Sopimushallintaan liittyen kehitettiin lis\u00e4ksi sopimushallintaj\u00e4rjestelm\u00e4\u00e4 ottamalla k\u00e4ytt\u00f6\u00f6n muun muassa puitej\u00e4rjestelyjen hallintaa parantavia toiminnallisuuksia. Vuodelle 2020 suunnitellut toimenpiteet hankintaraportoinnin kehitt\u00e4miseksi j\u00e4iv\u00e4t kesken ja t\u00e4m\u00e4n tavoitteen osalta ty\u00f6t\u00e4 jatketaan vuoden 2021 aikana.<\/p>\n<p>Kansallinen julkisten hankintojen strategia julkaistiin syksyll\u00e4 2020. Vuoden 2021 tavoitteeksi on otettu laatia strategian toimeenpanosuunnitelma Senaatti-konsernissa. T\u00e4ss\u00e4 yhteydess\u00e4 tarkastellaan my\u00f6s yhteiskuntavastuuseen liittyvi\u00e4 n\u00e4k\u00f6kohtia ja niiden huomioimista hankinnoissa.<\/p>\n<h2>Vastuullisuus hankinnoissa<\/h2>\n<p>Senaatin hankinnoissa noudatettavat hankintaperiaatteet p\u00e4ivitettiin vuoden 2020 aikana ja samalla n\u00e4m\u00e4 m\u00e4\u00e4ritettiin koskemaan koko Senaatti-konsernia. Hankintaperiaatteet m\u00e4\u00e4rittelev\u00e4t hankintoja ohjaavat tavoitteet ja toimintatavat.<\/p>\n<h3>Senaatin hankintatoimintaa ohjaavat periaatteet:<\/h3>\n<ol>\n<li>Tuloksellisuus<\/li>\n<li>Turvallisuus ja valmius<\/li>\n<li>Vastuullisuus<\/li>\n<li>Suunnitelmallisuus<\/li>\n<\/ol>\n<p>N\u00e4m\u00e4 n\u00e4kyv\u00e4t hankinnoissa muun muassa seuraavilla tavoilla: Hankinnat toteutetaan konsernin turvallisuuspolitiikan mukaisesti siten, ett\u00e4 liikelaitosten omat ja asiakkaiden turvallisuuden, valmiuden ja varatutumisen vaatimukset t\u00e4yttyv\u00e4t. Lis\u00e4ksi hankintojen tulee sujua ja tukea toimintaa my\u00f6s poikkeusoloissa.<\/p>\n<p>Vastuullisuus hankinnoissa tarkoittaa, ett\u00e4 kannamme vastuumme kest\u00e4v\u00e4n kehityksen osa-alueista ottamalla p\u00e4\u00e4t\u00f6ksenteossamme huomioon taloudelliset, sosiaaliset ja ymp\u00e4rist\u00f6\u00f6n liittyv\u00e4t n\u00e4k\u00f6kohdat sek\u00e4 n\u00e4ihin liittyv\u00e4t valtiokonsernia koskevat tavoitteet. Hankinnat toteutetaan Senaatin yhteiskuntavastuupolitiikan mukaisesti.<\/p>\n<p>Kaikissa hankinnoissa Senaatti noudattaa voimassa olevaa lains\u00e4\u00e4d\u00e4nt\u00f6\u00e4 sek\u00e4 avoimuuden, tasapuolisuuden ja syrjim\u00e4tt\u00f6myyden periaatteita.<\/p>\n<h2>Toimittajien valinnassa vaikuttavat hinta ja laatu<\/h2>\n<p>Kilpailutuksissa k\u00e4ytet\u00e4\u00e4n valintakriteerein\u00e4 sek\u00e4 hintaa ett\u00e4 laatua. Lis\u00e4ksi edellyt\u00e4mme toimittajilta muun muassa Senaatin turvallisuussopimuksissa ja talousrikollisuuden torjuntaohjeessa m\u00e4\u00e4riteltyj\u00e4 vaatimuksia. Kilpailutuksissa edellyt\u00e4mme, ett\u00e4 tarjoajat noudattavat tilaajavastuulakia.<\/p>\n<p>Senaatti on ollut edell\u00e4k\u00e4vij\u00e4n\u00e4 alallaan talousrikollisuuden torjunnassa ja ohjeistuksen kehitt\u00e4misess\u00e4 koko toimialalle. Talousrikollisuuden torjuntaohjeen vaatimukset koskevat muun muassa tilaajavastuulain edellytt\u00e4mien selvitysten toimittamista, henkil\u00f6tunnisteiden k\u00e4ytt\u00e4mist\u00e4 ja urakoitsijoiden ketjuttamista. Ohjeistukset ovat julkisia ja kaikkien hy\u00f6dynnett\u00e4viss\u00e4. Talousrikollisuuden torjuntaohjeistus l\u00f6ytyy Senaatin kotisivuilta.\u00a0Lue asiasta my\u00f6s lis\u00e4\u00e4 Talousrikollisuuden torjunta -osiosta.<\/p>\n<blockquote><p>Sosiaalisen vastuun, kest\u00e4vien ymp\u00e4rist\u00f6- ja energiaratkaisujen sek\u00e4 innovaatioiden edist\u00e4miseen liittyv\u00e4t periaatteet otetaan huomioon kaikissa niiss\u00e4 hankinnoissa, joissa se on tarkoituksenmukaista.<\/p><\/blockquote>\n<p>Senaatin henkil\u00f6st\u00f6lle on laadittu eettiset periaatteet ja sivutoimista on laadittu oma ohjeistus. Olemme aktiivisesti mukana alan j\u00e4rjest\u00f6iss\u00e4 esimerkiksi Raklissa ja toimimme yhteisty\u00f6ss\u00e4 viranomaistahojen kuten Veron ja AVIn kanssa menettelytapojen kehitt\u00e4miseksi.<\/p>\n<h2>Hankintatoimen johtaminen ja riskien hallinta<\/h2>\n<p>Vuoden 2021 alusta hankintatoimen yleinen johtaminen, organisointi, kehitt\u00e4minen ja riskienhallinta on uudessa Senaatti-konsernissa keskitetty talous- ja hallintoyksikk\u00f6\u00f6n.<\/p>\n<p>Hankintatoimen johtamisessa noudatetaan kategoriajohtamisen periaatteita ja hankintaa ohjataan hankintakategorioiden (rakennuttaminen, yll\u00e4pito, liiketoiminnan palvelut, tietohallintopalvelut) kautta. Uutena kategoriana vuoden 2021 alusta on ollut sis\u00e4iset palvelut. Hankintojen kategoriasuunnitelmat p\u00e4ivitet\u00e4\u00e4n vuoden 2021 aikana vastaamaan uutta organisaatiota ja uusia toimintamalleja.<\/p>\n<p>Vuosittain arvioimme keskeisimm\u00e4t riskit hankintatoimessa riskien ennaltaehk\u00e4isemiseksi ja pienent\u00e4miseksi. Vuoden 2021 keskeisimm\u00e4t seurattavat riskit liittyv\u00e4t ep\u00e4onnistumiseen talousrikollisuuden torjunnassa, mahdollisiin turvallisuussopimusrikkomuksiin toimittajaverkostossa, Senaatti-konsernin yhteishankintojen toimintamallien luomiseen ja toteuttamiseen sek\u00e4 hankintatoimen kehitt\u00e4mistoimenpiteiden ep\u00e4onnistumiseen tai viiv\u00e4stymiseen.<\/p>\n<h3>Lue lis\u00e4\u00e4:<\/h3>\n<p><a href=\"https:\/\/www.senaatti.fi\/yhteiskuntavastuuraportti2020\/senaatti\/sidosryhmat\/kumppanit\/\">Kumppanit<\/a><br \/>\n<a href=\"https:\/\/www.senaatti.fi\/yhteiskuntavastuuraportti2020\/vastuullisuus-senaatissa\/vastuulliset-hankinnat\/talousrikollisuuden-torjunta\/\">Talousrikollisuuden torjunta<\/a><\/p>\n<p>&nbsp;<\/p>\n<p>&nbsp;<\/p>\n","protected":false},"excerpt":{"rendered":"<p>Senaatti on julkinen toimija, joka noudattaa hankinnoissaan julkista hankintalakia ja Senaatin omaa sis\u00e4ist\u00e4 hankintaohjetta. Senaatin kokonaisostot vuonna 2020 olivat noin 649 miljoonaan euroa. Suurimmat hankinnat liittyv\u00e4t rakennusinvestointeihin, jotka olivat 340 miljoonaa euroa. Yhten\u00e4 esimerkkin\u00e4 uudesta hankittavasta osa-alueesta on vuonna 2020 toteutetut aurinkovoimaloiden hankinnat. Hankintatoimessa suurin osa kehitt\u00e4misest\u00e4 vuonna 2020 painottui Senaatti-konsernin ja uuden tyt\u00e4rliikelaitoksen Puolustuskiinteist\u00f6jen [&hellip;]<\/p>\n","protected":false},"author":11,"featured_media":0,"parent":63,"menu_order":5,"comment_status":"closed","ping_status":"closed","template":"","meta":{"_acf_changed":false,"footnotes":""},"class_list":["post-113","page","type-page","status-publish","hentry","senaatti_tsdg-vastuullista-kuluttamista","senaatti_tsdg-ihmisarvoista-tyota-ja-talouskasvua"],"acf":[],"yoast_head":"<!-- This site is optimized with the Yoast SEO plugin v23.9 - https:\/\/yoast.com\/wordpress\/plugins\/seo\/ -->\n<title>Vastuulliset hankinnat - Senaatti 2020 - yhteiskuntavastuuraportti<\/title>\n<meta name=\"description\" content=\"Senaatti on julkinen toimija, joka noudattaa hankinnoissaan julkista hankintalakia ja Senaatin omaa sis\u00e4ist\u00e4 hankintaohjetta. Senaatin kokonaisostot\" \/>\n<meta name=\"robots\" content=\"index, follow, max-snippet:-1, max-image-preview:large, max-video-preview:-1\" \/>\n<link rel=\"canonical\" href=\"https:\/\/www.senaatti.fi\/yhteiskuntavastuuraportti2020\/vastuullisuus-senaatissa\/vastuulliset-hankinnat\/\" \/>\n<meta property=\"og:locale\" content=\"en_US\" \/>\n<meta property=\"og:type\" content=\"article\" \/>\n<meta property=\"og:title\" content=\"Vastuulliset hankinnat - Senaatti 2020 - yhteiskuntavastuuraportti\" \/>\n<meta property=\"og:description\" content=\"Senaatti on julkinen toimija, joka noudattaa hankinnoissaan julkista hankintalakia ja Senaatin omaa sis\u00e4ist\u00e4 hankintaohjetta. Senaatin kokonaisostot\" \/>\n<meta property=\"og:url\" content=\"https:\/\/www.senaatti.fi\/yhteiskuntavastuuraportti2020\/vastuullisuus-senaatissa\/vastuulliset-hankinnat\/\" \/>\n<meta property=\"og:site_name\" content=\"Senaatti 2020 - yhteiskuntavastuuraportti\" \/>\n<meta property=\"article:modified_time\" content=\"2021-03-29T11:01:20+00:00\" \/>\n<meta property=\"og:image\" content=\"https:\/\/www.senaatti.fi\/app_ykv_archive\/uploads\/sites\/10\/2021\/03\/Vastuulliset_hankinnat.jpg\" \/>\n<meta name=\"twitter:card\" content=\"summary_large_image\" \/>\n<meta name=\"twitter:label1\" content=\"Est. reading time\" \/>\n\t<meta name=\"twitter:data1\" content=\"3 minutes\" \/>\n<script type=\"application\/ld+json\" class=\"yoast-schema-graph\">{\"@context\":\"https:\/\/schema.org\",\"@graph\":[{\"@type\":\"WebPage\",\"@id\":\"https:\/\/www.senaatti.fi\/yhteiskuntavastuuraportti2020\/vastuullisuus-senaatissa\/vastuulliset-hankinnat\/\",\"url\":\"https:\/\/www.senaatti.fi\/yhteiskuntavastuuraportti2020\/vastuullisuus-senaatissa\/vastuulliset-hankinnat\/\",\"name\":\"Vastuulliset hankinnat - Senaatti 2020 - yhteiskuntavastuuraportti\",\"isPartOf\":{\"@id\":\"https:\/\/www.senaatti.fi\/yhteiskuntavastuuraportti2020\/#website\"},\"primaryImageOfPage\":{\"@id\":\"https:\/\/www.senaatti.fi\/yhteiskuntavastuuraportti2020\/vastuullisuus-senaatissa\/vastuulliset-hankinnat\/#primaryimage\"},\"image\":{\"@id\":\"https:\/\/www.senaatti.fi\/yhteiskuntavastuuraportti2020\/vastuullisuus-senaatissa\/vastuulliset-hankinnat\/#primaryimage\"},\"thumbnailUrl\":\"https:\/\/www.senaatti.fi\/app_ykv_archive\/uploads\/sites\/10\/2021\/03\/Vastuulliset_hankinnat.jpg\",\"datePublished\":\"2018-01-29T11:21:14+00:00\",\"dateModified\":\"2021-03-29T11:01:20+00:00\",\"description\":\"Senaatti on julkinen toimija, joka noudattaa hankinnoissaan julkista hankintalakia ja Senaatin omaa sis\u00e4ist\u00e4 hankintaohjetta. Senaatin kokonaisostot\",\"breadcrumb\":{\"@id\":\"https:\/\/www.senaatti.fi\/yhteiskuntavastuuraportti2020\/vastuullisuus-senaatissa\/vastuulliset-hankinnat\/#breadcrumb\"},\"inLanguage\":\"en-US\",\"potentialAction\":[{\"@type\":\"ReadAction\",\"target\":[\"https:\/\/www.senaatti.fi\/yhteiskuntavastuuraportti2020\/vastuullisuus-senaatissa\/vastuulliset-hankinnat\/\"]}]},{\"@type\":\"ImageObject\",\"inLanguage\":\"en-US\",\"@id\":\"https:\/\/www.senaatti.fi\/yhteiskuntavastuuraportti2020\/vastuullisuus-senaatissa\/vastuulliset-hankinnat\/#primaryimage\",\"url\":\"https:\/\/www.senaatti.fi\/app_ykv_archive\/uploads\/sites\/10\/2021\/03\/Vastuulliset_hankinnat.jpg\",\"contentUrl\":\"https:\/\/www.senaatti.fi\/app_ykv_archive\/uploads\/sites\/10\/2021\/03\/Vastuulliset_hankinnat.jpg\"},{\"@type\":\"BreadcrumbList\",\"@id\":\"https:\/\/www.senaatti.fi\/yhteiskuntavastuuraportti2020\/vastuullisuus-senaatissa\/vastuulliset-hankinnat\/#breadcrumb\",\"itemListElement\":[{\"@type\":\"ListItem\",\"position\":1,\"name\":\"Home\",\"item\":\"https:\/\/www.senaatti.fi\/yhteiskuntavastuuraportti2020\/\"},{\"@type\":\"ListItem\",\"position\":2,\"name\":\"Vastuullisuus Senaatissa\",\"item\":\"https:\/\/www.senaatti.fi\/yhteiskuntavastuuraportti2020\/vastuullisuus-senaatissa\/\"},{\"@type\":\"ListItem\",\"position\":3,\"name\":\"Vastuulliset hankinnat\"}]},{\"@type\":\"WebSite\",\"@id\":\"https:\/\/www.senaatti.fi\/yhteiskuntavastuuraportti2020\/#website\",\"url\":\"https:\/\/www.senaatti.fi\/yhteiskuntavastuuraportti2020\/\",\"name\":\"Senaatti 2020 - yhteiskuntavastuuraportti\",\"description\":\"\",\"potentialAction\":[{\"@type\":\"SearchAction\",\"target\":{\"@type\":\"EntryPoint\",\"urlTemplate\":\"https:\/\/www.senaatti.fi\/yhteiskuntavastuuraportti2020\/?s={search_term_string}\"},\"query-input\":{\"@type\":\"PropertyValueSpecification\",\"valueRequired\":true,\"valueName\":\"search_term_string\"}}],\"inLanguage\":\"en-US\"}]}<\/script>\n<!-- \/ Yoast SEO plugin. -->","yoast_head_json":{"title":"Vastuulliset hankinnat - Senaatti 2020 - yhteiskuntavastuuraportti","description":"Senaatti on julkinen toimija, joka noudattaa hankinnoissaan julkista hankintalakia ja Senaatin omaa sis\u00e4ist\u00e4 hankintaohjetta. Senaatin kokonaisostot","robots":{"index":"index","follow":"follow","max-snippet":"max-snippet:-1","max-image-preview":"max-image-preview:large","max-video-preview":"max-video-preview:-1"},"canonical":"https:\/\/www.senaatti.fi\/yhteiskuntavastuuraportti2020\/vastuullisuus-senaatissa\/vastuulliset-hankinnat\/","og_locale":"en_US","og_type":"article","og_title":"Vastuulliset hankinnat - Senaatti 2020 - yhteiskuntavastuuraportti","og_description":"Senaatti on julkinen toimija, joka noudattaa hankinnoissaan julkista hankintalakia ja Senaatin omaa sis\u00e4ist\u00e4 hankintaohjetta. Senaatin kokonaisostot","og_url":"https:\/\/www.senaatti.fi\/yhteiskuntavastuuraportti2020\/vastuullisuus-senaatissa\/vastuulliset-hankinnat\/","og_site_name":"Senaatti 2020 - yhteiskuntavastuuraportti","article_modified_time":"2021-03-29T11:01:20+00:00","og_image":[{"url":"https:\/\/www.senaatti.fi\/app_ykv_archive\/uploads\/sites\/10\/2021\/03\/Vastuulliset_hankinnat.jpg"}],"twitter_card":"summary_large_image","twitter_misc":{"Est. reading time":"3 minutes"},"schema":{"@context":"https:\/\/schema.org","@graph":[{"@type":"WebPage","@id":"https:\/\/www.senaatti.fi\/yhteiskuntavastuuraportti2020\/vastuullisuus-senaatissa\/vastuulliset-hankinnat\/","url":"https:\/\/www.senaatti.fi\/yhteiskuntavastuuraportti2020\/vastuullisuus-senaatissa\/vastuulliset-hankinnat\/","name":"Vastuulliset hankinnat - Senaatti 2020 - yhteiskuntavastuuraportti","isPartOf":{"@id":"https:\/\/www.senaatti.fi\/yhteiskuntavastuuraportti2020\/#website"},"primaryImageOfPage":{"@id":"https:\/\/www.senaatti.fi\/yhteiskuntavastuuraportti2020\/vastuullisuus-senaatissa\/vastuulliset-hankinnat\/#primaryimage"},"image":{"@id":"https:\/\/www.senaatti.fi\/yhteiskuntavastuuraportti2020\/vastuullisuus-senaatissa\/vastuulliset-hankinnat\/#primaryimage"},"thumbnailUrl":"https:\/\/www.senaatti.fi\/app_ykv_archive\/uploads\/sites\/10\/2021\/03\/Vastuulliset_hankinnat.jpg","datePublished":"2018-01-29T11:21:14+00:00","dateModified":"2021-03-29T11:01:20+00:00","description":"Senaatti on julkinen toimija, joka noudattaa hankinnoissaan julkista hankintalakia ja Senaatin omaa sis\u00e4ist\u00e4 hankintaohjetta. Senaatin kokonaisostot","breadcrumb":{"@id":"https:\/\/www.senaatti.fi\/yhteiskuntavastuuraportti2020\/vastuullisuus-senaatissa\/vastuulliset-hankinnat\/#breadcrumb"},"inLanguage":"en-US","potentialAction":[{"@type":"ReadAction","target":["https:\/\/www.senaatti.fi\/yhteiskuntavastuuraportti2020\/vastuullisuus-senaatissa\/vastuulliset-hankinnat\/"]}]},{"@type":"ImageObject","inLanguage":"en-US","@id":"https:\/\/www.senaatti.fi\/yhteiskuntavastuuraportti2020\/vastuullisuus-senaatissa\/vastuulliset-hankinnat\/#primaryimage","url":"https:\/\/www.senaatti.fi\/app_ykv_archive\/uploads\/sites\/10\/2021\/03\/Vastuulliset_hankinnat.jpg","contentUrl":"https:\/\/www.senaatti.fi\/app_ykv_archive\/uploads\/sites\/10\/2021\/03\/Vastuulliset_hankinnat.jpg"},{"@type":"BreadcrumbList","@id":"https:\/\/www.senaatti.fi\/yhteiskuntavastuuraportti2020\/vastuullisuus-senaatissa\/vastuulliset-hankinnat\/#breadcrumb","itemListElement":[{"@type":"ListItem","position":1,"name":"Home","item":"https:\/\/www.senaatti.fi\/yhteiskuntavastuuraportti2020\/"},{"@type":"ListItem","position":2,"name":"Vastuullisuus Senaatissa","item":"https:\/\/www.senaatti.fi\/yhteiskuntavastuuraportti2020\/vastuullisuus-senaatissa\/"},{"@type":"ListItem","position":3,"name":"Vastuulliset hankinnat"}]},{"@type":"WebSite","@id":"https:\/\/www.senaatti.fi\/yhteiskuntavastuuraportti2020\/#website","url":"https:\/\/www.senaatti.fi\/yhteiskuntavastuuraportti2020\/","name":"Senaatti 2020 - yhteiskuntavastuuraportti","description":"","potentialAction":[{"@type":"SearchAction","target":{"@type":"EntryPoint","urlTemplate":"https:\/\/www.senaatti.fi\/yhteiskuntavastuuraportti2020\/?s={search_term_string}"},"query-input":{"@type":"PropertyValueSpecification","valueRequired":true,"valueName":"search_term_string"}}],"inLanguage":"en-US"}]}},"_links":{"self":[{"href":"https:\/\/www.senaatti.fi\/yhteiskuntavastuuraportti2020\/wp-json\/wp\/v2\/pages\/113","targetHints":{"allow":["GET"]}}],"collection":[{"href":"https:\/\/www.senaatti.fi\/yhteiskuntavastuuraportti2020\/wp-json\/wp\/v2\/pages"}],"about":[{"href":"https:\/\/www.senaatti.fi\/yhteiskuntavastuuraportti2020\/wp-json\/wp\/v2\/types\/page"}],"author":[{"embeddable":true,"href":"https:\/\/www.senaatti.fi\/yhteiskuntavastuuraportti2020\/wp-json\/wp\/v2\/users\/11"}],"replies":[{"embeddable":true,"href":"https:\/\/www.senaatti.fi\/yhteiskuntavastuuraportti2020\/wp-json\/wp\/v2\/comments?post=113"}],"version-history":[{"count":14,"href":"https:\/\/www.senaatti.fi\/yhteiskuntavastuuraportti2020\/wp-json\/wp\/v2\/pages\/113\/revisions"}],"predecessor-version":[{"id":4122,"href":"https:\/\/www.senaatti.fi\/yhteiskuntavastuuraportti2020\/wp-json\/wp\/v2\/pages\/113\/revisions\/4122"}],"up":[{"embeddable":true,"href":"https:\/\/www.senaatti.fi\/yhteiskuntavastuuraportti2020\/wp-json\/wp\/v2\/pages\/63"}],"wp:attachment":[{"href":"https:\/\/www.senaatti.fi\/yhteiskuntavastuuraportti2020\/wp-json\/wp\/v2\/media?parent=113"}],"curies":[{"name":"wp","href":"https:\/\/api.w.org\/{rel}","templated":true}]}}