{"id":97,"date":"2018-01-29T11:10:17","date_gmt":"2018-01-29T11:10:17","guid":{"rendered":"https:\/\/www.senaatti.fi\/yhteiskuntavastuuraportti2019\/?page_id=97"},"modified":"2020-04-03T13:35:41","modified_gmt":"2020-04-03T13:35:41","slug":"henkilosto","status":"publish","type":"page","link":"https:\/\/www.senaatti.fi\/yhteiskuntavastuuraportti2019\/vastuullisuus-senaatissa\/henkilosto\/","title":{"rendered":"Henkil\u00f6st\u00f6"},"content":{"rendered":"<ul>\n<li><img loading=\"lazy\" decoding=\"async\" class=\"alignnone wp-image-3198 size-full\" src=\"https:\/\/www.senaatti.fi\/app_ykv_archive\/uploads\/sites\/9\/2020\/04\/Henkilosto_paakuva.jpg\" alt=\"\" width=\"1000\" height=\"777\" srcset=\"https:\/\/www.senaatti.fi\/app_ykv_archive\/uploads\/sites\/9\/2020\/04\/Henkilosto_paakuva.jpg 1000w, https:\/\/www.senaatti.fi\/app_ykv_archive\/uploads\/sites\/9\/2020\/04\/Henkilosto_paakuva-300x233.jpg 300w, https:\/\/www.senaatti.fi\/app_ykv_archive\/uploads\/sites\/9\/2020\/04\/Henkilosto_paakuva-768x597.jpg 768w\" sizes=\"auto, (max-width: 1000px) 100vw, 1000px\" \/><\/li>\n<li>405 ty\u00f6ntekij\u00e4\u00e4<\/li>\n<li>Keski-ik\u00e4 on 46,2 vuotta<\/li>\n<li>Miehi\u00e4 on 54 % ja naisia 46 %<\/li>\n<li>72 %:lla on korkeakoulututkinto<\/li>\n<li>97 % on vakituisessa ty\u00f6suhteessa<\/li>\n<li>Kokonaisvaltaista sitoutumista mittaava People Power -indeksi 71,5 (tyydytt\u00e4v\u00e4+)<\/li>\n<\/ul>\n<p><strong>Senaattilaisten toimintaa ohjaavat arvot<\/strong><\/p>\n<p>Senaattilaisena min\u00e4<\/p>\n<p><strong>Toimin avoimesti.<\/strong><\/p>\n<p>Luottamus meit\u00e4 kohtaan syntyy avoimuudesta. Avoimuus merkitsee hyv\u00e4\u00e4 kommunikointia, l\u00e4pin\u00e4kyvyytt\u00e4 ja vertailtavuutta.<\/p>\n<p><strong>Saavutan tuloksia yhteisty\u00f6ll\u00e4.<\/strong><\/p>\n<p>Uskomme yhteisty\u00f6h\u00f6n ja kuunteluun. Olemalla l\u00e4hell\u00e4 asiakasta l\u00f6yd\u00e4mme parhaat ja kokonaisedullisimmat ratkaisut t\u00e4m\u00e4n tarpeisiin, valtion kokonaisedun huomioiden.<\/p>\n<p><strong>Olen vastuullinen suunnann\u00e4ytt\u00e4j\u00e4.<\/strong><\/p>\n<p>Tavoitteenamme on, ett\u00e4 Senaatti-kiinteist\u00f6jen henkil\u00f6st\u00f6 tunnetaan asiakassuuntautuneina, osaamisestaan huolehtivina, luotettavina kumppaneina, joiden ty\u00f6skentely\u00e4 leimaa oma-aloitteisuus, vastuullisuus ja tuloksellisuus.<\/p>\n","protected":false},"excerpt":{"rendered":"<p>405 ty\u00f6ntekij\u00e4\u00e4 Keski-ik\u00e4 on 46,2 vuotta Miehi\u00e4 on 54 % ja naisia 46 % 72 %:lla on korkeakoulututkinto 97 % on vakituisessa ty\u00f6suhteessa Kokonaisvaltaista sitoutumista mittaava People Power -indeksi 71,5 (tyydytt\u00e4v\u00e4+) Senaattilaisten toimintaa ohjaavat arvot Senaattilaisena min\u00e4 Toimin avoimesti. Luottamus meit\u00e4 kohtaan syntyy avoimuudesta. Avoimuus merkitsee hyv\u00e4\u00e4 kommunikointia, l\u00e4pin\u00e4kyvyytt\u00e4 ja vertailtavuutta. Saavutan tuloksia yhteisty\u00f6ll\u00e4. Uskomme [&hellip;]<\/p>\n","protected":false},"author":11,"featured_media":0,"parent":63,"menu_order":8,"comment_status":"closed","ping_status":"closed","template":"","meta":{"_acf_changed":false,"footnotes":""},"class_list":["post-97","page","type-page","status-publish","hentry","senaatti_tsdg-eriarvoisuuden-vahentaminen","senaatti_tsdg-rauha-oikeudenmukaisuus-ja-hyva-hallinto","senaatti_tsdg-sukupuolten-tasa-arvo"],"acf":[],"yoast_head":"<!-- This site is optimized with the Yoast SEO plugin v23.9 - https:\/\/yoast.com\/wordpress\/plugins\/seo\/ -->\n<title>Henkil\u00f6st\u00f6 - 2019 - yhteiskuntavastuuraportti<\/title>\n<meta name=\"description\" content=\"405 ty\u00f6ntekij\u00e4\u00e4 Keski-ik\u00e4 on 46,2 vuotta Miehi\u00e4 on 54 % ja naisia 46 % 72 %:lla on korkeakoulututkinto 97 % on vakituisessa ty\u00f6suhteessa Kokonaisvaltaista\" \/>\n<meta name=\"robots\" content=\"index, follow, max-snippet:-1, max-image-preview:large, max-video-preview:-1\" \/>\n<link rel=\"canonical\" href=\"https:\/\/www.senaatti.fi\/yhteiskuntavastuuraportti2019\/vastuullisuus-senaatissa\/henkilosto\/\" \/>\n<meta property=\"og:locale\" content=\"en_US\" \/>\n<meta property=\"og:type\" content=\"article\" \/>\n<meta property=\"og:title\" content=\"Henkil\u00f6st\u00f6 - 2019 - yhteiskuntavastuuraportti\" \/>\n<meta property=\"og:description\" content=\"405 ty\u00f6ntekij\u00e4\u00e4 Keski-ik\u00e4 on 46,2 vuotta Miehi\u00e4 on 54 % ja naisia 46 % 72 %:lla on korkeakoulututkinto 97 % on vakituisessa ty\u00f6suhteessa Kokonaisvaltaista\" \/>\n<meta property=\"og:url\" content=\"https:\/\/www.senaatti.fi\/yhteiskuntavastuuraportti2019\/vastuullisuus-senaatissa\/henkilosto\/\" \/>\n<meta property=\"og:site_name\" content=\"2019 - yhteiskuntavastuuraportti\" \/>\n<meta property=\"article:modified_time\" content=\"2020-04-03T13:35:41+00:00\" \/>\n<meta property=\"og:image\" content=\"https:\/\/www.senaatti.fi\/app_ykv_archive\/uploads\/sites\/9\/2020\/04\/Henkilosto_paakuva.jpg\" \/>\n<meta name=\"twitter:card\" content=\"summary_large_image\" \/>\n<meta name=\"twitter:label1\" content=\"Est. reading time\" \/>\n\t<meta name=\"twitter:data1\" content=\"1 minute\" \/>\n<script type=\"application\/ld+json\" class=\"yoast-schema-graph\">{\"@context\":\"https:\/\/schema.org\",\"@graph\":[{\"@type\":\"WebPage\",\"@id\":\"https:\/\/www.senaatti.fi\/yhteiskuntavastuuraportti2019\/vastuullisuus-senaatissa\/henkilosto\/\",\"url\":\"https:\/\/www.senaatti.fi\/yhteiskuntavastuuraportti2019\/vastuullisuus-senaatissa\/henkilosto\/\",\"name\":\"Henkil\u00f6st\u00f6 - 2019 - yhteiskuntavastuuraportti\",\"isPartOf\":{\"@id\":\"https:\/\/www.senaatti.fi\/yhteiskuntavastuuraportti2019\/#website\"},\"primaryImageOfPage\":{\"@id\":\"https:\/\/www.senaatti.fi\/yhteiskuntavastuuraportti2019\/vastuullisuus-senaatissa\/henkilosto\/#primaryimage\"},\"image\":{\"@id\":\"https:\/\/www.senaatti.fi\/yhteiskuntavastuuraportti2019\/vastuullisuus-senaatissa\/henkilosto\/#primaryimage\"},\"thumbnailUrl\":\"https:\/\/www.senaatti.fi\/app_ykv_archive\/uploads\/sites\/9\/2020\/04\/Henkilosto_paakuva.jpg\",\"datePublished\":\"2018-01-29T11:10:17+00:00\",\"dateModified\":\"2020-04-03T13:35:41+00:00\",\"description\":\"405 ty\u00f6ntekij\u00e4\u00e4 Keski-ik\u00e4 on 46,2 vuotta Miehi\u00e4 on 54 % ja naisia 46 % 72 %:lla on korkeakoulututkinto 97 % on vakituisessa ty\u00f6suhteessa Kokonaisvaltaista\",\"breadcrumb\":{\"@id\":\"https:\/\/www.senaatti.fi\/yhteiskuntavastuuraportti2019\/vastuullisuus-senaatissa\/henkilosto\/#breadcrumb\"},\"inLanguage\":\"en-US\",\"potentialAction\":[{\"@type\":\"ReadAction\",\"target\":[\"https:\/\/www.senaatti.fi\/yhteiskuntavastuuraportti2019\/vastuullisuus-senaatissa\/henkilosto\/\"]}]},{\"@type\":\"ImageObject\",\"inLanguage\":\"en-US\",\"@id\":\"https:\/\/www.senaatti.fi\/yhteiskuntavastuuraportti2019\/vastuullisuus-senaatissa\/henkilosto\/#primaryimage\",\"url\":\"https:\/\/www.senaatti.fi\/app_ykv_archive\/uploads\/sites\/9\/2020\/04\/Henkilosto_paakuva.jpg\",\"contentUrl\":\"https:\/\/www.senaatti.fi\/app_ykv_archive\/uploads\/sites\/9\/2020\/04\/Henkilosto_paakuva.jpg\"},{\"@type\":\"BreadcrumbList\",\"@id\":\"https:\/\/www.senaatti.fi\/yhteiskuntavastuuraportti2019\/vastuullisuus-senaatissa\/henkilosto\/#breadcrumb\",\"itemListElement\":[{\"@type\":\"ListItem\",\"position\":1,\"name\":\"Home\",\"item\":\"https:\/\/www.senaatti.fi\/yhteiskuntavastuuraportti2019\/\"},{\"@type\":\"ListItem\",\"position\":2,\"name\":\"Vastuullisuus Senaatissa\",\"item\":\"https:\/\/www.senaatti.fi\/yhteiskuntavastuuraportti2019\/vastuullisuus-senaatissa\/\"},{\"@type\":\"ListItem\",\"position\":3,\"name\":\"Henkil\u00f6st\u00f6\"}]},{\"@type\":\"WebSite\",\"@id\":\"https:\/\/www.senaatti.fi\/yhteiskuntavastuuraportti2019\/#website\",\"url\":\"https:\/\/www.senaatti.fi\/yhteiskuntavastuuraportti2019\/\",\"name\":\"2019 - yhteiskuntavastuuraportti\",\"description\":\"\",\"potentialAction\":[{\"@type\":\"SearchAction\",\"target\":{\"@type\":\"EntryPoint\",\"urlTemplate\":\"https:\/\/www.senaatti.fi\/yhteiskuntavastuuraportti2019\/?s={search_term_string}\"},\"query-input\":{\"@type\":\"PropertyValueSpecification\",\"valueRequired\":true,\"valueName\":\"search_term_string\"}}],\"inLanguage\":\"en-US\"}]}<\/script>\n<!-- \/ Yoast SEO plugin. -->","yoast_head_json":{"title":"Henkil\u00f6st\u00f6 - 2019 - yhteiskuntavastuuraportti","description":"405 ty\u00f6ntekij\u00e4\u00e4 Keski-ik\u00e4 on 46,2 vuotta Miehi\u00e4 on 54 % ja naisia 46 % 72 %:lla on korkeakoulututkinto 97 % on vakituisessa ty\u00f6suhteessa Kokonaisvaltaista","robots":{"index":"index","follow":"follow","max-snippet":"max-snippet:-1","max-image-preview":"max-image-preview:large","max-video-preview":"max-video-preview:-1"},"canonical":"https:\/\/www.senaatti.fi\/yhteiskuntavastuuraportti2019\/vastuullisuus-senaatissa\/henkilosto\/","og_locale":"en_US","og_type":"article","og_title":"Henkil\u00f6st\u00f6 - 2019 - yhteiskuntavastuuraportti","og_description":"405 ty\u00f6ntekij\u00e4\u00e4 Keski-ik\u00e4 on 46,2 vuotta Miehi\u00e4 on 54 % ja naisia 46 % 72 %:lla on korkeakoulututkinto 97 % on vakituisessa ty\u00f6suhteessa Kokonaisvaltaista","og_url":"https:\/\/www.senaatti.fi\/yhteiskuntavastuuraportti2019\/vastuullisuus-senaatissa\/henkilosto\/","og_site_name":"2019 - yhteiskuntavastuuraportti","article_modified_time":"2020-04-03T13:35:41+00:00","og_image":[{"url":"https:\/\/www.senaatti.fi\/app_ykv_archive\/uploads\/sites\/9\/2020\/04\/Henkilosto_paakuva.jpg"}],"twitter_card":"summary_large_image","twitter_misc":{"Est. reading time":"1 minute"},"schema":{"@context":"https:\/\/schema.org","@graph":[{"@type":"WebPage","@id":"https:\/\/www.senaatti.fi\/yhteiskuntavastuuraportti2019\/vastuullisuus-senaatissa\/henkilosto\/","url":"https:\/\/www.senaatti.fi\/yhteiskuntavastuuraportti2019\/vastuullisuus-senaatissa\/henkilosto\/","name":"Henkil\u00f6st\u00f6 - 2019 - yhteiskuntavastuuraportti","isPartOf":{"@id":"https:\/\/www.senaatti.fi\/yhteiskuntavastuuraportti2019\/#website"},"primaryImageOfPage":{"@id":"https:\/\/www.senaatti.fi\/yhteiskuntavastuuraportti2019\/vastuullisuus-senaatissa\/henkilosto\/#primaryimage"},"image":{"@id":"https:\/\/www.senaatti.fi\/yhteiskuntavastuuraportti2019\/vastuullisuus-senaatissa\/henkilosto\/#primaryimage"},"thumbnailUrl":"https:\/\/www.senaatti.fi\/app_ykv_archive\/uploads\/sites\/9\/2020\/04\/Henkilosto_paakuva.jpg","datePublished":"2018-01-29T11:10:17+00:00","dateModified":"2020-04-03T13:35:41+00:00","description":"405 ty\u00f6ntekij\u00e4\u00e4 Keski-ik\u00e4 on 46,2 vuotta Miehi\u00e4 on 54 % ja naisia 46 % 72 %:lla on korkeakoulututkinto 97 % on vakituisessa ty\u00f6suhteessa Kokonaisvaltaista","breadcrumb":{"@id":"https:\/\/www.senaatti.fi\/yhteiskuntavastuuraportti2019\/vastuullisuus-senaatissa\/henkilosto\/#breadcrumb"},"inLanguage":"en-US","potentialAction":[{"@type":"ReadAction","target":["https:\/\/www.senaatti.fi\/yhteiskuntavastuuraportti2019\/vastuullisuus-senaatissa\/henkilosto\/"]}]},{"@type":"ImageObject","inLanguage":"en-US","@id":"https:\/\/www.senaatti.fi\/yhteiskuntavastuuraportti2019\/vastuullisuus-senaatissa\/henkilosto\/#primaryimage","url":"https:\/\/www.senaatti.fi\/app_ykv_archive\/uploads\/sites\/9\/2020\/04\/Henkilosto_paakuva.jpg","contentUrl":"https:\/\/www.senaatti.fi\/app_ykv_archive\/uploads\/sites\/9\/2020\/04\/Henkilosto_paakuva.jpg"},{"@type":"BreadcrumbList","@id":"https:\/\/www.senaatti.fi\/yhteiskuntavastuuraportti2019\/vastuullisuus-senaatissa\/henkilosto\/#breadcrumb","itemListElement":[{"@type":"ListItem","position":1,"name":"Home","item":"https:\/\/www.senaatti.fi\/yhteiskuntavastuuraportti2019\/"},{"@type":"ListItem","position":2,"name":"Vastuullisuus Senaatissa","item":"https:\/\/www.senaatti.fi\/yhteiskuntavastuuraportti2019\/vastuullisuus-senaatissa\/"},{"@type":"ListItem","position":3,"name":"Henkil\u00f6st\u00f6"}]},{"@type":"WebSite","@id":"https:\/\/www.senaatti.fi\/yhteiskuntavastuuraportti2019\/#website","url":"https:\/\/www.senaatti.fi\/yhteiskuntavastuuraportti2019\/","name":"2019 - yhteiskuntavastuuraportti","description":"","potentialAction":[{"@type":"SearchAction","target":{"@type":"EntryPoint","urlTemplate":"https:\/\/www.senaatti.fi\/yhteiskuntavastuuraportti2019\/?s={search_term_string}"},"query-input":{"@type":"PropertyValueSpecification","valueRequired":true,"valueName":"search_term_string"}}],"inLanguage":"en-US"}]}},"_links":{"self":[{"href":"https:\/\/www.senaatti.fi\/yhteiskuntavastuuraportti2019\/wp-json\/wp\/v2\/pages\/97","targetHints":{"allow":["GET"]}}],"collection":[{"href":"https:\/\/www.senaatti.fi\/yhteiskuntavastuuraportti2019\/wp-json\/wp\/v2\/pages"}],"about":[{"href":"https:\/\/www.senaatti.fi\/yhteiskuntavastuuraportti2019\/wp-json\/wp\/v2\/types\/page"}],"author":[{"embeddable":true,"href":"https:\/\/www.senaatti.fi\/yhteiskuntavastuuraportti2019\/wp-json\/wp\/v2\/users\/11"}],"replies":[{"embeddable":true,"href":"https:\/\/www.senaatti.fi\/yhteiskuntavastuuraportti2019\/wp-json\/wp\/v2\/comments?post=97"}],"version-history":[{"count":13,"href":"https:\/\/www.senaatti.fi\/yhteiskuntavastuuraportti2019\/wp-json\/wp\/v2\/pages\/97\/revisions"}],"predecessor-version":[{"id":3207,"href":"https:\/\/www.senaatti.fi\/yhteiskuntavastuuraportti2019\/wp-json\/wp\/v2\/pages\/97\/revisions\/3207"}],"up":[{"embeddable":true,"href":"https:\/\/www.senaatti.fi\/yhteiskuntavastuuraportti2019\/wp-json\/wp\/v2\/pages\/63"}],"wp:attachment":[{"href":"https:\/\/www.senaatti.fi\/yhteiskuntavastuuraportti2019\/wp-json\/wp\/v2\/media?parent=97"}],"curies":[{"name":"wp","href":"https:\/\/api.w.org\/{rel}","templated":true}]}}