{"id":93,"date":"2018-01-29T11:09:52","date_gmt":"2018-01-29T11:09:52","guid":{"rendered":"https:\/\/www.senaatti.fi\/yhteiskuntavastuuraportti2019\/?page_id=93"},"modified":"2020-04-09T11:04:48","modified_gmt":"2020-04-09T11:04:48","slug":"kestava-rakentaminen","status":"publish","type":"page","link":"https:\/\/www.senaatti.fi\/yhteiskuntavastuuraportti2019\/vastuullisuus-senaatissa\/ymparisto\/kestava-rakentaminen\/","title":{"rendered":"Kest\u00e4v\u00e4 rakentaminen ja kiertotalous"},"content":{"rendered":"<p><img loading=\"lazy\" decoding=\"async\" class=\"alignnone size-full wp-image-3305\" src=\"https:\/\/www.senaatti.fi\/app_ykv_archive\/uploads\/sites\/9\/2020\/04\/Merikasarmi_Markku-Inkeroinen_6013_2200x917px.jpg\" alt=\"\" width=\"2200\" height=\"917\" srcset=\"https:\/\/www.senaatti.fi\/app_ykv_archive\/uploads\/sites\/9\/2020\/04\/Merikasarmi_Markku-Inkeroinen_6013_2200x917px.jpg 2200w, https:\/\/www.senaatti.fi\/app_ykv_archive\/uploads\/sites\/9\/2020\/04\/Merikasarmi_Markku-Inkeroinen_6013_2200x917px-300x125.jpg 300w, https:\/\/www.senaatti.fi\/app_ykv_archive\/uploads\/sites\/9\/2020\/04\/Merikasarmi_Markku-Inkeroinen_6013_2200x917px-1024x427.jpg 1024w, https:\/\/www.senaatti.fi\/app_ykv_archive\/uploads\/sites\/9\/2020\/04\/Merikasarmi_Markku-Inkeroinen_6013_2200x917px-768x320.jpg 768w, https:\/\/www.senaatti.fi\/app_ykv_archive\/uploads\/sites\/9\/2020\/04\/Merikasarmi_Markku-Inkeroinen_6013_2200x917px-1536x640.jpg 1536w, https:\/\/www.senaatti.fi\/app_ykv_archive\/uploads\/sites\/9\/2020\/04\/Merikasarmi_Markku-Inkeroinen_6013_2200x917px-2048x854.jpg 2048w, https:\/\/www.senaatti.fi\/app_ykv_archive\/uploads\/sites\/9\/2020\/04\/Merikasarmi_Markku-Inkeroinen_6013_2200x917px-1600x667.jpg 1600w\" sizes=\"auto, (max-width: 2200px) 100vw, 2200px\" \/><\/p>\n<p>Suomen valtion kunniahimoisena tavoitteena on olla kiertotalouden edell\u00e4k\u00e4vij\u00e4maa vuoteen 2025 menness\u00e4.<\/p>\n<p>Senaatti tukee omilla toimillaan Suomen valtion tavoitteita ja on l\u00e4htenyt edist\u00e4m\u00e4\u00e4n kiertotalouden periaatteita omassa toiminnassaan. Senaatin tavoitteena on nivoa ilmastovaikutusten ja kiertotalousn\u00e4k\u00f6kulmien arviointi osaksi kaikkea p\u00e4\u00e4t\u00f6ksentekoa sek\u00e4\u00a0 toimia kiertotalouden periaatteiden mukaisesti kaikessa toiminnassaan.<\/p>\n<p>Asiaa on l\u00e4hdetty viem\u00e4\u00e4n eteenp\u00e4in pilottihankkeiden kautta. My\u00f6s senaattilaisten osaamiseen on panostettu j\u00e4rjest\u00e4m\u00e4ll\u00e4 kaikille aiheeseen liittyv\u00e4 pakollinen koulutus. Kiertotalouden periaatteita k\u00e4ytiin kertomusvuonna l\u00e4pi my\u00f6s asiakkaiden kanssa Green Office -tilaisuudessa.<\/p>\n<p>&nbsp;<\/p>\n<blockquote><p>Kun uusien rakennusten k\u00e4yt\u00f6n aikainen energiantarve l\u00e4hestyy nollaa, suurimmat p\u00e4\u00e4st\u00f6t seuraavien vuosikymmenien uusista rakennuksista ovat rakennusmateriaaleihin sitoutuneita p\u00e4\u00e4st\u00f6j\u00e4.<\/p><\/blockquote>\n<p>Rakennuksen rakentaminen muodostaa investointivaiheessa merkitt\u00e4v\u00e4n p\u00e4\u00e4st\u00f6kuorman. Rakentamiseen kohdistuvilla p\u00e4\u00e4st\u00f6v\u00e4hennystoimenpiteill\u00e4 on merkitt\u00e4v\u00e4 vaikutus Senaatin hiilineutraalisuustavoitteen saavuttamisessa.<\/p>\n<p>Rakennuksen elinkaaren aikana aiheutuvat p\u00e4\u00e4st\u00f6t eli rakennuksen hiilijalanj\u00e4lki ja rakennustyyppikohtaiset p\u00e4\u00e4st\u00f6rajat on suunniteltu tulevan osaksi rakentamisen s\u00e4\u00e4d\u00f6sohjausta viimeist\u00e4\u00e4n vuonna 2025.<\/p>\n<p>Senaatti on aloittanut varautumisen t\u00e4h\u00e4n pilotoimalla hiilijalanj\u00e4ljen arviointia rakennushankkeissa. Senaatti osallistuu my\u00f6s ymp\u00e4rist\u00f6ministeri\u00f6n k\u00e4ynnist\u00e4m\u00e4\u00e4n kansallisen laskentamenetelm\u00e4n testaukseen. Ensimm\u00e4isess\u00e4 vaiheessa laskelmilla on haettu tuntumaa p\u00e4\u00e4st\u00f6jen nykytasoon sek\u00e4 ymm\u00e4rryst\u00e4 siit\u00e4, mihin kohtiin keskittym\u00e4ll\u00e4 p\u00e4\u00e4st\u00f6j\u00e4 on mahdollista ohjata tulevaisuudessa pienemmiksi.<\/p>\n<p><strong>\u00a0<\/strong><\/p>\n<figure id=\"attachment_3252\" aria-describedby=\"caption-attachment-3252\" style=\"width: 1024px\" class=\"wp-caption alignnone\"><img loading=\"lazy\" decoding=\"async\" class=\"wp-image-3252 size-full\" src=\"https:\/\/www.senaatti.fi\/app_ykv_archive\/uploads\/sites\/9\/2020\/04\/SVK_Ulkokuva_2019-005.jpg\" alt=\"\" width=\"1024\" height=\"768\" srcset=\"https:\/\/www.senaatti.fi\/app_ykv_archive\/uploads\/sites\/9\/2020\/04\/SVK_Ulkokuva_2019-005.jpg 1024w, https:\/\/www.senaatti.fi\/app_ykv_archive\/uploads\/sites\/9\/2020\/04\/SVK_Ulkokuva_2019-005-300x225.jpg 300w, https:\/\/www.senaatti.fi\/app_ykv_archive\/uploads\/sites\/9\/2020\/04\/SVK_Ulkokuva_2019-005-768x576.jpg 768w\" sizes=\"auto, (max-width: 1024px) 100vw, 1024px\" \/><figcaption id=\"caption-attachment-3252\" class=\"wp-caption-text\"><strong>Case: Miten suuri on rakennuksen hiilijalanj\u00e4lki?<\/strong><\/p>\n<p>Senaatti pilotoi kertomusvuonna kolmessa kohteessa hiilijalanj\u00e4ljen laskentaa. Hiilijalanj\u00e4lki kuvaa suunniteltavasta rakennuksesta aiheutuvaa ilmastovaikutusta eli muodostuvia hiilidioksidip\u00e4\u00e4st\u00f6j\u00e4 koko rakennuksen elinkaaren aikana.<\/p>\n<p>Ensimm\u00e4isten arviointien tarkoituksena on ollut ensi sijassa tuottaa tietoa siit\u00e4, mink\u00e4laisissa arvoissa uudisrakennusten hiilijalanj\u00e4lki vaihtelee ja mitk\u00e4 seikat sen muodostumiseen vaikuttavat. Kun tietoa karttuu, voidaan tunnistaa, mist\u00e4 suurimmat vaikutukset tulevat ja mill\u00e4 keinoilla ilmastovaikutusta pystyt\u00e4\u00e4n tehokkaimmin pienent\u00e4m\u00e4\u00e4n. Piloteissa merkitt\u00e4vimmiksi p\u00e4\u00e4st\u00f6l\u00e4hteiksi osoittautuivat l\u00e4mmitysenergia, s\u00e4hk\u00f6n k\u00e4ytt\u00f6, perustukset, alapohjat, v\u00e4lipohjat, ulkosein\u00e4t ja talotekniikka.<\/p>\n<p><a href=\"https:\/\/www.senaatti.fi\/tyoymparisto\/inspiraatio\/artikkeli\/miten-suuri-on-rakennuksen-hiilijalanjalki\/\">Lue tarkemmin artikkelistamme<\/a><\/figcaption><\/figure>\n<h2>Kiertotalouden edist\u00e4minen rakennushankkeissa<\/h2>\n<p>Senaatissa tehtiin vuoden 2019 aikana kiertotaloustiekartta siit\u00e4, mit\u00e4 kiertotalous eri prosesseissa tarkoittaa ja mill\u00e4 toimenpiteill\u00e4 voidaan edist\u00e4\u00e4 muutosta kohti kiertotaloutta. Haaste on suuri ja muutos tulee jatkumaan pitk\u00e4\u00e4n, mutta ensimm\u00e4isi\u00e4 keinoja ja toimenpiteit\u00e4 l\u00e4hdettiin k\u00e4yt\u00e4nn\u00f6ss\u00e4 hakemaan pilottihankkeissa vuoden 2019 aikana.<\/p>\n<blockquote><p>Vuonna 2019 keskityttiin ty\u00f6maiden j\u00e4tteiden lajitteluun sek\u00e4 kierr\u00e4tysmahdollisuuksien ja tavoitteiden kartoittamiseen kiertotalousohjelman mukaisesti.<\/p><\/blockquote>\n<p>Senaatin tavoite on nostaa rakennusj\u00e4tteen kierr\u00e4tysaste 80 %:iin. Joidenkin materiaalien kierr\u00e4tysmahdollisuudet ovat edelleen hyvin rajalliset, ja toisinaan lain minimitavoitteenkin (70%) saavuttaminen vaatii ponnisteluja.<\/p>\n<p>Rakennusj\u00e4tteiden kierr\u00e4tyksen parantamiseen t\u00e4ht\u00e4\u00e4v\u00e4\u00e4 uutta purkukartoitusmenettely\u00e4 (YM, 2019) sovellettiin ja testattiin kahdessa Senaatin kohteessa vuoden 2019 aikana.<\/p>\n<p>Senaatti on ollut mukana my\u00f6s Suomen muovitiekartan toteuttamisessa yhdess\u00e4 ymp\u00e4rist\u00f6ministeri\u00f6n ja muiden yhteisty\u00f6kumppaneiden kanssa.<\/p>\n<blockquote><p>Muovitiekartta t\u00e4ht\u00e4\u00e4 muun muassa muovin fiksuun, s\u00e4\u00e4steli\u00e4\u00e4seen k\u00e4ytt\u00f6\u00f6n, muovin kierr\u00e4tyksen parantamiseen ja muoviroskan hallintaan.<\/p><\/blockquote>\n<p>Muovi on otettu teemaksi muutamassa k\u00e4ynniss\u00e4 olevassa Senaatin rakennushankkeessa.<\/p>\n<p>Kahdessa tilamuutoshankkeessa pilotoitiin kiertotalousperiaatteita. Porvoossa ja Joensuussa meneill\u00e4\u00e4n olevissa hankkeissa on panostettu suunnitteluvaiheessa uuden ratkaisun kehitt\u00e4miseen vanhaa s\u00e4\u00e4st\u00e4en ja jalostaen. Muutost\u00f6iss\u00e4 syntyv\u00e4n j\u00e4tteen m\u00e4\u00e4r\u00e4\u00e4 on pyritty pienent\u00e4m\u00e4\u00e4n tutkimalla mahdollisuuksia saada k\u00e4ytt\u00f6kelpoiset yli j\u00e4\u00e4v\u00e4t rakennusosat ja kalusteet uudelleen k\u00e4ytt\u00f6\u00f6n muualla.<\/p>\n<p>Vuonna 2020 Senaatin omaa toimintaa sek\u00e4 palveluntarjoajia ja urakoitsijoita ohjaamaan tehd\u00e4\u00e4n tilaratkaisujen ja ty\u00f6ymp\u00e4rist\u00f6kehitt\u00e4misen sek\u00e4 rakennuttamisen kiertotalousohjeet. Samalla Senaatti osallistuu Sitran ja Green Building Council Finlandin kiertotalousvalmennukseen pilottihankkeella.<\/p>\n<figure id=\"attachment_2808\" aria-describedby=\"caption-attachment-2808\" style=\"width: 1024px\" class=\"wp-caption alignnone\"><img loading=\"lazy\" decoding=\"async\" class=\"wp-image-2808 size-large\" src=\"https:\/\/www.senaatti.fi\/app_ykv_archive\/uploads\/sites\/9\/2020\/03\/JannePekkaNiininen_MirkkaRekolapaakuva-2200x1467-1024x683.jpg\" alt=\"\" width=\"1024\" height=\"683\" srcset=\"https:\/\/www.senaatti.fi\/app_ykv_archive\/uploads\/sites\/9\/2020\/03\/JannePekkaNiininen_MirkkaRekolapaakuva-2200x1467-1024x683.jpg 1024w, https:\/\/www.senaatti.fi\/app_ykv_archive\/uploads\/sites\/9\/2020\/03\/JannePekkaNiininen_MirkkaRekolapaakuva-2200x1467-300x200.jpg 300w, https:\/\/www.senaatti.fi\/app_ykv_archive\/uploads\/sites\/9\/2020\/03\/JannePekkaNiininen_MirkkaRekolapaakuva-2200x1467-768x512.jpg 768w, https:\/\/www.senaatti.fi\/app_ykv_archive\/uploads\/sites\/9\/2020\/03\/JannePekkaNiininen_MirkkaRekolapaakuva-2200x1467-1536x1024.jpg 1536w, https:\/\/www.senaatti.fi\/app_ykv_archive\/uploads\/sites\/9\/2020\/03\/JannePekkaNiininen_MirkkaRekolapaakuva-2200x1467-2048x1366.jpg 2048w, https:\/\/www.senaatti.fi\/app_ykv_archive\/uploads\/sites\/9\/2020\/03\/JannePekkaNiininen_MirkkaRekolapaakuva-2200x1467-1600x1067.jpg 1600w, https:\/\/www.senaatti.fi\/app_ykv_archive\/uploads\/sites\/9\/2020\/03\/JannePekkaNiininen_MirkkaRekolapaakuva-2200x1467.jpg 2200w\" sizes=\"auto, (max-width: 1024px) 100vw, 1024px\" \/><figcaption id=\"caption-attachment-2808\" class=\"wp-caption-text\"><strong>Case: Tutkimme kiertotalouden mahdollisuuksia Porvoossa<\/strong> <br \/>Haluamme parantaa rakennusmateriaalien kierr\u00e4tyst\u00e4 ja kiinnitt\u00e4\u00e4 huomion siihen, milloin kannattaa s\u00e4ilytt\u00e4\u00e4 ja korjata, milloin taas purkaa. Testaamme uudenlaista l\u00e4hestymistapaa Porvoon virastotalon remontissa, joka on my\u00f6s yksi muovitiekarttapiloteistamme.<\/p>\n<p>\u201dTavoitteena on kiertotalouden periaatteiden mukaisesti suunnitella ja toteuttaa rakennusty\u00f6t niin, ett\u00e4 olemassa olevia rakenteita, rakennusosia, tekniikkaa ja materiaaleja voi s\u00e4ilytt\u00e4\u00e4 ja k\u00e4ytt\u00e4\u00e4 uudelleen\u201d, rakennuttajap\u00e4\u00e4llikk\u00f6mme <strong>Janne-Pekka Niininen sanoo.<\/p>\n<p><a href=\"https:\/\/www.senaatti.fi\/2019\/11\/28\/senaatti-pilotoi-kiertotaloudessa\/\">Lue lis\u00e4\u00e4: Senaatti pilotoi kiertotaloudessa<\/a><\/strong><\/figcaption><\/figure>\n<h2>RTS-ymp\u00e4rist\u00f6luokitus ohjaa kest\u00e4v\u00e4\u00e4 rakentamista<\/h2>\n<p>Vuonna 2019 kolme Senaatin kiinteist\u00f6\u00e4 &#8211; Ateneumin taidemuseo, Hanasaaren kulttuurikeskus ja Senaatin p\u00e4\u00e4toimipaikka Lintulahdenkujalla, saavuttivat ensimm\u00e4isin\u00e4 suomalaisina kiinteist\u00f6in\u00e4 k\u00e4yt\u00f6naikaisen RTS-ymp\u00e4rist\u00f6luokituksen. Lis\u00e4ksi RTS-luokitus my\u00f6nnettiin Musiikkitalolle.<\/p>\n<p>RTS-ymp\u00e4rist\u00f6kriteerit sis\u00e4lt\u00e4v\u00e4n RT-ymp\u00e4rist\u00f6ty\u00f6kalun hy\u00f6dynt\u00e4mist\u00e4 jatkettiin kokonaisvaltaisen kest\u00e4v\u00e4n kehityksen ohjaamiseksi soveltuvissa rakennushankkeissa ja tilamuutoksissa.<\/p>\n<p>Suomalais-ven\u00e4l\u00e4isen koulun uudishanke on ensimm\u00e4isen\u00e4 hankkeena hakemassa auditoitua ymp\u00e4rist\u00f6luokitusta. Kriteerist\u00f6 sis\u00e4lt\u00e4\u00e4 vaatimuksia energiatehokkuudelle, elinkaaren ymp\u00e4rist\u00f6vaikutuksille, sis\u00e4olosuhteille, yll\u00e4pidett\u00e4vyydelle sek\u00e4 kosteuden- ja puhtaudenhallinnalle.<\/p>\n<p>Rakentamisen ymp\u00e4rist\u00f6vaikutusten tunnusluvut perustuvat Senaattin rakennushankkeiden tietokantaan. L\u00e4ht\u00f6kohtaisesti kaikki yli miljoonan euron rakennushankkeet raportoivat kvartaaleittain energian- ja vedenkulutuksestaan, syntyneist\u00e4 j\u00e4tteist\u00e4 sek\u00e4 TR-tuloksista ja tapaturmista. Vuonna 2019 raportoinnin laajuus kattoi uudishankkeet, peruskorjaushankkeet sek\u00e4 tilamuutoshankkeet. Vuoden 2019 aikana oli yhteens\u00e4 14 uudishanketta, 10 korjaushanketta ja 8 tilamuutoshanketta.<\/p>\n<p><a href=\"https:\/\/www.senaatti.fi\/yhteiskuntavastuuraportti2019\/vastuullisuus-senaatissa\/ymparisto\/jatteet-ja-pilaantuneet-maa-alueet\/#purkujatteet\">Lue rakennusty\u00f6maiden j\u00e4tteidenhallinnasta t\u00e4\u00e4lt\u00e4.<\/a><br \/>\n<a href=\"https:\/\/www.senaatti.fi\/yhteiskuntavastuuraportti2019\/vastuullisuus-senaatissa\/vastuulliset-hankinnat\/tyoturvallisuus-rakennustyomailla\/\">Lue rakennusty\u00f6maiden ty\u00f6turvallisuudesta t\u00e4\u00e4lt\u00e4.<\/a><\/p>\n<h2>Rakentamisen energian- ja vedenkulutus sek\u00e4 hiilidioksidip\u00e4\u00e4st\u00f6t<\/h2>\n<p>Rakentamisen kokonaisenergiankulutus Senaatin ty\u00f6mailla vuonna 2019 oli noin 6 917 MWh, josta aiheutui hiilidioksidip\u00e4\u00e4st\u00f6j\u00e4 noin 3 249 tonnia. Kokonaisvedenkulutus ty\u00f6mailla oli noin 3 447 kuutiota. Kulutuslukemat perustuvat ty\u00f6maiden raportoimiin kulutuksiin, mitk\u00e4 voivat perustua laskutustietoon, mittarilukemaan tai arvioon.<\/p>\n<p>Vuonna 2019 tiedonkeruun perusteita on muutettu, joten kulutustiedot eiv\u00e4t ole vertailukelpoisia vuoteen 2018 verrattuna.<\/p>\n","protected":false},"excerpt":{"rendered":"<p>Suomen valtion kunniahimoisena tavoitteena on olla kiertotalouden edell\u00e4k\u00e4vij\u00e4maa vuoteen 2025 menness\u00e4. Senaatti tukee omilla toimillaan Suomen valtion tavoitteita ja on l\u00e4htenyt edist\u00e4m\u00e4\u00e4n kiertotalouden periaatteita omassa toiminnassaan. Senaatin tavoitteena on nivoa ilmastovaikutusten ja kiertotalousn\u00e4k\u00f6kulmien arviointi osaksi kaikkea p\u00e4\u00e4t\u00f6ksentekoa sek\u00e4\u00a0 toimia kiertotalouden periaatteiden mukaisesti kaikessa toiminnassaan. Asiaa on l\u00e4hdetty viem\u00e4\u00e4n eteenp\u00e4in pilottihankkeiden kautta. My\u00f6s senaattilaisten osaamiseen on [&hellip;]<\/p>\n","protected":false},"author":11,"featured_media":0,"parent":81,"menu_order":5,"comment_status":"closed","ping_status":"closed","template":"","meta":{"_acf_changed":false,"footnotes":""},"class_list":["post-93","page","type-page","status-publish","hentry","senaatti_tsdg-vastuullista-kuluttamista","senaatti_tsdg-ihmisarvoista-tyota-ja-talouskasvua","senaatti_tsdg-kestavaa-teollisuutta-innovaatioita-ja-infrastruktuureja"],"acf":[],"yoast_head":"<!-- This site is optimized with the Yoast SEO plugin v23.9 - https:\/\/yoast.com\/wordpress\/plugins\/seo\/ -->\n<title>Kest\u00e4v\u00e4 rakentaminen ja kiertotalous - 2019 - yhteiskuntavastuuraportti<\/title>\n<meta name=\"description\" content=\"Suomen valtion kunniahimoisena tavoitteena on olla kiertotalouden edell\u00e4k\u00e4vij\u00e4maa vuoteen 2025 menness\u00e4. Senaatti tukee omilla toimillaan Suomen valtion\" \/>\n<meta name=\"robots\" content=\"index, follow, max-snippet:-1, max-image-preview:large, max-video-preview:-1\" \/>\n<link rel=\"canonical\" href=\"https:\/\/www.senaatti.fi\/yhteiskuntavastuuraportti2019\/vastuullisuus-senaatissa\/ymparisto\/kestava-rakentaminen\/\" \/>\n<meta property=\"og:locale\" content=\"en_US\" \/>\n<meta property=\"og:type\" content=\"article\" \/>\n<meta property=\"og:title\" content=\"Kest\u00e4v\u00e4 rakentaminen ja kiertotalous - 2019 - yhteiskuntavastuuraportti\" \/>\n<meta property=\"og:description\" content=\"Suomen valtion kunniahimoisena tavoitteena on olla kiertotalouden edell\u00e4k\u00e4vij\u00e4maa vuoteen 2025 menness\u00e4. Senaatti tukee omilla toimillaan Suomen valtion\" \/>\n<meta property=\"og:url\" content=\"https:\/\/www.senaatti.fi\/yhteiskuntavastuuraportti2019\/vastuullisuus-senaatissa\/ymparisto\/kestava-rakentaminen\/\" \/>\n<meta property=\"og:site_name\" content=\"2019 - yhteiskuntavastuuraportti\" \/>\n<meta property=\"article:modified_time\" content=\"2020-04-09T11:04:48+00:00\" \/>\n<meta property=\"og:image\" content=\"https:\/\/www.senaatti.fi\/app_ykv_archive\/uploads\/sites\/9\/2020\/04\/Merikasarmi_Markku-Inkeroinen_6013_2200x917px.jpg\" \/>\n<meta name=\"twitter:card\" content=\"summary_large_image\" \/>\n<meta name=\"twitter:label1\" content=\"Est. reading time\" \/>\n\t<meta name=\"twitter:data1\" content=\"4 minutes\" \/>\n<script type=\"application\/ld+json\" class=\"yoast-schema-graph\">{\"@context\":\"https:\/\/schema.org\",\"@graph\":[{\"@type\":\"WebPage\",\"@id\":\"https:\/\/www.senaatti.fi\/yhteiskuntavastuuraportti2019\/vastuullisuus-senaatissa\/ymparisto\/kestava-rakentaminen\/\",\"url\":\"https:\/\/www.senaatti.fi\/yhteiskuntavastuuraportti2019\/vastuullisuus-senaatissa\/ymparisto\/kestava-rakentaminen\/\",\"name\":\"Kest\u00e4v\u00e4 rakentaminen ja kiertotalous - 2019 - yhteiskuntavastuuraportti\",\"isPartOf\":{\"@id\":\"https:\/\/www.senaatti.fi\/yhteiskuntavastuuraportti2019\/#website\"},\"primaryImageOfPage\":{\"@id\":\"https:\/\/www.senaatti.fi\/yhteiskuntavastuuraportti2019\/vastuullisuus-senaatissa\/ymparisto\/kestava-rakentaminen\/#primaryimage\"},\"image\":{\"@id\":\"https:\/\/www.senaatti.fi\/yhteiskuntavastuuraportti2019\/vastuullisuus-senaatissa\/ymparisto\/kestava-rakentaminen\/#primaryimage\"},\"thumbnailUrl\":\"https:\/\/www.senaatti.fi\/app_ykv_archive\/uploads\/sites\/9\/2020\/04\/Merikasarmi_Markku-Inkeroinen_6013_2200x917px.jpg\",\"datePublished\":\"2018-01-29T11:09:52+00:00\",\"dateModified\":\"2020-04-09T11:04:48+00:00\",\"description\":\"Suomen valtion kunniahimoisena tavoitteena on olla kiertotalouden edell\u00e4k\u00e4vij\u00e4maa vuoteen 2025 menness\u00e4. Senaatti tukee omilla toimillaan Suomen valtion\",\"breadcrumb\":{\"@id\":\"https:\/\/www.senaatti.fi\/yhteiskuntavastuuraportti2019\/vastuullisuus-senaatissa\/ymparisto\/kestava-rakentaminen\/#breadcrumb\"},\"inLanguage\":\"en-US\",\"potentialAction\":[{\"@type\":\"ReadAction\",\"target\":[\"https:\/\/www.senaatti.fi\/yhteiskuntavastuuraportti2019\/vastuullisuus-senaatissa\/ymparisto\/kestava-rakentaminen\/\"]}]},{\"@type\":\"ImageObject\",\"inLanguage\":\"en-US\",\"@id\":\"https:\/\/www.senaatti.fi\/yhteiskuntavastuuraportti2019\/vastuullisuus-senaatissa\/ymparisto\/kestava-rakentaminen\/#primaryimage\",\"url\":\"https:\/\/www.senaatti.fi\/app_ykv_archive\/uploads\/sites\/9\/2020\/04\/Merikasarmi_Markku-Inkeroinen_6013_2200x917px.jpg\",\"contentUrl\":\"https:\/\/www.senaatti.fi\/app_ykv_archive\/uploads\/sites\/9\/2020\/04\/Merikasarmi_Markku-Inkeroinen_6013_2200x917px.jpg\"},{\"@type\":\"BreadcrumbList\",\"@id\":\"https:\/\/www.senaatti.fi\/yhteiskuntavastuuraportti2019\/vastuullisuus-senaatissa\/ymparisto\/kestava-rakentaminen\/#breadcrumb\",\"itemListElement\":[{\"@type\":\"ListItem\",\"position\":1,\"name\":\"Home\",\"item\":\"https:\/\/www.senaatti.fi\/yhteiskuntavastuuraportti2019\/\"},{\"@type\":\"ListItem\",\"position\":2,\"name\":\"Vastuullisuus Senaatissa\",\"item\":\"https:\/\/www.senaatti.fi\/yhteiskuntavastuuraportti2019\/vastuullisuus-senaatissa\/\"},{\"@type\":\"ListItem\",\"position\":3,\"name\":\"Ymp\u00e4rist\u00f6\",\"item\":\"https:\/\/www.senaatti.fi\/yhteiskuntavastuuraportti2019\/vastuullisuus-senaatissa\/ymparisto\/\"},{\"@type\":\"ListItem\",\"position\":4,\"name\":\"Kest\u00e4v\u00e4 rakentaminen ja kiertotalous\"}]},{\"@type\":\"WebSite\",\"@id\":\"https:\/\/www.senaatti.fi\/yhteiskuntavastuuraportti2019\/#website\",\"url\":\"https:\/\/www.senaatti.fi\/yhteiskuntavastuuraportti2019\/\",\"name\":\"2019 - yhteiskuntavastuuraportti\",\"description\":\"\",\"potentialAction\":[{\"@type\":\"SearchAction\",\"target\":{\"@type\":\"EntryPoint\",\"urlTemplate\":\"https:\/\/www.senaatti.fi\/yhteiskuntavastuuraportti2019\/?s={search_term_string}\"},\"query-input\":{\"@type\":\"PropertyValueSpecification\",\"valueRequired\":true,\"valueName\":\"search_term_string\"}}],\"inLanguage\":\"en-US\"}]}<\/script>\n<!-- \/ Yoast SEO plugin. -->","yoast_head_json":{"title":"Kest\u00e4v\u00e4 rakentaminen ja kiertotalous - 2019 - yhteiskuntavastuuraportti","description":"Suomen valtion kunniahimoisena tavoitteena on olla kiertotalouden edell\u00e4k\u00e4vij\u00e4maa vuoteen 2025 menness\u00e4. Senaatti tukee omilla toimillaan Suomen valtion","robots":{"index":"index","follow":"follow","max-snippet":"max-snippet:-1","max-image-preview":"max-image-preview:large","max-video-preview":"max-video-preview:-1"},"canonical":"https:\/\/www.senaatti.fi\/yhteiskuntavastuuraportti2019\/vastuullisuus-senaatissa\/ymparisto\/kestava-rakentaminen\/","og_locale":"en_US","og_type":"article","og_title":"Kest\u00e4v\u00e4 rakentaminen ja kiertotalous - 2019 - yhteiskuntavastuuraportti","og_description":"Suomen valtion kunniahimoisena tavoitteena on olla kiertotalouden edell\u00e4k\u00e4vij\u00e4maa vuoteen 2025 menness\u00e4. Senaatti tukee omilla toimillaan Suomen valtion","og_url":"https:\/\/www.senaatti.fi\/yhteiskuntavastuuraportti2019\/vastuullisuus-senaatissa\/ymparisto\/kestava-rakentaminen\/","og_site_name":"2019 - yhteiskuntavastuuraportti","article_modified_time":"2020-04-09T11:04:48+00:00","og_image":[{"url":"https:\/\/www.senaatti.fi\/app_ykv_archive\/uploads\/sites\/9\/2020\/04\/Merikasarmi_Markku-Inkeroinen_6013_2200x917px.jpg"}],"twitter_card":"summary_large_image","twitter_misc":{"Est. reading time":"4 minutes"},"schema":{"@context":"https:\/\/schema.org","@graph":[{"@type":"WebPage","@id":"https:\/\/www.senaatti.fi\/yhteiskuntavastuuraportti2019\/vastuullisuus-senaatissa\/ymparisto\/kestava-rakentaminen\/","url":"https:\/\/www.senaatti.fi\/yhteiskuntavastuuraportti2019\/vastuullisuus-senaatissa\/ymparisto\/kestava-rakentaminen\/","name":"Kest\u00e4v\u00e4 rakentaminen ja kiertotalous - 2019 - yhteiskuntavastuuraportti","isPartOf":{"@id":"https:\/\/www.senaatti.fi\/yhteiskuntavastuuraportti2019\/#website"},"primaryImageOfPage":{"@id":"https:\/\/www.senaatti.fi\/yhteiskuntavastuuraportti2019\/vastuullisuus-senaatissa\/ymparisto\/kestava-rakentaminen\/#primaryimage"},"image":{"@id":"https:\/\/www.senaatti.fi\/yhteiskuntavastuuraportti2019\/vastuullisuus-senaatissa\/ymparisto\/kestava-rakentaminen\/#primaryimage"},"thumbnailUrl":"https:\/\/www.senaatti.fi\/app_ykv_archive\/uploads\/sites\/9\/2020\/04\/Merikasarmi_Markku-Inkeroinen_6013_2200x917px.jpg","datePublished":"2018-01-29T11:09:52+00:00","dateModified":"2020-04-09T11:04:48+00:00","description":"Suomen valtion kunniahimoisena tavoitteena on olla kiertotalouden edell\u00e4k\u00e4vij\u00e4maa vuoteen 2025 menness\u00e4. Senaatti tukee omilla toimillaan Suomen valtion","breadcrumb":{"@id":"https:\/\/www.senaatti.fi\/yhteiskuntavastuuraportti2019\/vastuullisuus-senaatissa\/ymparisto\/kestava-rakentaminen\/#breadcrumb"},"inLanguage":"en-US","potentialAction":[{"@type":"ReadAction","target":["https:\/\/www.senaatti.fi\/yhteiskuntavastuuraportti2019\/vastuullisuus-senaatissa\/ymparisto\/kestava-rakentaminen\/"]}]},{"@type":"ImageObject","inLanguage":"en-US","@id":"https:\/\/www.senaatti.fi\/yhteiskuntavastuuraportti2019\/vastuullisuus-senaatissa\/ymparisto\/kestava-rakentaminen\/#primaryimage","url":"https:\/\/www.senaatti.fi\/app_ykv_archive\/uploads\/sites\/9\/2020\/04\/Merikasarmi_Markku-Inkeroinen_6013_2200x917px.jpg","contentUrl":"https:\/\/www.senaatti.fi\/app_ykv_archive\/uploads\/sites\/9\/2020\/04\/Merikasarmi_Markku-Inkeroinen_6013_2200x917px.jpg"},{"@type":"BreadcrumbList","@id":"https:\/\/www.senaatti.fi\/yhteiskuntavastuuraportti2019\/vastuullisuus-senaatissa\/ymparisto\/kestava-rakentaminen\/#breadcrumb","itemListElement":[{"@type":"ListItem","position":1,"name":"Home","item":"https:\/\/www.senaatti.fi\/yhteiskuntavastuuraportti2019\/"},{"@type":"ListItem","position":2,"name":"Vastuullisuus Senaatissa","item":"https:\/\/www.senaatti.fi\/yhteiskuntavastuuraportti2019\/vastuullisuus-senaatissa\/"},{"@type":"ListItem","position":3,"name":"Ymp\u00e4rist\u00f6","item":"https:\/\/www.senaatti.fi\/yhteiskuntavastuuraportti2019\/vastuullisuus-senaatissa\/ymparisto\/"},{"@type":"ListItem","position":4,"name":"Kest\u00e4v\u00e4 rakentaminen ja kiertotalous"}]},{"@type":"WebSite","@id":"https:\/\/www.senaatti.fi\/yhteiskuntavastuuraportti2019\/#website","url":"https:\/\/www.senaatti.fi\/yhteiskuntavastuuraportti2019\/","name":"2019 - yhteiskuntavastuuraportti","description":"","potentialAction":[{"@type":"SearchAction","target":{"@type":"EntryPoint","urlTemplate":"https:\/\/www.senaatti.fi\/yhteiskuntavastuuraportti2019\/?s={search_term_string}"},"query-input":{"@type":"PropertyValueSpecification","valueRequired":true,"valueName":"search_term_string"}}],"inLanguage":"en-US"}]}},"_links":{"self":[{"href":"https:\/\/www.senaatti.fi\/yhteiskuntavastuuraportti2019\/wp-json\/wp\/v2\/pages\/93","targetHints":{"allow":["GET"]}}],"collection":[{"href":"https:\/\/www.senaatti.fi\/yhteiskuntavastuuraportti2019\/wp-json\/wp\/v2\/pages"}],"about":[{"href":"https:\/\/www.senaatti.fi\/yhteiskuntavastuuraportti2019\/wp-json\/wp\/v2\/types\/page"}],"author":[{"embeddable":true,"href":"https:\/\/www.senaatti.fi\/yhteiskuntavastuuraportti2019\/wp-json\/wp\/v2\/users\/11"}],"replies":[{"embeddable":true,"href":"https:\/\/www.senaatti.fi\/yhteiskuntavastuuraportti2019\/wp-json\/wp\/v2\/comments?post=93"}],"version-history":[{"count":14,"href":"https:\/\/www.senaatti.fi\/yhteiskuntavastuuraportti2019\/wp-json\/wp\/v2\/pages\/93\/revisions"}],"predecessor-version":[{"id":3306,"href":"https:\/\/www.senaatti.fi\/yhteiskuntavastuuraportti2019\/wp-json\/wp\/v2\/pages\/93\/revisions\/3306"}],"up":[{"embeddable":true,"href":"https:\/\/www.senaatti.fi\/yhteiskuntavastuuraportti2019\/wp-json\/wp\/v2\/pages\/81"}],"wp:attachment":[{"href":"https:\/\/www.senaatti.fi\/yhteiskuntavastuuraportti2019\/wp-json\/wp\/v2\/media?parent=93"}],"curies":[{"name":"wp","href":"https:\/\/api.w.org\/{rel}","templated":true}]}}