{"id":81,"date":"2018-01-29T11:08:32","date_gmt":"2018-01-29T11:08:32","guid":{"rendered":"https:\/\/www.senaatti.fi\/yhteiskuntavastuuraportti2019\/?page_id=81"},"modified":"2020-04-03T10:06:47","modified_gmt":"2020-04-03T10:06:47","slug":"ymparisto","status":"publish","type":"page","link":"https:\/\/www.senaatti.fi\/yhteiskuntavastuuraportti2019\/vastuullisuus-senaatissa\/ymparisto\/","title":{"rendered":"Ymp\u00e4rist\u00f6"},"content":{"rendered":"<p><img loading=\"lazy\" decoding=\"async\" class=\"alignnone size-full wp-image-3131\" src=\"https:\/\/www.senaatti.fi\/app_ykv_archive\/uploads\/sites\/9\/2020\/04\/Hylkysaari_Elina_Manninen_vain_artikkeli_768.jpg\" alt=\"\" width=\"768\" height=\"512\" srcset=\"https:\/\/www.senaatti.fi\/app_ykv_archive\/uploads\/sites\/9\/2020\/04\/Hylkysaari_Elina_Manninen_vain_artikkeli_768.jpg 768w, https:\/\/www.senaatti.fi\/app_ykv_archive\/uploads\/sites\/9\/2020\/04\/Hylkysaari_Elina_Manninen_vain_artikkeli_768-300x200.jpg 300w\" sizes=\"auto, (max-width: 768px) 100vw, 768px\" \/><\/p>\n<p>Suomessa rakennetulla ymp\u00e4rist\u00f6ll\u00e4 on merkitt\u00e4v\u00e4 yhteiskunnallinen vaikutus, se aiheuttaa l\u00e4hes 40 % yhteiskunnassa syntyvist\u00e4 p\u00e4\u00e4st\u00f6ist\u00e4, tuottaa 50 % j\u00e4tteist\u00e4 ja sen osuus kokonaisenergiankulutuksesta on yli 40 %.<\/p>\n<p>Osana m\u00e4\u00e4r\u00e4tietoista ja aktiivista ymp\u00e4rist\u00f6- ja yhteiskuntavastuuty\u00f6t\u00e4\u00e4n, Senaatti on sitoutunut toimiin ilmastonmuutoksen hillitsemiseksi ja asettanut toiminnalleen pitk\u00e4n aikav\u00e4lin hiilineutraalisuustavoitteen. Tavoitteena on saavuttaa hiilineutraalisuus valtion omistamissa kiinteist\u00f6iss\u00e4 vuoteen 2035 menness\u00e4.<\/p>\n<p>Merkitt\u00e4v\u00e4 osuus Suomen valtionhallinnon hiilidioksidip\u00e4\u00e4st\u00f6ist\u00e4 syntyy rakennuksissa, joita Senaatti hallinnoi. Senaatin toimilla on merkitt\u00e4v\u00e4 vaikutus sek\u00e4 Suomen valtion hiilikuorman pienent\u00e4misess\u00e4 ett\u00e4 esimerkillisten kiinteist\u00f6- ja rakennusalan ymp\u00e4rist\u00f6ratkaisujen edist\u00e4misess\u00e4 my\u00f6s muiden kiinteist\u00f6toimijoiden ja palveluntuottajien k\u00e4yt\u00e4nt\u00f6ihin.<\/p>\n<p>Ilmastonmuutoksen hillinn\u00e4n ja hiilineutraalisuuteen pyrkimisen lis\u00e4ksi Senaatti on tunnistanut olennaisiksi ymp\u00e4rist\u00f6n\u00e4k\u00f6kohdiksi ja ymp\u00e4rist\u00f6ty\u00f6n painopistealueiksi elinkaariajattelun kiinteist\u00f6jen yll\u00e4pidossa ja rakentamisessa, tilojen tehokkaan ja optimaalisen k\u00e4yt\u00f6n, kest\u00e4v\u00e4n kehityksen huomioimisen kattavasti hankinnoissa, sek\u00e4 kiertotalouden edist\u00e4misen ja j\u00e4tteiden lajittelun virastotaloissa ja toimipaikoissa.<\/p>\n<p>N\u00e4iden painopistealueiden lis\u00e4ksi Senaatti jatkaa pitk\u00e4j\u00e4nteist\u00e4 ja esimerkillist\u00e4 ty\u00f6t\u00e4 muun muassa luonnon monimuotoisuuden ja rakennetun kulttuuriymp\u00e4rist\u00f6n turvaamiseksi, pilaantuneiden maa-alueiden kunnostamiseksi ja kest\u00e4vien rakennusmateriaalien k\u00e4yt\u00f6n edist\u00e4miseksi.<\/p>\n<blockquote><p>Senaatin vuoden 2019 merkitt\u00e4vimm\u00e4t ymp\u00e4rist\u00f6toimet sis\u00e4lsiv\u00e4t muun muassa uuden aurinkos\u00e4hk\u00f6ohjelman valmistelun sek\u00e4 kiertotalousohjelman ja -koulutuksen suunnittelun ja m\u00e4\u00e4ritt\u00e4misen.<\/p><\/blockquote>\n<p>Vuonna 2019 kolme Senaatin kiinteist\u00f6\u00e4 &#8211; Ateneumin taidemuseo, Hanasaaren kulttuurikeskus ja Senaatin p\u00e4\u00e4toimipaikka Lintulahdenkujalla, saavuttivat ensimm\u00e4isin\u00e4 suomalaisina kiinteist\u00f6in\u00e4 k\u00e4yt\u00f6naikaisen RTS-ymp\u00e4rist\u00f6luokituksen. Lis\u00e4ksi RTS-luokitus my\u00f6nnettiin Musiikkitalolle.<\/p>\n<p>Vuonna 2020 Senaatti tulee yhteiskuntavastuuty\u00f6ss\u00e4\u00e4n ensisijaisesti keskittym\u00e4\u00e4n toimintansa hiilineutraalisuustiekartan luomiseen, henkil\u00f6st\u00f6n kiertotalouskoulutuksien toteuttamiseen sek\u00e4 ilmastonmuutokseen ja kiertotalouteen liittyvien toimien m\u00e4\u00e4ritt\u00e4miseen palveluntuottajille.<\/p>\n<figure id=\"attachment_3174\" aria-describedby=\"caption-attachment-3174\" style=\"width: 766px\" class=\"wp-caption alignnone\"><img loading=\"lazy\" decoding=\"async\" class=\"wp-image-3174 size-full\" src=\"https:\/\/www.senaatti.fi\/app_ykv_archive\/uploads\/sites\/9\/2020\/04\/Aurinkopaneeli_katolla-1.jpg\" alt=\"\" width=\"766\" height=\"574\" srcset=\"https:\/\/www.senaatti.fi\/app_ykv_archive\/uploads\/sites\/9\/2020\/04\/Aurinkopaneeli_katolla-1.jpg 766w, https:\/\/www.senaatti.fi\/app_ykv_archive\/uploads\/sites\/9\/2020\/04\/Aurinkopaneeli_katolla-1-300x225.jpg 300w\" sizes=\"auto, (max-width: 766px) 100vw, 766px\" \/><figcaption id=\"caption-attachment-3174\" class=\"wp-caption-text\"><strong>Case: Senaatti ottaa ison harppauksen aurinkos\u00e4hk\u00f6n tuotannossa<\/strong><br \/>Senaatti-kiinteist\u00f6t p\u00e4\u00e4tti kertomusvuonna k\u00e4ynnist\u00e4\u00e4 aurinko-ohjelman ja kasvattaa aurinkos\u00e4hk\u00f6n tuotantoa seuraavina vuosina 20-kertaiseksi nykytasosta. Tavoitteena on hankkia vuoteen 2022 menness\u00e4 noin 50 uutta aurinkovoimalaa. <\/p>\n<p><a href=\"https:\/\/www.senaatti.fi\/2019\/09\/26\/senaatti-ottaa-ison-harppauksen-aurinkosahkon-tuotannossa\/\">Lue lis\u00e4\u00e4 <span class=\"sr-only\">aurinkos\u00e4hk\u00f6n tuotannosta<\/span><\/a><\/figcaption><\/figure>\n","protected":false},"excerpt":{"rendered":"<p>Suomessa rakennetulla ymp\u00e4rist\u00f6ll\u00e4 on merkitt\u00e4v\u00e4 yhteiskunnallinen vaikutus, se aiheuttaa l\u00e4hes 40 % yhteiskunnassa syntyvist\u00e4 p\u00e4\u00e4st\u00f6ist\u00e4, tuottaa 50 % j\u00e4tteist\u00e4 ja sen osuus kokonaisenergiankulutuksesta on yli 40 %. Osana m\u00e4\u00e4r\u00e4tietoista ja aktiivista ymp\u00e4rist\u00f6- ja yhteiskuntavastuuty\u00f6t\u00e4\u00e4n, Senaatti on sitoutunut toimiin ilmastonmuutoksen hillitsemiseksi ja asettanut toiminnalleen pitk\u00e4n aikav\u00e4lin hiilineutraalisuustavoitteen. Tavoitteena on saavuttaa hiilineutraalisuus valtion omistamissa kiinteist\u00f6iss\u00e4 vuoteen 2035 [&hellip;]<\/p>\n","protected":false},"author":11,"featured_media":0,"parent":63,"menu_order":3,"comment_status":"closed","ping_status":"closed","template":"","meta":{"_acf_changed":false,"footnotes":""},"class_list":["post-81","page","type-page","status-publish","hentry"],"acf":[],"yoast_head":"<!-- This site is optimized with the Yoast SEO plugin v23.9 - https:\/\/yoast.com\/wordpress\/plugins\/seo\/ -->\n<title>Ymp\u00e4rist\u00f6 - 2019 - yhteiskuntavastuuraportti<\/title>\n<meta name=\"description\" content=\"Suomessa rakennetulla ymp\u00e4rist\u00f6ll\u00e4 on merkitt\u00e4v\u00e4 yhteiskunnallinen vaikutus, se aiheuttaa l\u00e4hes 40 % yhteiskunnassa syntyvist\u00e4 p\u00e4\u00e4st\u00f6ist\u00e4, tuottaa 50 %\" \/>\n<meta name=\"robots\" content=\"index, follow, max-snippet:-1, max-image-preview:large, max-video-preview:-1\" \/>\n<link rel=\"canonical\" href=\"https:\/\/www.senaatti.fi\/yhteiskuntavastuuraportti2019\/vastuullisuus-senaatissa\/ymparisto\/\" \/>\n<meta property=\"og:locale\" content=\"en_US\" \/>\n<meta property=\"og:type\" content=\"article\" \/>\n<meta property=\"og:title\" content=\"Ymp\u00e4rist\u00f6 - 2019 - yhteiskuntavastuuraportti\" \/>\n<meta property=\"og:description\" content=\"Suomessa rakennetulla ymp\u00e4rist\u00f6ll\u00e4 on merkitt\u00e4v\u00e4 yhteiskunnallinen vaikutus, se aiheuttaa l\u00e4hes 40 % yhteiskunnassa syntyvist\u00e4 p\u00e4\u00e4st\u00f6ist\u00e4, tuottaa 50 %\" \/>\n<meta property=\"og:url\" content=\"https:\/\/www.senaatti.fi\/yhteiskuntavastuuraportti2019\/vastuullisuus-senaatissa\/ymparisto\/\" \/>\n<meta property=\"og:site_name\" content=\"2019 - yhteiskuntavastuuraportti\" \/>\n<meta property=\"article:modified_time\" content=\"2020-04-03T10:06:47+00:00\" \/>\n<meta property=\"og:image\" content=\"https:\/\/www.senaatti.fi\/app_ykv_archive\/uploads\/sites\/9\/2020\/04\/Hylkysaari_Elina_Manninen_vain_artikkeli_768.jpg\" \/>\n<meta name=\"twitter:card\" content=\"summary_large_image\" \/>\n<meta name=\"twitter:label1\" content=\"Est. reading time\" \/>\n\t<meta name=\"twitter:data1\" content=\"2 minutes\" \/>\n<script type=\"application\/ld+json\" class=\"yoast-schema-graph\">{\"@context\":\"https:\/\/schema.org\",\"@graph\":[{\"@type\":\"WebPage\",\"@id\":\"https:\/\/www.senaatti.fi\/yhteiskuntavastuuraportti2019\/vastuullisuus-senaatissa\/ymparisto\/\",\"url\":\"https:\/\/www.senaatti.fi\/yhteiskuntavastuuraportti2019\/vastuullisuus-senaatissa\/ymparisto\/\",\"name\":\"Ymp\u00e4rist\u00f6 - 2019 - yhteiskuntavastuuraportti\",\"isPartOf\":{\"@id\":\"https:\/\/www.senaatti.fi\/yhteiskuntavastuuraportti2019\/#website\"},\"primaryImageOfPage\":{\"@id\":\"https:\/\/www.senaatti.fi\/yhteiskuntavastuuraportti2019\/vastuullisuus-senaatissa\/ymparisto\/#primaryimage\"},\"image\":{\"@id\":\"https:\/\/www.senaatti.fi\/yhteiskuntavastuuraportti2019\/vastuullisuus-senaatissa\/ymparisto\/#primaryimage\"},\"thumbnailUrl\":\"https:\/\/www.senaatti.fi\/app_ykv_archive\/uploads\/sites\/9\/2020\/04\/Hylkysaari_Elina_Manninen_vain_artikkeli_768.jpg\",\"datePublished\":\"2018-01-29T11:08:32+00:00\",\"dateModified\":\"2020-04-03T10:06:47+00:00\",\"description\":\"Suomessa rakennetulla ymp\u00e4rist\u00f6ll\u00e4 on merkitt\u00e4v\u00e4 yhteiskunnallinen vaikutus, se aiheuttaa l\u00e4hes 40 % yhteiskunnassa syntyvist\u00e4 p\u00e4\u00e4st\u00f6ist\u00e4, tuottaa 50 %\",\"breadcrumb\":{\"@id\":\"https:\/\/www.senaatti.fi\/yhteiskuntavastuuraportti2019\/vastuullisuus-senaatissa\/ymparisto\/#breadcrumb\"},\"inLanguage\":\"en-US\",\"potentialAction\":[{\"@type\":\"ReadAction\",\"target\":[\"https:\/\/www.senaatti.fi\/yhteiskuntavastuuraportti2019\/vastuullisuus-senaatissa\/ymparisto\/\"]}]},{\"@type\":\"ImageObject\",\"inLanguage\":\"en-US\",\"@id\":\"https:\/\/www.senaatti.fi\/yhteiskuntavastuuraportti2019\/vastuullisuus-senaatissa\/ymparisto\/#primaryimage\",\"url\":\"https:\/\/www.senaatti.fi\/app_ykv_archive\/uploads\/sites\/9\/2020\/04\/Hylkysaari_Elina_Manninen_vain_artikkeli_768.jpg\",\"contentUrl\":\"https:\/\/www.senaatti.fi\/app_ykv_archive\/uploads\/sites\/9\/2020\/04\/Hylkysaari_Elina_Manninen_vain_artikkeli_768.jpg\"},{\"@type\":\"BreadcrumbList\",\"@id\":\"https:\/\/www.senaatti.fi\/yhteiskuntavastuuraportti2019\/vastuullisuus-senaatissa\/ymparisto\/#breadcrumb\",\"itemListElement\":[{\"@type\":\"ListItem\",\"position\":1,\"name\":\"Home\",\"item\":\"https:\/\/www.senaatti.fi\/yhteiskuntavastuuraportti2019\/\"},{\"@type\":\"ListItem\",\"position\":2,\"name\":\"Vastuullisuus Senaatissa\",\"item\":\"https:\/\/www.senaatti.fi\/yhteiskuntavastuuraportti2019\/vastuullisuus-senaatissa\/\"},{\"@type\":\"ListItem\",\"position\":3,\"name\":\"Ymp\u00e4rist\u00f6\"}]},{\"@type\":\"WebSite\",\"@id\":\"https:\/\/www.senaatti.fi\/yhteiskuntavastuuraportti2019\/#website\",\"url\":\"https:\/\/www.senaatti.fi\/yhteiskuntavastuuraportti2019\/\",\"name\":\"2019 - yhteiskuntavastuuraportti\",\"description\":\"\",\"potentialAction\":[{\"@type\":\"SearchAction\",\"target\":{\"@type\":\"EntryPoint\",\"urlTemplate\":\"https:\/\/www.senaatti.fi\/yhteiskuntavastuuraportti2019\/?s={search_term_string}\"},\"query-input\":{\"@type\":\"PropertyValueSpecification\",\"valueRequired\":true,\"valueName\":\"search_term_string\"}}],\"inLanguage\":\"en-US\"}]}<\/script>\n<!-- \/ Yoast SEO plugin. -->","yoast_head_json":{"title":"Ymp\u00e4rist\u00f6 - 2019 - yhteiskuntavastuuraportti","description":"Suomessa rakennetulla ymp\u00e4rist\u00f6ll\u00e4 on merkitt\u00e4v\u00e4 yhteiskunnallinen vaikutus, se aiheuttaa l\u00e4hes 40 % yhteiskunnassa syntyvist\u00e4 p\u00e4\u00e4st\u00f6ist\u00e4, tuottaa 50 %","robots":{"index":"index","follow":"follow","max-snippet":"max-snippet:-1","max-image-preview":"max-image-preview:large","max-video-preview":"max-video-preview:-1"},"canonical":"https:\/\/www.senaatti.fi\/yhteiskuntavastuuraportti2019\/vastuullisuus-senaatissa\/ymparisto\/","og_locale":"en_US","og_type":"article","og_title":"Ymp\u00e4rist\u00f6 - 2019 - yhteiskuntavastuuraportti","og_description":"Suomessa rakennetulla ymp\u00e4rist\u00f6ll\u00e4 on merkitt\u00e4v\u00e4 yhteiskunnallinen vaikutus, se aiheuttaa l\u00e4hes 40 % yhteiskunnassa syntyvist\u00e4 p\u00e4\u00e4st\u00f6ist\u00e4, tuottaa 50 %","og_url":"https:\/\/www.senaatti.fi\/yhteiskuntavastuuraportti2019\/vastuullisuus-senaatissa\/ymparisto\/","og_site_name":"2019 - yhteiskuntavastuuraportti","article_modified_time":"2020-04-03T10:06:47+00:00","og_image":[{"url":"https:\/\/www.senaatti.fi\/app_ykv_archive\/uploads\/sites\/9\/2020\/04\/Hylkysaari_Elina_Manninen_vain_artikkeli_768.jpg"}],"twitter_card":"summary_large_image","twitter_misc":{"Est. reading time":"2 minutes"},"schema":{"@context":"https:\/\/schema.org","@graph":[{"@type":"WebPage","@id":"https:\/\/www.senaatti.fi\/yhteiskuntavastuuraportti2019\/vastuullisuus-senaatissa\/ymparisto\/","url":"https:\/\/www.senaatti.fi\/yhteiskuntavastuuraportti2019\/vastuullisuus-senaatissa\/ymparisto\/","name":"Ymp\u00e4rist\u00f6 - 2019 - yhteiskuntavastuuraportti","isPartOf":{"@id":"https:\/\/www.senaatti.fi\/yhteiskuntavastuuraportti2019\/#website"},"primaryImageOfPage":{"@id":"https:\/\/www.senaatti.fi\/yhteiskuntavastuuraportti2019\/vastuullisuus-senaatissa\/ymparisto\/#primaryimage"},"image":{"@id":"https:\/\/www.senaatti.fi\/yhteiskuntavastuuraportti2019\/vastuullisuus-senaatissa\/ymparisto\/#primaryimage"},"thumbnailUrl":"https:\/\/www.senaatti.fi\/app_ykv_archive\/uploads\/sites\/9\/2020\/04\/Hylkysaari_Elina_Manninen_vain_artikkeli_768.jpg","datePublished":"2018-01-29T11:08:32+00:00","dateModified":"2020-04-03T10:06:47+00:00","description":"Suomessa rakennetulla ymp\u00e4rist\u00f6ll\u00e4 on merkitt\u00e4v\u00e4 yhteiskunnallinen vaikutus, se aiheuttaa l\u00e4hes 40 % yhteiskunnassa syntyvist\u00e4 p\u00e4\u00e4st\u00f6ist\u00e4, tuottaa 50 %","breadcrumb":{"@id":"https:\/\/www.senaatti.fi\/yhteiskuntavastuuraportti2019\/vastuullisuus-senaatissa\/ymparisto\/#breadcrumb"},"inLanguage":"en-US","potentialAction":[{"@type":"ReadAction","target":["https:\/\/www.senaatti.fi\/yhteiskuntavastuuraportti2019\/vastuullisuus-senaatissa\/ymparisto\/"]}]},{"@type":"ImageObject","inLanguage":"en-US","@id":"https:\/\/www.senaatti.fi\/yhteiskuntavastuuraportti2019\/vastuullisuus-senaatissa\/ymparisto\/#primaryimage","url":"https:\/\/www.senaatti.fi\/app_ykv_archive\/uploads\/sites\/9\/2020\/04\/Hylkysaari_Elina_Manninen_vain_artikkeli_768.jpg","contentUrl":"https:\/\/www.senaatti.fi\/app_ykv_archive\/uploads\/sites\/9\/2020\/04\/Hylkysaari_Elina_Manninen_vain_artikkeli_768.jpg"},{"@type":"BreadcrumbList","@id":"https:\/\/www.senaatti.fi\/yhteiskuntavastuuraportti2019\/vastuullisuus-senaatissa\/ymparisto\/#breadcrumb","itemListElement":[{"@type":"ListItem","position":1,"name":"Home","item":"https:\/\/www.senaatti.fi\/yhteiskuntavastuuraportti2019\/"},{"@type":"ListItem","position":2,"name":"Vastuullisuus Senaatissa","item":"https:\/\/www.senaatti.fi\/yhteiskuntavastuuraportti2019\/vastuullisuus-senaatissa\/"},{"@type":"ListItem","position":3,"name":"Ymp\u00e4rist\u00f6"}]},{"@type":"WebSite","@id":"https:\/\/www.senaatti.fi\/yhteiskuntavastuuraportti2019\/#website","url":"https:\/\/www.senaatti.fi\/yhteiskuntavastuuraportti2019\/","name":"2019 - yhteiskuntavastuuraportti","description":"","potentialAction":[{"@type":"SearchAction","target":{"@type":"EntryPoint","urlTemplate":"https:\/\/www.senaatti.fi\/yhteiskuntavastuuraportti2019\/?s={search_term_string}"},"query-input":{"@type":"PropertyValueSpecification","valueRequired":true,"valueName":"search_term_string"}}],"inLanguage":"en-US"}]}},"_links":{"self":[{"href":"https:\/\/www.senaatti.fi\/yhteiskuntavastuuraportti2019\/wp-json\/wp\/v2\/pages\/81","targetHints":{"allow":["GET"]}}],"collection":[{"href":"https:\/\/www.senaatti.fi\/yhteiskuntavastuuraportti2019\/wp-json\/wp\/v2\/pages"}],"about":[{"href":"https:\/\/www.senaatti.fi\/yhteiskuntavastuuraportti2019\/wp-json\/wp\/v2\/types\/page"}],"author":[{"embeddable":true,"href":"https:\/\/www.senaatti.fi\/yhteiskuntavastuuraportti2019\/wp-json\/wp\/v2\/users\/11"}],"replies":[{"embeddable":true,"href":"https:\/\/www.senaatti.fi\/yhteiskuntavastuuraportti2019\/wp-json\/wp\/v2\/comments?post=81"}],"version-history":[{"count":13,"href":"https:\/\/www.senaatti.fi\/yhteiskuntavastuuraportti2019\/wp-json\/wp\/v2\/pages\/81\/revisions"}],"predecessor-version":[{"id":3176,"href":"https:\/\/www.senaatti.fi\/yhteiskuntavastuuraportti2019\/wp-json\/wp\/v2\/pages\/81\/revisions\/3176"}],"up":[{"embeddable":true,"href":"https:\/\/www.senaatti.fi\/yhteiskuntavastuuraportti2019\/wp-json\/wp\/v2\/pages\/63"}],"wp:attachment":[{"href":"https:\/\/www.senaatti.fi\/yhteiskuntavastuuraportti2019\/wp-json\/wp\/v2\/media?parent=81"}],"curies":[{"name":"wp","href":"https:\/\/api.w.org\/{rel}","templated":true}]}}