{"id":79,"date":"2018-01-29T11:08:20","date_gmt":"2018-01-29T11:08:20","guid":{"rendered":"https:\/\/www.senaatti.fi\/yhteiskuntavastuuraportti2019\/?page_id=79"},"modified":"2020-03-27T09:59:55","modified_gmt":"2020-03-27T09:59:55","slug":"toimialan-kehittaminen-ja-yhteistyo","status":"publish","type":"page","link":"https:\/\/www.senaatti.fi\/yhteiskuntavastuuraportti2019\/senaatti\/sidosryhmat\/toimialan-kehittaminen-ja-yhteistyo\/","title":{"rendered":"Toimialan kehitt\u00e4minen ja yhteisty\u00f6"},"content":{"rendered":"<p>Senaatin tutkimus- ja kehitystoiminta painottui vuonna 2019 \u00e4lykk\u00e4\u00e4n ty\u00f6ymp\u00e4rist\u00f6n kehitt\u00e4miseen, digitalisaatioon ja turvallisuuteen liittyviin palveluihin sek\u00e4 sis\u00e4olosuhteiden laadun varmistamiseen.<\/p>\n<p>Ohjelmistorobotiikan ja teko\u00e4lyn k\u00e4ytt\u00f6\u00e4 harjoiteltiin useassa kokeiluhankkeessa, jossa tavoitteena oli tiedon laadun parantaminen ja rutiiniteht\u00e4vien automatisointi.<\/p>\n<p>Vuonna 2019 panostettiin erityisesti asiakkaan tilank\u00e4yt\u00f6n suunnittelu- ja optimointity\u00f6kalun rakentamiseen sek\u00e4 \u00e4lykk\u00e4iden ty\u00f6tilojen tukemiseen tarkoitettujen ty\u00f6kalujen kehitt\u00e4miseen, kuten navigointi-, kalustehallinta-, tilavaraus- ja kulunhallintaj\u00e4rjestelm\u00e4t. Yhteisk\u00e4ytt\u00f6kokeilutila Ty\u00f6 2.0 Lab avattiin Helsingin keskustassa yhdess\u00e4 yhteisty\u00f6verkoston kanssa. Rakennusten yll\u00e4pitoa tukevien olosuhdemallien kehitt\u00e4mist\u00e4 jatkettiin.<\/p>\n<p>&nbsp;<\/p>\n<figure id=\"attachment_2964\" aria-describedby=\"caption-attachment-2964\" style=\"width: 1024px\" class=\"wp-caption alignnone\"><img loading=\"lazy\" decoding=\"async\" class=\"wp-image-2964 size-large\" src=\"https:\/\/www.senaatti.fi\/app_ykv_archive\/uploads\/sites\/9\/2020\/03\/qr-koodi-1600x800-1024x512.jpg\" alt=\"\" width=\"1024\" height=\"512\" srcset=\"https:\/\/www.senaatti.fi\/app_ykv_archive\/uploads\/sites\/9\/2020\/03\/qr-koodi-1600x800-1024x512.jpg 1024w, https:\/\/www.senaatti.fi\/app_ykv_archive\/uploads\/sites\/9\/2020\/03\/qr-koodi-1600x800-300x150.jpg 300w, https:\/\/www.senaatti.fi\/app_ykv_archive\/uploads\/sites\/9\/2020\/03\/qr-koodi-1600x800-768x384.jpg 768w, https:\/\/www.senaatti.fi\/app_ykv_archive\/uploads\/sites\/9\/2020\/03\/qr-koodi-1600x800-1536x768.jpg 1536w, https:\/\/www.senaatti.fi\/app_ykv_archive\/uploads\/sites\/9\/2020\/03\/qr-koodi-1600x800.jpg 1600w\" sizes=\"auto, (max-width: 1024px) 100vw, 1024px\" \/><figcaption id=\"caption-attachment-2964\" class=\"wp-caption-text\"><strong>Case: Senaatti pilotoi \u00e4lyk\u00e4st\u00e4 ty\u00f6ymp\u00e4rist\u00f6\u00e4<\/strong><br \/>Haluamme luoda terveellisi\u00e4 ja turvallisia ty\u00f6skentelytiloja. \u00c4lyk\u00e4s ty\u00f6ymp\u00e4rist\u00f6 -hankkeessa tilojen k\u00e4ytt\u00e4j\u00e4t pystyv\u00e4t antamaan palautek\u00e4ytt\u00f6liittym\u00e4n avulla nopeasti palautetta tai ilmoittamaan ty\u00f6ymp\u00e4rist\u00f6n ongelmista v\u00e4litt\u00f6m\u00e4sti kiinteist\u00f6huoltoon\u201d, yll\u00e4pidon digitalisaation erityisasiantuntija <strong>Esa Halmetoja<\/strong> Senaatti-kiinteist\u00f6ist\u00e4 kiteytt\u00e4\u00e4.<\/p>\n<p><a href=\"https:\/\/www.senaatti.fi\/qr-koodilla-helposti-palautetta-tilojen-sisaolosuhteista\/\">Lue palvelustamme<\/a><\/figcaption><\/figure>\n<h2>Mukana toimialan yhteisty\u00f6hankkeissa<\/h2>\n<p>P\u00e4\u00e4osa Senaatin kehitystoiminnasta tehd\u00e4\u00e4n sis\u00e4isiss\u00e4 hankkeissa, joihin useimmiten liittyy tietoty\u00f6kalujen ja toimintatapojen kehitt\u00e4mist\u00e4. Senaatti on my\u00f6s osallistunut kehitt\u00e4mishankkeisiin, joissa on muita osapuolia, esimerkkin\u00e4 hallituksen KIRA-DIGI -k\u00e4rkihanke. KIRA-DIGI -ohjelmassa Senaatilla oli oma toimintavuonna valmistunut hanke, jonka puitteissa Senaatti on osallistunut laajempaan Platform of Trust -kehitt\u00e4miskonsortioon. Toimintavuonna k\u00e4ynnistyi my\u00f6s toimitilatarpeiden optimointity\u00f6kalun testaushanke yhteisty\u00f6ss\u00e4 Aalto-yliopistol\u00e4ht\u00f6isen start-up yrityksen kanssa.<\/p>\n<p>Yhteiskunta\u00advastuun n\u00e4k\u00f6kulmasta keskeisi\u00e4 kehityskohteita olivat ymp\u00e4rist\u00f6nministeri\u00f6n muovitiekarttahankkeeseen osallistuminen, rakennushankkeiden RTS-ymp\u00e4rist\u00f6luokitusv\u00e4lineen jalkauttaminen toimintaan, sis\u00e4olosuhde\u00adongelmien hallinnan toimintamallit ja mittarit. Lis\u00e4ksi jatkettiin suojeltujen arvorakennusten korjausmenetelmien kehitt\u00e4mist\u00e4 ja luontoselvityksien tekemist\u00e4.<\/p>\n<p>&nbsp;<\/p>\n","protected":false},"excerpt":{"rendered":"<p>Senaatin tutkimus- ja kehitystoiminta painottui vuonna 2019 \u00e4lykk\u00e4\u00e4n ty\u00f6ymp\u00e4rist\u00f6n kehitt\u00e4miseen, digitalisaatioon ja turvallisuuteen liittyviin palveluihin sek\u00e4 sis\u00e4olosuhteiden laadun varmistamiseen. Ohjelmistorobotiikan ja teko\u00e4lyn k\u00e4ytt\u00f6\u00e4 harjoiteltiin useassa kokeiluhankkeessa, jossa tavoitteena oli tiedon laadun parantaminen ja rutiiniteht\u00e4vien automatisointi. Vuonna 2019 panostettiin erityisesti asiakkaan tilank\u00e4yt\u00f6n suunnittelu- ja optimointity\u00f6kalun rakentamiseen sek\u00e4 \u00e4lykk\u00e4iden ty\u00f6tilojen tukemiseen tarkoitettujen ty\u00f6kalujen kehitt\u00e4miseen, kuten navigointi-, kalustehallinta-, [&hellip;]<\/p>\n","protected":false},"author":11,"featured_media":0,"parent":73,"menu_order":3,"comment_status":"closed","ping_status":"closed","template":"","meta":{"_acf_changed":false,"footnotes":""},"class_list":["post-79","page","type-page","status-publish","hentry","senaatti_tsdg-kestavaa-teollisuutta-innovaatioita-ja-infrastruktuureja"],"acf":[],"yoast_head":"<!-- This site is optimized with the Yoast SEO plugin v23.9 - https:\/\/yoast.com\/wordpress\/plugins\/seo\/ -->\n<title>Toimialan kehitt\u00e4minen ja yhteisty\u00f6 - 2019 - yhteiskuntavastuuraportti<\/title>\n<meta name=\"description\" content=\"Senaatin tutkimus- ja kehitystoiminta painottui vuonna 2019 \u00e4lykk\u00e4\u00e4n ty\u00f6ymp\u00e4rist\u00f6n kehitt\u00e4miseen, digitalisaatioon ja turvallisuuteen liittyviin\" \/>\n<meta name=\"robots\" content=\"index, follow, max-snippet:-1, max-image-preview:large, max-video-preview:-1\" \/>\n<link rel=\"canonical\" href=\"https:\/\/www.senaatti.fi\/yhteiskuntavastuuraportti2019\/senaatti\/sidosryhmat\/toimialan-kehittaminen-ja-yhteistyo\/\" \/>\n<meta property=\"og:locale\" content=\"en_US\" \/>\n<meta property=\"og:type\" content=\"article\" \/>\n<meta property=\"og:title\" content=\"Toimialan kehitt\u00e4minen ja yhteisty\u00f6 - 2019 - yhteiskuntavastuuraportti\" \/>\n<meta property=\"og:description\" content=\"Senaatin tutkimus- ja kehitystoiminta painottui vuonna 2019 \u00e4lykk\u00e4\u00e4n ty\u00f6ymp\u00e4rist\u00f6n kehitt\u00e4miseen, digitalisaatioon ja turvallisuuteen liittyviin\" \/>\n<meta property=\"og:url\" content=\"https:\/\/www.senaatti.fi\/yhteiskuntavastuuraportti2019\/senaatti\/sidosryhmat\/toimialan-kehittaminen-ja-yhteistyo\/\" \/>\n<meta property=\"og:site_name\" content=\"2019 - yhteiskuntavastuuraportti\" \/>\n<meta property=\"article:modified_time\" content=\"2020-03-27T09:59:55+00:00\" \/>\n<meta property=\"og:image\" content=\"https:\/\/www.senaatti.fi\/app_ykv_archive\/uploads\/sites\/9\/2020\/03\/qr-koodi-1600x800-1024x512.jpg\" \/>\n<meta name=\"twitter:card\" content=\"summary_large_image\" \/>\n<meta name=\"twitter:label1\" content=\"Est. reading time\" \/>\n\t<meta name=\"twitter:data1\" content=\"1 minute\" \/>\n<script type=\"application\/ld+json\" class=\"yoast-schema-graph\">{\"@context\":\"https:\/\/schema.org\",\"@graph\":[{\"@type\":\"WebPage\",\"@id\":\"https:\/\/www.senaatti.fi\/yhteiskuntavastuuraportti2019\/senaatti\/sidosryhmat\/toimialan-kehittaminen-ja-yhteistyo\/\",\"url\":\"https:\/\/www.senaatti.fi\/yhteiskuntavastuuraportti2019\/senaatti\/sidosryhmat\/toimialan-kehittaminen-ja-yhteistyo\/\",\"name\":\"Toimialan kehitt\u00e4minen ja yhteisty\u00f6 - 2019 - yhteiskuntavastuuraportti\",\"isPartOf\":{\"@id\":\"https:\/\/www.senaatti.fi\/yhteiskuntavastuuraportti2019\/#website\"},\"primaryImageOfPage\":{\"@id\":\"https:\/\/www.senaatti.fi\/yhteiskuntavastuuraportti2019\/senaatti\/sidosryhmat\/toimialan-kehittaminen-ja-yhteistyo\/#primaryimage\"},\"image\":{\"@id\":\"https:\/\/www.senaatti.fi\/yhteiskuntavastuuraportti2019\/senaatti\/sidosryhmat\/toimialan-kehittaminen-ja-yhteistyo\/#primaryimage\"},\"thumbnailUrl\":\"https:\/\/www.senaatti.fi\/app_ykv_archive\/uploads\/sites\/9\/2020\/03\/qr-koodi-1600x800-1024x512.jpg\",\"datePublished\":\"2018-01-29T11:08:20+00:00\",\"dateModified\":\"2020-03-27T09:59:55+00:00\",\"description\":\"Senaatin tutkimus- ja kehitystoiminta painottui vuonna 2019 \u00e4lykk\u00e4\u00e4n ty\u00f6ymp\u00e4rist\u00f6n kehitt\u00e4miseen, digitalisaatioon ja turvallisuuteen liittyviin\",\"breadcrumb\":{\"@id\":\"https:\/\/www.senaatti.fi\/yhteiskuntavastuuraportti2019\/senaatti\/sidosryhmat\/toimialan-kehittaminen-ja-yhteistyo\/#breadcrumb\"},\"inLanguage\":\"en-US\",\"potentialAction\":[{\"@type\":\"ReadAction\",\"target\":[\"https:\/\/www.senaatti.fi\/yhteiskuntavastuuraportti2019\/senaatti\/sidosryhmat\/toimialan-kehittaminen-ja-yhteistyo\/\"]}]},{\"@type\":\"ImageObject\",\"inLanguage\":\"en-US\",\"@id\":\"https:\/\/www.senaatti.fi\/yhteiskuntavastuuraportti2019\/senaatti\/sidosryhmat\/toimialan-kehittaminen-ja-yhteistyo\/#primaryimage\",\"url\":\"https:\/\/www.senaatti.fi\/app_ykv_archive\/uploads\/sites\/9\/2020\/03\/qr-koodi-1600x800-1024x512.jpg\",\"contentUrl\":\"https:\/\/www.senaatti.fi\/app_ykv_archive\/uploads\/sites\/9\/2020\/03\/qr-koodi-1600x800-1024x512.jpg\"},{\"@type\":\"BreadcrumbList\",\"@id\":\"https:\/\/www.senaatti.fi\/yhteiskuntavastuuraportti2019\/senaatti\/sidosryhmat\/toimialan-kehittaminen-ja-yhteistyo\/#breadcrumb\",\"itemListElement\":[{\"@type\":\"ListItem\",\"position\":1,\"name\":\"Home\",\"item\":\"https:\/\/www.senaatti.fi\/yhteiskuntavastuuraportti2019\/\"},{\"@type\":\"ListItem\",\"position\":2,\"name\":\"Senaatti\",\"item\":\"https:\/\/www.senaatti.fi\/yhteiskuntavastuuraportti2019\/senaatti\/\"},{\"@type\":\"ListItem\",\"position\":3,\"name\":\"Sidosryhm\u00e4t\",\"item\":\"https:\/\/www.senaatti.fi\/yhteiskuntavastuuraportti2019\/senaatti\/sidosryhmat\/\"},{\"@type\":\"ListItem\",\"position\":4,\"name\":\"Toimialan kehitt\u00e4minen ja yhteisty\u00f6\"}]},{\"@type\":\"WebSite\",\"@id\":\"https:\/\/www.senaatti.fi\/yhteiskuntavastuuraportti2019\/#website\",\"url\":\"https:\/\/www.senaatti.fi\/yhteiskuntavastuuraportti2019\/\",\"name\":\"2019 - yhteiskuntavastuuraportti\",\"description\":\"\",\"potentialAction\":[{\"@type\":\"SearchAction\",\"target\":{\"@type\":\"EntryPoint\",\"urlTemplate\":\"https:\/\/www.senaatti.fi\/yhteiskuntavastuuraportti2019\/?s={search_term_string}\"},\"query-input\":{\"@type\":\"PropertyValueSpecification\",\"valueRequired\":true,\"valueName\":\"search_term_string\"}}],\"inLanguage\":\"en-US\"}]}<\/script>\n<!-- \/ Yoast SEO plugin. -->","yoast_head_json":{"title":"Toimialan kehitt\u00e4minen ja yhteisty\u00f6 - 2019 - yhteiskuntavastuuraportti","description":"Senaatin tutkimus- ja kehitystoiminta painottui vuonna 2019 \u00e4lykk\u00e4\u00e4n ty\u00f6ymp\u00e4rist\u00f6n kehitt\u00e4miseen, digitalisaatioon ja turvallisuuteen liittyviin","robots":{"index":"index","follow":"follow","max-snippet":"max-snippet:-1","max-image-preview":"max-image-preview:large","max-video-preview":"max-video-preview:-1"},"canonical":"https:\/\/www.senaatti.fi\/yhteiskuntavastuuraportti2019\/senaatti\/sidosryhmat\/toimialan-kehittaminen-ja-yhteistyo\/","og_locale":"en_US","og_type":"article","og_title":"Toimialan kehitt\u00e4minen ja yhteisty\u00f6 - 2019 - yhteiskuntavastuuraportti","og_description":"Senaatin tutkimus- ja kehitystoiminta painottui vuonna 2019 \u00e4lykk\u00e4\u00e4n ty\u00f6ymp\u00e4rist\u00f6n kehitt\u00e4miseen, digitalisaatioon ja turvallisuuteen liittyviin","og_url":"https:\/\/www.senaatti.fi\/yhteiskuntavastuuraportti2019\/senaatti\/sidosryhmat\/toimialan-kehittaminen-ja-yhteistyo\/","og_site_name":"2019 - yhteiskuntavastuuraportti","article_modified_time":"2020-03-27T09:59:55+00:00","og_image":[{"url":"https:\/\/www.senaatti.fi\/app_ykv_archive\/uploads\/sites\/9\/2020\/03\/qr-koodi-1600x800-1024x512.jpg"}],"twitter_card":"summary_large_image","twitter_misc":{"Est. reading time":"1 minute"},"schema":{"@context":"https:\/\/schema.org","@graph":[{"@type":"WebPage","@id":"https:\/\/www.senaatti.fi\/yhteiskuntavastuuraportti2019\/senaatti\/sidosryhmat\/toimialan-kehittaminen-ja-yhteistyo\/","url":"https:\/\/www.senaatti.fi\/yhteiskuntavastuuraportti2019\/senaatti\/sidosryhmat\/toimialan-kehittaminen-ja-yhteistyo\/","name":"Toimialan kehitt\u00e4minen ja yhteisty\u00f6 - 2019 - yhteiskuntavastuuraportti","isPartOf":{"@id":"https:\/\/www.senaatti.fi\/yhteiskuntavastuuraportti2019\/#website"},"primaryImageOfPage":{"@id":"https:\/\/www.senaatti.fi\/yhteiskuntavastuuraportti2019\/senaatti\/sidosryhmat\/toimialan-kehittaminen-ja-yhteistyo\/#primaryimage"},"image":{"@id":"https:\/\/www.senaatti.fi\/yhteiskuntavastuuraportti2019\/senaatti\/sidosryhmat\/toimialan-kehittaminen-ja-yhteistyo\/#primaryimage"},"thumbnailUrl":"https:\/\/www.senaatti.fi\/app_ykv_archive\/uploads\/sites\/9\/2020\/03\/qr-koodi-1600x800-1024x512.jpg","datePublished":"2018-01-29T11:08:20+00:00","dateModified":"2020-03-27T09:59:55+00:00","description":"Senaatin tutkimus- ja kehitystoiminta painottui vuonna 2019 \u00e4lykk\u00e4\u00e4n ty\u00f6ymp\u00e4rist\u00f6n kehitt\u00e4miseen, digitalisaatioon ja turvallisuuteen liittyviin","breadcrumb":{"@id":"https:\/\/www.senaatti.fi\/yhteiskuntavastuuraportti2019\/senaatti\/sidosryhmat\/toimialan-kehittaminen-ja-yhteistyo\/#breadcrumb"},"inLanguage":"en-US","potentialAction":[{"@type":"ReadAction","target":["https:\/\/www.senaatti.fi\/yhteiskuntavastuuraportti2019\/senaatti\/sidosryhmat\/toimialan-kehittaminen-ja-yhteistyo\/"]}]},{"@type":"ImageObject","inLanguage":"en-US","@id":"https:\/\/www.senaatti.fi\/yhteiskuntavastuuraportti2019\/senaatti\/sidosryhmat\/toimialan-kehittaminen-ja-yhteistyo\/#primaryimage","url":"https:\/\/www.senaatti.fi\/app_ykv_archive\/uploads\/sites\/9\/2020\/03\/qr-koodi-1600x800-1024x512.jpg","contentUrl":"https:\/\/www.senaatti.fi\/app_ykv_archive\/uploads\/sites\/9\/2020\/03\/qr-koodi-1600x800-1024x512.jpg"},{"@type":"BreadcrumbList","@id":"https:\/\/www.senaatti.fi\/yhteiskuntavastuuraportti2019\/senaatti\/sidosryhmat\/toimialan-kehittaminen-ja-yhteistyo\/#breadcrumb","itemListElement":[{"@type":"ListItem","position":1,"name":"Home","item":"https:\/\/www.senaatti.fi\/yhteiskuntavastuuraportti2019\/"},{"@type":"ListItem","position":2,"name":"Senaatti","item":"https:\/\/www.senaatti.fi\/yhteiskuntavastuuraportti2019\/senaatti\/"},{"@type":"ListItem","position":3,"name":"Sidosryhm\u00e4t","item":"https:\/\/www.senaatti.fi\/yhteiskuntavastuuraportti2019\/senaatti\/sidosryhmat\/"},{"@type":"ListItem","position":4,"name":"Toimialan kehitt\u00e4minen ja yhteisty\u00f6"}]},{"@type":"WebSite","@id":"https:\/\/www.senaatti.fi\/yhteiskuntavastuuraportti2019\/#website","url":"https:\/\/www.senaatti.fi\/yhteiskuntavastuuraportti2019\/","name":"2019 - yhteiskuntavastuuraportti","description":"","potentialAction":[{"@type":"SearchAction","target":{"@type":"EntryPoint","urlTemplate":"https:\/\/www.senaatti.fi\/yhteiskuntavastuuraportti2019\/?s={search_term_string}"},"query-input":{"@type":"PropertyValueSpecification","valueRequired":true,"valueName":"search_term_string"}}],"inLanguage":"en-US"}]}},"_links":{"self":[{"href":"https:\/\/www.senaatti.fi\/yhteiskuntavastuuraportti2019\/wp-json\/wp\/v2\/pages\/79","targetHints":{"allow":["GET"]}}],"collection":[{"href":"https:\/\/www.senaatti.fi\/yhteiskuntavastuuraportti2019\/wp-json\/wp\/v2\/pages"}],"about":[{"href":"https:\/\/www.senaatti.fi\/yhteiskuntavastuuraportti2019\/wp-json\/wp\/v2\/types\/page"}],"author":[{"embeddable":true,"href":"https:\/\/www.senaatti.fi\/yhteiskuntavastuuraportti2019\/wp-json\/wp\/v2\/users\/11"}],"replies":[{"embeddable":true,"href":"https:\/\/www.senaatti.fi\/yhteiskuntavastuuraportti2019\/wp-json\/wp\/v2\/comments?post=79"}],"version-history":[{"count":12,"href":"https:\/\/www.senaatti.fi\/yhteiskuntavastuuraportti2019\/wp-json\/wp\/v2\/pages\/79\/revisions"}],"predecessor-version":[{"id":2983,"href":"https:\/\/www.senaatti.fi\/yhteiskuntavastuuraportti2019\/wp-json\/wp\/v2\/pages\/79\/revisions\/2983"}],"up":[{"embeddable":true,"href":"https:\/\/www.senaatti.fi\/yhteiskuntavastuuraportti2019\/wp-json\/wp\/v2\/pages\/73"}],"wp:attachment":[{"href":"https:\/\/www.senaatti.fi\/yhteiskuntavastuuraportti2019\/wp-json\/wp\/v2\/media?parent=79"}],"curies":[{"name":"wp","href":"https:\/\/api.w.org\/{rel}","templated":true}]}}