{"id":57,"date":"2018-01-29T11:04:10","date_gmt":"2018-01-29T11:04:10","guid":{"rendered":"https:\/\/www.senaatti.fi\/yhteiskuntavastuuraportti2019\/?page_id=57"},"modified":"2022-04-12T10:50:57","modified_gmt":"2022-04-12T10:50:57","slug":"riskien-hallinta","status":"publish","type":"page","link":"https:\/\/www.senaatti.fi\/yhteiskuntavastuuraportti2019\/senaatti\/hallinto-ja-johto\/riskien-hallinta\/","title":{"rendered":"Riskienhallinta"},"content":{"rendered":"<p>&nbsp;<\/p>\n<p><img loading=\"lazy\" decoding=\"async\" class=\"alignnone size-full wp-image-3338\" src=\"https:\/\/www.senaatti.fi\/app_ykv_archive\/uploads\/sites\/9\/2020\/04\/Keskisuuriesityksiin_L\u00e4pp\u00e4ri-vaaka.jpg\" alt=\"\" width=\"1400\" height=\"787\" srcset=\"https:\/\/www.senaatti.fi\/app_ykv_archive\/uploads\/sites\/9\/2020\/04\/Keskisuuriesityksiin_L\u00e4pp\u00e4ri-vaaka.jpg 1400w, https:\/\/www.senaatti.fi\/app_ykv_archive\/uploads\/sites\/9\/2020\/04\/Keskisuuriesityksiin_L\u00e4pp\u00e4ri-vaaka-300x169.jpg 300w, https:\/\/www.senaatti.fi\/app_ykv_archive\/uploads\/sites\/9\/2020\/04\/Keskisuuriesityksiin_L\u00e4pp\u00e4ri-vaaka-1024x576.jpg 1024w, https:\/\/www.senaatti.fi\/app_ykv_archive\/uploads\/sites\/9\/2020\/04\/Keskisuuriesityksiin_L\u00e4pp\u00e4ri-vaaka-768x432.jpg 768w\" sizes=\"auto, (max-width: 1400px) 100vw, 1400px\" \/><\/p>\n<p>Riskienhallinta on Senaatti-kiinteist\u00f6iss\u00e4 jatkuva prosessi. Sen avulla ennakoidaan, tunnistetaan ja torjutaan Senaatin toimintaa, toimintaymp\u00e4rist\u00f6\u00e4 ja mahdollisuuksien tuloksellista hy\u00f6dynt\u00e4mist\u00e4 uhkaavia tekij\u00f6it\u00e4, seurataan j\u00e4rjestelm\u00e4llisesti riskienhallintatoimenpiteiden toteutumista sek\u00e4 kehitet\u00e4\u00e4n toimintaa.<\/p>\n<p>Senaatin riskienhallintaa ohjaavat riskienhallintapolitiikka ja riskienhallintak\u00e4sikirja. Riskienhallinnan tavoitteena on varmistaa organisaation toimintaedellytysten ja strategian toteutuminen.<\/p>\n<h2>Toiminnan l\u00e4ht\u00f6kohtana on matala riskitaso<\/h2>\n<p>Riski m\u00e4\u00e4ritell\u00e4\u00e4n Senaatissa laajasti, jotta riskej\u00e4 voidaan tunnistaa monipuolisesti sek\u00e4 Senaatin omassa toiminnassa ett\u00e4 sen toimintaymp\u00e4rist\u00f6ss\u00e4.<\/p>\n<p>Senaatin riskienhallinnan l\u00e4ht\u00f6kohtana ovat liikelaitoksen arvot, visio ja strategiset p\u00e4\u00e4m\u00e4\u00e4r\u00e4t sek\u00e4 valtion kokonaisetu. Senaatin yhteiskuntavastuullinen toiminta, laatuty\u00f6 ja monet muut yhteiset toimintamallit ovat oleellinen osa Senaatin kokonaisvaltaista k\u00e4yt\u00e4nn\u00f6n riskienhallintaa.<\/p>\n<p>Senaatin riskinsietokyvyn ehdoton yl\u00e4raja tulee viimeist\u00e4\u00e4n vastaan, jos riskit ja niiden kerrannaisvaikutukset voisivat vaarantaa eduskunnan ja valtiovarainministeri\u00f6n vuosittain Senaatille asettamien tavoitteiden saavuttamisen oleellisilta osin.<\/p>\n<p>Senaatin riskienhallinnasta ja riskienhallintapolitiikasta p\u00e4\u00e4tt\u00e4\u00e4 Senaatin hallitus. Riskienhallintapolitiikan mukaisesti riskeist\u00e4 ja riskienhallinnasta raportoidaan hallitukselle osana vuotuista toiminnan suunnittelua ja seurantaa ja hallitus hyv\u00e4ksyy vuosittaisen riskienhallintasuunnitelman.<\/p>\n<p>Riskienhallintapolitiikan mukaisesti riskienhallinnan konkreettisesta organisoinnista vastaa toimitusjohtaja ja riskienhallinnan operatiivinen vastuu on talousyksik\u00f6ll\u00e4.<\/p>\n<h2>Vuoden 2019 riskienhallintatoiminta ja riskitoteuma<\/h2>\n<p>Riskienhallinnan keskeist\u00e4 ohjeistusta p\u00e4ivitettiin laajamittaisesti vuonna 2018 ja uudistetut toimintamallit otettiin ensimm\u00e4ist\u00e4 kertaa kokonaisuudessaan k\u00e4ytt\u00f6\u00f6n vuoden 2019 aikana. P\u00e4ivitettyyn riskienhallintaohjeistukseen tehtiin kuluneen toimintavuoden aikana viel\u00e4 v\u00e4h\u00e4isi\u00e4 t\u00e4smennyksi\u00e4.<\/p>\n<p>Senaatti tunnisti vuoden 2019 keskeisiksi riskeiksi seuraavat kolme riski\u00e4, jotka on raportoitu Senaatin hallitukselle syksyll\u00e4 2018 ja jotka heijastavat teemoineen Senaatin vuosille 2019-2022 vahvistettua strategiaa. Riskitoteuma perustuu alustavaan arvioon.<\/p>\n<h4>1. Proaktiivisessa- ja\/tai reaktiivisessa sis\u00e4olosuhteiden hoitamisessa ep\u00e4onnistutaan<\/h4>\n<p>Riskinhallinnassa on onnistuttu, eik\u00e4 toimintavuoden aikana ole ilmaantunut uusia merkitt\u00e4vi\u00e4 sis\u00e4ilmaongelmaisia kohteita. Senaatti on k\u00e4ynnist\u00e4nyt strategian nollatoleranssiajattelua tukevia toimenpiteit\u00e4 laajamittaisesti ja toimenpiteiden k\u00e4ynnist\u00e4misess\u00e4 ollaan onnistuttu suunnitellusti.<\/p>\n<p>Merkitt\u00e4vimp\u00e4n\u00e4 nollatoleranssia tukevana toimenpiteen\u00e4 on laajan nollatoleranssiohjelman k\u00e4ynnistyminen. Ohjelmaan on nimetty ohjelmajohtaja ja siin\u00e4 ovat mukana kaikki strategisen tavoitteen onnistumisen kannalta keskeisimm\u00e4t asiantuntijat. Osana nollatoleranssiohjelmaa on nostettu merkitt\u00e4v\u00e4sti kiinteist\u00f6jen korjausten ja kunnossapidon tasoa: vuonna 2019 k\u00e4ytettiin peruskorjauksiin ja -parannuksiin sek\u00e4 kunnossapitoon rahaa yli 300 milj. euroa. Yleisess\u00e4 yhteiskunnallisessa sis\u00e4ilmakeskustelussa on ollut n\u00e4ht\u00e4vill\u00e4 positiivista kehityst\u00e4.<\/p>\n<h4>2. Virastojen toimitilastrategian toimeenpano ei etene erityisesti k\u00e4ytt\u00e4j\u00e4sidonnaisilla asiakkailla<\/h4>\n<p>Riski on osittain toteutunut, sill\u00e4 er\u00e4iden k\u00e4ytt\u00e4j\u00e4sidonnaisten asiakkaiden, kuten Poliisin ja Rajavartiolaitoksen, rahoituspohjassa on ilmennyt my\u00f6s toimintavuoden 2019 aikana perusparannushankkeiden rahoituksen osalta puutteita. Senaatti ei ole pystynyt n\u00e4in kaikilta osin t\u00e4ytt\u00e4m\u00e4\u00e4n asiakasodotuksia k\u00e4ytt\u00e4j\u00e4sidonnaisten kohteiden perusparannusten osalta. Jatkossa yhteisty\u00f6t\u00e4 virastojen ja keskeisten ministeri\u00f6iden kanssa lis\u00e4t\u00e4\u00e4n, jotta kaikilla on oikea tilannekuva toimitiloista ja niiden rahoitustarpeista.<\/p>\n<p>Senaatti on nostanut riskin my\u00f6s vuoden 2020 riskienhallintasuunnitelman keskeisiin riskeihin. Senaatissa jatketaan suunniteltujen riskinhallintatoimenpiteiden toteuttamista riskin rajoittamiseksi. Proffa-toimitilasuunnitteluty\u00f6kalun k\u00e4ytt\u00f6\u00f6notolla on arvioitu olevan my\u00f6nteinen vaikutus asiakkaan talouden suunnittelussa ja seurannassa.<\/p>\n<h4>3. Digitalisaation tuomia mahdollisuuksia ei kyet\u00e4 hy\u00f6dynt\u00e4m\u00e4\u00e4n<\/h4>\n<p>Riski ei ole toteutunut ja Senaatti on onnistunut digitalisaation saralla kokeilukulttuurin yll\u00e4pit\u00e4misess\u00e4 ja edist\u00e4misess\u00e4 toimintavuoden aikana.<\/p>\n<h2>Vuoden 2020 riskit<\/h2>\n<p>Vuoden 2020 keskeisimm\u00e4t tunnistetut riskit kytkeytyv\u00e4t vahvasti Senaatin vuoden 2020 toiminnan suunnitteluun ja toiminnan ydintavoitteisiin. Riskienhallinnan n\u00e4k\u00f6kulmasta on tunnistettu nelj\u00e4 isompaa osakokonaisuutta, joihin liittyy useampia riskienhallinnan toimenpidesuunnitelmia. Senaatti tulee kuvaamaan kyseisten riskien toteumaa ensi vuoden yhteiskuntavastuuraportissa.<\/p>\n<p>1. Sis\u00e4olosuhteiden stigman poistossa ep\u00e4onnistutaan eik\u00e4 sis\u00e4olosuhteiden tutkimisessa ja ongelmien ratkaisemisessa kyet\u00e4 huomioimaan asiakasorganisaatioiden henkil\u00f6st\u00f6n tunnereaktioita riitt\u00e4v\u00e4ll\u00e4 vakavuudella.<\/p>\n<p>2.\u00a0 Senaatin liian alhainen reaktionopeus toimitilaratkaisujen tuottamiseen.<\/p>\n<p>3. Yhteisk\u00e4ytt\u00f6isyys ei edisty.<\/p>\n<p>4. Asiakkaiden heikko vuokranmaksukyky sis\u00e4olosuhteita parantavien investointien toteuttamiseksi.<\/p>\n","protected":false},"excerpt":{"rendered":"<p>&nbsp; Riskienhallinta on Senaatti-kiinteist\u00f6iss\u00e4 jatkuva prosessi. Sen avulla ennakoidaan, tunnistetaan ja torjutaan Senaatin toimintaa, toimintaymp\u00e4rist\u00f6\u00e4 ja mahdollisuuksien tuloksellista hy\u00f6dynt\u00e4mist\u00e4 uhkaavia tekij\u00f6it\u00e4, seurataan j\u00e4rjestelm\u00e4llisesti riskienhallintatoimenpiteiden toteutumista sek\u00e4 kehitet\u00e4\u00e4n toimintaa. Senaatin riskienhallintaa ohjaavat riskienhallintapolitiikka ja riskienhallintak\u00e4sikirja. Riskienhallinnan tavoitteena on varmistaa organisaation toimintaedellytysten ja strategian toteutuminen. Toiminnan l\u00e4ht\u00f6kohtana on matala riskitaso Riski m\u00e4\u00e4ritell\u00e4\u00e4n Senaatissa laajasti, jotta riskej\u00e4 voidaan [&hellip;]<\/p>\n","protected":false},"author":11,"featured_media":0,"parent":49,"menu_order":2,"comment_status":"closed","ping_status":"closed","template":"","meta":{"_acf_changed":false,"footnotes":""},"class_list":["post-57","page","type-page","status-publish","hentry"],"acf":[],"yoast_head":"<!-- This site is optimized with the Yoast SEO plugin v23.9 - https:\/\/yoast.com\/wordpress\/plugins\/seo\/ -->\n<title>Riskienhallinta - 2019 - yhteiskuntavastuuraportti<\/title>\n<meta name=\"description\" content=\"&nbsp; Riskienhallinta on Senaatti-kiinteist\u00f6iss\u00e4 jatkuva prosessi. Sen avulla ennakoidaan, tunnistetaan ja torjutaan Senaatin toimintaa,\" \/>\n<meta name=\"robots\" content=\"index, follow, max-snippet:-1, max-image-preview:large, max-video-preview:-1\" \/>\n<link rel=\"canonical\" href=\"https:\/\/www.senaatti.fi\/yhteiskuntavastuuraportti2019\/senaatti\/hallinto-ja-johto\/riskien-hallinta\/\" \/>\n<meta property=\"og:locale\" content=\"en_US\" \/>\n<meta property=\"og:type\" content=\"article\" \/>\n<meta property=\"og:title\" content=\"Riskienhallinta - 2019 - yhteiskuntavastuuraportti\" \/>\n<meta property=\"og:description\" content=\"&nbsp; Riskienhallinta on Senaatti-kiinteist\u00f6iss\u00e4 jatkuva prosessi. Sen avulla ennakoidaan, tunnistetaan ja torjutaan Senaatin toimintaa,\" \/>\n<meta property=\"og:url\" content=\"https:\/\/www.senaatti.fi\/yhteiskuntavastuuraportti2019\/senaatti\/hallinto-ja-johto\/riskien-hallinta\/\" \/>\n<meta property=\"og:site_name\" content=\"2019 - yhteiskuntavastuuraportti\" \/>\n<meta property=\"article:modified_time\" content=\"2022-04-12T10:50:57+00:00\" \/>\n<meta name=\"twitter:card\" content=\"summary_large_image\" \/>\n<meta name=\"twitter:label1\" content=\"Est. reading time\" \/>\n\t<meta name=\"twitter:data1\" content=\"3 minutes\" \/>\n<script type=\"application\/ld+json\" class=\"yoast-schema-graph\">{\"@context\":\"https:\/\/schema.org\",\"@graph\":[{\"@type\":\"WebPage\",\"@id\":\"https:\/\/www.senaatti.fi\/yhteiskuntavastuuraportti2019\/senaatti\/hallinto-ja-johto\/riskien-hallinta\/\",\"url\":\"https:\/\/www.senaatti.fi\/yhteiskuntavastuuraportti2019\/senaatti\/hallinto-ja-johto\/riskien-hallinta\/\",\"name\":\"Riskienhallinta - 2019 - yhteiskuntavastuuraportti\",\"isPartOf\":{\"@id\":\"https:\/\/www.senaatti.fi\/yhteiskuntavastuuraportti2019\/#website\"},\"datePublished\":\"2018-01-29T11:04:10+00:00\",\"dateModified\":\"2022-04-12T10:50:57+00:00\",\"description\":\"&nbsp; Riskienhallinta on Senaatti-kiinteist\u00f6iss\u00e4 jatkuva prosessi. Sen avulla ennakoidaan, tunnistetaan ja torjutaan Senaatin toimintaa,\",\"breadcrumb\":{\"@id\":\"https:\/\/www.senaatti.fi\/yhteiskuntavastuuraportti2019\/senaatti\/hallinto-ja-johto\/riskien-hallinta\/#breadcrumb\"},\"inLanguage\":\"en-US\",\"potentialAction\":[{\"@type\":\"ReadAction\",\"target\":[\"https:\/\/www.senaatti.fi\/yhteiskuntavastuuraportti2019\/senaatti\/hallinto-ja-johto\/riskien-hallinta\/\"]}]},{\"@type\":\"BreadcrumbList\",\"@id\":\"https:\/\/www.senaatti.fi\/yhteiskuntavastuuraportti2019\/senaatti\/hallinto-ja-johto\/riskien-hallinta\/#breadcrumb\",\"itemListElement\":[{\"@type\":\"ListItem\",\"position\":1,\"name\":\"Home\",\"item\":\"https:\/\/www.senaatti.fi\/yhteiskuntavastuuraportti2019\/\"},{\"@type\":\"ListItem\",\"position\":2,\"name\":\"Senaatti\",\"item\":\"https:\/\/www.senaatti.fi\/yhteiskuntavastuuraportti2019\/senaatti\/\"},{\"@type\":\"ListItem\",\"position\":3,\"name\":\"Hallinto ja johto\",\"item\":\"https:\/\/www.senaatti.fi\/yhteiskuntavastuuraportti2019\/senaatti\/hallinto-ja-johto\/\"},{\"@type\":\"ListItem\",\"position\":4,\"name\":\"Riskienhallinta\"}]},{\"@type\":\"WebSite\",\"@id\":\"https:\/\/www.senaatti.fi\/yhteiskuntavastuuraportti2019\/#website\",\"url\":\"https:\/\/www.senaatti.fi\/yhteiskuntavastuuraportti2019\/\",\"name\":\"2019 - yhteiskuntavastuuraportti\",\"description\":\"\",\"potentialAction\":[{\"@type\":\"SearchAction\",\"target\":{\"@type\":\"EntryPoint\",\"urlTemplate\":\"https:\/\/www.senaatti.fi\/yhteiskuntavastuuraportti2019\/?s={search_term_string}\"},\"query-input\":{\"@type\":\"PropertyValueSpecification\",\"valueRequired\":true,\"valueName\":\"search_term_string\"}}],\"inLanguage\":\"en-US\"}]}<\/script>\n<!-- \/ Yoast SEO plugin. -->","yoast_head_json":{"title":"Riskienhallinta - 2019 - yhteiskuntavastuuraportti","description":"&nbsp; Riskienhallinta on Senaatti-kiinteist\u00f6iss\u00e4 jatkuva prosessi. Sen avulla ennakoidaan, tunnistetaan ja torjutaan Senaatin toimintaa,","robots":{"index":"index","follow":"follow","max-snippet":"max-snippet:-1","max-image-preview":"max-image-preview:large","max-video-preview":"max-video-preview:-1"},"canonical":"https:\/\/www.senaatti.fi\/yhteiskuntavastuuraportti2019\/senaatti\/hallinto-ja-johto\/riskien-hallinta\/","og_locale":"en_US","og_type":"article","og_title":"Riskienhallinta - 2019 - yhteiskuntavastuuraportti","og_description":"&nbsp; Riskienhallinta on Senaatti-kiinteist\u00f6iss\u00e4 jatkuva prosessi. Sen avulla ennakoidaan, tunnistetaan ja torjutaan Senaatin toimintaa,","og_url":"https:\/\/www.senaatti.fi\/yhteiskuntavastuuraportti2019\/senaatti\/hallinto-ja-johto\/riskien-hallinta\/","og_site_name":"2019 - yhteiskuntavastuuraportti","article_modified_time":"2022-04-12T10:50:57+00:00","twitter_card":"summary_large_image","twitter_misc":{"Est. reading time":"3 minutes"},"schema":{"@context":"https:\/\/schema.org","@graph":[{"@type":"WebPage","@id":"https:\/\/www.senaatti.fi\/yhteiskuntavastuuraportti2019\/senaatti\/hallinto-ja-johto\/riskien-hallinta\/","url":"https:\/\/www.senaatti.fi\/yhteiskuntavastuuraportti2019\/senaatti\/hallinto-ja-johto\/riskien-hallinta\/","name":"Riskienhallinta - 2019 - yhteiskuntavastuuraportti","isPartOf":{"@id":"https:\/\/www.senaatti.fi\/yhteiskuntavastuuraportti2019\/#website"},"datePublished":"2018-01-29T11:04:10+00:00","dateModified":"2022-04-12T10:50:57+00:00","description":"&nbsp; Riskienhallinta on Senaatti-kiinteist\u00f6iss\u00e4 jatkuva prosessi. Sen avulla ennakoidaan, tunnistetaan ja torjutaan Senaatin toimintaa,","breadcrumb":{"@id":"https:\/\/www.senaatti.fi\/yhteiskuntavastuuraportti2019\/senaatti\/hallinto-ja-johto\/riskien-hallinta\/#breadcrumb"},"inLanguage":"en-US","potentialAction":[{"@type":"ReadAction","target":["https:\/\/www.senaatti.fi\/yhteiskuntavastuuraportti2019\/senaatti\/hallinto-ja-johto\/riskien-hallinta\/"]}]},{"@type":"BreadcrumbList","@id":"https:\/\/www.senaatti.fi\/yhteiskuntavastuuraportti2019\/senaatti\/hallinto-ja-johto\/riskien-hallinta\/#breadcrumb","itemListElement":[{"@type":"ListItem","position":1,"name":"Home","item":"https:\/\/www.senaatti.fi\/yhteiskuntavastuuraportti2019\/"},{"@type":"ListItem","position":2,"name":"Senaatti","item":"https:\/\/www.senaatti.fi\/yhteiskuntavastuuraportti2019\/senaatti\/"},{"@type":"ListItem","position":3,"name":"Hallinto ja johto","item":"https:\/\/www.senaatti.fi\/yhteiskuntavastuuraportti2019\/senaatti\/hallinto-ja-johto\/"},{"@type":"ListItem","position":4,"name":"Riskienhallinta"}]},{"@type":"WebSite","@id":"https:\/\/www.senaatti.fi\/yhteiskuntavastuuraportti2019\/#website","url":"https:\/\/www.senaatti.fi\/yhteiskuntavastuuraportti2019\/","name":"2019 - yhteiskuntavastuuraportti","description":"","potentialAction":[{"@type":"SearchAction","target":{"@type":"EntryPoint","urlTemplate":"https:\/\/www.senaatti.fi\/yhteiskuntavastuuraportti2019\/?s={search_term_string}"},"query-input":{"@type":"PropertyValueSpecification","valueRequired":true,"valueName":"search_term_string"}}],"inLanguage":"en-US"}]}},"_links":{"self":[{"href":"https:\/\/www.senaatti.fi\/yhteiskuntavastuuraportti2019\/wp-json\/wp\/v2\/pages\/57","targetHints":{"allow":["GET"]}}],"collection":[{"href":"https:\/\/www.senaatti.fi\/yhteiskuntavastuuraportti2019\/wp-json\/wp\/v2\/pages"}],"about":[{"href":"https:\/\/www.senaatti.fi\/yhteiskuntavastuuraportti2019\/wp-json\/wp\/v2\/types\/page"}],"author":[{"embeddable":true,"href":"https:\/\/www.senaatti.fi\/yhteiskuntavastuuraportti2019\/wp-json\/wp\/v2\/users\/11"}],"replies":[{"embeddable":true,"href":"https:\/\/www.senaatti.fi\/yhteiskuntavastuuraportti2019\/wp-json\/wp\/v2\/comments?post=57"}],"version-history":[{"count":11,"href":"https:\/\/www.senaatti.fi\/yhteiskuntavastuuraportti2019\/wp-json\/wp\/v2\/pages\/57\/revisions"}],"predecessor-version":[{"id":3406,"href":"https:\/\/www.senaatti.fi\/yhteiskuntavastuuraportti2019\/wp-json\/wp\/v2\/pages\/57\/revisions\/3406"}],"up":[{"embeddable":true,"href":"https:\/\/www.senaatti.fi\/yhteiskuntavastuuraportti2019\/wp-json\/wp\/v2\/pages\/49"}],"wp:attachment":[{"href":"https:\/\/www.senaatti.fi\/yhteiskuntavastuuraportti2019\/wp-json\/wp\/v2\/media?parent=57"}],"curies":[{"name":"wp","href":"https:\/\/api.w.org\/{rel}","templated":true}]}}