{"id":5,"date":"2018-01-29T10:56:11","date_gmt":"2018-01-29T10:56:11","guid":{"rendered":"https:\/\/www.senaatti.fi\/yhteiskuntavastuuraportti2019\/?page_id=5"},"modified":"2023-06-19T13:18:19","modified_gmt":"2023-06-19T13:18:19","slug":"vuosi-2019","status":"publish","type":"page","link":"https:\/\/www.senaatti.fi\/yhteiskuntavastuuraportti2019\/vuosi-2019\/","title":{"rendered":"Vuosi 2019"},"content":{"rendered":"<div class=\"wpb-content-wrapper\"><p>[vc_row][vc_column][senaatti_hero heading_size=&#8221;title_small&#8221; image_position_vertical=&#8221;top&#8221; hide_gradient=&#8221;true&#8221; smaller_hero=&#8221;true&#8221; heading=&#8221;Toimitilojen yhteisk\u00e4ytt\u00f6isyys eteni vuonna 2019&#8243; image=&#8221;3149&#8243; text=&#8221;Verohallinto ja Maanmittauslaitos ovat l\u00e4hteneet rohkeasti uudistamaan ty\u00f6ymp\u00e4rist\u00f6j\u00e4\u00e4n ja muuttavat syksyll\u00e4 2020 aidosti yhteisiin toimitiloihin Porvoossa. Yhteisk\u00e4ytt\u00f6isyys on toimistotilojen seuraava evoluutio, jota Senaatti on l\u00e4htenyt aktiivisesti edist\u00e4m\u00e4\u00e4n yhteisty\u00f6ss\u00e4 asiakkaidensa kanssa.<\/p>\n<p><em>\u201dVerolla on n\u00e4hty selv\u00e4n\u00e4 kehityskaarena, ett\u00e4 t\u00e4m\u00e4nkaltainen virastojen v\u00e4linen yhteisty\u00f6 tulee v\u00e4\u00e4j\u00e4\u00e4m\u00e4tt\u00e4 valtiolla lis\u00e4\u00e4ntym\u00e4\u00e4n ja haluamme olla alusta asti mukana kehitt\u00e4m\u00e4ss\u00e4 t\u00e4t\u00e4 kokonaisuutta\u201d.<\/em><\/p>\n<p><strong>Olli Aalto,<\/strong><br \/>\ntoimitilap\u00e4\u00e4llikk\u00f6, Verohallinto&#8221; mobile_image=&#8221;3062&#8243;][\/vc_column][\/vc_row][vc_row][vc_column width=&#8221;1\/2&#8243; offset=&#8221;vc_hidden-sm vc_hidden-xs&#8221;][vc_column_text]<ul class=\"sidemenu\"><li class=\"page_item page-item-7\"><a href=\"https:\/\/www.senaatti.fi\/yhteiskuntavastuuraportti2019\/vuosi-2019\/toimitusjohtajan-katsaus\/\">Toimitusjohtajan katsaus<\/a><\/li>\n<li class=\"page_item page-item-11\"><a href=\"https:\/\/www.senaatti.fi\/yhteiskuntavastuuraportti2019\/vuosi-2019\/taloudelliset-tavoitteet-ja-tulokset\/\">Taloudelliset tavoitteet ja tulokset<\/a><\/li>\n<li class=\"page_item page-item-17\"><a href=\"https:\/\/www.senaatti.fi\/yhteiskuntavastuuraportti2019\/vuosi-2019\/tilinpaatos\/\">Tilinp\u00e4\u00e4t\u00f6s 2019<\/a><\/li>\n<li class=\"page_item page-item-19 page_item_has_children\"><a href=\"https:\/\/www.senaatti.fi\/yhteiskuntavastuuraportti2019\/vuosi-2019\/rahavirrat\/\">Rahavirrat<\/a>\n<ul class='children'>\n\t<li class=\"page_item page-item-21\"><a href=\"https:\/\/www.senaatti.fi\/yhteiskuntavastuuraportti2019\/vuosi-2019\/rahavirrat\/verojalanjalki\/\">Verojalanj\u00e4lki<\/a><\/li>\n\t<li class=\"page_item page-item-23\"><a href=\"https:\/\/www.senaatti.fi\/yhteiskuntavastuuraportti2019\/vuosi-2019\/rahavirrat\/tyollistamisjalanjalki\/\">Ty\u00f6llist\u00e4misjalanj\u00e4lki<\/a><\/li>\n<\/ul>\n<\/li>\n<li class=\"page_item page-item-29\"><a href=\"https:\/\/www.senaatti.fi\/yhteiskuntavastuuraportti2019\/vuosi-2019\/kiinteistokehitys-ja-myynti\/\">Kiinteist\u00f6kehitys ja -myynti<\/a><\/li>\n<li class=\"page_item page-item-31\"><a href=\"https:\/\/www.senaatti.fi\/yhteiskuntavastuuraportti2019\/vuosi-2019\/investoinnit\/\">Investoinnit<\/a><\/li>\n<li class=\"page_item page-item-238\"><a href=\"https:\/\/www.senaatti.fi\/yhteiskuntavastuuraportti2019\/vuosi-2019\/yllapito\/\">Yll\u00e4pito<\/a><\/li>\n<li class=\"page_item page-item-35\"><a href=\"https:\/\/www.senaatti.fi\/yhteiskuntavastuuraportti2019\/vuosi-2019\/vuokraus-ja-palvelut\/\">Vuokraus ja palvelut<\/a><\/li>\n<\/ul>[\/vc_column_text][\/vc_column][vc_column width=&#8221;1\/2&#8243;][vc_column_text][\/vc_column_text][vc_column_text]<\/p>\n<h2>Avainluvut<\/h2>\n<table class=\"senaatti-table senaatti-table--striped senaatti-table--responsive-stacked\">\n<thead>\n<tr>\n<th data-sen-equalize-width=\"heading1\">M\u20ac<\/th>\n<th>2019<\/th>\n<th class=\"senaatti-table-cell senaatti-table-cell--no-line-wrap\">2018<\/th>\n<th class=\"senaatti-table-cell senaatti-table-cell--no-line-wrap\">Muutos-%<\/th>\n<\/tr>\n<\/thead>\n<caption><img loading=\"lazy\" decoding=\"async\" class=\"wp-image-731 size-thumbnail\" src=\"https:\/\/www.senaatti.fi\/app_ykv_archive\/uploads\/sites\/2\/2018\/03\/senaatti-ykv-icon-kaavio-150x150.png\" alt=\"\" width=\"40\" height=\"40\" srcset=\"https:\/\/www.senaatti.fi\/app_ykv_archive\/uploads\/sites\/9\/2018\/03\/senaatti-ykv-icon-kaavio-150x150.png 150w, https:\/\/www.senaatti.fi\/app_ykv_archive\/uploads\/sites\/9\/2018\/03\/senaatti-ykv-icon-kaavio.png 220w\" sizes=\"auto, (max-width: 40px) 100vw, 40px\" \/> Taloudellinen vastuu<\/caption>\n<tbody>\n<tr>\n<td>Liikevaihto *)<\/td>\n<td>647<\/td>\n<td class=\"senaatti-table-cell senaatti-table-cell--no-line-wrap\">638<\/td>\n<td class=\"senaatti-table-cell senaatti-table-cell--no-line-wrap\">1,3<\/td>\n<\/tr>\n<tr>\n<td>Liiketoiminnan muut tuotot *)<\/td>\n<td>67<\/td>\n<td class=\"senaatti-table-cell senaatti-table-cell--no-line-wrap\">50<\/td>\n<td class=\"senaatti-table-cell senaatti-table-cell--no-line-wrap\">35.7<\/td>\n<\/tr>\n<tr>\n<td>Tulos<\/td>\n<td>114<\/td>\n<td class=\"senaatti-table-cell senaatti-table-cell--no-line-wrap\">64<\/td>\n<td class=\"senaatti-table-cell senaatti-table-cell--no-line-wrap\">79.3<\/td>\n<\/tr>\n<tr>\n<td>&#8211; Tulos -% liikevaihdosta<\/td>\n<td>17.7<\/td>\n<td class=\"senaatti-table-cell senaatti-table-cell--no-line-wrap\">10,0<\/td>\n<td class=\"senaatti-table-cell senaatti-table-cell--no-line-wrap\"><\/td>\n<\/tr>\n<tr>\n<td>Tase<\/td>\n<td>4 493<\/td>\n<td class=\"senaatti-table-cell senaatti-table-cell--no-line-wrap\">4 481<\/td>\n<td class=\"senaatti-table-cell senaatti-table-cell--no-line-wrap\">0,3<\/td>\n<\/tr>\n<tr>\n<td>Lainat<\/td>\n<td>1 426<\/td>\n<td class=\"senaatti-table-cell senaatti-table-cell--no-line-wrap\">1 526<\/td>\n<td class=\"senaatti-table-cell senaatti-table-cell--no-line-wrap\">-6.5<\/td>\n<\/tr>\n<tr>\n<td>Investoinnit<\/td>\n<td>309<\/td>\n<td class=\"senaatti-table-cell senaatti-table-cell--no-line-wrap\">240<\/td>\n<td class=\"senaatti-table-cell senaatti-table-cell--no-line-wrap\">28.6<\/td>\n<\/tr>\n<tr>\n<td>Investointien osuus liikevaihdosta, %<\/td>\n<td>48.0<\/td>\n<td class=\"senaatti-table-cell senaatti-table-cell--no-line-wrap\">38,0<\/td>\n<td class=\"senaatti-table-cell senaatti-table-cell--no-line-wrap\"><\/td>\n<\/tr>\n<tr>\n<td>Sijoitetun p\u00e4\u00e4oman tuotto, %<\/td>\n<td>3.1<\/td>\n<td class=\"senaatti-table-cell senaatti-table-cell--no-line-wrap\">2,0<\/td>\n<td class=\"senaatti-table-cell senaatti-table-cell--no-line-wrap\"><\/td>\n<\/tr>\n<tr>\n<td>Oman p\u00e4\u00e4oman tuotto, %<\/td>\n<td>3.9<\/td>\n<td class=\"senaatti-table-cell senaatti-table-cell--no-line-wrap\">2,2<\/td>\n<td class=\"senaatti-table-cell senaatti-table-cell--no-line-wrap\"><\/td>\n<\/tr>\n<tr>\n<td>Omavaraisuusaste, %<\/td>\n<td>65.7<\/td>\n<td class=\"senaatti-table-cell senaatti-table-cell--no-line-wrap\">64,0<\/td>\n<td class=\"senaatti-table-cell senaatti-table-cell--no-line-wrap\"><\/td>\n<\/tr>\n<tr>\n<td>Nettovelkaantumisaste, %<\/td>\n<td>45.3<\/td>\n<td class=\"senaatti-table-cell senaatti-table-cell--no-line-wrap\">49,0<\/td>\n<td class=\"senaatti-table-cell senaatti-table-cell--no-line-wrap\"><\/td>\n<\/tr>\n<tr>\n<td>Vuokrattava pinta-ala, 1000 m2<\/td>\n<td>5 728<\/td>\n<td class=\"senaatti-table-cell senaatti-table-cell--no-line-wrap\">5 889<\/td>\n<td class=\"senaatti-table-cell senaatti-table-cell--no-line-wrap\">-2,7<\/td>\n<\/tr>\n<tr>\n<td>Kiinteist\u00f6omaisuuden vajaak\u00e4ytt\u00f6aste, %<\/td>\n<td>4.7<\/td>\n<td class=\"senaatti-table-cell senaatti-table-cell--no-line-wrap\">5,9<\/td>\n<td class=\"senaatti-table-cell senaatti-table-cell--no-line-wrap\"><\/td>\n<\/tr>\n<tr>\n<td>Keskim\u00e4\u00e4r\u00e4inen neli\u00f6vuokra, e\/m2\/kk *)<\/td>\n<td>15.07<\/td>\n<td class=\"senaatti-table-cell senaatti-table-cell--no-line-wrap\">14,43<\/td>\n<td class=\"senaatti-table-cell senaatti-table-cell--no-line-wrap\">4,4<\/td>\n<\/tr>\n<\/tbody>\n<\/table>\n<p>*) Toimitilavuokrasopimukset, kokonaisvuokrakohteet. Neli\u00f6vuokratieto on ko. vuoden kuukausien keskiarvo.<\/p>\n<table class=\"senaatti-table senaatti-table--striped senaatti-table--responsive-stacked\">\n<caption><img loading=\"lazy\" decoding=\"async\" class=\"alignnone size-thumbnail wp-image-1165\" src=\"https:\/\/www.senaatti.fi\/app_ykv_archive\/uploads\/sites\/2\/2018\/04\/senaatti-ykv-icon-henkilosto-150x150.png\" alt=\"\" width=\"40\" height=\"40\" srcset=\"https:\/\/www.senaatti.fi\/app_ykv_archive\/uploads\/sites\/9\/2018\/04\/senaatti-ykv-icon-henkilosto-150x150.png 150w, https:\/\/www.senaatti.fi\/app_ykv_archive\/uploads\/sites\/9\/2018\/04\/senaatti-ykv-icon-henkilosto.png 220w\" sizes=\"auto, (max-width: 40px) 100vw, 40px\" \/> Sosiaalinen vastuu<\/caption>\n<thead>\n<tr>\n<th data-sen-equalize-width-target=\"heading1\">Mittarit<\/th>\n<th>2019<\/th>\n<th class=\"senaatti-table-cell senaatti-table-cell--no-line-wrap\">2018<\/th>\n<th class=\"senaatti-table-cell senaatti-table-cell--no-line-wrap\">Muutos-%<\/th>\n<\/tr>\n<\/thead>\n<tbody>\n<tr>\n<td>Henkil\u00f6st\u00f6n lkm 31.12.<\/td>\n<td>405<\/td>\n<td class=\"senaatti-table-cell senaatti-table-cell--no-line-wrap\">353<\/td>\n<td class=\"senaatti-table-cell senaatti-table-cell--no-line-wrap\">14.7<\/td>\n<\/tr>\n<tr>\n<td>Henkil\u00f6st\u00f6n keski-ik\u00e4<\/td>\n<td>46.2<\/td>\n<td class=\"senaatti-table-cell senaatti-table-cell--no-line-wrap\">46,7<\/td>\n<td class=\"senaatti-table-cell senaatti-table-cell--no-line-wrap\"><\/td>\n<\/tr>\n<tr>\n<td>Asiakastyytyv\u00e4isyys, % vastaajista melko tai eritt\u00e4in tyytyv\u00e4isi\u00e4<\/td>\n<td>74<\/td>\n<td class=\"senaatti-table-cell senaatti-table-cell--no-line-wrap\">62<\/td>\n<td class=\"senaatti-table-cell senaatti-table-cell--no-line-wrap\"><\/td>\n<\/tr>\n<\/tbody>\n<\/table>\n<table class=\"senaatti-table senaatti-table--striped senaatti-table--responsive-stacked\">\n<caption><img loading=\"lazy\" decoding=\"async\" class=\"alignnone size-thumbnail wp-image-719\" src=\"https:\/\/www.senaatti.fi\/app_ykv_archive\/uploads\/sites\/2\/2018\/03\/senaatti-ykv-icon-ymparisto-150x150.png\" alt=\"\" width=\"40\" height=\"40\" srcset=\"https:\/\/www.senaatti.fi\/app_ykv_archive\/uploads\/sites\/9\/2018\/03\/senaatti-ykv-icon-ymparisto-150x150.png 150w, https:\/\/www.senaatti.fi\/app_ykv_archive\/uploads\/sites\/9\/2018\/03\/senaatti-ykv-icon-ymparisto.png 220w\" sizes=\"auto, (max-width: 40px) 100vw, 40px\" \/> Ymp\u00e4rist\u00f6vastuu<\/caption>\n<thead>\n<tr>\n<th data-sen-equalize-width-target=\"heading1\">Mittarit<\/th>\n<th class=\"senaatti-table-cell senaatti-table-cell--no-line-wrap\">2019<\/th>\n<th class=\"senaatti-table-cell senaatti-table-cell--no-line-wrap\">2018<\/th>\n<th class=\"senaatti-table-cell senaatti-table-cell--no-line-wrap\">Muutos-%<\/th>\n<\/tr>\n<\/thead>\n<tbody>\n<tr>\n<td>S\u00e4hk\u00f6n ominaiskulutus (kWh\/brm\u00b2)<\/td>\n<td class=\"senaatti-table-cell senaatti-table-cell--no-line-wrap\">84<\/td>\n<td class=\"senaatti-table-cell senaatti-table-cell--no-line-wrap\">86<\/td>\n<td class=\"senaatti-table-cell senaatti-table-cell--no-line-wrap\">-2.6<\/td>\n<\/tr>\n<tr>\n<td>L\u00e4mm\u00f6n ominaiskulutus (kWh\/brm\u00b2), normitettu<\/td>\n<td class=\"senaatti-table-cell senaatti-table-cell--no-line-wrap\">119<\/td>\n<td class=\"senaatti-table-cell senaatti-table-cell--no-line-wrap\">118<\/td>\n<td class=\"senaatti-table-cell senaatti-table-cell--no-line-wrap\">1,1<\/td>\n<\/tr>\n<tr>\n<td>Veden ominaiskulutus (l\/brm\u00b2)<\/td>\n<td class=\"senaatti-table-cell senaatti-table-cell--no-line-wrap\">321<\/td>\n<td class=\"senaatti-table-cell senaatti-table-cell--no-line-wrap\">333<\/td>\n<td class=\"senaatti-table-cell senaatti-table-cell--no-line-wrap\">-3.5<\/td>\n<\/tr>\n<tr>\n<td>Yll\u00e4pidettyjen kiinteist\u00f6jen ominaishiilidioksidip\u00e4\u00e4st\u00f6t kgCO\u2082\/brm\u00b2<\/td>\n<td class=\"senaatti-table-cell senaatti-table-cell--no-line-wrap\">15<\/td>\n<td class=\"senaatti-table-cell senaatti-table-cell--no-line-wrap\">18<\/td>\n<td class=\"senaatti-table-cell senaatti-table-cell--no-line-wrap\">-19,3<\/td>\n<\/tr>\n<\/tbody>\n<\/table>\n<p>[\/vc_column_text][\/vc_column][\/vc_row]<\/p>\n<\/div>","protected":false},"excerpt":{"rendered":"<p>[vc_row][vc_column][senaatti_hero heading_size=&#8221;title_small&#8221; image_position_vertical=&#8221;top&#8221; hide_gradient=&#8221;true&#8221; smaller_hero=&#8221;true&#8221; heading=&#8221;Toimitilojen yhteisk\u00e4ytt\u00f6isyys eteni vuonna 2019&#8243; image=&#8221;3149&#8243; text=&#8221;Verohallinto ja Maanmittauslaitos ovat l\u00e4hteneet rohkeasti uudistamaan ty\u00f6ymp\u00e4rist\u00f6j\u00e4\u00e4n ja muuttavat syksyll\u00e4 2020 aidosti yhteisiin toimitiloihin Porvoossa. Yhteisk\u00e4ytt\u00f6isyys on toimistotilojen seuraava evoluutio, jota Senaatti on l\u00e4htenyt aktiivisesti edist\u00e4m\u00e4\u00e4n yhteisty\u00f6ss\u00e4 asiakkaidensa kanssa. \u201dVerolla on n\u00e4hty selv\u00e4n\u00e4 kehityskaarena, ett\u00e4 t\u00e4m\u00e4nkaltainen virastojen v\u00e4linen yhteisty\u00f6 tulee v\u00e4\u00e4j\u00e4\u00e4m\u00e4tt\u00e4 valtiolla lis\u00e4\u00e4ntym\u00e4\u00e4n [&hellip;]<\/p>\n","protected":false},"author":11,"featured_media":0,"parent":0,"menu_order":3,"comment_status":"closed","ping_status":"closed","template":"","meta":{"_acf_changed":false,"footnotes":""},"class_list":["post-5","page","type-page","status-publish","hentry"],"acf":[],"yoast_head":"<!-- This site is optimized with the Yoast SEO plugin v23.9 - https:\/\/yoast.com\/wordpress\/plugins\/seo\/ -->\n<title>Vuosi 2019 - 2019 - yhteiskuntavastuuraportti<\/title>\n<meta name=\"description\" content=\"Avainluvut M\u20ac 2019 2018 Muutos-% Taloudellinen vastuu Liikevaihto *) 647 638 1,3 Liiketoiminnan muut tuotot *) 67 50 35.7 Tulos 114 64 79.3 - Tulos -%\" \/>\n<meta name=\"robots\" content=\"index, follow, max-snippet:-1, max-image-preview:large, max-video-preview:-1\" \/>\n<link rel=\"canonical\" href=\"https:\/\/www.senaatti.fi\/yhteiskuntavastuuraportti2019\/vuosi-2019\/\" \/>\n<meta property=\"og:locale\" content=\"en_US\" \/>\n<meta property=\"og:type\" content=\"article\" \/>\n<meta property=\"og:title\" content=\"Vuosi 2019 - 2019 - yhteiskuntavastuuraportti\" \/>\n<meta property=\"og:description\" content=\"Avainluvut M\u20ac 2019 2018 Muutos-% Taloudellinen vastuu Liikevaihto *) 647 638 1,3 Liiketoiminnan muut tuotot *) 67 50 35.7 Tulos 114 64 79.3 - Tulos -%\" \/>\n<meta property=\"og:url\" content=\"https:\/\/www.senaatti.fi\/yhteiskuntavastuuraportti2019\/vuosi-2019\/\" \/>\n<meta property=\"og:site_name\" content=\"2019 - yhteiskuntavastuuraportti\" \/>\n<meta property=\"article:modified_time\" content=\"2023-06-19T13:18:19+00:00\" \/>\n<meta property=\"og:image\" content=\"https:\/\/www.senaatti.fi\/app_ykv_archive\/uploads\/sites\/2\/2018\/03\/senaatti-ykv-icon-kaavio-150x150.png\" \/>\n<meta name=\"twitter:card\" content=\"summary_large_image\" \/>\n<meta name=\"twitter:label1\" content=\"Est. reading time\" \/>\n\t<meta name=\"twitter:data1\" content=\"2 minutes\" \/>\n<script type=\"application\/ld+json\" class=\"yoast-schema-graph\">{\"@context\":\"https:\/\/schema.org\",\"@graph\":[{\"@type\":\"WebPage\",\"@id\":\"https:\/\/www.senaatti.fi\/yhteiskuntavastuuraportti2019\/vuosi-2019\/\",\"url\":\"https:\/\/www.senaatti.fi\/yhteiskuntavastuuraportti2019\/vuosi-2019\/\",\"name\":\"Vuosi 2019 - 2019 - yhteiskuntavastuuraportti\",\"isPartOf\":{\"@id\":\"https:\/\/www.senaatti.fi\/yhteiskuntavastuuraportti2019\/#website\"},\"primaryImageOfPage\":{\"@id\":\"https:\/\/www.senaatti.fi\/yhteiskuntavastuuraportti2019\/vuosi-2019\/#primaryimage\"},\"image\":{\"@id\":\"https:\/\/www.senaatti.fi\/yhteiskuntavastuuraportti2019\/vuosi-2019\/#primaryimage\"},\"thumbnailUrl\":\"https:\/\/www.senaatti.fi\/app_ykv_archive\/uploads\/sites\/2\/2018\/03\/senaatti-ykv-icon-kaavio-150x150.png\",\"datePublished\":\"2018-01-29T10:56:11+00:00\",\"dateModified\":\"2023-06-19T13:18:19+00:00\",\"description\":\"Avainluvut M\u20ac 2019 2018 Muutos-% Taloudellinen vastuu Liikevaihto *) 647 638 1,3 Liiketoiminnan muut tuotot *) 67 50 35.7 Tulos 114 64 79.3 - Tulos -%\",\"breadcrumb\":{\"@id\":\"https:\/\/www.senaatti.fi\/yhteiskuntavastuuraportti2019\/vuosi-2019\/#breadcrumb\"},\"inLanguage\":\"en-US\",\"potentialAction\":[{\"@type\":\"ReadAction\",\"target\":[\"https:\/\/www.senaatti.fi\/yhteiskuntavastuuraportti2019\/vuosi-2019\/\"]}]},{\"@type\":\"ImageObject\",\"inLanguage\":\"en-US\",\"@id\":\"https:\/\/www.senaatti.fi\/yhteiskuntavastuuraportti2019\/vuosi-2019\/#primaryimage\",\"url\":\"https:\/\/www.senaatti.fi\/app_ykv_archive\/uploads\/sites\/2\/2018\/03\/senaatti-ykv-icon-kaavio-150x150.png\",\"contentUrl\":\"https:\/\/www.senaatti.fi\/app_ykv_archive\/uploads\/sites\/2\/2018\/03\/senaatti-ykv-icon-kaavio-150x150.png\"},{\"@type\":\"BreadcrumbList\",\"@id\":\"https:\/\/www.senaatti.fi\/yhteiskuntavastuuraportti2019\/vuosi-2019\/#breadcrumb\",\"itemListElement\":[{\"@type\":\"ListItem\",\"position\":1,\"name\":\"Home\",\"item\":\"https:\/\/www.senaatti.fi\/yhteiskuntavastuuraportti2019\/\"},{\"@type\":\"ListItem\",\"position\":2,\"name\":\"Vuosi 2019\"}]},{\"@type\":\"WebSite\",\"@id\":\"https:\/\/www.senaatti.fi\/yhteiskuntavastuuraportti2019\/#website\",\"url\":\"https:\/\/www.senaatti.fi\/yhteiskuntavastuuraportti2019\/\",\"name\":\"2019 - yhteiskuntavastuuraportti\",\"description\":\"\",\"potentialAction\":[{\"@type\":\"SearchAction\",\"target\":{\"@type\":\"EntryPoint\",\"urlTemplate\":\"https:\/\/www.senaatti.fi\/yhteiskuntavastuuraportti2019\/?s={search_term_string}\"},\"query-input\":{\"@type\":\"PropertyValueSpecification\",\"valueRequired\":true,\"valueName\":\"search_term_string\"}}],\"inLanguage\":\"en-US\"}]}<\/script>\n<!-- \/ Yoast SEO plugin. -->","yoast_head_json":{"title":"Vuosi 2019 - 2019 - yhteiskuntavastuuraportti","description":"Avainluvut M\u20ac 2019 2018 Muutos-% Taloudellinen vastuu Liikevaihto *) 647 638 1,3 Liiketoiminnan muut tuotot *) 67 50 35.7 Tulos 114 64 79.3 - Tulos -%","robots":{"index":"index","follow":"follow","max-snippet":"max-snippet:-1","max-image-preview":"max-image-preview:large","max-video-preview":"max-video-preview:-1"},"canonical":"https:\/\/www.senaatti.fi\/yhteiskuntavastuuraportti2019\/vuosi-2019\/","og_locale":"en_US","og_type":"article","og_title":"Vuosi 2019 - 2019 - yhteiskuntavastuuraportti","og_description":"Avainluvut M\u20ac 2019 2018 Muutos-% Taloudellinen vastuu Liikevaihto *) 647 638 1,3 Liiketoiminnan muut tuotot *) 67 50 35.7 Tulos 114 64 79.3 - Tulos -%","og_url":"https:\/\/www.senaatti.fi\/yhteiskuntavastuuraportti2019\/vuosi-2019\/","og_site_name":"2019 - yhteiskuntavastuuraportti","article_modified_time":"2023-06-19T13:18:19+00:00","og_image":[{"url":"https:\/\/www.senaatti.fi\/app_ykv_archive\/uploads\/sites\/2\/2018\/03\/senaatti-ykv-icon-kaavio-150x150.png"}],"twitter_card":"summary_large_image","twitter_misc":{"Est. reading time":"2 minutes"},"schema":{"@context":"https:\/\/schema.org","@graph":[{"@type":"WebPage","@id":"https:\/\/www.senaatti.fi\/yhteiskuntavastuuraportti2019\/vuosi-2019\/","url":"https:\/\/www.senaatti.fi\/yhteiskuntavastuuraportti2019\/vuosi-2019\/","name":"Vuosi 2019 - 2019 - yhteiskuntavastuuraportti","isPartOf":{"@id":"https:\/\/www.senaatti.fi\/yhteiskuntavastuuraportti2019\/#website"},"primaryImageOfPage":{"@id":"https:\/\/www.senaatti.fi\/yhteiskuntavastuuraportti2019\/vuosi-2019\/#primaryimage"},"image":{"@id":"https:\/\/www.senaatti.fi\/yhteiskuntavastuuraportti2019\/vuosi-2019\/#primaryimage"},"thumbnailUrl":"https:\/\/www.senaatti.fi\/app_ykv_archive\/uploads\/sites\/2\/2018\/03\/senaatti-ykv-icon-kaavio-150x150.png","datePublished":"2018-01-29T10:56:11+00:00","dateModified":"2023-06-19T13:18:19+00:00","description":"Avainluvut M\u20ac 2019 2018 Muutos-% Taloudellinen vastuu Liikevaihto *) 647 638 1,3 Liiketoiminnan muut tuotot *) 67 50 35.7 Tulos 114 64 79.3 - Tulos -%","breadcrumb":{"@id":"https:\/\/www.senaatti.fi\/yhteiskuntavastuuraportti2019\/vuosi-2019\/#breadcrumb"},"inLanguage":"en-US","potentialAction":[{"@type":"ReadAction","target":["https:\/\/www.senaatti.fi\/yhteiskuntavastuuraportti2019\/vuosi-2019\/"]}]},{"@type":"ImageObject","inLanguage":"en-US","@id":"https:\/\/www.senaatti.fi\/yhteiskuntavastuuraportti2019\/vuosi-2019\/#primaryimage","url":"https:\/\/www.senaatti.fi\/app_ykv_archive\/uploads\/sites\/2\/2018\/03\/senaatti-ykv-icon-kaavio-150x150.png","contentUrl":"https:\/\/www.senaatti.fi\/app_ykv_archive\/uploads\/sites\/2\/2018\/03\/senaatti-ykv-icon-kaavio-150x150.png"},{"@type":"BreadcrumbList","@id":"https:\/\/www.senaatti.fi\/yhteiskuntavastuuraportti2019\/vuosi-2019\/#breadcrumb","itemListElement":[{"@type":"ListItem","position":1,"name":"Home","item":"https:\/\/www.senaatti.fi\/yhteiskuntavastuuraportti2019\/"},{"@type":"ListItem","position":2,"name":"Vuosi 2019"}]},{"@type":"WebSite","@id":"https:\/\/www.senaatti.fi\/yhteiskuntavastuuraportti2019\/#website","url":"https:\/\/www.senaatti.fi\/yhteiskuntavastuuraportti2019\/","name":"2019 - yhteiskuntavastuuraportti","description":"","potentialAction":[{"@type":"SearchAction","target":{"@type":"EntryPoint","urlTemplate":"https:\/\/www.senaatti.fi\/yhteiskuntavastuuraportti2019\/?s={search_term_string}"},"query-input":{"@type":"PropertyValueSpecification","valueRequired":true,"valueName":"search_term_string"}}],"inLanguage":"en-US"}]}},"_links":{"self":[{"href":"https:\/\/www.senaatti.fi\/yhteiskuntavastuuraportti2019\/wp-json\/wp\/v2\/pages\/5","targetHints":{"allow":["GET"]}}],"collection":[{"href":"https:\/\/www.senaatti.fi\/yhteiskuntavastuuraportti2019\/wp-json\/wp\/v2\/pages"}],"about":[{"href":"https:\/\/www.senaatti.fi\/yhteiskuntavastuuraportti2019\/wp-json\/wp\/v2\/types\/page"}],"author":[{"embeddable":true,"href":"https:\/\/www.senaatti.fi\/yhteiskuntavastuuraportti2019\/wp-json\/wp\/v2\/users\/11"}],"replies":[{"embeddable":true,"href":"https:\/\/www.senaatti.fi\/yhteiskuntavastuuraportti2019\/wp-json\/wp\/v2\/comments?post=5"}],"version-history":[{"count":12,"href":"https:\/\/www.senaatti.fi\/yhteiskuntavastuuraportti2019\/wp-json\/wp\/v2\/pages\/5\/revisions"}],"predecessor-version":[{"id":3407,"href":"https:\/\/www.senaatti.fi\/yhteiskuntavastuuraportti2019\/wp-json\/wp\/v2\/pages\/5\/revisions\/3407"}],"wp:attachment":[{"href":"https:\/\/www.senaatti.fi\/yhteiskuntavastuuraportti2019\/wp-json\/wp\/v2\/media?parent=5"}],"curies":[{"name":"wp","href":"https:\/\/api.w.org\/{rel}","templated":true}]}}