{"id":39,"date":"2018-01-29T11:02:22","date_gmt":"2018-01-29T11:02:22","guid":{"rendered":"https:\/\/www.senaatti.fi\/yhteiskuntavastuuraportti2019\/?page_id=39"},"modified":"2020-04-06T13:15:24","modified_gmt":"2020-04-06T13:15:24","slug":"organisaatio","status":"publish","type":"page","link":"https:\/\/www.senaatti.fi\/yhteiskuntavastuuraportti2019\/senaatti\/organisaatio\/","title":{"rendered":"Organisaatio"},"content":{"rendered":"<p><img loading=\"lazy\" decoding=\"async\" class=\"alignnone size-full wp-image-3120\" src=\"https:\/\/www.senaatti.fi\/app_ykv_archive\/uploads\/sites\/9\/2020\/04\/Riikka_Manninen_Petri_Turku_Sonja_Nybonn_63A6075.jpg\" alt=\"\" width=\"1071\" height=\"678\" srcset=\"https:\/\/www.senaatti.fi\/app_ykv_archive\/uploads\/sites\/9\/2020\/04\/Riikka_Manninen_Petri_Turku_Sonja_Nybonn_63A6075.jpg 1071w, https:\/\/www.senaatti.fi\/app_ykv_archive\/uploads\/sites\/9\/2020\/04\/Riikka_Manninen_Petri_Turku_Sonja_Nybonn_63A6075-300x190.jpg 300w, https:\/\/www.senaatti.fi\/app_ykv_archive\/uploads\/sites\/9\/2020\/04\/Riikka_Manninen_Petri_Turku_Sonja_Nybonn_63A6075-1024x648.jpg 1024w, https:\/\/www.senaatti.fi\/app_ykv_archive\/uploads\/sites\/9\/2020\/04\/Riikka_Manninen_Petri_Turku_Sonja_Nybonn_63A6075-768x486.jpg 768w\" sizes=\"auto, (max-width: 1071px) 100vw, 1071px\" \/><\/p>\n<p>Senaatti-kiinteist\u00f6t muodostaa liikelaitoskonsernin, johon liikelaitoksen lis\u00e4ksi kuuluu 29 tyt\u00e4ryhti\u00f6t\u00e4. Henkil\u00f6st\u00f6\u00e4 oli vuoden 2019 lopussa 405 (353).<\/p>\n<p>Toimipisteit\u00e4 on 10 paikkakunnalla eri puolilla Suomea. P\u00e4\u00e4toimipaikka sijaitsee Helsingiss\u00e4.\u00a0 Muut toimipisteet ovat H\u00e4meenlinna, Jyv\u00e4skyl\u00e4, Kouvola, Kuopio, Oulu, Tampere, Turku, Rovaniemi ja Vaasa.<\/p>\n<p>Senaatilla on matriisiorganisaatio, jossa ensisijaisessa liiketoiminta- ja tulosvastuussa ovat kolme toimialaa, joihin on koottu toiminnaltaan ja palvelutarpeiltaan samankaltaisia asiakkaita. Toimialat vastaavat asiakkuuksista strategisella tasolla.<\/p>\n<p>Asiakkuuksista ja toimittajaverkostosta operatiivisella tasolla vastaa operatiivinen yksikk\u00f6, jonka alaisuudessa toimii Senaatti-kiinteist\u00f6jen alueorganisaatio. Senaatilla on nelj\u00e4 alueyksikk\u00f6\u00e4: Etel\u00e4-Suomen, L\u00e4nsi-Suomen, It\u00e4-Suomen ja Pohjois-Suomen alueet, joita kutakin johtaa aluejohtaja.<\/p>\n<p>Senaatin toimialoihin ja alueorganisaatioon voi tutustuta tarkemmin kotisivuillamme:<\/p>\n<p><a href=\"https:\/\/www.senaatti.fi\/tietoa-senaatista\/organisaatio\/toimialat\/\" target=\"_blank\" rel=\"noopener noreferrer\">Tutustu toimialoihimme<\/a><\/p>\n<p><a href=\"https:\/\/www.senaatti.fi\/tietoa-senaatista\/organisaatio\/alueet\/\" target=\"_blank\" rel=\"noopener noreferrer\">Tutustu alueorganisaatioomme<\/a><\/p>\n<p>Lis\u00e4ksi Senaatti-kiinteist\u00f6jen toimintaa tukevat kuusi palveluyksikk\u00f6\u00e4, jotka ovat:<\/p>\n<ul>\n<li>strategia, kehitt\u00e4minen ja tiedonhallinta<\/li>\n<li>talous ja lakiasiat<\/li>\n<li>kiinteist\u00f6kehitys ja -myynti<\/li>\n<li>henkil\u00f6st\u00f6resurssit ja kehitt\u00e4minen<\/li>\n<li>markkinointi ja viestint\u00e4<\/li>\n<li>sis\u00e4inen tarkastus.<\/li>\n<\/ul>\n<p><strong>Organisaatiokaavio:<img loading=\"lazy\" decoding=\"async\" class=\"aligncenter size-full wp-image-3255\" src=\"https:\/\/www.senaatti.fi\/app_ykv_archive\/uploads\/sites\/9\/2020\/04\/organisaatio.png\" alt=\"Organisaatio kuvattuna kaaviona.\" width=\"961\" height=\"527\" aria-describedby=\"organisaatiokaavio\" srcset=\"https:\/\/www.senaatti.fi\/app_ykv_archive\/uploads\/sites\/9\/2020\/04\/organisaatio.png 961w, https:\/\/www.senaatti.fi\/app_ykv_archive\/uploads\/sites\/9\/2020\/04\/organisaatio-300x165.png 300w, https:\/\/www.senaatti.fi\/app_ykv_archive\/uploads\/sites\/9\/2020\/04\/organisaatio-768x421.png 768w\" sizes=\"auto, (max-width: 961px) 100vw, 961px\" \/><\/strong><\/p>\n<div id=\"organisaatiokaavio\" class=\"sr-only\"><img loading=\"lazy\" decoding=\"async\" class=\"aligncenter size-full wp-image-3255\" src=\"https:\/\/www.senaatti.fi\/app_ykv_archive\/uploads\/sites\/9\/2020\/04\/organisaatio.png\" alt=\"Organisaatio kuvattuna kaaviona.\" width=\"961\" height=\"527\" srcset=\"https:\/\/www.senaatti.fi\/app_ykv_archive\/uploads\/sites\/9\/2020\/04\/organisaatio.png 961w, https:\/\/www.senaatti.fi\/app_ykv_archive\/uploads\/sites\/9\/2020\/04\/organisaatio-300x165.png 300w, https:\/\/www.senaatti.fi\/app_ykv_archive\/uploads\/sites\/9\/2020\/04\/organisaatio-768x421.png 768w\" sizes=\"auto, (max-width: 961px) 100vw, 961px\" \/>Senaatilla on hallitus, jonka alaisuudessa toimitusjohtaja toimii. Senaatilla on matriisiorganisaatio, jossa kolme toimialaa, joihin on koottu toiminnaltaan ja palvelutarpeiltaan samankaltaisia asiakkaita. Asiakkuuksista ja toimittajaverkostosta operatiivisella tasolla vastaa operatiivinen yksikk\u00f6, jonka alaisuudessa toimii Senaatti-kiinteist\u00f6jen alueorganisaatio. Alueita on nelj\u00e4: Etel\u00e4-Suomi, L\u00e4nsi-Suomi, It\u00e4-Suomi ja Pohjois-Suomi. Operatiivinen yksikk\u00f6\u00f6n kuuluu my\u00f6s rakennuttamisyksikk\u00f6, ty\u00f6ymp\u00e4rist\u00f6yksikk\u00f6 sek\u00e4 toimitila- ja yll\u00e4pitopalvelut. Senaatin toimintaa tukevat lis\u00e4ksi kuusi palveluyksikk\u00f6\u00e4, jotka ovat strategia, kehitt\u00e4minen ja tiedonhallinta. talous ja lakiasiat. kiinteist\u00f6kehitys ja -myynti.henkil\u00f6st\u00f6resurssit ja kehitt\u00e4minen.markkinointi ja viestint\u00e4. sis\u00e4inen tarkastus.<\/div>\n","protected":false},"excerpt":{"rendered":"<p>Senaatti-kiinteist\u00f6t muodostaa liikelaitoskonsernin, johon liikelaitoksen lis\u00e4ksi kuuluu 29 tyt\u00e4ryhti\u00f6t\u00e4. Henkil\u00f6st\u00f6\u00e4 oli vuoden 2019 lopussa 405 (353). Toimipisteit\u00e4 on 10 paikkakunnalla eri puolilla Suomea. P\u00e4\u00e4toimipaikka sijaitsee Helsingiss\u00e4.\u00a0 Muut toimipisteet ovat H\u00e4meenlinna, Jyv\u00e4skyl\u00e4, Kouvola, Kuopio, Oulu, Tampere, Turku, Rovaniemi ja Vaasa. Senaatilla on matriisiorganisaatio, jossa ensisijaisessa liiketoiminta- ja tulosvastuussa ovat kolme toimialaa, joihin on koottu toiminnaltaan ja [&hellip;]<\/p>\n","protected":false},"author":11,"featured_media":0,"parent":37,"menu_order":3,"comment_status":"closed","ping_status":"closed","template":"","meta":{"_acf_changed":false,"footnotes":""},"class_list":["post-39","page","type-page","status-publish","hentry"],"acf":[],"yoast_head":"<!-- This site is optimized with the Yoast SEO plugin v23.9 - https:\/\/yoast.com\/wordpress\/plugins\/seo\/ -->\n<title>Organisaatio - 2019 - yhteiskuntavastuuraportti<\/title>\n<meta name=\"description\" content=\"Senaatti-kiinteist\u00f6t muodostaa liikelaitoskonsernin, johon liikelaitoksen lis\u00e4ksi kuuluu 29 tyt\u00e4ryhti\u00f6t\u00e4. Henkil\u00f6st\u00f6\u00e4 oli vuoden 2019 lopussa 405 (353).\" \/>\n<meta name=\"robots\" content=\"index, follow, max-snippet:-1, max-image-preview:large, max-video-preview:-1\" \/>\n<link rel=\"canonical\" href=\"https:\/\/www.senaatti.fi\/yhteiskuntavastuuraportti2019\/senaatti\/organisaatio\/\" \/>\n<meta property=\"og:locale\" content=\"en_US\" \/>\n<meta property=\"og:type\" content=\"article\" \/>\n<meta property=\"og:title\" content=\"Organisaatio - 2019 - yhteiskuntavastuuraportti\" \/>\n<meta property=\"og:description\" content=\"Senaatti-kiinteist\u00f6t muodostaa liikelaitoskonsernin, johon liikelaitoksen lis\u00e4ksi kuuluu 29 tyt\u00e4ryhti\u00f6t\u00e4. Henkil\u00f6st\u00f6\u00e4 oli vuoden 2019 lopussa 405 (353).\" \/>\n<meta property=\"og:url\" content=\"https:\/\/www.senaatti.fi\/yhteiskuntavastuuraportti2019\/senaatti\/organisaatio\/\" \/>\n<meta property=\"og:site_name\" content=\"2019 - yhteiskuntavastuuraportti\" \/>\n<meta property=\"article:modified_time\" content=\"2020-04-06T13:15:24+00:00\" \/>\n<meta property=\"og:image\" content=\"https:\/\/www.senaatti.fi\/app_ykv_archive\/uploads\/sites\/9\/2020\/04\/Riikka_Manninen_Petri_Turku_Sonja_Nybonn_63A6075.jpg\" \/>\n<meta name=\"twitter:card\" content=\"summary_large_image\" \/>\n<meta name=\"twitter:label1\" content=\"Est. reading time\" \/>\n\t<meta name=\"twitter:data1\" content=\"1 minute\" \/>\n<script type=\"application\/ld+json\" class=\"yoast-schema-graph\">{\"@context\":\"https:\/\/schema.org\",\"@graph\":[{\"@type\":\"WebPage\",\"@id\":\"https:\/\/www.senaatti.fi\/yhteiskuntavastuuraportti2019\/senaatti\/organisaatio\/\",\"url\":\"https:\/\/www.senaatti.fi\/yhteiskuntavastuuraportti2019\/senaatti\/organisaatio\/\",\"name\":\"Organisaatio - 2019 - yhteiskuntavastuuraportti\",\"isPartOf\":{\"@id\":\"https:\/\/www.senaatti.fi\/yhteiskuntavastuuraportti2019\/#website\"},\"primaryImageOfPage\":{\"@id\":\"https:\/\/www.senaatti.fi\/yhteiskuntavastuuraportti2019\/senaatti\/organisaatio\/#primaryimage\"},\"image\":{\"@id\":\"https:\/\/www.senaatti.fi\/yhteiskuntavastuuraportti2019\/senaatti\/organisaatio\/#primaryimage\"},\"thumbnailUrl\":\"https:\/\/www.senaatti.fi\/app_ykv_archive\/uploads\/sites\/9\/2020\/04\/Riikka_Manninen_Petri_Turku_Sonja_Nybonn_63A6075.jpg\",\"datePublished\":\"2018-01-29T11:02:22+00:00\",\"dateModified\":\"2020-04-06T13:15:24+00:00\",\"description\":\"Senaatti-kiinteist\u00f6t muodostaa liikelaitoskonsernin, johon liikelaitoksen lis\u00e4ksi kuuluu 29 tyt\u00e4ryhti\u00f6t\u00e4. Henkil\u00f6st\u00f6\u00e4 oli vuoden 2019 lopussa 405 (353).\",\"breadcrumb\":{\"@id\":\"https:\/\/www.senaatti.fi\/yhteiskuntavastuuraportti2019\/senaatti\/organisaatio\/#breadcrumb\"},\"inLanguage\":\"en-US\",\"potentialAction\":[{\"@type\":\"ReadAction\",\"target\":[\"https:\/\/www.senaatti.fi\/yhteiskuntavastuuraportti2019\/senaatti\/organisaatio\/\"]}]},{\"@type\":\"ImageObject\",\"inLanguage\":\"en-US\",\"@id\":\"https:\/\/www.senaatti.fi\/yhteiskuntavastuuraportti2019\/senaatti\/organisaatio\/#primaryimage\",\"url\":\"https:\/\/www.senaatti.fi\/app_ykv_archive\/uploads\/sites\/9\/2020\/04\/Riikka_Manninen_Petri_Turku_Sonja_Nybonn_63A6075.jpg\",\"contentUrl\":\"https:\/\/www.senaatti.fi\/app_ykv_archive\/uploads\/sites\/9\/2020\/04\/Riikka_Manninen_Petri_Turku_Sonja_Nybonn_63A6075.jpg\"},{\"@type\":\"BreadcrumbList\",\"@id\":\"https:\/\/www.senaatti.fi\/yhteiskuntavastuuraportti2019\/senaatti\/organisaatio\/#breadcrumb\",\"itemListElement\":[{\"@type\":\"ListItem\",\"position\":1,\"name\":\"Home\",\"item\":\"https:\/\/www.senaatti.fi\/yhteiskuntavastuuraportti2019\/\"},{\"@type\":\"ListItem\",\"position\":2,\"name\":\"Senaatti\",\"item\":\"https:\/\/www.senaatti.fi\/yhteiskuntavastuuraportti2019\/senaatti\/\"},{\"@type\":\"ListItem\",\"position\":3,\"name\":\"Organisaatio\"}]},{\"@type\":\"WebSite\",\"@id\":\"https:\/\/www.senaatti.fi\/yhteiskuntavastuuraportti2019\/#website\",\"url\":\"https:\/\/www.senaatti.fi\/yhteiskuntavastuuraportti2019\/\",\"name\":\"2019 - yhteiskuntavastuuraportti\",\"description\":\"\",\"potentialAction\":[{\"@type\":\"SearchAction\",\"target\":{\"@type\":\"EntryPoint\",\"urlTemplate\":\"https:\/\/www.senaatti.fi\/yhteiskuntavastuuraportti2019\/?s={search_term_string}\"},\"query-input\":{\"@type\":\"PropertyValueSpecification\",\"valueRequired\":true,\"valueName\":\"search_term_string\"}}],\"inLanguage\":\"en-US\"}]}<\/script>\n<!-- \/ Yoast SEO plugin. -->","yoast_head_json":{"title":"Organisaatio - 2019 - yhteiskuntavastuuraportti","description":"Senaatti-kiinteist\u00f6t muodostaa liikelaitoskonsernin, johon liikelaitoksen lis\u00e4ksi kuuluu 29 tyt\u00e4ryhti\u00f6t\u00e4. Henkil\u00f6st\u00f6\u00e4 oli vuoden 2019 lopussa 405 (353).","robots":{"index":"index","follow":"follow","max-snippet":"max-snippet:-1","max-image-preview":"max-image-preview:large","max-video-preview":"max-video-preview:-1"},"canonical":"https:\/\/www.senaatti.fi\/yhteiskuntavastuuraportti2019\/senaatti\/organisaatio\/","og_locale":"en_US","og_type":"article","og_title":"Organisaatio - 2019 - yhteiskuntavastuuraportti","og_description":"Senaatti-kiinteist\u00f6t muodostaa liikelaitoskonsernin, johon liikelaitoksen lis\u00e4ksi kuuluu 29 tyt\u00e4ryhti\u00f6t\u00e4. Henkil\u00f6st\u00f6\u00e4 oli vuoden 2019 lopussa 405 (353).","og_url":"https:\/\/www.senaatti.fi\/yhteiskuntavastuuraportti2019\/senaatti\/organisaatio\/","og_site_name":"2019 - yhteiskuntavastuuraportti","article_modified_time":"2020-04-06T13:15:24+00:00","og_image":[{"url":"https:\/\/www.senaatti.fi\/app_ykv_archive\/uploads\/sites\/9\/2020\/04\/Riikka_Manninen_Petri_Turku_Sonja_Nybonn_63A6075.jpg"}],"twitter_card":"summary_large_image","twitter_misc":{"Est. reading time":"1 minute"},"schema":{"@context":"https:\/\/schema.org","@graph":[{"@type":"WebPage","@id":"https:\/\/www.senaatti.fi\/yhteiskuntavastuuraportti2019\/senaatti\/organisaatio\/","url":"https:\/\/www.senaatti.fi\/yhteiskuntavastuuraportti2019\/senaatti\/organisaatio\/","name":"Organisaatio - 2019 - yhteiskuntavastuuraportti","isPartOf":{"@id":"https:\/\/www.senaatti.fi\/yhteiskuntavastuuraportti2019\/#website"},"primaryImageOfPage":{"@id":"https:\/\/www.senaatti.fi\/yhteiskuntavastuuraportti2019\/senaatti\/organisaatio\/#primaryimage"},"image":{"@id":"https:\/\/www.senaatti.fi\/yhteiskuntavastuuraportti2019\/senaatti\/organisaatio\/#primaryimage"},"thumbnailUrl":"https:\/\/www.senaatti.fi\/app_ykv_archive\/uploads\/sites\/9\/2020\/04\/Riikka_Manninen_Petri_Turku_Sonja_Nybonn_63A6075.jpg","datePublished":"2018-01-29T11:02:22+00:00","dateModified":"2020-04-06T13:15:24+00:00","description":"Senaatti-kiinteist\u00f6t muodostaa liikelaitoskonsernin, johon liikelaitoksen lis\u00e4ksi kuuluu 29 tyt\u00e4ryhti\u00f6t\u00e4. Henkil\u00f6st\u00f6\u00e4 oli vuoden 2019 lopussa 405 (353).","breadcrumb":{"@id":"https:\/\/www.senaatti.fi\/yhteiskuntavastuuraportti2019\/senaatti\/organisaatio\/#breadcrumb"},"inLanguage":"en-US","potentialAction":[{"@type":"ReadAction","target":["https:\/\/www.senaatti.fi\/yhteiskuntavastuuraportti2019\/senaatti\/organisaatio\/"]}]},{"@type":"ImageObject","inLanguage":"en-US","@id":"https:\/\/www.senaatti.fi\/yhteiskuntavastuuraportti2019\/senaatti\/organisaatio\/#primaryimage","url":"https:\/\/www.senaatti.fi\/app_ykv_archive\/uploads\/sites\/9\/2020\/04\/Riikka_Manninen_Petri_Turku_Sonja_Nybonn_63A6075.jpg","contentUrl":"https:\/\/www.senaatti.fi\/app_ykv_archive\/uploads\/sites\/9\/2020\/04\/Riikka_Manninen_Petri_Turku_Sonja_Nybonn_63A6075.jpg"},{"@type":"BreadcrumbList","@id":"https:\/\/www.senaatti.fi\/yhteiskuntavastuuraportti2019\/senaatti\/organisaatio\/#breadcrumb","itemListElement":[{"@type":"ListItem","position":1,"name":"Home","item":"https:\/\/www.senaatti.fi\/yhteiskuntavastuuraportti2019\/"},{"@type":"ListItem","position":2,"name":"Senaatti","item":"https:\/\/www.senaatti.fi\/yhteiskuntavastuuraportti2019\/senaatti\/"},{"@type":"ListItem","position":3,"name":"Organisaatio"}]},{"@type":"WebSite","@id":"https:\/\/www.senaatti.fi\/yhteiskuntavastuuraportti2019\/#website","url":"https:\/\/www.senaatti.fi\/yhteiskuntavastuuraportti2019\/","name":"2019 - yhteiskuntavastuuraportti","description":"","potentialAction":[{"@type":"SearchAction","target":{"@type":"EntryPoint","urlTemplate":"https:\/\/www.senaatti.fi\/yhteiskuntavastuuraportti2019\/?s={search_term_string}"},"query-input":{"@type":"PropertyValueSpecification","valueRequired":true,"valueName":"search_term_string"}}],"inLanguage":"en-US"}]}},"_links":{"self":[{"href":"https:\/\/www.senaatti.fi\/yhteiskuntavastuuraportti2019\/wp-json\/wp\/v2\/pages\/39","targetHints":{"allow":["GET"]}}],"collection":[{"href":"https:\/\/www.senaatti.fi\/yhteiskuntavastuuraportti2019\/wp-json\/wp\/v2\/pages"}],"about":[{"href":"https:\/\/www.senaatti.fi\/yhteiskuntavastuuraportti2019\/wp-json\/wp\/v2\/types\/page"}],"author":[{"embeddable":true,"href":"https:\/\/www.senaatti.fi\/yhteiskuntavastuuraportti2019\/wp-json\/wp\/v2\/users\/11"}],"replies":[{"embeddable":true,"href":"https:\/\/www.senaatti.fi\/yhteiskuntavastuuraportti2019\/wp-json\/wp\/v2\/comments?post=39"}],"version-history":[{"count":12,"href":"https:\/\/www.senaatti.fi\/yhteiskuntavastuuraportti2019\/wp-json\/wp\/v2\/pages\/39\/revisions"}],"predecessor-version":[{"id":3256,"href":"https:\/\/www.senaatti.fi\/yhteiskuntavastuuraportti2019\/wp-json\/wp\/v2\/pages\/39\/revisions\/3256"}],"up":[{"embeddable":true,"href":"https:\/\/www.senaatti.fi\/yhteiskuntavastuuraportti2019\/wp-json\/wp\/v2\/pages\/37"}],"wp:attachment":[{"href":"https:\/\/www.senaatti.fi\/yhteiskuntavastuuraportti2019\/wp-json\/wp\/v2\/media?parent=39"}],"curies":[{"name":"wp","href":"https:\/\/api.w.org\/{rel}","templated":true}]}}