{"id":317,"date":"2018-03-01T12:26:49","date_gmt":"2018-03-01T12:26:49","guid":{"rendered":"https:\/\/www.senaatti.fi\/yhteiskuntavastuuraportti2019\/?page_id=317"},"modified":"2020-02-24T10:32:15","modified_gmt":"2020-02-24T10:32:15","slug":"taide-osana-tyoymparistoa","status":"publish","type":"page","link":"https:\/\/www.senaatti.fi\/yhteiskuntavastuuraportti2019\/vastuullisuus-senaatissa\/tyoymparistot\/taide-osana-tyoymparistoa\/","title":{"rendered":"Taide osana ty\u00f6ymp\u00e4rist\u00f6\u00e4"},"content":{"rendered":"<p>Hyv\u00e4\u00e4n ty\u00f6ymp\u00e4rist\u00f6\u00f6n ja julkisiin rakennuksiin kuuluu olennaisena osana taide. Senaatti tekee tiivist\u00e4 yhteisty\u00f6t\u00e4 Valtion taideteostoimikunnan kanssa valtion virastojen taidehankinnoissa. Vuonna 2019 Senaatin kohteisiin j\u00e4rjestettiin kolme taidekilpailua ja tekeill\u00e4 oli nelj\u00e4 merkitt\u00e4v\u00e4\u00e4 tilausteosta.<\/p>\n<h2>Vuoden 2019 aikana valmistuneet tilausteokset:<\/h2>\n<h4><img loading=\"lazy\" decoding=\"async\" class=\"alignnone wp-image-2476 size-full\" src=\"https:\/\/www.senaatti.fi\/app_ykv_archive\/uploads\/sites\/9\/2020\/02\/Tunnetila_Taide.png\" alt=\"Abstrakti kuva\" width=\"1920\" height=\"912\" srcset=\"https:\/\/www.senaatti.fi\/app_ykv_archive\/uploads\/sites\/9\/2020\/02\/Tunnetila_Taide.png 1920w, https:\/\/www.senaatti.fi\/app_ykv_archive\/uploads\/sites\/9\/2020\/02\/Tunnetila_Taide-300x143.png 300w, https:\/\/www.senaatti.fi\/app_ykv_archive\/uploads\/sites\/9\/2020\/02\/Tunnetila_Taide-1024x486.png 1024w, https:\/\/www.senaatti.fi\/app_ykv_archive\/uploads\/sites\/9\/2020\/02\/Tunnetila_Taide-768x365.png 768w, https:\/\/www.senaatti.fi\/app_ykv_archive\/uploads\/sites\/9\/2020\/02\/Tunnetila_Taide-1536x730.png 1536w, https:\/\/www.senaatti.fi\/app_ykv_archive\/uploads\/sites\/9\/2020\/02\/Tunnetila_Taide-1600x760.png 1600w\" sizes=\"auto, (max-width: 1920px) 100vw, 1920px\" \/><\/h4>\n<h4>Tomi Paijo, Valtion tunnetila, verkkotaideteos<\/h4>\n<p>Yleinen ideakilpailu taideteoksista valtion virtuaalisiin ty\u00f6ymp\u00e4rist\u00f6ihin<\/p>\n<h4>Pink Twins, Puutarhaportaali, verkkotaideteos. t\u00e4m\u00e4n sivun p\u00e4\u00e4kuva<\/h4>\n<p>Yleinen ideakilpailu taideteoksista valtion virtuaalisiin ty\u00f6ymp\u00e4rist\u00f6ihin<\/p>\n<h2>Vuoden 2019 aikana tekeill\u00e4 olevat tilausteokset<\/h2>\n<p>Heini Aho, Uusi Suomalais-ven\u00e4l\u00e4inen koulu, Helsinki, valmistuu 2021<\/p>\n<p>Elin&amp;Keino (Heini Nieminen ja Sandra Nyberg), Keravan avovankila, valmistuu 2020<\/p>\n<p>Pekka ja Teija Isor\u00e4tty\u00e4, Villimiehenkatu, Lappeenranta, valmistuu 2020<\/p>\n<p>Ilja Karsikas, Vuorelan koulukoti, Opistola, Vihti, valmistuu 2020<\/p>\n<p>Juhana Moisander, Lappeenrannan uusi oikeustalo, valmistuu 2020<\/p>\n<p><img loading=\"lazy\" decoding=\"async\" class=\"alignnone wp-image-2477 size-full\" src=\"https:\/\/www.senaatti.fi\/app_ykv_archive\/uploads\/sites\/9\/2020\/02\/Pulkkinen-ja-Syrj\u00e4lasyvaays_taide.jpg\" alt=\"Taideteos Kilpilsj\u00e4rven tullin pihalla. Abstraktia taidetta.\" width=\"400\" height=\"250\" srcset=\"https:\/\/www.senaatti.fi\/app_ykv_archive\/uploads\/sites\/9\/2020\/02\/Pulkkinen-ja-Syrj\u00e4lasyvaays_taide.jpg 400w, https:\/\/www.senaatti.fi\/app_ykv_archive\/uploads\/sites\/9\/2020\/02\/Pulkkinen-ja-Syrj\u00e4lasyvaays_taide-300x188.jpg 300w\" sizes=\"auto, (max-width: 400px) 100vw, 400px\" \/><\/p>\n<p>Anssi Pulkkinen ja Nestori Syrj\u00e4l\u00e4, Kilpisj\u00e4rven tullitoimipaikka, valmistuu 2020<\/p>\n<h2>Mittava kokoelma taidetta julkisissa tiloissa<\/h2>\n<p>Valtion omistama talletuskokoelma on yksi Suomen laajimmista ja monipuolisimmista nykytaiteen kokoelmista. Valtion taideteostoimikunnan kokoelma sis\u00e4lt\u00e4\u00e4 l\u00e4hes 14 000 teosta taiteen eri alueilta noin 1 900 taiteilijalta.<\/p>\n<p>Valtaosa valtion taideteostoimikunnan mittavasta kokoelmasta on jatkuvasti tuhansien ihmisten ihasteltavana.<\/p>\n<p>Taideteoksia voidaan sijoittaa valtion kiinteist\u00f6ihin ja valtion k\u00e4yt\u00f6ss\u00e4 oleviin rakennuksiin sek\u00e4 kotimaassa ett\u00e4 ulkomailla. Teoksia sijoitetaan p\u00e4\u00e4s\u00e4\u00e4nt\u00f6isesti yleisiin tiloihin.<\/p>\n<p>Valtion taideteostoimikunta toimii Kansallisgallerian yhteydess\u00e4. Toimikunnan puheenjohtajana toimi vuonna 2019 Senaatti-kiinteist\u00f6jen asiakasp\u00e4\u00e4llikk\u00f6, arkkitehti Jari Auer.<\/p>\n<p>&nbsp;<\/p>\n<p>&nbsp;<\/p>\n<p>&nbsp;<\/p>\n<p>&nbsp;<\/p>\n<p><strong>\u00a0<\/strong><\/p>\n<p>&nbsp;<\/p>\n<p><strong>\u00a0<\/strong><\/p>\n<p>&nbsp;<\/p>\n<p>&nbsp;<\/p>\n","protected":false},"excerpt":{"rendered":"<p>Hyv\u00e4\u00e4n ty\u00f6ymp\u00e4rist\u00f6\u00f6n ja julkisiin rakennuksiin kuuluu olennaisena osana taide. Senaatti tekee tiivist\u00e4 yhteisty\u00f6t\u00e4 Valtion taideteostoimikunnan kanssa valtion virastojen taidehankinnoissa. Vuonna 2019 Senaatin kohteisiin j\u00e4rjestettiin kolme taidekilpailua ja tekeill\u00e4 oli nelj\u00e4 merkitt\u00e4v\u00e4\u00e4 tilausteosta. Vuoden 2019 aikana valmistuneet tilausteokset: Tomi Paijo, Valtion tunnetila, verkkotaideteos Yleinen ideakilpailu taideteoksista valtion virtuaalisiin ty\u00f6ymp\u00e4rist\u00f6ihin Pink Twins, Puutarhaportaali, verkkotaideteos. t\u00e4m\u00e4n sivun p\u00e4\u00e4kuva [&hellip;]<\/p>\n","protected":false},"author":11,"featured_media":0,"parent":103,"menu_order":5,"comment_status":"closed","ping_status":"closed","template":"","meta":{"_acf_changed":false,"footnotes":""},"class_list":["post-317","page","type-page","status-publish","hentry"],"acf":[],"yoast_head":"<!-- This site is optimized with the Yoast SEO plugin v23.9 - https:\/\/yoast.com\/wordpress\/plugins\/seo\/ -->\n<title>Taide osana ty\u00f6ymp\u00e4rist\u00f6\u00e4 - 2019 - yhteiskuntavastuuraportti<\/title>\n<meta name=\"description\" content=\"Hyv\u00e4\u00e4n ty\u00f6ymp\u00e4rist\u00f6\u00f6n ja julkisiin rakennuksiin kuuluu olennaisena osana taide. Senaatti tekee tiivist\u00e4 yhteisty\u00f6t\u00e4 Valtion taideteostoimikunnan kanssa\" \/>\n<meta name=\"robots\" content=\"index, follow, max-snippet:-1, max-image-preview:large, max-video-preview:-1\" \/>\n<link rel=\"canonical\" href=\"https:\/\/www.senaatti.fi\/yhteiskuntavastuuraportti2019\/vastuullisuus-senaatissa\/tyoymparistot\/taide-osana-tyoymparistoa\/\" \/>\n<meta property=\"og:locale\" content=\"en_US\" \/>\n<meta property=\"og:type\" content=\"article\" \/>\n<meta property=\"og:title\" content=\"Taide osana ty\u00f6ymp\u00e4rist\u00f6\u00e4 - 2019 - yhteiskuntavastuuraportti\" \/>\n<meta property=\"og:description\" content=\"Hyv\u00e4\u00e4n ty\u00f6ymp\u00e4rist\u00f6\u00f6n ja julkisiin rakennuksiin kuuluu olennaisena osana taide. Senaatti tekee tiivist\u00e4 yhteisty\u00f6t\u00e4 Valtion taideteostoimikunnan kanssa\" \/>\n<meta property=\"og:url\" content=\"https:\/\/www.senaatti.fi\/yhteiskuntavastuuraportti2019\/vastuullisuus-senaatissa\/tyoymparistot\/taide-osana-tyoymparistoa\/\" \/>\n<meta property=\"og:site_name\" content=\"2019 - yhteiskuntavastuuraportti\" \/>\n<meta property=\"article:modified_time\" content=\"2020-02-24T10:32:15+00:00\" \/>\n<meta property=\"og:image\" content=\"https:\/\/www.senaatti.fi\/app_ykv_archive\/uploads\/sites\/9\/2020\/02\/Tunnetila_Taide.png\" \/>\n<meta name=\"twitter:card\" content=\"summary_large_image\" \/>\n<meta name=\"twitter:label1\" content=\"Est. reading time\" \/>\n\t<meta name=\"twitter:data1\" content=\"1 minute\" \/>\n<script type=\"application\/ld+json\" class=\"yoast-schema-graph\">{\"@context\":\"https:\/\/schema.org\",\"@graph\":[{\"@type\":\"WebPage\",\"@id\":\"https:\/\/www.senaatti.fi\/yhteiskuntavastuuraportti2019\/vastuullisuus-senaatissa\/tyoymparistot\/taide-osana-tyoymparistoa\/\",\"url\":\"https:\/\/www.senaatti.fi\/yhteiskuntavastuuraportti2019\/vastuullisuus-senaatissa\/tyoymparistot\/taide-osana-tyoymparistoa\/\",\"name\":\"Taide osana ty\u00f6ymp\u00e4rist\u00f6\u00e4 - 2019 - yhteiskuntavastuuraportti\",\"isPartOf\":{\"@id\":\"https:\/\/www.senaatti.fi\/yhteiskuntavastuuraportti2019\/#website\"},\"primaryImageOfPage\":{\"@id\":\"https:\/\/www.senaatti.fi\/yhteiskuntavastuuraportti2019\/vastuullisuus-senaatissa\/tyoymparistot\/taide-osana-tyoymparistoa\/#primaryimage\"},\"image\":{\"@id\":\"https:\/\/www.senaatti.fi\/yhteiskuntavastuuraportti2019\/vastuullisuus-senaatissa\/tyoymparistot\/taide-osana-tyoymparistoa\/#primaryimage\"},\"thumbnailUrl\":\"https:\/\/www.senaatti.fi\/app_ykv_archive\/uploads\/sites\/9\/2020\/02\/Tunnetila_Taide.png\",\"datePublished\":\"2018-03-01T12:26:49+00:00\",\"dateModified\":\"2020-02-24T10:32:15+00:00\",\"description\":\"Hyv\u00e4\u00e4n ty\u00f6ymp\u00e4rist\u00f6\u00f6n ja julkisiin rakennuksiin kuuluu olennaisena osana taide. Senaatti tekee tiivist\u00e4 yhteisty\u00f6t\u00e4 Valtion taideteostoimikunnan kanssa\",\"breadcrumb\":{\"@id\":\"https:\/\/www.senaatti.fi\/yhteiskuntavastuuraportti2019\/vastuullisuus-senaatissa\/tyoymparistot\/taide-osana-tyoymparistoa\/#breadcrumb\"},\"inLanguage\":\"en-US\",\"potentialAction\":[{\"@type\":\"ReadAction\",\"target\":[\"https:\/\/www.senaatti.fi\/yhteiskuntavastuuraportti2019\/vastuullisuus-senaatissa\/tyoymparistot\/taide-osana-tyoymparistoa\/\"]}]},{\"@type\":\"ImageObject\",\"inLanguage\":\"en-US\",\"@id\":\"https:\/\/www.senaatti.fi\/yhteiskuntavastuuraportti2019\/vastuullisuus-senaatissa\/tyoymparistot\/taide-osana-tyoymparistoa\/#primaryimage\",\"url\":\"https:\/\/www.senaatti.fi\/app_ykv_archive\/uploads\/sites\/9\/2020\/02\/Tunnetila_Taide.png\",\"contentUrl\":\"https:\/\/www.senaatti.fi\/app_ykv_archive\/uploads\/sites\/9\/2020\/02\/Tunnetila_Taide.png\"},{\"@type\":\"BreadcrumbList\",\"@id\":\"https:\/\/www.senaatti.fi\/yhteiskuntavastuuraportti2019\/vastuullisuus-senaatissa\/tyoymparistot\/taide-osana-tyoymparistoa\/#breadcrumb\",\"itemListElement\":[{\"@type\":\"ListItem\",\"position\":1,\"name\":\"Home\",\"item\":\"https:\/\/www.senaatti.fi\/yhteiskuntavastuuraportti2019\/\"},{\"@type\":\"ListItem\",\"position\":2,\"name\":\"Vastuullisuus Senaatissa\",\"item\":\"https:\/\/www.senaatti.fi\/yhteiskuntavastuuraportti2019\/vastuullisuus-senaatissa\/\"},{\"@type\":\"ListItem\",\"position\":3,\"name\":\"Ty\u00f6ymp\u00e4rist\u00f6t\",\"item\":\"https:\/\/www.senaatti.fi\/yhteiskuntavastuuraportti2019\/vastuullisuus-senaatissa\/tyoymparistot\/\"},{\"@type\":\"ListItem\",\"position\":4,\"name\":\"Taide osana ty\u00f6ymp\u00e4rist\u00f6\u00e4\"}]},{\"@type\":\"WebSite\",\"@id\":\"https:\/\/www.senaatti.fi\/yhteiskuntavastuuraportti2019\/#website\",\"url\":\"https:\/\/www.senaatti.fi\/yhteiskuntavastuuraportti2019\/\",\"name\":\"2019 - yhteiskuntavastuuraportti\",\"description\":\"\",\"potentialAction\":[{\"@type\":\"SearchAction\",\"target\":{\"@type\":\"EntryPoint\",\"urlTemplate\":\"https:\/\/www.senaatti.fi\/yhteiskuntavastuuraportti2019\/?s={search_term_string}\"},\"query-input\":{\"@type\":\"PropertyValueSpecification\",\"valueRequired\":true,\"valueName\":\"search_term_string\"}}],\"inLanguage\":\"en-US\"}]}<\/script>\n<!-- \/ Yoast SEO plugin. -->","yoast_head_json":{"title":"Taide osana ty\u00f6ymp\u00e4rist\u00f6\u00e4 - 2019 - yhteiskuntavastuuraportti","description":"Hyv\u00e4\u00e4n ty\u00f6ymp\u00e4rist\u00f6\u00f6n ja julkisiin rakennuksiin kuuluu olennaisena osana taide. Senaatti tekee tiivist\u00e4 yhteisty\u00f6t\u00e4 Valtion taideteostoimikunnan kanssa","robots":{"index":"index","follow":"follow","max-snippet":"max-snippet:-1","max-image-preview":"max-image-preview:large","max-video-preview":"max-video-preview:-1"},"canonical":"https:\/\/www.senaatti.fi\/yhteiskuntavastuuraportti2019\/vastuullisuus-senaatissa\/tyoymparistot\/taide-osana-tyoymparistoa\/","og_locale":"en_US","og_type":"article","og_title":"Taide osana ty\u00f6ymp\u00e4rist\u00f6\u00e4 - 2019 - yhteiskuntavastuuraportti","og_description":"Hyv\u00e4\u00e4n ty\u00f6ymp\u00e4rist\u00f6\u00f6n ja julkisiin rakennuksiin kuuluu olennaisena osana taide. Senaatti tekee tiivist\u00e4 yhteisty\u00f6t\u00e4 Valtion taideteostoimikunnan kanssa","og_url":"https:\/\/www.senaatti.fi\/yhteiskuntavastuuraportti2019\/vastuullisuus-senaatissa\/tyoymparistot\/taide-osana-tyoymparistoa\/","og_site_name":"2019 - yhteiskuntavastuuraportti","article_modified_time":"2020-02-24T10:32:15+00:00","og_image":[{"url":"https:\/\/www.senaatti.fi\/app_ykv_archive\/uploads\/sites\/9\/2020\/02\/Tunnetila_Taide.png"}],"twitter_card":"summary_large_image","twitter_misc":{"Est. reading time":"1 minute"},"schema":{"@context":"https:\/\/schema.org","@graph":[{"@type":"WebPage","@id":"https:\/\/www.senaatti.fi\/yhteiskuntavastuuraportti2019\/vastuullisuus-senaatissa\/tyoymparistot\/taide-osana-tyoymparistoa\/","url":"https:\/\/www.senaatti.fi\/yhteiskuntavastuuraportti2019\/vastuullisuus-senaatissa\/tyoymparistot\/taide-osana-tyoymparistoa\/","name":"Taide osana ty\u00f6ymp\u00e4rist\u00f6\u00e4 - 2019 - yhteiskuntavastuuraportti","isPartOf":{"@id":"https:\/\/www.senaatti.fi\/yhteiskuntavastuuraportti2019\/#website"},"primaryImageOfPage":{"@id":"https:\/\/www.senaatti.fi\/yhteiskuntavastuuraportti2019\/vastuullisuus-senaatissa\/tyoymparistot\/taide-osana-tyoymparistoa\/#primaryimage"},"image":{"@id":"https:\/\/www.senaatti.fi\/yhteiskuntavastuuraportti2019\/vastuullisuus-senaatissa\/tyoymparistot\/taide-osana-tyoymparistoa\/#primaryimage"},"thumbnailUrl":"https:\/\/www.senaatti.fi\/app_ykv_archive\/uploads\/sites\/9\/2020\/02\/Tunnetila_Taide.png","datePublished":"2018-03-01T12:26:49+00:00","dateModified":"2020-02-24T10:32:15+00:00","description":"Hyv\u00e4\u00e4n ty\u00f6ymp\u00e4rist\u00f6\u00f6n ja julkisiin rakennuksiin kuuluu olennaisena osana taide. Senaatti tekee tiivist\u00e4 yhteisty\u00f6t\u00e4 Valtion taideteostoimikunnan kanssa","breadcrumb":{"@id":"https:\/\/www.senaatti.fi\/yhteiskuntavastuuraportti2019\/vastuullisuus-senaatissa\/tyoymparistot\/taide-osana-tyoymparistoa\/#breadcrumb"},"inLanguage":"en-US","potentialAction":[{"@type":"ReadAction","target":["https:\/\/www.senaatti.fi\/yhteiskuntavastuuraportti2019\/vastuullisuus-senaatissa\/tyoymparistot\/taide-osana-tyoymparistoa\/"]}]},{"@type":"ImageObject","inLanguage":"en-US","@id":"https:\/\/www.senaatti.fi\/yhteiskuntavastuuraportti2019\/vastuullisuus-senaatissa\/tyoymparistot\/taide-osana-tyoymparistoa\/#primaryimage","url":"https:\/\/www.senaatti.fi\/app_ykv_archive\/uploads\/sites\/9\/2020\/02\/Tunnetila_Taide.png","contentUrl":"https:\/\/www.senaatti.fi\/app_ykv_archive\/uploads\/sites\/9\/2020\/02\/Tunnetila_Taide.png"},{"@type":"BreadcrumbList","@id":"https:\/\/www.senaatti.fi\/yhteiskuntavastuuraportti2019\/vastuullisuus-senaatissa\/tyoymparistot\/taide-osana-tyoymparistoa\/#breadcrumb","itemListElement":[{"@type":"ListItem","position":1,"name":"Home","item":"https:\/\/www.senaatti.fi\/yhteiskuntavastuuraportti2019\/"},{"@type":"ListItem","position":2,"name":"Vastuullisuus Senaatissa","item":"https:\/\/www.senaatti.fi\/yhteiskuntavastuuraportti2019\/vastuullisuus-senaatissa\/"},{"@type":"ListItem","position":3,"name":"Ty\u00f6ymp\u00e4rist\u00f6t","item":"https:\/\/www.senaatti.fi\/yhteiskuntavastuuraportti2019\/vastuullisuus-senaatissa\/tyoymparistot\/"},{"@type":"ListItem","position":4,"name":"Taide osana ty\u00f6ymp\u00e4rist\u00f6\u00e4"}]},{"@type":"WebSite","@id":"https:\/\/www.senaatti.fi\/yhteiskuntavastuuraportti2019\/#website","url":"https:\/\/www.senaatti.fi\/yhteiskuntavastuuraportti2019\/","name":"2019 - yhteiskuntavastuuraportti","description":"","potentialAction":[{"@type":"SearchAction","target":{"@type":"EntryPoint","urlTemplate":"https:\/\/www.senaatti.fi\/yhteiskuntavastuuraportti2019\/?s={search_term_string}"},"query-input":{"@type":"PropertyValueSpecification","valueRequired":true,"valueName":"search_term_string"}}],"inLanguage":"en-US"}]}},"_links":{"self":[{"href":"https:\/\/www.senaatti.fi\/yhteiskuntavastuuraportti2019\/wp-json\/wp\/v2\/pages\/317","targetHints":{"allow":["GET"]}}],"collection":[{"href":"https:\/\/www.senaatti.fi\/yhteiskuntavastuuraportti2019\/wp-json\/wp\/v2\/pages"}],"about":[{"href":"https:\/\/www.senaatti.fi\/yhteiskuntavastuuraportti2019\/wp-json\/wp\/v2\/types\/page"}],"author":[{"embeddable":true,"href":"https:\/\/www.senaatti.fi\/yhteiskuntavastuuraportti2019\/wp-json\/wp\/v2\/users\/11"}],"replies":[{"embeddable":true,"href":"https:\/\/www.senaatti.fi\/yhteiskuntavastuuraportti2019\/wp-json\/wp\/v2\/comments?post=317"}],"version-history":[{"count":11,"href":"https:\/\/www.senaatti.fi\/yhteiskuntavastuuraportti2019\/wp-json\/wp\/v2\/pages\/317\/revisions"}],"predecessor-version":[{"id":2499,"href":"https:\/\/www.senaatti.fi\/yhteiskuntavastuuraportti2019\/wp-json\/wp\/v2\/pages\/317\/revisions\/2499"}],"up":[{"embeddable":true,"href":"https:\/\/www.senaatti.fi\/yhteiskuntavastuuraportti2019\/wp-json\/wp\/v2\/pages\/103"}],"wp:attachment":[{"href":"https:\/\/www.senaatti.fi\/yhteiskuntavastuuraportti2019\/wp-json\/wp\/v2\/media?parent=317"}],"curies":[{"name":"wp","href":"https:\/\/api.w.org\/{rel}","templated":true}]}}