{"id":31,"date":"2018-01-29T10:59:31","date_gmt":"2018-01-29T10:59:31","guid":{"rendered":"https:\/\/www.senaatti.fi\/yhteiskuntavastuuraportti2019\/?page_id=31"},"modified":"2024-09-09T07:07:34","modified_gmt":"2024-09-09T07:07:34","slug":"investoinnit","status":"publish","type":"page","link":"https:\/\/www.senaatti.fi\/yhteiskuntavastuuraportti2019\/vuosi-2019\/investoinnit\/","title":{"rendered":"Investoinnit"},"content":{"rendered":"<p><img loading=\"lazy\" decoding=\"async\" class=\"alignnone wp-image-3032 size-full\" src=\"https:\/\/www.senaatti.fi\/app_ykv_archive\/uploads\/sites\/9\/2020\/03\/Merikasarmi_Markku-Inkeroinen_6013_2200x917px.jpg_somekoko.jpg\" alt=\"kuvassa rakennuttajap\u00e4\u00e4llikk\u00f6 Merikasarmin rakennusty\u00f6maalla.\" width=\"1630\" height=\"917\" srcset=\"https:\/\/www.senaatti.fi\/app_ykv_archive\/uploads\/sites\/9\/2020\/03\/Merikasarmi_Markku-Inkeroinen_6013_2200x917px.jpg_somekoko.jpg 1630w, https:\/\/www.senaatti.fi\/app_ykv_archive\/uploads\/sites\/9\/2020\/03\/Merikasarmi_Markku-Inkeroinen_6013_2200x917px.jpg_somekoko-300x169.jpg 300w, https:\/\/www.senaatti.fi\/app_ykv_archive\/uploads\/sites\/9\/2020\/03\/Merikasarmi_Markku-Inkeroinen_6013_2200x917px.jpg_somekoko-1024x576.jpg 1024w, https:\/\/www.senaatti.fi\/app_ykv_archive\/uploads\/sites\/9\/2020\/03\/Merikasarmi_Markku-Inkeroinen_6013_2200x917px.jpg_somekoko-768x432.jpg 768w, https:\/\/www.senaatti.fi\/app_ykv_archive\/uploads\/sites\/9\/2020\/03\/Merikasarmi_Markku-Inkeroinen_6013_2200x917px.jpg_somekoko-1536x864.jpg 1536w, https:\/\/www.senaatti.fi\/app_ykv_archive\/uploads\/sites\/9\/2020\/03\/Merikasarmi_Markku-Inkeroinen_6013_2200x917px.jpg_somekoko-1600x900.jpg 1600w\" sizes=\"auto, (max-width: 1630px) 100vw, 1630px\" \/><\/p>\n<p>Valtioneuvoston kanslian Merikasarmin uudistus Helsingin Katajanokalla on edennyt ty\u00f6maavaiheeseen.<\/p>\n<p>&nbsp;<\/p>\n<p>Senaatti-kiinteist\u00f6t peruskorjaa ja uudistaa valtion toimitiloja asiakastarpeiden mukaisesti. Senaatin investoinnit ovat viime vuosina painottuneet vahvasti kiinteist\u00f6jen peruskorjauksiin ja ty\u00f6ymp\u00e4rist\u00f6jen kehitt\u00e4miseen. Investointeja ohjaavat valtion toimitilastrategian mukaiset tavoitteet.<\/p>\n<p>Valtion linjausten mukaisesti uudisrakentamisen sijaan pyrit\u00e4\u00e4n aina ensisijaisesti hy\u00f6dynt\u00e4m\u00e4\u00e4n olemassa olevaa rakennuskantaa. Mik\u00e4li valtiolla ei ole tarjota sopivaa tilaa, hy\u00f6dynnet\u00e4\u00e4n my\u00f6s yksityisten markkinoiden vapaita toimitiloja.<\/p>\n<p>Senaatin investoinnit olivat 309,1 milj. euroa.<\/p>\n<p>Investoinnit jakautuivat:<\/p>\n<ul>\n<li>perusparannukset ja -korjaukset 181,3 milj. euroa<\/li>\n<li>uudisrakennukset 69,8 milj. euroa<\/li>\n<li>rahastosuoritukset kiinteist\u00f6osakeyhti\u00f6ille 4,5 milj. euroa<\/li>\n<li>k\u00e4ytt\u00f6omaisuuden ostot 20,5 milj. euroa<\/li>\n<\/ul>\n<p>Lis\u00e4ksi investointeihin sis\u00e4ltyy 3,0 milj. euroa Maakuntien tilakeskus Oy:n ja 30,0 milj. euroa Senaatin Asema-alueet Oy:n p\u00e4\u00e4omitusta. Investointikehykseen laskettavien investointien m\u00e4\u00e4r\u00e4 oli 294,2 milj. euroa. T\u00e4h\u00e4n kuuluvat em. investointier\u00e4t, mutta ei niihin sis\u00e4ltyv\u00e4t maank\u00e4ytt\u00f6maksut ja varainsiirtoverot.<\/p>\n<table class=\"senaatti-table senaatti-table--striped senaatti-table--responsive-stacked rwd-table table table-bordered table-striped migrated-chart-table\">\n<caption>Investoinnit ja liikevaihto 2015-2019 [milj. euroa]<\/caption>\n<thead>\n<tr>\n<th>Vuosi<\/th>\n<th>Liikevaihto<\/th>\n<th>Investoinnit<\/th>\n<\/tr>\n<\/thead>\n<tbody>\n<tr>\n<td>2015<\/td>\n<td>622<\/td>\n<td>268<\/td>\n<\/tr>\n<tr>\n<td>2016<\/td>\n<td>599<\/td>\n<td>258<\/td>\n<\/tr>\n<tr>\n<td>2017<\/td>\n<td>621<\/td>\n<td>238<\/td>\n<\/tr>\n<tr>\n<td>2018<\/td>\n<td>638<\/td>\n<td>240<\/td>\n<\/tr>\n<tr>\n<td>2019<\/td>\n<td>647<\/td>\n<td>309<\/td>\n<\/tr>\n<\/tbody>\n<\/table>\n<h4>Vuoden 2019 aikana valmistuneet suurimmat rakennushankkeet olivat:<\/h4>\n<ul>\n<li>Kaaritalon laboratoriomuutokset, Helsinki (10 M\u20ac)<\/li>\n<li>S\u00e4kyl\u00e4n kasarmi peruskorjaus, S\u00e4kyl\u00e4 (9 M\u20ac)<\/li>\n<li>Karjalan prikaatin sotilaskodin peruskorjaus, Kouvola (7,35 M\u20ac)<\/li>\n<li>Turun poliisitalon tilamuutoshanke, Turku (7 M\u20ac) ja<\/li>\n<li>Kansallisarkiston julkisivukorjauksen, Helsinki (6 M\u20ac).<\/li>\n<\/ul>\n<p>Suurimmat ty\u00f6maavaiheeseen edennet hankkeet vuonna 2019 olivat Valtioneuvoston kanslian Merikasarmin peruskorjaus, THL:n oikeusl\u00e4\u00e4ketieteen uudisrakennus ja Suomalais-ven\u00e4l\u00e4isen koulun puurakenteinen uudisrakennus. Kaikkia edell\u00e4 mainittuja hankkeita toteutetaan allianssimallilla. THL:n ja Suomalais-ven\u00e4l\u00e4isen koulun uudisrakennukset perustuvat suunnittelukilpailujen tuloksiin.<\/p>\n<table class=\"senaatti-table senaatti-table--striped senaatti-table--responsive-stacked rwd-table table table-bordered table-striped migrated-chart-table\">\n<caption>Uusinvestoinnit ja peruskorjaukset ja -parannukset (milj. euroa)<\/caption>\n<thead>\n<tr>\n<th>Vuosi<\/th>\n<th>Peruskorjaukset ja -parannukset<\/th>\n<th>Uudisrakennusinvestoinnit<\/th>\n<th>Tyt\u00e4ryhti\u00f6iden p\u00e4\u00e4omitus *<\/th>\n<\/tr>\n<\/thead>\n<tbody>\n<tr>\n<td>2015<\/td>\n<td>177<\/td>\n<td>91<\/td>\n<td><\/td>\n<\/tr>\n<tr>\n<td>2016<\/td>\n<td>154<\/td>\n<td>104<\/td>\n<td><\/td>\n<\/tr>\n<tr>\n<td>2017<\/td>\n<td>175<\/td>\n<td>62<\/td>\n<td><\/td>\n<\/tr>\n<tr>\n<td>2018<\/td>\n<td>144<\/td>\n<td>96<\/td>\n<td><\/td>\n<\/tr>\n<tr>\n<td>2019<\/td>\n<td>186<\/td>\n<td>90<\/td>\n<td>33<\/td>\n<\/tr>\n<\/tbody>\n<\/table>\n<table class=\"senaatti-table senaatti-table--striped senaatti-table--responsive-stacked rwd-table table table-bordered table-striped migrated-chart-table\">\n<caption>Investointimenojen kehitys 2015-2019 [milj. euroa]<\/caption>\n<thead>\n<tr>\n<th>Vuosi<\/th>\n<th>milj. euroa<\/th>\n<\/tr>\n<\/thead>\n<tbody>\n<tr>\n<td>2015<\/td>\n<td>268<\/td>\n<\/tr>\n<tr>\n<td>2016<\/td>\n<td>258<\/td>\n<\/tr>\n<tr>\n<td>2017<\/td>\n<td>238<\/td>\n<\/tr>\n<tr>\n<td>2018<\/td>\n<td>240<\/td>\n<\/tr>\n<tr>\n<td>2019<\/td>\n<td>309<\/td>\n<\/tr>\n<\/tbody>\n<\/table>\n<table class=\"senaatti-table senaatti-table--striped senaatti-table--responsive-stacked rwd-table table table-bordered table-striped migrated-chart-table\">\n<caption>Investointien jakautuminen toimialoittain 31.12.2019 (milj. euroa)<\/caption>\n<thead>\n<tr>\n<th>Toimiala<\/th>\n<th>Kiinteist\u00f6omaisuus<\/th>\n<\/tr>\n<\/thead>\n<tbody>\n<tr>\n<td>Puolustus ja turvallisuus<\/td>\n<td>123<\/td>\n<\/tr>\n<tr>\n<td>Ministeri\u00f6t ja erityiskiinteist\u00f6t<\/td>\n<td>85<\/td>\n<\/tr>\n<tr>\n<td>Toimistot<\/td>\n<td>71<\/td>\n<\/tr>\n<\/tbody>\n<\/table>\n<p>Toimialoista entinten investoi puolustus- ja turvailisuus yhteens\u00e4 123 milj. euroa, mik\u00e4 oli 53 % toimialan liikevaihdosta. Ministeri\u00f6t ja\u00a0 erityiskiinteist\u00f6jen investoinnit olivat 85 milj. euroa, mik\u00e4 oli 42 % toimialan liikevaihdosta. Toimistot-toimialan investoinnit olivat 71 milj. euroa, mik\u00e4 oli 34 % liikevaihdosta.<\/p>\n<table class=\"senaatti-table senaatti-table--striped senaatti-table--responsive-stacked rwd-table table table-bordered table-striped migrated-chart-table\">\n<caption>Investointien jakautuminen alueittain 31.12.2019 (milj. euroa)<\/caption>\n<thead>\n<tr>\n<th>Alue<\/th>\n<th>Investoinnit<\/th>\n<\/tr>\n<\/thead>\n<tbody>\n<tr>\n<td>Etel\u00e4-Suomi<\/td>\n<td>144<\/td>\n<\/tr>\n<tr>\n<td>L\u00e4nsi-Suomi<\/td>\n<td>59<\/td>\n<\/tr>\n<tr>\n<td>It\u00e4-Suomi<\/td>\n<td>44<\/td>\n<\/tr>\n<tr>\n<td>Pohjois-Suomi<\/td>\n<td>32<\/td>\n<\/tr>\n<\/tbody>\n<\/table>\n<p>Eniten investointeja 144 milj. euroa tehtiin Etel\u00e4-Suomen alueella, jossa my\u00f6s suurin osa Senaatin hallinnoimista kiinteist\u00f6ist\u00e4 sijaitsee. L\u00e4nsi-Suomen alueella investoinnit olivat 59 milj. euroa, It\u00e4-Suomen alueella 44 milj. euroa ja Pohjois-Suomen alueella 32 milj. euroa.<\/p>\n<h2>Digitaalisuuteen ja ymp\u00e4rist\u00f6vastuuseen liittyv\u00e4t tavoitteet<\/h2>\n<p>Investointirahojen k\u00e4yt\u00f6n seuraamiseksi ja tulevien vuosien rahoitustarpeen arvioimiseksi Senaatti on laatinut strategisen investointisuunnitelman hankkeittain nelj\u00e4ksi vuodeksi eteenp\u00e4in.<\/p>\n<p>Talouden n\u00e4k\u00f6kulmasta vuoden 2019 yhten\u00e4 keskeisen\u00e4 tavoitteena oli eduskunnan osoittaman investointivaltuuden optimaalinen k\u00e4ytt\u00f6. T\u00e4h\u00e4n liittyen otettiin k\u00e4ytt\u00f6\u00f6n investointien johtamiseen kehitetty toiminnanohjaussovellus Rakha. \u00a0Sovelluksen ansiosta rakennushankkeeseen liittyv\u00e4 tieto on saatavilla keskitetysti yhdest\u00e4 paikasta saman alustan kautta. Tavoitteena on laadukkaampi ja ajantasaisempi tieto ja sit\u00e4 kautta tehokkaampi investointivaltuuden hallinta. J\u00e4rjestelm\u00e4\u00e4 kehitet\u00e4\u00e4n edelleen k\u00e4yt\u00f6st\u00e4 saadun palautteen l\u00e4ht\u00f6kohdista.<\/p>\n<h2>Hiilijalanj\u00e4lkilaskentaa pilotoitiin<\/h2>\n<p>Investointeihin liittyv\u00e4\u00e4 ymp\u00e4rist\u00f6vastuuta edistettiin hiilijalanj\u00e4lkilaskennan pilotoinneilla, kahdella tilamuutoshankkeen kiertotalouspilotilla, kahdella purkukartoitusmenettelyn kokeilulla ja proaktiivisella aurinkoenergiaohjelmalla.<\/p>\n<p>N\u00e4it\u00e4 aloitteita laajennetaan vuonna 2020, jolloin hiilijalanj\u00e4lkilaskenta tulee pakolliseksi kaikissa uudishankkeissa, purkumateriaalien kierr\u00e4tysasteen nostamiselle laaditaan tavoitteet ja hankkeiden kiertotaloudelle laaditaan ohjeet.<\/p>\n<p><a href=\"https:\/\/www.senaatti.fi\/tyoymparisto\/inspiraatio\/artikkeli\/miten-suuri-on-rakennuksen-hiilijalanjalki\/\">Lue tarkemmin Senaatin hiilijalanj\u00e4lkilaskennan pilotista.<\/a><\/p>\n<h2>Rakennuttamisen kotouttaminen<\/h2>\n<p>Vuoden 2020 tavoitteena on Senaatin rakennuttamisen resurssin kasvattaminen sek\u00e4 suorin rekrytoinnein ett\u00e4 trainee-ohjelmalla.<\/p>\n<p>&nbsp;<\/p>\n<p>&nbsp;<\/p>\n","protected":false},"excerpt":{"rendered":"<p>Valtioneuvoston kanslian Merikasarmin uudistus Helsingin Katajanokalla on edennyt ty\u00f6maavaiheeseen. &nbsp; Senaatti-kiinteist\u00f6t peruskorjaa ja uudistaa valtion toimitiloja asiakastarpeiden mukaisesti. Senaatin investoinnit ovat viime vuosina painottuneet vahvasti kiinteist\u00f6jen peruskorjauksiin ja ty\u00f6ymp\u00e4rist\u00f6jen kehitt\u00e4miseen. Investointeja ohjaavat valtion toimitilastrategian mukaiset tavoitteet. Valtion linjausten mukaisesti uudisrakentamisen sijaan pyrit\u00e4\u00e4n aina ensisijaisesti hy\u00f6dynt\u00e4m\u00e4\u00e4n olemassa olevaa rakennuskantaa. Mik\u00e4li valtiolla ei ole tarjota sopivaa tilaa, [&hellip;]<\/p>\n","protected":false},"author":11,"featured_media":0,"parent":5,"menu_order":8,"comment_status":"closed","ping_status":"closed","template":"","meta":{"_acf_changed":false,"footnotes":""},"class_list":["post-31","page","type-page","status-publish","hentry","senaatti_tsdg-ihmisarvoista-tyota-ja-talouskasvua"],"acf":[],"yoast_head":"<!-- This site is optimized with the Yoast SEO plugin v23.9 - https:\/\/yoast.com\/wordpress\/plugins\/seo\/ -->\n<title>Investoinnit - 2019 - yhteiskuntavastuuraportti<\/title>\n<meta name=\"description\" content=\"Valtioneuvoston kanslian Merikasarmin uudistus Helsingin Katajanokalla on edennyt ty\u00f6maavaiheeseen. &nbsp; Senaatti-kiinteist\u00f6t peruskorjaa ja uudistaa\" \/>\n<meta name=\"robots\" content=\"index, follow, max-snippet:-1, max-image-preview:large, max-video-preview:-1\" \/>\n<link rel=\"canonical\" href=\"https:\/\/www.senaatti.fi\/yhteiskuntavastuuraportti2019\/vuosi-2019\/investoinnit\/\" \/>\n<meta property=\"og:locale\" content=\"en_US\" \/>\n<meta property=\"og:type\" content=\"article\" \/>\n<meta property=\"og:title\" content=\"Investoinnit - 2019 - yhteiskuntavastuuraportti\" \/>\n<meta property=\"og:description\" content=\"Valtioneuvoston kanslian Merikasarmin uudistus Helsingin Katajanokalla on edennyt ty\u00f6maavaiheeseen. &nbsp; Senaatti-kiinteist\u00f6t peruskorjaa ja uudistaa\" \/>\n<meta property=\"og:url\" content=\"https:\/\/www.senaatti.fi\/yhteiskuntavastuuraportti2019\/vuosi-2019\/investoinnit\/\" \/>\n<meta property=\"og:site_name\" content=\"2019 - yhteiskuntavastuuraportti\" \/>\n<meta property=\"article:modified_time\" content=\"2024-09-09T07:07:34+00:00\" \/>\n<meta property=\"og:image\" content=\"https:\/\/www.senaatti.fi\/app_ykv_archive\/uploads\/sites\/9\/2020\/03\/Merikasarmi_Markku-Inkeroinen_6013_2200x917px.jpg_somekoko.jpg\" \/>\n<meta name=\"twitter:card\" content=\"summary_large_image\" \/>\n<meta name=\"twitter:label1\" content=\"Est. reading time\" \/>\n\t<meta name=\"twitter:data1\" content=\"3 minutes\" \/>\n<script type=\"application\/ld+json\" class=\"yoast-schema-graph\">{\"@context\":\"https:\/\/schema.org\",\"@graph\":[{\"@type\":\"WebPage\",\"@id\":\"https:\/\/www.senaatti.fi\/yhteiskuntavastuuraportti2019\/vuosi-2019\/investoinnit\/\",\"url\":\"https:\/\/www.senaatti.fi\/yhteiskuntavastuuraportti2019\/vuosi-2019\/investoinnit\/\",\"name\":\"Investoinnit - 2019 - yhteiskuntavastuuraportti\",\"isPartOf\":{\"@id\":\"https:\/\/www.senaatti.fi\/yhteiskuntavastuuraportti2019\/#website\"},\"primaryImageOfPage\":{\"@id\":\"https:\/\/www.senaatti.fi\/yhteiskuntavastuuraportti2019\/vuosi-2019\/investoinnit\/#primaryimage\"},\"image\":{\"@id\":\"https:\/\/www.senaatti.fi\/yhteiskuntavastuuraportti2019\/vuosi-2019\/investoinnit\/#primaryimage\"},\"thumbnailUrl\":\"https:\/\/www.senaatti.fi\/app_ykv_archive\/uploads\/sites\/9\/2020\/03\/Merikasarmi_Markku-Inkeroinen_6013_2200x917px.jpg_somekoko.jpg\",\"datePublished\":\"2018-01-29T10:59:31+00:00\",\"dateModified\":\"2024-09-09T07:07:34+00:00\",\"description\":\"Valtioneuvoston kanslian Merikasarmin uudistus Helsingin Katajanokalla on edennyt ty\u00f6maavaiheeseen. &nbsp; Senaatti-kiinteist\u00f6t peruskorjaa ja uudistaa\",\"breadcrumb\":{\"@id\":\"https:\/\/www.senaatti.fi\/yhteiskuntavastuuraportti2019\/vuosi-2019\/investoinnit\/#breadcrumb\"},\"inLanguage\":\"en-US\",\"potentialAction\":[{\"@type\":\"ReadAction\",\"target\":[\"https:\/\/www.senaatti.fi\/yhteiskuntavastuuraportti2019\/vuosi-2019\/investoinnit\/\"]}]},{\"@type\":\"ImageObject\",\"inLanguage\":\"en-US\",\"@id\":\"https:\/\/www.senaatti.fi\/yhteiskuntavastuuraportti2019\/vuosi-2019\/investoinnit\/#primaryimage\",\"url\":\"https:\/\/www.senaatti.fi\/app_ykv_archive\/uploads\/sites\/9\/2020\/03\/Merikasarmi_Markku-Inkeroinen_6013_2200x917px.jpg_somekoko.jpg\",\"contentUrl\":\"https:\/\/www.senaatti.fi\/app_ykv_archive\/uploads\/sites\/9\/2020\/03\/Merikasarmi_Markku-Inkeroinen_6013_2200x917px.jpg_somekoko.jpg\"},{\"@type\":\"BreadcrumbList\",\"@id\":\"https:\/\/www.senaatti.fi\/yhteiskuntavastuuraportti2019\/vuosi-2019\/investoinnit\/#breadcrumb\",\"itemListElement\":[{\"@type\":\"ListItem\",\"position\":1,\"name\":\"Home\",\"item\":\"https:\/\/www.senaatti.fi\/yhteiskuntavastuuraportti2019\/\"},{\"@type\":\"ListItem\",\"position\":2,\"name\":\"Vuosi 2019\",\"item\":\"https:\/\/www.senaatti.fi\/yhteiskuntavastuuraportti2019\/vuosi-2019\/\"},{\"@type\":\"ListItem\",\"position\":3,\"name\":\"Investoinnit\"}]},{\"@type\":\"WebSite\",\"@id\":\"https:\/\/www.senaatti.fi\/yhteiskuntavastuuraportti2019\/#website\",\"url\":\"https:\/\/www.senaatti.fi\/yhteiskuntavastuuraportti2019\/\",\"name\":\"2019 - yhteiskuntavastuuraportti\",\"description\":\"\",\"potentialAction\":[{\"@type\":\"SearchAction\",\"target\":{\"@type\":\"EntryPoint\",\"urlTemplate\":\"https:\/\/www.senaatti.fi\/yhteiskuntavastuuraportti2019\/?s={search_term_string}\"},\"query-input\":{\"@type\":\"PropertyValueSpecification\",\"valueRequired\":true,\"valueName\":\"search_term_string\"}}],\"inLanguage\":\"en-US\"}]}<\/script>\n<!-- \/ Yoast SEO plugin. -->","yoast_head_json":{"title":"Investoinnit - 2019 - yhteiskuntavastuuraportti","description":"Valtioneuvoston kanslian Merikasarmin uudistus Helsingin Katajanokalla on edennyt ty\u00f6maavaiheeseen. &nbsp; Senaatti-kiinteist\u00f6t peruskorjaa ja uudistaa","robots":{"index":"index","follow":"follow","max-snippet":"max-snippet:-1","max-image-preview":"max-image-preview:large","max-video-preview":"max-video-preview:-1"},"canonical":"https:\/\/www.senaatti.fi\/yhteiskuntavastuuraportti2019\/vuosi-2019\/investoinnit\/","og_locale":"en_US","og_type":"article","og_title":"Investoinnit - 2019 - yhteiskuntavastuuraportti","og_description":"Valtioneuvoston kanslian Merikasarmin uudistus Helsingin Katajanokalla on edennyt ty\u00f6maavaiheeseen. &nbsp; Senaatti-kiinteist\u00f6t peruskorjaa ja uudistaa","og_url":"https:\/\/www.senaatti.fi\/yhteiskuntavastuuraportti2019\/vuosi-2019\/investoinnit\/","og_site_name":"2019 - yhteiskuntavastuuraportti","article_modified_time":"2024-09-09T07:07:34+00:00","og_image":[{"url":"https:\/\/www.senaatti.fi\/app_ykv_archive\/uploads\/sites\/9\/2020\/03\/Merikasarmi_Markku-Inkeroinen_6013_2200x917px.jpg_somekoko.jpg"}],"twitter_card":"summary_large_image","twitter_misc":{"Est. reading time":"3 minutes"},"schema":{"@context":"https:\/\/schema.org","@graph":[{"@type":"WebPage","@id":"https:\/\/www.senaatti.fi\/yhteiskuntavastuuraportti2019\/vuosi-2019\/investoinnit\/","url":"https:\/\/www.senaatti.fi\/yhteiskuntavastuuraportti2019\/vuosi-2019\/investoinnit\/","name":"Investoinnit - 2019 - yhteiskuntavastuuraportti","isPartOf":{"@id":"https:\/\/www.senaatti.fi\/yhteiskuntavastuuraportti2019\/#website"},"primaryImageOfPage":{"@id":"https:\/\/www.senaatti.fi\/yhteiskuntavastuuraportti2019\/vuosi-2019\/investoinnit\/#primaryimage"},"image":{"@id":"https:\/\/www.senaatti.fi\/yhteiskuntavastuuraportti2019\/vuosi-2019\/investoinnit\/#primaryimage"},"thumbnailUrl":"https:\/\/www.senaatti.fi\/app_ykv_archive\/uploads\/sites\/9\/2020\/03\/Merikasarmi_Markku-Inkeroinen_6013_2200x917px.jpg_somekoko.jpg","datePublished":"2018-01-29T10:59:31+00:00","dateModified":"2024-09-09T07:07:34+00:00","description":"Valtioneuvoston kanslian Merikasarmin uudistus Helsingin Katajanokalla on edennyt ty\u00f6maavaiheeseen. &nbsp; Senaatti-kiinteist\u00f6t peruskorjaa ja uudistaa","breadcrumb":{"@id":"https:\/\/www.senaatti.fi\/yhteiskuntavastuuraportti2019\/vuosi-2019\/investoinnit\/#breadcrumb"},"inLanguage":"en-US","potentialAction":[{"@type":"ReadAction","target":["https:\/\/www.senaatti.fi\/yhteiskuntavastuuraportti2019\/vuosi-2019\/investoinnit\/"]}]},{"@type":"ImageObject","inLanguage":"en-US","@id":"https:\/\/www.senaatti.fi\/yhteiskuntavastuuraportti2019\/vuosi-2019\/investoinnit\/#primaryimage","url":"https:\/\/www.senaatti.fi\/app_ykv_archive\/uploads\/sites\/9\/2020\/03\/Merikasarmi_Markku-Inkeroinen_6013_2200x917px.jpg_somekoko.jpg","contentUrl":"https:\/\/www.senaatti.fi\/app_ykv_archive\/uploads\/sites\/9\/2020\/03\/Merikasarmi_Markku-Inkeroinen_6013_2200x917px.jpg_somekoko.jpg"},{"@type":"BreadcrumbList","@id":"https:\/\/www.senaatti.fi\/yhteiskuntavastuuraportti2019\/vuosi-2019\/investoinnit\/#breadcrumb","itemListElement":[{"@type":"ListItem","position":1,"name":"Home","item":"https:\/\/www.senaatti.fi\/yhteiskuntavastuuraportti2019\/"},{"@type":"ListItem","position":2,"name":"Vuosi 2019","item":"https:\/\/www.senaatti.fi\/yhteiskuntavastuuraportti2019\/vuosi-2019\/"},{"@type":"ListItem","position":3,"name":"Investoinnit"}]},{"@type":"WebSite","@id":"https:\/\/www.senaatti.fi\/yhteiskuntavastuuraportti2019\/#website","url":"https:\/\/www.senaatti.fi\/yhteiskuntavastuuraportti2019\/","name":"2019 - yhteiskuntavastuuraportti","description":"","potentialAction":[{"@type":"SearchAction","target":{"@type":"EntryPoint","urlTemplate":"https:\/\/www.senaatti.fi\/yhteiskuntavastuuraportti2019\/?s={search_term_string}"},"query-input":{"@type":"PropertyValueSpecification","valueRequired":true,"valueName":"search_term_string"}}],"inLanguage":"en-US"}]}},"_links":{"self":[{"href":"https:\/\/www.senaatti.fi\/yhteiskuntavastuuraportti2019\/wp-json\/wp\/v2\/pages\/31","targetHints":{"allow":["GET"]}}],"collection":[{"href":"https:\/\/www.senaatti.fi\/yhteiskuntavastuuraportti2019\/wp-json\/wp\/v2\/pages"}],"about":[{"href":"https:\/\/www.senaatti.fi\/yhteiskuntavastuuraportti2019\/wp-json\/wp\/v2\/types\/page"}],"author":[{"embeddable":true,"href":"https:\/\/www.senaatti.fi\/yhteiskuntavastuuraportti2019\/wp-json\/wp\/v2\/users\/11"}],"replies":[{"embeddable":true,"href":"https:\/\/www.senaatti.fi\/yhteiskuntavastuuraportti2019\/wp-json\/wp\/v2\/comments?post=31"}],"version-history":[{"count":13,"href":"https:\/\/www.senaatti.fi\/yhteiskuntavastuuraportti2019\/wp-json\/wp\/v2\/pages\/31\/revisions"}],"predecessor-version":[{"id":3446,"href":"https:\/\/www.senaatti.fi\/yhteiskuntavastuuraportti2019\/wp-json\/wp\/v2\/pages\/31\/revisions\/3446"}],"up":[{"embeddable":true,"href":"https:\/\/www.senaatti.fi\/yhteiskuntavastuuraportti2019\/wp-json\/wp\/v2\/pages\/5"}],"wp:attachment":[{"href":"https:\/\/www.senaatti.fi\/yhteiskuntavastuuraportti2019\/wp-json\/wp\/v2\/media?parent=31"}],"curies":[{"name":"wp","href":"https:\/\/api.w.org\/{rel}","templated":true}]}}