{"id":238,"date":"2018-02-23T10:11:59","date_gmt":"2018-02-23T10:11:59","guid":{"rendered":"https:\/\/www.senaatti.fi\/yhteiskuntavastuuraportti2019\/?page_id=238"},"modified":"2022-01-04T13:21:10","modified_gmt":"2022-01-04T13:21:10","slug":"yllapito","status":"publish","type":"page","link":"https:\/\/www.senaatti.fi\/yhteiskuntavastuuraportti2019\/vuosi-2019\/yllapito\/","title":{"rendered":"Yll\u00e4pito"},"content":{"rendered":"<p><img loading=\"lazy\" decoding=\"async\" class=\"alignnone size-full wp-image-3108\" src=\"https:\/\/www.senaatti.fi\/app_ykv_archive\/uploads\/sites\/9\/2020\/04\/SEN_Attila_4075_2200px.jpg\" alt=\"\" width=\"2200\" height=\"917\" srcset=\"https:\/\/www.senaatti.fi\/app_ykv_archive\/uploads\/sites\/9\/2020\/04\/SEN_Attila_4075_2200px.jpg 2200w, https:\/\/www.senaatti.fi\/app_ykv_archive\/uploads\/sites\/9\/2020\/04\/SEN_Attila_4075_2200px-300x125.jpg 300w, https:\/\/www.senaatti.fi\/app_ykv_archive\/uploads\/sites\/9\/2020\/04\/SEN_Attila_4075_2200px-1024x427.jpg 1024w, https:\/\/www.senaatti.fi\/app_ykv_archive\/uploads\/sites\/9\/2020\/04\/SEN_Attila_4075_2200px-768x320.jpg 768w, https:\/\/www.senaatti.fi\/app_ykv_archive\/uploads\/sites\/9\/2020\/04\/SEN_Attila_4075_2200px-1536x640.jpg 1536w, https:\/\/www.senaatti.fi\/app_ykv_archive\/uploads\/sites\/9\/2020\/04\/SEN_Attila_4075_2200px-2048x854.jpg 2048w, https:\/\/www.senaatti.fi\/app_ykv_archive\/uploads\/sites\/9\/2020\/04\/SEN_Attila_4075_2200px-1600x667.jpg 1600w\" sizes=\"auto, (max-width: 2200px) 100vw, 2200px\" \/><\/p>\n<p>Senaatti-kiinteist\u00f6jen yll\u00e4pidon tavoitteena on kiinteist\u00f6jen arvon ja k\u00e4ytett\u00e4vyyden s\u00e4ilyminen. Yll\u00e4pidolla on my\u00f6s merkitt\u00e4v\u00e4 rooli sis\u00e4ilman laadun varmistamisessa ja energiakulutuksen v\u00e4hent\u00e4misess\u00e4. Senaatin yll\u00e4pitoprosessin yhten\u00e4 teht\u00e4v\u00e4n\u00e4 on l\u00f6yt\u00e4\u00e4 ja ottaa k\u00e4ytt\u00f6\u00f6n alan parhaat k\u00e4yt\u00e4nn\u00f6t. Vuosittain tehd\u00e4\u00e4n kiinteist\u00f6kannan arviointi, jonka perusteella laaditaan kiinteist\u00f6ille vuosi- ja keskipitk\u00e4n aikav\u00e4lin suunnitelmat.<\/p>\n<h4>Vuonna 2019<\/h4>\n<ul>\n<li>kiinteist\u00f6jen yll\u00e4pitoon k\u00e4ytettiin 269 miljoonaa euroa<\/li>\n<li>kiinteist\u00f6jen yll\u00e4pitokulut 20 % edullisemmin kuin vertailuyrityksiss\u00e4<\/li>\n<li>kokonaisenergian ominaiskulutus laski 1,3 % yll\u00e4pidon seuraamassa kiinteist\u00f6kannassa edellisvuoteen verrattuna.\u00a0 Tavoitteena oli 1 % v\u00e4heneminen.<\/li>\n<\/ul>\n<h2>Nelj\u00e4 valtakunnallista palvelutuottajaa<\/h2>\n<p>Kiinteist\u00f6nhoidossa Senaatilla on nelj\u00e4 valtakunnallisesti toimivaa palveluntuottajaa, joiden kesken Senaatti kilpailuttaa kiinteist\u00f6jens\u00e4 kiinteist\u00f6nhoidon. Kumppanuuden tavoitteena on syvent\u00e4\u00e4 eri osapuolten v\u00e4list\u00e4 kehitt\u00e4misyhteisty\u00f6t\u00e4 ja tehostaa toimintamalleja laadun parantamiseksi ja kustannustason hallitsemiseksi.\u00a0 Kertomusvuonna k\u00e4ynnistettiin uuden kiinteist\u00f6nhoidon puitesopimuksen kilpailuttaminen.<\/p>\n<p>Kumppaneiden kanssa sovitaan yhteiset tavoitteet, joiden edist\u00e4miseksi on k\u00e4yt\u00f6ss\u00e4\u00a0 palkkio-sanktio-malli. Tavoitteena on motivoida palvelukumppaneiden ty\u00f6ntekij\u00f6it\u00e4 laadukkaaseen ty\u00f6h\u00f6n ja tavoitteiden saavuttamiseen erityisen palkkiomallin avulla.\u00a0 Esimerkiksi siivouksen laatua mitataan asikastyytyv\u00e4isyydell\u00e4.<\/p>\n<p>Vuonna 2019 Senaatti k\u00e4ynnisti pilottihankkeen, jossa siivoojia kannustetaan ilmoittamaan mahdolliset sis\u00e4ilmaongelmiin liittyv\u00e4t havainnot. Havainnot kirjataan huoltokirjaan ja merkitt\u00e4vimm\u00e4t palkitaan.<\/p>\n<blockquote><p><span style=\"font-size: 24px;\">KTI kiinteist\u00f6tiedon vuosittain toteuttaman vertailututkimuksen mukaan Senaatin yll\u00e4pitokulut ovat eritt\u00e4in kustannustehokkaat.<\/span><\/p><\/blockquote>\n<p>Edellisess\u00e4, vuoden 2018 vertailussa hoitokustannukset ilman korjauksia olivat yli 20 % edullisemmat kuin vertailussa mukana olleilla yksityisill\u00e4 yrityksill\u00e4.<\/p>\n<p>Senaatti my\u00f6s k\u00e4ytti kiinteist\u00f6jens\u00e4 kunnossapitokorjauksiin ja korjausinvestointeihin selv\u00e4sti enemm\u00e4n kuin tutkimuksessa mukana olleet yksityiset yritykset. Vuoden 2019 vertailutiedot ovat saatavissa toukokuussa 2020.<\/p>\n<div><\/div>\n<h3>Kiinteist\u00f6jen hoitokulujen jakautuminen (milj. euroa)<\/h3>\n<div>\n<table class=\"senaatti-table senaatti-table--striped senaatti-table--overflow-scroll\" style=\"height: 382px;\">\n<thead>\n<tr style=\"height: 46px;\">\n<th style=\"color:transparent;text-align: right; width: 603px; height: 46px;\" data-sen-equalize-width=\"heading1\">.<\/th>\n<th style=\"width: 187px; height: 46px; text-align: right;\">2018<\/th>\n<th class=\"senaatti-table-cell senaatti-table-cell--no-line-wrap\" style=\"width: 122px; height: 46px; text-align: right;\">2019<\/th>\n<th class=\"senaatti-table-cell senaatti-table-cell--no-line-wrap\" style=\"width: 120px; height: 46px; text-align: right;\">Muutos-%<\/th>\n<\/tr>\n<\/thead>\n<tbody>\n<tr style=\"height: 22px;\">\n<td style=\"width: 603px; height: 22px;\">Kunnossapitokorjaukset<\/td>\n<td style=\"width: 187px; height: 22px; text-align: right;\">73.1<\/td>\n<td style=\"width: 122px; height: 22px; text-align: right;\">69.4<\/td>\n<td style=\"width: 120px; height: 22px; text-align: right;\">-5.1<\/td>\n<\/tr>\n<tr style=\"height: 22px;\">\n<td style=\"width: 603px; height: 22px;\">K\u00e4ytt\u00f6 ja huolto<\/td>\n<td style=\"width: 187px; height: 22px; text-align: right;\">32.8<\/td>\n<td style=\"width: 122px; height: 22px; text-align: right;\">35.0<\/td>\n<td style=\"width: 120px; height: 22px; text-align: right;\">6,6<\/td>\n<\/tr>\n<tr style=\"height: 22px;\">\n<td style=\"width: 603px; height: 22px;\">Kiinteist\u00f6verot<\/td>\n<td style=\"width: 187px; height: 22px; text-align: right;\">27.2<\/td>\n<td style=\"width: 122px; height: 22px; text-align: right;\">27.1<\/td>\n<td style=\"width: 120px; height: 22px; text-align: right;\">-0.4<\/td>\n<\/tr>\n<tr style=\"height: 22px;\">\n<td style=\"width: 603px; height: 22px;\">L\u00e4mmitys ja j\u00e4\u00e4hdytys<\/td>\n<td style=\"width: 187px; height: 22px; text-align: right;\">27.1<\/td>\n<td style=\"width: 122px; height: 22px; text-align: right;\">26.7<\/td>\n<td style=\"width: 120px; height: 22px; text-align: right;\">-1.5<\/td>\n<\/tr>\n<tr style=\"height: 22px;\">\n<td style=\"width: 603px; height: 22px;\">S\u00e4hk\u00f6<\/td>\n<td style=\"width: 187px; height: 22px; text-align: right;\">12.6<\/td>\n<td style=\"width: 122px; height: 22px; text-align: right;\">12.4<\/td>\n<td style=\"width: 120px; height: 22px; text-align: right;\">-1.1<\/td>\n<\/tr>\n<tr style=\"height: 22px;\">\n<td style=\"width: 603px; height: 22px;\">Siivous<\/td>\n<td style=\"width: 187px; height: 22px; text-align: right;\">11.0<\/td>\n<td style=\"width: 122px; height: 22px; text-align: right;\">11.7<\/td>\n<td style=\"width: 120px; height: 22px; text-align: right;\">6.8<\/td>\n<\/tr>\n<tr style=\"height: 22px;\">\n<td style=\"width: 603px; height: 22px;\">Vuokrat<\/td>\n<td style=\"width: 187px; height: 22px; text-align: right;\">10.2<\/td>\n<td style=\"width: 122px; height: 22px; text-align: right;\">10.0<\/td>\n<td style=\"width: 120px; height: 22px; text-align: right;\">-2.1<\/td>\n<\/tr>\n<tr style=\"height: 22px;\">\n<td style=\"width: 603px; height: 22px;\">Vesi ja j\u00e4tevesi<\/td>\n<td style=\"width: 187px; height: 22px; text-align: right;\">3.3<\/td>\n<td style=\"width: 122px; height: 22px; text-align: right;\">3.3<\/td>\n<td style=\"width: 120px; height: 22px; text-align: right;\">0.9<\/td>\n<\/tr>\n<tr style=\"height: 22px;\">\n<td style=\"width: 603px; height: 22px;\">Ulkoalueiden huolto<\/td>\n<td style=\"width: 187px; height: 22px; text-align: right;\">2.0<\/td>\n<td style=\"width: 122px; height: 22px; text-align: right;\">2.5<\/td>\n<td style=\"width: 120px; height: 22px; text-align: right;\">27.0<\/td>\n<\/tr>\n<tr style=\"height: 46px;\">\n<td style=\"width: 603px; height: 46px;\">J\u00e4tehuolto<\/td>\n<td style=\"width: 187px; height: 46px; text-align: right;\">2.5<\/td>\n<td style=\"width: 122px; height: 46px; text-align: right;\">2.3<\/td>\n<td style=\"width: 120px; height: 46px; text-align: right;\">-6.9<\/td>\n<\/tr>\n<tr style=\"height: 46px;\">\n<td style=\"width: 603px; height: 46px;\">Muut hoitokulut<\/td>\n<td style=\"width: 187px; height: 46px; text-align: right;\">1.1<\/td>\n<td style=\"width: 122px; height: 46px; text-align: right;\">2.3<\/td>\n<td style=\"width: 120px; height: 46px; text-align: right;\">113.1<\/td>\n<\/tr>\n<tr style=\"height: 46px;\">\n<td style=\"width: 603px; height: 46px;\">Vakuutukset<\/td>\n<td style=\"width: 187px; height: 46px; text-align: right;\">0.3<\/td>\n<td style=\"width: 122px; height: 46px; text-align: right;\">0.3<\/td>\n<td style=\"width: 120px; height: 46px; text-align: right;\">2.1<\/td>\n<\/tr>\n<\/tbody>\n<\/table>\n<\/div>\n<h2>Digitaalisuus kiinteist\u00f6jen yll\u00e4pidossa<\/h2>\n<p>Kertomusvuonna otimme viidess\u00e4 kiinteist\u00f6ss\u00e4 (noin 1000 k\u00e4ytt\u00e4j\u00e4\u00e4) k\u00e4ytt\u00f6\u00f6n Olosuhdemalliratkaisun, joka yhdist\u00e4\u00e4 rakennuksen tietomallin, olosuhdemittaukset, palvelupyynn\u00f6t ja k\u00e4ytt\u00e4j\u00e4palautteen.<\/p>\n<p>Tilank\u00e4ytt\u00e4j\u00e4 voi antaa olosuhteista pikapalautetta omalla \u00e4lypuhelimellaan ja j\u00e4tt\u00e4\u00e4 olosuhteita koskevia palvelupyynt\u00f6j\u00e4 QR-koodia hy\u00f6dynt\u00e4en. Kiinteist\u00f6nhoito havaitsee mahdolliset olosuhdepoikkeamat varhaisessa vaiheessa ja voi ryhty\u00e4 toimenpiteisiin lyhyell\u00e4 varoitusajalla. Olosuhdemallin antaman lis\u00e4tiedon avulla huolto pystyy paikantamaan vikaantumassa olevat laitteet ja tekem\u00e4\u00e4n ennakoivia korjauksia, jolloin olosuhdepoikkeama lyhenee tai j\u00e4\u00e4 kokonaan pois. Olosuhdemallia on tarkoitus laajentaa yhteens\u00e4 noin sataan kiinteist\u00f6\u00f6n nykyisen strategiakauden aikana eli vuoden 2022 loppuun menness\u00e4.<\/p>\n<p>&nbsp;<\/p>\n<p><img loading=\"lazy\" decoding=\"async\" class=\"wp-image-2964 size-full\" src=\"https:\/\/www.senaatti.fi\/app_ykv_archive\/uploads\/sites\/9\/2020\/03\/qr-koodi-1600x800.jpg\" alt=\"\" width=\"1600\" height=\"800\" srcset=\"https:\/\/www.senaatti.fi\/app_ykv_archive\/uploads\/sites\/9\/2020\/03\/qr-koodi-1600x800.jpg 1600w, https:\/\/www.senaatti.fi\/app_ykv_archive\/uploads\/sites\/9\/2020\/03\/qr-koodi-1600x800-300x150.jpg 300w, https:\/\/www.senaatti.fi\/app_ykv_archive\/uploads\/sites\/9\/2020\/03\/qr-koodi-1600x800-1024x512.jpg 1024w, https:\/\/www.senaatti.fi\/app_ykv_archive\/uploads\/sites\/9\/2020\/03\/qr-koodi-1600x800-768x384.jpg 768w, https:\/\/www.senaatti.fi\/app_ykv_archive\/uploads\/sites\/9\/2020\/03\/qr-koodi-1600x800-1536x768.jpg 1536w\" sizes=\"auto, (max-width: 1600px) 100vw, 1600px\" \/><\/p>\n<p><a href=\"https:\/\/www.senaatti.fi\/qr-koodilla-helposti-palautetta-tilojen-sisaolosuhteista\/\">Lue lis\u00e4\u00e4 miten QR-koodilla voi antaa helposti palautetta tilojen sis\u00e4olosuhteista<\/a><\/p>\n<p>Yli 200 Senaatti-kiinteist\u00f6jen rakennusta on liitetty rakennusautomaation et\u00e4valvontapalveluihin. Metrix-sis\u00e4olosuhdeseuranta ja -raportointi oli vuoden 2019 lopussa k\u00e4yt\u00f6ss\u00e4 yli 200 rakennuksessa.<\/p>\n<p>Yll\u00e4pidon tietoj\u00e4rjestelmi\u00e4 kehitettiin edelleen tukemaan muun muassa sis\u00e4ilmahavaintojen k\u00e4sittelyprosessia, proaktiivisen sis\u00e4olosuhdetoiminnan tilanneraportointia, rakennuskatsastusmallin prosessiseurantaraportointia, kiinteist\u00f6nhoidon uudistettua laadunvarmistamismenettely\u00e4 sek\u00e4 rakennusten elinkaarikorjausten pitk\u00e4n t\u00e4ht\u00e4imen ohjelmointia ja tilojen infon\u00e4yt\u00f6iss\u00e4 toteutettavaa viestint\u00e4\u00e4. N\u00e4iden lis\u00e4ksi huoltokirjojen yll\u00e4pidon aikaisen tietosis\u00e4ll\u00f6n vaatimukset uudistettiin t\u00e4m\u00e4n hetken tavoitteita vastaaviksi.<\/p>\n<h2>Vuoden 2020 tavoitteita<\/h2>\n<p>Vuonna 2020 k\u00e4ynnistet\u00e4\u00e4n rakennuskatsastusmallin toinen kierros p\u00e4ivitetyll\u00e4 sis\u00e4ll\u00f6ll\u00e4. Senaatti pilotoi ilmanvaihdon toiminnanvarmistusmallia noin kymmeness\u00e4 kohteessa. \u00a0Olosuhdemalleja on tavoitteena ottaa k\u00e4ytt\u00f6\u00f6n 30 rakennukseen eri puolilla Suomea.<\/p>\n<blockquote><p>Senaatti laatii suunnitelman \u00f6ljyl\u00e4mmityksest\u00e4 luopumiseksi 2024 menness\u00e4.<\/p><\/blockquote>\n<p>Senaatin aurinkos\u00e4hk\u00f6ohjelma k\u00e4ynnistyy ja ohjelman tavoitteena on 16 uuttaa aurinkos\u00e4hk\u00f6j\u00e4rjestelm\u00e4\u00e4 vuonna 2020. Uudet kiinteist\u00f6nhoidon puitesopimuskumppanit valitaan ja kiinteist\u00f6nhoidon sopimusohjelma p\u00e4ivitet\u00e4\u00e4n nykyisen strategian mukaiseksi.\u00a0 Rakennusten elinkaarisuunnitelmien (PTS) tietosis\u00e4lt\u00f6\u00e4 ja hy\u00f6dynt\u00e4mist\u00e4 kehitet\u00e4\u00e4n edelleen muun muassa visualisoinnin keinoin.<\/p>\n","protected":false},"excerpt":{"rendered":"<p>Senaatti-kiinteist\u00f6jen yll\u00e4pidon tavoitteena on kiinteist\u00f6jen arvon ja k\u00e4ytett\u00e4vyyden s\u00e4ilyminen. Yll\u00e4pidolla on my\u00f6s merkitt\u00e4v\u00e4 rooli sis\u00e4ilman laadun varmistamisessa ja energiakulutuksen v\u00e4hent\u00e4misess\u00e4. Senaatin yll\u00e4pitoprosessin yhten\u00e4 teht\u00e4v\u00e4n\u00e4 on l\u00f6yt\u00e4\u00e4 ja ottaa k\u00e4ytt\u00f6\u00f6n alan parhaat k\u00e4yt\u00e4nn\u00f6t. Vuosittain tehd\u00e4\u00e4n kiinteist\u00f6kannan arviointi, jonka perusteella laaditaan kiinteist\u00f6ille vuosi- ja keskipitk\u00e4n aikav\u00e4lin suunnitelmat. Vuonna 2019 kiinteist\u00f6jen yll\u00e4pitoon k\u00e4ytettiin 269 miljoonaa euroa kiinteist\u00f6jen yll\u00e4pitokulut [&hellip;]<\/p>\n","protected":false},"author":11,"featured_media":0,"parent":5,"menu_order":9,"comment_status":"closed","ping_status":"closed","template":"","meta":{"_acf_changed":false,"footnotes":""},"class_list":["post-238","page","type-page","status-publish","hentry"],"acf":[],"yoast_head":"<!-- This site is optimized with the Yoast SEO plugin v23.9 - https:\/\/yoast.com\/wordpress\/plugins\/seo\/ -->\n<title>Yll\u00e4pito - 2019 - yhteiskuntavastuuraportti<\/title>\n<meta name=\"description\" content=\"Senaatti-kiinteist\u00f6jen yll\u00e4pidon tavoitteena on kiinteist\u00f6jen arvon ja k\u00e4ytett\u00e4vyyden s\u00e4ilyminen. Yll\u00e4pidolla on my\u00f6s merkitt\u00e4v\u00e4 rooli sis\u00e4ilman laadun\" \/>\n<meta name=\"robots\" content=\"index, follow, max-snippet:-1, max-image-preview:large, max-video-preview:-1\" \/>\n<link rel=\"canonical\" href=\"https:\/\/www.senaatti.fi\/yhteiskuntavastuuraportti2019\/vuosi-2019\/yllapito\/\" \/>\n<meta property=\"og:locale\" content=\"en_US\" \/>\n<meta property=\"og:type\" content=\"article\" \/>\n<meta property=\"og:title\" content=\"Yll\u00e4pito - 2019 - yhteiskuntavastuuraportti\" \/>\n<meta property=\"og:description\" content=\"Senaatti-kiinteist\u00f6jen yll\u00e4pidon tavoitteena on kiinteist\u00f6jen arvon ja k\u00e4ytett\u00e4vyyden s\u00e4ilyminen. Yll\u00e4pidolla on my\u00f6s merkitt\u00e4v\u00e4 rooli sis\u00e4ilman laadun\" \/>\n<meta property=\"og:url\" content=\"https:\/\/www.senaatti.fi\/yhteiskuntavastuuraportti2019\/vuosi-2019\/yllapito\/\" \/>\n<meta property=\"og:site_name\" content=\"2019 - yhteiskuntavastuuraportti\" \/>\n<meta property=\"article:modified_time\" content=\"2022-01-04T13:21:10+00:00\" \/>\n<meta property=\"og:image\" content=\"https:\/\/www.senaatti.fi\/app_ykv_archive\/uploads\/sites\/9\/2020\/04\/SEN_Attila_4075_2200px.jpg\" \/>\n<meta name=\"twitter:card\" content=\"summary_large_image\" \/>\n<meta name=\"twitter:label1\" content=\"Est. reading time\" \/>\n\t<meta name=\"twitter:data1\" content=\"3 minutes\" \/>\n<script type=\"application\/ld+json\" class=\"yoast-schema-graph\">{\"@context\":\"https:\/\/schema.org\",\"@graph\":[{\"@type\":\"WebPage\",\"@id\":\"https:\/\/www.senaatti.fi\/yhteiskuntavastuuraportti2019\/vuosi-2019\/yllapito\/\",\"url\":\"https:\/\/www.senaatti.fi\/yhteiskuntavastuuraportti2019\/vuosi-2019\/yllapito\/\",\"name\":\"Yll\u00e4pito - 2019 - yhteiskuntavastuuraportti\",\"isPartOf\":{\"@id\":\"https:\/\/www.senaatti.fi\/yhteiskuntavastuuraportti2019\/#website\"},\"primaryImageOfPage\":{\"@id\":\"https:\/\/www.senaatti.fi\/yhteiskuntavastuuraportti2019\/vuosi-2019\/yllapito\/#primaryimage\"},\"image\":{\"@id\":\"https:\/\/www.senaatti.fi\/yhteiskuntavastuuraportti2019\/vuosi-2019\/yllapito\/#primaryimage\"},\"thumbnailUrl\":\"https:\/\/www.senaatti.fi\/app_ykv_archive\/uploads\/sites\/9\/2020\/04\/SEN_Attila_4075_2200px.jpg\",\"datePublished\":\"2018-02-23T10:11:59+00:00\",\"dateModified\":\"2022-01-04T13:21:10+00:00\",\"description\":\"Senaatti-kiinteist\u00f6jen yll\u00e4pidon tavoitteena on kiinteist\u00f6jen arvon ja k\u00e4ytett\u00e4vyyden s\u00e4ilyminen. Yll\u00e4pidolla on my\u00f6s merkitt\u00e4v\u00e4 rooli sis\u00e4ilman laadun\",\"breadcrumb\":{\"@id\":\"https:\/\/www.senaatti.fi\/yhteiskuntavastuuraportti2019\/vuosi-2019\/yllapito\/#breadcrumb\"},\"inLanguage\":\"en-US\",\"potentialAction\":[{\"@type\":\"ReadAction\",\"target\":[\"https:\/\/www.senaatti.fi\/yhteiskuntavastuuraportti2019\/vuosi-2019\/yllapito\/\"]}]},{\"@type\":\"ImageObject\",\"inLanguage\":\"en-US\",\"@id\":\"https:\/\/www.senaatti.fi\/yhteiskuntavastuuraportti2019\/vuosi-2019\/yllapito\/#primaryimage\",\"url\":\"https:\/\/www.senaatti.fi\/app_ykv_archive\/uploads\/sites\/9\/2020\/04\/SEN_Attila_4075_2200px.jpg\",\"contentUrl\":\"https:\/\/www.senaatti.fi\/app_ykv_archive\/uploads\/sites\/9\/2020\/04\/SEN_Attila_4075_2200px.jpg\"},{\"@type\":\"BreadcrumbList\",\"@id\":\"https:\/\/www.senaatti.fi\/yhteiskuntavastuuraportti2019\/vuosi-2019\/yllapito\/#breadcrumb\",\"itemListElement\":[{\"@type\":\"ListItem\",\"position\":1,\"name\":\"Home\",\"item\":\"https:\/\/www.senaatti.fi\/yhteiskuntavastuuraportti2019\/\"},{\"@type\":\"ListItem\",\"position\":2,\"name\":\"Vuosi 2019\",\"item\":\"https:\/\/www.senaatti.fi\/yhteiskuntavastuuraportti2019\/vuosi-2019\/\"},{\"@type\":\"ListItem\",\"position\":3,\"name\":\"Yll\u00e4pito\"}]},{\"@type\":\"WebSite\",\"@id\":\"https:\/\/www.senaatti.fi\/yhteiskuntavastuuraportti2019\/#website\",\"url\":\"https:\/\/www.senaatti.fi\/yhteiskuntavastuuraportti2019\/\",\"name\":\"2019 - yhteiskuntavastuuraportti\",\"description\":\"\",\"potentialAction\":[{\"@type\":\"SearchAction\",\"target\":{\"@type\":\"EntryPoint\",\"urlTemplate\":\"https:\/\/www.senaatti.fi\/yhteiskuntavastuuraportti2019\/?s={search_term_string}\"},\"query-input\":{\"@type\":\"PropertyValueSpecification\",\"valueRequired\":true,\"valueName\":\"search_term_string\"}}],\"inLanguage\":\"en-US\"}]}<\/script>\n<!-- \/ Yoast SEO plugin. -->","yoast_head_json":{"title":"Yll\u00e4pito - 2019 - yhteiskuntavastuuraportti","description":"Senaatti-kiinteist\u00f6jen yll\u00e4pidon tavoitteena on kiinteist\u00f6jen arvon ja k\u00e4ytett\u00e4vyyden s\u00e4ilyminen. Yll\u00e4pidolla on my\u00f6s merkitt\u00e4v\u00e4 rooli sis\u00e4ilman laadun","robots":{"index":"index","follow":"follow","max-snippet":"max-snippet:-1","max-image-preview":"max-image-preview:large","max-video-preview":"max-video-preview:-1"},"canonical":"https:\/\/www.senaatti.fi\/yhteiskuntavastuuraportti2019\/vuosi-2019\/yllapito\/","og_locale":"en_US","og_type":"article","og_title":"Yll\u00e4pito - 2019 - yhteiskuntavastuuraportti","og_description":"Senaatti-kiinteist\u00f6jen yll\u00e4pidon tavoitteena on kiinteist\u00f6jen arvon ja k\u00e4ytett\u00e4vyyden s\u00e4ilyminen. Yll\u00e4pidolla on my\u00f6s merkitt\u00e4v\u00e4 rooli sis\u00e4ilman laadun","og_url":"https:\/\/www.senaatti.fi\/yhteiskuntavastuuraportti2019\/vuosi-2019\/yllapito\/","og_site_name":"2019 - yhteiskuntavastuuraportti","article_modified_time":"2022-01-04T13:21:10+00:00","og_image":[{"url":"https:\/\/www.senaatti.fi\/app_ykv_archive\/uploads\/sites\/9\/2020\/04\/SEN_Attila_4075_2200px.jpg"}],"twitter_card":"summary_large_image","twitter_misc":{"Est. reading time":"3 minutes"},"schema":{"@context":"https:\/\/schema.org","@graph":[{"@type":"WebPage","@id":"https:\/\/www.senaatti.fi\/yhteiskuntavastuuraportti2019\/vuosi-2019\/yllapito\/","url":"https:\/\/www.senaatti.fi\/yhteiskuntavastuuraportti2019\/vuosi-2019\/yllapito\/","name":"Yll\u00e4pito - 2019 - yhteiskuntavastuuraportti","isPartOf":{"@id":"https:\/\/www.senaatti.fi\/yhteiskuntavastuuraportti2019\/#website"},"primaryImageOfPage":{"@id":"https:\/\/www.senaatti.fi\/yhteiskuntavastuuraportti2019\/vuosi-2019\/yllapito\/#primaryimage"},"image":{"@id":"https:\/\/www.senaatti.fi\/yhteiskuntavastuuraportti2019\/vuosi-2019\/yllapito\/#primaryimage"},"thumbnailUrl":"https:\/\/www.senaatti.fi\/app_ykv_archive\/uploads\/sites\/9\/2020\/04\/SEN_Attila_4075_2200px.jpg","datePublished":"2018-02-23T10:11:59+00:00","dateModified":"2022-01-04T13:21:10+00:00","description":"Senaatti-kiinteist\u00f6jen yll\u00e4pidon tavoitteena on kiinteist\u00f6jen arvon ja k\u00e4ytett\u00e4vyyden s\u00e4ilyminen. Yll\u00e4pidolla on my\u00f6s merkitt\u00e4v\u00e4 rooli sis\u00e4ilman laadun","breadcrumb":{"@id":"https:\/\/www.senaatti.fi\/yhteiskuntavastuuraportti2019\/vuosi-2019\/yllapito\/#breadcrumb"},"inLanguage":"en-US","potentialAction":[{"@type":"ReadAction","target":["https:\/\/www.senaatti.fi\/yhteiskuntavastuuraportti2019\/vuosi-2019\/yllapito\/"]}]},{"@type":"ImageObject","inLanguage":"en-US","@id":"https:\/\/www.senaatti.fi\/yhteiskuntavastuuraportti2019\/vuosi-2019\/yllapito\/#primaryimage","url":"https:\/\/www.senaatti.fi\/app_ykv_archive\/uploads\/sites\/9\/2020\/04\/SEN_Attila_4075_2200px.jpg","contentUrl":"https:\/\/www.senaatti.fi\/app_ykv_archive\/uploads\/sites\/9\/2020\/04\/SEN_Attila_4075_2200px.jpg"},{"@type":"BreadcrumbList","@id":"https:\/\/www.senaatti.fi\/yhteiskuntavastuuraportti2019\/vuosi-2019\/yllapito\/#breadcrumb","itemListElement":[{"@type":"ListItem","position":1,"name":"Home","item":"https:\/\/www.senaatti.fi\/yhteiskuntavastuuraportti2019\/"},{"@type":"ListItem","position":2,"name":"Vuosi 2019","item":"https:\/\/www.senaatti.fi\/yhteiskuntavastuuraportti2019\/vuosi-2019\/"},{"@type":"ListItem","position":3,"name":"Yll\u00e4pito"}]},{"@type":"WebSite","@id":"https:\/\/www.senaatti.fi\/yhteiskuntavastuuraportti2019\/#website","url":"https:\/\/www.senaatti.fi\/yhteiskuntavastuuraportti2019\/","name":"2019 - yhteiskuntavastuuraportti","description":"","potentialAction":[{"@type":"SearchAction","target":{"@type":"EntryPoint","urlTemplate":"https:\/\/www.senaatti.fi\/yhteiskuntavastuuraportti2019\/?s={search_term_string}"},"query-input":{"@type":"PropertyValueSpecification","valueRequired":true,"valueName":"search_term_string"}}],"inLanguage":"en-US"}]}},"_links":{"self":[{"href":"https:\/\/www.senaatti.fi\/yhteiskuntavastuuraportti2019\/wp-json\/wp\/v2\/pages\/238","targetHints":{"allow":["GET"]}}],"collection":[{"href":"https:\/\/www.senaatti.fi\/yhteiskuntavastuuraportti2019\/wp-json\/wp\/v2\/pages"}],"about":[{"href":"https:\/\/www.senaatti.fi\/yhteiskuntavastuuraportti2019\/wp-json\/wp\/v2\/types\/page"}],"author":[{"embeddable":true,"href":"https:\/\/www.senaatti.fi\/yhteiskuntavastuuraportti2019\/wp-json\/wp\/v2\/users\/11"}],"replies":[{"embeddable":true,"href":"https:\/\/www.senaatti.fi\/yhteiskuntavastuuraportti2019\/wp-json\/wp\/v2\/comments?post=238"}],"version-history":[{"count":12,"href":"https:\/\/www.senaatti.fi\/yhteiskuntavastuuraportti2019\/wp-json\/wp\/v2\/pages\/238\/revisions"}],"predecessor-version":[{"id":3404,"href":"https:\/\/www.senaatti.fi\/yhteiskuntavastuuraportti2019\/wp-json\/wp\/v2\/pages\/238\/revisions\/3404"}],"up":[{"embeddable":true,"href":"https:\/\/www.senaatti.fi\/yhteiskuntavastuuraportti2019\/wp-json\/wp\/v2\/pages\/5"}],"wp:attachment":[{"href":"https:\/\/www.senaatti.fi\/yhteiskuntavastuuraportti2019\/wp-json\/wp\/v2\/media?parent=238"}],"curies":[{"name":"wp","href":"https:\/\/api.w.org\/{rel}","templated":true}]}}