{"id":19,"date":"2018-01-29T10:57:50","date_gmt":"2018-01-29T10:57:50","guid":{"rendered":"https:\/\/www.senaatti.fi\/yhteiskuntavastuuraportti2019\/?page_id=19"},"modified":"2020-09-07T18:40:53","modified_gmt":"2020-09-07T18:40:53","slug":"rahavirrat","status":"publish","type":"page","link":"https:\/\/www.senaatti.fi\/yhteiskuntavastuuraportti2019\/vuosi-2019\/rahavirrat\/","title":{"rendered":"Rahavirrat"},"content":{"rendered":"<p>Senaatti-kiinteist\u00f6jen toiminta vaikuttaa monin tavoin sen eri sidosryhmien taloudelliseen hyvinvointiin. Alla olevassa kaaviossa on kuvattu Senaatin ja keskeisten toimijoiden v\u00e4liset rahavirrat.<\/p>\n<div class=\"row\">\n<div class=\"col-sm-3 ykv-icon-list\">\n<div class=\"text-align-center ykv-icon-list\"><img loading=\"lazy\" decoding=\"async\" class=\"ykv-icon alignnone wp-image-1162 size-full\" src=\"https:\/\/www.senaatti.fi\/app_ykv_archive\/uploads\/sites\/2\/2018\/04\/senaatti-ykv-icon-asiakkaat-orange.png\" alt=\"\" width=\"220\" height=\"220\" srcset=\"https:\/\/www.senaatti.fi\/app_ykv_archive\/uploads\/sites\/9\/2018\/04\/senaatti-ykv-icon-asiakkaat-orange.png 220w, https:\/\/www.senaatti.fi\/app_ykv_archive\/uploads\/sites\/9\/2018\/04\/senaatti-ykv-icon-asiakkaat-orange-150x150.png 150w\" sizes=\"auto, (max-width: 220px) 100vw, 220px\" \/><\/div>\n<hr class=\"hr-2px-orange desktop-only\" \/>\n<h6><strong>Asiakkaat<\/strong><\/h6>\n<ul>\n<li>Vuokraustoiminnan liikevaihto 647 milj. \u20ac (638)<\/li>\n<li>Palveluiden liikevaihto osana vuokraa 20,1 milj. \u20ac (17)<\/li>\n<li>Kiinteist\u00f6jen myynnit 107 milj. \u20ac (118)<\/li>\n<\/ul>\n<\/div>\n<div class=\"col-sm-3 ykv-icon-list\">\n<div class=\"text-align-center ykv-icon-list\"><img loading=\"lazy\" decoding=\"async\" class=\"ykv-icon alignnone wp-image-1167 size-full\" src=\"https:\/\/www.senaatti.fi\/app_ykv_archive\/uploads\/sites\/2\/2018\/04\/senaatti-ykv-icon-julkinen-sektori-orange.png\" alt=\"\" width=\"220\" height=\"220\" srcset=\"https:\/\/www.senaatti.fi\/app_ykv_archive\/uploads\/sites\/9\/2018\/04\/senaatti-ykv-icon-julkinen-sektori-orange.png 220w, https:\/\/www.senaatti.fi\/app_ykv_archive\/uploads\/sites\/9\/2018\/04\/senaatti-ykv-icon-julkinen-sektori-orange-150x150.png 150w\" sizes=\"auto, (max-width: 220px) 100vw, 220px\" \/><\/div>\n<hr class=\"hr-2px-orange desktop-only\" \/>\n<h6><strong>Julkinen sektori<\/strong><\/h6>\n<ul>\n<li>Saadut avustukset 0,0 milj. \u20ac (0,1)<\/li>\n<\/ul>\n<\/div>\n<div class=\"col-sm-3 ykv-icon-list\">\n<div class=\"text-align-center ykv-icon-list\"><img loading=\"lazy\" decoding=\"async\" class=\"ykv-icon alignnone wp-image-1164 size-full\" src=\"https:\/\/www.senaatti.fi\/app_ykv_archive\/uploads\/sites\/2\/2018\/04\/senaatti-ykv-icon-euro-orange.png\" alt=\"\" width=\"220\" height=\"220\" srcset=\"https:\/\/www.senaatti.fi\/app_ykv_archive\/uploads\/sites\/9\/2018\/04\/senaatti-ykv-icon-euro-orange.png 220w, https:\/\/www.senaatti.fi\/app_ykv_archive\/uploads\/sites\/9\/2018\/04\/senaatti-ykv-icon-euro-orange-150x150.png 150w\" sizes=\"auto, (max-width: 220px) 100vw, 220px\" \/><\/div>\n<hr class=\"hr-2px-orange desktop-only\" \/>\n<h6><strong>Omistaja ja ulkopuoliset rahoittajat<\/strong><\/h6>\n<ul>\n<li>Lainanotto 301 milj. \u20ac (364)<\/li>\n<\/ul>\n<\/div>\n<div class=\"col-sm-3 ykv-icon-list\">\n<div class=\"text-align-center ykv-icon-list\"><img loading=\"lazy\" decoding=\"async\" class=\"ykv-icon alignnone wp-image-1168 size-full\" src=\"https:\/\/www.senaatti.fi\/app_ykv_archive\/uploads\/sites\/2\/2018\/04\/senaatti-ykv-icon-muut-tuotot-orange.png\" alt=\"\" width=\"220\" height=\"220\" srcset=\"https:\/\/www.senaatti.fi\/app_ykv_archive\/uploads\/sites\/9\/2018\/04\/senaatti-ykv-icon-muut-tuotot-orange.png 220w, https:\/\/www.senaatti.fi\/app_ykv_archive\/uploads\/sites\/9\/2018\/04\/senaatti-ykv-icon-muut-tuotot-orange-150x150.png 150w\" sizes=\"auto, (max-width: 220px) 100vw, 220px\" \/><\/div>\n<hr class=\"hr-2px-orange desktop-only\" \/>\n<h6><strong>Muut tuotot<\/strong><\/h6>\n<ul>\n<li>Osinkotuotot Yliopisto-kiinteist\u00f6yhti\u00f6lt\u00e4 6,3 milj. \u20ac (5,3)<\/li>\n<li>Muut rahoitustuotot 4,3 milj. \u20ac (5,6)<\/li>\n<\/ul>\n<\/div>\n<\/div>\n<div class=\"ykv-red-separator\">\n<div class=\"ykv-red-arrow\"><\/div>\n<\/div>\n<div class=\"text-align-center txt-red\">\n<h2><strong>Senaatti-kiinteist\u00f6t<\/strong><\/h2>\n<\/div>\n<div class=\"ykv-red-separator\">\n<div class=\"ykv-red-arrow\"><\/div>\n<\/div>\n<div class=\"row\">\n<div class=\"col-sm-3 ykv-icon-list\">\n<div class=\"text-align-center ykv-icon-list\"><img loading=\"lazy\" decoding=\"async\" class=\"ykv-icon alignnone wp-image-1165 size-full\" src=\"https:\/\/www.senaatti.fi\/app_ykv_archive\/uploads\/sites\/2\/2018\/04\/senaatti-ykv-icon-henkilosto.png\" alt=\"\" width=\"220\" height=\"220\" srcset=\"https:\/\/www.senaatti.fi\/app_ykv_archive\/uploads\/sites\/9\/2018\/04\/senaatti-ykv-icon-henkilosto.png 220w, https:\/\/www.senaatti.fi\/app_ykv_archive\/uploads\/sites\/9\/2018\/04\/senaatti-ykv-icon-henkilosto-150x150.png 150w\" sizes=\"auto, (max-width: 220px) 100vw, 220px\" \/><\/div>\n<hr class=\"hr-2px-violet desktop-only\" \/>\n<h6><strong>Henkil\u00f6st\u00f6<\/strong><\/h6>\n<ul>\n<li>Maksetut palkat ja el\u00e4kkeet 30 milj. \u20ac (27)<\/li>\n<\/ul>\n<\/div>\n<div class=\"col-sm-3 ykv-icon-list\">\n<div class=\"text-align-center ykv-icon-list\"><img loading=\"lazy\" decoding=\"async\" class=\"ykv-icon alignnone wp-image-1169 size-full\" src=\"https:\/\/www.senaatti.fi\/app_ykv_archive\/uploads\/sites\/2\/2018\/04\/senaatti-ykv-icon-toimittajat.png\" alt=\"\" width=\"220\" height=\"220\" srcset=\"https:\/\/www.senaatti.fi\/app_ykv_archive\/uploads\/sites\/9\/2018\/04\/senaatti-ykv-icon-toimittajat.png 220w, https:\/\/www.senaatti.fi\/app_ykv_archive\/uploads\/sites\/9\/2018\/04\/senaatti-ykv-icon-toimittajat-150x150.png 150w\" sizes=\"auto, (max-width: 220px) 100vw, 220px\" \/><\/div>\n<hr class=\"hr-2px-violet desktop-only\" \/>\n<h6><strong>Materiaalien ja palvelujen toimittajat<\/strong><\/h6>\n<ul>\n<li>Ostot yhteens\u00e4 557 milj. \u20ac (506)<\/li>\n<li>josta investointeja 309 milj. \u20ac (240)<\/li>\n<\/ul>\n<\/div>\n<div class=\"col-sm-3 ykv-icon-list\">\n<div class=\"text-align-center ykv-icon-list\"><img loading=\"lazy\" decoding=\"async\" class=\"ykv-icon alignnone wp-image-1163 size-full\" src=\"https:\/\/www.senaatti.fi\/app_ykv_archive\/uploads\/sites\/2\/2018\/04\/senaatti-ykv-icon-euro.png\" alt=\"\" width=\"220\" height=\"220\" srcset=\"https:\/\/www.senaatti.fi\/app_ykv_archive\/uploads\/sites\/9\/2018\/04\/senaatti-ykv-icon-euro.png 220w, https:\/\/www.senaatti.fi\/app_ykv_archive\/uploads\/sites\/9\/2018\/04\/senaatti-ykv-icon-euro-150x150.png 150w\" sizes=\"auto, (max-width: 220px) 100vw, 220px\" \/><\/div>\n<hr class=\"hr-2px-violet desktop-only\" \/>\n<h6><strong>Omistaja ja ulkopuoliset rahoittajat<\/strong><\/h6>\n<ul>\n<li>Lyhennykset 388 milj. \u20ac (372)<\/li>\n<li>Korkokulut 13 milj. \u20ac (15)<\/li>\n<li>Tuloutus valtiolle 35 milj. \u20ac (135)<\/li>\n<\/ul>\n<\/div>\n<div class=\"col-sm-3 ykv-icon-list\">\n<div class=\"text-align-center ykv-icon-list\"><img loading=\"lazy\" decoding=\"async\" class=\"ykv-icon alignnone wp-image-1166 size-full\" src=\"https:\/\/www.senaatti.fi\/app_ykv_archive\/uploads\/sites\/2\/2018\/04\/senaatti-ykv-icon-julkinen-sektori.png\" alt=\"\" width=\"220\" height=\"220\" srcset=\"https:\/\/www.senaatti.fi\/app_ykv_archive\/uploads\/sites\/9\/2018\/04\/senaatti-ykv-icon-julkinen-sektori.png 220w, https:\/\/www.senaatti.fi\/app_ykv_archive\/uploads\/sites\/9\/2018\/04\/senaatti-ykv-icon-julkinen-sektori-150x150.png 150w\" sizes=\"auto, (max-width: 220px) 100vw, 220px\" \/><\/div>\n<hr class=\"hr-2px-violet desktop-only\" \/>\n<h6><strong>Julkinen sektori<\/strong><\/h6>\n<ul>\n<li>Tulo- ja kiint. verot 29 milj. \u20ac (28)<\/li>\n<li>Katso verot tarkemmin <a href=\"https:\/\/www.senaatti.fi\/yhteiskuntavastuuraportti2019\/vuosi-2018\/yhteiskunnalliset-rahavirrat\/verojalanjalki\/\">Veronjalanj\u00e4lki<\/a><\/li>\n<\/ul>\n<\/div>\n<\/div>\n<p>Organisaatioon j\u00e4tetty jakamaton lis\u00e4arvo on 306,2 milj. euroa<strong>.<\/strong> Summa ei sis\u00e4ll\u00e4 investointeja, lainanottoja eik\u00e4 lyhennyksi\u00e4. Lis\u00e4ksi kiinteist\u00f6jen ja sijoitusten myynneist\u00e4 on huomioitu vain nettomyyntivoitot 57,5 milj. euroa.<\/p>\n","protected":false},"excerpt":{"rendered":"<p>Senaatti-kiinteist\u00f6jen toiminta vaikuttaa monin tavoin sen eri sidosryhmien taloudelliseen hyvinvointiin. Alla olevassa kaaviossa on kuvattu Senaatin ja keskeisten toimijoiden v\u00e4liset rahavirrat. Asiakkaat Vuokraustoiminnan liikevaihto 647 milj. \u20ac (638) Palveluiden liikevaihto osana vuokraa 20,1 milj. \u20ac (17) Kiinteist\u00f6jen myynnit 107 milj. \u20ac (118) Julkinen sektori Saadut avustukset 0,0 milj. \u20ac (0,1) Omistaja ja ulkopuoliset rahoittajat Lainanotto [&hellip;]<\/p>\n","protected":false},"author":11,"featured_media":0,"parent":5,"menu_order":4,"comment_status":"closed","ping_status":"closed","template":"","meta":{"_acf_changed":false,"footnotes":""},"class_list":["post-19","page","type-page","status-publish","hentry"],"acf":[],"yoast_head":"<!-- This site is optimized with the Yoast SEO plugin v23.9 - https:\/\/yoast.com\/wordpress\/plugins\/seo\/ -->\n<title>Rahavirrat - 2019 - yhteiskuntavastuuraportti<\/title>\n<meta name=\"description\" content=\"Senaatti-kiinteist\u00f6jen toiminta vaikuttaa monin tavoin sen eri sidosryhmien taloudelliseen hyvinvointiin. Alla olevassa kaaviossa on kuvattu Senaatin ja\" \/>\n<meta name=\"robots\" content=\"index, follow, max-snippet:-1, max-image-preview:large, max-video-preview:-1\" \/>\n<link rel=\"canonical\" href=\"https:\/\/www.senaatti.fi\/yhteiskuntavastuuraportti2019\/vuosi-2019\/rahavirrat\/\" \/>\n<meta property=\"og:locale\" content=\"en_US\" \/>\n<meta property=\"og:type\" content=\"article\" \/>\n<meta property=\"og:title\" content=\"Rahavirrat - 2019 - yhteiskuntavastuuraportti\" \/>\n<meta property=\"og:description\" content=\"Senaatti-kiinteist\u00f6jen toiminta vaikuttaa monin tavoin sen eri sidosryhmien taloudelliseen hyvinvointiin. Alla olevassa kaaviossa on kuvattu Senaatin ja\" \/>\n<meta property=\"og:url\" content=\"https:\/\/www.senaatti.fi\/yhteiskuntavastuuraportti2019\/vuosi-2019\/rahavirrat\/\" \/>\n<meta property=\"og:site_name\" content=\"2019 - yhteiskuntavastuuraportti\" \/>\n<meta property=\"article:modified_time\" content=\"2020-09-07T18:40:53+00:00\" \/>\n<meta property=\"og:image\" content=\"https:\/\/www.senaatti.fi\/app_ykv_archive\/uploads\/sites\/2\/2018\/04\/senaatti-ykv-icon-asiakkaat-orange.png\" \/>\n<meta name=\"twitter:card\" content=\"summary_large_image\" \/>\n<meta name=\"twitter:label1\" content=\"Est. reading time\" \/>\n\t<meta name=\"twitter:data1\" content=\"1 minute\" \/>\n<script type=\"application\/ld+json\" class=\"yoast-schema-graph\">{\"@context\":\"https:\/\/schema.org\",\"@graph\":[{\"@type\":\"WebPage\",\"@id\":\"https:\/\/www.senaatti.fi\/yhteiskuntavastuuraportti2019\/vuosi-2019\/rahavirrat\/\",\"url\":\"https:\/\/www.senaatti.fi\/yhteiskuntavastuuraportti2019\/vuosi-2019\/rahavirrat\/\",\"name\":\"Rahavirrat - 2019 - yhteiskuntavastuuraportti\",\"isPartOf\":{\"@id\":\"https:\/\/www.senaatti.fi\/yhteiskuntavastuuraportti2019\/#website\"},\"primaryImageOfPage\":{\"@id\":\"https:\/\/www.senaatti.fi\/yhteiskuntavastuuraportti2019\/vuosi-2019\/rahavirrat\/#primaryimage\"},\"image\":{\"@id\":\"https:\/\/www.senaatti.fi\/yhteiskuntavastuuraportti2019\/vuosi-2019\/rahavirrat\/#primaryimage\"},\"thumbnailUrl\":\"https:\/\/www.senaatti.fi\/app_ykv_archive\/uploads\/sites\/2\/2018\/04\/senaatti-ykv-icon-asiakkaat-orange.png\",\"datePublished\":\"2018-01-29T10:57:50+00:00\",\"dateModified\":\"2020-09-07T18:40:53+00:00\",\"description\":\"Senaatti-kiinteist\u00f6jen toiminta vaikuttaa monin tavoin sen eri sidosryhmien taloudelliseen hyvinvointiin. Alla olevassa kaaviossa on kuvattu Senaatin ja\",\"breadcrumb\":{\"@id\":\"https:\/\/www.senaatti.fi\/yhteiskuntavastuuraportti2019\/vuosi-2019\/rahavirrat\/#breadcrumb\"},\"inLanguage\":\"en-US\",\"potentialAction\":[{\"@type\":\"ReadAction\",\"target\":[\"https:\/\/www.senaatti.fi\/yhteiskuntavastuuraportti2019\/vuosi-2019\/rahavirrat\/\"]}]},{\"@type\":\"ImageObject\",\"inLanguage\":\"en-US\",\"@id\":\"https:\/\/www.senaatti.fi\/yhteiskuntavastuuraportti2019\/vuosi-2019\/rahavirrat\/#primaryimage\",\"url\":\"https:\/\/www.senaatti.fi\/app_ykv_archive\/uploads\/sites\/2\/2018\/04\/senaatti-ykv-icon-asiakkaat-orange.png\",\"contentUrl\":\"https:\/\/www.senaatti.fi\/app_ykv_archive\/uploads\/sites\/2\/2018\/04\/senaatti-ykv-icon-asiakkaat-orange.png\"},{\"@type\":\"BreadcrumbList\",\"@id\":\"https:\/\/www.senaatti.fi\/yhteiskuntavastuuraportti2019\/vuosi-2019\/rahavirrat\/#breadcrumb\",\"itemListElement\":[{\"@type\":\"ListItem\",\"position\":1,\"name\":\"Home\",\"item\":\"https:\/\/www.senaatti.fi\/yhteiskuntavastuuraportti2019\/\"},{\"@type\":\"ListItem\",\"position\":2,\"name\":\"Vuosi 2019\",\"item\":\"https:\/\/www.senaatti.fi\/yhteiskuntavastuuraportti2019\/vuosi-2019\/\"},{\"@type\":\"ListItem\",\"position\":3,\"name\":\"Rahavirrat\"}]},{\"@type\":\"WebSite\",\"@id\":\"https:\/\/www.senaatti.fi\/yhteiskuntavastuuraportti2019\/#website\",\"url\":\"https:\/\/www.senaatti.fi\/yhteiskuntavastuuraportti2019\/\",\"name\":\"2019 - yhteiskuntavastuuraportti\",\"description\":\"\",\"potentialAction\":[{\"@type\":\"SearchAction\",\"target\":{\"@type\":\"EntryPoint\",\"urlTemplate\":\"https:\/\/www.senaatti.fi\/yhteiskuntavastuuraportti2019\/?s={search_term_string}\"},\"query-input\":{\"@type\":\"PropertyValueSpecification\",\"valueRequired\":true,\"valueName\":\"search_term_string\"}}],\"inLanguage\":\"en-US\"}]}<\/script>\n<!-- \/ Yoast SEO plugin. -->","yoast_head_json":{"title":"Rahavirrat - 2019 - yhteiskuntavastuuraportti","description":"Senaatti-kiinteist\u00f6jen toiminta vaikuttaa monin tavoin sen eri sidosryhmien taloudelliseen hyvinvointiin. Alla olevassa kaaviossa on kuvattu Senaatin ja","robots":{"index":"index","follow":"follow","max-snippet":"max-snippet:-1","max-image-preview":"max-image-preview:large","max-video-preview":"max-video-preview:-1"},"canonical":"https:\/\/www.senaatti.fi\/yhteiskuntavastuuraportti2019\/vuosi-2019\/rahavirrat\/","og_locale":"en_US","og_type":"article","og_title":"Rahavirrat - 2019 - yhteiskuntavastuuraportti","og_description":"Senaatti-kiinteist\u00f6jen toiminta vaikuttaa monin tavoin sen eri sidosryhmien taloudelliseen hyvinvointiin. Alla olevassa kaaviossa on kuvattu Senaatin ja","og_url":"https:\/\/www.senaatti.fi\/yhteiskuntavastuuraportti2019\/vuosi-2019\/rahavirrat\/","og_site_name":"2019 - yhteiskuntavastuuraportti","article_modified_time":"2020-09-07T18:40:53+00:00","og_image":[{"url":"https:\/\/www.senaatti.fi\/app_ykv_archive\/uploads\/sites\/2\/2018\/04\/senaatti-ykv-icon-asiakkaat-orange.png"}],"twitter_card":"summary_large_image","twitter_misc":{"Est. reading time":"1 minute"},"schema":{"@context":"https:\/\/schema.org","@graph":[{"@type":"WebPage","@id":"https:\/\/www.senaatti.fi\/yhteiskuntavastuuraportti2019\/vuosi-2019\/rahavirrat\/","url":"https:\/\/www.senaatti.fi\/yhteiskuntavastuuraportti2019\/vuosi-2019\/rahavirrat\/","name":"Rahavirrat - 2019 - yhteiskuntavastuuraportti","isPartOf":{"@id":"https:\/\/www.senaatti.fi\/yhteiskuntavastuuraportti2019\/#website"},"primaryImageOfPage":{"@id":"https:\/\/www.senaatti.fi\/yhteiskuntavastuuraportti2019\/vuosi-2019\/rahavirrat\/#primaryimage"},"image":{"@id":"https:\/\/www.senaatti.fi\/yhteiskuntavastuuraportti2019\/vuosi-2019\/rahavirrat\/#primaryimage"},"thumbnailUrl":"https:\/\/www.senaatti.fi\/app_ykv_archive\/uploads\/sites\/2\/2018\/04\/senaatti-ykv-icon-asiakkaat-orange.png","datePublished":"2018-01-29T10:57:50+00:00","dateModified":"2020-09-07T18:40:53+00:00","description":"Senaatti-kiinteist\u00f6jen toiminta vaikuttaa monin tavoin sen eri sidosryhmien taloudelliseen hyvinvointiin. Alla olevassa kaaviossa on kuvattu Senaatin ja","breadcrumb":{"@id":"https:\/\/www.senaatti.fi\/yhteiskuntavastuuraportti2019\/vuosi-2019\/rahavirrat\/#breadcrumb"},"inLanguage":"en-US","potentialAction":[{"@type":"ReadAction","target":["https:\/\/www.senaatti.fi\/yhteiskuntavastuuraportti2019\/vuosi-2019\/rahavirrat\/"]}]},{"@type":"ImageObject","inLanguage":"en-US","@id":"https:\/\/www.senaatti.fi\/yhteiskuntavastuuraportti2019\/vuosi-2019\/rahavirrat\/#primaryimage","url":"https:\/\/www.senaatti.fi\/app_ykv_archive\/uploads\/sites\/2\/2018\/04\/senaatti-ykv-icon-asiakkaat-orange.png","contentUrl":"https:\/\/www.senaatti.fi\/app_ykv_archive\/uploads\/sites\/2\/2018\/04\/senaatti-ykv-icon-asiakkaat-orange.png"},{"@type":"BreadcrumbList","@id":"https:\/\/www.senaatti.fi\/yhteiskuntavastuuraportti2019\/vuosi-2019\/rahavirrat\/#breadcrumb","itemListElement":[{"@type":"ListItem","position":1,"name":"Home","item":"https:\/\/www.senaatti.fi\/yhteiskuntavastuuraportti2019\/"},{"@type":"ListItem","position":2,"name":"Vuosi 2019","item":"https:\/\/www.senaatti.fi\/yhteiskuntavastuuraportti2019\/vuosi-2019\/"},{"@type":"ListItem","position":3,"name":"Rahavirrat"}]},{"@type":"WebSite","@id":"https:\/\/www.senaatti.fi\/yhteiskuntavastuuraportti2019\/#website","url":"https:\/\/www.senaatti.fi\/yhteiskuntavastuuraportti2019\/","name":"2019 - yhteiskuntavastuuraportti","description":"","potentialAction":[{"@type":"SearchAction","target":{"@type":"EntryPoint","urlTemplate":"https:\/\/www.senaatti.fi\/yhteiskuntavastuuraportti2019\/?s={search_term_string}"},"query-input":{"@type":"PropertyValueSpecification","valueRequired":true,"valueName":"search_term_string"}}],"inLanguage":"en-US"}]}},"_links":{"self":[{"href":"https:\/\/www.senaatti.fi\/yhteiskuntavastuuraportti2019\/wp-json\/wp\/v2\/pages\/19","targetHints":{"allow":["GET"]}}],"collection":[{"href":"https:\/\/www.senaatti.fi\/yhteiskuntavastuuraportti2019\/wp-json\/wp\/v2\/pages"}],"about":[{"href":"https:\/\/www.senaatti.fi\/yhteiskuntavastuuraportti2019\/wp-json\/wp\/v2\/types\/page"}],"author":[{"embeddable":true,"href":"https:\/\/www.senaatti.fi\/yhteiskuntavastuuraportti2019\/wp-json\/wp\/v2\/users\/11"}],"replies":[{"embeddable":true,"href":"https:\/\/www.senaatti.fi\/yhteiskuntavastuuraportti2019\/wp-json\/wp\/v2\/comments?post=19"}],"version-history":[{"count":11,"href":"https:\/\/www.senaatti.fi\/yhteiskuntavastuuraportti2019\/wp-json\/wp\/v2\/pages\/19\/revisions"}],"predecessor-version":[{"id":3385,"href":"https:\/\/www.senaatti.fi\/yhteiskuntavastuuraportti2019\/wp-json\/wp\/v2\/pages\/19\/revisions\/3385"}],"up":[{"embeddable":true,"href":"https:\/\/www.senaatti.fi\/yhteiskuntavastuuraportti2019\/wp-json\/wp\/v2\/pages\/5"}],"wp:attachment":[{"href":"https:\/\/www.senaatti.fi\/yhteiskuntavastuuraportti2019\/wp-json\/wp\/v2\/media?parent=19"}],"curies":[{"name":"wp","href":"https:\/\/api.w.org\/{rel}","templated":true}]}}