{"id":119,"date":"2018-01-29T12:08:55","date_gmt":"2018-01-29T12:08:55","guid":{"rendered":"https:\/\/www.senaatti.fi\/yhteiskuntavastuuraportti2019\/?page_id=119"},"modified":"2021-08-25T06:18:14","modified_gmt":"2021-08-25T06:18:14","slug":"etusivu","status":"publish","type":"page","link":"https:\/\/www.senaatti.fi\/yhteiskuntavastuuraportti2019\/","title":{"rendered":"Etusivu"},"content":{"rendered":"<div class=\"wpb-content-wrapper\"><p>[vc_row][vc_column][senaatti_homehero smaller_hero=&#8221;true&#8221; heading=&#8221;Tervetuloa Senaatin vuoteen 2019&#8243; text=&#8221;Yhdistetty vuosikertomuksemme ja vastuullisuusraporttimme kertoo keskeiset tekemisemme ja saavutuksemme.&#8221; image=&#8221;3099&#8243; btn=&#8221;|||&#8221; logo=&#8221;2228&#8243;][\/vc_column][\/vc_row][vc_row][vc_column][senaatti_liftcards card=&#8221;%5B%7B%22label%22%3A%22Merkitt%C3%A4v%C3%A4t%20panostukset%20hyviin%20sis%C3%A4olosuhteisiin%22%2C%22link%22%3A%22url%3Ahttps%253A%252F%252Fwww.senaatti.fi%252Fyhteiskuntavastuuraportti2019%252Fvastuullisuus-senaatissa%252Ftyoymparistot%252Fsisaolosuhteet%252F%7Ctitle%3ALue%2520lis%25C3%25A4%25C3%25A4%2520sis%25C3%25A4olosuhteista%7C%7C%22%2C%22description%22%3A%22Strategian%20k%C3%A4rkitavoitteemme%20sis%C3%A4olosuhteiden%20nollatoleranssi%20-ohjelma%20eteni%20suunnitellusti%20ja%20jatkamme%20edelleen%20merkitt%C3%A4vi%C3%A4%20panostuksia%20sis%C3%A4ilmaongelmien%20ennaltaehk%C3%A4isyyn%20ja%20hyvien%20sis%C3%A4olosuhteiden%20varmistamiseen%20asiakkaillemme.%22%2C%22image%22%3A%223091%22%7D%2C%7B%22label%22%3A%22Valtion%20vuokraj%C3%A4rjestelm%C3%A4%20uudistui%22%2C%22link%22%3A%22url%3Ahttps%253A%252F%252Fwww.senaatti.fi%252Fyhteiskuntavastuuraportti2019%252Fvuosi-2019%252Fvuokraus-ja-palvelut%252F%7Ctitle%3ALue%2520lis%25C3%25A4%25C3%25A4%25202019%2520tuloksista%7C%7C%22%2C%22description%22%3A%22Valtiolla%20on%20nyt%20yhten%C3%A4inen%20omakustannusperusteinen%20vuokraj%C3%A4rjestelm%C3%A4%2C%20mink%C3%A4%20seurauksena%20vuokrilla%20katetaan%20ainoastaan%20kiinteist%C3%B6ist%C3%A4%20aiheutuvat%20kulut.%20Uusi%20j%C3%A4rjestelm%C3%A4%20on%20hyv%C3%A4%20tapa%20jakaa%20kiinteist%C3%B6ihin%20kohdistuvat%20kustannukset%20l%C3%A4pin%C3%A4kyv%C3%A4sti%20ja%20ennakoivasti.%22%2C%22image%22%3A%222954%22%7D%2C%7B%22label%22%3A%22Tilinp%C3%A4%C3%A4t%C3%B6s%202019%22%2C%22link%22%3A%22url%3Ahttps%253A%252F%252Fwww.senaatti.fi%252Fapp%252Fuploads%252Fsites%252F9%252F2020%252F04%252FTilinp%25C3%25A4%25C3%25A4t%25C3%25B6s-2019.pdf%7Ctitle%3ALataa%2520PDF%2520(1%252C2Mb)%2520(FI)%7C%7C%22%2C%22description%22%3A%22Senaatin%20hallituksen%20toimintakertomus%20ja%20tilinp%C3%A4%C3%A4t%C3%B6s%202019%20on%20julkaistu%20PDF-dokumenttina.%20%22%2C%22image%22%3A%221341%22%7D%5D&#8221;][\/vc_column][\/vc_row][vc_row][vc_column width=&#8221;1\/2&#8243;][senaatti_feature_small image_default=&#8221;violet&#8221; heading=&#8221;Iso harppaus aurinko-s\u00e4hk\u00f6n tuotannossa&#8221; text=&#8221;Olemme onnistuneet puolittamaan p\u00e4\u00e4st\u00f6t nelj\u00e4ss\u00e4 vuodessa kasvattamalla uusiutuvien energianl\u00e4hteiden k\u00e4ytt\u00f6\u00e4 ja parantamalla tilatehokkuutta. Tavoitteenamme on hankkia vuoteen 2022 menness\u00e4 noin 50 uutta aurinkovoimalaa.&#8221; image=&#8221;3227&#8243; btn=&#8221;url:https%3A%2F%2Fwww.senaatti.fi%2Fyhteiskuntavastuuraportti2019%2Fvastuullisuus-senaatissa%2Fymparisto%2F|title:Ymp%C3%A4rist%C3%B6||&#8221;][\/vc_column][vc_column width=&#8221;1\/2&#8243;][senaatti_feature_small heading=&#8221;110 luontoselvityst\u00e4&#8221; text=&#8221;Luonnon monimuotoisuuden turvaaminen on keskeinen tavoitteemme. Olemme luoneet luontoselvitysten laatimiseen toimintamallin, jota hy\u00f6dynn\u00e4mme kiinteist\u00f6jen yll\u00e4pidossa, rakentamisessa, myynneiss\u00e4 ja kiinteist\u00f6kehitt\u00e4misess\u00e4.&#8221; image=&#8221;3228&#8243; btn=&#8221;url:https%3A%2F%2Fwww.senaatti.fi%2Fyhteiskuntavastuuraportti2019%2Fvastuullisuus-senaatissa%2Fymparisto%2Fluonnon-monimuotoisuus%2F|title:Tutustu%20luontoselvityksiin||&#8221;][\/vc_column][\/vc_row][vc_row][vc_column][senaatti_feature align=&#8221;right&#8221; heading=&#8221;Toimitilas\u00e4\u00e4st\u00f6t etuajassa&#8221; text=&#8221;Saavutimme 100 milj. euron valtion toimitilakustannusten vuosis\u00e4\u00e4st\u00f6tavoitteen kuudessa vuodessa, mik\u00e4 on kaksi vuotta asetettua tavoitetta nopeammin.&#8221; image=&#8221;3079&#8243; btn=&#8221;url:https%3A%2F%2Fwww.senaatti.fi%2Fyhteiskuntavastuuraportti2019%2Fvuosi-2019%2Ftaloudelliset-tavoitteet-ja-tulokset%2F|title:Taloudelliset%20tavoitteet%20ja%20tulokset||&#8221;][\/senaatti_feature][\/vc_column][\/vc_row][vc_row][vc_column][senaatti_feature heading=&#8221;Kis\u00e4llit ja mestarit&#8221; text=&#8221;Olemme ottaneet uudenlaisia toimintamalleja k\u00e4ytt\u00f6\u00f6mme rekrytoinneissa ja osaamisen kasvattamisessa. Uuteen kiinteist\u00f6p\u00e4\u00e4llik\u00f6n teht\u00e4v\u00e4\u00e4n valmentava Kis\u00e4lli-ohjelma k\u00e4ynnistyi vuoden 2019 tammikuussa. My\u00f6s rakennuttamisessa j\u00e4rjestyksess\u00e4\u00e4n toinen kahden vuoden trainee-ohjelma alkoi viime vuonna ja t\u00e4ht\u00e4\u00e4 valmistumiseen vuoden 2020 syksyll\u00e4.&#8221; image=&#8221;2990&#8243; btn=&#8221;url:https%3A%2F%2Fwww.senaatti.fi%2Fyhteiskuntavastuuraportti2019%2Fvastuullisuus-senaatissa%2Fhenkilosto%2F|title:Lue%20lis%C3%A4%C3%A4%20henkil%C3%B6st%C3%B6asioista||&#8221;][\/senaatti_feature][\/vc_column][\/vc_row]<\/p>\n<\/div>","protected":false},"excerpt":{"rendered":"<p>[vc_row][vc_column][senaatti_homehero smaller_hero=&#8221;true&#8221; heading=&#8221;Tervetuloa Senaatin vuoteen 2019&#8243; text=&#8221;Yhdistetty vuosikertomuksemme ja vastuullisuusraporttimme kertoo keskeiset tekemisemme ja saavutuksemme.&#8221; image=&#8221;3099&#8243; btn=&#8221;|||&#8221; logo=&#8221;2228&#8243;][\/vc_column][\/vc_row][vc_row][vc_column][senaatti_liftcards card=&#8221;%5B%7B%22label%22%3A%22Merkitt%C3%A4v%C3%A4t%20panostukset%20hyviin%20sis%C3%A4olosuhteisiin%22%2C%22link%22%3A%22url%3Ahttps%253A%252F%252Fwww.senaatti.fi%252Fyhteiskuntavastuuraportti2019%252Fvastuullisuus-senaatissa%252Ftyoymparistot%252Fsisaolosuhteet%252F%7Ctitle%3ALue%2520lis%25C3%25A4%25C3%25A4%2520sis%25C3%25A4olosuhteista%7C%7C%22%2C%22description%22%3A%22Strategian%20k%C3%A4rkitavoitteemme%20sis%C3%A4olosuhteiden%20nollatoleranssi%20-ohjelma%20eteni%20suunnitellusti%20ja%20jatkamme%20edelleen%20merkitt%C3%A4vi%C3%A4%20panostuksia%20sis%C3%A4ilmaongelmien%20ennaltaehk%C3%A4isyyn%20ja%20hyvien%20sis%C3%A4olosuhteiden%20varmistamiseen%20asiakkaillemme.%22%2C%22image%22%3A%223091%22%7D%2C%7B%22label%22%3A%22Valtion%20vuokraj%C3%A4rjestelm%C3%A4%20uudistui%22%2C%22link%22%3A%22url%3Ahttps%253A%252F%252Fwww.senaatti.fi%252Fyhteiskuntavastuuraportti2019%252Fvuosi-2019%252Fvuokraus-ja-palvelut%252F%7Ctitle%3ALue%2520lis%25C3%25A4%25C3%25A4%25202019%2520tuloksista%7C%7C%22%2C%22description%22%3A%22Valtiolla%20on%20nyt%20yhten%C3%A4inen%20omakustannusperusteinen%20vuokraj%C3%A4rjestelm%C3%A4%2C%20mink%C3%A4%20seurauksena%20vuokrilla%20katetaan%20ainoastaan%20kiinteist%C3%B6ist%C3%A4%20aiheutuvat%20kulut.%20Uusi%20j%C3%A4rjestelm%C3%A4%20on%20hyv%C3%A4%20tapa%20jakaa%20kiinteist%C3%B6ihin%20kohdistuvat%20kustannukset%20l%C3%A4pin%C3%A4kyv%C3%A4sti%20ja%20ennakoivasti.%22%2C%22image%22%3A%222954%22%7D%2C%7B%22label%22%3A%22Tilinp%C3%A4%C3%A4t%C3%B6s%202019%22%2C%22link%22%3A%22url%3Ahttps%253A%252F%252Fwww.senaatti.fi%252Fapp%252Fuploads%252Fsites%252F9%252F2020%252F04%252FTilinp%25C3%25A4%25C3%25A4t%25C3%25B6s-2019.pdf%7Ctitle%3ALataa%2520PDF%2520(1%252C2Mb)%2520(FI)%7C%7C%22%2C%22description%22%3A%22Senaatin%20hallituksen%20toimintakertomus%20ja%20tilinp%C3%A4%C3%A4t%C3%B6s%202019%20on%20julkaistu%20PDF-dokumenttina.%20%22%2C%22image%22%3A%221341%22%7D%5D&#8221;][\/vc_column][\/vc_row][vc_row][vc_column width=&#8221;1\/2&#8243;][senaatti_feature_small image_default=&#8221;violet&#8221; heading=&#8221;Iso harppaus aurinko-s\u00e4hk\u00f6n tuotannossa&#8221; text=&#8221;Olemme onnistuneet puolittamaan p\u00e4\u00e4st\u00f6t nelj\u00e4ss\u00e4 vuodessa kasvattamalla uusiutuvien energianl\u00e4hteiden k\u00e4ytt\u00f6\u00e4 ja parantamalla tilatehokkuutta. Tavoitteenamme on hankkia vuoteen 2022 menness\u00e4 noin 50 uutta aurinkovoimalaa.&#8221; image=&#8221;3227&#8243; btn=&#8221;url:https%3A%2F%2Fwww.senaatti.fi%2Fyhteiskuntavastuuraportti2019%2Fvastuullisuus-senaatissa%2Fymparisto%2F|title:Ymp%C3%A4rist%C3%B6||&#8221;][\/vc_column][vc_column width=&#8221;1\/2&#8243;][senaatti_feature_small heading=&#8221;110 luontoselvityst\u00e4&#8221; text=&#8221;Luonnon monimuotoisuuden [&hellip;]<\/p>\n","protected":false},"author":11,"featured_media":0,"parent":0,"menu_order":2,"comment_status":"closed","ping_status":"closed","template":"","meta":{"_acf_changed":false,"footnotes":""},"class_list":["post-119","page","type-page","status-publish","hentry"],"acf":[],"yoast_head":"<!-- This site is optimized with the Yoast SEO plugin v23.9 - https:\/\/yoast.com\/wordpress\/plugins\/seo\/ -->\n<title>Etusivu - 2019 - yhteiskuntavastuuraportti<\/title>\n<meta name=\"description\" content=\"Vuosikertomuksemme ja vastuullisuusraporttimme kertoo keskeiset tekemiset ja saavutuksemme.\" \/>\n<meta name=\"robots\" content=\"index, follow, max-snippet:-1, max-image-preview:large, max-video-preview:-1\" \/>\n<link rel=\"canonical\" href=\"https:\/\/www.senaatti.fi\/yhteiskuntavastuuraportti2019\/\" \/>\n<meta property=\"og:locale\" content=\"en_US\" \/>\n<meta property=\"og:type\" content=\"article\" \/>\n<meta property=\"og:title\" content=\"Etusivu - 2019 - yhteiskuntavastuuraportti\" \/>\n<meta property=\"og:description\" content=\"Vuosikertomuksemme ja vastuullisuusraporttimme kertoo keskeiset tekemiset ja saavutuksemme.\" \/>\n<meta property=\"og:url\" content=\"https:\/\/www.senaatti.fi\/yhteiskuntavastuuraportti2019\/\" \/>\n<meta property=\"og:site_name\" content=\"2019 - yhteiskuntavastuuraportti\" \/>\n<meta property=\"article:modified_time\" content=\"2021-08-25T06:18:14+00:00\" \/>\n<meta name=\"twitter:card\" content=\"summary_large_image\" \/>\n<meta name=\"twitter:label1\" content=\"Est. reading time\" \/>\n\t<meta name=\"twitter:data1\" content=\"1 minute\" \/>\n<script type=\"application\/ld+json\" class=\"yoast-schema-graph\">{\"@context\":\"https:\/\/schema.org\",\"@graph\":[{\"@type\":\"WebPage\",\"@id\":\"https:\/\/www.senaatti.fi\/yhteiskuntavastuuraportti2019\/\",\"url\":\"https:\/\/www.senaatti.fi\/yhteiskuntavastuuraportti2019\/\",\"name\":\"Etusivu - 2019 - yhteiskuntavastuuraportti\",\"isPartOf\":{\"@id\":\"https:\/\/www.senaatti.fi\/yhteiskuntavastuuraportti2019\/#website\"},\"datePublished\":\"2018-01-29T12:08:55+00:00\",\"dateModified\":\"2021-08-25T06:18:14+00:00\",\"description\":\"Vuosikertomuksemme ja vastuullisuusraporttimme kertoo keskeiset tekemiset ja saavutuksemme.\",\"breadcrumb\":{\"@id\":\"https:\/\/www.senaatti.fi\/yhteiskuntavastuuraportti2019\/#breadcrumb\"},\"inLanguage\":\"en-US\",\"potentialAction\":[{\"@type\":\"ReadAction\",\"target\":[\"https:\/\/www.senaatti.fi\/yhteiskuntavastuuraportti2019\/\"]}]},{\"@type\":\"BreadcrumbList\",\"@id\":\"https:\/\/www.senaatti.fi\/yhteiskuntavastuuraportti2019\/#breadcrumb\",\"itemListElement\":[{\"@type\":\"ListItem\",\"position\":1,\"name\":\"Home\",\"item\":\"https:\/\/www.senaatti.fi\/yhteiskuntavastuuraportti2019\/\"},{\"@type\":\"ListItem\",\"position\":2,\"name\":\"Etusivu\"}]},{\"@type\":\"WebSite\",\"@id\":\"https:\/\/www.senaatti.fi\/yhteiskuntavastuuraportti2019\/#website\",\"url\":\"https:\/\/www.senaatti.fi\/yhteiskuntavastuuraportti2019\/\",\"name\":\"2019 - yhteiskuntavastuuraportti\",\"description\":\"\",\"potentialAction\":[{\"@type\":\"SearchAction\",\"target\":{\"@type\":\"EntryPoint\",\"urlTemplate\":\"https:\/\/www.senaatti.fi\/yhteiskuntavastuuraportti2019\/?s={search_term_string}\"},\"query-input\":{\"@type\":\"PropertyValueSpecification\",\"valueRequired\":true,\"valueName\":\"search_term_string\"}}],\"inLanguage\":\"en-US\"}]}<\/script>\n<!-- \/ Yoast SEO plugin. -->","yoast_head_json":{"title":"Etusivu - 2019 - yhteiskuntavastuuraportti","description":"Vuosikertomuksemme ja vastuullisuusraporttimme kertoo keskeiset tekemiset ja saavutuksemme.","robots":{"index":"index","follow":"follow","max-snippet":"max-snippet:-1","max-image-preview":"max-image-preview:large","max-video-preview":"max-video-preview:-1"},"canonical":"https:\/\/www.senaatti.fi\/yhteiskuntavastuuraportti2019\/","og_locale":"en_US","og_type":"article","og_title":"Etusivu - 2019 - yhteiskuntavastuuraportti","og_description":"Vuosikertomuksemme ja vastuullisuusraporttimme kertoo keskeiset tekemiset ja saavutuksemme.","og_url":"https:\/\/www.senaatti.fi\/yhteiskuntavastuuraportti2019\/","og_site_name":"2019 - yhteiskuntavastuuraportti","article_modified_time":"2021-08-25T06:18:14+00:00","twitter_card":"summary_large_image","twitter_misc":{"Est. reading time":"1 minute"},"schema":{"@context":"https:\/\/schema.org","@graph":[{"@type":"WebPage","@id":"https:\/\/www.senaatti.fi\/yhteiskuntavastuuraportti2019\/","url":"https:\/\/www.senaatti.fi\/yhteiskuntavastuuraportti2019\/","name":"Etusivu - 2019 - yhteiskuntavastuuraportti","isPartOf":{"@id":"https:\/\/www.senaatti.fi\/yhteiskuntavastuuraportti2019\/#website"},"datePublished":"2018-01-29T12:08:55+00:00","dateModified":"2021-08-25T06:18:14+00:00","description":"Vuosikertomuksemme ja vastuullisuusraporttimme kertoo keskeiset tekemiset ja saavutuksemme.","breadcrumb":{"@id":"https:\/\/www.senaatti.fi\/yhteiskuntavastuuraportti2019\/#breadcrumb"},"inLanguage":"en-US","potentialAction":[{"@type":"ReadAction","target":["https:\/\/www.senaatti.fi\/yhteiskuntavastuuraportti2019\/"]}]},{"@type":"BreadcrumbList","@id":"https:\/\/www.senaatti.fi\/yhteiskuntavastuuraportti2019\/#breadcrumb","itemListElement":[{"@type":"ListItem","position":1,"name":"Home","item":"https:\/\/www.senaatti.fi\/yhteiskuntavastuuraportti2019\/"},{"@type":"ListItem","position":2,"name":"Etusivu"}]},{"@type":"WebSite","@id":"https:\/\/www.senaatti.fi\/yhteiskuntavastuuraportti2019\/#website","url":"https:\/\/www.senaatti.fi\/yhteiskuntavastuuraportti2019\/","name":"2019 - yhteiskuntavastuuraportti","description":"","potentialAction":[{"@type":"SearchAction","target":{"@type":"EntryPoint","urlTemplate":"https:\/\/www.senaatti.fi\/yhteiskuntavastuuraportti2019\/?s={search_term_string}"},"query-input":{"@type":"PropertyValueSpecification","valueRequired":true,"valueName":"search_term_string"}}],"inLanguage":"en-US"}]}},"_links":{"self":[{"href":"https:\/\/www.senaatti.fi\/yhteiskuntavastuuraportti2019\/wp-json\/wp\/v2\/pages\/119","targetHints":{"allow":["GET"]}}],"collection":[{"href":"https:\/\/www.senaatti.fi\/yhteiskuntavastuuraportti2019\/wp-json\/wp\/v2\/pages"}],"about":[{"href":"https:\/\/www.senaatti.fi\/yhteiskuntavastuuraportti2019\/wp-json\/wp\/v2\/types\/page"}],"author":[{"embeddable":true,"href":"https:\/\/www.senaatti.fi\/yhteiskuntavastuuraportti2019\/wp-json\/wp\/v2\/users\/11"}],"replies":[{"embeddable":true,"href":"https:\/\/www.senaatti.fi\/yhteiskuntavastuuraportti2019\/wp-json\/wp\/v2\/comments?post=119"}],"version-history":[{"count":13,"href":"https:\/\/www.senaatti.fi\/yhteiskuntavastuuraportti2019\/wp-json\/wp\/v2\/pages\/119\/revisions"}],"predecessor-version":[{"id":3403,"href":"https:\/\/www.senaatti.fi\/yhteiskuntavastuuraportti2019\/wp-json\/wp\/v2\/pages\/119\/revisions\/3403"}],"wp:attachment":[{"href":"https:\/\/www.senaatti.fi\/yhteiskuntavastuuraportti2019\/wp-json\/wp\/v2\/media?parent=119"}],"curies":[{"name":"wp","href":"https:\/\/api.w.org\/{rel}","templated":true}]}}