{"id":113,"date":"2018-01-29T11:21:14","date_gmt":"2018-01-29T11:21:14","guid":{"rendered":"https:\/\/www.senaatti.fi\/yhteiskuntavastuuraportti2019\/?page_id=113"},"modified":"2020-09-10T10:56:42","modified_gmt":"2020-09-10T10:56:42","slug":"vastuulliset-hankinnat","status":"publish","type":"page","link":"https:\/\/www.senaatti.fi\/yhteiskuntavastuuraportti2019\/vastuullisuus-senaatissa\/vastuulliset-hankinnat\/","title":{"rendered":"Vastuulliset hankinnat"},"content":{"rendered":"<p><img loading=\"lazy\" decoding=\"async\" class=\"alignnone wp-image-3370 size-full\" src=\"https:\/\/www.senaatti.fi\/app_ykv_archive\/uploads\/sites\/9\/2020\/04\/VKK-Vuorela_3D_olohuone_768px.jpg\" alt=\"\" width=\"769\" height=\"531\" srcset=\"https:\/\/www.senaatti.fi\/app_ykv_archive\/uploads\/sites\/9\/2020\/04\/VKK-Vuorela_3D_olohuone_768px.jpg 769w, https:\/\/www.senaatti.fi\/app_ykv_archive\/uploads\/sites\/9\/2020\/04\/VKK-Vuorela_3D_olohuone_768px-300x207.jpg 300w\" sizes=\"auto, (max-width: 769px) 100vw, 769px\" \/><\/p>\n<p>Senaatti on julkinen toimija, joka noudattaa hankinnoissaan julkista hankintalakia ja Senaatin omaa sis\u00e4ist\u00e4 hankintaohjetta.<\/p>\n<h2>Hankinnat ja kehitt\u00e4minen vuonna 2019<\/h2>\n<p>Senaatin kokonaisostot olivat noin 557 miljoonaan euroa, joka on noin 86 % liikevaihdosta. Suurimmat hankinnat liittyv\u00e4t investointeihin, jotka olivat 309 miljoonaa euroa.<\/p>\n<p>Vuonna 2019 hankintatoimen kehitt\u00e4misess\u00e4 panostettiin muun muassa hankinnan sopimusmallien ja hankintaraportoinnin kehitt\u00e4miseen sek\u00e4 s\u00e4hk\u00f6isen allekirjoituspalvelun k\u00e4ytt\u00f6\u00f6nottoon hankintasopimuksissa. Allekirjoituspalvelun k\u00e4ytt\u00f6\u00f6notto sujuvoittaa allekirjoitusprosessia ja nopeuttaa allekirjoittamisen l\u00e4pimenoaikoja. S\u00e4hk\u00f6inen allekirjoitus my\u00f6s mahdollistaa s\u00e4hk\u00f6isen arkistoinnin ja sen tuomat hy\u00f6dyt. Lis\u00e4ksi asiakirjat ovat aina s\u00e4hk\u00f6isesti haettavissa ja hy\u00f6dynnett\u00e4viss\u00e4. Kokemukset hankintasopimusten s\u00e4hk\u00f6isest\u00e4 allekirjoittamisesta ovat olleet positiivisia.<\/p>\n<p>Hankintaraportointia kehitettiin toimintavuoden aikana ottamalla k\u00e4ytt\u00f6\u00f6n uusia visuaalisia ja k\u00e4ytt\u00e4j\u00e4l\u00e4ht\u00f6isi\u00e4 hankintaraportteja. Vuonna 2020 raportoinnin kehitt\u00e4mist\u00e4 jatketaan mm. sopimusraportoinnin ja hankintojen ilmastotavoitteiden seurannan osalta. Lis\u00e4ksi hallitusohjelman mukaisesti pyrit\u00e4\u00e4n lis\u00e4\u00e4m\u00e4\u00e4n innovatiivisuutta hankinnoissa.<\/p>\n<h2>Vastuullisuus hankinnoissa<\/h2>\n<p>Kannamme vastuumme kest\u00e4v\u00e4n kehityksen osa-alueista ottamalla p\u00e4\u00e4t\u00f6ksenteossamme huomioon taloudelliset, sosiaaliset ja ymp\u00e4rist\u00f6\u00f6n liittyv\u00e4t n\u00e4k\u00f6kohdat sek\u00e4 n\u00e4ihin liittyv\u00e4t valtiokonsernia koskevat tavoitteet.\u00a0 Hankinnat toteutetaan Senaatin yhteiskuntavastuupolitiikan mukaisesti.<\/p>\n<p>Senaatin hankintaperiaatteita ovat tuloksellisuus, vastuullisuus ja suunnitelmallisuus, ja n\u00e4it\u00e4 periaatteita sovelletaan kaikkiin Senaatin hankintoihin. \u00a0Hankintaperiaatteet m\u00e4\u00e4rittelev\u00e4t hankintoja ohjaavat tavoitteet ja toimintatavat.<\/p>\n<p>Kaikissa hankinnoissa Senaatti noudattaa voimassa olevaa lains\u00e4\u00e4d\u00e4nt\u00f6\u00e4 sek\u00e4 avoimuuden, tasapuolisuuden ja syrjim\u00e4tt\u00f6myyden periaatteita.<\/p>\n<h2>Toimittajien valintaan vaikuttavat laatu ja hinta<\/h2>\n<p>Kilpailutuksissa Senaatti k\u00e4ytt\u00e4\u00e4 valintakriteerein\u00e4 sek\u00e4 hintaa ett\u00e4 laatua.\u00a0 Lis\u00e4ksi edellyt\u00e4mme toimittajilta muun muassa Senaatin turvallisuussopimuksissa ja talousrikollisuuden torjuntaohjeessa m\u00e4\u00e4riteltyj\u00e4 vaatimuksia. Kilpailutuksissa edellyt\u00e4mme, ett\u00e4 tarjoajat noudattavat tilaajavastuulakia.<\/p>\n<p>Senaatti on ollut edell\u00e4k\u00e4vij\u00e4n\u00e4 alallaan talousrikollisuuden torjunnassa ja ohjeistuksen kehitt\u00e4misess\u00e4 koko toimialalle. Talousrikollisuuden torjuntaohjeen vaatimukset koskevat muun muassa tilaajavastuulain edellytt\u00e4mien selvitysten toimittamista, henkil\u00f6tunnisteiden k\u00e4ytt\u00e4mist\u00e4 ja urakoitsijoiden ketjuttamista. Ohjeistukset ovat julkisia ja kaikkien hy\u00f6dynnett\u00e4viss\u00e4. Talousrikollisuuden torjuntaohjeistus l\u00f6ytyy Senaatti-kiinteist\u00f6jen kotisivuilta. <a href=\"https:\/\/www.senaatti.fi\/yhteiskuntavastuuraportti2019\/vastuullisuus-senaatissa\/vastuulliset-hankinnat\/talousrikollisuuden-torjunta\/\">Lue asiasta my\u00f6s lis\u00e4\u00e4 Talousrikollisuuden torjunta -osiosta.<\/a><\/p>\n<p>Sosiaalisen vastuun, kest\u00e4vien ymp\u00e4rist\u00f6- ja energiaratkaisujen sek\u00e4 innovaatioiden edist\u00e4miseen liittyv\u00e4t periaatteet otetaan huomioon kaikissa niiss\u00e4 hankinnoissa, joissa se on tarkoituksenmukaista.<\/p>\n<p>Senaatin henkil\u00f6st\u00f6lle on laadittu eettiset periaatteet ja sivutoimista on laadittu oma ohjeistus. Olemme aktiivisesti mukana alan j\u00e4rjest\u00f6iss\u00e4 esim. Rakli ja toimimme yhteisty\u00f6ss\u00e4 viranomaistahojen kuten Vero ja AVI kanssa menettelytapojen kehitt\u00e4miseksi.<\/p>\n<h2>Hankintatoimen johtaminen<\/h2>\n<p>Senaatin talousyksikk\u00f6 vastaa hankintatoimen yleisest\u00e4 johtamisesta, organisoinnista ja kehitt\u00e4misest\u00e4. Hankintatoimea ohjataan kategorioiden (rakennuttaminen, yll\u00e4pito, liiketoiminnan palvelut, tietohallintopalvelut) kautta.<\/p>\n<h2>Hankintojen riskienhallinta<\/h2>\n<p>Vuosittain arvioimme keskeisimm\u00e4t hankintojen riskit riskien ennaltaehk\u00e4isemiseksi ja pienent\u00e4miseksi. Vuoden 2020 keskeisimm\u00e4t riskit liittyv\u00e4t ep\u00e4onnistumiseen talousrikollisuuden torjunnassa, mahdollisiin turvallisuussopimusrikkomuksiin toimittajaverkostossa ja hankintatoimen kehitt\u00e4mistoimenpiteiden ep\u00e4onnistumiseen tai viiv\u00e4stymiseen.<\/p>\n<p><strong>Lis\u00e4\u00e4 tietoa seuraavista osoista:<br \/>\n<\/strong><\/p>\n<p><a href=\"https:\/\/www.senaatti.fi\/yhteiskuntavastuuraportti2019\/senaatti\/sidosryhmat\/kumppanit\/\">Kumppanit<\/a><br \/>\n<a href=\"https:\/\/www.senaatti.fi\/yhteiskuntavastuuraportti2019\/vastuullisuus-senaatissa\/vastuulliset-hankinnat\/talousrikollisuuden-torjunta\/\">Talousrikollisuuden torjunta<\/a><\/p>\n","protected":false},"excerpt":{"rendered":"<p>Senaatti on julkinen toimija, joka noudattaa hankinnoissaan julkista hankintalakia ja Senaatin omaa sis\u00e4ist\u00e4 hankintaohjetta. Hankinnat ja kehitt\u00e4minen vuonna 2019 Senaatin kokonaisostot olivat noin 557 miljoonaan euroa, joka on noin 86 % liikevaihdosta. Suurimmat hankinnat liittyv\u00e4t investointeihin, jotka olivat 309 miljoonaa euroa. Vuonna 2019 hankintatoimen kehitt\u00e4misess\u00e4 panostettiin muun muassa hankinnan sopimusmallien ja hankintaraportoinnin kehitt\u00e4miseen sek\u00e4 s\u00e4hk\u00f6isen [&hellip;]<\/p>\n","protected":false},"author":11,"featured_media":0,"parent":63,"menu_order":5,"comment_status":"closed","ping_status":"closed","template":"","meta":{"_acf_changed":false,"footnotes":""},"class_list":["post-113","page","type-page","status-publish","hentry","senaatti_tsdg-vastuullista-kuluttamista","senaatti_tsdg-ihmisarvoista-tyota-ja-talouskasvua"],"acf":[],"yoast_head":"<!-- This site is optimized with the Yoast SEO plugin v23.9 - https:\/\/yoast.com\/wordpress\/plugins\/seo\/ -->\n<title>Vastuulliset hankinnat - 2019 - yhteiskuntavastuuraportti<\/title>\n<meta name=\"description\" content=\"Senaatti on julkinen toimija, joka noudattaa hankinnoissaan julkista hankintalakia ja Senaatin omaa sis\u00e4ist\u00e4 hankintaohjetta. Hankinnat ja kehitt\u00e4minen\" \/>\n<meta name=\"robots\" content=\"index, follow, max-snippet:-1, max-image-preview:large, max-video-preview:-1\" \/>\n<link rel=\"canonical\" href=\"https:\/\/www.senaatti.fi\/yhteiskuntavastuuraportti2019\/vastuullisuus-senaatissa\/vastuulliset-hankinnat\/\" \/>\n<meta property=\"og:locale\" content=\"en_US\" \/>\n<meta property=\"og:type\" content=\"article\" \/>\n<meta property=\"og:title\" content=\"Vastuulliset hankinnat - 2019 - yhteiskuntavastuuraportti\" \/>\n<meta property=\"og:description\" content=\"Senaatti on julkinen toimija, joka noudattaa hankinnoissaan julkista hankintalakia ja Senaatin omaa sis\u00e4ist\u00e4 hankintaohjetta. Hankinnat ja kehitt\u00e4minen\" \/>\n<meta property=\"og:url\" content=\"https:\/\/www.senaatti.fi\/yhteiskuntavastuuraportti2019\/vastuullisuus-senaatissa\/vastuulliset-hankinnat\/\" \/>\n<meta property=\"og:site_name\" content=\"2019 - yhteiskuntavastuuraportti\" \/>\n<meta property=\"article:modified_time\" content=\"2020-09-10T10:56:42+00:00\" \/>\n<meta property=\"og:image\" content=\"https:\/\/www.senaatti.fi\/app_ykv_archive\/uploads\/sites\/9\/2020\/04\/VKK-Vuorela_3D_olohuone_768px.jpg\" \/>\n<meta name=\"twitter:card\" content=\"summary_large_image\" \/>\n<meta name=\"twitter:label1\" content=\"Est. reading time\" \/>\n\t<meta name=\"twitter:data1\" content=\"2 minutes\" \/>\n<script type=\"application\/ld+json\" class=\"yoast-schema-graph\">{\"@context\":\"https:\/\/schema.org\",\"@graph\":[{\"@type\":\"WebPage\",\"@id\":\"https:\/\/www.senaatti.fi\/yhteiskuntavastuuraportti2019\/vastuullisuus-senaatissa\/vastuulliset-hankinnat\/\",\"url\":\"https:\/\/www.senaatti.fi\/yhteiskuntavastuuraportti2019\/vastuullisuus-senaatissa\/vastuulliset-hankinnat\/\",\"name\":\"Vastuulliset hankinnat - 2019 - yhteiskuntavastuuraportti\",\"isPartOf\":{\"@id\":\"https:\/\/www.senaatti.fi\/yhteiskuntavastuuraportti2019\/#website\"},\"primaryImageOfPage\":{\"@id\":\"https:\/\/www.senaatti.fi\/yhteiskuntavastuuraportti2019\/vastuullisuus-senaatissa\/vastuulliset-hankinnat\/#primaryimage\"},\"image\":{\"@id\":\"https:\/\/www.senaatti.fi\/yhteiskuntavastuuraportti2019\/vastuullisuus-senaatissa\/vastuulliset-hankinnat\/#primaryimage\"},\"thumbnailUrl\":\"https:\/\/www.senaatti.fi\/app_ykv_archive\/uploads\/sites\/9\/2020\/04\/VKK-Vuorela_3D_olohuone_768px.jpg\",\"datePublished\":\"2018-01-29T11:21:14+00:00\",\"dateModified\":\"2020-09-10T10:56:42+00:00\",\"description\":\"Senaatti on julkinen toimija, joka noudattaa hankinnoissaan julkista hankintalakia ja Senaatin omaa sis\u00e4ist\u00e4 hankintaohjetta. Hankinnat ja kehitt\u00e4minen\",\"breadcrumb\":{\"@id\":\"https:\/\/www.senaatti.fi\/yhteiskuntavastuuraportti2019\/vastuullisuus-senaatissa\/vastuulliset-hankinnat\/#breadcrumb\"},\"inLanguage\":\"en-US\",\"potentialAction\":[{\"@type\":\"ReadAction\",\"target\":[\"https:\/\/www.senaatti.fi\/yhteiskuntavastuuraportti2019\/vastuullisuus-senaatissa\/vastuulliset-hankinnat\/\"]}]},{\"@type\":\"ImageObject\",\"inLanguage\":\"en-US\",\"@id\":\"https:\/\/www.senaatti.fi\/yhteiskuntavastuuraportti2019\/vastuullisuus-senaatissa\/vastuulliset-hankinnat\/#primaryimage\",\"url\":\"https:\/\/www.senaatti.fi\/app_ykv_archive\/uploads\/sites\/9\/2020\/04\/VKK-Vuorela_3D_olohuone_768px.jpg\",\"contentUrl\":\"https:\/\/www.senaatti.fi\/app_ykv_archive\/uploads\/sites\/9\/2020\/04\/VKK-Vuorela_3D_olohuone_768px.jpg\"},{\"@type\":\"BreadcrumbList\",\"@id\":\"https:\/\/www.senaatti.fi\/yhteiskuntavastuuraportti2019\/vastuullisuus-senaatissa\/vastuulliset-hankinnat\/#breadcrumb\",\"itemListElement\":[{\"@type\":\"ListItem\",\"position\":1,\"name\":\"Home\",\"item\":\"https:\/\/www.senaatti.fi\/yhteiskuntavastuuraportti2019\/\"},{\"@type\":\"ListItem\",\"position\":2,\"name\":\"Vastuullisuus Senaatissa\",\"item\":\"https:\/\/www.senaatti.fi\/yhteiskuntavastuuraportti2019\/vastuullisuus-senaatissa\/\"},{\"@type\":\"ListItem\",\"position\":3,\"name\":\"Vastuulliset hankinnat\"}]},{\"@type\":\"WebSite\",\"@id\":\"https:\/\/www.senaatti.fi\/yhteiskuntavastuuraportti2019\/#website\",\"url\":\"https:\/\/www.senaatti.fi\/yhteiskuntavastuuraportti2019\/\",\"name\":\"2019 - yhteiskuntavastuuraportti\",\"description\":\"\",\"potentialAction\":[{\"@type\":\"SearchAction\",\"target\":{\"@type\":\"EntryPoint\",\"urlTemplate\":\"https:\/\/www.senaatti.fi\/yhteiskuntavastuuraportti2019\/?s={search_term_string}\"},\"query-input\":{\"@type\":\"PropertyValueSpecification\",\"valueRequired\":true,\"valueName\":\"search_term_string\"}}],\"inLanguage\":\"en-US\"}]}<\/script>\n<!-- \/ Yoast SEO plugin. -->","yoast_head_json":{"title":"Vastuulliset hankinnat - 2019 - yhteiskuntavastuuraportti","description":"Senaatti on julkinen toimija, joka noudattaa hankinnoissaan julkista hankintalakia ja Senaatin omaa sis\u00e4ist\u00e4 hankintaohjetta. Hankinnat ja kehitt\u00e4minen","robots":{"index":"index","follow":"follow","max-snippet":"max-snippet:-1","max-image-preview":"max-image-preview:large","max-video-preview":"max-video-preview:-1"},"canonical":"https:\/\/www.senaatti.fi\/yhteiskuntavastuuraportti2019\/vastuullisuus-senaatissa\/vastuulliset-hankinnat\/","og_locale":"en_US","og_type":"article","og_title":"Vastuulliset hankinnat - 2019 - yhteiskuntavastuuraportti","og_description":"Senaatti on julkinen toimija, joka noudattaa hankinnoissaan julkista hankintalakia ja Senaatin omaa sis\u00e4ist\u00e4 hankintaohjetta. Hankinnat ja kehitt\u00e4minen","og_url":"https:\/\/www.senaatti.fi\/yhteiskuntavastuuraportti2019\/vastuullisuus-senaatissa\/vastuulliset-hankinnat\/","og_site_name":"2019 - yhteiskuntavastuuraportti","article_modified_time":"2020-09-10T10:56:42+00:00","og_image":[{"url":"https:\/\/www.senaatti.fi\/app_ykv_archive\/uploads\/sites\/9\/2020\/04\/VKK-Vuorela_3D_olohuone_768px.jpg"}],"twitter_card":"summary_large_image","twitter_misc":{"Est. reading time":"2 minutes"},"schema":{"@context":"https:\/\/schema.org","@graph":[{"@type":"WebPage","@id":"https:\/\/www.senaatti.fi\/yhteiskuntavastuuraportti2019\/vastuullisuus-senaatissa\/vastuulliset-hankinnat\/","url":"https:\/\/www.senaatti.fi\/yhteiskuntavastuuraportti2019\/vastuullisuus-senaatissa\/vastuulliset-hankinnat\/","name":"Vastuulliset hankinnat - 2019 - yhteiskuntavastuuraportti","isPartOf":{"@id":"https:\/\/www.senaatti.fi\/yhteiskuntavastuuraportti2019\/#website"},"primaryImageOfPage":{"@id":"https:\/\/www.senaatti.fi\/yhteiskuntavastuuraportti2019\/vastuullisuus-senaatissa\/vastuulliset-hankinnat\/#primaryimage"},"image":{"@id":"https:\/\/www.senaatti.fi\/yhteiskuntavastuuraportti2019\/vastuullisuus-senaatissa\/vastuulliset-hankinnat\/#primaryimage"},"thumbnailUrl":"https:\/\/www.senaatti.fi\/app_ykv_archive\/uploads\/sites\/9\/2020\/04\/VKK-Vuorela_3D_olohuone_768px.jpg","datePublished":"2018-01-29T11:21:14+00:00","dateModified":"2020-09-10T10:56:42+00:00","description":"Senaatti on julkinen toimija, joka noudattaa hankinnoissaan julkista hankintalakia ja Senaatin omaa sis\u00e4ist\u00e4 hankintaohjetta. Hankinnat ja kehitt\u00e4minen","breadcrumb":{"@id":"https:\/\/www.senaatti.fi\/yhteiskuntavastuuraportti2019\/vastuullisuus-senaatissa\/vastuulliset-hankinnat\/#breadcrumb"},"inLanguage":"en-US","potentialAction":[{"@type":"ReadAction","target":["https:\/\/www.senaatti.fi\/yhteiskuntavastuuraportti2019\/vastuullisuus-senaatissa\/vastuulliset-hankinnat\/"]}]},{"@type":"ImageObject","inLanguage":"en-US","@id":"https:\/\/www.senaatti.fi\/yhteiskuntavastuuraportti2019\/vastuullisuus-senaatissa\/vastuulliset-hankinnat\/#primaryimage","url":"https:\/\/www.senaatti.fi\/app_ykv_archive\/uploads\/sites\/9\/2020\/04\/VKK-Vuorela_3D_olohuone_768px.jpg","contentUrl":"https:\/\/www.senaatti.fi\/app_ykv_archive\/uploads\/sites\/9\/2020\/04\/VKK-Vuorela_3D_olohuone_768px.jpg"},{"@type":"BreadcrumbList","@id":"https:\/\/www.senaatti.fi\/yhteiskuntavastuuraportti2019\/vastuullisuus-senaatissa\/vastuulliset-hankinnat\/#breadcrumb","itemListElement":[{"@type":"ListItem","position":1,"name":"Home","item":"https:\/\/www.senaatti.fi\/yhteiskuntavastuuraportti2019\/"},{"@type":"ListItem","position":2,"name":"Vastuullisuus Senaatissa","item":"https:\/\/www.senaatti.fi\/yhteiskuntavastuuraportti2019\/vastuullisuus-senaatissa\/"},{"@type":"ListItem","position":3,"name":"Vastuulliset hankinnat"}]},{"@type":"WebSite","@id":"https:\/\/www.senaatti.fi\/yhteiskuntavastuuraportti2019\/#website","url":"https:\/\/www.senaatti.fi\/yhteiskuntavastuuraportti2019\/","name":"2019 - yhteiskuntavastuuraportti","description":"","potentialAction":[{"@type":"SearchAction","target":{"@type":"EntryPoint","urlTemplate":"https:\/\/www.senaatti.fi\/yhteiskuntavastuuraportti2019\/?s={search_term_string}"},"query-input":{"@type":"PropertyValueSpecification","valueRequired":true,"valueName":"search_term_string"}}],"inLanguage":"en-US"}]}},"_links":{"self":[{"href":"https:\/\/www.senaatti.fi\/yhteiskuntavastuuraportti2019\/wp-json\/wp\/v2\/pages\/113","targetHints":{"allow":["GET"]}}],"collection":[{"href":"https:\/\/www.senaatti.fi\/yhteiskuntavastuuraportti2019\/wp-json\/wp\/v2\/pages"}],"about":[{"href":"https:\/\/www.senaatti.fi\/yhteiskuntavastuuraportti2019\/wp-json\/wp\/v2\/types\/page"}],"author":[{"embeddable":true,"href":"https:\/\/www.senaatti.fi\/yhteiskuntavastuuraportti2019\/wp-json\/wp\/v2\/users\/11"}],"replies":[{"embeddable":true,"href":"https:\/\/www.senaatti.fi\/yhteiskuntavastuuraportti2019\/wp-json\/wp\/v2\/comments?post=113"}],"version-history":[{"count":12,"href":"https:\/\/www.senaatti.fi\/yhteiskuntavastuuraportti2019\/wp-json\/wp\/v2\/pages\/113\/revisions"}],"predecessor-version":[{"id":3401,"href":"https:\/\/www.senaatti.fi\/yhteiskuntavastuuraportti2019\/wp-json\/wp\/v2\/pages\/113\/revisions\/3401"}],"up":[{"embeddable":true,"href":"https:\/\/www.senaatti.fi\/yhteiskuntavastuuraportti2019\/wp-json\/wp\/v2\/pages\/63"}],"wp:attachment":[{"href":"https:\/\/www.senaatti.fi\/yhteiskuntavastuuraportti2019\/wp-json\/wp\/v2\/media?parent=113"}],"curies":[{"name":"wp","href":"https:\/\/api.w.org\/{rel}","templated":true}]}}