{"id":111,"date":"2018-01-29T11:20:58","date_gmt":"2018-01-29T11:20:58","guid":{"rendered":"https:\/\/www.senaatti.fi\/yhteiskuntavastuuraportti2019\/?page_id=111"},"modified":"2020-04-09T10:56:27","modified_gmt":"2020-04-09T10:56:27","slug":"turvallisuus","status":"publish","type":"page","link":"https:\/\/www.senaatti.fi\/yhteiskuntavastuuraportti2019\/vastuullisuus-senaatissa\/tyoymparistot\/turvallisuus\/","title":{"rendered":"Turvallisuus"},"content":{"rendered":"<p><img loading=\"lazy\" decoding=\"async\" class=\"alignnone size-full wp-image-3299\" src=\"https:\/\/www.senaatti.fi\/app_ykv_archive\/uploads\/sites\/9\/2020\/04\/Turvallisuuspalvelukeskus_6046_110320_768px.jpg\" alt=\"\" width=\"768\" height=\"511\" srcset=\"https:\/\/www.senaatti.fi\/app_ykv_archive\/uploads\/sites\/9\/2020\/04\/Turvallisuuspalvelukeskus_6046_110320_768px.jpg 768w, https:\/\/www.senaatti.fi\/app_ykv_archive\/uploads\/sites\/9\/2020\/04\/Turvallisuuspalvelukeskus_6046_110320_768px-300x200.jpg 300w\" sizes=\"auto, (max-width: 768px) 100vw, 768px\" \/><\/p>\n<p>Senaatin turvallisuusyksikk\u00f6 toimii osana Senaatin puolustus ja turvallisuus -toimialaa. \u00a0Se tukee Senaatin kaikkia yksik\u00f6it\u00e4 turvallisuusasioissa ja liiketoimintaa riskien-, turvallisuus- ja varautumisenhallinnan keinoin.\u00a0 Yksikk\u00f6 kehitt\u00e4\u00e4 Senaatin turvallisuus- ja varautumisenhallintaa, tuottaa turvallisuuspalveluita sek\u00e4 suunnittelee, toteuttaa turvallisuusprojekteja ja -toimenpiteit\u00e4 ett\u00e4 avustaa hankkeista ja palvelutuotannosta vastaavia kaikissa eri vaiheissa turvallisuuteen liittyviss\u00e4 teht\u00e4viss\u00e4. Ty\u00f6ss\u00e4 korostuu koordinointi ja konsultointi. Yksik\u00f6n teht\u00e4v\u00e4n\u00e4 on my\u00f6s turvallisuuteen liittyvien toimintatapojen ohjeistaminen, kouluttaminen ja viestint\u00e4 sek\u00e4 sidosryhm\u00e4turvallisuuden kehitt\u00e4minen ja koordinointi.<\/p>\n<p>Senaatin toiminnan n\u00e4k\u00f6kulmasta keskeisin muutos vuonna 2019 oli turvallisuusyksik\u00f6n uudelleen organisointi sek\u00e4 yksik\u00f6n henkil\u00f6st\u00f6n teht\u00e4v\u00e4nkuvien muokkaaminen vastaamaan Senaatin uudistunutta toimitilapalvelurakennetta. Turvallisuuspalveluryhm\u00e4 aloitti toimintansa syyskuun alussa ja samassa yhteydess\u00e4 asiantuntijoina toimineet henkil\u00f6t aloittivat uusissa tuotep\u00e4\u00e4llik\u00f6iden rooleissa.<\/p>\n<h2>Turvallisuuspalveluiden kysynt\u00e4 jatkui vahvana<\/h2>\n<p>Senaatin asiakkailleen tarjoamien tuotteiden kehitt\u00e4misen painopiste vuonna 2019 oli varautumisen, suojelujohtamisen ja turvallisuuspalvelukeskuksen palveluissa. Kysynt\u00e4 kokonaisvaltaiselle turvallisuuspalvelulle ja tarve turvallisuuden osaamisen keskitt\u00e4miseen on kasvanut asiakaskunnassamme.<\/p>\n<blockquote><p>Senaatissa p\u00e4\u00e4tettiin kuluvan vuoden aikana perustaa Turvallisuuspalvelukeskus palvelemaan asiakkaitamme 24\/7-periaatteella.<\/p><\/blockquote>\n<p>Palvelun my\u00f6t\u00e4 valtionhallinnon toimijoilla on mahdollisuus keskitt\u00e4\u00e4 turvallisuuteen ja kiinteist\u00f6n arjen sujumiseen liittyv\u00e4t palvelut Senaatin hoidettaviksi ja keskitt\u00e4\u00e4 resurssit omaan ydintoimintaansa.<\/p>\n<p>Turvallisuuspalvelukeskus tukee kiinteist\u00f6jen turvallisuutta h\u00e4iri\u00f6- ja poikkeustilanteissa, tarjoaa valvomopalveluita, turvallisuusj\u00e4rjestelmien p\u00e4\u00e4k\u00e4ytt\u00f6palveluita sek\u00e4 tekee henkil\u00f6iden hyv\u00e4ksytt\u00e4miseen liittyvi\u00e4 teht\u00e4vi\u00e4.\u00a0 Palvelukeskuksen toiminta k\u00e4ynnistyy vaiheittain kev\u00e4\u00e4st\u00e4 2020 ja jatkuu vuoden 2021 puolelle. Lopullisena tavoitteena on tuottaa h\u00e4lytyskeskusstandardin mukaista h\u00e4lytysvalvontapalvelua.<\/p>\n<figure id=\"attachment_2946\" aria-describedby=\"caption-attachment-2946\" style=\"width: 768px\" class=\"wp-caption alignnone\"><img loading=\"lazy\" decoding=\"async\" class=\"wp-image-2946 size-full\" src=\"https:\/\/www.senaatti.fi\/app_ykv_archive\/uploads\/sites\/9\/2020\/03\/Valtioneuvosto_63A1413_768px.jpg\" alt=\"\" width=\"768\" height=\"511\" srcset=\"https:\/\/www.senaatti.fi\/app_ykv_archive\/uploads\/sites\/9\/2020\/03\/Valtioneuvosto_63A1413_768px.jpg 768w, https:\/\/www.senaatti.fi\/app_ykv_archive\/uploads\/sites\/9\/2020\/03\/Valtioneuvosto_63A1413_768px-300x200.jpg 300w\" sizes=\"auto, (max-width: 768px) 100vw, 768px\" \/><figcaption id=\"caption-attachment-2946\" class=\"wp-caption-text\"><strong>Case: Turvallisuuspalvelumme valtioneuvoston suojana<\/strong> <br \/>Valtioneuvoston kanslia ja Senaatti tekev\u00e4t tiivist\u00e4 yhteisty\u00f6t\u00e4 turvallisuusratkaisuissa. \u201dValtioneuvoston kanslian 24 erillisess\u00e4 kiinteist\u00f6ss\u00e4 on korkeat turvavaatimukset. Yhteisty\u00f6n kautta syntyy selke\u00e4 n\u00e4kemys tarpeista. Asiakkaana asetamme turvallisuusvaatimuksia, jotka Senaatti on t\u00e4ytt\u00e4nyt hienosti. Yhteisty\u00f6mme toimii, ja meill\u00e4 on yhteiset tavoitteet turvallisuuden parantamiseksi ja kustannustehokkuuden lis\u00e4\u00e4miseksi\u201d, valtioneuvoston kanslian johtava asiantuntija <strong>Juha Pallaspuro<\/strong> kertoo. <\/p>\n<p><a href=\"https:\/\/www.senaatti.fi\/tyoymparisto\/inspiraatio\/artikkeli\/valtioneuvoston-linnan-muurina-toimii-moderni-turvateknologia\/\">Valtioneuvoston linnan muurina toimii moderni turvateknologia<\/a><\/figcaption><\/figure>\n<p>&nbsp;<\/p>\n<p>Keskeiset organisaatioturvallisuuden kehitt\u00e4misen toimenpiteet liittyiv\u00e4t tietoturvaan<br \/>\nja tietosuojaan. Senaatti osallistui toimintavuoden aikana muun muassa TAISTO19-harjoitukseen, jossa harjoiteltiin tietoturva- ja tietosuojapoikkeamien hallintaa.<\/p>\n<p>Sidosryhm\u00e4turvallisuuden osalta merkitt\u00e4vimpi\u00e4 asioita olivat sis\u00e4asiainhallinnon kanssa laadittu hallinnonalakohtainen turvallisuussopimus sek\u00e4 t\u00e4ss\u00e4 yhteydess\u00e4 laadittujen malliasiakirjojen k\u00e4ytt\u00f6\u00f6notto uusissa asiakaskasturvallisuussopimuksissa. Henkil\u00f6iden hyv\u00e4ksytt\u00e4mismenettelyn toimintaa kehitettiin automatisoimalla digitaalisesti allekirjoitettujen ja tiettyjen kriteerien t\u00e4ytt\u00e4vien hakemusten siirt\u00e4minen lupaj\u00e4rjestelm\u00e4ss\u00e4 suoraan asiakkaille.<\/p>\n<h2>Turvallisuus on osa vastuullisuutta<\/h2>\n<p>Turvallisuus on yksi Senaatin yhteiskuntavastuuohjelmista.\u00a0 Vuoden 2019 tavoitteena oli valtion kiinteist\u00f6jen vahinko- ja onnettomuusriskienhallinnan, pelastustoiminnan ja paloturvallisuuden kokonaisuuksien kehitt\u00e4minen.\u00a0 T\u00e4h\u00e4n liittyen otimme k\u00e4ytt\u00f6\u00f6n pelastussuunnitelmia varten keskitetyn j\u00e4rjestelm\u00e4n.\u00a0 Kilpailutimme palvelut pelastussuunnitteluun, koulutusten, harjoitusten ym. hankkimiseksi ja osallistutimme kiinteist\u00f6p\u00e4\u00e4llik\u00f6t kohteidensa pelastussuunnitelmien kehitys- ja toteuttamisty\u00f6h\u00f6n.\u00a0 Lis\u00e4ksi perustettiin tavoitteiden mukaisesti uusi paloturvallisuuden rooli, johon rekrytoitiin asiantuntija.<\/p>\n<h2>Panostukset koulutuksiin<\/h2>\n<p>Toimintavuoden aikana pidettiin turvallisuus- ja tietoturvallisuusperehdytykset uusille senaattilaisille, jotka suorittivat my\u00f6s Senaattilaisen turvallisuus -verkkokurssin. Kiinteist\u00f6p\u00e4\u00e4llik\u00f6n teht\u00e4v\u00e4\u00e4n valmentavassa Kis\u00e4lli-ohjelmassa turvallisuuteen liittyv\u00e4\u00e4 valmennusta oli kaksi l\u00e4hip\u00e4iv\u00e4\u00e4.\u00a0 Lis\u00e4ksi koko henkil\u00f6st\u00f6lle j\u00e4rjestettiin kaksi turvallisuussopimuskoulutustilaisuutta.<\/p>\n<p>Senaatin ja alueiden yhteinen valmiusharjoitus toteutettiin syyskaudella ja johtoryhm\u00e4lle pidettiin varautumisaiheinen -iltakoulu.<\/p>\n<h2>Turvallisuusasiat olivat n\u00e4kyv\u00e4sti esill\u00e4 asiakastilaisuuksissa<\/h2>\n<p>Syksyll\u00e4 2019 perustettiin turvallisuusfoorumi Senaatin asiakkaille, jonka ensimm\u00e4isess\u00e4 tapaamisessa aiheina olivat hybridiuhat ja Senaatin turvallisuusstrategia.<\/p>\n<p>Maaliskuun Senaatti-areenan teemana oli turvallisuus valtionhallinnossa. Puheenvuoroissa k\u00e4siteltiin varautumista normaaliolojen h\u00e4iri\u00f6- ja poikkeustilanteisiin sek\u00e4 toiminnan jatkuvuuden varmistamista valtionhallinnossa.<\/p>\n<p>Joulukuussa asiakkaidemme toimitilayhteishenkil\u00f6ille j\u00e4rjestetyn Paja-tilaisuuden teemana oli turvallisuus. Puheenvuoron toimitiloihin liittyv\u00e4st\u00e4 varautumisesta sek\u00e4 sen merkityksest\u00e4 toiminnan jatkuvuudelle piti YLE:n valmiusp\u00e4\u00e4llikk\u00f6.<\/p>\n","protected":false},"excerpt":{"rendered":"<p>Senaatin turvallisuusyksikk\u00f6 toimii osana Senaatin puolustus ja turvallisuus -toimialaa. \u00a0Se tukee Senaatin kaikkia yksik\u00f6it\u00e4 turvallisuusasioissa ja liiketoimintaa riskien-, turvallisuus- ja varautumisenhallinnan keinoin.\u00a0 Yksikk\u00f6 kehitt\u00e4\u00e4 Senaatin turvallisuus- ja varautumisenhallintaa, tuottaa turvallisuuspalveluita sek\u00e4 suunnittelee, toteuttaa turvallisuusprojekteja ja -toimenpiteit\u00e4 ett\u00e4 avustaa hankkeista ja palvelutuotannosta vastaavia kaikissa eri vaiheissa turvallisuuteen liittyviss\u00e4 teht\u00e4viss\u00e4. Ty\u00f6ss\u00e4 korostuu koordinointi ja konsultointi. Yksik\u00f6n teht\u00e4v\u00e4n\u00e4 [&hellip;]<\/p>\n","protected":false},"author":11,"featured_media":0,"parent":103,"menu_order":3,"comment_status":"closed","ping_status":"closed","template":"","meta":{"_acf_changed":false,"footnotes":""},"class_list":["post-111","page","type-page","status-publish","hentry"],"acf":[],"yoast_head":"<!-- This site is optimized with the Yoast SEO plugin v23.9 - https:\/\/yoast.com\/wordpress\/plugins\/seo\/ -->\n<title>Turvallisuus - 2019 - yhteiskuntavastuuraportti<\/title>\n<meta name=\"description\" content=\"Senaatin turvallisuusyksikk\u00f6 toimii osana Senaatin puolustus ja turvallisuus -toimialaa. \u00a0Se tukee Senaatin kaikkia yksik\u00f6it\u00e4 turvallisuusasioissa ja\" \/>\n<meta name=\"robots\" content=\"index, follow, max-snippet:-1, max-image-preview:large, max-video-preview:-1\" \/>\n<link rel=\"canonical\" href=\"https:\/\/www.senaatti.fi\/yhteiskuntavastuuraportti2019\/vastuullisuus-senaatissa\/tyoymparistot\/turvallisuus\/\" \/>\n<meta property=\"og:locale\" content=\"en_US\" \/>\n<meta property=\"og:type\" content=\"article\" \/>\n<meta property=\"og:title\" content=\"Turvallisuus - 2019 - yhteiskuntavastuuraportti\" \/>\n<meta property=\"og:description\" content=\"Senaatin turvallisuusyksikk\u00f6 toimii osana Senaatin puolustus ja turvallisuus -toimialaa. \u00a0Se tukee Senaatin kaikkia yksik\u00f6it\u00e4 turvallisuusasioissa ja\" \/>\n<meta property=\"og:url\" content=\"https:\/\/www.senaatti.fi\/yhteiskuntavastuuraportti2019\/vastuullisuus-senaatissa\/tyoymparistot\/turvallisuus\/\" \/>\n<meta property=\"og:site_name\" content=\"2019 - yhteiskuntavastuuraportti\" \/>\n<meta property=\"article:modified_time\" content=\"2020-04-09T10:56:27+00:00\" \/>\n<meta property=\"og:image\" content=\"https:\/\/www.senaatti.fi\/app_ykv_archive\/uploads\/sites\/9\/2020\/04\/Turvallisuuspalvelukeskus_6046_110320_768px.jpg\" \/>\n<meta name=\"twitter:card\" content=\"summary_large_image\" \/>\n<meta name=\"twitter:label1\" content=\"Est. reading time\" \/>\n\t<meta name=\"twitter:data1\" content=\"3 minutes\" \/>\n<script type=\"application\/ld+json\" class=\"yoast-schema-graph\">{\"@context\":\"https:\/\/schema.org\",\"@graph\":[{\"@type\":\"WebPage\",\"@id\":\"https:\/\/www.senaatti.fi\/yhteiskuntavastuuraportti2019\/vastuullisuus-senaatissa\/tyoymparistot\/turvallisuus\/\",\"url\":\"https:\/\/www.senaatti.fi\/yhteiskuntavastuuraportti2019\/vastuullisuus-senaatissa\/tyoymparistot\/turvallisuus\/\",\"name\":\"Turvallisuus - 2019 - yhteiskuntavastuuraportti\",\"isPartOf\":{\"@id\":\"https:\/\/www.senaatti.fi\/yhteiskuntavastuuraportti2019\/#website\"},\"primaryImageOfPage\":{\"@id\":\"https:\/\/www.senaatti.fi\/yhteiskuntavastuuraportti2019\/vastuullisuus-senaatissa\/tyoymparistot\/turvallisuus\/#primaryimage\"},\"image\":{\"@id\":\"https:\/\/www.senaatti.fi\/yhteiskuntavastuuraportti2019\/vastuullisuus-senaatissa\/tyoymparistot\/turvallisuus\/#primaryimage\"},\"thumbnailUrl\":\"https:\/\/www.senaatti.fi\/app_ykv_archive\/uploads\/sites\/9\/2020\/04\/Turvallisuuspalvelukeskus_6046_110320_768px.jpg\",\"datePublished\":\"2018-01-29T11:20:58+00:00\",\"dateModified\":\"2020-04-09T10:56:27+00:00\",\"description\":\"Senaatin turvallisuusyksikk\u00f6 toimii osana Senaatin puolustus ja turvallisuus -toimialaa. \u00a0Se tukee Senaatin kaikkia yksik\u00f6it\u00e4 turvallisuusasioissa ja\",\"breadcrumb\":{\"@id\":\"https:\/\/www.senaatti.fi\/yhteiskuntavastuuraportti2019\/vastuullisuus-senaatissa\/tyoymparistot\/turvallisuus\/#breadcrumb\"},\"inLanguage\":\"en-US\",\"potentialAction\":[{\"@type\":\"ReadAction\",\"target\":[\"https:\/\/www.senaatti.fi\/yhteiskuntavastuuraportti2019\/vastuullisuus-senaatissa\/tyoymparistot\/turvallisuus\/\"]}]},{\"@type\":\"ImageObject\",\"inLanguage\":\"en-US\",\"@id\":\"https:\/\/www.senaatti.fi\/yhteiskuntavastuuraportti2019\/vastuullisuus-senaatissa\/tyoymparistot\/turvallisuus\/#primaryimage\",\"url\":\"https:\/\/www.senaatti.fi\/app_ykv_archive\/uploads\/sites\/9\/2020\/04\/Turvallisuuspalvelukeskus_6046_110320_768px.jpg\",\"contentUrl\":\"https:\/\/www.senaatti.fi\/app_ykv_archive\/uploads\/sites\/9\/2020\/04\/Turvallisuuspalvelukeskus_6046_110320_768px.jpg\"},{\"@type\":\"BreadcrumbList\",\"@id\":\"https:\/\/www.senaatti.fi\/yhteiskuntavastuuraportti2019\/vastuullisuus-senaatissa\/tyoymparistot\/turvallisuus\/#breadcrumb\",\"itemListElement\":[{\"@type\":\"ListItem\",\"position\":1,\"name\":\"Home\",\"item\":\"https:\/\/www.senaatti.fi\/yhteiskuntavastuuraportti2019\/\"},{\"@type\":\"ListItem\",\"position\":2,\"name\":\"Vastuullisuus Senaatissa\",\"item\":\"https:\/\/www.senaatti.fi\/yhteiskuntavastuuraportti2019\/vastuullisuus-senaatissa\/\"},{\"@type\":\"ListItem\",\"position\":3,\"name\":\"Ty\u00f6ymp\u00e4rist\u00f6t\",\"item\":\"https:\/\/www.senaatti.fi\/yhteiskuntavastuuraportti2019\/vastuullisuus-senaatissa\/tyoymparistot\/\"},{\"@type\":\"ListItem\",\"position\":4,\"name\":\"Turvallisuus\"}]},{\"@type\":\"WebSite\",\"@id\":\"https:\/\/www.senaatti.fi\/yhteiskuntavastuuraportti2019\/#website\",\"url\":\"https:\/\/www.senaatti.fi\/yhteiskuntavastuuraportti2019\/\",\"name\":\"2019 - yhteiskuntavastuuraportti\",\"description\":\"\",\"potentialAction\":[{\"@type\":\"SearchAction\",\"target\":{\"@type\":\"EntryPoint\",\"urlTemplate\":\"https:\/\/www.senaatti.fi\/yhteiskuntavastuuraportti2019\/?s={search_term_string}\"},\"query-input\":{\"@type\":\"PropertyValueSpecification\",\"valueRequired\":true,\"valueName\":\"search_term_string\"}}],\"inLanguage\":\"en-US\"}]}<\/script>\n<!-- \/ Yoast SEO plugin. -->","yoast_head_json":{"title":"Turvallisuus - 2019 - yhteiskuntavastuuraportti","description":"Senaatin turvallisuusyksikk\u00f6 toimii osana Senaatin puolustus ja turvallisuus -toimialaa. \u00a0Se tukee Senaatin kaikkia yksik\u00f6it\u00e4 turvallisuusasioissa ja","robots":{"index":"index","follow":"follow","max-snippet":"max-snippet:-1","max-image-preview":"max-image-preview:large","max-video-preview":"max-video-preview:-1"},"canonical":"https:\/\/www.senaatti.fi\/yhteiskuntavastuuraportti2019\/vastuullisuus-senaatissa\/tyoymparistot\/turvallisuus\/","og_locale":"en_US","og_type":"article","og_title":"Turvallisuus - 2019 - yhteiskuntavastuuraportti","og_description":"Senaatin turvallisuusyksikk\u00f6 toimii osana Senaatin puolustus ja turvallisuus -toimialaa. \u00a0Se tukee Senaatin kaikkia yksik\u00f6it\u00e4 turvallisuusasioissa ja","og_url":"https:\/\/www.senaatti.fi\/yhteiskuntavastuuraportti2019\/vastuullisuus-senaatissa\/tyoymparistot\/turvallisuus\/","og_site_name":"2019 - yhteiskuntavastuuraportti","article_modified_time":"2020-04-09T10:56:27+00:00","og_image":[{"url":"https:\/\/www.senaatti.fi\/app_ykv_archive\/uploads\/sites\/9\/2020\/04\/Turvallisuuspalvelukeskus_6046_110320_768px.jpg"}],"twitter_card":"summary_large_image","twitter_misc":{"Est. reading time":"3 minutes"},"schema":{"@context":"https:\/\/schema.org","@graph":[{"@type":"WebPage","@id":"https:\/\/www.senaatti.fi\/yhteiskuntavastuuraportti2019\/vastuullisuus-senaatissa\/tyoymparistot\/turvallisuus\/","url":"https:\/\/www.senaatti.fi\/yhteiskuntavastuuraportti2019\/vastuullisuus-senaatissa\/tyoymparistot\/turvallisuus\/","name":"Turvallisuus - 2019 - yhteiskuntavastuuraportti","isPartOf":{"@id":"https:\/\/www.senaatti.fi\/yhteiskuntavastuuraportti2019\/#website"},"primaryImageOfPage":{"@id":"https:\/\/www.senaatti.fi\/yhteiskuntavastuuraportti2019\/vastuullisuus-senaatissa\/tyoymparistot\/turvallisuus\/#primaryimage"},"image":{"@id":"https:\/\/www.senaatti.fi\/yhteiskuntavastuuraportti2019\/vastuullisuus-senaatissa\/tyoymparistot\/turvallisuus\/#primaryimage"},"thumbnailUrl":"https:\/\/www.senaatti.fi\/app_ykv_archive\/uploads\/sites\/9\/2020\/04\/Turvallisuuspalvelukeskus_6046_110320_768px.jpg","datePublished":"2018-01-29T11:20:58+00:00","dateModified":"2020-04-09T10:56:27+00:00","description":"Senaatin turvallisuusyksikk\u00f6 toimii osana Senaatin puolustus ja turvallisuus -toimialaa. \u00a0Se tukee Senaatin kaikkia yksik\u00f6it\u00e4 turvallisuusasioissa ja","breadcrumb":{"@id":"https:\/\/www.senaatti.fi\/yhteiskuntavastuuraportti2019\/vastuullisuus-senaatissa\/tyoymparistot\/turvallisuus\/#breadcrumb"},"inLanguage":"en-US","potentialAction":[{"@type":"ReadAction","target":["https:\/\/www.senaatti.fi\/yhteiskuntavastuuraportti2019\/vastuullisuus-senaatissa\/tyoymparistot\/turvallisuus\/"]}]},{"@type":"ImageObject","inLanguage":"en-US","@id":"https:\/\/www.senaatti.fi\/yhteiskuntavastuuraportti2019\/vastuullisuus-senaatissa\/tyoymparistot\/turvallisuus\/#primaryimage","url":"https:\/\/www.senaatti.fi\/app_ykv_archive\/uploads\/sites\/9\/2020\/04\/Turvallisuuspalvelukeskus_6046_110320_768px.jpg","contentUrl":"https:\/\/www.senaatti.fi\/app_ykv_archive\/uploads\/sites\/9\/2020\/04\/Turvallisuuspalvelukeskus_6046_110320_768px.jpg"},{"@type":"BreadcrumbList","@id":"https:\/\/www.senaatti.fi\/yhteiskuntavastuuraportti2019\/vastuullisuus-senaatissa\/tyoymparistot\/turvallisuus\/#breadcrumb","itemListElement":[{"@type":"ListItem","position":1,"name":"Home","item":"https:\/\/www.senaatti.fi\/yhteiskuntavastuuraportti2019\/"},{"@type":"ListItem","position":2,"name":"Vastuullisuus Senaatissa","item":"https:\/\/www.senaatti.fi\/yhteiskuntavastuuraportti2019\/vastuullisuus-senaatissa\/"},{"@type":"ListItem","position":3,"name":"Ty\u00f6ymp\u00e4rist\u00f6t","item":"https:\/\/www.senaatti.fi\/yhteiskuntavastuuraportti2019\/vastuullisuus-senaatissa\/tyoymparistot\/"},{"@type":"ListItem","position":4,"name":"Turvallisuus"}]},{"@type":"WebSite","@id":"https:\/\/www.senaatti.fi\/yhteiskuntavastuuraportti2019\/#website","url":"https:\/\/www.senaatti.fi\/yhteiskuntavastuuraportti2019\/","name":"2019 - yhteiskuntavastuuraportti","description":"","potentialAction":[{"@type":"SearchAction","target":{"@type":"EntryPoint","urlTemplate":"https:\/\/www.senaatti.fi\/yhteiskuntavastuuraportti2019\/?s={search_term_string}"},"query-input":{"@type":"PropertyValueSpecification","valueRequired":true,"valueName":"search_term_string"}}],"inLanguage":"en-US"}]}},"_links":{"self":[{"href":"https:\/\/www.senaatti.fi\/yhteiskuntavastuuraportti2019\/wp-json\/wp\/v2\/pages\/111","targetHints":{"allow":["GET"]}}],"collection":[{"href":"https:\/\/www.senaatti.fi\/yhteiskuntavastuuraportti2019\/wp-json\/wp\/v2\/pages"}],"about":[{"href":"https:\/\/www.senaatti.fi\/yhteiskuntavastuuraportti2019\/wp-json\/wp\/v2\/types\/page"}],"author":[{"embeddable":true,"href":"https:\/\/www.senaatti.fi\/yhteiskuntavastuuraportti2019\/wp-json\/wp\/v2\/users\/11"}],"replies":[{"embeddable":true,"href":"https:\/\/www.senaatti.fi\/yhteiskuntavastuuraportti2019\/wp-json\/wp\/v2\/comments?post=111"}],"version-history":[{"count":11,"href":"https:\/\/www.senaatti.fi\/yhteiskuntavastuuraportti2019\/wp-json\/wp\/v2\/pages\/111\/revisions"}],"predecessor-version":[{"id":3298,"href":"https:\/\/www.senaatti.fi\/yhteiskuntavastuuraportti2019\/wp-json\/wp\/v2\/pages\/111\/revisions\/3298"}],"up":[{"embeddable":true,"href":"https:\/\/www.senaatti.fi\/yhteiskuntavastuuraportti2019\/wp-json\/wp\/v2\/pages\/103"}],"wp:attachment":[{"href":"https:\/\/www.senaatti.fi\/yhteiskuntavastuuraportti2019\/wp-json\/wp\/v2\/media?parent=111"}],"curies":[{"name":"wp","href":"https:\/\/api.w.org\/{rel}","templated":true}]}}