{"id":11,"date":"2018-01-29T10:56:54","date_gmt":"2018-01-29T10:56:54","guid":{"rendered":"https:\/\/www.senaatti.fi\/yhteiskuntavastuuraportti2019\/?page_id=11"},"modified":"2024-09-03T07:38:53","modified_gmt":"2024-09-03T07:38:53","slug":"taloudelliset-tavoitteet-ja-tulokset","status":"publish","type":"page","link":"https:\/\/www.senaatti.fi\/yhteiskuntavastuuraportti2019\/vuosi-2019\/taloudelliset-tavoitteet-ja-tulokset\/","title":{"rendered":"Taloudelliset tavoitteet ja tulokset"},"content":{"rendered":"<ul>\n<li>Kokonaistulos oli 114 milj. euroa, mik\u00e4 ylitti budjettitavoitteen 41 milj. eurolla. Keskeisin syy tulosylitykseen oli onnistunut kiinteist\u00f6myynti.<\/li>\n<li>Vuokrauksen tulos 67 milj. euroa ylitti tavoitteen 16 milj. eurolla, mik\u00e4 johtui budjetoitua pienempin\u00e4 toteutuneista kiinteist\u00f6kuluista.<\/li>\n<li>Kiinteist\u00f6myynnin tulos oli 47 milj. euroa ja tavoite oli 22 milj. euroa. Kiinteist\u00f6jen toteutunut myynti oli 107 milj. euroa.<\/li>\n<li>Senaatti saavutti haasteellisen 100 milj. euron toimitilakustannusten vuosis\u00e4\u00e4st\u00f6tavoitteen kuudessa vuodessa, mik\u00e4 oli kaksi vuotta tavoitetta nopeammin.<\/li>\n<\/ul>\n<table class=\"senaatti-table senaatti-table--striped senaatti-table--responsive-stacked rwd-table table table-bordered table-striped migrated-chart-table\">\n<caption>Tulos ja liikevaihto [milj. euroa]<\/caption>\n<thead>\n<tr>\n<th>Vuosi<\/th>\n<th>Tulos<\/th>\n<th>Liikevaihto<\/th>\n<th>Liikevaihdon kasvu-%<\/th>\n<\/tr>\n<\/thead>\n<tbody>\n<tr>\n<td>2015<\/td>\n<td>199<\/td>\n<td>622<\/td>\n<td>-0.5<\/td>\n<\/tr>\n<tr>\n<td>2016<\/td>\n<td>113<\/td>\n<td>599<\/td>\n<td>-3.8<\/td>\n<\/tr>\n<tr>\n<td>2017<\/td>\n<td>157<\/td>\n<td>621<\/td>\n<td>3.7<\/td>\n<\/tr>\n<tr>\n<td>2018<\/td>\n<td>64<\/td>\n<td>638<\/td>\n<td>2.8<\/td>\n<\/tr>\n<tr>\n<td>2019<\/td>\n<td>114<\/td>\n<td>647<\/td>\n<td>1.3<\/td>\n<\/tr>\n<\/tbody>\n<\/table>\n<p>Vuokrauksen tulos oli 67,4 (42,3) milj. euroa, ja se ylitti budjetin 16,3 milj. eurolla. Keskeisin syy oli budjetoitua pienempin\u00e4 toteutuneet kiinteist\u00f6kulut. Lis\u00e4ksi vuokrauksen liikevaihdon hienoinen kasvu n\u00e4kyy tuloksen kasvussa. Vuoden 2018 heikompi tulos 42,3 milj euroa johtui 24 milj. euron pakollisesta kuluvarauksesta suljettujen alueiden rakennusten purkukuluihin.<\/p>\n<p>Vuokrauksen liikevaihto kasvoi hieman ja oli 646,6 (638,5) milj. euroa. Se ylitti budjettitavoitteen 15,8 milj. eurolla. T\u00e4m\u00e4 johtui p\u00e4\u00e4osin edelleenvuokrauksen kasvusta, kun aikaisemmin virastojen ja laitosten yksityisilt\u00e4 markkinoilta vuokraamat tilat ovat siirtyneet Senaatille edelleen vuokrattaviksi.<\/p>\n<p>Palvelujen myynti kasvoi edellisvuodesta ja oli 20,1 (17,3) milj. euroa. Palvelujen myynnin kasvusta noin puolet tulee puhtauspalveluista ja toinen puoli aula- ja vartiointipalveluista.<\/p>\n<p>Kiinteist\u00f6j\u00e4 ja kiinteist\u00f6yhti\u00f6it\u00e4 myytiin 107,1 milj. eurolla. Tavoitteeksi oli asetettu 100 milj. euroa. Senaatin kiinteist\u00f6myynti ja -kehitt\u00e4mistoiminta on ollut tuloksellista useampana vuonna, mik\u00e4 n\u00e4kyy myynnin tuloksessa. Lis\u00e4ksi markkinatilanne on edesauttanut hyv\u00e4\u00e4n myynnin tulokseen.<\/p>\n<p><a href=\"https:\/\/www.senaatti.fi\/yhteiskuntavastuuraportti2019\/vuosi-2019\/kiinteistokehitys-ja-myynti\/\">Lue tarkemmin\u00a0kiinteist\u00f6jen myynneist\u00e4.<\/a><\/p>\n<h2>Tuloutus valtiolle myynneist\u00e4<\/h2>\n<p>Senaatti tulouttaa vuosittain omistajalleen eli valtiolle voiton tuloutuksen, joka koostuu p\u00e4\u00e4osin kiinteist\u00f6jen myynneist\u00e4 saaduista tuloista. \u00a0Senaatti maksoi kertomusvuonna tuloutusta valtiolle 35 (135) milj. euroa. Vuoden 2019 tuloksesta Senaatti tulouttaa 35 milj. euroa kes\u00e4kuussa 2020.<\/p>\n<h2>Sijoitetun p\u00e4\u00e4oman tuotto ja omavaraisuusaste<\/h2>\n<p>Senaatin koko toiminnan sijoitetun p\u00e4\u00e4oman tuotto oli 3,1 (2,0) %. Vuokrauksen sijoitetun p\u00e4\u00e4oman tuotto oli 2,1 (1,5) % ja vuokrauksen valtioasiakkaiden oman p\u00e4\u00e4oman tuotto oli 2,0 %. Valtioasiakkaiden keskim\u00e4\u00e4r\u00e4inen oman p\u00e4\u00e4oman tuotto nelj\u00e4lt\u00e4 viime vuodelta oli 1,6 %, kun valtion vuokraj\u00e4rjestelm\u00e4ss\u00e4 asetettu tavoite kyseiselle ajanjaksolle oli 1,5 %.<\/p>\n<p>Omavaraisuusaste on pysynyt erinomaisena ja oli 66 (64) %.\u00a0 Nettovelkaantumisaste oli 45 (49) %.<\/p>\n<table class=\"senaatti-table senaatti-table--striped senaatti-table--responsive-stacked rwd-table table table-bordered table-striped migrated-chart-table\">\n<caption>Omavaraisuus- ja nettovelkaantumisaste [%]<\/caption>\n<thead>\n<tr>\n<th>Vuosi<\/th>\n<th>Omavaraisuusaste<\/th>\n<th>Nettovelkaantumisaste<\/th>\n<\/tr>\n<\/thead>\n<tbody>\n<tr>\n<td>2015<\/td>\n<td>62<\/td>\n<td>55<\/td>\n<\/tr>\n<tr>\n<td>2016<\/td>\n<td>62.4<\/td>\n<td>53<\/td>\n<\/tr>\n<tr>\n<td>2017<\/td>\n<td>65.2<\/td>\n<td>50<\/td>\n<\/tr>\n<tr>\n<td>2018<\/td>\n<td>64<\/td>\n<td>49<\/td>\n<\/tr>\n<tr>\n<td>2019<\/td>\n<td>64.7<\/td>\n<td>45<\/td>\n<\/tr>\n<\/tbody>\n<\/table>\n<table class=\"senaatti-table senaatti-table--striped senaatti-table--responsive-stacked rwd-table table table-bordered table-striped migrated-chart-table\">\n<caption>Sijoitetun p\u00e4\u00e4oman tuotto ja oman p\u00e4\u00e4oman tuotto-%<\/caption>\n<thead>\n<tr>\n<th>Vuosi<\/th>\n<th>SIPO-%<\/th>\n<th>OPO-%<\/th>\n<\/tr>\n<\/thead>\n<tbody>\n<tr>\n<td>2015<\/td>\n<td>5.4<\/td>\n<td>6.8<\/td>\n<\/tr>\n<tr>\n<td>2016<\/td>\n<td>4.7<\/td>\n<td>6.1<\/td>\n<\/tr>\n<tr>\n<td>2017<\/td>\n<td>4.3<\/td>\n<td>5.4<\/td>\n<\/tr>\n<tr>\n<td>2018<\/td>\n<td>2<\/td>\n<td>2.2<\/td>\n<\/tr>\n<tr>\n<td>2019<\/td>\n<td>3.1<\/td>\n<td>3.9<\/td>\n<\/tr>\n<\/tbody>\n<\/table>\n<div>*Valtioasiakkaiden vuokraustoiminnan oman p\u00e4\u00e4oman tuotto oli 2,0 %.<\/div>\n<table class=\"senaatti-table senaatti-table--striped senaatti-table--responsive-stacked rwd-table table table-bordered table-striped migrated-chart-table\">\n<caption>Vieraan p\u00e4\u00e4oman takaisinmaksuaika<\/caption>\n<thead>\n<tr>\n<th>Vuosi<\/th>\n<th>Takaisinmaksuaika<\/th>\n<\/tr>\n<\/thead>\n<tbody>\n<tr>\n<td>2015<\/td>\n<td>3.9<\/td>\n<\/tr>\n<tr>\n<td>2016<\/td>\n<td>4.3<\/td>\n<\/tr>\n<tr>\n<td>2017<\/td>\n<td>4<\/td>\n<\/tr>\n<tr>\n<td>2018<\/td>\n<td>5.1<\/td>\n<\/tr>\n<tr>\n<td>2019<\/td>\n<td>4.7<\/td>\n<\/tr>\n<\/tbody>\n<\/table>\n<p>Korolliset velat (valtio- ja rahoituslainat) olivat vuoden lopussa 1 425,8 (1\u00a0512,6) milj. euroa. Lainoista valtion lainaa oli 1 191,9 (1 213,9) milj. euroa ja rahoituslaitoksilta 233,9 (298,6) milj. euroa.<\/p>\n<h2>Toimitilas\u00e4\u00e4st\u00f6t kaksi vuotta etuajassa<\/h2>\n<p>Senaatin tavoitteena on tuottaa asiakkailleen tarjoamansa palvelut ja ty\u00f6ymp\u00e4rist\u00f6ratkaisut kustannustehokkaasti valtion kokonaisetu huomioiden. Strategisena tavoitteena oli saavuttaa valtiolle 100 miljoonan euron vuosittaiset s\u00e4\u00e4st\u00f6t toimitilakustannuksissa kahdeksassa vuodessa vuoteen 2022 menness\u00e4. S\u00e4\u00e4st\u00f6t toteutetaan uusilla ty\u00f6ymp\u00e4rist\u00f6ratkaisuilla ja valtiolle tarpeettomien kiinteist\u00f6jen myynneill\u00e4.<\/p>\n<p>Toteutimme 100 milj. euron valtion toimitilakustannusten vuosis\u00e4\u00e4st\u00f6tavoitteen kuudessa vuodessa, mik\u00e4 on kaksi vuotta tavoitetta nopeammin.<\/p>\n<p>Kumulatiivisesti s\u00e4\u00e4st\u00f6j\u00e4 on toteutunut jo l\u00e4hes 300 miljoonaa euroa.<\/p>\n<p><a href=\"https:\/\/www.senaatti.fi\/yhteiskuntavastuuraportti2019\/vastuullisuus-senaatissa\/tyoymparistot\/tilatehokkuus-ja-yhteiskayttoisyys\/\">Lue lis\u00e4\u00e4 Ty\u00f6ymp\u00e4rist\u00f6jen kehitt\u00e4minen -osiosta.<\/a><\/p>\n","protected":false},"excerpt":{"rendered":"<p>Kokonaistulos oli 114 milj. euroa, mik\u00e4 ylitti budjettitavoitteen 41 milj. eurolla. Keskeisin syy tulosylitykseen oli onnistunut kiinteist\u00f6myynti. Vuokrauksen tulos 67 milj. euroa ylitti tavoitteen 16 milj. eurolla, mik\u00e4 johtui budjetoitua pienempin\u00e4 toteutuneista kiinteist\u00f6kuluista. Kiinteist\u00f6myynnin tulos oli 47 milj. euroa ja tavoite oli 22 milj. euroa. Kiinteist\u00f6jen toteutunut myynti oli 107 milj. euroa. Senaatti saavutti haasteellisen [&hellip;]<\/p>\n","protected":false},"author":11,"featured_media":0,"parent":5,"menu_order":2,"comment_status":"closed","ping_status":"closed","template":"","meta":{"_acf_changed":false,"footnotes":""},"class_list":["post-11","page","type-page","status-publish","hentry"],"acf":[],"yoast_head":"<!-- This site is optimized with the Yoast SEO plugin v23.9 - https:\/\/yoast.com\/wordpress\/plugins\/seo\/ -->\n<title>Taloudelliset tavoitteet ja tulokset - 2019 - yhteiskuntavastuuraportti<\/title>\n<meta name=\"description\" content=\"Kokonaistulos oli 114 milj. euroa, mik\u00e4 ylitti budjettitavoitteen 41 milj. eurolla. Keskeisin syy tulosylitykseen oli onnistunut kiinteist\u00f6myynti.\" \/>\n<meta name=\"robots\" content=\"index, follow, max-snippet:-1, max-image-preview:large, max-video-preview:-1\" \/>\n<link rel=\"canonical\" href=\"https:\/\/www.senaatti.fi\/yhteiskuntavastuuraportti2019\/vuosi-2019\/taloudelliset-tavoitteet-ja-tulokset\/\" \/>\n<meta property=\"og:locale\" content=\"en_US\" \/>\n<meta property=\"og:type\" content=\"article\" \/>\n<meta property=\"og:title\" content=\"Taloudelliset tavoitteet ja tulokset - 2019 - yhteiskuntavastuuraportti\" \/>\n<meta property=\"og:description\" content=\"Kokonaistulos oli 114 milj. euroa, mik\u00e4 ylitti budjettitavoitteen 41 milj. eurolla. Keskeisin syy tulosylitykseen oli onnistunut kiinteist\u00f6myynti.\" \/>\n<meta property=\"og:url\" content=\"https:\/\/www.senaatti.fi\/yhteiskuntavastuuraportti2019\/vuosi-2019\/taloudelliset-tavoitteet-ja-tulokset\/\" \/>\n<meta property=\"og:site_name\" content=\"2019 - yhteiskuntavastuuraportti\" \/>\n<meta property=\"article:modified_time\" content=\"2024-09-03T07:38:53+00:00\" \/>\n<meta name=\"twitter:card\" content=\"summary_large_image\" \/>\n<meta name=\"twitter:label1\" content=\"Est. reading time\" \/>\n\t<meta name=\"twitter:data1\" content=\"2 minutes\" \/>\n<script type=\"application\/ld+json\" class=\"yoast-schema-graph\">{\"@context\":\"https:\/\/schema.org\",\"@graph\":[{\"@type\":\"WebPage\",\"@id\":\"https:\/\/www.senaatti.fi\/yhteiskuntavastuuraportti2019\/vuosi-2019\/taloudelliset-tavoitteet-ja-tulokset\/\",\"url\":\"https:\/\/www.senaatti.fi\/yhteiskuntavastuuraportti2019\/vuosi-2019\/taloudelliset-tavoitteet-ja-tulokset\/\",\"name\":\"Taloudelliset tavoitteet ja tulokset - 2019 - yhteiskuntavastuuraportti\",\"isPartOf\":{\"@id\":\"https:\/\/www.senaatti.fi\/yhteiskuntavastuuraportti2019\/#website\"},\"datePublished\":\"2018-01-29T10:56:54+00:00\",\"dateModified\":\"2024-09-03T07:38:53+00:00\",\"description\":\"Kokonaistulos oli 114 milj. euroa, mik\u00e4 ylitti budjettitavoitteen 41 milj. eurolla. Keskeisin syy tulosylitykseen oli onnistunut kiinteist\u00f6myynti.\",\"breadcrumb\":{\"@id\":\"https:\/\/www.senaatti.fi\/yhteiskuntavastuuraportti2019\/vuosi-2019\/taloudelliset-tavoitteet-ja-tulokset\/#breadcrumb\"},\"inLanguage\":\"en-US\",\"potentialAction\":[{\"@type\":\"ReadAction\",\"target\":[\"https:\/\/www.senaatti.fi\/yhteiskuntavastuuraportti2019\/vuosi-2019\/taloudelliset-tavoitteet-ja-tulokset\/\"]}]},{\"@type\":\"BreadcrumbList\",\"@id\":\"https:\/\/www.senaatti.fi\/yhteiskuntavastuuraportti2019\/vuosi-2019\/taloudelliset-tavoitteet-ja-tulokset\/#breadcrumb\",\"itemListElement\":[{\"@type\":\"ListItem\",\"position\":1,\"name\":\"Home\",\"item\":\"https:\/\/www.senaatti.fi\/yhteiskuntavastuuraportti2019\/\"},{\"@type\":\"ListItem\",\"position\":2,\"name\":\"Vuosi 2019\",\"item\":\"https:\/\/www.senaatti.fi\/yhteiskuntavastuuraportti2019\/vuosi-2019\/\"},{\"@type\":\"ListItem\",\"position\":3,\"name\":\"Taloudelliset tavoitteet ja tulokset\"}]},{\"@type\":\"WebSite\",\"@id\":\"https:\/\/www.senaatti.fi\/yhteiskuntavastuuraportti2019\/#website\",\"url\":\"https:\/\/www.senaatti.fi\/yhteiskuntavastuuraportti2019\/\",\"name\":\"2019 - yhteiskuntavastuuraportti\",\"description\":\"\",\"potentialAction\":[{\"@type\":\"SearchAction\",\"target\":{\"@type\":\"EntryPoint\",\"urlTemplate\":\"https:\/\/www.senaatti.fi\/yhteiskuntavastuuraportti2019\/?s={search_term_string}\"},\"query-input\":{\"@type\":\"PropertyValueSpecification\",\"valueRequired\":true,\"valueName\":\"search_term_string\"}}],\"inLanguage\":\"en-US\"}]}<\/script>\n<!-- \/ Yoast SEO plugin. -->","yoast_head_json":{"title":"Taloudelliset tavoitteet ja tulokset - 2019 - yhteiskuntavastuuraportti","description":"Kokonaistulos oli 114 milj. euroa, mik\u00e4 ylitti budjettitavoitteen 41 milj. eurolla. Keskeisin syy tulosylitykseen oli onnistunut kiinteist\u00f6myynti.","robots":{"index":"index","follow":"follow","max-snippet":"max-snippet:-1","max-image-preview":"max-image-preview:large","max-video-preview":"max-video-preview:-1"},"canonical":"https:\/\/www.senaatti.fi\/yhteiskuntavastuuraportti2019\/vuosi-2019\/taloudelliset-tavoitteet-ja-tulokset\/","og_locale":"en_US","og_type":"article","og_title":"Taloudelliset tavoitteet ja tulokset - 2019 - yhteiskuntavastuuraportti","og_description":"Kokonaistulos oli 114 milj. euroa, mik\u00e4 ylitti budjettitavoitteen 41 milj. eurolla. Keskeisin syy tulosylitykseen oli onnistunut kiinteist\u00f6myynti.","og_url":"https:\/\/www.senaatti.fi\/yhteiskuntavastuuraportti2019\/vuosi-2019\/taloudelliset-tavoitteet-ja-tulokset\/","og_site_name":"2019 - yhteiskuntavastuuraportti","article_modified_time":"2024-09-03T07:38:53+00:00","twitter_card":"summary_large_image","twitter_misc":{"Est. reading time":"2 minutes"},"schema":{"@context":"https:\/\/schema.org","@graph":[{"@type":"WebPage","@id":"https:\/\/www.senaatti.fi\/yhteiskuntavastuuraportti2019\/vuosi-2019\/taloudelliset-tavoitteet-ja-tulokset\/","url":"https:\/\/www.senaatti.fi\/yhteiskuntavastuuraportti2019\/vuosi-2019\/taloudelliset-tavoitteet-ja-tulokset\/","name":"Taloudelliset tavoitteet ja tulokset - 2019 - yhteiskuntavastuuraportti","isPartOf":{"@id":"https:\/\/www.senaatti.fi\/yhteiskuntavastuuraportti2019\/#website"},"datePublished":"2018-01-29T10:56:54+00:00","dateModified":"2024-09-03T07:38:53+00:00","description":"Kokonaistulos oli 114 milj. euroa, mik\u00e4 ylitti budjettitavoitteen 41 milj. eurolla. Keskeisin syy tulosylitykseen oli onnistunut kiinteist\u00f6myynti.","breadcrumb":{"@id":"https:\/\/www.senaatti.fi\/yhteiskuntavastuuraportti2019\/vuosi-2019\/taloudelliset-tavoitteet-ja-tulokset\/#breadcrumb"},"inLanguage":"en-US","potentialAction":[{"@type":"ReadAction","target":["https:\/\/www.senaatti.fi\/yhteiskuntavastuuraportti2019\/vuosi-2019\/taloudelliset-tavoitteet-ja-tulokset\/"]}]},{"@type":"BreadcrumbList","@id":"https:\/\/www.senaatti.fi\/yhteiskuntavastuuraportti2019\/vuosi-2019\/taloudelliset-tavoitteet-ja-tulokset\/#breadcrumb","itemListElement":[{"@type":"ListItem","position":1,"name":"Home","item":"https:\/\/www.senaatti.fi\/yhteiskuntavastuuraportti2019\/"},{"@type":"ListItem","position":2,"name":"Vuosi 2019","item":"https:\/\/www.senaatti.fi\/yhteiskuntavastuuraportti2019\/vuosi-2019\/"},{"@type":"ListItem","position":3,"name":"Taloudelliset tavoitteet ja tulokset"}]},{"@type":"WebSite","@id":"https:\/\/www.senaatti.fi\/yhteiskuntavastuuraportti2019\/#website","url":"https:\/\/www.senaatti.fi\/yhteiskuntavastuuraportti2019\/","name":"2019 - yhteiskuntavastuuraportti","description":"","potentialAction":[{"@type":"SearchAction","target":{"@type":"EntryPoint","urlTemplate":"https:\/\/www.senaatti.fi\/yhteiskuntavastuuraportti2019\/?s={search_term_string}"},"query-input":{"@type":"PropertyValueSpecification","valueRequired":true,"valueName":"search_term_string"}}],"inLanguage":"en-US"}]}},"_links":{"self":[{"href":"https:\/\/www.senaatti.fi\/yhteiskuntavastuuraportti2019\/wp-json\/wp\/v2\/pages\/11","targetHints":{"allow":["GET"]}}],"collection":[{"href":"https:\/\/www.senaatti.fi\/yhteiskuntavastuuraportti2019\/wp-json\/wp\/v2\/pages"}],"about":[{"href":"https:\/\/www.senaatti.fi\/yhteiskuntavastuuraportti2019\/wp-json\/wp\/v2\/types\/page"}],"author":[{"embeddable":true,"href":"https:\/\/www.senaatti.fi\/yhteiskuntavastuuraportti2019\/wp-json\/wp\/v2\/users\/11"}],"replies":[{"embeddable":true,"href":"https:\/\/www.senaatti.fi\/yhteiskuntavastuuraportti2019\/wp-json\/wp\/v2\/comments?post=11"}],"version-history":[{"count":13,"href":"https:\/\/www.senaatti.fi\/yhteiskuntavastuuraportti2019\/wp-json\/wp\/v2\/pages\/11\/revisions"}],"predecessor-version":[{"id":3432,"href":"https:\/\/www.senaatti.fi\/yhteiskuntavastuuraportti2019\/wp-json\/wp\/v2\/pages\/11\/revisions\/3432"}],"up":[{"embeddable":true,"href":"https:\/\/www.senaatti.fi\/yhteiskuntavastuuraportti2019\/wp-json\/wp\/v2\/pages\/5"}],"wp:attachment":[{"href":"https:\/\/www.senaatti.fi\/yhteiskuntavastuuraportti2019\/wp-json\/wp\/v2\/media?parent=11"}],"curies":[{"name":"wp","href":"https:\/\/api.w.org\/{rel}","templated":true}]}}