{"id":107,"date":"2018-01-29T11:20:30","date_gmt":"2018-01-29T11:20:30","guid":{"rendered":"https:\/\/www.senaatti.fi\/yhteiskuntavastuuraportti2019\/?page_id=107"},"modified":"2020-03-24T10:12:36","modified_gmt":"2020-03-24T10:12:36","slug":"esteettomyys","status":"publish","type":"page","link":"https:\/\/www.senaatti.fi\/yhteiskuntavastuuraportti2019\/vastuullisuus-senaatissa\/tyoymparistot\/esteettomyys\/","title":{"rendered":"Esteett\u00f6myys"},"content":{"rendered":"<p>Senaatti-kiinteist\u00f6jen tavoitteena on, ett\u00e4 kiinteist\u00f6mme ovat kaikille k\u00e4vij\u00f6ille ja ty\u00f6ntekij\u00f6ille mahdollisimman esteett\u00f6mi\u00e4 ja saavutettavia.<\/p>\n<p>Uudisrakennushankkeissa tavoitteet asetetaan jopa viranomaism\u00e4\u00e4r\u00e4yksi\u00e4 korkeammalle tasolle. Korjausrakentamishankkeiden alussa teetet\u00e4\u00e4n olemassa olevasta kiinteist\u00f6st\u00e4 esteett\u00f6myyskartoitus. My\u00f6s muissa suunnitteluvaiheissa Senaatti suosittelee k\u00e4ytt\u00e4m\u00e4\u00e4n esteett\u00f6myyskonsulttia arvioimassa ratkaisuiden onnistuminen.<\/p>\n<h2>Valtioneuvoston tiloissa edistet\u00e4\u00e4n esteett\u00f6myytt\u00e4<\/h2>\n<p>Kaikissa \u00e4skett\u00e4in peruskorjatuissa rakennuksissa esteett\u00f6myys on huomioitu v\u00e4himm\u00e4ism\u00e4\u00e4r\u00e4ysten mukaisesti. K\u00e4yt\u00e4nn\u00f6ss\u00e4 t\u00e4m\u00e4 ei kuitenkaan aina riit\u00e4, kun halutaan kaikkien ty\u00f6ntekij\u00f6iden pystyv\u00e4n liikkumaan itsen\u00e4isesti ty\u00f6paikallaan. Lis\u00e4ksi suurin osa ministeri\u00f6iden rakennuksista on kulttuurihistoriallisesti arvokkaita ja vahvasti suojeltuja, mik\u00e4 tuo haasteensa esteett\u00f6myyden toteuttamiselle.<\/p>\n<p>Valtioneuvoston kanslian ja Senaatin esteett\u00f6myysty\u00f6ryhm\u00e4 aloitti toimintansa vuonna 2018. Tavoitteena on parantaa ministeri\u00f6rakennusten esteett\u00f6myytt\u00e4 k\u00e4yt\u00e4nn\u00f6n tasolla, jotta tilat soveltuvat esimerkiksi py\u00f6r\u00e4tuolia k\u00e4ytt\u00e4ville ty\u00f6ntekij\u00f6ille.<\/p>\n<p>Viidest\u00e4 ministeri\u00f6rakennuksesta tilattiin esteett\u00f6myystarkastelut, joiden perusteella saatiin kooste eritasoisista esteett\u00f6myyskorjauksista, aina portaiden k\u00e4sijohteista ja kontrastiraidoista laajoihin sis\u00e4\u00e4nk\u00e4yntij\u00e4rjestelyiden muutoksiin. N\u00e4it\u00e4 ryhdyt\u00e4\u00e4n v\u00e4hitellen toteuttamaan.<\/p>\n<p>K\u00e4ynniss\u00e4 olevien peruskorjaushankkeiden, kuten Smolnan ja Merikasarmin, suunnitelmia on tarkistettu esteett\u00f6myyden kannalta. Yleisen\u00e4 havaintona on ollut, ett\u00e4 m\u00e4\u00e4r\u00e4ysten mukaista v\u00e4himm\u00e4istasoa tavoitellaan kyll\u00e4, mutta juuri itsen\u00e4isess\u00e4 liikkumisessa on puutteita. Lis\u00e4ksi on keskusteltu jatkuvasti kiristyvien turvaj\u00e4rjestelyiden vaikutuksesta esteett\u00f6myyteen. Suurin osa turvasuluista ei toimi py\u00f6r\u00e4tuolin tai muiden apuv\u00e4lineiden kanssa.\u00a0 Peruskorjauksissa on hyv\u00e4 varautua muun maussa p\u00e4\u00e4kulkureittien ovien avausautomatiikkaan. J\u00e4lkik\u00e4teen teht\u00e4v\u00e4t muutokset etenkin oviautomatiikassa ovat osoittautuneet todella haastaviksi.<\/p>\n<p>Esteett\u00f6myysty\u00f6ryhm\u00e4 jatkaa toimintaansa parannuksia v\u00e4hitellen edist\u00e4en.<\/p>\n<h2>Ateneumin taidemuseossa arvostetaan esteett\u00f6myytt\u00e4<\/h2>\n<p><img loading=\"lazy\" decoding=\"async\" class=\"alignnone wp-image-2915 size-full\" src=\"https:\/\/www.senaatti.fi\/app_ykv_archive\/uploads\/sites\/9\/2020\/03\/Ateneum_raput_vaaka-scaled.jpg\" alt=\"Ateneumin p\u00e4\u00e4portaikko, jossa on uudet kaiteet.\" width=\"2560\" height=\"1920\" srcset=\"https:\/\/www.senaatti.fi\/app_ykv_archive\/uploads\/sites\/9\/2020\/03\/Ateneum_raput_vaaka-scaled.jpg 2560w, https:\/\/www.senaatti.fi\/app_ykv_archive\/uploads\/sites\/9\/2020\/03\/Ateneum_raput_vaaka-300x225.jpg 300w, https:\/\/www.senaatti.fi\/app_ykv_archive\/uploads\/sites\/9\/2020\/03\/Ateneum_raput_vaaka-1024x768.jpg 1024w, https:\/\/www.senaatti.fi\/app_ykv_archive\/uploads\/sites\/9\/2020\/03\/Ateneum_raput_vaaka-768x576.jpg 768w, https:\/\/www.senaatti.fi\/app_ykv_archive\/uploads\/sites\/9\/2020\/03\/Ateneum_raput_vaaka-1536x1152.jpg 1536w, https:\/\/www.senaatti.fi\/app_ykv_archive\/uploads\/sites\/9\/2020\/03\/Ateneum_raput_vaaka-2048x1536.jpg 2048w, https:\/\/www.senaatti.fi\/app_ykv_archive\/uploads\/sites\/9\/2020\/03\/Ateneum_raput_vaaka-1600x1200.jpg 1600w, https:\/\/www.senaatti.fi\/app_ykv_archive\/uploads\/sites\/9\/2020\/03\/Ateneum_raput_vaaka-2200x1650.jpg 2200w\" sizes=\"auto, (max-width: 2560px) 100vw, 2560px\" \/><\/p>\n<p>Kansallisgalleria ja Senaatti-kiinteist\u00f6t toteutti loppuvuodesta 2019 kaksi t\u00e4rke\u00e4\u00e4 esteett\u00f6myysparannusta Ateneumin tiloissa: p\u00e4\u00e4portaikkoon lis\u00e4ttiin kaiteet ja n\u00e4yttelysaliin kevythissi.<\/p>\n<p>Esteet\u00f6n n\u00e4yttelykierto on aiemmin katkennut suureen tasoeroon kahden n\u00e4yttelysalin v\u00e4lill\u00e4. Nyt aikaisempien portaiden viereen asennettiin kevythissi, joka k\u00e4tkeytyy matalamman sein\u00e4kkeen taakse.<\/p>\n<p>P\u00e4\u00e4portaan kaiteista k\u00e4ytiin pitk\u00e4 keskustelu Museoviraston kanssa. Aluksi ratkaisu, jossa pilareita kierret\u00e4\u00e4n vinoon suunnatuilla kaiteilla, tuntui hieman erikoiselta. Mallikaiteen avulla havaittiin kuitenkin, ett\u00e4 vinosuuntaus n\u00e4ytt\u00e4\u00e4 paikan p\u00e4\u00e4ll\u00e4 luontevalta ja luo jopa er\u00e4\u00e4nlaista juhlavaa valeperspektiivi\u00e4 yl\u00f6s noustessa.<\/p>\n<p>Turvallisuutta lis\u00e4\u00e4v\u00e4t my\u00f6s kaiteen molemmin puolin asennetut liukuestetarrat, jotka my\u00f6s auttavat havaitsemaan askelman reunan paremmin.<\/p>\n<p>Laadukkaasti suunniteltu ja toteutettu kaidepari on jo osoittautunut k\u00e4yt\u00e4nn\u00f6lliseksi ja k\u00e4vij\u00f6iden turvallisuutta lis\u00e4\u00e4v\u00e4ksi.<\/p>\n<p>Esteett\u00f6myysmuutokset suunnitteli Timo Kiukkola Arkkitehtuuritoimisto B&amp;M Oy:st\u00e4.<\/p>\n<p>&nbsp;<\/p>\n<p>&nbsp;<\/p>\n<p>&nbsp;<\/p>\n<p>&nbsp;<\/p>\n","protected":false},"excerpt":{"rendered":"<p>Senaatti-kiinteist\u00f6jen tavoitteena on, ett\u00e4 kiinteist\u00f6mme ovat kaikille k\u00e4vij\u00f6ille ja ty\u00f6ntekij\u00f6ille mahdollisimman esteett\u00f6mi\u00e4 ja saavutettavia. Uudisrakennushankkeissa tavoitteet asetetaan jopa viranomaism\u00e4\u00e4r\u00e4yksi\u00e4 korkeammalle tasolle. Korjausrakentamishankkeiden alussa teetet\u00e4\u00e4n olemassa olevasta kiinteist\u00f6st\u00e4 esteett\u00f6myyskartoitus. My\u00f6s muissa suunnitteluvaiheissa Senaatti suosittelee k\u00e4ytt\u00e4m\u00e4\u00e4n esteett\u00f6myyskonsulttia arvioimassa ratkaisuiden onnistuminen. Valtioneuvoston tiloissa edistet\u00e4\u00e4n esteett\u00f6myytt\u00e4 Kaikissa \u00e4skett\u00e4in peruskorjatuissa rakennuksissa esteett\u00f6myys on huomioitu v\u00e4himm\u00e4ism\u00e4\u00e4r\u00e4ysten mukaisesti. K\u00e4yt\u00e4nn\u00f6ss\u00e4 t\u00e4m\u00e4 ei kuitenkaan [&hellip;]<\/p>\n","protected":false},"author":11,"featured_media":0,"parent":103,"menu_order":4,"comment_status":"closed","ping_status":"closed","template":"","meta":{"_acf_changed":false,"footnotes":""},"class_list":["post-107","page","type-page","status-publish","hentry","senaatti_tsdg-eriarvoisuuden-vahentaminen","senaatti_tsdg-kestavat-kaupungit-ja-yhteisot","senaatti_tsdg-hyva-koulutus"],"acf":[],"yoast_head":"<!-- This site is optimized with the Yoast SEO plugin v23.9 - https:\/\/yoast.com\/wordpress\/plugins\/seo\/ -->\n<title>Esteett\u00f6myys - 2019 - yhteiskuntavastuuraportti<\/title>\n<meta name=\"description\" content=\"Senaatti-kiinteist\u00f6jen tavoitteena on, ett\u00e4 kiinteist\u00f6mme ovat kaikille k\u00e4vij\u00f6ille ja ty\u00f6ntekij\u00f6ille mahdollisimman esteett\u00f6mi\u00e4 ja saavutettavia.\" \/>\n<meta name=\"robots\" content=\"index, follow, max-snippet:-1, max-image-preview:large, max-video-preview:-1\" \/>\n<link rel=\"canonical\" href=\"https:\/\/www.senaatti.fi\/yhteiskuntavastuuraportti2019\/vastuullisuus-senaatissa\/tyoymparistot\/esteettomyys\/\" \/>\n<meta property=\"og:locale\" content=\"en_US\" \/>\n<meta property=\"og:type\" content=\"article\" \/>\n<meta property=\"og:title\" content=\"Esteett\u00f6myys - 2019 - yhteiskuntavastuuraportti\" \/>\n<meta property=\"og:description\" content=\"Senaatti-kiinteist\u00f6jen tavoitteena on, ett\u00e4 kiinteist\u00f6mme ovat kaikille k\u00e4vij\u00f6ille ja ty\u00f6ntekij\u00f6ille mahdollisimman esteett\u00f6mi\u00e4 ja saavutettavia.\" \/>\n<meta property=\"og:url\" content=\"https:\/\/www.senaatti.fi\/yhteiskuntavastuuraportti2019\/vastuullisuus-senaatissa\/tyoymparistot\/esteettomyys\/\" \/>\n<meta property=\"og:site_name\" content=\"2019 - yhteiskuntavastuuraportti\" \/>\n<meta property=\"article:modified_time\" content=\"2020-03-24T10:12:36+00:00\" \/>\n<meta property=\"og:image\" content=\"https:\/\/www.senaatti.fi\/app_ykv_archive\/uploads\/sites\/9\/2020\/03\/Ateneum_raput_vaaka-scaled.jpg\" \/>\n<meta name=\"twitter:card\" content=\"summary_large_image\" \/>\n<meta name=\"twitter:label1\" content=\"Est. reading time\" \/>\n\t<meta name=\"twitter:data1\" content=\"2 minutes\" \/>\n<script type=\"application\/ld+json\" class=\"yoast-schema-graph\">{\"@context\":\"https:\/\/schema.org\",\"@graph\":[{\"@type\":\"WebPage\",\"@id\":\"https:\/\/www.senaatti.fi\/yhteiskuntavastuuraportti2019\/vastuullisuus-senaatissa\/tyoymparistot\/esteettomyys\/\",\"url\":\"https:\/\/www.senaatti.fi\/yhteiskuntavastuuraportti2019\/vastuullisuus-senaatissa\/tyoymparistot\/esteettomyys\/\",\"name\":\"Esteett\u00f6myys - 2019 - yhteiskuntavastuuraportti\",\"isPartOf\":{\"@id\":\"https:\/\/www.senaatti.fi\/yhteiskuntavastuuraportti2019\/#website\"},\"primaryImageOfPage\":{\"@id\":\"https:\/\/www.senaatti.fi\/yhteiskuntavastuuraportti2019\/vastuullisuus-senaatissa\/tyoymparistot\/esteettomyys\/#primaryimage\"},\"image\":{\"@id\":\"https:\/\/www.senaatti.fi\/yhteiskuntavastuuraportti2019\/vastuullisuus-senaatissa\/tyoymparistot\/esteettomyys\/#primaryimage\"},\"thumbnailUrl\":\"https:\/\/www.senaatti.fi\/app_ykv_archive\/uploads\/sites\/9\/2020\/03\/Ateneum_raput_vaaka-scaled.jpg\",\"datePublished\":\"2018-01-29T11:20:30+00:00\",\"dateModified\":\"2020-03-24T10:12:36+00:00\",\"description\":\"Senaatti-kiinteist\u00f6jen tavoitteena on, ett\u00e4 kiinteist\u00f6mme ovat kaikille k\u00e4vij\u00f6ille ja ty\u00f6ntekij\u00f6ille mahdollisimman esteett\u00f6mi\u00e4 ja saavutettavia.\",\"breadcrumb\":{\"@id\":\"https:\/\/www.senaatti.fi\/yhteiskuntavastuuraportti2019\/vastuullisuus-senaatissa\/tyoymparistot\/esteettomyys\/#breadcrumb\"},\"inLanguage\":\"en-US\",\"potentialAction\":[{\"@type\":\"ReadAction\",\"target\":[\"https:\/\/www.senaatti.fi\/yhteiskuntavastuuraportti2019\/vastuullisuus-senaatissa\/tyoymparistot\/esteettomyys\/\"]}]},{\"@type\":\"ImageObject\",\"inLanguage\":\"en-US\",\"@id\":\"https:\/\/www.senaatti.fi\/yhteiskuntavastuuraportti2019\/vastuullisuus-senaatissa\/tyoymparistot\/esteettomyys\/#primaryimage\",\"url\":\"https:\/\/www.senaatti.fi\/app_ykv_archive\/uploads\/sites\/9\/2020\/03\/Ateneum_raput_vaaka-scaled.jpg\",\"contentUrl\":\"https:\/\/www.senaatti.fi\/app_ykv_archive\/uploads\/sites\/9\/2020\/03\/Ateneum_raput_vaaka-scaled.jpg\"},{\"@type\":\"BreadcrumbList\",\"@id\":\"https:\/\/www.senaatti.fi\/yhteiskuntavastuuraportti2019\/vastuullisuus-senaatissa\/tyoymparistot\/esteettomyys\/#breadcrumb\",\"itemListElement\":[{\"@type\":\"ListItem\",\"position\":1,\"name\":\"Home\",\"item\":\"https:\/\/www.senaatti.fi\/yhteiskuntavastuuraportti2019\/\"},{\"@type\":\"ListItem\",\"position\":2,\"name\":\"Vastuullisuus Senaatissa\",\"item\":\"https:\/\/www.senaatti.fi\/yhteiskuntavastuuraportti2019\/vastuullisuus-senaatissa\/\"},{\"@type\":\"ListItem\",\"position\":3,\"name\":\"Ty\u00f6ymp\u00e4rist\u00f6t\",\"item\":\"https:\/\/www.senaatti.fi\/yhteiskuntavastuuraportti2019\/vastuullisuus-senaatissa\/tyoymparistot\/\"},{\"@type\":\"ListItem\",\"position\":4,\"name\":\"Esteett\u00f6myys\"}]},{\"@type\":\"WebSite\",\"@id\":\"https:\/\/www.senaatti.fi\/yhteiskuntavastuuraportti2019\/#website\",\"url\":\"https:\/\/www.senaatti.fi\/yhteiskuntavastuuraportti2019\/\",\"name\":\"2019 - yhteiskuntavastuuraportti\",\"description\":\"\",\"potentialAction\":[{\"@type\":\"SearchAction\",\"target\":{\"@type\":\"EntryPoint\",\"urlTemplate\":\"https:\/\/www.senaatti.fi\/yhteiskuntavastuuraportti2019\/?s={search_term_string}\"},\"query-input\":{\"@type\":\"PropertyValueSpecification\",\"valueRequired\":true,\"valueName\":\"search_term_string\"}}],\"inLanguage\":\"en-US\"}]}<\/script>\n<!-- \/ Yoast SEO plugin. -->","yoast_head_json":{"title":"Esteett\u00f6myys - 2019 - yhteiskuntavastuuraportti","description":"Senaatti-kiinteist\u00f6jen tavoitteena on, ett\u00e4 kiinteist\u00f6mme ovat kaikille k\u00e4vij\u00f6ille ja ty\u00f6ntekij\u00f6ille mahdollisimman esteett\u00f6mi\u00e4 ja saavutettavia.","robots":{"index":"index","follow":"follow","max-snippet":"max-snippet:-1","max-image-preview":"max-image-preview:large","max-video-preview":"max-video-preview:-1"},"canonical":"https:\/\/www.senaatti.fi\/yhteiskuntavastuuraportti2019\/vastuullisuus-senaatissa\/tyoymparistot\/esteettomyys\/","og_locale":"en_US","og_type":"article","og_title":"Esteett\u00f6myys - 2019 - yhteiskuntavastuuraportti","og_description":"Senaatti-kiinteist\u00f6jen tavoitteena on, ett\u00e4 kiinteist\u00f6mme ovat kaikille k\u00e4vij\u00f6ille ja ty\u00f6ntekij\u00f6ille mahdollisimman esteett\u00f6mi\u00e4 ja saavutettavia.","og_url":"https:\/\/www.senaatti.fi\/yhteiskuntavastuuraportti2019\/vastuullisuus-senaatissa\/tyoymparistot\/esteettomyys\/","og_site_name":"2019 - yhteiskuntavastuuraportti","article_modified_time":"2020-03-24T10:12:36+00:00","og_image":[{"url":"https:\/\/www.senaatti.fi\/app_ykv_archive\/uploads\/sites\/9\/2020\/03\/Ateneum_raput_vaaka-scaled.jpg"}],"twitter_card":"summary_large_image","twitter_misc":{"Est. reading time":"2 minutes"},"schema":{"@context":"https:\/\/schema.org","@graph":[{"@type":"WebPage","@id":"https:\/\/www.senaatti.fi\/yhteiskuntavastuuraportti2019\/vastuullisuus-senaatissa\/tyoymparistot\/esteettomyys\/","url":"https:\/\/www.senaatti.fi\/yhteiskuntavastuuraportti2019\/vastuullisuus-senaatissa\/tyoymparistot\/esteettomyys\/","name":"Esteett\u00f6myys - 2019 - yhteiskuntavastuuraportti","isPartOf":{"@id":"https:\/\/www.senaatti.fi\/yhteiskuntavastuuraportti2019\/#website"},"primaryImageOfPage":{"@id":"https:\/\/www.senaatti.fi\/yhteiskuntavastuuraportti2019\/vastuullisuus-senaatissa\/tyoymparistot\/esteettomyys\/#primaryimage"},"image":{"@id":"https:\/\/www.senaatti.fi\/yhteiskuntavastuuraportti2019\/vastuullisuus-senaatissa\/tyoymparistot\/esteettomyys\/#primaryimage"},"thumbnailUrl":"https:\/\/www.senaatti.fi\/app_ykv_archive\/uploads\/sites\/9\/2020\/03\/Ateneum_raput_vaaka-scaled.jpg","datePublished":"2018-01-29T11:20:30+00:00","dateModified":"2020-03-24T10:12:36+00:00","description":"Senaatti-kiinteist\u00f6jen tavoitteena on, ett\u00e4 kiinteist\u00f6mme ovat kaikille k\u00e4vij\u00f6ille ja ty\u00f6ntekij\u00f6ille mahdollisimman esteett\u00f6mi\u00e4 ja saavutettavia.","breadcrumb":{"@id":"https:\/\/www.senaatti.fi\/yhteiskuntavastuuraportti2019\/vastuullisuus-senaatissa\/tyoymparistot\/esteettomyys\/#breadcrumb"},"inLanguage":"en-US","potentialAction":[{"@type":"ReadAction","target":["https:\/\/www.senaatti.fi\/yhteiskuntavastuuraportti2019\/vastuullisuus-senaatissa\/tyoymparistot\/esteettomyys\/"]}]},{"@type":"ImageObject","inLanguage":"en-US","@id":"https:\/\/www.senaatti.fi\/yhteiskuntavastuuraportti2019\/vastuullisuus-senaatissa\/tyoymparistot\/esteettomyys\/#primaryimage","url":"https:\/\/www.senaatti.fi\/app_ykv_archive\/uploads\/sites\/9\/2020\/03\/Ateneum_raput_vaaka-scaled.jpg","contentUrl":"https:\/\/www.senaatti.fi\/app_ykv_archive\/uploads\/sites\/9\/2020\/03\/Ateneum_raput_vaaka-scaled.jpg"},{"@type":"BreadcrumbList","@id":"https:\/\/www.senaatti.fi\/yhteiskuntavastuuraportti2019\/vastuullisuus-senaatissa\/tyoymparistot\/esteettomyys\/#breadcrumb","itemListElement":[{"@type":"ListItem","position":1,"name":"Home","item":"https:\/\/www.senaatti.fi\/yhteiskuntavastuuraportti2019\/"},{"@type":"ListItem","position":2,"name":"Vastuullisuus Senaatissa","item":"https:\/\/www.senaatti.fi\/yhteiskuntavastuuraportti2019\/vastuullisuus-senaatissa\/"},{"@type":"ListItem","position":3,"name":"Ty\u00f6ymp\u00e4rist\u00f6t","item":"https:\/\/www.senaatti.fi\/yhteiskuntavastuuraportti2019\/vastuullisuus-senaatissa\/tyoymparistot\/"},{"@type":"ListItem","position":4,"name":"Esteett\u00f6myys"}]},{"@type":"WebSite","@id":"https:\/\/www.senaatti.fi\/yhteiskuntavastuuraportti2019\/#website","url":"https:\/\/www.senaatti.fi\/yhteiskuntavastuuraportti2019\/","name":"2019 - yhteiskuntavastuuraportti","description":"","potentialAction":[{"@type":"SearchAction","target":{"@type":"EntryPoint","urlTemplate":"https:\/\/www.senaatti.fi\/yhteiskuntavastuuraportti2019\/?s={search_term_string}"},"query-input":{"@type":"PropertyValueSpecification","valueRequired":true,"valueName":"search_term_string"}}],"inLanguage":"en-US"}]}},"_links":{"self":[{"href":"https:\/\/www.senaatti.fi\/yhteiskuntavastuuraportti2019\/wp-json\/wp\/v2\/pages\/107","targetHints":{"allow":["GET"]}}],"collection":[{"href":"https:\/\/www.senaatti.fi\/yhteiskuntavastuuraportti2019\/wp-json\/wp\/v2\/pages"}],"about":[{"href":"https:\/\/www.senaatti.fi\/yhteiskuntavastuuraportti2019\/wp-json\/wp\/v2\/types\/page"}],"author":[{"embeddable":true,"href":"https:\/\/www.senaatti.fi\/yhteiskuntavastuuraportti2019\/wp-json\/wp\/v2\/users\/11"}],"replies":[{"embeddable":true,"href":"https:\/\/www.senaatti.fi\/yhteiskuntavastuuraportti2019\/wp-json\/wp\/v2\/comments?post=107"}],"version-history":[{"count":10,"href":"https:\/\/www.senaatti.fi\/yhteiskuntavastuuraportti2019\/wp-json\/wp\/v2\/pages\/107\/revisions"}],"predecessor-version":[{"id":2914,"href":"https:\/\/www.senaatti.fi\/yhteiskuntavastuuraportti2019\/wp-json\/wp\/v2\/pages\/107\/revisions\/2914"}],"up":[{"embeddable":true,"href":"https:\/\/www.senaatti.fi\/yhteiskuntavastuuraportti2019\/wp-json\/wp\/v2\/pages\/103"}],"wp:attachment":[{"href":"https:\/\/www.senaatti.fi\/yhteiskuntavastuuraportti2019\/wp-json\/wp\/v2\/media?parent=107"}],"curies":[{"name":"wp","href":"https:\/\/api.w.org\/{rel}","templated":true}]}}