{"id":93,"date":"2018-01-29T11:09:52","date_gmt":"2018-01-29T11:09:52","guid":{"rendered":"https:\/\/www.senaatti.fi\/yhteiskuntavastuuraportti2018\/?page_id=93"},"modified":"2024-08-30T13:46:34","modified_gmt":"2024-08-30T13:46:34","slug":"kestava-rakentaminen","status":"publish","type":"page","link":"https:\/\/www.senaatti.fi\/yhteiskuntavastuuraportti2018\/vastuullisuus-senaatissa\/ymparisto\/kestava-rakentaminen\/","title":{"rendered":"Kest\u00e4v\u00e4 rakentaminen"},"content":{"rendered":"<p>Senaatissa vuonna 2017 k\u00e4ytt\u00f6\u00f6notetun RT-ymp\u00e4rist\u00f6ty\u00f6kalun k\u00e4ytt\u00f6\u00e4 laajennettiin edelleen. Kyseess\u00e4 on Suomen olosuhteisiin kehitetty rakennushankkeiden luokitusj\u00e4rjestelm\u00e4, jonka kriteerit ohjaavat hankkeita parempaan laatuun ja ymp\u00e4rist\u00f6vaikutusten minimointiin. Kriteerist\u00f6 sis\u00e4lt\u00e4\u00e4 tavoitteita energiatehokkuudelle, elinkaaren ymp\u00e4rist\u00f6vaikutuksille, sis\u00e4olosuhteille, yll\u00e4pidett\u00e4vyydelle sek\u00e4 kosteuden- ja puhtaudenhallinnalle. Tavoitetasot asetetaan hankekohtaisesti, mutta vuoden 2018 aikana on my\u00f6s linjattu tietyt kriteerit ja niiden tasot, joihin Senaatin hankkeissa jatkossa aina t\u00e4hd\u00e4t\u00e4\u00e4n.<\/p>\n<blockquote><p>Vuonna 2018 RT-ymp\u00e4rist\u00f6ty\u00f6kalua hy\u00f6dynnettiin yhteens\u00e4 27 hankkeessa.<\/p><\/blockquote>\n<p>Tyypillinen hanke saa j\u00e4rjestelm\u00e4n mukaan luokituksekseen vain kaksi t\u00e4hte\u00e4 viidest\u00e4. Yksitt\u00e4inen eniten luokitusta nostava toimenpide on suunniteltavan tai korjattavan kohteen elinkaaren hiilijalanj\u00e4lkilaskelman tuottaminen. T\u00e4m\u00e4 onkin asetettu tavoitteeksi vuonna 2019 huomattavasti nykyist\u00e4 useammassa hankkeessa. Osa suurista uudis- ja peruskorjaushankkeista on asettanut tavoitteekseen nelj\u00e4 t\u00e4hte\u00e4. Senaatin hallinnoimien rakennusten monimuotoisuus ja erityislaatuisuus sek\u00e4 hankkeiden keskin\u00e4inen erilaisuus asettavat kuitenkin haasteita toiminnan ohjaamiselle ainoastaan RT-ty\u00f6kalun avulla.<\/p>\n<h2>Senaatti mukana EU:n Level(s) -projektissa<\/h2>\n<p>Vuonna 2018 Senaatti osallistui kahdella hankkeella yhteisten eurooppalaisten kest\u00e4v\u00e4n rakentamisen indikaattorien testaukseen EU:n Level(s)-projektissa.<\/p>\n<p>Helsingiss\u00e4 sijaitsevan Suomalais-ven\u00e4l\u00e4isen koulun hankkeessa testattiin erityisesti rakennusmateriaalien hiilijalanj\u00e4ljen laskentaa ja saatiin tietoa materiaalivalintojen ja suunnitteluratkaisujen p\u00e4\u00e4st\u00f6vaikutuksista.<\/p>\n<p>Vuorelan koulukodin Opistola-rakennuksen peruskorjaushankkeessa Vihdiss\u00e4 keskityttiin purkukatselmuksen pilotointiin ja purkuj\u00e4tteen raportointiin.<\/p>\n<p>Level(s)-testauksessa on mukana 136 rakennushanketta 21 EU-maasta. Projekti t\u00e4ht\u00e4\u00e4 yhteisten k\u00e4sitteiden ja vertailukelpoisten mittareiden kehitt\u00e4miseen sek\u00e4 ilmastotietoisen kest\u00e4v\u00e4n rakentamisen osaamisen nostamiseen Euroopassa.<\/p>\n<figure id=\"attachment_2142\" aria-describedby=\"caption-attachment-2142\" style=\"width: 1231px\" class=\"wp-caption alignnone\"><img loading=\"lazy\" decoding=\"async\" class=\"wp-image-2142 size-full\" src=\"https:\/\/www.senaatti.fi\/app_ykv_archive\/uploads\/sites\/7\/2019\/03\/Suomalais-ven\u00e4l\u00e4inen-koulu-liikuntahalli.jpg\" alt=\"Havainnekuva Suomalais-ven\u00e4l\u00e4isen koulun viereisest\u00e4 liikunahallista\" width=\"1231\" height=\"721\" srcset=\"https:\/\/www.senaatti.fi\/app_ykv_archive\/uploads\/sites\/7\/2019\/03\/Suomalais-ven\u00e4l\u00e4inen-koulu-liikuntahalli.jpg 1231w, https:\/\/www.senaatti.fi\/app_ykv_archive\/uploads\/sites\/7\/2019\/03\/Suomalais-ven\u00e4l\u00e4inen-koulu-liikuntahalli-300x176.jpg 300w, https:\/\/www.senaatti.fi\/app_ykv_archive\/uploads\/sites\/7\/2019\/03\/Suomalais-ven\u00e4l\u00e4inen-koulu-liikuntahalli-768x450.jpg 768w, https:\/\/www.senaatti.fi\/app_ykv_archive\/uploads\/sites\/7\/2019\/03\/Suomalais-ven\u00e4l\u00e4inen-koulu-liikuntahalli-1024x600.jpg 1024w\" sizes=\"auto, (max-width: 1231px) 100vw, 1231px\" \/><figcaption id=\"caption-attachment-2142\" class=\"wp-caption-text\"><strong>Case: Suomalais-ven\u00e4l\u00e4isen koulun vastuullinen kokonaisuus.<\/strong> Vuonna 2018 teimme p\u00e4\u00e4t\u00f6kset Suomalais-ven\u00e4l\u00e4isen koulun uudisrakennuksen rakennuttamisesta sek\u00e4 koulun liikuntatilojen toteuttamisesta monen k\u00e4ytt\u00e4j\u00e4n liikuntahallin muodossa. Suomalais-ven\u00e4l\u00e4isen koulun hankkeessa vastuullisuuteen on kiinnitetty erityist\u00e4 huomiota, sill\u00e4 koulurakennuksen rungoksi valittiin v\u00e4h\u00e4hiilisin vaihtoehto ja koulun liikuntatilat p\u00e4\u00e4tettiin toteuttaa uudella korkean k\u00e4ytt\u00f6asteen mahdollistavalla tavalla. Koko koulu on siirtym\u00e4ss\u00e4 syyslukukaudesta 2019 alkaen v\u00e4ist\u00f6tiloihin uuden koulun rakentamisen ajaksi. Uuden koulun sek\u00e4 liikuntahallin on tarkoitus valmistua syksyksi 2021.Havainnekuva Suomalais-ven\u00e4l\u00e4isen koulun viereisest\u00e4 liikuntahallista. Kuvan Copyright \u00a9 Lehto Group Oyj.<a href=\"https:\/\/www.senaatti.fi\/yhteiskuntavastuuraportti2018\/suomalais-venalaisen-koulun-vastuullinen-kokonaisuus\/\"> Lue lis\u00e4\u00e4: Suomalais-ven\u00e4l\u00e4isen koulun vastuullinen kokonaisuus<\/a><\/figcaption><\/figure>\n<h2>Ymp\u00e4rist\u00f6tietoa ty\u00f6mailta s\u00e4\u00e4nn\u00f6llisell\u00e4 raportoinnilla<\/h2>\n<p>Rakentamisen ymp\u00e4rist\u00f6vaikutusten minimointia ja kest\u00e4v\u00e4\u00e4 rakennuttamista kehitet\u00e4\u00e4n Senaatti-kiinteist\u00f6iss\u00e4 aktiivisesti. L\u00e4ht\u00f6kohtaisesti kaikki yli miljoonan euron rakennushankkeet raportoivat kvartaaleittain energian- ja vedenkulutuksestaan, syntyneist\u00e4 j\u00e4tteist\u00e4 sek\u00e4 talonrakennusty\u00f6maan ty\u00f6turvallisuuden havaintomenetelm\u00e4n (TR-mittauksen) tuloksista ja tapaturmista.<\/p>\n<p>Vuonna 2018 raportoinnin laajuutta muutettiin kattamaan vain uudisrakennus- ja peruskorjaushankkeet, jotta saatavat tulokset olisivat aiempaa vertailukelpoisempia. T\u00e4m\u00e4n vuoksi raportoitavien hankkeiden m\u00e4\u00e4r\u00e4 putosi vuodesta 2017, kun seurannan ulkopuolelle j\u00e4iv\u00e4t muun muassa pienemm\u00e4t tilamuutoshankkeet. Vuoden 2018 aikana yhteens\u00e4 8 uudishanketta ja 16 korjaushanketta raportoivat toiminnastaan. Kuluvana vuonna raportoinnin hankerajausta kuitenkin laajennetaan, jotta useamman hankkeen tiedot saadaan mukaan vertailuun.<\/p>\n<h2>Ty\u00f6turvallisuus rakennusty\u00f6mailla<\/h2>\n<p>Rakennusty\u00f6maiden turvallisuutta seurataan Senaatti-kiinteist\u00f6iss\u00e4 TR-mittausten eli ty\u00f6turvallisuuden havainnointimenetelm\u00e4n avulla. Tavoitteeksi asetettu v\u00e4hint\u00e4\u00e4n 95 % TR-taso saavutettiin vuonna 2018. Vuoden aikana seurannan piiriss\u00e4 olleilla ty\u00f6mailla tapahtui urakoitsijoilla yhteens\u00e4 4 tapaturmaa ja 5 l\u00e4helt\u00e4 piti -tilannetta. Tapaturmataajuus oli 12 tapaturmaa miljoonaa ty\u00f6tuntia kohden, mik\u00e4 alittaa Senaatin tavoitteen eli alle 20 ty\u00f6tapaturmaa miljoonaa ty\u00f6tuntia kohden.<\/p>\n<p>Kaikissa Senaatin rakennushankkeissa on k\u00e4yt\u00f6ss\u00e4 Senaatin kehitt\u00e4m\u00e4 rakennuttajan ty\u00f6turvallisuusasiakirja, johon on kirjattu rakennuttajan ty\u00f6turvallisuuteen liittyv\u00e4t vaatimukset sek\u00e4 tahtotila, joiden edellytet\u00e4\u00e4n ilmenev\u00e4n urakoitsijan laatimassa hankekohtaisessa ty\u00f6turvallisuussuunnitelmassa. Ty\u00f6turvallisuusasiakirjan mallipohja on my\u00f6s vapaasti ladattavissa Senaatin\u00a0<a href=\"https:\/\/senaatti.materialbank.net\/NiboWEB\/senaatti\/frontpage.do?j_username=senaatti\/vierailija&amp;j_password=EC5Y59bq&amp;lang=default&amp;directLogin=true\" target=\"_blank\" rel=\"noopener noreferrer\">materiaalipankissa<\/a>.<\/p>\n<table class=\"senaatti-table senaatti-table--striped senaatti-table--responsive-stacked rwd-table table table-bordered table-striped migrated-chart-table\">\n<caption>Tapaturmataajuus<\/caption>\n<thead>\n<tr>\n<th>Vuosi<\/th>\n<th>Tapaturmataajuus<\/th>\n<th>Tapaturmataajuuden tavoite<\/th>\n<\/tr>\n<\/thead>\n<tbody>\n<tr>\n<td>2014<\/td>\n<td>42<\/td>\n<td>20<\/td>\n<\/tr>\n<tr>\n<td>2015<\/td>\n<td>17<\/td>\n<td>20<\/td>\n<\/tr>\n<tr>\n<td>2016<\/td>\n<td>26<\/td>\n<td>20<\/td>\n<\/tr>\n<tr>\n<td>2017<\/td>\n<td>18<\/td>\n<td>20<\/td>\n<\/tr>\n<tr>\n<td>2018<\/td>\n<td>12<\/td>\n<td>20<\/td>\n<\/tr>\n<\/tbody>\n<\/table>\n<h2>Valtio ohjaa rakennuttamista<\/h2>\n<p>Senaatin toimintaa ohjaa Valtioneuvoston periaatep\u00e4\u00e4t\u00f6s energiatehokkuuden ja ymp\u00e4rist\u00f6vaikutusten huomioimisesta julkisissa hankinnoissa. Uudisrakentamisessa Senaatti rakentaa m\u00e4\u00e4r\u00e4ysten mukaisesti l\u00e4hes nollaenergiarakennuksia vuodesta 2018 l\u00e4htien. Uudistavassa peruskorjaamisessa tavoitteenamme on energiankulutuksen v\u00e4hent\u00e4minen 15 prosentilla Valtioneuvoston m\u00e4\u00e4rittelemist\u00e4 vaatimuksista.<\/p>\n","protected":false},"excerpt":{"rendered":"<p>Senaatissa vuonna 2017 k\u00e4ytt\u00f6\u00f6notetun RT-ymp\u00e4rist\u00f6ty\u00f6kalun k\u00e4ytt\u00f6\u00e4 laajennettiin edelleen. Kyseess\u00e4 on Suomen olosuhteisiin kehitetty rakennushankkeiden luokitusj\u00e4rjestelm\u00e4, jonka kriteerit ohjaavat hankkeita parempaan laatuun ja ymp\u00e4rist\u00f6vaikutusten minimointiin. Kriteerist\u00f6 sis\u00e4lt\u00e4\u00e4 tavoitteita energiatehokkuudelle, elinkaaren ymp\u00e4rist\u00f6vaikutuksille, sis\u00e4olosuhteille, yll\u00e4pidett\u00e4vyydelle sek\u00e4 kosteuden- ja puhtaudenhallinnalle. Tavoitetasot asetetaan hankekohtaisesti, mutta vuoden 2018 aikana on my\u00f6s linjattu tietyt kriteerit ja niiden tasot, joihin Senaatin hankkeissa jatkossa [&hellip;]<\/p>\n","protected":false},"author":11,"featured_media":0,"parent":81,"menu_order":6,"comment_status":"closed","ping_status":"closed","template":"","meta":{"_acf_changed":false,"footnotes":""},"class_list":["post-93","page","type-page","status-publish","hentry","senaatti_tsdg-vastuullista-kuluttamista","senaatti_tsdg-ihmisarvoista-tyota-ja-talouskasvua"],"acf":[],"yoast_head":"<!-- This site is optimized with the Yoast SEO plugin v23.9 - https:\/\/yoast.com\/wordpress\/plugins\/seo\/ -->\n<title>Kest\u00e4v\u00e4 rakentaminen - Yhteiskuntavastuuraportti 2018<\/title>\n<meta name=\"robots\" content=\"index, follow, max-snippet:-1, max-image-preview:large, max-video-preview:-1\" \/>\n<link rel=\"canonical\" href=\"https:\/\/www.senaatti.fi\/yhteiskuntavastuuraportti2018\/vastuullisuus-senaatissa\/ymparisto\/kestava-rakentaminen\/\" \/>\n<meta property=\"og:locale\" content=\"en_US\" \/>\n<meta property=\"og:type\" content=\"article\" \/>\n<meta property=\"og:title\" content=\"Kest\u00e4v\u00e4 rakentaminen - Yhteiskuntavastuuraportti 2018\" \/>\n<meta property=\"og:description\" content=\"Senaatissa vuonna 2017 k\u00e4ytt\u00f6\u00f6notetun RT-ymp\u00e4rist\u00f6ty\u00f6kalun k\u00e4ytt\u00f6\u00e4 laajennettiin edelleen. Kyseess\u00e4 on Suomen olosuhteisiin kehitetty rakennushankkeiden luokitusj\u00e4rjestelm\u00e4, jonka kriteerit ohjaavat hankkeita parempaan laatuun ja ymp\u00e4rist\u00f6vaikutusten minimointiin. Kriteerist\u00f6 sis\u00e4lt\u00e4\u00e4 tavoitteita energiatehokkuudelle, elinkaaren ymp\u00e4rist\u00f6vaikutuksille, sis\u00e4olosuhteille, yll\u00e4pidett\u00e4vyydelle sek\u00e4 kosteuden- ja puhtaudenhallinnalle. Tavoitetasot asetetaan hankekohtaisesti, mutta vuoden 2018 aikana on my\u00f6s linjattu tietyt kriteerit ja niiden tasot, joihin Senaatin hankkeissa jatkossa [&hellip;]\" \/>\n<meta property=\"og:url\" content=\"https:\/\/www.senaatti.fi\/yhteiskuntavastuuraportti2018\/vastuullisuus-senaatissa\/ymparisto\/kestava-rakentaminen\/\" \/>\n<meta property=\"og:site_name\" content=\"Yhteiskuntavastuuraportti 2018\" \/>\n<meta property=\"article:modified_time\" content=\"2024-08-30T13:46:34+00:00\" \/>\n<meta name=\"twitter:card\" content=\"summary_large_image\" \/>\n<meta name=\"twitter:label1\" content=\"Est. reading time\" \/>\n\t<meta name=\"twitter:data1\" content=\"3 minutes\" \/>\n<script type=\"application\/ld+json\" class=\"yoast-schema-graph\">{\"@context\":\"https:\/\/schema.org\",\"@graph\":[{\"@type\":\"WebPage\",\"@id\":\"https:\/\/www.senaatti.fi\/yhteiskuntavastuuraportti2018\/vastuullisuus-senaatissa\/ymparisto\/kestava-rakentaminen\/\",\"url\":\"https:\/\/www.senaatti.fi\/yhteiskuntavastuuraportti2018\/vastuullisuus-senaatissa\/ymparisto\/kestava-rakentaminen\/\",\"name\":\"Kest\u00e4v\u00e4 rakentaminen - Yhteiskuntavastuuraportti 2018\",\"isPartOf\":{\"@id\":\"https:\/\/www.senaatti.fi\/yhteiskuntavastuuraportti2018\/#website\"},\"datePublished\":\"2018-01-29T11:09:52+00:00\",\"dateModified\":\"2024-08-30T13:46:34+00:00\",\"breadcrumb\":{\"@id\":\"https:\/\/www.senaatti.fi\/yhteiskuntavastuuraportti2018\/vastuullisuus-senaatissa\/ymparisto\/kestava-rakentaminen\/#breadcrumb\"},\"inLanguage\":\"en-US\",\"potentialAction\":[{\"@type\":\"ReadAction\",\"target\":[\"https:\/\/www.senaatti.fi\/yhteiskuntavastuuraportti2018\/vastuullisuus-senaatissa\/ymparisto\/kestava-rakentaminen\/\"]}]},{\"@type\":\"BreadcrumbList\",\"@id\":\"https:\/\/www.senaatti.fi\/yhteiskuntavastuuraportti2018\/vastuullisuus-senaatissa\/ymparisto\/kestava-rakentaminen\/#breadcrumb\",\"itemListElement\":[{\"@type\":\"ListItem\",\"position\":1,\"name\":\"Home\",\"item\":\"https:\/\/www.senaatti.fi\/yhteiskuntavastuuraportti2018\/\"},{\"@type\":\"ListItem\",\"position\":2,\"name\":\"Vastuullisuus Senaatissa\",\"item\":\"https:\/\/www.senaatti.fi\/yhteiskuntavastuuraportti2018\/vastuullisuus-senaatissa\/\"},{\"@type\":\"ListItem\",\"position\":3,\"name\":\"Ymp\u00e4rist\u00f6\",\"item\":\"https:\/\/www.senaatti.fi\/yhteiskuntavastuuraportti2018\/vastuullisuus-senaatissa\/ymparisto\/\"},{\"@type\":\"ListItem\",\"position\":4,\"name\":\"Kest\u00e4v\u00e4 rakentaminen\"}]},{\"@type\":\"WebSite\",\"@id\":\"https:\/\/www.senaatti.fi\/yhteiskuntavastuuraportti2018\/#website\",\"url\":\"https:\/\/www.senaatti.fi\/yhteiskuntavastuuraportti2018\/\",\"name\":\"Yhteiskuntavastuuraportti 2018\",\"description\":\"\",\"potentialAction\":[{\"@type\":\"SearchAction\",\"target\":{\"@type\":\"EntryPoint\",\"urlTemplate\":\"https:\/\/www.senaatti.fi\/yhteiskuntavastuuraportti2018\/?s={search_term_string}\"},\"query-input\":{\"@type\":\"PropertyValueSpecification\",\"valueRequired\":true,\"valueName\":\"search_term_string\"}}],\"inLanguage\":\"en-US\"}]}<\/script>\n<!-- \/ Yoast SEO plugin. -->","yoast_head_json":{"title":"Kest\u00e4v\u00e4 rakentaminen - Yhteiskuntavastuuraportti 2018","robots":{"index":"index","follow":"follow","max-snippet":"max-snippet:-1","max-image-preview":"max-image-preview:large","max-video-preview":"max-video-preview:-1"},"canonical":"https:\/\/www.senaatti.fi\/yhteiskuntavastuuraportti2018\/vastuullisuus-senaatissa\/ymparisto\/kestava-rakentaminen\/","og_locale":"en_US","og_type":"article","og_title":"Kest\u00e4v\u00e4 rakentaminen - Yhteiskuntavastuuraportti 2018","og_description":"Senaatissa vuonna 2017 k\u00e4ytt\u00f6\u00f6notetun RT-ymp\u00e4rist\u00f6ty\u00f6kalun k\u00e4ytt\u00f6\u00e4 laajennettiin edelleen. Kyseess\u00e4 on Suomen olosuhteisiin kehitetty rakennushankkeiden luokitusj\u00e4rjestelm\u00e4, jonka kriteerit ohjaavat hankkeita parempaan laatuun ja ymp\u00e4rist\u00f6vaikutusten minimointiin. Kriteerist\u00f6 sis\u00e4lt\u00e4\u00e4 tavoitteita energiatehokkuudelle, elinkaaren ymp\u00e4rist\u00f6vaikutuksille, sis\u00e4olosuhteille, yll\u00e4pidett\u00e4vyydelle sek\u00e4 kosteuden- ja puhtaudenhallinnalle. Tavoitetasot asetetaan hankekohtaisesti, mutta vuoden 2018 aikana on my\u00f6s linjattu tietyt kriteerit ja niiden tasot, joihin Senaatin hankkeissa jatkossa [&hellip;]","og_url":"https:\/\/www.senaatti.fi\/yhteiskuntavastuuraportti2018\/vastuullisuus-senaatissa\/ymparisto\/kestava-rakentaminen\/","og_site_name":"Yhteiskuntavastuuraportti 2018","article_modified_time":"2024-08-30T13:46:34+00:00","twitter_card":"summary_large_image","twitter_misc":{"Est. reading time":"3 minutes"},"schema":{"@context":"https:\/\/schema.org","@graph":[{"@type":"WebPage","@id":"https:\/\/www.senaatti.fi\/yhteiskuntavastuuraportti2018\/vastuullisuus-senaatissa\/ymparisto\/kestava-rakentaminen\/","url":"https:\/\/www.senaatti.fi\/yhteiskuntavastuuraportti2018\/vastuullisuus-senaatissa\/ymparisto\/kestava-rakentaminen\/","name":"Kest\u00e4v\u00e4 rakentaminen - Yhteiskuntavastuuraportti 2018","isPartOf":{"@id":"https:\/\/www.senaatti.fi\/yhteiskuntavastuuraportti2018\/#website"},"datePublished":"2018-01-29T11:09:52+00:00","dateModified":"2024-08-30T13:46:34+00:00","breadcrumb":{"@id":"https:\/\/www.senaatti.fi\/yhteiskuntavastuuraportti2018\/vastuullisuus-senaatissa\/ymparisto\/kestava-rakentaminen\/#breadcrumb"},"inLanguage":"en-US","potentialAction":[{"@type":"ReadAction","target":["https:\/\/www.senaatti.fi\/yhteiskuntavastuuraportti2018\/vastuullisuus-senaatissa\/ymparisto\/kestava-rakentaminen\/"]}]},{"@type":"BreadcrumbList","@id":"https:\/\/www.senaatti.fi\/yhteiskuntavastuuraportti2018\/vastuullisuus-senaatissa\/ymparisto\/kestava-rakentaminen\/#breadcrumb","itemListElement":[{"@type":"ListItem","position":1,"name":"Home","item":"https:\/\/www.senaatti.fi\/yhteiskuntavastuuraportti2018\/"},{"@type":"ListItem","position":2,"name":"Vastuullisuus Senaatissa","item":"https:\/\/www.senaatti.fi\/yhteiskuntavastuuraportti2018\/vastuullisuus-senaatissa\/"},{"@type":"ListItem","position":3,"name":"Ymp\u00e4rist\u00f6","item":"https:\/\/www.senaatti.fi\/yhteiskuntavastuuraportti2018\/vastuullisuus-senaatissa\/ymparisto\/"},{"@type":"ListItem","position":4,"name":"Kest\u00e4v\u00e4 rakentaminen"}]},{"@type":"WebSite","@id":"https:\/\/www.senaatti.fi\/yhteiskuntavastuuraportti2018\/#website","url":"https:\/\/www.senaatti.fi\/yhteiskuntavastuuraportti2018\/","name":"Yhteiskuntavastuuraportti 2018","description":"","potentialAction":[{"@type":"SearchAction","target":{"@type":"EntryPoint","urlTemplate":"https:\/\/www.senaatti.fi\/yhteiskuntavastuuraportti2018\/?s={search_term_string}"},"query-input":{"@type":"PropertyValueSpecification","valueRequired":true,"valueName":"search_term_string"}}],"inLanguage":"en-US"}]}},"_links":{"self":[{"href":"https:\/\/www.senaatti.fi\/yhteiskuntavastuuraportti2018\/wp-json\/wp\/v2\/pages\/93","targetHints":{"allow":["GET"]}}],"collection":[{"href":"https:\/\/www.senaatti.fi\/yhteiskuntavastuuraportti2018\/wp-json\/wp\/v2\/pages"}],"about":[{"href":"https:\/\/www.senaatti.fi\/yhteiskuntavastuuraportti2018\/wp-json\/wp\/v2\/types\/page"}],"author":[{"embeddable":true,"href":"https:\/\/www.senaatti.fi\/yhteiskuntavastuuraportti2018\/wp-json\/wp\/v2\/users\/11"}],"replies":[{"embeddable":true,"href":"https:\/\/www.senaatti.fi\/yhteiskuntavastuuraportti2018\/wp-json\/wp\/v2\/comments?post=93"}],"version-history":[{"count":12,"href":"https:\/\/www.senaatti.fi\/yhteiskuntavastuuraportti2018\/wp-json\/wp\/v2\/pages\/93\/revisions"}],"predecessor-version":[{"id":2435,"href":"https:\/\/www.senaatti.fi\/yhteiskuntavastuuraportti2018\/wp-json\/wp\/v2\/pages\/93\/revisions\/2435"}],"up":[{"embeddable":true,"href":"https:\/\/www.senaatti.fi\/yhteiskuntavastuuraportti2018\/wp-json\/wp\/v2\/pages\/81"}],"wp:attachment":[{"href":"https:\/\/www.senaatti.fi\/yhteiskuntavastuuraportti2018\/wp-json\/wp\/v2\/media?parent=93"}],"curies":[{"name":"wp","href":"https:\/\/api.w.org\/{rel}","templated":true}]}}