{"id":9,"date":"2018-01-29T10:56:41","date_gmt":"2018-01-29T10:56:41","guid":{"rendered":"https:\/\/www.senaatti.fi\/yhteiskuntavastuuraportti2018\/?page_id=9"},"modified":"2022-01-04T13:24:28","modified_gmt":"2022-01-04T13:24:28","slug":"avainluvut","status":"publish","type":"page","link":"https:\/\/www.senaatti.fi\/yhteiskuntavastuuraportti2018\/vuosi-2018\/avainluvut\/","title":{"rendered":"Avainluvut"},"content":{"rendered":"<table class=\"senaatti-table senaatti-table--striped senaatti-table--responsive-stacked\" style=\"margin-bottom: 1.5em;\">\n<thead>\n<tr>\n<th style=\"width: 513px;\" data-sen-equalize-width=\"heading1\">M\u20ac<\/th>\n<th class=\"senaatti-table-cell senaatti-table-cell--no-line-wrap\" style=\"text-align: right; width: 97px;\">2018<\/th>\n<th class=\"senaatti-table-cell senaatti-table-cell--no-line-wrap\" style=\"text-align: right; width: 97px;\">2017<\/th>\n<th class=\"senaatti-table-cell senaatti-table-cell--no-line-wrap\" style=\"text-align: right; width: 157px;\">Muutos-%<\/th>\n<\/tr>\n<\/thead>\n<caption style=\"padding-left: 0; padding-bottom: 0;\"><img loading=\"lazy\" decoding=\"async\" class=\"wp-image-731 size-thumbnail\" style=\"margin: 0 6px 4px 0;\" src=\"https:\/\/www.senaatti.fi\/app_ykv_archive\/uploads\/sites\/2\/2018\/03\/senaatti-ykv-icon-kaavio-150x150.png\" alt=\"\" width=\"40\" height=\"40\" srcset=\"https:\/\/www.senaatti.fi\/app_ykv_archive\/uploads\/sites\/7\/2018\/03\/senaatti-ykv-icon-kaavio-150x150.png 150w, https:\/\/www.senaatti.fi\/app_ykv_archive\/uploads\/sites\/7\/2018\/03\/senaatti-ykv-icon-kaavio.png 220w\" sizes=\"auto, (max-width: 40px) 100vw, 40px\" \/> Taloudellinen vastuu<\/caption>\n<tbody>\n<tr>\n<td style=\"width: 513px;\">Liikevaihto<\/td>\n<td class=\"senaatti-table-cell senaatti-table-cell--no-line-wrap\" style=\"text-align: right; width: 97px;\">638<\/td>\n<td class=\"senaatti-table-cell senaatti-table-cell--no-line-wrap\" style=\"text-align: right; width: 97px;\">621<\/td>\n<td class=\"senaatti-table-cell senaatti-table-cell--no-line-wrap\" style=\"text-align: right; width: 157px;\">2,8<\/td>\n<\/tr>\n<tr>\n<td style=\"width: 513px;\">Liiketoiminnan muut tuotot<\/td>\n<td class=\"senaatti-table-cell senaatti-table-cell--no-line-wrap\" style=\"text-align: right; width: 97px;\">50<\/td>\n<td class=\"senaatti-table-cell senaatti-table-cell--no-line-wrap\" style=\"text-align: right; width: 97px;\">101<\/td>\n<td class=\"senaatti-table-cell senaatti-table-cell--no-line-wrap\" style=\"text-align: right; width: 157px;\">-51,1<\/td>\n<\/tr>\n<tr>\n<td style=\"width: 513px;\">Tulos<\/td>\n<td class=\"senaatti-table-cell senaatti-table-cell--no-line-wrap\" style=\"text-align: right; width: 97px;\">64<\/td>\n<td class=\"senaatti-table-cell senaatti-table-cell--no-line-wrap\" style=\"text-align: right; width: 97px;\">157<\/td>\n<td class=\"senaatti-table-cell senaatti-table-cell--no-line-wrap\" style=\"text-align: right; width: 157px;\">-59,5<\/td>\n<\/tr>\n<tr>\n<td style=\"width: 513px;\">&#8211; Tulos -% liikevaihdosta<\/td>\n<td class=\"senaatti-table-cell senaatti-table-cell--no-line-wrap\" style=\"text-align: right; width: 97px;\">10,0<\/td>\n<td class=\"senaatti-table-cell senaatti-table-cell--no-line-wrap\" style=\"text-align: right; width: 97px;\">25,4<\/td>\n<td class=\"senaatti-table-cell senaatti-table-cell--no-line-wrap\" style=\"text-align: right; width: 157px;\"><\/td>\n<\/tr>\n<tr>\n<td style=\"width: 513px;\">Tase<\/td>\n<td class=\"senaatti-table-cell senaatti-table-cell--no-line-wrap\" style=\"text-align: right; width: 97px;\">4 481<\/td>\n<td class=\"senaatti-table-cell senaatti-table-cell--no-line-wrap\" style=\"text-align: right; width: 97px;\">4 509<\/td>\n<td class=\"senaatti-table-cell senaatti-table-cell--no-line-wrap\" style=\"text-align: right; width: 157px;\">-0,6<\/td>\n<\/tr>\n<tr>\n<td style=\"width: 513px;\">Lainat<\/td>\n<td class=\"senaatti-table-cell senaatti-table-cell--no-line-wrap\" style=\"text-align: right; width: 97px;\">1 526<\/td>\n<td class=\"senaatti-table-cell senaatti-table-cell--no-line-wrap\" style=\"text-align: right; width: 97px;\">1 521<\/td>\n<td class=\"senaatti-table-cell senaatti-table-cell--no-line-wrap\" style=\"text-align: right; width: 157px;\">0,3<\/td>\n<\/tr>\n<tr>\n<td style=\"width: 513px;\">Investoinnit<\/td>\n<td class=\"senaatti-table-cell senaatti-table-cell--no-line-wrap\" style=\"text-align: right; width: 97px;\">240<\/td>\n<td class=\"senaatti-table-cell senaatti-table-cell--no-line-wrap\" style=\"text-align: right; width: 97px;\">238<\/td>\n<td class=\"senaatti-table-cell senaatti-table-cell--no-line-wrap\" style=\"text-align: right; width: 157px;\">1,1<\/td>\n<\/tr>\n<tr>\n<td style=\"width: 513px;\">Investointien osuus liikevaihdosta, %<\/td>\n<td class=\"senaatti-table-cell senaatti-table-cell--no-line-wrap\" style=\"text-align: right; width: 97px;\">38,0<\/td>\n<td class=\"senaatti-table-cell senaatti-table-cell--no-line-wrap\" style=\"text-align: right; width: 97px;\">38,0<\/td>\n<td class=\"senaatti-table-cell senaatti-table-cell--no-line-wrap\" style=\"text-align: right; width: 157px;\"><\/td>\n<\/tr>\n<tr>\n<td style=\"width: 513px;\">Sijoitetun p\u00e4\u00e4oman tuotto, %<\/td>\n<td class=\"senaatti-table-cell senaatti-table-cell--no-line-wrap\" style=\"text-align: right; width: 97px;\">2,0<\/td>\n<td class=\"senaatti-table-cell senaatti-table-cell--no-line-wrap\" style=\"text-align: right; width: 97px;\">4,3<\/td>\n<td class=\"senaatti-table-cell senaatti-table-cell--no-line-wrap\" style=\"text-align: right; width: 157px;\"><\/td>\n<\/tr>\n<tr>\n<td style=\"width: 513px;\">\n<p>Oman p\u00e4\u00e4oman tuotto, %<\/p>\n<p>Vuokraustoiminnan oman p\u00e4\u00e4oman tuotto, % valtioasiakkaat<\/td>\n<td class=\"senaatti-table-cell senaatti-table-cell--no-line-wrap\" style=\"text-align: right; width: 97px;\">\n<p>2,2<\/p>\n<p>0,7<\/td>\n<td class=\"senaatti-table-cell senaatti-table-cell--no-line-wrap\" style=\"text-align: right; width: 97px;\">\n<p>5,4<\/p>\n<p>2,1<\/td>\n<td class=\"senaatti-table-cell senaatti-table-cell--no-line-wrap\" style=\"text-align: right; width: 157px;\"><\/td>\n<\/tr>\n<tr>\n<td style=\"width: 513px;\">Omavaraisuusaste, %<\/td>\n<td class=\"senaatti-table-cell senaatti-table-cell--no-line-wrap\" style=\"text-align: right; width: 97px;\">64,0<\/td>\n<td class=\"senaatti-table-cell senaatti-table-cell--no-line-wrap\" style=\"text-align: right; width: 97px;\">65,2<\/td>\n<td class=\"senaatti-table-cell senaatti-table-cell--no-line-wrap\" style=\"text-align: right; width: 157px;\"><\/td>\n<\/tr>\n<tr>\n<td style=\"width: 513px;\">Nettovelkaantumisaste, %<\/td>\n<td class=\"senaatti-table-cell senaatti-table-cell--no-line-wrap\" style=\"text-align: right; width: 97px;\">49,0<\/td>\n<td class=\"senaatti-table-cell senaatti-table-cell--no-line-wrap\" style=\"text-align: right; width: 97px;\">50,0<\/td>\n<td class=\"senaatti-table-cell senaatti-table-cell--no-line-wrap\" style=\"text-align: right; width: 157px;\"><\/td>\n<\/tr>\n<tr>\n<td style=\"width: 513px;\">Vuokrattava pinta-ala, 1000 m2<\/td>\n<td class=\"senaatti-table-cell senaatti-table-cell--no-line-wrap\" style=\"text-align: right; width: 97px;\">5 889<\/td>\n<td class=\"senaatti-table-cell senaatti-table-cell--no-line-wrap\" style=\"text-align: right; width: 97px;\">6 058<\/td>\n<td class=\"senaatti-table-cell senaatti-table-cell--no-line-wrap\" style=\"text-align: right; width: 157px;\">-2,8<\/td>\n<\/tr>\n<tr>\n<td style=\"width: 513px;\">Kiinteist\u00f6omaisuuden vajaak\u00e4ytt\u00f6aste, %<\/td>\n<td class=\"senaatti-table-cell senaatti-table-cell--no-line-wrap\" style=\"text-align: right; width: 97px;\">5,9<\/td>\n<td class=\"senaatti-table-cell senaatti-table-cell--no-line-wrap\" style=\"text-align: right; width: 97px;\">6,0<\/td>\n<td class=\"senaatti-table-cell senaatti-table-cell--no-line-wrap\" style=\"text-align: right; width: 157px;\"><\/td>\n<\/tr>\n<tr>\n<td style=\"width: 513px;\">Keskim\u00e4\u00e4r\u00e4inen neli\u00f6vuokra, e\/m2\/kk<\/td>\n<td class=\"senaatti-table-cell senaatti-table-cell--no-line-wrap\" style=\"text-align: right; width: 97px;\">14,43<\/td>\n<td class=\"senaatti-table-cell senaatti-table-cell--no-line-wrap\" style=\"text-align: right; width: 97px;\">13,86<\/td>\n<td class=\"senaatti-table-cell senaatti-table-cell--no-line-wrap\" style=\"text-align: right; width: 157px;\">4,1<\/td>\n<\/tr>\n<\/tbody>\n<\/table>\n<table class=\"senaatti-table senaatti-table--striped senaatti-table--responsive-stacked\" style=\"margin-bottom: 1.5em;\">\n<caption style=\"padding-left: 0; padding-bottom: 0;\"><img loading=\"lazy\" decoding=\"async\" class=\"alignnone size-thumbnail wp-image-1165\" style=\"margin: 0 6px 4px 0;\" src=\"https:\/\/www.senaatti.fi\/app_ykv_archive\/uploads\/sites\/2\/2018\/04\/senaatti-ykv-icon-henkilosto-150x150.png\" alt=\"\" width=\"40\" height=\"40\" srcset=\"https:\/\/www.senaatti.fi\/app_ykv_archive\/uploads\/sites\/7\/2018\/04\/senaatti-ykv-icon-henkilosto-150x150.png 150w, https:\/\/www.senaatti.fi\/app_ykv_archive\/uploads\/sites\/7\/2018\/04\/senaatti-ykv-icon-henkilosto.png 220w\" sizes=\"auto, (max-width: 40px) 100vw, 40px\" \/> Sosiaalinen vastuu<\/caption>\n<thead>\n<tr style=\"height: 45px;\">\n<th style=\"color:transparent;width: 513px; height: 45px;\" data-sen-equalize-width-target=\"heading1\">.<\/th>\n<th class=\"senaatti-table-cell senaatti-table-cell--no-line-wrap\" style=\"height: 45px; text-align: right; width: 97px;\">2018<\/th>\n<th class=\"senaatti-table-cell senaatti-table-cell--no-line-wrap\" style=\"height: 45px; text-align: right; width: 97px;\">2017<\/th>\n<th class=\"senaatti-table-cell senaatti-table-cell--no-line-wrap\" style=\"height: 45px; text-align: right; width: 157px;\">Muutos-%<\/th>\n<\/tr>\n<\/thead>\n<tbody>\n<tr>\n<td style=\"width: 513px; height: 45px;\">Henkil\u00f6st\u00f6n lkm 31.12.<\/td>\n<td class=\"senaatti-table-cell senaatti-table-cell--no-line-wrap\" style=\"height: 46px; text-align: right; width: 87px;\">353<\/td>\n<td class=\"senaatti-table-cell senaatti-table-cell--no-line-wrap\" style=\"height: 46px; text-align: right; width: 87px;\">348<\/td>\n<td class=\"senaatti-table-cell senaatti-table-cell--no-line-wrap\" style=\"height: 46px; text-align: right; width: 157px;\">1,4<\/td>\n<\/tr>\n<tr>\n<td style=\"width: 513px; height: 45px;\"><span style=\"color: #000000;\">Henkil\u00f6st\u00f6n keski-ik\u00e4<\/span><\/td>\n<td class=\"senaatti-table-cell senaatti-table-cell--no-line-wrap\" style=\"height: 45px; text-align: right; width: 87px;\">46,7<\/td>\n<td class=\"senaatti-table-cell senaatti-table-cell--no-line-wrap\" style=\"height: 45px; text-align: right; width: 87px;\">46,3<\/td>\n<td class=\"senaatti-table-cell senaatti-table-cell--no-line-wrap\" style=\"height: 45px; text-align: right; width: 157px;\">-0,9<\/td>\n<\/tr>\n<tr>\n<td style=\"width: 513px; height: 45px;\"><span style=\"color: #000000;\">Asiakastyytyv\u00e4isyys, % vastaajista melko tai eritt\u00e4in tyytyv\u00e4isi\u00e4<\/span><\/td>\n<td class=\"senaatti-table-cell senaatti-table-cell--no-line-wrap\" style=\"height: 45px; text-align: right; width: 87px;\">62<\/td>\n<td class=\"senaatti-table-cell senaatti-table-cell--no-line-wrap\" style=\"height: 45px; text-align: right; width: 87px;\">58<\/td>\n<td class=\"senaatti-table-cell senaatti-table-cell--no-line-wrap\" style=\"height: 45px; text-align: right; width: 157px;\"><\/td>\n<\/tr>\n<tr>\n<td style=\"width: 513px; height: 45px;\"><span style=\"color: #000000;\">K\u00e4ytt\u00e4j\u00e4tyytyv\u00e4isyys, % vastaajista melko tai eritt\u00e4in tyytyv\u00e4isi\u00e4<\/span><\/td>\n<td class=\"senaatti-table-cell senaatti-table-cell--no-line-wrap\" style=\"height: 45px; text-align: right; width: 87px;\">72<\/td>\n<td class=\"senaatti-table-cell senaatti-table-cell--no-line-wrap\" style=\"height: 45px; text-align: right; width: 87px;\">71<\/td>\n<td class=\"senaatti-table-cell senaatti-table-cell--no-line-wrap\" style=\"height: 45px; text-align: right; width: 157px;\"><\/td>\n<\/tr>\n<\/tbody>\n<\/table>\n<table class=\"senaatti-table senaatti-table--striped senaatti-table--responsive-stacked\" style=\"margin-bottom: 1.5em;\">\n<caption style=\"padding-left: 0; padding-bottom: 0;\"><img loading=\"lazy\" decoding=\"async\" class=\"alignnone size-thumbnail wp-image-719\" style=\"margin: 0 6px 4px 0;\" src=\"https:\/\/www.senaatti.fi\/app_ykv_archive\/uploads\/sites\/2\/2018\/03\/senaatti-ykv-icon-ymparisto-150x150.png\" alt=\"\" width=\"40\" height=\"40\" srcset=\"https:\/\/www.senaatti.fi\/app_ykv_archive\/uploads\/sites\/7\/2018\/03\/senaatti-ykv-icon-ymparisto-150x150.png 150w, https:\/\/www.senaatti.fi\/app_ykv_archive\/uploads\/sites\/7\/2018\/03\/senaatti-ykv-icon-ymparisto.png 220w\" sizes=\"auto, (max-width: 40px) 100vw, 40px\" \/>\u00a0Ymp\u00e4rist\u00f6vastuu<\/caption>\n<thead>\n<tr>\n<th style=\"color:transparent;width: 513px;\" data-sen-equalize-width-target=\"heading1\">.<\/th>\n<th class=\"senaatti-table-cell senaatti-table-cell--no-line-wrap\" style=\"text-align: right; width: 97px;\">2018<\/th>\n<th class=\"senaatti-table-cell senaatti-table-cell--no-line-wrap\" style=\"text-align: right; width: 97px;\">2017<\/th>\n<th class=\"senaatti-table-cell senaatti-table-cell--no-line-wrap\" style=\"text-align: right; width: 157px;\">Muutos-%<\/th>\n<\/tr>\n<\/thead>\n<tbody>\n<tr>\n<td style=\"width: 513px; height: 46px;\">S\u00e4hk\u00f6n ominaiskulutus (kWh\/brm\u00b2)<\/td>\n<td class=\"senaatti-table-cell senaatti-table-cell--no-line-wrap\" style=\"text-align: right; width: 97px;\">86<\/td>\n<td class=\"senaatti-table-cell senaatti-table-cell--no-line-wrap\" style=\"text-align: right; width: 97px;\">88<\/td>\n<td class=\"senaatti-table-cell senaatti-table-cell--no-line-wrap\" style=\"text-align: right; width: 157px;\">\u00a0-2<\/td>\n<\/tr>\n<tr>\n<td style=\"width: 513px;\">L\u00e4mm\u00f6n ominaiskulutus (kWh\/brm\u00b2), normitettu<\/td>\n<td class=\"senaatti-table-cell senaatti-table-cell--no-line-wrap\" style=\"text-align: right; width: 97px;\">118<\/td>\n<td class=\"senaatti-table-cell senaatti-table-cell--no-line-wrap\" style=\"text-align: right; width: 97px;\">119<\/td>\n<td class=\"senaatti-table-cell senaatti-table-cell--no-line-wrap\" style=\"text-align: right; width: 157px;\">\u00a0-1<\/td>\n<\/tr>\n<tr>\n<td style=\"width: 513px;\">Veden ominaiskulutus (l\/brm\u00b2)<\/td>\n<td class=\"senaatti-table-cell senaatti-table-cell--no-line-wrap\" style=\"text-align: right; width: 97px;\">333<\/td>\n<td class=\"senaatti-table-cell senaatti-table-cell--no-line-wrap\" style=\"text-align: right; width: 97px;\">340<\/td>\n<td class=\"senaatti-table-cell senaatti-table-cell--no-line-wrap\" style=\"text-align: right; width: 157px;\">-2<\/td>\n<\/tr>\n<tr>\n<td style=\"width: 513px;\">Yll\u00e4pidettyjen kiinteist\u00f6jen ominaishiilidioksidip\u00e4\u00e4st\u00f6t kgCO\u2082\/brm\u00b2<\/td>\n<td class=\"senaatti-table-cell senaatti-table-cell--no-line-wrap\" style=\"text-align: right; width: 97px;\">18<\/td>\n<td class=\"senaatti-table-cell senaatti-table-cell--no-line-wrap\" style=\"text-align: right; width: 97px;\">31<\/td>\n<td class=\"senaatti-table-cell senaatti-table-cell--no-line-wrap\" style=\"text-align: right; width: 14px;\">\u00a0-42<\/td>\n<\/tr>\n<\/tbody>\n<\/table>\n<p>&nbsp;<\/p>\n","protected":false},"excerpt":{"rendered":"<p>M\u20ac 2018 2017 Muutos-% Taloudellinen vastuu Liikevaihto 638 621 2,8 Liiketoiminnan muut tuotot 50 101 -51,1 Tulos 64 157 -59,5 &#8211; Tulos -% liikevaihdosta 10,0 25,4 Tase 4 481 4 509 -0,6 Lainat 1 526 1 521 0,3 Investoinnit 240 238 1,1 Investointien osuus liikevaihdosta, % 38,0 38,0 Sijoitetun p\u00e4\u00e4oman tuotto, % 2,0 4,3 Oman [&hellip;]<\/p>\n","protected":false},"author":11,"featured_media":0,"parent":5,"menu_order":2,"comment_status":"closed","ping_status":"closed","template":"","meta":{"_acf_changed":false,"footnotes":""},"class_list":["post-9","page","type-page","status-publish","hentry"],"acf":[],"yoast_head":"<!-- This site is optimized with the Yoast SEO plugin v23.9 - https:\/\/yoast.com\/wordpress\/plugins\/seo\/ -->\n<title>Avainluvut - Yhteiskuntavastuuraportti 2018<\/title>\n<meta name=\"robots\" content=\"index, follow, max-snippet:-1, max-image-preview:large, max-video-preview:-1\" \/>\n<link rel=\"canonical\" href=\"https:\/\/www.senaatti.fi\/yhteiskuntavastuuraportti2018\/vuosi-2018\/avainluvut\/\" \/>\n<meta property=\"og:locale\" content=\"en_US\" \/>\n<meta property=\"og:type\" content=\"article\" \/>\n<meta property=\"og:title\" content=\"Avainluvut - Yhteiskuntavastuuraportti 2018\" \/>\n<meta property=\"og:description\" content=\"M\u20ac 2018 2017 Muutos-% Taloudellinen vastuu Liikevaihto 638 621 2,8 Liiketoiminnan muut tuotot 50 101 -51,1 Tulos 64 157 -59,5 &#8211; Tulos -% liikevaihdosta 10,0 25,4 Tase 4 481 4 509 -0,6 Lainat 1 526 1 521 0,3 Investoinnit 240 238 1,1 Investointien osuus liikevaihdosta, % 38,0 38,0 Sijoitetun p\u00e4\u00e4oman tuotto, % 2,0 4,3 Oman [&hellip;]\" \/>\n<meta property=\"og:url\" content=\"https:\/\/www.senaatti.fi\/yhteiskuntavastuuraportti2018\/vuosi-2018\/avainluvut\/\" \/>\n<meta property=\"og:site_name\" content=\"Yhteiskuntavastuuraportti 2018\" \/>\n<meta property=\"article:modified_time\" content=\"2022-01-04T13:24:28+00:00\" \/>\n<meta property=\"og:image\" content=\"https:\/\/www.senaatti.fi\/app_ykv_archive\/uploads\/sites\/2\/2018\/03\/senaatti-ykv-icon-kaavio-150x150.png\" \/>\n<meta name=\"twitter:card\" content=\"summary_large_image\" \/>\n<meta name=\"twitter:label1\" content=\"Est. reading time\" \/>\n\t<meta name=\"twitter:data1\" content=\"1 minute\" \/>\n<script type=\"application\/ld+json\" class=\"yoast-schema-graph\">{\"@context\":\"https:\/\/schema.org\",\"@graph\":[{\"@type\":\"WebPage\",\"@id\":\"https:\/\/www.senaatti.fi\/yhteiskuntavastuuraportti2018\/vuosi-2018\/avainluvut\/\",\"url\":\"https:\/\/www.senaatti.fi\/yhteiskuntavastuuraportti2018\/vuosi-2018\/avainluvut\/\",\"name\":\"Avainluvut - Yhteiskuntavastuuraportti 2018\",\"isPartOf\":{\"@id\":\"https:\/\/www.senaatti.fi\/yhteiskuntavastuuraportti2018\/#website\"},\"primaryImageOfPage\":{\"@id\":\"https:\/\/www.senaatti.fi\/yhteiskuntavastuuraportti2018\/vuosi-2018\/avainluvut\/#primaryimage\"},\"image\":{\"@id\":\"https:\/\/www.senaatti.fi\/yhteiskuntavastuuraportti2018\/vuosi-2018\/avainluvut\/#primaryimage\"},\"thumbnailUrl\":\"https:\/\/www.senaatti.fi\/app_ykv_archive\/uploads\/sites\/2\/2018\/03\/senaatti-ykv-icon-kaavio-150x150.png\",\"datePublished\":\"2018-01-29T10:56:41+00:00\",\"dateModified\":\"2022-01-04T13:24:28+00:00\",\"breadcrumb\":{\"@id\":\"https:\/\/www.senaatti.fi\/yhteiskuntavastuuraportti2018\/vuosi-2018\/avainluvut\/#breadcrumb\"},\"inLanguage\":\"en-US\",\"potentialAction\":[{\"@type\":\"ReadAction\",\"target\":[\"https:\/\/www.senaatti.fi\/yhteiskuntavastuuraportti2018\/vuosi-2018\/avainluvut\/\"]}]},{\"@type\":\"ImageObject\",\"inLanguage\":\"en-US\",\"@id\":\"https:\/\/www.senaatti.fi\/yhteiskuntavastuuraportti2018\/vuosi-2018\/avainluvut\/#primaryimage\",\"url\":\"https:\/\/www.senaatti.fi\/app_ykv_archive\/uploads\/sites\/2\/2018\/03\/senaatti-ykv-icon-kaavio-150x150.png\",\"contentUrl\":\"https:\/\/www.senaatti.fi\/app_ykv_archive\/uploads\/sites\/2\/2018\/03\/senaatti-ykv-icon-kaavio-150x150.png\"},{\"@type\":\"BreadcrumbList\",\"@id\":\"https:\/\/www.senaatti.fi\/yhteiskuntavastuuraportti2018\/vuosi-2018\/avainluvut\/#breadcrumb\",\"itemListElement\":[{\"@type\":\"ListItem\",\"position\":1,\"name\":\"Home\",\"item\":\"https:\/\/www.senaatti.fi\/yhteiskuntavastuuraportti2018\/\"},{\"@type\":\"ListItem\",\"position\":2,\"name\":\"Vuosi 2018\",\"item\":\"https:\/\/www.senaatti.fi\/yhteiskuntavastuuraportti2018\/vuosi-2018\/\"},{\"@type\":\"ListItem\",\"position\":3,\"name\":\"Avainluvut\"}]},{\"@type\":\"WebSite\",\"@id\":\"https:\/\/www.senaatti.fi\/yhteiskuntavastuuraportti2018\/#website\",\"url\":\"https:\/\/www.senaatti.fi\/yhteiskuntavastuuraportti2018\/\",\"name\":\"Yhteiskuntavastuuraportti 2018\",\"description\":\"\",\"potentialAction\":[{\"@type\":\"SearchAction\",\"target\":{\"@type\":\"EntryPoint\",\"urlTemplate\":\"https:\/\/www.senaatti.fi\/yhteiskuntavastuuraportti2018\/?s={search_term_string}\"},\"query-input\":{\"@type\":\"PropertyValueSpecification\",\"valueRequired\":true,\"valueName\":\"search_term_string\"}}],\"inLanguage\":\"en-US\"}]}<\/script>\n<!-- \/ Yoast SEO plugin. -->","yoast_head_json":{"title":"Avainluvut - Yhteiskuntavastuuraportti 2018","robots":{"index":"index","follow":"follow","max-snippet":"max-snippet:-1","max-image-preview":"max-image-preview:large","max-video-preview":"max-video-preview:-1"},"canonical":"https:\/\/www.senaatti.fi\/yhteiskuntavastuuraportti2018\/vuosi-2018\/avainluvut\/","og_locale":"en_US","og_type":"article","og_title":"Avainluvut - Yhteiskuntavastuuraportti 2018","og_description":"M\u20ac 2018 2017 Muutos-% Taloudellinen vastuu Liikevaihto 638 621 2,8 Liiketoiminnan muut tuotot 50 101 -51,1 Tulos 64 157 -59,5 &#8211; Tulos -% liikevaihdosta 10,0 25,4 Tase 4 481 4 509 -0,6 Lainat 1 526 1 521 0,3 Investoinnit 240 238 1,1 Investointien osuus liikevaihdosta, % 38,0 38,0 Sijoitetun p\u00e4\u00e4oman tuotto, % 2,0 4,3 Oman [&hellip;]","og_url":"https:\/\/www.senaatti.fi\/yhteiskuntavastuuraportti2018\/vuosi-2018\/avainluvut\/","og_site_name":"Yhteiskuntavastuuraportti 2018","article_modified_time":"2022-01-04T13:24:28+00:00","og_image":[{"url":"https:\/\/www.senaatti.fi\/app_ykv_archive\/uploads\/sites\/2\/2018\/03\/senaatti-ykv-icon-kaavio-150x150.png"}],"twitter_card":"summary_large_image","twitter_misc":{"Est. reading time":"1 minute"},"schema":{"@context":"https:\/\/schema.org","@graph":[{"@type":"WebPage","@id":"https:\/\/www.senaatti.fi\/yhteiskuntavastuuraportti2018\/vuosi-2018\/avainluvut\/","url":"https:\/\/www.senaatti.fi\/yhteiskuntavastuuraportti2018\/vuosi-2018\/avainluvut\/","name":"Avainluvut - Yhteiskuntavastuuraportti 2018","isPartOf":{"@id":"https:\/\/www.senaatti.fi\/yhteiskuntavastuuraportti2018\/#website"},"primaryImageOfPage":{"@id":"https:\/\/www.senaatti.fi\/yhteiskuntavastuuraportti2018\/vuosi-2018\/avainluvut\/#primaryimage"},"image":{"@id":"https:\/\/www.senaatti.fi\/yhteiskuntavastuuraportti2018\/vuosi-2018\/avainluvut\/#primaryimage"},"thumbnailUrl":"https:\/\/www.senaatti.fi\/app_ykv_archive\/uploads\/sites\/2\/2018\/03\/senaatti-ykv-icon-kaavio-150x150.png","datePublished":"2018-01-29T10:56:41+00:00","dateModified":"2022-01-04T13:24:28+00:00","breadcrumb":{"@id":"https:\/\/www.senaatti.fi\/yhteiskuntavastuuraportti2018\/vuosi-2018\/avainluvut\/#breadcrumb"},"inLanguage":"en-US","potentialAction":[{"@type":"ReadAction","target":["https:\/\/www.senaatti.fi\/yhteiskuntavastuuraportti2018\/vuosi-2018\/avainluvut\/"]}]},{"@type":"ImageObject","inLanguage":"en-US","@id":"https:\/\/www.senaatti.fi\/yhteiskuntavastuuraportti2018\/vuosi-2018\/avainluvut\/#primaryimage","url":"https:\/\/www.senaatti.fi\/app_ykv_archive\/uploads\/sites\/2\/2018\/03\/senaatti-ykv-icon-kaavio-150x150.png","contentUrl":"https:\/\/www.senaatti.fi\/app_ykv_archive\/uploads\/sites\/2\/2018\/03\/senaatti-ykv-icon-kaavio-150x150.png"},{"@type":"BreadcrumbList","@id":"https:\/\/www.senaatti.fi\/yhteiskuntavastuuraportti2018\/vuosi-2018\/avainluvut\/#breadcrumb","itemListElement":[{"@type":"ListItem","position":1,"name":"Home","item":"https:\/\/www.senaatti.fi\/yhteiskuntavastuuraportti2018\/"},{"@type":"ListItem","position":2,"name":"Vuosi 2018","item":"https:\/\/www.senaatti.fi\/yhteiskuntavastuuraportti2018\/vuosi-2018\/"},{"@type":"ListItem","position":3,"name":"Avainluvut"}]},{"@type":"WebSite","@id":"https:\/\/www.senaatti.fi\/yhteiskuntavastuuraportti2018\/#website","url":"https:\/\/www.senaatti.fi\/yhteiskuntavastuuraportti2018\/","name":"Yhteiskuntavastuuraportti 2018","description":"","potentialAction":[{"@type":"SearchAction","target":{"@type":"EntryPoint","urlTemplate":"https:\/\/www.senaatti.fi\/yhteiskuntavastuuraportti2018\/?s={search_term_string}"},"query-input":{"@type":"PropertyValueSpecification","valueRequired":true,"valueName":"search_term_string"}}],"inLanguage":"en-US"}]}},"_links":{"self":[{"href":"https:\/\/www.senaatti.fi\/yhteiskuntavastuuraportti2018\/wp-json\/wp\/v2\/pages\/9","targetHints":{"allow":["GET"]}}],"collection":[{"href":"https:\/\/www.senaatti.fi\/yhteiskuntavastuuraportti2018\/wp-json\/wp\/v2\/pages"}],"about":[{"href":"https:\/\/www.senaatti.fi\/yhteiskuntavastuuraportti2018\/wp-json\/wp\/v2\/types\/page"}],"author":[{"embeddable":true,"href":"https:\/\/www.senaatti.fi\/yhteiskuntavastuuraportti2018\/wp-json\/wp\/v2\/users\/11"}],"replies":[{"embeddable":true,"href":"https:\/\/www.senaatti.fi\/yhteiskuntavastuuraportti2018\/wp-json\/wp\/v2\/comments?post=9"}],"version-history":[{"count":12,"href":"https:\/\/www.senaatti.fi\/yhteiskuntavastuuraportti2018\/wp-json\/wp\/v2\/pages\/9\/revisions"}],"predecessor-version":[{"id":2399,"href":"https:\/\/www.senaatti.fi\/yhteiskuntavastuuraportti2018\/wp-json\/wp\/v2\/pages\/9\/revisions\/2399"}],"up":[{"embeddable":true,"href":"https:\/\/www.senaatti.fi\/yhteiskuntavastuuraportti2018\/wp-json\/wp\/v2\/pages\/5"}],"wp:attachment":[{"href":"https:\/\/www.senaatti.fi\/yhteiskuntavastuuraportti2018\/wp-json\/wp\/v2\/media?parent=9"}],"curies":[{"name":"wp","href":"https:\/\/api.w.org\/{rel}","templated":true}]}}