{"id":87,"date":"2018-01-29T11:09:12","date_gmt":"2018-01-29T11:09:12","guid":{"rendered":"https:\/\/www.senaatti.fi\/yhteiskuntavastuuraportti2018\/?page_id=87"},"modified":"2019-03-27T13:57:41","modified_gmt":"2019-03-27T13:57:41","slug":"pilaantuneet-maa-alueet","status":"publish","type":"page","link":"https:\/\/www.senaatti.fi\/yhteiskuntavastuuraportti2018\/vastuullisuus-senaatissa\/ymparisto\/pilaantuneet-maa-alueet\/","title":{"rendered":"Pilaantuneet maa-alueet"},"content":{"rendered":"<p><img loading=\"lazy\" decoding=\"async\" class=\"size-large wp-image-1519 alignnone\" src=\"https:\/\/www.senaatti.fi\/app_ykv_archive\/uploads\/sites\/7\/2019\/03\/rakentaminen-1024x605.jpg\" alt=\"\" width=\"1024\" height=\"605\" srcset=\"https:\/\/www.senaatti.fi\/app_ykv_archive\/uploads\/sites\/7\/2019\/03\/rakentaminen-1024x605.jpg 1024w, https:\/\/www.senaatti.fi\/app_ykv_archive\/uploads\/sites\/7\/2019\/03\/rakentaminen-300x177.jpg 300w, https:\/\/www.senaatti.fi\/app_ykv_archive\/uploads\/sites\/7\/2019\/03\/rakentaminen-768x454.jpg 768w, https:\/\/www.senaatti.fi\/app_ykv_archive\/uploads\/sites\/7\/2019\/03\/rakentaminen-1600x945.jpg 1600w, https:\/\/www.senaatti.fi\/app_ykv_archive\/uploads\/sites\/7\/2019\/03\/rakentaminen.jpg 2200w\" sizes=\"auto, (max-width: 1024px) 100vw, 1024px\" \/><\/p>\n<p>Senaatti-kiinteist\u00f6t panostaa jatkuvasti ennakoivaan ymp\u00e4rist\u00f6riskien tunnistamiseen ja havaittujen ymp\u00e4rist\u00f6vahinkojen korjaamiseen. Ymp\u00e4rist\u00f6riskien torjunta ja ymp\u00e4rist\u00f6vahinkojen korjaaminen ovat merkitt\u00e4vi\u00e4 kustannusten aiheuttajia. Tavoitteena on s\u00e4\u00e4st\u00e4\u00e4 sek\u00e4 ymp\u00e4rist\u00f6\u00e4 ett\u00e4 rahaa, ja oikeilla toimenpiteill\u00e4 puhdistettavan maan arvoa voidaan my\u00f6s lis\u00e4t\u00e4.<\/p>\n<p>Senaatti on kartoittanut kattavasti kohteistansa ne, joissa on todettu riski maan pilaantumiselle tai on syyt\u00e4 ep\u00e4ill\u00e4 sellaista. Vuonna 2018 n\u00e4ist\u00e4 riskikohteista on tunnistettu ne, jotka vaativat lis\u00e4tutkimuksia tai puhdistus- ja kunnostustoimenpiteit\u00e4. Osassa n\u00e4ist\u00e4 kohteista ryhdyttiin toimenpiteisiin ennakoivasti.<\/p>\n<p>Kohteisiimme liittyvien ymp\u00e4rist\u00f6lupien ja niit\u00e4 koskevien velvoitteiden kartoittaminen j\u00e4i resurssipulan vuoksi tauolle, mutta ty\u00f6t\u00e4 jatketaan vuonna 2019. Ymp\u00e4rist\u00f6lupien perusteella tunnistetuille riskikohteille suunnitellaan jatkotoimenpiteet. My\u00f6s pilaantuneiden maiden tiedonhallintaprosessia jatkokehitet\u00e4\u00e4n.<\/p>\n<p>Pilaantuneiden maiden kunnostukseen ja selvityksiin sek\u00e4 rakennusten haitta-aine tutkimuksiin ja toimenpiteisiin k\u00e4ytettiin vuonna 2018 noin 3 miljoonaa euroa. Toimenpiteit\u00e4 tehtiin 123 eri kohteessa.<\/p>\n<h2>Kokonaisvaltaista vastuuta pilaantuneista maa-alueista<\/h2>\n<p>Senaatti-kiinteist\u00f6jen on oltava selvill\u00e4 hallinnassaan olevien alueiden tilasta, alueilla harjoitetusta toiminnasta ja toiminnan aiheuttamista riskeist\u00e4 maa-alueille sek\u00e4 pohjavedelle. Kun maa-alueita myyd\u00e4\u00e4n tai vuokrataan, varmistamme, ett\u00e4 maa-alueiden tilaa koskevat merkinn\u00e4t tehd\u00e4\u00e4n aluetta koskeviin kauppakirjoihin ja vuokrasopimuksiin.<\/p>\n<p>Senaatti-kiinteist\u00f6t yll\u00e4pit\u00e4\u00e4 rekisteri\u00e4 pilaantuneille maille teht\u00e4vist\u00e4 toimista, jonka avulla hallinnoidaan maa-alueiden tunnistukseen, kartoitukseen ja puhdistukseen liittyvi\u00e4 dokumentteja.<\/p>\n<p>Senaatilla on k\u00e4yt\u00f6ss\u00e4 my\u00f6s kustannusarviointity\u00f6kalu\u00a0kohteille, joissa ei ole syyt\u00e4 ep\u00e4ill\u00e4 ymp\u00e4rist\u00f6teknist\u00e4 riski\u00e4, mutta joissa riski\u00e4 voidaan kuitenkin pit\u00e4\u00e4 mahdollisena. Ty\u00f6kalu auttaa kustannusriskien hallinnassa matemaattisia mallinnuksia hy\u00f6dynt\u00e4en.<\/p>\n","protected":false},"excerpt":{"rendered":"<p>Senaatti-kiinteist\u00f6t panostaa jatkuvasti ennakoivaan ymp\u00e4rist\u00f6riskien tunnistamiseen ja havaittujen ymp\u00e4rist\u00f6vahinkojen korjaamiseen. Ymp\u00e4rist\u00f6riskien torjunta ja ymp\u00e4rist\u00f6vahinkojen korjaaminen ovat merkitt\u00e4vi\u00e4 kustannusten aiheuttajia. Tavoitteena on s\u00e4\u00e4st\u00e4\u00e4 sek\u00e4 ymp\u00e4rist\u00f6\u00e4 ett\u00e4 rahaa, ja oikeilla toimenpiteill\u00e4 puhdistettavan maan arvoa voidaan my\u00f6s lis\u00e4t\u00e4. Senaatti on kartoittanut kattavasti kohteistansa ne, joissa on todettu riski maan pilaantumiselle tai on syyt\u00e4 ep\u00e4ill\u00e4 sellaista. Vuonna 2018 n\u00e4ist\u00e4 [&hellip;]<\/p>\n","protected":false},"author":11,"featured_media":0,"parent":81,"menu_order":3,"comment_status":"closed","ping_status":"closed","template":"","meta":{"_acf_changed":false,"footnotes":""},"class_list":["post-87","page","type-page","status-publish","hentry","senaatti_tsdg-kestavat-kaupungit-ja-yhteisot","senaatti_tsdg-maanpaallinen-elama","senaatti_tsdg-terveytta-ja-hyvinvointia","senaatti_tsdg-puhdas-vesi-ja-sanitaatio"],"acf":[],"yoast_head":"<!-- This site is optimized with the Yoast SEO plugin v23.9 - https:\/\/yoast.com\/wordpress\/plugins\/seo\/ -->\n<title>Pilaantuneet maa-alueet - Yhteiskuntavastuuraportti 2018<\/title>\n<meta name=\"robots\" content=\"index, follow, max-snippet:-1, max-image-preview:large, max-video-preview:-1\" \/>\n<link rel=\"canonical\" href=\"https:\/\/www.senaatti.fi\/yhteiskuntavastuuraportti2018\/vastuullisuus-senaatissa\/ymparisto\/pilaantuneet-maa-alueet\/\" \/>\n<meta property=\"og:locale\" content=\"en_US\" \/>\n<meta property=\"og:type\" content=\"article\" \/>\n<meta property=\"og:title\" content=\"Pilaantuneet maa-alueet - Yhteiskuntavastuuraportti 2018\" \/>\n<meta property=\"og:description\" content=\"Senaatti-kiinteist\u00f6t panostaa jatkuvasti ennakoivaan ymp\u00e4rist\u00f6riskien tunnistamiseen ja havaittujen ymp\u00e4rist\u00f6vahinkojen korjaamiseen. Ymp\u00e4rist\u00f6riskien torjunta ja ymp\u00e4rist\u00f6vahinkojen korjaaminen ovat merkitt\u00e4vi\u00e4 kustannusten aiheuttajia. Tavoitteena on s\u00e4\u00e4st\u00e4\u00e4 sek\u00e4 ymp\u00e4rist\u00f6\u00e4 ett\u00e4 rahaa, ja oikeilla toimenpiteill\u00e4 puhdistettavan maan arvoa voidaan my\u00f6s lis\u00e4t\u00e4. Senaatti on kartoittanut kattavasti kohteistansa ne, joissa on todettu riski maan pilaantumiselle tai on syyt\u00e4 ep\u00e4ill\u00e4 sellaista. Vuonna 2018 n\u00e4ist\u00e4 [&hellip;]\" \/>\n<meta property=\"og:url\" content=\"https:\/\/www.senaatti.fi\/yhteiskuntavastuuraportti2018\/vastuullisuus-senaatissa\/ymparisto\/pilaantuneet-maa-alueet\/\" \/>\n<meta property=\"og:site_name\" content=\"Yhteiskuntavastuuraportti 2018\" \/>\n<meta property=\"article:modified_time\" content=\"2019-03-27T13:57:41+00:00\" \/>\n<meta property=\"og:image\" content=\"https:\/\/www.senaatti.fi\/app_ykv_archive\/uploads\/sites\/7\/2019\/03\/rakentaminen-1024x605.jpg\" \/>\n<meta name=\"twitter:card\" content=\"summary_large_image\" \/>\n<meta name=\"twitter:label1\" content=\"Est. reading time\" \/>\n\t<meta name=\"twitter:data1\" content=\"1 minute\" \/>\n<script type=\"application\/ld+json\" class=\"yoast-schema-graph\">{\"@context\":\"https:\/\/schema.org\",\"@graph\":[{\"@type\":\"WebPage\",\"@id\":\"https:\/\/www.senaatti.fi\/yhteiskuntavastuuraportti2018\/vastuullisuus-senaatissa\/ymparisto\/pilaantuneet-maa-alueet\/\",\"url\":\"https:\/\/www.senaatti.fi\/yhteiskuntavastuuraportti2018\/vastuullisuus-senaatissa\/ymparisto\/pilaantuneet-maa-alueet\/\",\"name\":\"Pilaantuneet maa-alueet - Yhteiskuntavastuuraportti 2018\",\"isPartOf\":{\"@id\":\"https:\/\/www.senaatti.fi\/yhteiskuntavastuuraportti2018\/#website\"},\"primaryImageOfPage\":{\"@id\":\"https:\/\/www.senaatti.fi\/yhteiskuntavastuuraportti2018\/vastuullisuus-senaatissa\/ymparisto\/pilaantuneet-maa-alueet\/#primaryimage\"},\"image\":{\"@id\":\"https:\/\/www.senaatti.fi\/yhteiskuntavastuuraportti2018\/vastuullisuus-senaatissa\/ymparisto\/pilaantuneet-maa-alueet\/#primaryimage\"},\"thumbnailUrl\":\"https:\/\/www.senaatti.fi\/app_ykv_archive\/uploads\/sites\/7\/2019\/03\/rakentaminen-1024x605.jpg\",\"datePublished\":\"2018-01-29T11:09:12+00:00\",\"dateModified\":\"2019-03-27T13:57:41+00:00\",\"breadcrumb\":{\"@id\":\"https:\/\/www.senaatti.fi\/yhteiskuntavastuuraportti2018\/vastuullisuus-senaatissa\/ymparisto\/pilaantuneet-maa-alueet\/#breadcrumb\"},\"inLanguage\":\"en-US\",\"potentialAction\":[{\"@type\":\"ReadAction\",\"target\":[\"https:\/\/www.senaatti.fi\/yhteiskuntavastuuraportti2018\/vastuullisuus-senaatissa\/ymparisto\/pilaantuneet-maa-alueet\/\"]}]},{\"@type\":\"ImageObject\",\"inLanguage\":\"en-US\",\"@id\":\"https:\/\/www.senaatti.fi\/yhteiskuntavastuuraportti2018\/vastuullisuus-senaatissa\/ymparisto\/pilaantuneet-maa-alueet\/#primaryimage\",\"url\":\"https:\/\/www.senaatti.fi\/app_ykv_archive\/uploads\/sites\/7\/2019\/03\/rakentaminen-1024x605.jpg\",\"contentUrl\":\"https:\/\/www.senaatti.fi\/app_ykv_archive\/uploads\/sites\/7\/2019\/03\/rakentaminen-1024x605.jpg\"},{\"@type\":\"BreadcrumbList\",\"@id\":\"https:\/\/www.senaatti.fi\/yhteiskuntavastuuraportti2018\/vastuullisuus-senaatissa\/ymparisto\/pilaantuneet-maa-alueet\/#breadcrumb\",\"itemListElement\":[{\"@type\":\"ListItem\",\"position\":1,\"name\":\"Home\",\"item\":\"https:\/\/www.senaatti.fi\/yhteiskuntavastuuraportti2018\/\"},{\"@type\":\"ListItem\",\"position\":2,\"name\":\"Vastuullisuus Senaatissa\",\"item\":\"https:\/\/www.senaatti.fi\/yhteiskuntavastuuraportti2018\/vastuullisuus-senaatissa\/\"},{\"@type\":\"ListItem\",\"position\":3,\"name\":\"Ymp\u00e4rist\u00f6\",\"item\":\"https:\/\/www.senaatti.fi\/yhteiskuntavastuuraportti2018\/vastuullisuus-senaatissa\/ymparisto\/\"},{\"@type\":\"ListItem\",\"position\":4,\"name\":\"Pilaantuneet maa-alueet\"}]},{\"@type\":\"WebSite\",\"@id\":\"https:\/\/www.senaatti.fi\/yhteiskuntavastuuraportti2018\/#website\",\"url\":\"https:\/\/www.senaatti.fi\/yhteiskuntavastuuraportti2018\/\",\"name\":\"Yhteiskuntavastuuraportti 2018\",\"description\":\"\",\"potentialAction\":[{\"@type\":\"SearchAction\",\"target\":{\"@type\":\"EntryPoint\",\"urlTemplate\":\"https:\/\/www.senaatti.fi\/yhteiskuntavastuuraportti2018\/?s={search_term_string}\"},\"query-input\":{\"@type\":\"PropertyValueSpecification\",\"valueRequired\":true,\"valueName\":\"search_term_string\"}}],\"inLanguage\":\"en-US\"}]}<\/script>\n<!-- \/ Yoast SEO plugin. -->","yoast_head_json":{"title":"Pilaantuneet maa-alueet - Yhteiskuntavastuuraportti 2018","robots":{"index":"index","follow":"follow","max-snippet":"max-snippet:-1","max-image-preview":"max-image-preview:large","max-video-preview":"max-video-preview:-1"},"canonical":"https:\/\/www.senaatti.fi\/yhteiskuntavastuuraportti2018\/vastuullisuus-senaatissa\/ymparisto\/pilaantuneet-maa-alueet\/","og_locale":"en_US","og_type":"article","og_title":"Pilaantuneet maa-alueet - Yhteiskuntavastuuraportti 2018","og_description":"Senaatti-kiinteist\u00f6t panostaa jatkuvasti ennakoivaan ymp\u00e4rist\u00f6riskien tunnistamiseen ja havaittujen ymp\u00e4rist\u00f6vahinkojen korjaamiseen. Ymp\u00e4rist\u00f6riskien torjunta ja ymp\u00e4rist\u00f6vahinkojen korjaaminen ovat merkitt\u00e4vi\u00e4 kustannusten aiheuttajia. Tavoitteena on s\u00e4\u00e4st\u00e4\u00e4 sek\u00e4 ymp\u00e4rist\u00f6\u00e4 ett\u00e4 rahaa, ja oikeilla toimenpiteill\u00e4 puhdistettavan maan arvoa voidaan my\u00f6s lis\u00e4t\u00e4. Senaatti on kartoittanut kattavasti kohteistansa ne, joissa on todettu riski maan pilaantumiselle tai on syyt\u00e4 ep\u00e4ill\u00e4 sellaista. Vuonna 2018 n\u00e4ist\u00e4 [&hellip;]","og_url":"https:\/\/www.senaatti.fi\/yhteiskuntavastuuraportti2018\/vastuullisuus-senaatissa\/ymparisto\/pilaantuneet-maa-alueet\/","og_site_name":"Yhteiskuntavastuuraportti 2018","article_modified_time":"2019-03-27T13:57:41+00:00","og_image":[{"url":"https:\/\/www.senaatti.fi\/app_ykv_archive\/uploads\/sites\/7\/2019\/03\/rakentaminen-1024x605.jpg"}],"twitter_card":"summary_large_image","twitter_misc":{"Est. reading time":"1 minute"},"schema":{"@context":"https:\/\/schema.org","@graph":[{"@type":"WebPage","@id":"https:\/\/www.senaatti.fi\/yhteiskuntavastuuraportti2018\/vastuullisuus-senaatissa\/ymparisto\/pilaantuneet-maa-alueet\/","url":"https:\/\/www.senaatti.fi\/yhteiskuntavastuuraportti2018\/vastuullisuus-senaatissa\/ymparisto\/pilaantuneet-maa-alueet\/","name":"Pilaantuneet maa-alueet - Yhteiskuntavastuuraportti 2018","isPartOf":{"@id":"https:\/\/www.senaatti.fi\/yhteiskuntavastuuraportti2018\/#website"},"primaryImageOfPage":{"@id":"https:\/\/www.senaatti.fi\/yhteiskuntavastuuraportti2018\/vastuullisuus-senaatissa\/ymparisto\/pilaantuneet-maa-alueet\/#primaryimage"},"image":{"@id":"https:\/\/www.senaatti.fi\/yhteiskuntavastuuraportti2018\/vastuullisuus-senaatissa\/ymparisto\/pilaantuneet-maa-alueet\/#primaryimage"},"thumbnailUrl":"https:\/\/www.senaatti.fi\/app_ykv_archive\/uploads\/sites\/7\/2019\/03\/rakentaminen-1024x605.jpg","datePublished":"2018-01-29T11:09:12+00:00","dateModified":"2019-03-27T13:57:41+00:00","breadcrumb":{"@id":"https:\/\/www.senaatti.fi\/yhteiskuntavastuuraportti2018\/vastuullisuus-senaatissa\/ymparisto\/pilaantuneet-maa-alueet\/#breadcrumb"},"inLanguage":"en-US","potentialAction":[{"@type":"ReadAction","target":["https:\/\/www.senaatti.fi\/yhteiskuntavastuuraportti2018\/vastuullisuus-senaatissa\/ymparisto\/pilaantuneet-maa-alueet\/"]}]},{"@type":"ImageObject","inLanguage":"en-US","@id":"https:\/\/www.senaatti.fi\/yhteiskuntavastuuraportti2018\/vastuullisuus-senaatissa\/ymparisto\/pilaantuneet-maa-alueet\/#primaryimage","url":"https:\/\/www.senaatti.fi\/app_ykv_archive\/uploads\/sites\/7\/2019\/03\/rakentaminen-1024x605.jpg","contentUrl":"https:\/\/www.senaatti.fi\/app_ykv_archive\/uploads\/sites\/7\/2019\/03\/rakentaminen-1024x605.jpg"},{"@type":"BreadcrumbList","@id":"https:\/\/www.senaatti.fi\/yhteiskuntavastuuraportti2018\/vastuullisuus-senaatissa\/ymparisto\/pilaantuneet-maa-alueet\/#breadcrumb","itemListElement":[{"@type":"ListItem","position":1,"name":"Home","item":"https:\/\/www.senaatti.fi\/yhteiskuntavastuuraportti2018\/"},{"@type":"ListItem","position":2,"name":"Vastuullisuus Senaatissa","item":"https:\/\/www.senaatti.fi\/yhteiskuntavastuuraportti2018\/vastuullisuus-senaatissa\/"},{"@type":"ListItem","position":3,"name":"Ymp\u00e4rist\u00f6","item":"https:\/\/www.senaatti.fi\/yhteiskuntavastuuraportti2018\/vastuullisuus-senaatissa\/ymparisto\/"},{"@type":"ListItem","position":4,"name":"Pilaantuneet maa-alueet"}]},{"@type":"WebSite","@id":"https:\/\/www.senaatti.fi\/yhteiskuntavastuuraportti2018\/#website","url":"https:\/\/www.senaatti.fi\/yhteiskuntavastuuraportti2018\/","name":"Yhteiskuntavastuuraportti 2018","description":"","potentialAction":[{"@type":"SearchAction","target":{"@type":"EntryPoint","urlTemplate":"https:\/\/www.senaatti.fi\/yhteiskuntavastuuraportti2018\/?s={search_term_string}"},"query-input":{"@type":"PropertyValueSpecification","valueRequired":true,"valueName":"search_term_string"}}],"inLanguage":"en-US"}]}},"_links":{"self":[{"href":"https:\/\/www.senaatti.fi\/yhteiskuntavastuuraportti2018\/wp-json\/wp\/v2\/pages\/87","targetHints":{"allow":["GET"]}}],"collection":[{"href":"https:\/\/www.senaatti.fi\/yhteiskuntavastuuraportti2018\/wp-json\/wp\/v2\/pages"}],"about":[{"href":"https:\/\/www.senaatti.fi\/yhteiskuntavastuuraportti2018\/wp-json\/wp\/v2\/types\/page"}],"author":[{"embeddable":true,"href":"https:\/\/www.senaatti.fi\/yhteiskuntavastuuraportti2018\/wp-json\/wp\/v2\/users\/11"}],"replies":[{"embeddable":true,"href":"https:\/\/www.senaatti.fi\/yhteiskuntavastuuraportti2018\/wp-json\/wp\/v2\/comments?post=87"}],"version-history":[{"count":7,"href":"https:\/\/www.senaatti.fi\/yhteiskuntavastuuraportti2018\/wp-json\/wp\/v2\/pages\/87\/revisions"}],"predecessor-version":[{"id":1999,"href":"https:\/\/www.senaatti.fi\/yhteiskuntavastuuraportti2018\/wp-json\/wp\/v2\/pages\/87\/revisions\/1999"}],"up":[{"embeddable":true,"href":"https:\/\/www.senaatti.fi\/yhteiskuntavastuuraportti2018\/wp-json\/wp\/v2\/pages\/81"}],"wp:attachment":[{"href":"https:\/\/www.senaatti.fi\/yhteiskuntavastuuraportti2018\/wp-json\/wp\/v2\/media?parent=87"}],"curies":[{"name":"wp","href":"https:\/\/api.w.org\/{rel}","templated":true}]}}