{"id":85,"date":"2018-01-29T11:08:58","date_gmt":"2018-01-29T11:08:58","guid":{"rendered":"https:\/\/www.senaatti.fi\/yhteiskuntavastuuraportti2018\/?page_id=85"},"modified":"2024-08-30T13:38:45","modified_gmt":"2024-08-30T13:38:45","slug":"paastot-ilmaan","status":"publish","type":"page","link":"https:\/\/www.senaatti.fi\/yhteiskuntavastuuraportti2018\/vastuullisuus-senaatissa\/ymparisto\/paastot-ilmaan\/","title":{"rendered":"P\u00e4\u00e4st\u00f6t ilmaan"},"content":{"rendered":"<p><img loading=\"lazy\" decoding=\"async\" class=\"size-large wp-image-1514 alignnone\" src=\"https:\/\/www.senaatti.fi\/app_ykv_archive\/uploads\/sites\/7\/2019\/03\/lokit-3384672-1024x595.jpg\" alt=\"\" width=\"1024\" height=\"595\" srcset=\"https:\/\/www.senaatti.fi\/app_ykv_archive\/uploads\/sites\/7\/2019\/03\/lokit-3384672-1024x595.jpg 1024w, https:\/\/www.senaatti.fi\/app_ykv_archive\/uploads\/sites\/7\/2019\/03\/lokit-3384672-300x174.jpg 300w, https:\/\/www.senaatti.fi\/app_ykv_archive\/uploads\/sites\/7\/2019\/03\/lokit-3384672-768x446.jpg 768w, https:\/\/www.senaatti.fi\/app_ykv_archive\/uploads\/sites\/7\/2019\/03\/lokit-3384672-1600x930.jpg 1600w, https:\/\/www.senaatti.fi\/app_ykv_archive\/uploads\/sites\/7\/2019\/03\/lokit-3384672-2200x1278.jpg 2200w\" sizes=\"auto, (max-width: 1024px) 100vw, 1024px\" \/><\/p>\n<p>Senaatti-kiinteist\u00f6t on sitoutunut Suomen valtion p\u00e4\u00e4st\u00f6v\u00e4hennystavoitteisiin. Senaatin yll\u00e4pit\u00e4mien kiinteist\u00f6jen hiilidioksidip\u00e4\u00e4st\u00f6j\u00e4 on onnistuttu v\u00e4hent\u00e4m\u00e4\u00e4n merkitt\u00e4v\u00e4sti tehostamalla energiankulutusta, kasvattamalla uusiutuvien energianl\u00e4hteiden k\u00e4ytt\u00f6\u00e4 ja parantamalla tilatehokkuutta.<\/p>\n<h2>Suuria p\u00e4\u00e4st\u00f6v\u00e4hennyksi\u00e4 uusiutuvan energian k\u00e4yt\u00f6st\u00e4<\/h2>\n<p>Senaatti-kiinteist\u00f6t osti vuonna 2018 kiinteist\u00f6ihins\u00e4 100 prosenttisesti uusiutuvilla energianl\u00e4hteill\u00e4 tuotettua s\u00e4hk\u00f6\u00e4. Lis\u00e4ksi viime vuonna hankittiin ensimm\u00e4ist\u00e4 kertaa puupelleteill\u00e4 tuotettua, uusiutuvaa kaukol\u00e4mp\u00f6\u00e4, joka kattoi 60 % p\u00e4\u00e4kaupunkiseudun Senaatin yll\u00e4pit\u00e4mien kiinteist\u00f6jen l\u00e4mmityksest\u00e4. Uusiutuviin energianl\u00e4hteisiin panostaminen raportointivuonna leikkasi Senaatin vuoden kokonaisp\u00e4\u00e4st\u00f6ist\u00e4 yli 30 %. Vuonna 2019 tavoitteena on lis\u00e4t\u00e4 uusiutuvan kaukol\u00e4mm\u00f6n osuutta p\u00e4\u00e4kaupunkiseudulla 100 %:iin.<\/p>\n<p>Vuonna 2018 Senaatti-kiinteist\u00f6jen yll\u00e4pit\u00e4m\u00e4n kiinteist\u00f6kannan ominaishiilidioksidip\u00e4\u00e4st\u00f6t laskivat 42 % edellisvuoteen verrattuna.<\/p>\n<figure id=\"attachment_2021\" aria-describedby=\"caption-attachment-2021\" style=\"width: 640px\" class=\"wp-caption alignnone\"><img loading=\"lazy\" decoding=\"async\" class=\"wp-image-2021 size-full\" src=\"https:\/\/www.senaatti.fi\/app_ykv_archive\/uploads\/sites\/7\/2019\/03\/pellettilaitos.jpg\" alt=\"pellettilaitos\" width=\"640\" height=\"426\" srcset=\"https:\/\/www.senaatti.fi\/app_ykv_archive\/uploads\/sites\/7\/2019\/03\/pellettilaitos.jpg 640w, https:\/\/www.senaatti.fi\/app_ykv_archive\/uploads\/sites\/7\/2019\/03\/pellettilaitos-300x200.jpg 300w\" sizes=\"auto, (max-width: 640px) 100vw, 640px\" \/><figcaption id=\"caption-attachment-2021\" class=\"wp-caption-text\"><strong>CASE: Kustannustehokkaita tekoja ilmastonmuutoksen torjunnassa.<\/strong> Uusi tapa hankkia l\u00e4mp\u00f6energiaa taajamien ulkopuolella sijaitseviin kohteisiin on kustannustehokasta ja ymp\u00e4rist\u00f6my\u00f6t\u00e4ist\u00e4. Tavoitteenamme oli pienent\u00e4\u00e4 l\u00e4mm\u00f6ntuotannon hiilijalanj\u00e4lke\u00e4 merkitt\u00e4v\u00e4sti ja ulkoistaa tuotanto kustannustehokkaasti. Vuosikymmenen alussa aloitetun projektin lopputuloksena vuoden 2018 loppuun menness\u00e4 Senaatin hallinnoimille alueille on rakennettu l\u00e4hes 40 pellettilaitosta. Uusiutuvan energian osuus k\u00e4ytetyist\u00e4 l\u00e4mmityspolttoaineista on n\u00e4iss\u00e4 laitoksissa noin 99 %, ja keskim\u00e4\u00e4r\u00e4inen kustannuss\u00e4\u00e4st\u00f6 poltto\u00f6ljyll\u00e4 tuotettuun l\u00e4mp\u00f6energiaan verrattuna on noin 30%. <a href=\"https:\/\/www.senaatti.fi\/yhteiskuntavastuuraportti2018\/kustannustehokkaita-tekoja-ilmastonmuutoksen-torjunnassa\/\">Lue lis\u00e4\u00e4: Uusiutuvan energian kilpailuttaminen l\u00e4mm\u00f6ntuotantoon<\/a>.<\/figcaption><\/figure>\n<p>&nbsp;<\/p>\n<table class=\"senaatti-table senaatti-table--striped senaatti-table--responsive-stacked rwd-table table table-bordered table-striped migrated-chart-table\">\n<caption>Senaatti-kiinteist\u00f6jen yll\u00e4pit\u00e4mien kohteiden ominaishiilidioksidip\u00e4\u00e4st\u00f6t<\/caption>\n<thead>\n<tr>\n<th>Vuosi<\/th>\n<th>Ominaisp\u00e4\u00e4st\u00f6t [kg CO\u2082\/brm\u00b2]<\/th>\n<\/tr>\n<\/thead>\n<tbody>\n<tr>\n<td>2012<\/td>\n<td>59.3<\/td>\n<\/tr>\n<tr>\n<td>2013<\/td>\n<td>43.8<\/td>\n<\/tr>\n<tr>\n<td>2014<\/td>\n<td>42<\/td>\n<\/tr>\n<tr>\n<td>2015<\/td>\n<td>37.6<\/td>\n<\/tr>\n<tr>\n<td>2016<\/td>\n<td>34.1<\/td>\n<\/tr>\n<tr>\n<td>2017<\/td>\n<td>31.4<\/td>\n<\/tr>\n<tr>\n<td>2018<\/td>\n<td>18.2<\/td>\n<\/tr>\n<\/tbody>\n<\/table>\n<p>Vuonna 2018 Senaatti-kiinteist\u00f6jen kokonaishiilidioksidip\u00e4\u00e4st\u00f6t laskivat noin 40 % vuodesta 2017. Kokonaisp\u00e4\u00e4st\u00f6jen lasku p\u00e4\u00e4osin seurausta uusiutuvan energian k\u00e4yt\u00f6st\u00e4.<\/p>\n<table class=\"senaatti-table senaatti-table--striped senaatti-table--responsive-stacked rwd-table table table-bordered table-striped migrated-chart-table\">\n<caption>Senaatti-kiinteist\u00f6jen hiilidioksidip\u00e4\u00e4st\u00f6t<\/caption>\n<thead>\n<tr>\n<th>Vuosi<\/th>\n<th>Muut ep\u00e4suorat<\/th>\n<th>Ep\u00e4suorat<\/th>\n<th>Suorat<\/th>\n<\/tr>\n<\/thead>\n<tbody>\n<tr>\n<td>2012<\/td>\n<td>176984<\/td>\n<td>219766<\/td>\n<td>8127<\/td>\n<\/tr>\n<tr>\n<td>2013<\/td>\n<td>146240<\/td>\n<td>171736<\/td>\n<td>7335<\/td>\n<\/tr>\n<tr>\n<td>2014<\/td>\n<td>134579<\/td>\n<td>164619<\/td>\n<td>5210<\/td>\n<\/tr>\n<tr>\n<td>2015<\/td>\n<td>113397<\/td>\n<td>137685<\/td>\n<td>3203<\/td>\n<\/tr>\n<tr>\n<td>2016<\/td>\n<td>99247<\/td>\n<td>131115<\/td>\n<td>4443<\/td>\n<\/tr>\n<tr>\n<td>2017<\/td>\n<td>87971<\/td>\n<td>119575<\/td>\n<td>4162<\/td>\n<\/tr>\n<tr>\n<td>2018<\/td>\n<td>56600<\/td>\n<td>67695<\/td>\n<td>3453<\/td>\n<\/tr>\n<\/tbody>\n<\/table>\n<p>Suorat hiilidioksidip\u00e4\u00e4st\u00f6t (Scope 1) sis\u00e4lt\u00e4v\u00e4t Senaatti-kiinteist\u00f6jen yll\u00e4pit\u00e4m\u00e4n 27 aluel\u00e4mp\u00f6laitoksen p\u00e4\u00e4st\u00f6t. Ep\u00e4suorat hiilidioksidip\u00e4\u00e4st\u00f6t (Scope 2) sis\u00e4lt\u00e4v\u00e4t Senaatti-kiinteist\u00f6jen yll\u00e4pit\u00e4miin kohteisiin ostetun energian tuotannosta aiheutuvat p\u00e4\u00e4st\u00f6t. P\u00e4\u00e4st\u00f6t on laskettu markkinaperusteisesti. Muut ep\u00e4suorat p\u00e4\u00e4st\u00f6t (Scope 3) sis\u00e4lt\u00e4v\u00e4t Senaatti-kiinteist\u00f6jen p\u00e4\u00e4omavuokrakohteisiin ostetun energian tuotannosta aiheutuvat p\u00e4\u00e4st\u00f6t, rakentamisen p\u00e4\u00e4st\u00f6t ja ty\u00f6matkustamisen p\u00e4\u00e4st\u00f6t.<\/p>\n<h2>Lentomatkustamisen ja autoilun p\u00e4\u00e4st\u00f6t kasvoivat<\/h2>\n<p>Green Office \u2013ymp\u00e4rist\u00f6j\u00e4rjestelm\u00e4n mukaisesti seuraamme ty\u00f6matkustamisesta aiheutuneita p\u00e4\u00e4st\u00f6j\u00e4. Henkil\u00f6st\u00f6mme ty\u00f6h\u00f6n liittyv\u00e4st\u00e4 lentomatkustamisesta aiheutui matkanj\u00e4rjest\u00e4j\u00e4mme laskennan mukaan noin 94 tonnia hiilidioksidip\u00e4\u00e4st\u00f6j\u00e4, joka on vajaa 5 % edellisvuotta enemm\u00e4n.<\/p>\n<p>Henkil\u00f6st\u00f6mme ty\u00f6h\u00f6n liittyvien ajokilometrien aiheuttamat hiilidioksidip\u00e4\u00e4st\u00f6t olivat yhteens\u00e4 noin 337 tonnia eli noin 960 kg henkil\u00f6\u00e4 kohden. Kokonaisp\u00e4\u00e4st\u00f6m\u00e4\u00e4r\u00e4 on 35 % enemm\u00e4n kuin edellisen\u00e4 vuonna.<\/p>\n<p>Ty\u00f6suhdeautojen CO\u2082 -p\u00e4\u00e4st\u00f6jen keskiarvo vuonna 2018 oli 122 g\/km. T\u00e4m\u00e4 alittaa ty\u00f6suhdeautoille asettamamme CO\u2082 -p\u00e4\u00e4st\u00f6rajan, joka on 150 g\/km.<\/p>\n<p>Kannustamme henkil\u00f6st\u00f6\u00e4mme k\u00e4ytt\u00e4m\u00e4\u00e4n Skype-pikaviestint\u00e4ohjelmaa sek\u00e4 videoneuvotteluj\u00e4rjestelmi\u00e4 fyysisen matkustamisen sijaan.<\/p>\n","protected":false},"excerpt":{"rendered":"<p>Senaatti-kiinteist\u00f6t on sitoutunut Suomen valtion p\u00e4\u00e4st\u00f6v\u00e4hennystavoitteisiin. Senaatin yll\u00e4pit\u00e4mien kiinteist\u00f6jen hiilidioksidip\u00e4\u00e4st\u00f6j\u00e4 on onnistuttu v\u00e4hent\u00e4m\u00e4\u00e4n merkitt\u00e4v\u00e4sti tehostamalla energiankulutusta, kasvattamalla uusiutuvien energianl\u00e4hteiden k\u00e4ytt\u00f6\u00e4 ja parantamalla tilatehokkuutta. Suuria p\u00e4\u00e4st\u00f6v\u00e4hennyksi\u00e4 uusiutuvan energian k\u00e4yt\u00f6st\u00e4 Senaatti-kiinteist\u00f6t osti vuonna 2018 kiinteist\u00f6ihins\u00e4 100 prosenttisesti uusiutuvilla energianl\u00e4hteill\u00e4 tuotettua s\u00e4hk\u00f6\u00e4. Lis\u00e4ksi viime vuonna hankittiin ensimm\u00e4ist\u00e4 kertaa puupelleteill\u00e4 tuotettua, uusiutuvaa kaukol\u00e4mp\u00f6\u00e4, joka kattoi 60 % p\u00e4\u00e4kaupunkiseudun Senaatin [&hellip;]<\/p>\n","protected":false},"author":11,"featured_media":0,"parent":81,"menu_order":2,"comment_status":"closed","ping_status":"closed","template":"","meta":{"_acf_changed":false,"footnotes":""},"class_list":["post-85","page","type-page","status-publish","hentry","senaatti_tsdg-vastuullista-kuluttamista","senaatti_tsdg-edullista-ja-puhdasta-energiaa"],"acf":[],"yoast_head":"<!-- This site is optimized with the Yoast SEO plugin v23.9 - https:\/\/yoast.com\/wordpress\/plugins\/seo\/ -->\n<title>P\u00e4\u00e4st\u00f6t ilmaan - Yhteiskuntavastuuraportti 2018<\/title>\n<meta name=\"robots\" content=\"index, follow, max-snippet:-1, max-image-preview:large, max-video-preview:-1\" \/>\n<link rel=\"canonical\" href=\"https:\/\/www.senaatti.fi\/yhteiskuntavastuuraportti2018\/vastuullisuus-senaatissa\/ymparisto\/paastot-ilmaan\/\" \/>\n<meta property=\"og:locale\" content=\"en_US\" \/>\n<meta property=\"og:type\" content=\"article\" \/>\n<meta property=\"og:title\" content=\"P\u00e4\u00e4st\u00f6t ilmaan - Yhteiskuntavastuuraportti 2018\" \/>\n<meta property=\"og:description\" content=\"Senaatti-kiinteist\u00f6t on sitoutunut Suomen valtion p\u00e4\u00e4st\u00f6v\u00e4hennystavoitteisiin. Senaatin yll\u00e4pit\u00e4mien kiinteist\u00f6jen hiilidioksidip\u00e4\u00e4st\u00f6j\u00e4 on onnistuttu v\u00e4hent\u00e4m\u00e4\u00e4n merkitt\u00e4v\u00e4sti tehostamalla energiankulutusta, kasvattamalla uusiutuvien energianl\u00e4hteiden k\u00e4ytt\u00f6\u00e4 ja parantamalla tilatehokkuutta. Suuria p\u00e4\u00e4st\u00f6v\u00e4hennyksi\u00e4 uusiutuvan energian k\u00e4yt\u00f6st\u00e4 Senaatti-kiinteist\u00f6t osti vuonna 2018 kiinteist\u00f6ihins\u00e4 100 prosenttisesti uusiutuvilla energianl\u00e4hteill\u00e4 tuotettua s\u00e4hk\u00f6\u00e4. Lis\u00e4ksi viime vuonna hankittiin ensimm\u00e4ist\u00e4 kertaa puupelleteill\u00e4 tuotettua, uusiutuvaa kaukol\u00e4mp\u00f6\u00e4, joka kattoi 60 % p\u00e4\u00e4kaupunkiseudun Senaatin [&hellip;]\" \/>\n<meta property=\"og:url\" content=\"https:\/\/www.senaatti.fi\/yhteiskuntavastuuraportti2018\/vastuullisuus-senaatissa\/ymparisto\/paastot-ilmaan\/\" \/>\n<meta property=\"og:site_name\" content=\"Yhteiskuntavastuuraportti 2018\" \/>\n<meta property=\"article:modified_time\" content=\"2024-08-30T13:38:45+00:00\" \/>\n<meta property=\"og:image\" content=\"https:\/\/www.senaatti.fi\/app_ykv_archive\/uploads\/sites\/7\/2019\/03\/lokit-3384672-1024x595.jpg\" \/>\n<meta name=\"twitter:card\" content=\"summary_large_image\" \/>\n<meta name=\"twitter:label1\" content=\"Est. reading time\" \/>\n\t<meta name=\"twitter:data1\" content=\"2 minutes\" \/>\n<script type=\"application\/ld+json\" class=\"yoast-schema-graph\">{\"@context\":\"https:\/\/schema.org\",\"@graph\":[{\"@type\":\"WebPage\",\"@id\":\"https:\/\/www.senaatti.fi\/yhteiskuntavastuuraportti2018\/vastuullisuus-senaatissa\/ymparisto\/paastot-ilmaan\/\",\"url\":\"https:\/\/www.senaatti.fi\/yhteiskuntavastuuraportti2018\/vastuullisuus-senaatissa\/ymparisto\/paastot-ilmaan\/\",\"name\":\"P\u00e4\u00e4st\u00f6t ilmaan - Yhteiskuntavastuuraportti 2018\",\"isPartOf\":{\"@id\":\"https:\/\/www.senaatti.fi\/yhteiskuntavastuuraportti2018\/#website\"},\"primaryImageOfPage\":{\"@id\":\"https:\/\/www.senaatti.fi\/yhteiskuntavastuuraportti2018\/vastuullisuus-senaatissa\/ymparisto\/paastot-ilmaan\/#primaryimage\"},\"image\":{\"@id\":\"https:\/\/www.senaatti.fi\/yhteiskuntavastuuraportti2018\/vastuullisuus-senaatissa\/ymparisto\/paastot-ilmaan\/#primaryimage\"},\"thumbnailUrl\":\"https:\/\/www.senaatti.fi\/app_ykv_archive\/uploads\/sites\/7\/2019\/03\/lokit-3384672-1024x595.jpg\",\"datePublished\":\"2018-01-29T11:08:58+00:00\",\"dateModified\":\"2024-08-30T13:38:45+00:00\",\"breadcrumb\":{\"@id\":\"https:\/\/www.senaatti.fi\/yhteiskuntavastuuraportti2018\/vastuullisuus-senaatissa\/ymparisto\/paastot-ilmaan\/#breadcrumb\"},\"inLanguage\":\"en-US\",\"potentialAction\":[{\"@type\":\"ReadAction\",\"target\":[\"https:\/\/www.senaatti.fi\/yhteiskuntavastuuraportti2018\/vastuullisuus-senaatissa\/ymparisto\/paastot-ilmaan\/\"]}]},{\"@type\":\"ImageObject\",\"inLanguage\":\"en-US\",\"@id\":\"https:\/\/www.senaatti.fi\/yhteiskuntavastuuraportti2018\/vastuullisuus-senaatissa\/ymparisto\/paastot-ilmaan\/#primaryimage\",\"url\":\"https:\/\/www.senaatti.fi\/app_ykv_archive\/uploads\/sites\/7\/2019\/03\/lokit-3384672-1024x595.jpg\",\"contentUrl\":\"https:\/\/www.senaatti.fi\/app_ykv_archive\/uploads\/sites\/7\/2019\/03\/lokit-3384672-1024x595.jpg\"},{\"@type\":\"BreadcrumbList\",\"@id\":\"https:\/\/www.senaatti.fi\/yhteiskuntavastuuraportti2018\/vastuullisuus-senaatissa\/ymparisto\/paastot-ilmaan\/#breadcrumb\",\"itemListElement\":[{\"@type\":\"ListItem\",\"position\":1,\"name\":\"Home\",\"item\":\"https:\/\/www.senaatti.fi\/yhteiskuntavastuuraportti2018\/\"},{\"@type\":\"ListItem\",\"position\":2,\"name\":\"Vastuullisuus Senaatissa\",\"item\":\"https:\/\/www.senaatti.fi\/yhteiskuntavastuuraportti2018\/vastuullisuus-senaatissa\/\"},{\"@type\":\"ListItem\",\"position\":3,\"name\":\"Ymp\u00e4rist\u00f6\",\"item\":\"https:\/\/www.senaatti.fi\/yhteiskuntavastuuraportti2018\/vastuullisuus-senaatissa\/ymparisto\/\"},{\"@type\":\"ListItem\",\"position\":4,\"name\":\"P\u00e4\u00e4st\u00f6t ilmaan\"}]},{\"@type\":\"WebSite\",\"@id\":\"https:\/\/www.senaatti.fi\/yhteiskuntavastuuraportti2018\/#website\",\"url\":\"https:\/\/www.senaatti.fi\/yhteiskuntavastuuraportti2018\/\",\"name\":\"Yhteiskuntavastuuraportti 2018\",\"description\":\"\",\"potentialAction\":[{\"@type\":\"SearchAction\",\"target\":{\"@type\":\"EntryPoint\",\"urlTemplate\":\"https:\/\/www.senaatti.fi\/yhteiskuntavastuuraportti2018\/?s={search_term_string}\"},\"query-input\":{\"@type\":\"PropertyValueSpecification\",\"valueRequired\":true,\"valueName\":\"search_term_string\"}}],\"inLanguage\":\"en-US\"}]}<\/script>\n<!-- \/ Yoast SEO plugin. -->","yoast_head_json":{"title":"P\u00e4\u00e4st\u00f6t ilmaan - Yhteiskuntavastuuraportti 2018","robots":{"index":"index","follow":"follow","max-snippet":"max-snippet:-1","max-image-preview":"max-image-preview:large","max-video-preview":"max-video-preview:-1"},"canonical":"https:\/\/www.senaatti.fi\/yhteiskuntavastuuraportti2018\/vastuullisuus-senaatissa\/ymparisto\/paastot-ilmaan\/","og_locale":"en_US","og_type":"article","og_title":"P\u00e4\u00e4st\u00f6t ilmaan - Yhteiskuntavastuuraportti 2018","og_description":"Senaatti-kiinteist\u00f6t on sitoutunut Suomen valtion p\u00e4\u00e4st\u00f6v\u00e4hennystavoitteisiin. Senaatin yll\u00e4pit\u00e4mien kiinteist\u00f6jen hiilidioksidip\u00e4\u00e4st\u00f6j\u00e4 on onnistuttu v\u00e4hent\u00e4m\u00e4\u00e4n merkitt\u00e4v\u00e4sti tehostamalla energiankulutusta, kasvattamalla uusiutuvien energianl\u00e4hteiden k\u00e4ytt\u00f6\u00e4 ja parantamalla tilatehokkuutta. Suuria p\u00e4\u00e4st\u00f6v\u00e4hennyksi\u00e4 uusiutuvan energian k\u00e4yt\u00f6st\u00e4 Senaatti-kiinteist\u00f6t osti vuonna 2018 kiinteist\u00f6ihins\u00e4 100 prosenttisesti uusiutuvilla energianl\u00e4hteill\u00e4 tuotettua s\u00e4hk\u00f6\u00e4. Lis\u00e4ksi viime vuonna hankittiin ensimm\u00e4ist\u00e4 kertaa puupelleteill\u00e4 tuotettua, uusiutuvaa kaukol\u00e4mp\u00f6\u00e4, joka kattoi 60 % p\u00e4\u00e4kaupunkiseudun Senaatin [&hellip;]","og_url":"https:\/\/www.senaatti.fi\/yhteiskuntavastuuraportti2018\/vastuullisuus-senaatissa\/ymparisto\/paastot-ilmaan\/","og_site_name":"Yhteiskuntavastuuraportti 2018","article_modified_time":"2024-08-30T13:38:45+00:00","og_image":[{"url":"https:\/\/www.senaatti.fi\/app_ykv_archive\/uploads\/sites\/7\/2019\/03\/lokit-3384672-1024x595.jpg"}],"twitter_card":"summary_large_image","twitter_misc":{"Est. reading time":"2 minutes"},"schema":{"@context":"https:\/\/schema.org","@graph":[{"@type":"WebPage","@id":"https:\/\/www.senaatti.fi\/yhteiskuntavastuuraportti2018\/vastuullisuus-senaatissa\/ymparisto\/paastot-ilmaan\/","url":"https:\/\/www.senaatti.fi\/yhteiskuntavastuuraportti2018\/vastuullisuus-senaatissa\/ymparisto\/paastot-ilmaan\/","name":"P\u00e4\u00e4st\u00f6t ilmaan - Yhteiskuntavastuuraportti 2018","isPartOf":{"@id":"https:\/\/www.senaatti.fi\/yhteiskuntavastuuraportti2018\/#website"},"primaryImageOfPage":{"@id":"https:\/\/www.senaatti.fi\/yhteiskuntavastuuraportti2018\/vastuullisuus-senaatissa\/ymparisto\/paastot-ilmaan\/#primaryimage"},"image":{"@id":"https:\/\/www.senaatti.fi\/yhteiskuntavastuuraportti2018\/vastuullisuus-senaatissa\/ymparisto\/paastot-ilmaan\/#primaryimage"},"thumbnailUrl":"https:\/\/www.senaatti.fi\/app_ykv_archive\/uploads\/sites\/7\/2019\/03\/lokit-3384672-1024x595.jpg","datePublished":"2018-01-29T11:08:58+00:00","dateModified":"2024-08-30T13:38:45+00:00","breadcrumb":{"@id":"https:\/\/www.senaatti.fi\/yhteiskuntavastuuraportti2018\/vastuullisuus-senaatissa\/ymparisto\/paastot-ilmaan\/#breadcrumb"},"inLanguage":"en-US","potentialAction":[{"@type":"ReadAction","target":["https:\/\/www.senaatti.fi\/yhteiskuntavastuuraportti2018\/vastuullisuus-senaatissa\/ymparisto\/paastot-ilmaan\/"]}]},{"@type":"ImageObject","inLanguage":"en-US","@id":"https:\/\/www.senaatti.fi\/yhteiskuntavastuuraportti2018\/vastuullisuus-senaatissa\/ymparisto\/paastot-ilmaan\/#primaryimage","url":"https:\/\/www.senaatti.fi\/app_ykv_archive\/uploads\/sites\/7\/2019\/03\/lokit-3384672-1024x595.jpg","contentUrl":"https:\/\/www.senaatti.fi\/app_ykv_archive\/uploads\/sites\/7\/2019\/03\/lokit-3384672-1024x595.jpg"},{"@type":"BreadcrumbList","@id":"https:\/\/www.senaatti.fi\/yhteiskuntavastuuraportti2018\/vastuullisuus-senaatissa\/ymparisto\/paastot-ilmaan\/#breadcrumb","itemListElement":[{"@type":"ListItem","position":1,"name":"Home","item":"https:\/\/www.senaatti.fi\/yhteiskuntavastuuraportti2018\/"},{"@type":"ListItem","position":2,"name":"Vastuullisuus Senaatissa","item":"https:\/\/www.senaatti.fi\/yhteiskuntavastuuraportti2018\/vastuullisuus-senaatissa\/"},{"@type":"ListItem","position":3,"name":"Ymp\u00e4rist\u00f6","item":"https:\/\/www.senaatti.fi\/yhteiskuntavastuuraportti2018\/vastuullisuus-senaatissa\/ymparisto\/"},{"@type":"ListItem","position":4,"name":"P\u00e4\u00e4st\u00f6t ilmaan"}]},{"@type":"WebSite","@id":"https:\/\/www.senaatti.fi\/yhteiskuntavastuuraportti2018\/#website","url":"https:\/\/www.senaatti.fi\/yhteiskuntavastuuraportti2018\/","name":"Yhteiskuntavastuuraportti 2018","description":"","potentialAction":[{"@type":"SearchAction","target":{"@type":"EntryPoint","urlTemplate":"https:\/\/www.senaatti.fi\/yhteiskuntavastuuraportti2018\/?s={search_term_string}"},"query-input":{"@type":"PropertyValueSpecification","valueRequired":true,"valueName":"search_term_string"}}],"inLanguage":"en-US"}]}},"_links":{"self":[{"href":"https:\/\/www.senaatti.fi\/yhteiskuntavastuuraportti2018\/wp-json\/wp\/v2\/pages\/85","targetHints":{"allow":["GET"]}}],"collection":[{"href":"https:\/\/www.senaatti.fi\/yhteiskuntavastuuraportti2018\/wp-json\/wp\/v2\/pages"}],"about":[{"href":"https:\/\/www.senaatti.fi\/yhteiskuntavastuuraportti2018\/wp-json\/wp\/v2\/types\/page"}],"author":[{"embeddable":true,"href":"https:\/\/www.senaatti.fi\/yhteiskuntavastuuraportti2018\/wp-json\/wp\/v2\/users\/11"}],"replies":[{"embeddable":true,"href":"https:\/\/www.senaatti.fi\/yhteiskuntavastuuraportti2018\/wp-json\/wp\/v2\/comments?post=85"}],"version-history":[{"count":13,"href":"https:\/\/www.senaatti.fi\/yhteiskuntavastuuraportti2018\/wp-json\/wp\/v2\/pages\/85\/revisions"}],"predecessor-version":[{"id":2423,"href":"https:\/\/www.senaatti.fi\/yhteiskuntavastuuraportti2018\/wp-json\/wp\/v2\/pages\/85\/revisions\/2423"}],"up":[{"embeddable":true,"href":"https:\/\/www.senaatti.fi\/yhteiskuntavastuuraportti2018\/wp-json\/wp\/v2\/pages\/81"}],"wp:attachment":[{"href":"https:\/\/www.senaatti.fi\/yhteiskuntavastuuraportti2018\/wp-json\/wp\/v2\/media?parent=85"}],"curies":[{"name":"wp","href":"https:\/\/api.w.org\/{rel}","templated":true}]}}