{"id":81,"date":"2018-01-29T11:08:32","date_gmt":"2018-01-29T11:08:32","guid":{"rendered":"https:\/\/www.senaatti.fi\/yhteiskuntavastuuraportti2018\/?page_id=81"},"modified":"2019-03-29T06:48:26","modified_gmt":"2019-03-29T06:48:26","slug":"ymparisto","status":"publish","type":"page","link":"https:\/\/www.senaatti.fi\/yhteiskuntavastuuraportti2018\/vastuullisuus-senaatissa\/ymparisto\/","title":{"rendered":"Ymp\u00e4rist\u00f6"},"content":{"rendered":"<p><img loading=\"lazy\" decoding=\"async\" class=\"size-large wp-image-1510 alignnone\" src=\"https:\/\/www.senaatti.fi\/app_ykv_archive\/uploads\/sites\/7\/2019\/03\/luonto10-1024x605.jpg\" alt=\"\" width=\"1024\" height=\"605\" srcset=\"https:\/\/www.senaatti.fi\/app_ykv_archive\/uploads\/sites\/7\/2019\/03\/luonto10-1024x605.jpg 1024w, https:\/\/www.senaatti.fi\/app_ykv_archive\/uploads\/sites\/7\/2019\/03\/luonto10-300x177.jpg 300w, https:\/\/www.senaatti.fi\/app_ykv_archive\/uploads\/sites\/7\/2019\/03\/luonto10-768x454.jpg 768w, https:\/\/www.senaatti.fi\/app_ykv_archive\/uploads\/sites\/7\/2019\/03\/luonto10.jpg 1600w\" sizes=\"auto, (max-width: 1024px) 100vw, 1024px\" \/><\/p>\n<p>Senaatti-kiinteist\u00f6t on tunnistanut merkitt\u00e4vimmiksi ymp\u00e4rist\u00f6n\u00e4k\u00f6kohdikseen energian kulutuksen ja t\u00e4st\u00e4 aiheutuvat p\u00e4\u00e4st\u00f6t ilmaan, rakennusmateriaalien valinnan ja k\u00e4yt\u00f6n, luonnon monimuotoisuuden, pilaantuneet maa-alueet sek\u00e4 j\u00e4tteet.<\/p>\n<p>Pyrimme minimoimaan toiminnastamme aiheutuvia haitallisia ymp\u00e4rist\u00f6vaikutuksia ja kehit\u00e4mme ymp\u00e4rist\u00f6n kannalta kest\u00e4vi\u00e4 toimintatapoja. Ymp\u00e4rist\u00f6ty\u00f6mme kulmakivi\u00e4 ovatkin energiatehokkuuden sek\u00e4 kiertotalouden kehitt\u00e4minen, luonnon monimuotoisuuden turvaaminen ja pilaantuneiden maiden hallinta.<\/p>\n<h2>Aktiivinen ymp\u00e4rist\u00f6ty\u00f6 osana normaalia toimintaa<\/h2>\n<p>Vuonna 2018 Senaatin yhteiskuntavastuuasioiden johtamisj\u00e4rjestelm\u00e4n ulkoisessa auditoinnissa keskityttiin kiinteist\u00f6jen myyntiprosessin vastuullisuuteen. Sis\u00e4isiss\u00e4 auditoinneissa keskityttiin l\u00f6yt\u00e4m\u00e4\u00e4n kehitysehdotuksia sis\u00e4olosuhteisiin liittyen.<\/p>\n<p>Vuonna 2018 Senaatin kaikissa kohteissa k\u00e4ytettiin ainoastaan uusiutuvilla energianl\u00e4hteill\u00e4 tuotettua s\u00e4hk\u00f6\u00e4 (50 prosenttia vuonna 2017). P\u00e4\u00e4kaupunkiseudulla Senaatin kokonaisvuokrakohteet l\u00e4mpesiv\u00e4t ensimm\u00e4ist\u00e4 kertaa viime vuonna 60 prosenttisesti uusiutuvalla kaukol\u00e4mm\u00f6ll\u00e4. Kuten aiemminkin, Senaatti-kiinteist\u00f6t on aktiivisesti mukana energiatehokkuuden parantamisessa ja osallistuu muun muassa kiinteist\u00f6alan energiatehokkuussopimuksen toimenpideohjelman (TETS) toteuttamiseen. Senaatissa aloitettiin my\u00f6s uuden energiank\u00e4yt\u00f6n tehostamissuunnitelman laatiminen.<\/p>\n<blockquote><p>Uusiutuvan energian osuuden kasvattaminen yhdess\u00e4 energiatehokkuus- ja tilank\u00e4yt\u00f6n tehostamistoimien kanssa pienensi Senaatin p\u00e4\u00e4st\u00f6j\u00e4 huomattavasti edelliseen vuoteen verrattuna.<\/p><\/blockquote>\n<p>Toimintaamme tarkasteltiin viime vuonna my\u00f6s kiertotalouden n\u00e4k\u00f6kulmasta. Koemme asian niin t\u00e4rke\u00e4ksi, ett\u00e4 se nostettiin uudeksi yhteiskuntavastuuohjelmaksemme tulevalle strategiakaudelle. Tavoitteenamme on toimia kiertotalouden periaatteiden mukaisesti, p\u00e4\u00e4fokuksessa rakennus- ja kunnossapitohankkeet sek\u00e4 ty\u00f6ymp\u00e4rist\u00f6projektit. J\u00e4rjestimme loppuvuodesta 2018\u00a0 yhdess\u00e4 WWF:n kanssa kiertotalousaiheisen seminaarin, jonka teemana oli kiertotalous valtiolla, n\u00e4k\u00f6kulmina yhteisk\u00e4ytt\u00f6isyys ja ilmasto.<\/p>\n<p>Vuonna 2018 Senaatti hy\u00f6dynsi kest\u00e4v\u00e4n rakentamisen varmistamiseen ja todentamiseen t\u00e4ht\u00e4\u00e4v\u00e4\u00e4 RT-ymp\u00e4rist\u00f6ty\u00f6kalua yhteens\u00e4 27 hankkeessa. Kyseess\u00e4 on rakennushankkeiden kest\u00e4v\u00e4n kehityksen huomioiva ja todentava luokitusj\u00e4rjestelm\u00e4, jonka kehitt\u00e4miseen Senaatti on aktiivisesti osallistunut. J\u00e4rjestelm\u00e4n t\u00e4rkeimm\u00e4t arviointikriteerit ovat rakennuksen yll\u00e4pidett\u00e4vyys, energiatehokkuus, ymp\u00e4rist\u00f6asiat rakennuksen elinkaaren aikana sek\u00e4 sis\u00e4ilman laatu ja terveellisyys.<\/p>\n<p>Ty\u00f6 luonnon monimuotoisuuden eteen jatkui suunnitellusti viime vuonna, kun 18 luontoselvityst\u00e4 teetettiin Senaatin kehitt\u00e4m\u00e4n luontoselvitysmallin mukaisesti. Ty\u00f6 jatkuu luontoselvitysten tekemisell\u00e4 uusissa kohteissa sek\u00e4 saatujen selvitystulosten hy\u00f6dynt\u00e4misell\u00e4 kohteiden hoidossa ja kehitt\u00e4misess\u00e4.<\/p>\n","protected":false},"excerpt":{"rendered":"<p>Senaatti-kiinteist\u00f6t on tunnistanut merkitt\u00e4vimmiksi ymp\u00e4rist\u00f6n\u00e4k\u00f6kohdikseen energian kulutuksen ja t\u00e4st\u00e4 aiheutuvat p\u00e4\u00e4st\u00f6t ilmaan, rakennusmateriaalien valinnan ja k\u00e4yt\u00f6n, luonnon monimuotoisuuden, pilaantuneet maa-alueet sek\u00e4 j\u00e4tteet. Pyrimme minimoimaan toiminnastamme aiheutuvia haitallisia ymp\u00e4rist\u00f6vaikutuksia ja kehit\u00e4mme ymp\u00e4rist\u00f6n kannalta kest\u00e4vi\u00e4 toimintatapoja. Ymp\u00e4rist\u00f6ty\u00f6mme kulmakivi\u00e4 ovatkin energiatehokkuuden sek\u00e4 kiertotalouden kehitt\u00e4minen, luonnon monimuotoisuuden turvaaminen ja pilaantuneiden maiden hallinta. Aktiivinen ymp\u00e4rist\u00f6ty\u00f6 osana normaalia toimintaa Vuonna 2018 [&hellip;]<\/p>\n","protected":false},"author":11,"featured_media":0,"parent":63,"menu_order":8,"comment_status":"closed","ping_status":"closed","template":"","meta":{"_acf_changed":false,"footnotes":""},"class_list":["post-81","page","type-page","status-publish","hentry"],"acf":[],"yoast_head":"<!-- This site is optimized with the Yoast SEO plugin v23.9 - https:\/\/yoast.com\/wordpress\/plugins\/seo\/ -->\n<title>Ymp\u00e4rist\u00f6 - Yhteiskuntavastuuraportti 2018<\/title>\n<meta name=\"robots\" content=\"index, follow, max-snippet:-1, max-image-preview:large, max-video-preview:-1\" \/>\n<link rel=\"canonical\" href=\"https:\/\/www.senaatti.fi\/yhteiskuntavastuuraportti2018\/vastuullisuus-senaatissa\/ymparisto\/\" \/>\n<meta property=\"og:locale\" content=\"en_US\" \/>\n<meta property=\"og:type\" content=\"article\" \/>\n<meta property=\"og:title\" content=\"Ymp\u00e4rist\u00f6 - Yhteiskuntavastuuraportti 2018\" \/>\n<meta property=\"og:description\" content=\"Senaatti-kiinteist\u00f6t on tunnistanut merkitt\u00e4vimmiksi ymp\u00e4rist\u00f6n\u00e4k\u00f6kohdikseen energian kulutuksen ja t\u00e4st\u00e4 aiheutuvat p\u00e4\u00e4st\u00f6t ilmaan, rakennusmateriaalien valinnan ja k\u00e4yt\u00f6n, luonnon monimuotoisuuden, pilaantuneet maa-alueet sek\u00e4 j\u00e4tteet. Pyrimme minimoimaan toiminnastamme aiheutuvia haitallisia ymp\u00e4rist\u00f6vaikutuksia ja kehit\u00e4mme ymp\u00e4rist\u00f6n kannalta kest\u00e4vi\u00e4 toimintatapoja. Ymp\u00e4rist\u00f6ty\u00f6mme kulmakivi\u00e4 ovatkin energiatehokkuuden sek\u00e4 kiertotalouden kehitt\u00e4minen, luonnon monimuotoisuuden turvaaminen ja pilaantuneiden maiden hallinta. Aktiivinen ymp\u00e4rist\u00f6ty\u00f6 osana normaalia toimintaa Vuonna 2018 [&hellip;]\" \/>\n<meta property=\"og:url\" content=\"https:\/\/www.senaatti.fi\/yhteiskuntavastuuraportti2018\/vastuullisuus-senaatissa\/ymparisto\/\" \/>\n<meta property=\"og:site_name\" content=\"Yhteiskuntavastuuraportti 2018\" \/>\n<meta property=\"article:modified_time\" content=\"2019-03-29T06:48:26+00:00\" \/>\n<meta property=\"og:image\" content=\"https:\/\/www.senaatti.fi\/app_ykv_archive\/uploads\/sites\/7\/2019\/03\/luonto10-1024x605.jpg\" \/>\n<meta name=\"twitter:card\" content=\"summary_large_image\" \/>\n<meta name=\"twitter:label1\" content=\"Est. reading time\" \/>\n\t<meta name=\"twitter:data1\" content=\"2 minutes\" \/>\n<script type=\"application\/ld+json\" class=\"yoast-schema-graph\">{\"@context\":\"https:\/\/schema.org\",\"@graph\":[{\"@type\":\"WebPage\",\"@id\":\"https:\/\/www.senaatti.fi\/yhteiskuntavastuuraportti2018\/vastuullisuus-senaatissa\/ymparisto\/\",\"url\":\"https:\/\/www.senaatti.fi\/yhteiskuntavastuuraportti2018\/vastuullisuus-senaatissa\/ymparisto\/\",\"name\":\"Ymp\u00e4rist\u00f6 - Yhteiskuntavastuuraportti 2018\",\"isPartOf\":{\"@id\":\"https:\/\/www.senaatti.fi\/yhteiskuntavastuuraportti2018\/#website\"},\"primaryImageOfPage\":{\"@id\":\"https:\/\/www.senaatti.fi\/yhteiskuntavastuuraportti2018\/vastuullisuus-senaatissa\/ymparisto\/#primaryimage\"},\"image\":{\"@id\":\"https:\/\/www.senaatti.fi\/yhteiskuntavastuuraportti2018\/vastuullisuus-senaatissa\/ymparisto\/#primaryimage\"},\"thumbnailUrl\":\"https:\/\/www.senaatti.fi\/app_ykv_archive\/uploads\/sites\/7\/2019\/03\/luonto10-1024x605.jpg\",\"datePublished\":\"2018-01-29T11:08:32+00:00\",\"dateModified\":\"2019-03-29T06:48:26+00:00\",\"breadcrumb\":{\"@id\":\"https:\/\/www.senaatti.fi\/yhteiskuntavastuuraportti2018\/vastuullisuus-senaatissa\/ymparisto\/#breadcrumb\"},\"inLanguage\":\"en-US\",\"potentialAction\":[{\"@type\":\"ReadAction\",\"target\":[\"https:\/\/www.senaatti.fi\/yhteiskuntavastuuraportti2018\/vastuullisuus-senaatissa\/ymparisto\/\"]}]},{\"@type\":\"ImageObject\",\"inLanguage\":\"en-US\",\"@id\":\"https:\/\/www.senaatti.fi\/yhteiskuntavastuuraportti2018\/vastuullisuus-senaatissa\/ymparisto\/#primaryimage\",\"url\":\"https:\/\/www.senaatti.fi\/app_ykv_archive\/uploads\/sites\/7\/2019\/03\/luonto10-1024x605.jpg\",\"contentUrl\":\"https:\/\/www.senaatti.fi\/app_ykv_archive\/uploads\/sites\/7\/2019\/03\/luonto10-1024x605.jpg\"},{\"@type\":\"BreadcrumbList\",\"@id\":\"https:\/\/www.senaatti.fi\/yhteiskuntavastuuraportti2018\/vastuullisuus-senaatissa\/ymparisto\/#breadcrumb\",\"itemListElement\":[{\"@type\":\"ListItem\",\"position\":1,\"name\":\"Home\",\"item\":\"https:\/\/www.senaatti.fi\/yhteiskuntavastuuraportti2018\/\"},{\"@type\":\"ListItem\",\"position\":2,\"name\":\"Vastuullisuus Senaatissa\",\"item\":\"https:\/\/www.senaatti.fi\/yhteiskuntavastuuraportti2018\/vastuullisuus-senaatissa\/\"},{\"@type\":\"ListItem\",\"position\":3,\"name\":\"Ymp\u00e4rist\u00f6\"}]},{\"@type\":\"WebSite\",\"@id\":\"https:\/\/www.senaatti.fi\/yhteiskuntavastuuraportti2018\/#website\",\"url\":\"https:\/\/www.senaatti.fi\/yhteiskuntavastuuraportti2018\/\",\"name\":\"Yhteiskuntavastuuraportti 2018\",\"description\":\"\",\"potentialAction\":[{\"@type\":\"SearchAction\",\"target\":{\"@type\":\"EntryPoint\",\"urlTemplate\":\"https:\/\/www.senaatti.fi\/yhteiskuntavastuuraportti2018\/?s={search_term_string}\"},\"query-input\":{\"@type\":\"PropertyValueSpecification\",\"valueRequired\":true,\"valueName\":\"search_term_string\"}}],\"inLanguage\":\"en-US\"}]}<\/script>\n<!-- \/ Yoast SEO plugin. -->","yoast_head_json":{"title":"Ymp\u00e4rist\u00f6 - Yhteiskuntavastuuraportti 2018","robots":{"index":"index","follow":"follow","max-snippet":"max-snippet:-1","max-image-preview":"max-image-preview:large","max-video-preview":"max-video-preview:-1"},"canonical":"https:\/\/www.senaatti.fi\/yhteiskuntavastuuraportti2018\/vastuullisuus-senaatissa\/ymparisto\/","og_locale":"en_US","og_type":"article","og_title":"Ymp\u00e4rist\u00f6 - Yhteiskuntavastuuraportti 2018","og_description":"Senaatti-kiinteist\u00f6t on tunnistanut merkitt\u00e4vimmiksi ymp\u00e4rist\u00f6n\u00e4k\u00f6kohdikseen energian kulutuksen ja t\u00e4st\u00e4 aiheutuvat p\u00e4\u00e4st\u00f6t ilmaan, rakennusmateriaalien valinnan ja k\u00e4yt\u00f6n, luonnon monimuotoisuuden, pilaantuneet maa-alueet sek\u00e4 j\u00e4tteet. Pyrimme minimoimaan toiminnastamme aiheutuvia haitallisia ymp\u00e4rist\u00f6vaikutuksia ja kehit\u00e4mme ymp\u00e4rist\u00f6n kannalta kest\u00e4vi\u00e4 toimintatapoja. Ymp\u00e4rist\u00f6ty\u00f6mme kulmakivi\u00e4 ovatkin energiatehokkuuden sek\u00e4 kiertotalouden kehitt\u00e4minen, luonnon monimuotoisuuden turvaaminen ja pilaantuneiden maiden hallinta. Aktiivinen ymp\u00e4rist\u00f6ty\u00f6 osana normaalia toimintaa Vuonna 2018 [&hellip;]","og_url":"https:\/\/www.senaatti.fi\/yhteiskuntavastuuraportti2018\/vastuullisuus-senaatissa\/ymparisto\/","og_site_name":"Yhteiskuntavastuuraportti 2018","article_modified_time":"2019-03-29T06:48:26+00:00","og_image":[{"url":"https:\/\/www.senaatti.fi\/app_ykv_archive\/uploads\/sites\/7\/2019\/03\/luonto10-1024x605.jpg"}],"twitter_card":"summary_large_image","twitter_misc":{"Est. reading time":"2 minutes"},"schema":{"@context":"https:\/\/schema.org","@graph":[{"@type":"WebPage","@id":"https:\/\/www.senaatti.fi\/yhteiskuntavastuuraportti2018\/vastuullisuus-senaatissa\/ymparisto\/","url":"https:\/\/www.senaatti.fi\/yhteiskuntavastuuraportti2018\/vastuullisuus-senaatissa\/ymparisto\/","name":"Ymp\u00e4rist\u00f6 - Yhteiskuntavastuuraportti 2018","isPartOf":{"@id":"https:\/\/www.senaatti.fi\/yhteiskuntavastuuraportti2018\/#website"},"primaryImageOfPage":{"@id":"https:\/\/www.senaatti.fi\/yhteiskuntavastuuraportti2018\/vastuullisuus-senaatissa\/ymparisto\/#primaryimage"},"image":{"@id":"https:\/\/www.senaatti.fi\/yhteiskuntavastuuraportti2018\/vastuullisuus-senaatissa\/ymparisto\/#primaryimage"},"thumbnailUrl":"https:\/\/www.senaatti.fi\/app_ykv_archive\/uploads\/sites\/7\/2019\/03\/luonto10-1024x605.jpg","datePublished":"2018-01-29T11:08:32+00:00","dateModified":"2019-03-29T06:48:26+00:00","breadcrumb":{"@id":"https:\/\/www.senaatti.fi\/yhteiskuntavastuuraportti2018\/vastuullisuus-senaatissa\/ymparisto\/#breadcrumb"},"inLanguage":"en-US","potentialAction":[{"@type":"ReadAction","target":["https:\/\/www.senaatti.fi\/yhteiskuntavastuuraportti2018\/vastuullisuus-senaatissa\/ymparisto\/"]}]},{"@type":"ImageObject","inLanguage":"en-US","@id":"https:\/\/www.senaatti.fi\/yhteiskuntavastuuraportti2018\/vastuullisuus-senaatissa\/ymparisto\/#primaryimage","url":"https:\/\/www.senaatti.fi\/app_ykv_archive\/uploads\/sites\/7\/2019\/03\/luonto10-1024x605.jpg","contentUrl":"https:\/\/www.senaatti.fi\/app_ykv_archive\/uploads\/sites\/7\/2019\/03\/luonto10-1024x605.jpg"},{"@type":"BreadcrumbList","@id":"https:\/\/www.senaatti.fi\/yhteiskuntavastuuraportti2018\/vastuullisuus-senaatissa\/ymparisto\/#breadcrumb","itemListElement":[{"@type":"ListItem","position":1,"name":"Home","item":"https:\/\/www.senaatti.fi\/yhteiskuntavastuuraportti2018\/"},{"@type":"ListItem","position":2,"name":"Vastuullisuus Senaatissa","item":"https:\/\/www.senaatti.fi\/yhteiskuntavastuuraportti2018\/vastuullisuus-senaatissa\/"},{"@type":"ListItem","position":3,"name":"Ymp\u00e4rist\u00f6"}]},{"@type":"WebSite","@id":"https:\/\/www.senaatti.fi\/yhteiskuntavastuuraportti2018\/#website","url":"https:\/\/www.senaatti.fi\/yhteiskuntavastuuraportti2018\/","name":"Yhteiskuntavastuuraportti 2018","description":"","potentialAction":[{"@type":"SearchAction","target":{"@type":"EntryPoint","urlTemplate":"https:\/\/www.senaatti.fi\/yhteiskuntavastuuraportti2018\/?s={search_term_string}"},"query-input":{"@type":"PropertyValueSpecification","valueRequired":true,"valueName":"search_term_string"}}],"inLanguage":"en-US"}]}},"_links":{"self":[{"href":"https:\/\/www.senaatti.fi\/yhteiskuntavastuuraportti2018\/wp-json\/wp\/v2\/pages\/81","targetHints":{"allow":["GET"]}}],"collection":[{"href":"https:\/\/www.senaatti.fi\/yhteiskuntavastuuraportti2018\/wp-json\/wp\/v2\/pages"}],"about":[{"href":"https:\/\/www.senaatti.fi\/yhteiskuntavastuuraportti2018\/wp-json\/wp\/v2\/types\/page"}],"author":[{"embeddable":true,"href":"https:\/\/www.senaatti.fi\/yhteiskuntavastuuraportti2018\/wp-json\/wp\/v2\/users\/11"}],"replies":[{"embeddable":true,"href":"https:\/\/www.senaatti.fi\/yhteiskuntavastuuraportti2018\/wp-json\/wp\/v2\/comments?post=81"}],"version-history":[{"count":12,"href":"https:\/\/www.senaatti.fi\/yhteiskuntavastuuraportti2018\/wp-json\/wp\/v2\/pages\/81\/revisions"}],"predecessor-version":[{"id":2089,"href":"https:\/\/www.senaatti.fi\/yhteiskuntavastuuraportti2018\/wp-json\/wp\/v2\/pages\/81\/revisions\/2089"}],"up":[{"embeddable":true,"href":"https:\/\/www.senaatti.fi\/yhteiskuntavastuuraportti2018\/wp-json\/wp\/v2\/pages\/63"}],"wp:attachment":[{"href":"https:\/\/www.senaatti.fi\/yhteiskuntavastuuraportti2018\/wp-json\/wp\/v2\/media?parent=81"}],"curies":[{"name":"wp","href":"https:\/\/api.w.org\/{rel}","templated":true}]}}