{"id":77,"date":"2018-01-29T11:08:05","date_gmt":"2018-01-29T11:08:05","guid":{"rendered":"https:\/\/www.senaatti.fi\/yhteiskuntavastuuraportti2018\/?page_id=77"},"modified":"2019-03-29T13:23:02","modified_gmt":"2019-03-29T13:23:02","slug":"asiakkaat","status":"publish","type":"page","link":"https:\/\/www.senaatti.fi\/yhteiskuntavastuuraportti2018\/vastuullisuus-senaatissa\/sidosryhmat\/asiakkaat\/","title":{"rendered":"Asiakkaat"},"content":{"rendered":"<p><img loading=\"lazy\" decoding=\"async\" class=\"alignnone wp-image-1361 size-large\" src=\"https:\/\/www.senaatti.fi\/app_ykv_archive\/uploads\/sites\/7\/2019\/02\/Senaatti_MML_Turku_13-2200px-1024x427.jpg\" alt=\"\" width=\"1024\" height=\"427\" srcset=\"https:\/\/www.senaatti.fi\/app_ykv_archive\/uploads\/sites\/7\/2019\/02\/Senaatti_MML_Turku_13-2200px-1024x427.jpg 1024w, https:\/\/www.senaatti.fi\/app_ykv_archive\/uploads\/sites\/7\/2019\/02\/Senaatti_MML_Turku_13-2200px-300x125.jpg 300w, https:\/\/www.senaatti.fi\/app_ykv_archive\/uploads\/sites\/7\/2019\/02\/Senaatti_MML_Turku_13-2200px-768x320.jpg 768w, https:\/\/www.senaatti.fi\/app_ykv_archive\/uploads\/sites\/7\/2019\/02\/Senaatti_MML_Turku_13-2200px-1600x667.jpg 1600w, https:\/\/www.senaatti.fi\/app_ykv_archive\/uploads\/sites\/7\/2019\/02\/Senaatti_MML_Turku_13-2200px.jpg 2200w\" sizes=\"auto, (max-width: 1024px) 100vw, 1024px\" \/><\/p>\n<p>Senaatti-kiinteist\u00f6t on valtionhallinnon palveluyksikk\u00f6 ja sen asiakaskunta koostuu valtionhallinnon toimijoista, joiden kanssa se toimii tiiviiss\u00e4 ja aktiivisessa yhteisty\u00f6ss\u00e4 ty\u00f6ymp\u00e4rist\u00f6ihin, uusiin ty\u00f6nteon tapoihin ja toimitiloihin liittyviss\u00e4 asioissa.\u00a0 Valtiolla on yli 70 000 ty\u00f6ntekij\u00e4\u00e4.<\/p>\n<p>Vuonna 2018 jatkoimme asiakaskokemuksen kehitysty\u00f6t\u00e4, jota ohjaa jatkossa uusi strategiatason kuvaus Senaatin asiakaskokemuksen johtamisj\u00e4rjestelm\u00e4st\u00e4.<\/p>\n<p>Johtamisj\u00e4rjestelm\u00e4 koostuu nelj\u00e4st\u00e4 vaiheesta, joissa keskityttiin vuonna 2018 seuraaviin asioihin:<\/p>\n<p><strong> <img loading=\"lazy\" decoding=\"async\" class=\"alignleft wp-image-1726\" src=\"https:\/\/www.senaatti.fi\/app_ykv_archive\/uploads\/sites\/7\/2019\/03\/asiakas-tavoitteet.jpg\" alt=\"asiakas tavoitteet ikoni\" width=\"50\" height=\"50\" srcset=\"https:\/\/www.senaatti.fi\/app_ykv_archive\/uploads\/sites\/7\/2019\/03\/asiakas-tavoitteet.jpg 418w, https:\/\/www.senaatti.fi\/app_ykv_archive\/uploads\/sites\/7\/2019\/03\/asiakas-tavoitteet-150x150.jpg 150w, https:\/\/www.senaatti.fi\/app_ykv_archive\/uploads\/sites\/7\/2019\/03\/asiakas-tavoitteet-300x300.jpg 300w\" sizes=\"auto, (max-width: 50px) 100vw, 50px\" \/>Asiakaskokemuksen tavoitteet ja mittarit<\/strong><\/p>\n<p>M\u00e4\u00e4ritimme asiakaskokemuksen yleisen tahtotilan ja kuvasimme tavoiteltua asiakaskokemusta tarkemmin asiakkaan polun kohtaamispisteiss\u00e4.<\/p>\n<p><strong><img loading=\"lazy\" decoding=\"async\" class=\"alignleft wp-image-1725\" src=\"https:\/\/www.senaatti.fi\/app_ykv_archive\/uploads\/sites\/7\/2019\/03\/asiakas-oppiminen.jpg\" alt=\"asiakas oppiminen ikoni\" width=\"50\" height=\"50\" srcset=\"https:\/\/www.senaatti.fi\/app_ykv_archive\/uploads\/sites\/7\/2019\/03\/asiakas-oppiminen.jpg 418w, https:\/\/www.senaatti.fi\/app_ykv_archive\/uploads\/sites\/7\/2019\/03\/asiakas-oppiminen-150x150.jpg 150w, https:\/\/www.senaatti.fi\/app_ykv_archive\/uploads\/sites\/7\/2019\/03\/asiakas-oppiminen-300x300.jpg 300w\" sizes=\"auto, (max-width: 50px) 100vw, 50px\" \/> Asiakaskokemuksen ja osaamisen kehitt\u00e4minen<\/strong><\/p>\n<p>Asiakkaan polku -kuvausta ty\u00f6stettiin Senaatin yksikk\u00f6kohtaisissa ty\u00f6pajoissa, joissa tunnistettiin roolit ja vaikutusmahdollisuudet asiakkaan polun eri kohtaamispisteiss\u00e4. Ty\u00f6pajoissa pohdittiin, mitk\u00e4 asiat edist\u00e4v\u00e4t paremman asiakaskokemuksen syntymist\u00e4 ja mitk\u00e4 ovat sen suurimmat esteet. Lis\u00e4ksi pohdittiin asiakaskokemuksen kehitysideoita, joista parhaiksi priorisoidut toteutetaan kehitysprojekteina.<\/p>\n<p><strong><img loading=\"lazy\" decoding=\"async\" class=\"alignleft wp-image-1724\" src=\"https:\/\/www.senaatti.fi\/app_ykv_archive\/uploads\/sites\/7\/2019\/03\/asiakas-mittaaminen.jpg\" alt=\"asiakas mittaaminen ikoni\" width=\"50\" height=\"50\" srcset=\"https:\/\/www.senaatti.fi\/app_ykv_archive\/uploads\/sites\/7\/2019\/03\/asiakas-mittaaminen.jpg 418w, https:\/\/www.senaatti.fi\/app_ykv_archive\/uploads\/sites\/7\/2019\/03\/asiakas-mittaaminen-150x150.jpg 150w, https:\/\/www.senaatti.fi\/app_ykv_archive\/uploads\/sites\/7\/2019\/03\/asiakas-mittaaminen-300x300.jpg 300w\" sizes=\"auto, (max-width: 50px) 100vw, 50px\" \/>Asiakaskokemuksen mittaaminen ja asiakaspalautteen ker\u00e4\u00e4minen<\/strong><\/p>\n<p>Senaatin tavoitteena on jatkossa selvitt\u00e4\u00e4 asiakkaiden kokemusta jatkuvammin arjessa ja muutoshankkeissa. Pilotoimme asiakaskokemuksen pulssikyselyit\u00e4 verkkokyselyin\u00e4 muutoshankkeessa olevilla asiakkaillamme sek\u00e4 kymmenen asiakkaamme omissa tiloissa. M\u00e4\u00e4ritimme jatkossa laajemmin toteutettaville pulssikyselyille mittauspisteet asiakaan polulla. Loppuvuonna aktivoiduimme kuuntelemaan asiakkaidemme ajankohtaisia kuulumisia Mit\u00e4 kuuluu -kampanjassa. Kiinteist\u00f6p\u00e4\u00e4llik\u00f6t ja asiakasp\u00e4\u00e4llik\u00f6t k\u00e4viv\u00e4t kampanja-aikana asiakkaan luona sek\u00e4 asiakaslounailla keskustelemassa ja ker\u00e4\u00e4m\u00e4ss\u00e4 palautetta asiakkailtamme.<\/p>\n<p><strong><img loading=\"lazy\" decoding=\"async\" class=\"alignleft wp-image-1723\" src=\"https:\/\/www.senaatti.fi\/app_ykv_archive\/uploads\/sites\/7\/2019\/03\/asiakas-analyysi.jpg\" alt=\"asiakas analyysi ikoni\" width=\"50\" height=\"50\" srcset=\"https:\/\/www.senaatti.fi\/app_ykv_archive\/uploads\/sites\/7\/2019\/03\/asiakas-analyysi.jpg 418w, https:\/\/www.senaatti.fi\/app_ykv_archive\/uploads\/sites\/7\/2019\/03\/asiakas-analyysi-150x150.jpg 150w, https:\/\/www.senaatti.fi\/app_ykv_archive\/uploads\/sites\/7\/2019\/03\/asiakas-analyysi-300x300.jpg 300w\" sizes=\"auto, (max-width: 50px) 100vw, 50px\" \/> Asiakastiedon analysointi ja asiakasymm\u00e4rryksen lis\u00e4\u00e4minen<\/strong><\/p>\n<p>Aloitimme asiakasluokittelun uudistamisty\u00f6n CRM-j\u00e4rjestelm\u00e4ss\u00e4 osana asiakasterminologian ter\u00e4v\u00f6itt\u00e4mist\u00e4.<\/p>\n<h2>Asiakas- ja k\u00e4ytt\u00e4j\u00e4tyytyv\u00e4isyystutkimus tulokset ennallaan<\/h2>\n<p>Senaatti-kiinteist\u00f6t seuraa asiakkaidensa tyytyv\u00e4isyytt\u00e4 toimitiloihin ja yhteisty\u00f6h\u00f6n s\u00e4\u00e4nn\u00f6llisesti muun muassa vuosittain teht\u00e4v\u00e4ll\u00e4 asiakastyytyv\u00e4isyystutkimuksella. K\u00e4ytt\u00e4j\u00e4tyytyv\u00e4isyystutkimus antaa puolestaan arvokasta tietoa tilojen k\u00e4ytt\u00e4jilt\u00e4.\u00a0 Tutkimukset toteuttaa ulkopuolinen tutkimuksiin erikoistunut yritys.<\/p>\n<p>Asiakastyytyv\u00e4isyystutkimus on suunnattu Senaatin asiakkaiden yhteyshenkil\u00f6ille ja johdolle.<\/p>\n<blockquote><p>Senaatti-kiinteist\u00f6jen asiakkaista 62 % (58 %) on eritt\u00e4in tai melko tyytyv\u00e4isi\u00e4 Senaatti-kiinteist\u00f6ihin.<\/p><\/blockquote>\n<p>Tyytym\u00e4tt\u00f6mien vastaajien osuus on 7 %. Osa-alueittain tarkasteltuna tyytyv\u00e4isyys tiloihin ja palveluihin laski, sen sijaan tyytyv\u00e4isyys Senaattiin vuokranantajana parani. Vuokrasuhteeseen sis\u00e4ltyv\u00e4t palvelut ovat edelleenkin Senaatti-kiinteist\u00f6jen vahvuus verrattaessa tuloksia alan muihin toimijoihin.<\/p>\n<h2>Tilat palvelevat hyvin toimintaa<\/h2>\n<p>Vastaajista 67 % (54) on eritt\u00e4in tyytyv\u00e4isi\u00e4 tai tyytyv\u00e4isi\u00e4 nykyisten tilojen soveltuvuuteen omaan toimintaan. Muutospaineita on kuitenkin havaittavissa. Vastaajista 32 % \u00a0(29) arvioi tilatarpeidensa v\u00e4henev\u00e4n l\u00e4hiaikoina, kun taas tilatarpeiden kasvuun uskoo 28 %.<\/p>\n<h2>Muutokseen suhtaudutaan positiivisesti<\/h2>\n<p>Ty\u00f6ymp\u00e4rist\u00f6jen muutokseen suhtaudutaan asiakaskunnassa p\u00e4\u00e4osin varsin positiivisesti ja muutosta odottaen. Vastaajista 33 % toimii jo nykyisell\u00e4\u00e4n monitilaymp\u00e4rist\u00f6ss\u00e4. Heist\u00e4 yli puolet kokee, ett\u00e4 monitilaymp\u00e4rist\u00f6\u00f6n siirtyminen on parantanut organisaation suorituskyky\u00e4. Hy\u00f6tyin\u00e4 mainittiin mm. joustavuus ja valinnanvapaus, parantunut tiedonkulku, vuorovaikutus ja yhteisty\u00f6, tehostunut ajank\u00e4ytt\u00f6, tilatehokkuus, viihtyis\u00e4t ja modernit tilat sek\u00e4 yhteis\u00f6llisyys.<\/p>\n<h2>Vahvuudet ja heikkoudet<\/h2>\n<p>Koko tutkimussis\u00e4lt\u00f6\u00e4 tarkasteltaessa Senaatti-kiinteist\u00f6jen vahvuudet ovat<\/p>\n<ul>\n<li>kohteiden sijaintiin liittyv\u00e4t tekij\u00e4t<\/li>\n<li>yhteyshenkil\u00f6iden tavoitettavuus ja ammattitaito<\/li>\n<li>ravintola- ja catering -palvelut.<\/li>\n<\/ul>\n<p>Kriittisimmin vastaajat arvioivat t\u00e4n\u00e4kin vuonna<\/p>\n<ul>\n<li>tilakokonaisuuksien muunneltavuutta<\/li>\n<li>tilan hinta-laatusuhdetta, sis\u00e4ilman laatua<\/li>\n<li>Senaatti-kiinteist\u00f6jen imagoa vuokranantajana.<\/li>\n<\/ul>\n<h2>Suurimmat muutokset<\/h2>\n<p>Monitilaymp\u00e4rist\u00f6n vaikutuksista suorituskykyyn kriittisesti suhtautuvien m\u00e4\u00e4r\u00e4 on v\u00e4hentynyt. Eniten asiakkaidemme tyytyv\u00e4isyys parani senaattilaisten ammattitaitoon ja asiantuntemukseen sek\u00e4 yhteyshenkil\u00f6iden tavoitettavuuteen, kiinteist\u00f6huollon normaaliin tasoon, vuokranantajan kykyyn toteuttaa sovitut asiat, vuokraehtojen selkeyteen ja asiakkaiden kuunteluun ja tarpeiden ymm\u00e4rt\u00e4misen.<\/p>\n<p>Selkein lasku on tyytyv\u00e4isyydess\u00e4 turvallisuus- ja vartiointipalveluihin. Aikaisempaa kriittisemmin vastaajat arvioivat muun muassa Senaatti-kiinteist\u00f6jen imagoa vuokranantajana, siivouspalvelua, huoltoyhti\u00f6n palvelua vika- ja reklamaatiotilanteissa, sis\u00e4ilman laatua, sijaintia ja pys\u00e4k\u00f6intimahdollisuuksia.<\/p>\n<h2>Vastuullisuus t\u00e4rke\u00e4 n\u00e4k\u00f6kohta asiakkailla<\/h2>\n<p>Per\u00e4ti 93 % Senaatin asiakkaista pit\u00e4\u00e4 vastuullisuusn\u00e4k\u00f6kulmia eritt\u00e4in t\u00e4rkein\u00e4 tai t\u00e4rkein\u00e4 toimitiloja koskevissa p\u00e4\u00e4t\u00f6ksiss\u00e4.\u00a0 60 % asiakkaistamme on eritt\u00e4in tyytyv\u00e4isi\u00e4 tai tyytyv\u00e4isi\u00e4 Senaatti-kiinteist\u00f6jen toimintaan yritysvastuuasioissa.<\/p>\n<p style=\"margin: 0in; font-family: Calibri; font-size: 11.0pt;\"><div class=\"senaatti-feature\"><img loading=\"lazy\" decoding=\"async\" width=\"1024\" height=\"427\" src=\"https:\/\/www.senaatti.fi\/app_ykv_archive\/uploads\/sites\/7\/2019\/03\/SEN_Lea_Kauppi_9554_2200px-1024x427.jpg\" class=\"senaatti-feature__thumbnail wp-post-image\" alt=\"Lea Kauppi\" srcset=\"https:\/\/www.senaatti.fi\/app_ykv_archive\/uploads\/sites\/7\/2019\/03\/SEN_Lea_Kauppi_9554_2200px-1024x427.jpg 1024w, https:\/\/www.senaatti.fi\/app_ykv_archive\/uploads\/sites\/7\/2019\/03\/SEN_Lea_Kauppi_9554_2200px-300x125.jpg 300w, https:\/\/www.senaatti.fi\/app_ykv_archive\/uploads\/sites\/7\/2019\/03\/SEN_Lea_Kauppi_9554_2200px-768x320.jpg 768w, https:\/\/www.senaatti.fi\/app_ykv_archive\/uploads\/sites\/7\/2019\/03\/SEN_Lea_Kauppi_9554_2200px-1600x667.jpg 1600w, https:\/\/www.senaatti.fi\/app_ykv_archive\/uploads\/sites\/7\/2019\/03\/SEN_Lea_Kauppi_9554_2200px.jpg 2200w\" sizes=\"auto, (max-width: 1024px) 100vw, 1024px\" \/><h3 class=\"senaatti-feature__title\">Case: Lea Kauppi: &quot;Paine ekotekoihin kasvaa ty\u00f6paikoilla&quot;<\/h3><p>Suomen ymp\u00e4rist\u00f6keskus piti selv\u00e4n\u00e4, ett\u00e4 uuteen rakennukseen Helsingin Viikiss\u00e4 tulee kunnon py\u00f6r\u00e4katos ja katolle aurinkopaneelit. Tulevaisuudessa menestyv\u00e4t ne organisaatiot, jotka viev\u00e4t eteenp\u00e4in v\u00e4h\u00e4p\u00e4\u00e4st\u00f6ist\u00e4 maailmaa, sanoo p\u00e4\u00e4johtaja Lea Kauppi.<\/p><a class=\"btn btn-primary senaatti-feature__btn\" href=\"https:\/\/www.senaatti.fi\/tyoymparisto\/inspiraatio\/artikkeli\/3-kulmaa-lea-kauppi-paine-ekotekoihin-kasvaa-tyopaikoilla\/\" target=\"\">Lue koko artikkeli<\/a><\/div>\n<h2>K\u00e4ytt\u00e4jien kokonaistyytyv\u00e4isyys ennallaan<\/h2>\n<p>Tilojen k\u00e4ytt\u00e4jist\u00e4 eritt\u00e4in tai melko tyytyv\u00e4isi\u00e4 tiloihin oli 72 % (71) ja tyytym\u00e4tt\u00f6mien osuus oli 12 % (11).\u00a0 Tyytyv\u00e4isimpi\u00e4 k\u00e4ytt\u00e4j\u00e4t olivat siivoukseen, ulkoalueiden hoitoon, palveluihin ja palvelutasoon.\u00a0 Kehitett\u00e4v\u00e4\u00e4 l\u00f6ytyi k\u00e4ytt\u00e4jien mielest\u00e4 tilojen \u00e4\u00e4niymp\u00e4rist\u00f6ss\u00e4 ja rauhallisten tilojen riitt\u00e4vyydess\u00e4.\u00a0 Vaikka sis\u00e4olosuhteissa on viel\u00e4 parannettavaa, olivat kaikki arviot sis\u00e4olosuhteisiin liittyviss\u00e4 kysymyksiss\u00e4 pieness\u00e4 nousussa.<\/p>\n","protected":false},"excerpt":{"rendered":"<p>Senaatti-kiinteist\u00f6t on valtionhallinnon palveluyksikk\u00f6 ja sen asiakaskunta koostuu valtionhallinnon toimijoista, joiden kanssa se toimii tiiviiss\u00e4 ja aktiivisessa yhteisty\u00f6ss\u00e4 ty\u00f6ymp\u00e4rist\u00f6ihin, uusiin ty\u00f6nteon tapoihin ja toimitiloihin liittyviss\u00e4 asioissa.\u00a0 Valtiolla on yli 70 000 ty\u00f6ntekij\u00e4\u00e4. Vuonna 2018 jatkoimme asiakaskokemuksen kehitysty\u00f6t\u00e4, jota ohjaa jatkossa uusi strategiatason kuvaus Senaatin asiakaskokemuksen johtamisj\u00e4rjestelm\u00e4st\u00e4. Johtamisj\u00e4rjestelm\u00e4 koostuu nelj\u00e4st\u00e4 vaiheesta, joissa keskityttiin vuonna 2018 seuraaviin [&hellip;]<\/p>\n","protected":false},"author":11,"featured_media":0,"parent":73,"menu_order":2,"comment_status":"closed","ping_status":"closed","template":"","meta":{"_acf_changed":false,"footnotes":""},"class_list":["post-77","page","type-page","status-publish","hentry"],"acf":[],"yoast_head":"<!-- This site is optimized with the Yoast SEO plugin v23.9 - https:\/\/yoast.com\/wordpress\/plugins\/seo\/ -->\n<title>Asiakkaat - Yhteiskuntavastuuraportti 2018<\/title>\n<meta name=\"robots\" content=\"index, follow, max-snippet:-1, max-image-preview:large, max-video-preview:-1\" \/>\n<link rel=\"canonical\" href=\"https:\/\/www.senaatti.fi\/yhteiskuntavastuuraportti2018\/vastuullisuus-senaatissa\/sidosryhmat\/asiakkaat\/\" \/>\n<meta property=\"og:locale\" content=\"en_US\" \/>\n<meta property=\"og:type\" content=\"article\" \/>\n<meta property=\"og:title\" content=\"Asiakkaat - Yhteiskuntavastuuraportti 2018\" \/>\n<meta property=\"og:description\" content=\"Senaatti-kiinteist\u00f6t on valtionhallinnon palveluyksikk\u00f6 ja sen asiakaskunta koostuu valtionhallinnon toimijoista, joiden kanssa se toimii tiiviiss\u00e4 ja aktiivisessa yhteisty\u00f6ss\u00e4 ty\u00f6ymp\u00e4rist\u00f6ihin, uusiin ty\u00f6nteon tapoihin ja toimitiloihin liittyviss\u00e4 asioissa.\u00a0 Valtiolla on yli 70 000 ty\u00f6ntekij\u00e4\u00e4. Vuonna 2018 jatkoimme asiakaskokemuksen kehitysty\u00f6t\u00e4, jota ohjaa jatkossa uusi strategiatason kuvaus Senaatin asiakaskokemuksen johtamisj\u00e4rjestelm\u00e4st\u00e4. Johtamisj\u00e4rjestelm\u00e4 koostuu nelj\u00e4st\u00e4 vaiheesta, joissa keskityttiin vuonna 2018 seuraaviin [&hellip;]\" \/>\n<meta property=\"og:url\" content=\"https:\/\/www.senaatti.fi\/yhteiskuntavastuuraportti2018\/vastuullisuus-senaatissa\/sidosryhmat\/asiakkaat\/\" \/>\n<meta property=\"og:site_name\" content=\"Yhteiskuntavastuuraportti 2018\" \/>\n<meta property=\"article:modified_time\" content=\"2019-03-29T13:23:02+00:00\" \/>\n<meta property=\"og:image\" content=\"https:\/\/www.senaatti.fi\/app_ykv_archive\/uploads\/sites\/7\/2019\/02\/Senaatti_MML_Turku_13-2200px-1024x427.jpg\" \/>\n<meta name=\"twitter:card\" content=\"summary_large_image\" \/>\n<meta name=\"twitter:label1\" content=\"Est. reading time\" \/>\n\t<meta name=\"twitter:data1\" content=\"3 minutes\" \/>\n<script type=\"application\/ld+json\" class=\"yoast-schema-graph\">{\"@context\":\"https:\/\/schema.org\",\"@graph\":[{\"@type\":\"WebPage\",\"@id\":\"https:\/\/www.senaatti.fi\/yhteiskuntavastuuraportti2018\/vastuullisuus-senaatissa\/sidosryhmat\/asiakkaat\/\",\"url\":\"https:\/\/www.senaatti.fi\/yhteiskuntavastuuraportti2018\/vastuullisuus-senaatissa\/sidosryhmat\/asiakkaat\/\",\"name\":\"Asiakkaat - Yhteiskuntavastuuraportti 2018\",\"isPartOf\":{\"@id\":\"https:\/\/www.senaatti.fi\/yhteiskuntavastuuraportti2018\/#website\"},\"primaryImageOfPage\":{\"@id\":\"https:\/\/www.senaatti.fi\/yhteiskuntavastuuraportti2018\/vastuullisuus-senaatissa\/sidosryhmat\/asiakkaat\/#primaryimage\"},\"image\":{\"@id\":\"https:\/\/www.senaatti.fi\/yhteiskuntavastuuraportti2018\/vastuullisuus-senaatissa\/sidosryhmat\/asiakkaat\/#primaryimage\"},\"thumbnailUrl\":\"https:\/\/www.senaatti.fi\/app_ykv_archive\/uploads\/sites\/7\/2019\/02\/Senaatti_MML_Turku_13-2200px-1024x427.jpg\",\"datePublished\":\"2018-01-29T11:08:05+00:00\",\"dateModified\":\"2019-03-29T13:23:02+00:00\",\"breadcrumb\":{\"@id\":\"https:\/\/www.senaatti.fi\/yhteiskuntavastuuraportti2018\/vastuullisuus-senaatissa\/sidosryhmat\/asiakkaat\/#breadcrumb\"},\"inLanguage\":\"en-US\",\"potentialAction\":[{\"@type\":\"ReadAction\",\"target\":[\"https:\/\/www.senaatti.fi\/yhteiskuntavastuuraportti2018\/vastuullisuus-senaatissa\/sidosryhmat\/asiakkaat\/\"]}]},{\"@type\":\"ImageObject\",\"inLanguage\":\"en-US\",\"@id\":\"https:\/\/www.senaatti.fi\/yhteiskuntavastuuraportti2018\/vastuullisuus-senaatissa\/sidosryhmat\/asiakkaat\/#primaryimage\",\"url\":\"https:\/\/www.senaatti.fi\/app_ykv_archive\/uploads\/sites\/7\/2019\/02\/Senaatti_MML_Turku_13-2200px-1024x427.jpg\",\"contentUrl\":\"https:\/\/www.senaatti.fi\/app_ykv_archive\/uploads\/sites\/7\/2019\/02\/Senaatti_MML_Turku_13-2200px-1024x427.jpg\"},{\"@type\":\"BreadcrumbList\",\"@id\":\"https:\/\/www.senaatti.fi\/yhteiskuntavastuuraportti2018\/vastuullisuus-senaatissa\/sidosryhmat\/asiakkaat\/#breadcrumb\",\"itemListElement\":[{\"@type\":\"ListItem\",\"position\":1,\"name\":\"Home\",\"item\":\"https:\/\/www.senaatti.fi\/yhteiskuntavastuuraportti2018\/\"},{\"@type\":\"ListItem\",\"position\":2,\"name\":\"Vastuullisuus Senaatissa\",\"item\":\"https:\/\/www.senaatti.fi\/yhteiskuntavastuuraportti2018\/vastuullisuus-senaatissa\/\"},{\"@type\":\"ListItem\",\"position\":3,\"name\":\"Sidosryhm\u00e4t\",\"item\":\"https:\/\/www.senaatti.fi\/yhteiskuntavastuuraportti2018\/vastuullisuus-senaatissa\/sidosryhmat\/\"},{\"@type\":\"ListItem\",\"position\":4,\"name\":\"Asiakkaat\"}]},{\"@type\":\"WebSite\",\"@id\":\"https:\/\/www.senaatti.fi\/yhteiskuntavastuuraportti2018\/#website\",\"url\":\"https:\/\/www.senaatti.fi\/yhteiskuntavastuuraportti2018\/\",\"name\":\"Yhteiskuntavastuuraportti 2018\",\"description\":\"\",\"potentialAction\":[{\"@type\":\"SearchAction\",\"target\":{\"@type\":\"EntryPoint\",\"urlTemplate\":\"https:\/\/www.senaatti.fi\/yhteiskuntavastuuraportti2018\/?s={search_term_string}\"},\"query-input\":{\"@type\":\"PropertyValueSpecification\",\"valueRequired\":true,\"valueName\":\"search_term_string\"}}],\"inLanguage\":\"en-US\"}]}<\/script>\n<!-- \/ Yoast SEO plugin. -->","yoast_head_json":{"title":"Asiakkaat - Yhteiskuntavastuuraportti 2018","robots":{"index":"index","follow":"follow","max-snippet":"max-snippet:-1","max-image-preview":"max-image-preview:large","max-video-preview":"max-video-preview:-1"},"canonical":"https:\/\/www.senaatti.fi\/yhteiskuntavastuuraportti2018\/vastuullisuus-senaatissa\/sidosryhmat\/asiakkaat\/","og_locale":"en_US","og_type":"article","og_title":"Asiakkaat - Yhteiskuntavastuuraportti 2018","og_description":"Senaatti-kiinteist\u00f6t on valtionhallinnon palveluyksikk\u00f6 ja sen asiakaskunta koostuu valtionhallinnon toimijoista, joiden kanssa se toimii tiiviiss\u00e4 ja aktiivisessa yhteisty\u00f6ss\u00e4 ty\u00f6ymp\u00e4rist\u00f6ihin, uusiin ty\u00f6nteon tapoihin ja toimitiloihin liittyviss\u00e4 asioissa.\u00a0 Valtiolla on yli 70 000 ty\u00f6ntekij\u00e4\u00e4. Vuonna 2018 jatkoimme asiakaskokemuksen kehitysty\u00f6t\u00e4, jota ohjaa jatkossa uusi strategiatason kuvaus Senaatin asiakaskokemuksen johtamisj\u00e4rjestelm\u00e4st\u00e4. Johtamisj\u00e4rjestelm\u00e4 koostuu nelj\u00e4st\u00e4 vaiheesta, joissa keskityttiin vuonna 2018 seuraaviin [&hellip;]","og_url":"https:\/\/www.senaatti.fi\/yhteiskuntavastuuraportti2018\/vastuullisuus-senaatissa\/sidosryhmat\/asiakkaat\/","og_site_name":"Yhteiskuntavastuuraportti 2018","article_modified_time":"2019-03-29T13:23:02+00:00","og_image":[{"url":"https:\/\/www.senaatti.fi\/app_ykv_archive\/uploads\/sites\/7\/2019\/02\/Senaatti_MML_Turku_13-2200px-1024x427.jpg"}],"twitter_card":"summary_large_image","twitter_misc":{"Est. reading time":"3 minutes"},"schema":{"@context":"https:\/\/schema.org","@graph":[{"@type":"WebPage","@id":"https:\/\/www.senaatti.fi\/yhteiskuntavastuuraportti2018\/vastuullisuus-senaatissa\/sidosryhmat\/asiakkaat\/","url":"https:\/\/www.senaatti.fi\/yhteiskuntavastuuraportti2018\/vastuullisuus-senaatissa\/sidosryhmat\/asiakkaat\/","name":"Asiakkaat - Yhteiskuntavastuuraportti 2018","isPartOf":{"@id":"https:\/\/www.senaatti.fi\/yhteiskuntavastuuraportti2018\/#website"},"primaryImageOfPage":{"@id":"https:\/\/www.senaatti.fi\/yhteiskuntavastuuraportti2018\/vastuullisuus-senaatissa\/sidosryhmat\/asiakkaat\/#primaryimage"},"image":{"@id":"https:\/\/www.senaatti.fi\/yhteiskuntavastuuraportti2018\/vastuullisuus-senaatissa\/sidosryhmat\/asiakkaat\/#primaryimage"},"thumbnailUrl":"https:\/\/www.senaatti.fi\/app_ykv_archive\/uploads\/sites\/7\/2019\/02\/Senaatti_MML_Turku_13-2200px-1024x427.jpg","datePublished":"2018-01-29T11:08:05+00:00","dateModified":"2019-03-29T13:23:02+00:00","breadcrumb":{"@id":"https:\/\/www.senaatti.fi\/yhteiskuntavastuuraportti2018\/vastuullisuus-senaatissa\/sidosryhmat\/asiakkaat\/#breadcrumb"},"inLanguage":"en-US","potentialAction":[{"@type":"ReadAction","target":["https:\/\/www.senaatti.fi\/yhteiskuntavastuuraportti2018\/vastuullisuus-senaatissa\/sidosryhmat\/asiakkaat\/"]}]},{"@type":"ImageObject","inLanguage":"en-US","@id":"https:\/\/www.senaatti.fi\/yhteiskuntavastuuraportti2018\/vastuullisuus-senaatissa\/sidosryhmat\/asiakkaat\/#primaryimage","url":"https:\/\/www.senaatti.fi\/app_ykv_archive\/uploads\/sites\/7\/2019\/02\/Senaatti_MML_Turku_13-2200px-1024x427.jpg","contentUrl":"https:\/\/www.senaatti.fi\/app_ykv_archive\/uploads\/sites\/7\/2019\/02\/Senaatti_MML_Turku_13-2200px-1024x427.jpg"},{"@type":"BreadcrumbList","@id":"https:\/\/www.senaatti.fi\/yhteiskuntavastuuraportti2018\/vastuullisuus-senaatissa\/sidosryhmat\/asiakkaat\/#breadcrumb","itemListElement":[{"@type":"ListItem","position":1,"name":"Home","item":"https:\/\/www.senaatti.fi\/yhteiskuntavastuuraportti2018\/"},{"@type":"ListItem","position":2,"name":"Vastuullisuus Senaatissa","item":"https:\/\/www.senaatti.fi\/yhteiskuntavastuuraportti2018\/vastuullisuus-senaatissa\/"},{"@type":"ListItem","position":3,"name":"Sidosryhm\u00e4t","item":"https:\/\/www.senaatti.fi\/yhteiskuntavastuuraportti2018\/vastuullisuus-senaatissa\/sidosryhmat\/"},{"@type":"ListItem","position":4,"name":"Asiakkaat"}]},{"@type":"WebSite","@id":"https:\/\/www.senaatti.fi\/yhteiskuntavastuuraportti2018\/#website","url":"https:\/\/www.senaatti.fi\/yhteiskuntavastuuraportti2018\/","name":"Yhteiskuntavastuuraportti 2018","description":"","potentialAction":[{"@type":"SearchAction","target":{"@type":"EntryPoint","urlTemplate":"https:\/\/www.senaatti.fi\/yhteiskuntavastuuraportti2018\/?s={search_term_string}"},"query-input":{"@type":"PropertyValueSpecification","valueRequired":true,"valueName":"search_term_string"}}],"inLanguage":"en-US"}]}},"_links":{"self":[{"href":"https:\/\/www.senaatti.fi\/yhteiskuntavastuuraportti2018\/wp-json\/wp\/v2\/pages\/77","targetHints":{"allow":["GET"]}}],"collection":[{"href":"https:\/\/www.senaatti.fi\/yhteiskuntavastuuraportti2018\/wp-json\/wp\/v2\/pages"}],"about":[{"href":"https:\/\/www.senaatti.fi\/yhteiskuntavastuuraportti2018\/wp-json\/wp\/v2\/types\/page"}],"author":[{"embeddable":true,"href":"https:\/\/www.senaatti.fi\/yhteiskuntavastuuraportti2018\/wp-json\/wp\/v2\/users\/11"}],"replies":[{"embeddable":true,"href":"https:\/\/www.senaatti.fi\/yhteiskuntavastuuraportti2018\/wp-json\/wp\/v2\/comments?post=77"}],"version-history":[{"count":12,"href":"https:\/\/www.senaatti.fi\/yhteiskuntavastuuraportti2018\/wp-json\/wp\/v2\/pages\/77\/revisions"}],"predecessor-version":[{"id":2118,"href":"https:\/\/www.senaatti.fi\/yhteiskuntavastuuraportti2018\/wp-json\/wp\/v2\/pages\/77\/revisions\/2118"}],"up":[{"embeddable":true,"href":"https:\/\/www.senaatti.fi\/yhteiskuntavastuuraportti2018\/wp-json\/wp\/v2\/pages\/73"}],"wp:attachment":[{"href":"https:\/\/www.senaatti.fi\/yhteiskuntavastuuraportti2018\/wp-json\/wp\/v2\/media?parent=77"}],"curies":[{"name":"wp","href":"https:\/\/api.w.org\/{rel}","templated":true}]}}