{"id":75,"date":"2018-01-29T11:07:54","date_gmt":"2018-01-29T11:07:54","guid":{"rendered":"https:\/\/www.senaatti.fi\/yhteiskuntavastuuraportti2018\/?page_id=75"},"modified":"2019-03-29T06:28:45","modified_gmt":"2019-03-29T06:28:45","slug":"kumppanit","status":"publish","type":"page","link":"https:\/\/www.senaatti.fi\/yhteiskuntavastuuraportti2018\/vastuullisuus-senaatissa\/sidosryhmat\/kumppanit\/","title":{"rendered":"Kumppanit"},"content":{"rendered":"<p><img loading=\"lazy\" decoding=\"async\" class=\"wp-image-1551 size-full alignnone\" src=\"https:\/\/www.senaatti.fi\/app_ykv_archive\/uploads\/sites\/7\/2019\/03\/kumppani-1.jpg\" alt=\"\" width=\"768\" height=\"349\" srcset=\"https:\/\/www.senaatti.fi\/app_ykv_archive\/uploads\/sites\/7\/2019\/03\/kumppani-1.jpg 768w, https:\/\/www.senaatti.fi\/app_ykv_archive\/uploads\/sites\/7\/2019\/03\/kumppani-1-300x136.jpg 300w\" sizes=\"auto, (max-width: 768px) 100vw, 768px\" \/><\/p>\n<p>Senaatti-kiinteist\u00f6jen toiminta palvelutuotannossa perustuu kumppanuuteen ja verkostoitumiseen palvelutoimittajien kanssa. Toimittajayhteisty\u00f6n tavoitteena on laadukas, tehokas ja kaikkia osapuolia hy\u00f6dytt\u00e4v\u00e4 yhteisty\u00f6suhde.<\/p>\n<p>Senaatti-kiinteist\u00f6jen toiminnasta yli 90 % on ulkoistettu. Toimittajia oli vuonna 2018 yhteens\u00e4 3 700 (3 500), joista kertatoimittajia oli noin 1 100 (1 200).<\/p>\n<p>Senaatti-kiinteist\u00f6t on julkinen toimija, joka noudattaa hankinnoissaan hankintalakia ja Senaatin omaa sis\u00e4ist\u00e4 hankintaohjetta.<\/p>\n<p>Verkoston johtamisen yksi keskeinen ty\u00f6kalu ovat puitesopimukset, jotka kevent\u00e4v\u00e4t ja tehostavat Senaatin k\u00e4yt\u00e4nn\u00f6n hankintoja ja, joilla varmistetaan palveluiden saatavuus ja laatu. Pitk\u00e4t puitesopimukset edist\u00e4v\u00e4t toimittajien ja Senaatin oman toiminnan kehittymist\u00e4 ja toimittajilla on mahdollisuus vied\u00e4 Senaatin turvallisuus- yms. ohjeistukset osaksi oman organisaationsa toimintaa.<\/p>\n<p>Kumppanit koulutetaan sopimuskauden alussa hy\u00f6dynt\u00e4m\u00e4\u00e4n Senaatin toimintamalleja ja j\u00e4rjestelmi\u00e4. Lis\u00e4ksi vuosittain pidet\u00e4\u00e4n tarvittaessa kehityskokouksia toiminnan edelleen kehitt\u00e4miseksi.<\/p>\n<h2>Uusia puitesopimuskumppaneita<\/h2>\n<p>Vuonna 2018 kilpailutettiin uusia puitesopimuskumppaneita muun muassa seuraavilla uusilla osa-alueilla: turvallisuusj\u00e4rjestelmien p\u00e4\u00e4k\u00e4ytt\u00f6palvelut, havainnollistamispalvelut ja maisema-arkkitehdit.<\/p>\n<blockquote><p>Kilpailutusten suuresta m\u00e4\u00e4r\u00e4st\u00e4 kertoo, ett\u00e4 vuonna 2018 Senaatti toteutti pelk\u00e4st\u00e4\u00e4n EU-kynnysarvon ylitt\u00e4vi\u00e4 hankintalain mukaisia kilpailutuksia noin 60 kappaletta.<\/p><\/blockquote>\n<p>Havainnollistamispalveluiden puitej\u00e4rjestelyyn valittuja kumppaneita k\u00e4ytet\u00e4\u00e4n tilojen ja niihin liittyvien ratkaisujen esittelyss\u00e4 asiakkaille ja muille sidosryhmille. \u00a0Kumppanit tuottavat virtuaalimalleja ja niist\u00e4 tehtyj\u00e4 kuvia, videoita ja interaktiivista web-materiaalia.\u00a0 Havainnollistamisella voimme konkretisoida asiakkaalle, miten jokin ratkaisu vaikuttaa kokonaisuuteen. Huomaamme, kun k\u00e4ytt\u00e4jien toiveiden ja todellisten tarpeiden v\u00e4lill\u00e4 on ristiriitoja ja pystymme paremmin vertailemaan kahden eri ratkaisun vaikutuksia.<\/p>\n<p>&nbsp;<\/p>\n","protected":false},"excerpt":{"rendered":"<p>Senaatti-kiinteist\u00f6jen toiminta palvelutuotannossa perustuu kumppanuuteen ja verkostoitumiseen palvelutoimittajien kanssa. Toimittajayhteisty\u00f6n tavoitteena on laadukas, tehokas ja kaikkia osapuolia hy\u00f6dytt\u00e4v\u00e4 yhteisty\u00f6suhde. Senaatti-kiinteist\u00f6jen toiminnasta yli 90 % on ulkoistettu. Toimittajia oli vuonna 2018 yhteens\u00e4 3 700 (3 500), joista kertatoimittajia oli noin 1 100 (1 200). Senaatti-kiinteist\u00f6t on julkinen toimija, joka noudattaa hankinnoissaan hankintalakia ja Senaatin omaa sis\u00e4ist\u00e4 [&hellip;]<\/p>\n","protected":false},"author":11,"featured_media":0,"parent":73,"menu_order":1,"comment_status":"closed","ping_status":"closed","template":"","meta":{"_acf_changed":false,"footnotes":""},"class_list":["post-75","page","type-page","status-publish","hentry"],"acf":[],"yoast_head":"<!-- This site is optimized with the Yoast SEO plugin v23.9 - https:\/\/yoast.com\/wordpress\/plugins\/seo\/ -->\n<title>Kumppanit - Yhteiskuntavastuuraportti 2018<\/title>\n<meta name=\"robots\" content=\"index, follow, max-snippet:-1, max-image-preview:large, max-video-preview:-1\" \/>\n<link rel=\"canonical\" href=\"https:\/\/www.senaatti.fi\/yhteiskuntavastuuraportti2018\/vastuullisuus-senaatissa\/sidosryhmat\/kumppanit\/\" \/>\n<meta property=\"og:locale\" content=\"en_US\" \/>\n<meta property=\"og:type\" content=\"article\" \/>\n<meta property=\"og:title\" content=\"Kumppanit - Yhteiskuntavastuuraportti 2018\" \/>\n<meta property=\"og:description\" content=\"Senaatti-kiinteist\u00f6jen toiminta palvelutuotannossa perustuu kumppanuuteen ja verkostoitumiseen palvelutoimittajien kanssa. Toimittajayhteisty\u00f6n tavoitteena on laadukas, tehokas ja kaikkia osapuolia hy\u00f6dytt\u00e4v\u00e4 yhteisty\u00f6suhde. Senaatti-kiinteist\u00f6jen toiminnasta yli 90 % on ulkoistettu. Toimittajia oli vuonna 2018 yhteens\u00e4 3 700 (3 500), joista kertatoimittajia oli noin 1 100 (1 200). Senaatti-kiinteist\u00f6t on julkinen toimija, joka noudattaa hankinnoissaan hankintalakia ja Senaatin omaa sis\u00e4ist\u00e4 [&hellip;]\" \/>\n<meta property=\"og:url\" content=\"https:\/\/www.senaatti.fi\/yhteiskuntavastuuraportti2018\/vastuullisuus-senaatissa\/sidosryhmat\/kumppanit\/\" \/>\n<meta property=\"og:site_name\" content=\"Yhteiskuntavastuuraportti 2018\" \/>\n<meta property=\"article:modified_time\" content=\"2019-03-29T06:28:45+00:00\" \/>\n<meta property=\"og:image\" content=\"https:\/\/www.senaatti.fi\/app_ykv_archive\/uploads\/sites\/7\/2019\/03\/kumppani-1.jpg\" \/>\n<meta name=\"twitter:card\" content=\"summary_large_image\" \/>\n<meta name=\"twitter:label1\" content=\"Est. reading time\" \/>\n\t<meta name=\"twitter:data1\" content=\"1 minute\" \/>\n<script type=\"application\/ld+json\" class=\"yoast-schema-graph\">{\"@context\":\"https:\/\/schema.org\",\"@graph\":[{\"@type\":\"WebPage\",\"@id\":\"https:\/\/www.senaatti.fi\/yhteiskuntavastuuraportti2018\/vastuullisuus-senaatissa\/sidosryhmat\/kumppanit\/\",\"url\":\"https:\/\/www.senaatti.fi\/yhteiskuntavastuuraportti2018\/vastuullisuus-senaatissa\/sidosryhmat\/kumppanit\/\",\"name\":\"Kumppanit - Yhteiskuntavastuuraportti 2018\",\"isPartOf\":{\"@id\":\"https:\/\/www.senaatti.fi\/yhteiskuntavastuuraportti2018\/#website\"},\"primaryImageOfPage\":{\"@id\":\"https:\/\/www.senaatti.fi\/yhteiskuntavastuuraportti2018\/vastuullisuus-senaatissa\/sidosryhmat\/kumppanit\/#primaryimage\"},\"image\":{\"@id\":\"https:\/\/www.senaatti.fi\/yhteiskuntavastuuraportti2018\/vastuullisuus-senaatissa\/sidosryhmat\/kumppanit\/#primaryimage\"},\"thumbnailUrl\":\"https:\/\/www.senaatti.fi\/app_ykv_archive\/uploads\/sites\/7\/2019\/03\/kumppani-1.jpg\",\"datePublished\":\"2018-01-29T11:07:54+00:00\",\"dateModified\":\"2019-03-29T06:28:45+00:00\",\"breadcrumb\":{\"@id\":\"https:\/\/www.senaatti.fi\/yhteiskuntavastuuraportti2018\/vastuullisuus-senaatissa\/sidosryhmat\/kumppanit\/#breadcrumb\"},\"inLanguage\":\"en-US\",\"potentialAction\":[{\"@type\":\"ReadAction\",\"target\":[\"https:\/\/www.senaatti.fi\/yhteiskuntavastuuraportti2018\/vastuullisuus-senaatissa\/sidosryhmat\/kumppanit\/\"]}]},{\"@type\":\"ImageObject\",\"inLanguage\":\"en-US\",\"@id\":\"https:\/\/www.senaatti.fi\/yhteiskuntavastuuraportti2018\/vastuullisuus-senaatissa\/sidosryhmat\/kumppanit\/#primaryimage\",\"url\":\"https:\/\/www.senaatti.fi\/app_ykv_archive\/uploads\/sites\/7\/2019\/03\/kumppani-1.jpg\",\"contentUrl\":\"https:\/\/www.senaatti.fi\/app_ykv_archive\/uploads\/sites\/7\/2019\/03\/kumppani-1.jpg\"},{\"@type\":\"BreadcrumbList\",\"@id\":\"https:\/\/www.senaatti.fi\/yhteiskuntavastuuraportti2018\/vastuullisuus-senaatissa\/sidosryhmat\/kumppanit\/#breadcrumb\",\"itemListElement\":[{\"@type\":\"ListItem\",\"position\":1,\"name\":\"Home\",\"item\":\"https:\/\/www.senaatti.fi\/yhteiskuntavastuuraportti2018\/\"},{\"@type\":\"ListItem\",\"position\":2,\"name\":\"Vastuullisuus Senaatissa\",\"item\":\"https:\/\/www.senaatti.fi\/yhteiskuntavastuuraportti2018\/vastuullisuus-senaatissa\/\"},{\"@type\":\"ListItem\",\"position\":3,\"name\":\"Sidosryhm\u00e4t\",\"item\":\"https:\/\/www.senaatti.fi\/yhteiskuntavastuuraportti2018\/vastuullisuus-senaatissa\/sidosryhmat\/\"},{\"@type\":\"ListItem\",\"position\":4,\"name\":\"Kumppanit\"}]},{\"@type\":\"WebSite\",\"@id\":\"https:\/\/www.senaatti.fi\/yhteiskuntavastuuraportti2018\/#website\",\"url\":\"https:\/\/www.senaatti.fi\/yhteiskuntavastuuraportti2018\/\",\"name\":\"Yhteiskuntavastuuraportti 2018\",\"description\":\"\",\"potentialAction\":[{\"@type\":\"SearchAction\",\"target\":{\"@type\":\"EntryPoint\",\"urlTemplate\":\"https:\/\/www.senaatti.fi\/yhteiskuntavastuuraportti2018\/?s={search_term_string}\"},\"query-input\":{\"@type\":\"PropertyValueSpecification\",\"valueRequired\":true,\"valueName\":\"search_term_string\"}}],\"inLanguage\":\"en-US\"}]}<\/script>\n<!-- \/ Yoast SEO plugin. -->","yoast_head_json":{"title":"Kumppanit - Yhteiskuntavastuuraportti 2018","robots":{"index":"index","follow":"follow","max-snippet":"max-snippet:-1","max-image-preview":"max-image-preview:large","max-video-preview":"max-video-preview:-1"},"canonical":"https:\/\/www.senaatti.fi\/yhteiskuntavastuuraportti2018\/vastuullisuus-senaatissa\/sidosryhmat\/kumppanit\/","og_locale":"en_US","og_type":"article","og_title":"Kumppanit - Yhteiskuntavastuuraportti 2018","og_description":"Senaatti-kiinteist\u00f6jen toiminta palvelutuotannossa perustuu kumppanuuteen ja verkostoitumiseen palvelutoimittajien kanssa. Toimittajayhteisty\u00f6n tavoitteena on laadukas, tehokas ja kaikkia osapuolia hy\u00f6dytt\u00e4v\u00e4 yhteisty\u00f6suhde. Senaatti-kiinteist\u00f6jen toiminnasta yli 90 % on ulkoistettu. Toimittajia oli vuonna 2018 yhteens\u00e4 3 700 (3 500), joista kertatoimittajia oli noin 1 100 (1 200). Senaatti-kiinteist\u00f6t on julkinen toimija, joka noudattaa hankinnoissaan hankintalakia ja Senaatin omaa sis\u00e4ist\u00e4 [&hellip;]","og_url":"https:\/\/www.senaatti.fi\/yhteiskuntavastuuraportti2018\/vastuullisuus-senaatissa\/sidosryhmat\/kumppanit\/","og_site_name":"Yhteiskuntavastuuraportti 2018","article_modified_time":"2019-03-29T06:28:45+00:00","og_image":[{"url":"https:\/\/www.senaatti.fi\/app_ykv_archive\/uploads\/sites\/7\/2019\/03\/kumppani-1.jpg"}],"twitter_card":"summary_large_image","twitter_misc":{"Est. reading time":"1 minute"},"schema":{"@context":"https:\/\/schema.org","@graph":[{"@type":"WebPage","@id":"https:\/\/www.senaatti.fi\/yhteiskuntavastuuraportti2018\/vastuullisuus-senaatissa\/sidosryhmat\/kumppanit\/","url":"https:\/\/www.senaatti.fi\/yhteiskuntavastuuraportti2018\/vastuullisuus-senaatissa\/sidosryhmat\/kumppanit\/","name":"Kumppanit - Yhteiskuntavastuuraportti 2018","isPartOf":{"@id":"https:\/\/www.senaatti.fi\/yhteiskuntavastuuraportti2018\/#website"},"primaryImageOfPage":{"@id":"https:\/\/www.senaatti.fi\/yhteiskuntavastuuraportti2018\/vastuullisuus-senaatissa\/sidosryhmat\/kumppanit\/#primaryimage"},"image":{"@id":"https:\/\/www.senaatti.fi\/yhteiskuntavastuuraportti2018\/vastuullisuus-senaatissa\/sidosryhmat\/kumppanit\/#primaryimage"},"thumbnailUrl":"https:\/\/www.senaatti.fi\/app_ykv_archive\/uploads\/sites\/7\/2019\/03\/kumppani-1.jpg","datePublished":"2018-01-29T11:07:54+00:00","dateModified":"2019-03-29T06:28:45+00:00","breadcrumb":{"@id":"https:\/\/www.senaatti.fi\/yhteiskuntavastuuraportti2018\/vastuullisuus-senaatissa\/sidosryhmat\/kumppanit\/#breadcrumb"},"inLanguage":"en-US","potentialAction":[{"@type":"ReadAction","target":["https:\/\/www.senaatti.fi\/yhteiskuntavastuuraportti2018\/vastuullisuus-senaatissa\/sidosryhmat\/kumppanit\/"]}]},{"@type":"ImageObject","inLanguage":"en-US","@id":"https:\/\/www.senaatti.fi\/yhteiskuntavastuuraportti2018\/vastuullisuus-senaatissa\/sidosryhmat\/kumppanit\/#primaryimage","url":"https:\/\/www.senaatti.fi\/app_ykv_archive\/uploads\/sites\/7\/2019\/03\/kumppani-1.jpg","contentUrl":"https:\/\/www.senaatti.fi\/app_ykv_archive\/uploads\/sites\/7\/2019\/03\/kumppani-1.jpg"},{"@type":"BreadcrumbList","@id":"https:\/\/www.senaatti.fi\/yhteiskuntavastuuraportti2018\/vastuullisuus-senaatissa\/sidosryhmat\/kumppanit\/#breadcrumb","itemListElement":[{"@type":"ListItem","position":1,"name":"Home","item":"https:\/\/www.senaatti.fi\/yhteiskuntavastuuraportti2018\/"},{"@type":"ListItem","position":2,"name":"Vastuullisuus Senaatissa","item":"https:\/\/www.senaatti.fi\/yhteiskuntavastuuraportti2018\/vastuullisuus-senaatissa\/"},{"@type":"ListItem","position":3,"name":"Sidosryhm\u00e4t","item":"https:\/\/www.senaatti.fi\/yhteiskuntavastuuraportti2018\/vastuullisuus-senaatissa\/sidosryhmat\/"},{"@type":"ListItem","position":4,"name":"Kumppanit"}]},{"@type":"WebSite","@id":"https:\/\/www.senaatti.fi\/yhteiskuntavastuuraportti2018\/#website","url":"https:\/\/www.senaatti.fi\/yhteiskuntavastuuraportti2018\/","name":"Yhteiskuntavastuuraportti 2018","description":"","potentialAction":[{"@type":"SearchAction","target":{"@type":"EntryPoint","urlTemplate":"https:\/\/www.senaatti.fi\/yhteiskuntavastuuraportti2018\/?s={search_term_string}"},"query-input":{"@type":"PropertyValueSpecification","valueRequired":true,"valueName":"search_term_string"}}],"inLanguage":"en-US"}]}},"_links":{"self":[{"href":"https:\/\/www.senaatti.fi\/yhteiskuntavastuuraportti2018\/wp-json\/wp\/v2\/pages\/75","targetHints":{"allow":["GET"]}}],"collection":[{"href":"https:\/\/www.senaatti.fi\/yhteiskuntavastuuraportti2018\/wp-json\/wp\/v2\/pages"}],"about":[{"href":"https:\/\/www.senaatti.fi\/yhteiskuntavastuuraportti2018\/wp-json\/wp\/v2\/types\/page"}],"author":[{"embeddable":true,"href":"https:\/\/www.senaatti.fi\/yhteiskuntavastuuraportti2018\/wp-json\/wp\/v2\/users\/11"}],"replies":[{"embeddable":true,"href":"https:\/\/www.senaatti.fi\/yhteiskuntavastuuraportti2018\/wp-json\/wp\/v2\/comments?post=75"}],"version-history":[{"count":10,"href":"https:\/\/www.senaatti.fi\/yhteiskuntavastuuraportti2018\/wp-json\/wp\/v2\/pages\/75\/revisions"}],"predecessor-version":[{"id":2077,"href":"https:\/\/www.senaatti.fi\/yhteiskuntavastuuraportti2018\/wp-json\/wp\/v2\/pages\/75\/revisions\/2077"}],"up":[{"embeddable":true,"href":"https:\/\/www.senaatti.fi\/yhteiskuntavastuuraportti2018\/wp-json\/wp\/v2\/pages\/73"}],"wp:attachment":[{"href":"https:\/\/www.senaatti.fi\/yhteiskuntavastuuraportti2018\/wp-json\/wp\/v2\/media?parent=75"}],"curies":[{"name":"wp","href":"https:\/\/api.w.org\/{rel}","templated":true}]}}