{"id":65,"date":"2018-01-29T11:06:48","date_gmt":"2018-01-29T11:06:48","guid":{"rendered":"https:\/\/www.senaatti.fi\/yhteiskuntavastuuraportti2018\/?page_id=65"},"modified":"2019-04-10T10:01:38","modified_gmt":"2019-04-10T10:01:38","slug":"olennaiset-teemat-ja-olennaisuusanalyysi","status":"publish","type":"page","link":"https:\/\/www.senaatti.fi\/yhteiskuntavastuuraportti2018\/vastuullisuus-senaatissa\/olennaiset-teemat-ja-olennaisuusanalyysi\/","title":{"rendered":"Olennaiset teemat"},"content":{"rendered":"<p>Senaatti-kiinteist\u00f6t tarkastelee s\u00e4\u00e4nn\u00f6llisin v\u00e4liajoin toimintansa olennaisia n\u00e4k\u00f6kohtia ja ottaa huomioon tarkastelussa muun muassa toimintaymp\u00e4rist\u00f6ss\u00e4 tapahtuvat muutokset, strategiset tavoitteet, kest\u00e4v\u00e4n kehityksen n\u00e4k\u00f6kulmat ja keskeiset riskit.<\/p>\n<p>Vuonna 2014 toteutettiin ulkopuolisen asiantuntijan toimesta Senaatin keskeisten sidosryhmien keskuudessa kysely, jossa kartoitettiin sidosryhmien n\u00e4kemyksi\u00e4 Senaatti-kiinteist\u00f6jen olennaisista yhteiskuntavastuun n\u00e4k\u00f6kulmista.\u00a0 S\u00e4hk\u00f6isen kyselyn lis\u00e4ksi kartoitus sis\u00e4lsi my\u00f6s henkil\u00f6haastatteluja.<\/p>\n<p>Senaatti-kiinteist\u00f6jen johto vahvisti matriisin tulokset liiketoiminta- ja strategian\u00e4k\u00f6kulmasta 2014. N\u00e4ist\u00e4 tuloksista syntyi olennaisuusmatriisi, jonka mukaisesti Senaatti-kiinteist\u00f6t on raportoinut toiminnastaan.<\/p>\n<p>Vuonna 2017 osana ISO 14001 -sertifiointia Senaatin johto p\u00e4ivitti olennaisuusmatriisin. Olennaisia yhteiskuntavastuun asioita tarkasteltiin siit\u00e4 n\u00e4k\u00f6kulmasta, mitk\u00e4 ovat Senaatti-kiinteist\u00f6jen vaikutusmahdollisuudet kyseiseen asiaan ja mik\u00e4 merkitys asialla on sidosryhmille.<\/p>\n<p>Vuoden 2018 raportin tunnusluvut ja raportoitavat asiat on valittu t\u00e4m\u00e4n olennaisuusarvion perusteella.<\/p>\n<p><strong>Tarkastelussa erityisesti seuraavat n\u00e4k\u00f6kulmat nousivat esille: <\/strong><\/p>\n<ul>\n<li>Hyvien sis\u00e4olosuhteiden varmistaminen<\/li>\n<li>S\u00e4\u00e4st\u00f6jen aikaansaaminen valtion toimitilakustannuksissa<\/li>\n<li>Kustannustehokkaat tilaratkaistu<\/li>\n<li>Tilojen, tietojen ja toiminnan turvallisuus<\/li>\n<li>Toiminnan l\u00e4pin\u00e4kyvyys<\/li>\n<\/ul>\n<p>Monelle olennaisuusanalyysiss\u00e4 t\u00e4rke\u00e4ksi nousseelle teemalle ei l\u00f6ydy GRI-ohjeistossa tunnuslukuja.\u00a0Siksi\u00a0Senaatti-kiinteist\u00f6t on lis\u00e4nnyt GRI-taulukkoon toimintansa ja strategiansa kannalta keskeisi\u00e4 indikaattoreita, joita ovat toimitilaratkaisuilla saavutetut s\u00e4\u00e4st\u00f6t, tehokkaat tilaratkaisut ja toiminnan kustannustehokkuus. N\u00e4ille on m\u00e4\u00e4ritelty mittarit ja tuloksista raportoidaan s\u00e4\u00e4nn\u00f6llisesti.<\/p>\n<h2>Olennaisuusmatriisi<\/h2>\n<p><img loading=\"lazy\" decoding=\"async\" class=\"wp-image-773 alignright\" style=\"padding-left: 20px;\" src=\"\/\/www.senaatti.fi\/app_ykv_archive\/uploads\/sites\/2\/2018\/03\/senaatti-yvk-olennaisuusmatriisi-1024x947.jpg\" alt=\"\" width=\"429\" height=\"380\" \/><\/p>\n<ol>\n<li><a href=\"https:\/\/www.senaatti.fi\/yhteiskuntavastuuraportti2018\/vastuullisuus-senaatissa\/tyoymparistot\/sisailma\/\">Hyvien sis\u00e4olosuhteiden varmistaminen<\/a><\/li>\n<li><a href=\"https:\/\/www.senaatti.fi\/yhteiskuntavastuuraportti2018\/vastuullisuus-senaatissa\/tyoymparistot\/\">Kustannustehokkaat tilaratkaisut ja toimintaa tukevat ty\u00f6ymp\u00e4rist\u00f6t\u00a0<\/a><\/li>\n<li><a href=\"https:\/\/www.senaatti.fi\/yhteiskuntavastuuraportti2018\/vuosi-2017\/taloudelliset-tavoitteet-ja-tulokset\/\">S\u00e4\u00e4st\u00f6t (valtion) toimitilakustannuksissa<\/a><\/li>\n<li><a href=\"https:\/\/www.senaatti.fi\/yhteiskuntavastuuraportti2018\/vastuullisuus-senaatissa\/vastuulliset-hankinnat\/\">Tehokkaat hankinnat ja hyvin johdettu kumppaniverkosto<\/a><\/li>\n<li>Toiminnan l\u00e4pin\u00e4kyvyys ja avoimuus\u00a0 (mm. vuosittain julkaistava yhteiskuntavastuuraportti, jossa kerromme kattavasti toiminnastamme)<\/li>\n<li>Kest\u00e4v\u00e4 ajattelu\/Elinkaariajattelu <a href=\"https:\/\/www.senaatti.fi\/yhteiskuntavastuuraportti2018\/vuosi-2017\/kiinteistovarallisuus-ja-palvelut\/kiinteistojen-yllapito\/\">kiinteist\u00f6jen yll\u00e4pidossa<\/a>\u00a0 ja <a href=\"https:\/\/www.senaatti.fi\/yhteiskuntavastuuraportti2018\/vastuullisuus-senaatissa\/ymparisto\/kestava-rakentaminen\/vuosi-2017\/kiinteistovarallisuus-ja-palvelut\/investoinnit\/\">rakentamisessa<\/a><\/li>\n<li><a href=\"https:\/\/www.senaatti.fi\/yhteiskuntavastuuraportti2018\/vastuullisuus-senaatissa\/ymparisto\/paastot-ilmaan\/\">Kiinteist\u00f6jen elinkaaren aikana aiheutuneet p\u00e4\u00e4st\u00f6t<\/a><\/li>\n<li><a href=\"https:\/\/www.senaatti.fi\/yhteiskuntavastuuraportti2018\/vastuullisuus-senaatissa\/vastuulliset-hankinnat\/talousrikollisuuden-torjunta\/\">Talousrikollisuuden torjunta<\/a><\/li>\n<li>Rakennetun kulttuuriymp\u00e4rist\u00f6n vaaliminen<br \/>\n(<a href=\"https:\/\/www.senaatti.fi\/yhteiskuntavastuuraportti2018\/vuosi-2017\/kiinteistovarallisuus-ja-palvelut\/arvokiinteistot\/\">arvokiinteist\u00f6t<\/a> ja <a href=\"https:\/\/www.senaatti.fi\/yhteiskuntavastuuraportti2018\/vastuullisuus-senaatissa\/ymparisto\/luonnon-monimuotoisuus\/\">luonnon monimuotoisuus<\/a>)<\/li>\n<li><a href=\"https:\/\/www.senaatti.fi\/yhteiskuntavastuuraportti2018\/vastuullisuus-senaatissa\/tyoymparistot\/turvallisuus\/\">Tilojen, tietojen ja toiminnan turvallisuus<\/a><\/li>\n<li><a href=\"https:\/\/www.senaatti.fi\/yhteiskuntavastuuraportti2018\/vuosi-2017\/kiinteistovarallisuus-ja-palvelut\/kiinteistokehittaminen-ja-myynti\/\">Hallittu kiinteist\u00f6jen myynti<\/a><\/li>\n<li><a href=\"https:\/\/www.senaatti.fi\/yhteiskuntavastuuraportti2018\/vastuullisuus-senaatissa\/tyoymparistot\/tyoymparistojen-kehittaminen\/\">Ty\u00f6nteon suorituskyky ja tehokkuus<\/a><\/li>\n<li><a href=\"https:\/\/www.senaatti.fi\/yhteiskuntavastuuraportti2018\/vastuullisuus-senaatissa\/ymparisto\/pilaantuneet-maa-alueet\/\">Pilaantuneiden maa-alueiden hallinta<\/a><\/li>\n<\/ol>\n","protected":false},"excerpt":{"rendered":"<p>Senaatti-kiinteist\u00f6t tarkastelee s\u00e4\u00e4nn\u00f6llisin v\u00e4liajoin toimintansa olennaisia n\u00e4k\u00f6kohtia ja ottaa huomioon tarkastelussa muun muassa toimintaymp\u00e4rist\u00f6ss\u00e4 tapahtuvat muutokset, strategiset tavoitteet, kest\u00e4v\u00e4n kehityksen n\u00e4k\u00f6kulmat ja keskeiset riskit. Vuonna 2014 toteutettiin ulkopuolisen asiantuntijan toimesta Senaatin keskeisten sidosryhmien keskuudessa kysely, jossa kartoitettiin sidosryhmien n\u00e4kemyksi\u00e4 Senaatti-kiinteist\u00f6jen olennaisista yhteiskuntavastuun n\u00e4k\u00f6kulmista.\u00a0 S\u00e4hk\u00f6isen kyselyn lis\u00e4ksi kartoitus sis\u00e4lsi my\u00f6s henkil\u00f6haastatteluja. Senaatti-kiinteist\u00f6jen johto vahvisti matriisin tulokset [&hellip;]<\/p>\n","protected":false},"author":11,"featured_media":0,"parent":63,"menu_order":1,"comment_status":"closed","ping_status":"closed","template":"","meta":{"_acf_changed":false,"footnotes":""},"class_list":["post-65","page","type-page","status-publish","hentry"],"acf":[],"yoast_head":"<!-- This site is optimized with the Yoast SEO plugin v23.9 - https:\/\/yoast.com\/wordpress\/plugins\/seo\/ -->\n<title>Olennaiset teemat - Yhteiskuntavastuuraportti 2018<\/title>\n<meta name=\"robots\" content=\"index, follow, max-snippet:-1, max-image-preview:large, max-video-preview:-1\" \/>\n<link rel=\"canonical\" href=\"https:\/\/www.senaatti.fi\/yhteiskuntavastuuraportti2018\/vastuullisuus-senaatissa\/olennaiset-teemat-ja-olennaisuusanalyysi\/\" \/>\n<meta property=\"og:locale\" content=\"en_US\" \/>\n<meta property=\"og:type\" content=\"article\" \/>\n<meta property=\"og:title\" content=\"Olennaiset teemat - Yhteiskuntavastuuraportti 2018\" \/>\n<meta property=\"og:description\" content=\"Senaatti-kiinteist\u00f6t tarkastelee s\u00e4\u00e4nn\u00f6llisin v\u00e4liajoin toimintansa olennaisia n\u00e4k\u00f6kohtia ja ottaa huomioon tarkastelussa muun muassa toimintaymp\u00e4rist\u00f6ss\u00e4 tapahtuvat muutokset, strategiset tavoitteet, kest\u00e4v\u00e4n kehityksen n\u00e4k\u00f6kulmat ja keskeiset riskit. Vuonna 2014 toteutettiin ulkopuolisen asiantuntijan toimesta Senaatin keskeisten sidosryhmien keskuudessa kysely, jossa kartoitettiin sidosryhmien n\u00e4kemyksi\u00e4 Senaatti-kiinteist\u00f6jen olennaisista yhteiskuntavastuun n\u00e4k\u00f6kulmista.\u00a0 S\u00e4hk\u00f6isen kyselyn lis\u00e4ksi kartoitus sis\u00e4lsi my\u00f6s henkil\u00f6haastatteluja. Senaatti-kiinteist\u00f6jen johto vahvisti matriisin tulokset [&hellip;]\" \/>\n<meta property=\"og:url\" content=\"https:\/\/www.senaatti.fi\/yhteiskuntavastuuraportti2018\/vastuullisuus-senaatissa\/olennaiset-teemat-ja-olennaisuusanalyysi\/\" \/>\n<meta property=\"og:site_name\" content=\"Yhteiskuntavastuuraportti 2018\" \/>\n<meta property=\"article:modified_time\" content=\"2019-04-10T10:01:38+00:00\" \/>\n<meta property=\"og:image\" content=\"\/\/www.senaatti.fi\/app_ykv_archive\/uploads\/sites\/2\/2018\/03\/senaatti-yvk-olennaisuusmatriisi-1024x947.jpg\" \/>\n<meta name=\"twitter:card\" content=\"summary_large_image\" \/>\n<meta name=\"twitter:label1\" content=\"Est. reading time\" \/>\n\t<meta name=\"twitter:data1\" content=\"2 minutes\" \/>\n<script type=\"application\/ld+json\" class=\"yoast-schema-graph\">{\"@context\":\"https:\/\/schema.org\",\"@graph\":[{\"@type\":\"WebPage\",\"@id\":\"https:\/\/www.senaatti.fi\/yhteiskuntavastuuraportti2018\/vastuullisuus-senaatissa\/olennaiset-teemat-ja-olennaisuusanalyysi\/\",\"url\":\"https:\/\/www.senaatti.fi\/yhteiskuntavastuuraportti2018\/vastuullisuus-senaatissa\/olennaiset-teemat-ja-olennaisuusanalyysi\/\",\"name\":\"Olennaiset teemat - Yhteiskuntavastuuraportti 2018\",\"isPartOf\":{\"@id\":\"https:\/\/www.senaatti.fi\/yhteiskuntavastuuraportti2018\/#website\"},\"datePublished\":\"2018-01-29T11:06:48+00:00\",\"dateModified\":\"2019-04-10T10:01:38+00:00\",\"breadcrumb\":{\"@id\":\"https:\/\/www.senaatti.fi\/yhteiskuntavastuuraportti2018\/vastuullisuus-senaatissa\/olennaiset-teemat-ja-olennaisuusanalyysi\/#breadcrumb\"},\"inLanguage\":\"en-US\",\"potentialAction\":[{\"@type\":\"ReadAction\",\"target\":[\"https:\/\/www.senaatti.fi\/yhteiskuntavastuuraportti2018\/vastuullisuus-senaatissa\/olennaiset-teemat-ja-olennaisuusanalyysi\/\"]}]},{\"@type\":\"BreadcrumbList\",\"@id\":\"https:\/\/www.senaatti.fi\/yhteiskuntavastuuraportti2018\/vastuullisuus-senaatissa\/olennaiset-teemat-ja-olennaisuusanalyysi\/#breadcrumb\",\"itemListElement\":[{\"@type\":\"ListItem\",\"position\":1,\"name\":\"Home\",\"item\":\"https:\/\/www.senaatti.fi\/yhteiskuntavastuuraportti2018\/\"},{\"@type\":\"ListItem\",\"position\":2,\"name\":\"Vastuullisuus Senaatissa\",\"item\":\"https:\/\/www.senaatti.fi\/yhteiskuntavastuuraportti2018\/vastuullisuus-senaatissa\/\"},{\"@type\":\"ListItem\",\"position\":3,\"name\":\"Olennaiset teemat\"}]},{\"@type\":\"WebSite\",\"@id\":\"https:\/\/www.senaatti.fi\/yhteiskuntavastuuraportti2018\/#website\",\"url\":\"https:\/\/www.senaatti.fi\/yhteiskuntavastuuraportti2018\/\",\"name\":\"Yhteiskuntavastuuraportti 2018\",\"description\":\"\",\"potentialAction\":[{\"@type\":\"SearchAction\",\"target\":{\"@type\":\"EntryPoint\",\"urlTemplate\":\"https:\/\/www.senaatti.fi\/yhteiskuntavastuuraportti2018\/?s={search_term_string}\"},\"query-input\":{\"@type\":\"PropertyValueSpecification\",\"valueRequired\":true,\"valueName\":\"search_term_string\"}}],\"inLanguage\":\"en-US\"}]}<\/script>\n<!-- \/ Yoast SEO plugin. -->","yoast_head_json":{"title":"Olennaiset teemat - Yhteiskuntavastuuraportti 2018","robots":{"index":"index","follow":"follow","max-snippet":"max-snippet:-1","max-image-preview":"max-image-preview:large","max-video-preview":"max-video-preview:-1"},"canonical":"https:\/\/www.senaatti.fi\/yhteiskuntavastuuraportti2018\/vastuullisuus-senaatissa\/olennaiset-teemat-ja-olennaisuusanalyysi\/","og_locale":"en_US","og_type":"article","og_title":"Olennaiset teemat - Yhteiskuntavastuuraportti 2018","og_description":"Senaatti-kiinteist\u00f6t tarkastelee s\u00e4\u00e4nn\u00f6llisin v\u00e4liajoin toimintansa olennaisia n\u00e4k\u00f6kohtia ja ottaa huomioon tarkastelussa muun muassa toimintaymp\u00e4rist\u00f6ss\u00e4 tapahtuvat muutokset, strategiset tavoitteet, kest\u00e4v\u00e4n kehityksen n\u00e4k\u00f6kulmat ja keskeiset riskit. Vuonna 2014 toteutettiin ulkopuolisen asiantuntijan toimesta Senaatin keskeisten sidosryhmien keskuudessa kysely, jossa kartoitettiin sidosryhmien n\u00e4kemyksi\u00e4 Senaatti-kiinteist\u00f6jen olennaisista yhteiskuntavastuun n\u00e4k\u00f6kulmista.\u00a0 S\u00e4hk\u00f6isen kyselyn lis\u00e4ksi kartoitus sis\u00e4lsi my\u00f6s henkil\u00f6haastatteluja. Senaatti-kiinteist\u00f6jen johto vahvisti matriisin tulokset [&hellip;]","og_url":"https:\/\/www.senaatti.fi\/yhteiskuntavastuuraportti2018\/vastuullisuus-senaatissa\/olennaiset-teemat-ja-olennaisuusanalyysi\/","og_site_name":"Yhteiskuntavastuuraportti 2018","article_modified_time":"2019-04-10T10:01:38+00:00","og_image":[{"url":"\/\/www.senaatti.fi\/app_ykv_archive\/uploads\/sites\/2\/2018\/03\/senaatti-yvk-olennaisuusmatriisi-1024x947.jpg"}],"twitter_card":"summary_large_image","twitter_misc":{"Est. reading time":"2 minutes"},"schema":{"@context":"https:\/\/schema.org","@graph":[{"@type":"WebPage","@id":"https:\/\/www.senaatti.fi\/yhteiskuntavastuuraportti2018\/vastuullisuus-senaatissa\/olennaiset-teemat-ja-olennaisuusanalyysi\/","url":"https:\/\/www.senaatti.fi\/yhteiskuntavastuuraportti2018\/vastuullisuus-senaatissa\/olennaiset-teemat-ja-olennaisuusanalyysi\/","name":"Olennaiset teemat - Yhteiskuntavastuuraportti 2018","isPartOf":{"@id":"https:\/\/www.senaatti.fi\/yhteiskuntavastuuraportti2018\/#website"},"datePublished":"2018-01-29T11:06:48+00:00","dateModified":"2019-04-10T10:01:38+00:00","breadcrumb":{"@id":"https:\/\/www.senaatti.fi\/yhteiskuntavastuuraportti2018\/vastuullisuus-senaatissa\/olennaiset-teemat-ja-olennaisuusanalyysi\/#breadcrumb"},"inLanguage":"en-US","potentialAction":[{"@type":"ReadAction","target":["https:\/\/www.senaatti.fi\/yhteiskuntavastuuraportti2018\/vastuullisuus-senaatissa\/olennaiset-teemat-ja-olennaisuusanalyysi\/"]}]},{"@type":"BreadcrumbList","@id":"https:\/\/www.senaatti.fi\/yhteiskuntavastuuraportti2018\/vastuullisuus-senaatissa\/olennaiset-teemat-ja-olennaisuusanalyysi\/#breadcrumb","itemListElement":[{"@type":"ListItem","position":1,"name":"Home","item":"https:\/\/www.senaatti.fi\/yhteiskuntavastuuraportti2018\/"},{"@type":"ListItem","position":2,"name":"Vastuullisuus Senaatissa","item":"https:\/\/www.senaatti.fi\/yhteiskuntavastuuraportti2018\/vastuullisuus-senaatissa\/"},{"@type":"ListItem","position":3,"name":"Olennaiset teemat"}]},{"@type":"WebSite","@id":"https:\/\/www.senaatti.fi\/yhteiskuntavastuuraportti2018\/#website","url":"https:\/\/www.senaatti.fi\/yhteiskuntavastuuraportti2018\/","name":"Yhteiskuntavastuuraportti 2018","description":"","potentialAction":[{"@type":"SearchAction","target":{"@type":"EntryPoint","urlTemplate":"https:\/\/www.senaatti.fi\/yhteiskuntavastuuraportti2018\/?s={search_term_string}"},"query-input":{"@type":"PropertyValueSpecification","valueRequired":true,"valueName":"search_term_string"}}],"inLanguage":"en-US"}]}},"_links":{"self":[{"href":"https:\/\/www.senaatti.fi\/yhteiskuntavastuuraportti2018\/wp-json\/wp\/v2\/pages\/65","targetHints":{"allow":["GET"]}}],"collection":[{"href":"https:\/\/www.senaatti.fi\/yhteiskuntavastuuraportti2018\/wp-json\/wp\/v2\/pages"}],"about":[{"href":"https:\/\/www.senaatti.fi\/yhteiskuntavastuuraportti2018\/wp-json\/wp\/v2\/types\/page"}],"author":[{"embeddable":true,"href":"https:\/\/www.senaatti.fi\/yhteiskuntavastuuraportti2018\/wp-json\/wp\/v2\/users\/11"}],"replies":[{"embeddable":true,"href":"https:\/\/www.senaatti.fi\/yhteiskuntavastuuraportti2018\/wp-json\/wp\/v2\/comments?post=65"}],"version-history":[{"count":11,"href":"https:\/\/www.senaatti.fi\/yhteiskuntavastuuraportti2018\/wp-json\/wp\/v2\/pages\/65\/revisions"}],"predecessor-version":[{"id":2382,"href":"https:\/\/www.senaatti.fi\/yhteiskuntavastuuraportti2018\/wp-json\/wp\/v2\/pages\/65\/revisions\/2382"}],"up":[{"embeddable":true,"href":"https:\/\/www.senaatti.fi\/yhteiskuntavastuuraportti2018\/wp-json\/wp\/v2\/pages\/63"}],"wp:attachment":[{"href":"https:\/\/www.senaatti.fi\/yhteiskuntavastuuraportti2018\/wp-json\/wp\/v2\/media?parent=65"}],"curies":[{"name":"wp","href":"https:\/\/api.w.org\/{rel}","templated":true}]}}