{"id":63,"date":"2018-01-29T11:06:22","date_gmt":"2018-01-29T11:06:22","guid":{"rendered":"https:\/\/www.senaatti.fi\/yhteiskuntavastuuraportti2018\/?page_id=63"},"modified":"2019-03-29T06:22:25","modified_gmt":"2019-03-29T06:22:25","slug":"vastuullisuus-senaatissa","status":"publish","type":"page","link":"https:\/\/www.senaatti.fi\/yhteiskuntavastuuraportti2018\/vastuullisuus-senaatissa\/","title":{"rendered":"Vastuullisuus Senaatissa"},"content":{"rendered":"<div class=\"wpb-content-wrapper\"><p>[vc_row][vc_column][senaatti_hero image_position_vertical=&#8221;bottom&#8221; heading=&#8221;Vastuullisuus Senaatissa&#8221; image=&#8221;1718&#8243;][\/vc_column][\/vc_row][vc_row][vc_column width=&#8221;1\/2&#8243;][vc_column_text]<ul class=\"sidemenu\"><li class=\"page_item page-item-65 page_item_has_children\"><a href=\"https:\/\/www.senaatti.fi\/yhteiskuntavastuuraportti2018\/vastuullisuus-senaatissa\/olennaiset-teemat-ja-olennaisuusanalyysi\/\">Olennaiset teemat<\/a>\n<ul class='children'>\n\t<li class=\"page_item page-item-1929\"><a href=\"https:\/\/www.senaatti.fi\/yhteiskuntavastuuraportti2018\/vastuullisuus-senaatissa\/olennaiset-teemat-ja-olennaisuusanalyysi\/yhteiskuntavastuun-johtaminen\/\">Yhteiskuntavastuun johtaminen<\/a><\/li>\n<\/ul>\n<\/li>\n<li class=\"page_item page-item-73 page_item_has_children\"><a href=\"https:\/\/www.senaatti.fi\/yhteiskuntavastuuraportti2018\/vastuullisuus-senaatissa\/sidosryhmat\/\">Sidosryhm\u00e4t<\/a>\n<ul class='children'>\n\t<li class=\"page_item page-item-75\"><a href=\"https:\/\/www.senaatti.fi\/yhteiskuntavastuuraportti2018\/vastuullisuus-senaatissa\/sidosryhmat\/kumppanit\/\">Kumppanit<\/a><\/li>\n\t<li class=\"page_item page-item-77\"><a href=\"https:\/\/www.senaatti.fi\/yhteiskuntavastuuraportti2018\/vastuullisuus-senaatissa\/sidosryhmat\/asiakkaat\/\">Asiakkaat<\/a><\/li>\n\t<li class=\"page_item page-item-79\"><a href=\"https:\/\/www.senaatti.fi\/yhteiskuntavastuuraportti2018\/vastuullisuus-senaatissa\/sidosryhmat\/toimialan-kehittamiseen-osallistuminen\/\">Toimialan kehitt\u00e4miseen osallistuminen<\/a><\/li>\n<\/ul>\n<\/li>\n<li class=\"page_item page-item-103 page_item_has_children\"><a href=\"https:\/\/www.senaatti.fi\/yhteiskuntavastuuraportti2018\/vastuullisuus-senaatissa\/tyoymparistot\/\">Ty\u00f6ymp\u00e4rist\u00f6t<\/a>\n<ul class='children'>\n\t<li class=\"page_item page-item-105\"><a href=\"https:\/\/www.senaatti.fi\/yhteiskuntavastuuraportti2018\/vastuullisuus-senaatissa\/tyoymparistot\/tyoymparistojen-kehittaminen\/\">Ty\u00f6ymp\u00e4rist\u00f6jen kehitt\u00e4minen<\/a><\/li>\n\t<li class=\"page_item page-item-109\"><a href=\"https:\/\/www.senaatti.fi\/yhteiskuntavastuuraportti2018\/vastuullisuus-senaatissa\/tyoymparistot\/sisailma\/\">Sis\u00e4ilma<\/a><\/li>\n\t<li class=\"page_item page-item-111\"><a href=\"https:\/\/www.senaatti.fi\/yhteiskuntavastuuraportti2018\/vastuullisuus-senaatissa\/tyoymparistot\/turvallisuus\/\">Turvallisuuspalvelut<\/a><\/li>\n\t<li class=\"page_item page-item-107\"><a href=\"https:\/\/www.senaatti.fi\/yhteiskuntavastuuraportti2018\/vastuullisuus-senaatissa\/tyoymparistot\/esteettomyys\/\">Esteett\u00f6myys<\/a><\/li>\n\t<li class=\"page_item page-item-317\"><a href=\"https:\/\/www.senaatti.fi\/yhteiskuntavastuuraportti2018\/vastuullisuus-senaatissa\/tyoymparistot\/taide-osana-tyoymparistoa\/\">Taide osana ty\u00f6ymp\u00e4rist\u00f6\u00e4<\/a><\/li>\n<\/ul>\n<\/li>\n<li class=\"page_item page-item-113 page_item_has_children\"><a href=\"https:\/\/www.senaatti.fi\/yhteiskuntavastuuraportti2018\/vastuullisuus-senaatissa\/vastuulliset-hankinnat\/\">Vastuulliset hankinnat<\/a>\n<ul class='children'>\n\t<li class=\"page_item page-item-117\"><a href=\"https:\/\/www.senaatti.fi\/yhteiskuntavastuuraportti2018\/vastuullisuus-senaatissa\/vastuulliset-hankinnat\/talousrikollisuuden-torjunta\/\">Talousrikollisuuden torjunta<\/a><\/li>\n<\/ul>\n<\/li>\n<li class=\"page_item page-item-81 page_item_has_children\"><a href=\"https:\/\/www.senaatti.fi\/yhteiskuntavastuuraportti2018\/vastuullisuus-senaatissa\/ymparisto\/\">Ymp\u00e4rist\u00f6<\/a>\n<ul class='children'>\n\t<li class=\"page_item page-item-83\"><a href=\"https:\/\/www.senaatti.fi\/yhteiskuntavastuuraportti2018\/vastuullisuus-senaatissa\/ymparisto\/energia-ja-vesi\/\">Energia ja vesi<\/a><\/li>\n\t<li class=\"page_item page-item-85\"><a href=\"https:\/\/www.senaatti.fi\/yhteiskuntavastuuraportti2018\/vastuullisuus-senaatissa\/ymparisto\/paastot-ilmaan\/\">P\u00e4\u00e4st\u00f6t ilmaan<\/a><\/li>\n\t<li class=\"page_item page-item-87\"><a href=\"https:\/\/www.senaatti.fi\/yhteiskuntavastuuraportti2018\/vastuullisuus-senaatissa\/ymparisto\/pilaantuneet-maa-alueet\/\">Pilaantuneet maa-alueet<\/a><\/li>\n\t<li class=\"page_item page-item-89\"><a href=\"https:\/\/www.senaatti.fi\/yhteiskuntavastuuraportti2018\/vastuullisuus-senaatissa\/ymparisto\/jatteet\/\">J\u00e4tteet<\/a><\/li>\n\t<li class=\"page_item page-item-91\"><a href=\"https:\/\/www.senaatti.fi\/yhteiskuntavastuuraportti2018\/vastuullisuus-senaatissa\/ymparisto\/luonnon-monimuotoisuus\/\">Luonnon monimuotoisuus<\/a><\/li>\n\t<li class=\"page_item page-item-93\"><a href=\"https:\/\/www.senaatti.fi\/yhteiskuntavastuuraportti2018\/vastuullisuus-senaatissa\/ymparisto\/kestava-rakentaminen\/\">Kest\u00e4v\u00e4 rakentaminen<\/a><\/li>\n<\/ul>\n<\/li>\n<li class=\"page_item page-item-97 page_item_has_children\"><a href=\"https:\/\/www.senaatti.fi\/yhteiskuntavastuuraportti2018\/vastuullisuus-senaatissa\/henkilosto\/\">Henkil\u00f6st\u00f6<\/a>\n<ul class='children'>\n\t<li class=\"page_item page-item-291\"><a href=\"https:\/\/www.senaatti.fi\/yhteiskuntavastuuraportti2018\/vastuullisuus-senaatissa\/henkilosto\/senaattilaiset\/\">Senaattilaiset<\/a><\/li>\n\t<li class=\"page_item page-item-101\"><a href=\"https:\/\/www.senaatti.fi\/yhteiskuntavastuuraportti2018\/vastuullisuus-senaatissa\/henkilosto\/osaamiseen-panostaminen\/\">Osaamiseen panostaminen<\/a><\/li>\n\t<li class=\"page_item page-item-99\"><a href=\"https:\/\/www.senaatti.fi\/yhteiskuntavastuuraportti2018\/vastuullisuus-senaatissa\/henkilosto\/tyohyvinvointi\/\">Ty\u00f6hyvinvointiin panostaminen<\/a><\/li>\n<\/ul>\n<\/li>\n<\/ul>[\/vc_column_text][\/vc_column][vc_column width=&#8221;1\/2&#8243;][vc_column_text]<\/p>\n<h2>Yhteiskuntavastuun tavoitteet 2018<\/h2>\n<p>Kaikki vastuullisuuden osa-alueet kattavan ymp\u00e4rist\u00f6j\u00e4rjestelm\u00e4n mukaisesti laadimme yhteiskuntavastuuohjelmat jokaiselle strategiakaudelle.\u00a0 Ohjelmille asetetaan pitk\u00e4n aikav\u00e4lin tavoitteet ja vuosittaiset tavoitteet, joiden toteutumista seurataan s\u00e4\u00e4nn\u00f6llisesti.<\/p>\n<p>Vuonna 2018 m\u00e4\u00e4riteltiin uudet yhteiskuntavastuuohjelmat ja niiden tavoitteet Senaatin strategiaty\u00f6n yhteydess\u00e4.<\/p>\n<table class=\"senaatti-table senaatti-table--striped senaatti-table--responsive-stacked\">\n<thead>\n<tr>\n<th>Ohjelma<\/th>\n<th>Pitk\u00e4n aikav\u00e4lin tavoite<\/th>\n<th>Katso miten onnistuimme vuonna 2018<\/th>\n<\/tr>\n<\/thead>\n<tbody>\n<tr>\n<td>1. Energiankulutuksen v\u00e4hent\u00e4minen<\/td>\n<td>Energiatehokkuus paranee vuosittain Senaatin yll\u00e4pit\u00e4m\u00e4ss\u00e4 kiinteist\u00f6kannassa.<\/td>\n<td style=\"background-color: #ff5252;\"><a href=\"https:\/\/www.senaatti.fi\/yhteiskuntavastuuraportti2018\/vastuullisuus-senaatissa\/ymparisto\/energia-ja-vesi\/\">Energia ja vesi<\/a><\/td>\n<\/tr>\n<tr>\n<td>2. Pilaantuneiden maa-alueiden hallinnan kehitt\u00e4minen<\/td>\n<td>Pilaantuneiden maa-alueiden hallinta osana normaaleja prosesseja.<\/td>\n<td style=\"background-color: #e7ed72;\"><a href=\"https:\/\/www.senaatti.fi\/yhteiskuntavastuuraportti2018\/vastuullisuus-senaatissa\/ymparisto\/pilaantuneet-maa-alueet\/\">Pilaantuneet maa-alueet<\/a><\/td>\n<\/tr>\n<tr>\n<td>3. Sis\u00e4olosuhteiden hallinta<\/td>\n<td>Saada sis\u00e4olosuhteet varmistettua ennakoivilla hoito- ja yll\u00e4pitotoimilla.<\/td>\n<td style=\"background-color: #80ff82;\"><a href=\"https:\/\/www.senaatti.fi\/yhteiskuntavastuuraportti2018\/vastuullisuus-senaatissa\/tyoymparistot\/sisailma\/\">Sis\u00e4ilma<\/a><\/td>\n<\/tr>\n<tr>\n<td>4. Verkostojohtamisen kehitt\u00e4minen<\/td>\n<td>Verkostojohtaminen hyv\u00e4ll\u00e4 mallilla Senaatissa<\/td>\n<td style=\"background-color: #e7ed72;\"><a href=\"https:\/\/www.senaatti.fi\/yhteiskuntavastuuraportti2018\/vastuullisuus-senaatissa\/vastuulliset-hankinnat\/\">Toimitusketjun hallinta<\/a><\/td>\n<\/tr>\n<tr>\n<td>5. Tilatehokkuuden parantaminen<\/td>\n<td>Valtion toimitilat ovat toimitilastrategian mukaiset.<\/td>\n<td style=\"background-color: #80ff82;\"><a href=\"https:\/\/www.senaatti.fi\/yhteiskuntavastuuraportti2018\/vastuullisuus-senaatissa\/tyoymparistot\/tyoymparistojen-kehittaminen\/\">Ty\u00f6ymp\u00e4rist\u00f6jen kehitt\u00e4minen<\/a><\/td>\n<\/tr>\n<tr>\n<td>6. Turvallisuustietoisuuden ja -osaamisen kehitt\u00e4minen<\/td>\n<td>Tilat ja palvelut tukevat asiakkaan turvallista toimintaa.<\/td>\n<td style=\"background-color: #80ff82;\"><a href=\"https:\/\/www.senaatti.fi\/yhteiskuntavastuuraportti2018\/vastuullisuus-senaatissa\/tyoymparistot\/turvallisuus\/\">Turvallisuus ja tietoturvallisuus<\/a><\/td>\n<\/tr>\n<\/tbody>\n<\/table>\n<h2>YK:n kest\u00e4v\u00e4n kehityksen tavoitteet SDG<\/h2>\n<p>Senaatti-kiinteist\u00f6t tarkastelee toimintaansa ja tavoitteitansa vuoden 2019 aikana YK:n kest\u00e4v\u00e4n kehityksen tavoitteisiin peilaten.[\/vc_column_text][\/vc_column][\/vc_row]<\/p>\n<\/div>","protected":false},"excerpt":{"rendered":"<p>[vc_row][vc_column][senaatti_hero image_position_vertical=&#8221;bottom&#8221; heading=&#8221;Vastuullisuus Senaatissa&#8221; image=&#8221;1718&#8243;][\/vc_column][\/vc_row][vc_row][vc_column width=&#8221;1\/2&#8243;][vc_column_text][\/vc_column_text][\/vc_column][vc_column width=&#8221;1\/2&#8243;][vc_column_text] Yhteiskuntavastuun tavoitteet 2018 Kaikki vastuullisuuden osa-alueet kattavan ymp\u00e4rist\u00f6j\u00e4rjestelm\u00e4n mukaisesti laadimme yhteiskuntavastuuohjelmat jokaiselle strategiakaudelle.\u00a0 Ohjelmille asetetaan pitk\u00e4n aikav\u00e4lin tavoitteet ja vuosittaiset tavoitteet, joiden toteutumista seurataan s\u00e4\u00e4nn\u00f6llisesti. Vuonna 2018 m\u00e4\u00e4riteltiin uudet yhteiskuntavastuuohjelmat ja niiden tavoitteet Senaatin strategiaty\u00f6n yhteydess\u00e4. Ohjelma Pitk\u00e4n aikav\u00e4lin tavoite Katso miten onnistuimme vuonna 2018 1. Energiankulutuksen v\u00e4hent\u00e4minen [&hellip;]<\/p>\n","protected":false},"author":11,"featured_media":0,"parent":0,"menu_order":5,"comment_status":"closed","ping_status":"closed","template":"","meta":{"_acf_changed":false,"footnotes":""},"class_list":["post-63","page","type-page","status-publish","hentry","senaatti_tsdg-ei-koyhyytta","senaatti_tsdg-eriarvoisuuden-vahentaminen","senaatti_tsdg-kestavat-kaupungit-ja-yhteisot","senaatti_tsdg-vastuullista-kuluttamista","senaatti_tsdg-ilmastotekoja","senaatti_tsdg-vedenalainen-elama","senaatti_tsdg-maanpaallinen-elama","senaatti_tsdg-rauha-oikeudenmukaisuus-ja-hyva-hallinto","senaatti_tsdg-yhteistyo-ja-kumppanuus","senaatti_tsdg-ei-nalkaa","senaatti_tsdg-terveytta-ja-hyvinvointia","senaatti_tsdg-hyva-koulutus","senaatti_tsdg-sukupuolten-tasa-arvo","senaatti_tsdg-puhdas-vesi-ja-sanitaatio","senaatti_tsdg-edullista-ja-puhdasta-energiaa","senaatti_tsdg-ihmisarvoista-tyota-ja-talouskasvua","senaatti_tsdg-kestavaa-teollisuutta-innovaatioita-ja-infrastruktuureja"],"acf":[],"yoast_head":"<!-- This site is optimized with the Yoast SEO plugin v23.9 - https:\/\/yoast.com\/wordpress\/plugins\/seo\/ -->\n<title>Vastuullisuus Senaatissa - Yhteiskuntavastuuraportti 2018<\/title>\n<meta name=\"robots\" content=\"index, follow, max-snippet:-1, max-image-preview:large, max-video-preview:-1\" \/>\n<link rel=\"canonical\" href=\"https:\/\/www.senaatti.fi\/yhteiskuntavastuuraportti2018\/vastuullisuus-senaatissa\/\" \/>\n<meta property=\"og:locale\" content=\"en_US\" \/>\n<meta property=\"og:type\" content=\"article\" \/>\n<meta property=\"og:title\" content=\"Vastuullisuus Senaatissa - Yhteiskuntavastuuraportti 2018\" \/>\n<meta property=\"og:description\" content=\"[vc_row][vc_column][senaatti_hero image_position_vertical=&#8221;bottom&#8221; heading=&#8221;Vastuullisuus Senaatissa&#8221; image=&#8221;1718&#8243;][\/vc_column][\/vc_row][vc_row][vc_column width=&#8221;1\/2&#8243;][vc_column_text][\/vc_column_text][\/vc_column][vc_column width=&#8221;1\/2&#8243;][vc_column_text] Yhteiskuntavastuun tavoitteet 2018 Kaikki vastuullisuuden osa-alueet kattavan ymp\u00e4rist\u00f6j\u00e4rjestelm\u00e4n mukaisesti laadimme yhteiskuntavastuuohjelmat jokaiselle strategiakaudelle.\u00a0 Ohjelmille asetetaan pitk\u00e4n aikav\u00e4lin tavoitteet ja vuosittaiset tavoitteet, joiden toteutumista seurataan s\u00e4\u00e4nn\u00f6llisesti. Vuonna 2018 m\u00e4\u00e4riteltiin uudet yhteiskuntavastuuohjelmat ja niiden tavoitteet Senaatin strategiaty\u00f6n yhteydess\u00e4. Ohjelma Pitk\u00e4n aikav\u00e4lin tavoite Katso miten onnistuimme vuonna 2018 1. Energiankulutuksen v\u00e4hent\u00e4minen [&hellip;]\" \/>\n<meta property=\"og:url\" content=\"https:\/\/www.senaatti.fi\/yhteiskuntavastuuraportti2018\/vastuullisuus-senaatissa\/\" \/>\n<meta property=\"og:site_name\" content=\"Yhteiskuntavastuuraportti 2018\" \/>\n<meta property=\"article:modified_time\" content=\"2019-03-29T06:22:25+00:00\" \/>\n<meta name=\"twitter:card\" content=\"summary_large_image\" \/>\n<meta name=\"twitter:label1\" content=\"Est. reading time\" \/>\n\t<meta name=\"twitter:data1\" content=\"1 minute\" \/>\n<script type=\"application\/ld+json\" class=\"yoast-schema-graph\">{\"@context\":\"https:\/\/schema.org\",\"@graph\":[{\"@type\":\"WebPage\",\"@id\":\"https:\/\/www.senaatti.fi\/yhteiskuntavastuuraportti2018\/vastuullisuus-senaatissa\/\",\"url\":\"https:\/\/www.senaatti.fi\/yhteiskuntavastuuraportti2018\/vastuullisuus-senaatissa\/\",\"name\":\"Vastuullisuus Senaatissa - Yhteiskuntavastuuraportti 2018\",\"isPartOf\":{\"@id\":\"https:\/\/www.senaatti.fi\/yhteiskuntavastuuraportti2018\/#website\"},\"datePublished\":\"2018-01-29T11:06:22+00:00\",\"dateModified\":\"2019-03-29T06:22:25+00:00\",\"breadcrumb\":{\"@id\":\"https:\/\/www.senaatti.fi\/yhteiskuntavastuuraportti2018\/vastuullisuus-senaatissa\/#breadcrumb\"},\"inLanguage\":\"en-US\",\"potentialAction\":[{\"@type\":\"ReadAction\",\"target\":[\"https:\/\/www.senaatti.fi\/yhteiskuntavastuuraportti2018\/vastuullisuus-senaatissa\/\"]}]},{\"@type\":\"BreadcrumbList\",\"@id\":\"https:\/\/www.senaatti.fi\/yhteiskuntavastuuraportti2018\/vastuullisuus-senaatissa\/#breadcrumb\",\"itemListElement\":[{\"@type\":\"ListItem\",\"position\":1,\"name\":\"Home\",\"item\":\"https:\/\/www.senaatti.fi\/yhteiskuntavastuuraportti2018\/\"},{\"@type\":\"ListItem\",\"position\":2,\"name\":\"Vastuullisuus Senaatissa\"}]},{\"@type\":\"WebSite\",\"@id\":\"https:\/\/www.senaatti.fi\/yhteiskuntavastuuraportti2018\/#website\",\"url\":\"https:\/\/www.senaatti.fi\/yhteiskuntavastuuraportti2018\/\",\"name\":\"Yhteiskuntavastuuraportti 2018\",\"description\":\"\",\"potentialAction\":[{\"@type\":\"SearchAction\",\"target\":{\"@type\":\"EntryPoint\",\"urlTemplate\":\"https:\/\/www.senaatti.fi\/yhteiskuntavastuuraportti2018\/?s={search_term_string}\"},\"query-input\":{\"@type\":\"PropertyValueSpecification\",\"valueRequired\":true,\"valueName\":\"search_term_string\"}}],\"inLanguage\":\"en-US\"}]}<\/script>\n<!-- \/ Yoast SEO plugin. -->","yoast_head_json":{"title":"Vastuullisuus Senaatissa - Yhteiskuntavastuuraportti 2018","robots":{"index":"index","follow":"follow","max-snippet":"max-snippet:-1","max-image-preview":"max-image-preview:large","max-video-preview":"max-video-preview:-1"},"canonical":"https:\/\/www.senaatti.fi\/yhteiskuntavastuuraportti2018\/vastuullisuus-senaatissa\/","og_locale":"en_US","og_type":"article","og_title":"Vastuullisuus Senaatissa - Yhteiskuntavastuuraportti 2018","og_description":"[vc_row][vc_column][senaatti_hero image_position_vertical=&#8221;bottom&#8221; heading=&#8221;Vastuullisuus Senaatissa&#8221; image=&#8221;1718&#8243;][\/vc_column][\/vc_row][vc_row][vc_column width=&#8221;1\/2&#8243;][vc_column_text][\/vc_column_text][\/vc_column][vc_column width=&#8221;1\/2&#8243;][vc_column_text] Yhteiskuntavastuun tavoitteet 2018 Kaikki vastuullisuuden osa-alueet kattavan ymp\u00e4rist\u00f6j\u00e4rjestelm\u00e4n mukaisesti laadimme yhteiskuntavastuuohjelmat jokaiselle strategiakaudelle.\u00a0 Ohjelmille asetetaan pitk\u00e4n aikav\u00e4lin tavoitteet ja vuosittaiset tavoitteet, joiden toteutumista seurataan s\u00e4\u00e4nn\u00f6llisesti. Vuonna 2018 m\u00e4\u00e4riteltiin uudet yhteiskuntavastuuohjelmat ja niiden tavoitteet Senaatin strategiaty\u00f6n yhteydess\u00e4. Ohjelma Pitk\u00e4n aikav\u00e4lin tavoite Katso miten onnistuimme vuonna 2018 1. Energiankulutuksen v\u00e4hent\u00e4minen [&hellip;]","og_url":"https:\/\/www.senaatti.fi\/yhteiskuntavastuuraportti2018\/vastuullisuus-senaatissa\/","og_site_name":"Yhteiskuntavastuuraportti 2018","article_modified_time":"2019-03-29T06:22:25+00:00","twitter_card":"summary_large_image","twitter_misc":{"Est. reading time":"1 minute"},"schema":{"@context":"https:\/\/schema.org","@graph":[{"@type":"WebPage","@id":"https:\/\/www.senaatti.fi\/yhteiskuntavastuuraportti2018\/vastuullisuus-senaatissa\/","url":"https:\/\/www.senaatti.fi\/yhteiskuntavastuuraportti2018\/vastuullisuus-senaatissa\/","name":"Vastuullisuus Senaatissa - Yhteiskuntavastuuraportti 2018","isPartOf":{"@id":"https:\/\/www.senaatti.fi\/yhteiskuntavastuuraportti2018\/#website"},"datePublished":"2018-01-29T11:06:22+00:00","dateModified":"2019-03-29T06:22:25+00:00","breadcrumb":{"@id":"https:\/\/www.senaatti.fi\/yhteiskuntavastuuraportti2018\/vastuullisuus-senaatissa\/#breadcrumb"},"inLanguage":"en-US","potentialAction":[{"@type":"ReadAction","target":["https:\/\/www.senaatti.fi\/yhteiskuntavastuuraportti2018\/vastuullisuus-senaatissa\/"]}]},{"@type":"BreadcrumbList","@id":"https:\/\/www.senaatti.fi\/yhteiskuntavastuuraportti2018\/vastuullisuus-senaatissa\/#breadcrumb","itemListElement":[{"@type":"ListItem","position":1,"name":"Home","item":"https:\/\/www.senaatti.fi\/yhteiskuntavastuuraportti2018\/"},{"@type":"ListItem","position":2,"name":"Vastuullisuus Senaatissa"}]},{"@type":"WebSite","@id":"https:\/\/www.senaatti.fi\/yhteiskuntavastuuraportti2018\/#website","url":"https:\/\/www.senaatti.fi\/yhteiskuntavastuuraportti2018\/","name":"Yhteiskuntavastuuraportti 2018","description":"","potentialAction":[{"@type":"SearchAction","target":{"@type":"EntryPoint","urlTemplate":"https:\/\/www.senaatti.fi\/yhteiskuntavastuuraportti2018\/?s={search_term_string}"},"query-input":{"@type":"PropertyValueSpecification","valueRequired":true,"valueName":"search_term_string"}}],"inLanguage":"en-US"}]}},"_links":{"self":[{"href":"https:\/\/www.senaatti.fi\/yhteiskuntavastuuraportti2018\/wp-json\/wp\/v2\/pages\/63","targetHints":{"allow":["GET"]}}],"collection":[{"href":"https:\/\/www.senaatti.fi\/yhteiskuntavastuuraportti2018\/wp-json\/wp\/v2\/pages"}],"about":[{"href":"https:\/\/www.senaatti.fi\/yhteiskuntavastuuraportti2018\/wp-json\/wp\/v2\/types\/page"}],"author":[{"embeddable":true,"href":"https:\/\/www.senaatti.fi\/yhteiskuntavastuuraportti2018\/wp-json\/wp\/v2\/users\/11"}],"replies":[{"embeddable":true,"href":"https:\/\/www.senaatti.fi\/yhteiskuntavastuuraportti2018\/wp-json\/wp\/v2\/comments?post=63"}],"version-history":[{"count":11,"href":"https:\/\/www.senaatti.fi\/yhteiskuntavastuuraportti2018\/wp-json\/wp\/v2\/pages\/63\/revisions"}],"predecessor-version":[{"id":2072,"href":"https:\/\/www.senaatti.fi\/yhteiskuntavastuuraportti2018\/wp-json\/wp\/v2\/pages\/63\/revisions\/2072"}],"wp:attachment":[{"href":"https:\/\/www.senaatti.fi\/yhteiskuntavastuuraportti2018\/wp-json\/wp\/v2\/media?parent=63"}],"curies":[{"name":"wp","href":"https:\/\/api.w.org\/{rel}","templated":true}]}}