{"id":61,"date":"2018-01-29T11:04:55","date_gmt":"2018-01-29T11:04:55","guid":{"rendered":"https:\/\/www.senaatti.fi\/yhteiskuntavastuuraportti2018\/?page_id=61"},"modified":"2019-03-29T13:02:58","modified_gmt":"2019-03-29T13:02:58","slug":"toimintaymparisto","status":"publish","type":"page","link":"https:\/\/www.senaatti.fi\/yhteiskuntavastuuraportti2018\/senaatti\/toimintaymparisto\/","title":{"rendered":"Toimintaymp\u00e4rist\u00f6"},"content":{"rendered":"<div class=\"row\">\n<div class=\"col-sm-4 text-align-center txt-violet\">\n<p><img loading=\"lazy\" decoding=\"async\" class=\"alignnone size-full wp-image-702 ykv-icon\" src=\"https:\/\/www.senaatti.fi\/app_ykv_archive\/uploads\/sites\/2\/2018\/03\/senaatti-ykv-toimintaymparisto-icon-1.png\" alt=\"\" width=\"220\" height=\"220\" srcset=\"https:\/\/www.senaatti.fi\/app_ykv_archive\/uploads\/sites\/7\/2018\/03\/senaatti-ykv-toimintaymparisto-icon-1.png 220w, https:\/\/www.senaatti.fi\/app_ykv_archive\/uploads\/sites\/7\/2018\/03\/senaatti-ykv-toimintaymparisto-icon-1-150x150.png 150w\" sizes=\"auto, (max-width: 220px) 100vw, 220px\" \/><\/p>\n<h6>Tuottavuuden parantaminen ja kest\u00e4vyysvaje edellytt\u00e4v\u00e4t tehokkaampaa resurssien k\u00e4ytt\u00f6\u00e4.<\/h6>\n<\/div>\n<div class=\"col-sm-4 text-align-center txt-violet\">\n<p><img loading=\"lazy\" decoding=\"async\" class=\"alignnone size-full wp-image-703 ykv-icon\" src=\"https:\/\/www.senaatti.fi\/app_ykv_archive\/uploads\/sites\/2\/2018\/03\/senaatti-ykv-toimintaymparisto-icon-2.png\" alt=\"\" width=\"220\" height=\"220\" srcset=\"https:\/\/www.senaatti.fi\/app_ykv_archive\/uploads\/sites\/7\/2018\/03\/senaatti-ykv-toimintaymparisto-icon-2.png 220w, https:\/\/www.senaatti.fi\/app_ykv_archive\/uploads\/sites\/7\/2018\/03\/senaatti-ykv-toimintaymparisto-icon-2-150x150.png 150w\" sizes=\"auto, (max-width: 220px) 100vw, 220px\" \/><\/p>\n<h6>Toimintatapoja ja ty\u00f6ymp\u00e4rist\u00f6j\u00e4 uudistetaan digitalisaation\u00a0 ja monipaikkaisen ty\u00f6n my\u00f6t\u00e4.<\/h6>\n<p>&nbsp;<\/p>\n<\/div>\n<div class=\"col-sm-4 text-align-center txt-violet\">\n<p><img loading=\"lazy\" decoding=\"async\" class=\"alignnone size-full wp-image-704 ykv-icon\" src=\"https:\/\/www.senaatti.fi\/app_ykv_archive\/uploads\/sites\/2\/2018\/03\/senaatti-ykv-toimintaymparisto-icon-3.png\" alt=\"\" width=\"220\" height=\"220\" srcset=\"https:\/\/www.senaatti.fi\/app_ykv_archive\/uploads\/sites\/7\/2018\/03\/senaatti-ykv-toimintaymparisto-icon-3.png 220w, https:\/\/www.senaatti.fi\/app_ykv_archive\/uploads\/sites\/7\/2018\/03\/senaatti-ykv-toimintaymparisto-icon-3-150x150.png 150w\" sizes=\"auto, (max-width: 220px) 100vw, 220px\" \/><\/p>\n<h6>Yhteisty\u00f6t\u00e4 tehd\u00e4\u00e4n enemm\u00e4n yli hallinnonrajojen ja tilojen yhteisk\u00e4ytt\u00f6isyys lis\u00e4\u00e4ntyy eri organisaatioiden kesken.<\/h6>\n<\/div>\n<\/div>\n<p>Senaatti-kiinteist\u00f6jen toimintaymp\u00e4rist\u00f6ss\u00e4 keskeisimpi\u00e4 muutostekij\u00f6it\u00e4 ovat erityisesti digitalisaation ja uusien teknologioiden tuomat muutokset ty\u00f6n tekemiseen ja sit\u00e4 kautta my\u00f6s valtionhallinnon rakenteisiin. Digitalisaation ansiosta s\u00e4hk\u00f6iset toimintamallit, uudet teknologiat ja palvelut yleistyv\u00e4t.<\/p>\n<p>Digitalisoituminen muuttaa ty\u00f6ymp\u00e4rist\u00f6j\u00e4, ty\u00f6nteon tapoja ja ty\u00f6v\u00e4lineit\u00e4, mik\u00e4 on v\u00e4ltt\u00e4m\u00e4t\u00f6nt\u00e4, jotta valtio selvi\u00e4\u00e4 teht\u00e4vist\u00e4\u00e4n tulevaisuudessa.<\/p>\n<p>Julkisen sektorin taloudelliset muutospaineet jatkuvat. Valtion rakenteellinen uudistuminen on ollut poikkeuksellisen nopeaa viime vuonna. Uusia virastoja syntyy ja uudistukset jatkuvat. T\u00e4m\u00e4 tarkoittaa l\u00e4hes poikkeuksetta isoja ja joskus v\u00e4h\u00e4n pienempi\u00e4kin tilaj\u00e4rjestelyit\u00e4, korjaushankkeita ja jopa uudisrakentamista.<\/p>\n<p>Esiin on noussut my\u00f6s uudenlaisia uhkia, joista erityisesti turvallisuuteen liittyv\u00e4t on otettava huomioon entist\u00e4 tarkemmin. T\u00e4m\u00e4 heijastuu my\u00f6s Senaatin toimintaan, jossa asiakkaille tuotettavat turvallisuuteen liittyv\u00e4t palvelut ovat kasvaneet merkitt\u00e4v\u00e4\u00e4n rooliin.<\/p>\n<h2><img loading=\"lazy\" decoding=\"async\" class=\"alignleft size-large wp-image-1470\" src=\"https:\/\/www.senaatti.fi\/app_ykv_archive\/uploads\/sites\/7\/2019\/03\/Turku_hupitila-32-1024x683.jpg\" alt=\"\" width=\"1024\" height=\"683\" srcset=\"https:\/\/www.senaatti.fi\/app_ykv_archive\/uploads\/sites\/7\/2019\/03\/Turku_hupitila-32-1024x683.jpg 1024w, https:\/\/www.senaatti.fi\/app_ykv_archive\/uploads\/sites\/7\/2019\/03\/Turku_hupitila-32-300x200.jpg 300w, https:\/\/www.senaatti.fi\/app_ykv_archive\/uploads\/sites\/7\/2019\/03\/Turku_hupitila-32-768x512.jpg 768w, https:\/\/www.senaatti.fi\/app_ykv_archive\/uploads\/sites\/7\/2019\/03\/Turku_hupitila-32-1600x1067.jpg 1600w, https:\/\/www.senaatti.fi\/app_ykv_archive\/uploads\/sites\/7\/2019\/03\/Turku_hupitila-32-2200x1467.jpg 2200w\" sizes=\"auto, (max-width: 1024px) 100vw, 1024px\" \/>Paikkariippumaton ja monipaikkainen ty\u00f6 yleistyy valtiolla<\/h2>\n<p>Muutokset toimintaymp\u00e4rist\u00f6ss\u00e4 haastavat Senaatti-kiinteist\u00f6t kehitt\u00e4m\u00e4\u00e4n uudenlaisia ty\u00f6ymp\u00e4rist\u00f6ratkaisuja, jotka ovat paitsi tehokkaita, my\u00f6s ty\u00f6yhteis\u00f6n suorituskyky\u00e4 ja henkil\u00f6st\u00f6n ty\u00f6oloja sek\u00e4 ty\u00f6hyvinvointia edist\u00e4vi\u00e4.<\/p>\n<p>Tilojen yhteisk\u00e4ytt\u00f6isyys eri organisaatioiden kesken lis\u00e4\u00e4ntyy. Tuoreessa VM:n selvitysraportissa puhutaan alueellistamisen eli virastojen siirt\u00e4misen sijaan paikkariippumattomasta ty\u00f6st\u00e4, jossa korostuu ty\u00f6n organisointi monipaikkaisuutta ja paikkariippumattomuutta hy\u00f6dynt\u00e4en. Ty\u00f6skenteleminen entist\u00e4 enemm\u00e4n yli hallinnonrajojen ja yhteisk\u00e4ytt\u00f6isiss\u00e4 tiloissa muuttaa v\u00e4ist\u00e4m\u00e4tt\u00e4 ty\u00f6ymp\u00e4rist\u00f6j\u00e4 ja ty\u00f6nteon tapoja valtiolla.<\/p>\n<p>Muutokset tarkoittavat yh\u00e4 useammin my\u00f6s kokonaan tai osittain tyhjenevi\u00e4 tiloja ja kiinteist\u00f6j\u00e4. Viime vuosina valtionhallinnon muutosten vuoksi kiinteist\u00f6j\u00e4 on vapautunut myyntiin aiempaa enemm\u00e4n.<\/p>\n<h2>Rakennusinvestointeja harkitusti<\/h2>\n<p>Valtion taloudellinen tilanne merkitsee my\u00f6s, ett\u00e4 Senaatti yhteisty\u00f6ss\u00e4 asiakkaidensa ja hallinnonalojen kanssa joutuu priorisoimaan ja tarkastelemaan investointeja entist\u00e4 kriittisemmin.<\/p>\n<p>Uudisrakentaminen on j\u00e4\u00e4nyt selv\u00e4sti v\u00e4hemm\u00e4lle, ja korjausrakentaminen on suuruusluokaltaan kaksi kolmasosaa Senaatti-kiinteist\u00f6jen investoinneista.<\/p>\n<h2>Asiakkaat korostavat kest\u00e4v\u00e4n kehityksen n\u00e4k\u00f6kulmia toimitilap\u00e4\u00e4t\u00f6ksiss\u00e4\u00e4n<\/h2>\n<p>Senaatti-kiinteist\u00f6jen toiminnassa erityisesti ymp\u00e4rist\u00f6kysymyksiin, hyv\u00e4\u00e4n sis\u00e4ilmaan ja talousrikollisuuden torjuntaan liittyv\u00e4t n\u00e4k\u00f6kulmat korostuvat tulevaisuudessakin. My\u00f6s organisaatioiden toiminnan l\u00e4pin\u00e4kyvyys on noussut t\u00e4rke\u00e4ksi.<\/p>\n<p>Senaatti on nostanut uudessa strategiassaan sis\u00e4olosuhdeongelmien nollatoleranssin keskeiseksi tavoitteekseen. \u00a0Sis\u00e4olosuhteissa tavoitteena on siirty\u00e4 ongelmien korostamisesta terveytt\u00e4 ja hyvinvointia edist\u00e4viin tiloihin.<\/p>\n<p>Panostukset ennaltaehk\u00e4isev\u00e4\u00e4n toimintaan ovat tulevaisuudessa merkitt\u00e4v\u00e4t, ja ennakoivat toimenpiteet rakennetaan yhdess\u00e4 k\u00e4ytt\u00e4jien kanssa.<\/p>\n<p>ISO 14001 ymp\u00e4rist\u00f6j\u00e4rjestelm\u00e4 on ohjannut Senaatin toimintaa jo vuosia. Ymp\u00e4rist\u00f6kysymysten lis\u00e4ksi Senaatti on sis\u00e4llytt\u00e4nyt vastuullisuusohjelmaansa my\u00f6s sosiaaliset ja taloudelliset tekij\u00e4t.<\/p>\n<p>Kest\u00e4v\u00e4n kehityksen yksi keskeisist\u00e4 n\u00e4k\u00f6kohdista on ilmastonmuutos.\u00a0 Se on keskeinen globaalinen muutostekij\u00e4, joka vaikuttaa suoraan arkeemme.\u00a0 Ilmastonmuutoksen torjunnassa keskeisi\u00e4 toimenpiteit\u00e4 ovat energiatehokkuus rakentamisessa, korjauksissa ja yll\u00e4pidossa. Kiertotalouden n\u00e4k\u00f6kulma vahvistuu entisest\u00e4\u00e4n.<\/p>\n<h2>Uusi vuokraj\u00e4rjestelm\u00e4 toteuttaa valtion kokonaisetua<\/h2>\n<p>Vuoden 2016 alussa otetiin k\u00e4ytt\u00f6\u00f6n valtion uusi omakustannusperusteinen vuokraj\u00e4rjestelm\u00e4. Eduskunnan tarkastusvaliokunta edellytti, ett\u00e4 riippumaton taho arvioi uuden vuokraj\u00e4rjestelm\u00e4n toimivuuden.<\/p>\n<p style=\"text-align: left;\">Deloitten laatiman arvion mukaan uusi vuokraj\u00e4rjestelm\u00e4 ja Senaatin toiminta suhteessa sille asetettuihin tavoitteisiin ovat eduskunnan tahdon mukaisia. Deloitten raportti sis\u00e4lsi my\u00f6s joitain vuokraj\u00e4rjestelm\u00e4n parannusehdotuksia ja lis\u00e4ksi Senaatti on itse tunnistanut kehitysalueita. Talouspoliittinen ministerivaliokunta k\u00e4sitteli ehdotuksia syyskuun kokouksessaan ja sovittujen muutosten seurauksena Senaatin valtioasiakkaiden vuokrauksen tulos laskee l\u00e4hes nollaan vuoden 2020 alussa annettavan vuokranalennuksen j\u00e4lkeen.<\/p>\n<p>My\u00f6s Valtiontalouden tarkastusvirasto julkaisi oman raporttinsa, jossa otettiin kantaa Senaatin toimintaan. Tarkastuksen mukaan Senaatin toiminta on avointa, toimintamuoto liikelaitoksena on sen teht\u00e4v\u00e4n n\u00e4k\u00f6kulmasta perusteltu ja liikelaitosmuotoisuus tuottaa valtiolle my\u00f6s konsernitason hy\u00f6tyj\u00e4.<\/p>\n<p>Valtion toimitila-asiat keskitet\u00e4\u00e4n jatkossakin Senaatille, joka toimii valtionhallinnon ty\u00f6ymp\u00e4rist\u00f6kumppanina ja toimitila-asiantuntijana tilapalveluissa ja tilahankinnassa. Senaatilta t\u00e4m\u00e4 rooli vaatii muun muassa asiakkaan toiminnan syv\u00e4llist\u00e4 tuntemusta ja palvelutarjooman laajentamista, jotta pystymme tuottamaan oikeanlaisia ratkaisuja kulloiseenkin tilanteeseen.<\/p>\n<h2>Uusia kokeiluja ja rohkeita avauksia<\/h2>\n<p>Senaatin visio Suomen valtiosta uusien ty\u00f6nteon tapojen ja ty\u00f6ymp\u00e4rist\u00f6jen edell\u00e4k\u00e4vij\u00e4n\u00e4 edellytt\u00e4\u00e4 tulevaisuudessa rohkeita kokeiluja, joista esimerkkin\u00e4 on vuoden 2018 alussa avautunut Senaatin Sesam Helsingiss\u00e4 ja Kuopiossa. \u00a0Sesamin my\u00f6t\u00e4 Senaatti on avannut oman ty\u00f6ymp\u00e4rist\u00f6ns\u00e4 koko valtionhallinnon k\u00e4ytt\u00f6\u00f6n. Tavoitteena on kannustaa asiakasorganisaatiota pohtimaan mielek\u00e4st\u00e4 tilan k\u00e4ytt\u00f6\u00e4 ja ty\u00f6teon tapoja ja tarjota mahdollisuus kokeilla monitilaymp\u00e4rist\u00f6ss\u00e4 ty\u00f6skentely\u00e4.\u00a0 My\u00f6s ensimm\u00e4iset toteutukset virastojen yhteisk\u00e4ytt\u00f6isist\u00e4 tiloista on tehty, kun TE-toimisto ja Verotoimisto yhdistiv\u00e4t asiakaspalvelupisteens\u00e4 Ylivieskan valtion virastossa.\u00a0 Porvoossa ovat k\u00e4ynniss\u00e4 suunnitelmat Veroviraston ja Maanmittauslaitoksen yhteisist\u00e4 tiloista.<\/p>\n<div class=\"senaatti-feature\"><img loading=\"lazy\" decoding=\"async\" width=\"1024\" height=\"427\" src=\"https:\/\/www.senaatti.fi\/app_ykv_archive\/uploads\/sites\/7\/2019\/03\/SEN-Ylivieska-2200px-IMG_9754-1024x427.jpg\" class=\"senaatti-feature__thumbnail wp-post-image\" alt=\"\" srcset=\"https:\/\/www.senaatti.fi\/app_ykv_archive\/uploads\/sites\/7\/2019\/03\/SEN-Ylivieska-2200px-IMG_9754-1024x427.jpg 1024w, https:\/\/www.senaatti.fi\/app_ykv_archive\/uploads\/sites\/7\/2019\/03\/SEN-Ylivieska-2200px-IMG_9754-300x125.jpg 300w, https:\/\/www.senaatti.fi\/app_ykv_archive\/uploads\/sites\/7\/2019\/03\/SEN-Ylivieska-2200px-IMG_9754-768x320.jpg 768w, https:\/\/www.senaatti.fi\/app_ykv_archive\/uploads\/sites\/7\/2019\/03\/SEN-Ylivieska-2200px-IMG_9754-1600x667.jpg 1600w, https:\/\/www.senaatti.fi\/app_ykv_archive\/uploads\/sites\/7\/2019\/03\/SEN-Ylivieska-2200px-IMG_9754.jpg 2200w\" sizes=\"auto, (max-width: 1024px) 100vw, 1024px\" \/><h3 class=\"senaatti-feature__title\">Case: Ylivieska edell\u00e4k\u00e4vij\u00e4 - kaksi virastoa, yksi asiakaspalvelu<\/h3><p>Maanantaina TE-palveluja, tiistaina ja keskiviikkona vero-ohjeistusta. Ylivieskalaiset n\u00e4ytt\u00e4v\u00e4t uudessa kokeilussaan, kuinka rakennetaan kahden viraston yhteinen asiakaspalvelupiste ja taataan samalla pikkukaupungin palvelujen s\u00e4ilyminen.<\/p><a class=\"btn btn-primary senaatti-feature__btn\" href=\"https:\/\/www.senaatti.fi\/tyoymparisto\/inspiraatio\/artikkeli\/ylivieska-edellakavija-kaksi-virastoa-yksi-asiakaspalvelu\/\" target=\"\">Lue koko artikkeli<\/a><\/div>\n<p>&nbsp;<\/p>\n","protected":false},"excerpt":{"rendered":"<p>Tuottavuuden parantaminen ja kest\u00e4vyysvaje edellytt\u00e4v\u00e4t tehokkaampaa resurssien k\u00e4ytt\u00f6\u00e4. Toimintatapoja ja ty\u00f6ymp\u00e4rist\u00f6j\u00e4 uudistetaan digitalisaation\u00a0 ja monipaikkaisen ty\u00f6n my\u00f6t\u00e4. &nbsp; Yhteisty\u00f6t\u00e4 tehd\u00e4\u00e4n enemm\u00e4n yli hallinnonrajojen ja tilojen yhteisk\u00e4ytt\u00f6isyys lis\u00e4\u00e4ntyy eri organisaatioiden kesken. Senaatti-kiinteist\u00f6jen toimintaymp\u00e4rist\u00f6ss\u00e4 keskeisimpi\u00e4 muutostekij\u00f6it\u00e4 ovat erityisesti digitalisaation ja uusien teknologioiden tuomat muutokset ty\u00f6n tekemiseen ja sit\u00e4 kautta my\u00f6s valtionhallinnon rakenteisiin. Digitalisaation ansiosta s\u00e4hk\u00f6iset toimintamallit, uudet [&hellip;]<\/p>\n","protected":false},"author":11,"featured_media":0,"parent":37,"menu_order":1,"comment_status":"closed","ping_status":"closed","template":"","meta":{"_acf_changed":false,"footnotes":""},"class_list":["post-61","page","type-page","status-publish","hentry"],"acf":[],"yoast_head":"<!-- This site is optimized with the Yoast SEO plugin v23.9 - https:\/\/yoast.com\/wordpress\/plugins\/seo\/ -->\n<title>Toimintaymp\u00e4rist\u00f6 - Yhteiskuntavastuuraportti 2018<\/title>\n<meta name=\"robots\" content=\"index, follow, max-snippet:-1, max-image-preview:large, max-video-preview:-1\" \/>\n<link rel=\"canonical\" href=\"https:\/\/www.senaatti.fi\/yhteiskuntavastuuraportti2018\/senaatti\/toimintaymparisto\/\" \/>\n<meta property=\"og:locale\" content=\"en_US\" \/>\n<meta property=\"og:type\" content=\"article\" \/>\n<meta property=\"og:title\" content=\"Toimintaymp\u00e4rist\u00f6 - Yhteiskuntavastuuraportti 2018\" \/>\n<meta property=\"og:description\" content=\"Tuottavuuden parantaminen ja kest\u00e4vyysvaje edellytt\u00e4v\u00e4t tehokkaampaa resurssien k\u00e4ytt\u00f6\u00e4. Toimintatapoja ja ty\u00f6ymp\u00e4rist\u00f6j\u00e4 uudistetaan digitalisaation\u00a0 ja monipaikkaisen ty\u00f6n my\u00f6t\u00e4. &nbsp; Yhteisty\u00f6t\u00e4 tehd\u00e4\u00e4n enemm\u00e4n yli hallinnonrajojen ja tilojen yhteisk\u00e4ytt\u00f6isyys lis\u00e4\u00e4ntyy eri organisaatioiden kesken. Senaatti-kiinteist\u00f6jen toimintaymp\u00e4rist\u00f6ss\u00e4 keskeisimpi\u00e4 muutostekij\u00f6it\u00e4 ovat erityisesti digitalisaation ja uusien teknologioiden tuomat muutokset ty\u00f6n tekemiseen ja sit\u00e4 kautta my\u00f6s valtionhallinnon rakenteisiin. Digitalisaation ansiosta s\u00e4hk\u00f6iset toimintamallit, uudet [&hellip;]\" \/>\n<meta property=\"og:url\" content=\"https:\/\/www.senaatti.fi\/yhteiskuntavastuuraportti2018\/senaatti\/toimintaymparisto\/\" \/>\n<meta property=\"og:site_name\" content=\"Yhteiskuntavastuuraportti 2018\" \/>\n<meta property=\"article:modified_time\" content=\"2019-03-29T13:02:58+00:00\" \/>\n<meta property=\"og:image\" content=\"https:\/\/www.senaatti.fi\/app_ykv_archive\/uploads\/sites\/2\/2018\/03\/senaatti-ykv-toimintaymparisto-icon-1.png\" \/>\n<meta name=\"twitter:card\" content=\"summary_large_image\" \/>\n<meta name=\"twitter:label1\" content=\"Est. reading time\" \/>\n\t<meta name=\"twitter:data1\" content=\"4 minutes\" \/>\n<script type=\"application\/ld+json\" class=\"yoast-schema-graph\">{\"@context\":\"https:\/\/schema.org\",\"@graph\":[{\"@type\":\"WebPage\",\"@id\":\"https:\/\/www.senaatti.fi\/yhteiskuntavastuuraportti2018\/senaatti\/toimintaymparisto\/\",\"url\":\"https:\/\/www.senaatti.fi\/yhteiskuntavastuuraportti2018\/senaatti\/toimintaymparisto\/\",\"name\":\"Toimintaymp\u00e4rist\u00f6 - Yhteiskuntavastuuraportti 2018\",\"isPartOf\":{\"@id\":\"https:\/\/www.senaatti.fi\/yhteiskuntavastuuraportti2018\/#website\"},\"primaryImageOfPage\":{\"@id\":\"https:\/\/www.senaatti.fi\/yhteiskuntavastuuraportti2018\/senaatti\/toimintaymparisto\/#primaryimage\"},\"image\":{\"@id\":\"https:\/\/www.senaatti.fi\/yhteiskuntavastuuraportti2018\/senaatti\/toimintaymparisto\/#primaryimage\"},\"thumbnailUrl\":\"https:\/\/www.senaatti.fi\/app_ykv_archive\/uploads\/sites\/2\/2018\/03\/senaatti-ykv-toimintaymparisto-icon-1.png\",\"datePublished\":\"2018-01-29T11:04:55+00:00\",\"dateModified\":\"2019-03-29T13:02:58+00:00\",\"breadcrumb\":{\"@id\":\"https:\/\/www.senaatti.fi\/yhteiskuntavastuuraportti2018\/senaatti\/toimintaymparisto\/#breadcrumb\"},\"inLanguage\":\"en-US\",\"potentialAction\":[{\"@type\":\"ReadAction\",\"target\":[\"https:\/\/www.senaatti.fi\/yhteiskuntavastuuraportti2018\/senaatti\/toimintaymparisto\/\"]}]},{\"@type\":\"ImageObject\",\"inLanguage\":\"en-US\",\"@id\":\"https:\/\/www.senaatti.fi\/yhteiskuntavastuuraportti2018\/senaatti\/toimintaymparisto\/#primaryimage\",\"url\":\"https:\/\/www.senaatti.fi\/app_ykv_archive\/uploads\/sites\/2\/2018\/03\/senaatti-ykv-toimintaymparisto-icon-1.png\",\"contentUrl\":\"https:\/\/www.senaatti.fi\/app_ykv_archive\/uploads\/sites\/2\/2018\/03\/senaatti-ykv-toimintaymparisto-icon-1.png\"},{\"@type\":\"BreadcrumbList\",\"@id\":\"https:\/\/www.senaatti.fi\/yhteiskuntavastuuraportti2018\/senaatti\/toimintaymparisto\/#breadcrumb\",\"itemListElement\":[{\"@type\":\"ListItem\",\"position\":1,\"name\":\"Home\",\"item\":\"https:\/\/www.senaatti.fi\/yhteiskuntavastuuraportti2018\/\"},{\"@type\":\"ListItem\",\"position\":2,\"name\":\"Senaatti\",\"item\":\"https:\/\/www.senaatti.fi\/yhteiskuntavastuuraportti2018\/senaatti\/\"},{\"@type\":\"ListItem\",\"position\":3,\"name\":\"Toimintaymp\u00e4rist\u00f6\"}]},{\"@type\":\"WebSite\",\"@id\":\"https:\/\/www.senaatti.fi\/yhteiskuntavastuuraportti2018\/#website\",\"url\":\"https:\/\/www.senaatti.fi\/yhteiskuntavastuuraportti2018\/\",\"name\":\"Yhteiskuntavastuuraportti 2018\",\"description\":\"\",\"potentialAction\":[{\"@type\":\"SearchAction\",\"target\":{\"@type\":\"EntryPoint\",\"urlTemplate\":\"https:\/\/www.senaatti.fi\/yhteiskuntavastuuraportti2018\/?s={search_term_string}\"},\"query-input\":{\"@type\":\"PropertyValueSpecification\",\"valueRequired\":true,\"valueName\":\"search_term_string\"}}],\"inLanguage\":\"en-US\"}]}<\/script>\n<!-- \/ Yoast SEO plugin. -->","yoast_head_json":{"title":"Toimintaymp\u00e4rist\u00f6 - Yhteiskuntavastuuraportti 2018","robots":{"index":"index","follow":"follow","max-snippet":"max-snippet:-1","max-image-preview":"max-image-preview:large","max-video-preview":"max-video-preview:-1"},"canonical":"https:\/\/www.senaatti.fi\/yhteiskuntavastuuraportti2018\/senaatti\/toimintaymparisto\/","og_locale":"en_US","og_type":"article","og_title":"Toimintaymp\u00e4rist\u00f6 - Yhteiskuntavastuuraportti 2018","og_description":"Tuottavuuden parantaminen ja kest\u00e4vyysvaje edellytt\u00e4v\u00e4t tehokkaampaa resurssien k\u00e4ytt\u00f6\u00e4. Toimintatapoja ja ty\u00f6ymp\u00e4rist\u00f6j\u00e4 uudistetaan digitalisaation\u00a0 ja monipaikkaisen ty\u00f6n my\u00f6t\u00e4. &nbsp; Yhteisty\u00f6t\u00e4 tehd\u00e4\u00e4n enemm\u00e4n yli hallinnonrajojen ja tilojen yhteisk\u00e4ytt\u00f6isyys lis\u00e4\u00e4ntyy eri organisaatioiden kesken. Senaatti-kiinteist\u00f6jen toimintaymp\u00e4rist\u00f6ss\u00e4 keskeisimpi\u00e4 muutostekij\u00f6it\u00e4 ovat erityisesti digitalisaation ja uusien teknologioiden tuomat muutokset ty\u00f6n tekemiseen ja sit\u00e4 kautta my\u00f6s valtionhallinnon rakenteisiin. Digitalisaation ansiosta s\u00e4hk\u00f6iset toimintamallit, uudet [&hellip;]","og_url":"https:\/\/www.senaatti.fi\/yhteiskuntavastuuraportti2018\/senaatti\/toimintaymparisto\/","og_site_name":"Yhteiskuntavastuuraportti 2018","article_modified_time":"2019-03-29T13:02:58+00:00","og_image":[{"url":"https:\/\/www.senaatti.fi\/app_ykv_archive\/uploads\/sites\/2\/2018\/03\/senaatti-ykv-toimintaymparisto-icon-1.png"}],"twitter_card":"summary_large_image","twitter_misc":{"Est. reading time":"4 minutes"},"schema":{"@context":"https:\/\/schema.org","@graph":[{"@type":"WebPage","@id":"https:\/\/www.senaatti.fi\/yhteiskuntavastuuraportti2018\/senaatti\/toimintaymparisto\/","url":"https:\/\/www.senaatti.fi\/yhteiskuntavastuuraportti2018\/senaatti\/toimintaymparisto\/","name":"Toimintaymp\u00e4rist\u00f6 - Yhteiskuntavastuuraportti 2018","isPartOf":{"@id":"https:\/\/www.senaatti.fi\/yhteiskuntavastuuraportti2018\/#website"},"primaryImageOfPage":{"@id":"https:\/\/www.senaatti.fi\/yhteiskuntavastuuraportti2018\/senaatti\/toimintaymparisto\/#primaryimage"},"image":{"@id":"https:\/\/www.senaatti.fi\/yhteiskuntavastuuraportti2018\/senaatti\/toimintaymparisto\/#primaryimage"},"thumbnailUrl":"https:\/\/www.senaatti.fi\/app_ykv_archive\/uploads\/sites\/2\/2018\/03\/senaatti-ykv-toimintaymparisto-icon-1.png","datePublished":"2018-01-29T11:04:55+00:00","dateModified":"2019-03-29T13:02:58+00:00","breadcrumb":{"@id":"https:\/\/www.senaatti.fi\/yhteiskuntavastuuraportti2018\/senaatti\/toimintaymparisto\/#breadcrumb"},"inLanguage":"en-US","potentialAction":[{"@type":"ReadAction","target":["https:\/\/www.senaatti.fi\/yhteiskuntavastuuraportti2018\/senaatti\/toimintaymparisto\/"]}]},{"@type":"ImageObject","inLanguage":"en-US","@id":"https:\/\/www.senaatti.fi\/yhteiskuntavastuuraportti2018\/senaatti\/toimintaymparisto\/#primaryimage","url":"https:\/\/www.senaatti.fi\/app_ykv_archive\/uploads\/sites\/2\/2018\/03\/senaatti-ykv-toimintaymparisto-icon-1.png","contentUrl":"https:\/\/www.senaatti.fi\/app_ykv_archive\/uploads\/sites\/2\/2018\/03\/senaatti-ykv-toimintaymparisto-icon-1.png"},{"@type":"BreadcrumbList","@id":"https:\/\/www.senaatti.fi\/yhteiskuntavastuuraportti2018\/senaatti\/toimintaymparisto\/#breadcrumb","itemListElement":[{"@type":"ListItem","position":1,"name":"Home","item":"https:\/\/www.senaatti.fi\/yhteiskuntavastuuraportti2018\/"},{"@type":"ListItem","position":2,"name":"Senaatti","item":"https:\/\/www.senaatti.fi\/yhteiskuntavastuuraportti2018\/senaatti\/"},{"@type":"ListItem","position":3,"name":"Toimintaymp\u00e4rist\u00f6"}]},{"@type":"WebSite","@id":"https:\/\/www.senaatti.fi\/yhteiskuntavastuuraportti2018\/#website","url":"https:\/\/www.senaatti.fi\/yhteiskuntavastuuraportti2018\/","name":"Yhteiskuntavastuuraportti 2018","description":"","potentialAction":[{"@type":"SearchAction","target":{"@type":"EntryPoint","urlTemplate":"https:\/\/www.senaatti.fi\/yhteiskuntavastuuraportti2018\/?s={search_term_string}"},"query-input":{"@type":"PropertyValueSpecification","valueRequired":true,"valueName":"search_term_string"}}],"inLanguage":"en-US"}]}},"_links":{"self":[{"href":"https:\/\/www.senaatti.fi\/yhteiskuntavastuuraportti2018\/wp-json\/wp\/v2\/pages\/61","targetHints":{"allow":["GET"]}}],"collection":[{"href":"https:\/\/www.senaatti.fi\/yhteiskuntavastuuraportti2018\/wp-json\/wp\/v2\/pages"}],"about":[{"href":"https:\/\/www.senaatti.fi\/yhteiskuntavastuuraportti2018\/wp-json\/wp\/v2\/types\/page"}],"author":[{"embeddable":true,"href":"https:\/\/www.senaatti.fi\/yhteiskuntavastuuraportti2018\/wp-json\/wp\/v2\/users\/11"}],"replies":[{"embeddable":true,"href":"https:\/\/www.senaatti.fi\/yhteiskuntavastuuraportti2018\/wp-json\/wp\/v2\/comments?post=61"}],"version-history":[{"count":11,"href":"https:\/\/www.senaatti.fi\/yhteiskuntavastuuraportti2018\/wp-json\/wp\/v2\/pages\/61\/revisions"}],"predecessor-version":[{"id":1314,"href":"https:\/\/www.senaatti.fi\/yhteiskuntavastuuraportti2018\/wp-json\/wp\/v2\/pages\/61\/revisions\/1314"}],"up":[{"embeddable":true,"href":"https:\/\/www.senaatti.fi\/yhteiskuntavastuuraportti2018\/wp-json\/wp\/v2\/pages\/37"}],"wp:attachment":[{"href":"https:\/\/www.senaatti.fi\/yhteiskuntavastuuraportti2018\/wp-json\/wp\/v2\/media?parent=61"}],"curies":[{"name":"wp","href":"https:\/\/api.w.org\/{rel}","templated":true}]}}