{"id":57,"date":"2018-01-29T11:04:10","date_gmt":"2018-01-29T11:04:10","guid":{"rendered":"https:\/\/www.senaatti.fi\/yhteiskuntavastuuraportti2018\/?page_id=57"},"modified":"2019-03-29T09:46:50","modified_gmt":"2019-03-29T09:46:50","slug":"riskien-hallinta","status":"publish","type":"page","link":"https:\/\/www.senaatti.fi\/yhteiskuntavastuuraportti2018\/senaatti\/hallinto-ja-johtaminen\/riskien-hallinta\/","title":{"rendered":"Riskien hallinta"},"content":{"rendered":"<p><img loading=\"lazy\" decoding=\"async\" class=\"size-large wp-image-1322 alignnone\" src=\"https:\/\/www.senaatti.fi\/app_ykv_archive\/uploads\/sites\/7\/2019\/02\/Sesam-3949-301018-1024x683.jpg\" alt=\"\" width=\"1024\" height=\"683\" srcset=\"https:\/\/www.senaatti.fi\/app_ykv_archive\/uploads\/sites\/7\/2019\/02\/Sesam-3949-301018-1024x683.jpg 1024w, https:\/\/www.senaatti.fi\/app_ykv_archive\/uploads\/sites\/7\/2019\/02\/Sesam-3949-301018-300x200.jpg 300w, https:\/\/www.senaatti.fi\/app_ykv_archive\/uploads\/sites\/7\/2019\/02\/Sesam-3949-301018-768x512.jpg 768w, https:\/\/www.senaatti.fi\/app_ykv_archive\/uploads\/sites\/7\/2019\/02\/Sesam-3949-301018-1600x1067.jpg 1600w, https:\/\/www.senaatti.fi\/app_ykv_archive\/uploads\/sites\/7\/2019\/02\/Sesam-3949-301018-2200x1467.jpg 2200w\" sizes=\"auto, (max-width: 1024px) 100vw, 1024px\" \/><\/p>\n<p>Riskienhallinta on jatkuva prosessi, jonka avulla ennakoidaan, tunnistetaan ja torjutaan Senaatti-kiinteist\u00f6jen toimintaa, toimintaymp\u00e4rist\u00f6\u00e4 ja mahdollisuuksien tuloksellista hy\u00f6dynt\u00e4mist\u00e4 uhkaavia tekij\u00f6it\u00e4, seurataan j\u00e4rjestelm\u00e4llisesti riskienhallintatoimenpiteiden toteutumista sek\u00e4 kehitet\u00e4\u00e4n toimintaa.<\/p>\n<blockquote><p>Riskienhallinta on osa johtamista ja se huomioidaan p\u00e4\u00e4t\u00f6ksenteossa osana jokap\u00e4iv\u00e4ist\u00e4 toimintaa ja toimintaperiaatteita.<\/p><\/blockquote>\n<p>Senaatti-kiinteist\u00f6jen riskienhallintaa ohjaavat riskienhallintapolitiikka ja riskienhallintak\u00e4sikirja. Riskienhallinnan tavoitteena on varmistaa organisaation toimintaedellytysten ja strategian toteutuminen. Riski halutaan m\u00e4\u00e4ritell\u00e4 Senaatissa laajasti, jotta riskej\u00e4 voidaan tunnistaa monipuolisesti sek\u00e4 Senaatin omassa toiminnassa ett\u00e4 sen toimintaymp\u00e4rist\u00f6ss\u00e4. Senaatin riskienhallinnan l\u00e4ht\u00f6kohtana ovat liikelaitoksen arvot, visio ja strategiset p\u00e4\u00e4m\u00e4\u00e4r\u00e4t sek\u00e4 valtion kokonaisetu. Senaatti-kiinteist\u00f6jen yhteiskuntavastuullinen toiminta, laatuty\u00f6 ja monet muut yhteiset toimintamallit ovat oleellinen osa Senaatin kokonaisvaltaista k\u00e4yt\u00e4nn\u00f6n riskienhallintaa.<\/p>\n<p>Toiminnan l\u00e4ht\u00f6kohtana on matala riskitaso.\u00a0 Senaatin riskinsietokyvyn ehdoton yl\u00e4raja tulee viimeist\u00e4\u00e4n vastaan, jos riskit ja niiden kerrannaisvaikutukset voisivat vaarantaa eduskunnan ja valtiovarainministeri\u00f6n vuosittain Senaatille asettamien tavoitteiden saavuttamisen oleellisilta osin.<\/p>\n<p>Senaatti-kiinteist\u00f6jen riskienhallinnasta ja riskienhallintapolitiikasta p\u00e4\u00e4tt\u00e4\u00e4 hallitus. Hallitus seuraa s\u00e4\u00e4nn\u00f6llisesti riskien toteutumista suhteessa riskinottoa koskeviin periaatteisiin ja riskinsietokykyyn. Riskienhallintapolitiikan mukaisesti riskienhallinnan konkreettisesta organisoinnista vastaa toimitusjohtaja. Riskienhallinnan operatiivinen vastuu puolestaan on talousyksik\u00f6ll\u00e4.<\/p>\n<h2>Vuonna 2018 toteutetut uudistukset<\/h2>\n<p>Vuonna 2018 p\u00e4ivitettiin Senaatin riskienhallinnan organisointia kuvaava ja ohjaava riskienhallintak\u00e4sikirja kokonaisuudessaan. P\u00e4ivitys ja toiminnan uudistaminen ovat koskeneet muun muassa riskienhallintatoimenpiteiden raportointia ja riskienhallintasuunnittelun konkretisointia siten, ett\u00e4 suunnittelu tuottaisi my\u00f6s jatkossa mahdollisimman hyv\u00e4t valmiudet k\u00e4yt\u00e4nn\u00f6n riskienhallintaty\u00f6h\u00f6n. Lis\u00e4ksi riskienhallintak\u00e4sikirja saatettiin vastaamaan paremmin kansainv\u00e4list\u00e4 riskienhallinnan ISO 31000 -standardia.<\/p>\n<p>Samalla riskienhallintapolitiikkaan tehtiin lis\u00e4yksi\u00e4 ja tarkennuksia. Riskienhallintapolitiikan muutokset on hyv\u00e4ksytty hallituksessa ja p\u00e4ivitetty k\u00e4sikirja toimitusjohtajan toimesta.<\/p>\n<p>Loppuvuodesta 2018 laadittiin vuodelle 2019 vuosittainen Senaatti-tasoinen riskienhallintasuunnitelma. Riskienhallintasuunnitelma teemoineen heijastaa Senaatin uutta vuosille 2019-2022 vahvistettua strategiaa, ja se on Senaatti-kiinteist\u00f6jen hallituksen hyv\u00e4ksym\u00e4.<\/p>\n<p>Vuonna 2019 riskienhallinnan koordinoinnin ja kehitt\u00e4misen eteenp\u00e4in viemiseksi tavoitteena on vied\u00e4 k\u00e4yt\u00e4nt\u00f6\u00f6n riskienhallintatoimintoon tehtyj\u00e4 p\u00e4ivityksi\u00e4 ja uudistamisia muun muassa aktiivisella viestinn\u00e4ll\u00e4 ja koulutuksilla.<\/p>\n<h2>Keskeiset tunnistetut riskit vuonna 2018<\/h2>\n<p>Senaatti on tunnistanut vuoden 2018 keskeisiksi riskeiksi seuraavat nelj\u00e4 riski\u00e4:<\/p>\n<p><strong>1.<\/strong> <strong>Sis\u00e4ilmaongelmat kohteissa aiheuttavat asiakastyytym\u00e4tt\u00f6myytt\u00e4 ja kustannuksia<\/strong><\/p>\n<p>Riski on joiltain osin toteutunut, vaikka sis\u00e4olosuhdeongelmiin liittyv\u00e4 riskienhallinta on edennyt vuonna 2018 suunnitellusti. Riskin jatkuvaksi hallitsemiseksi Senaatin vuoden 2019-2022 strategiassa keskeisen\u00e4 tavoitteena on sis\u00e4olosuhdeongelmissa nollatoleranssi, mihin liittyy my\u00f6s merkitt\u00e4v\u00e4\u00e4 Senaatin sis\u00e4isen resursoinnin kasvattamista. Senaatti on k\u00e4ytt\u00e4nyt vuoden 2017 tasoon n\u00e4hden noin 22 milj. euroa enemm\u00e4n kunnossapitorahaa erityisesti sis\u00e4olosuhdeongelmien korjaamiseksi. Vuoden 2018 aikana on jatkettu aiempina vuosina esiin tulleiden realisoituneiden sis\u00e4olosuhdeongelmien hoitamista ja loppuunsaattamista.<\/p>\n<p>Sis\u00e4olosuhdeongelmiin liittyv\u00e4t muut toimenpiteet on toteutettu kokonaisuudessaan, eik\u00e4 vuoden aikana ole toteutunut aikaisempien vuosien kaltaisia merkitt\u00e4vi\u00e4 sis\u00e4olosuhderiskej\u00e4.<\/p>\n<p><strong>2. Tiedottaminen ja julkisuudenhallinta sis\u00e4ilmaongelmien osalta ep\u00e4onnistuvat. Ennakoiva sis\u00e4olosuhdety\u00f6 johtaa negatiiviseen julkisuuteen.<\/strong><\/p>\n<p>Riski on osittain toteutunut. Erityisesti Oulun poliisitalon ymp\u00e4rill\u00e4 k\u00e4yty negatiivinen mediakeskustelu on jatkunut edelleen. Vuoden 2018 aikana sis\u00e4olosuhdeasioihin liittyv\u00e4 maineenhallinta on ollut haastavaa, mutta siin\u00e4 on monilta osin kuitenkin onnistuttu. Senaatti on vahvistanut ja panostanut viestint\u00e4\u00e4n ison riskin kohteissa.<\/p>\n<p><strong>3. Niin sanottujen avaimet k\u00e4teen -ratkaisujen tuottamisessa asiakkaalle ep\u00e4onnistutaan. Asiakkaan ty\u00f6nteon tavat eiv\u00e4t kehity uusien tilaratkaisujen osana.<\/strong><\/p>\n<p>Muun muassa Fiksun ty\u00f6n konseptin kehitysty\u00f6 on loppuunsaatettu onnistuneesti ja se on otettu aktiiviseen k\u00e4ytt\u00f6\u00f6n. Tilaratkaisujen k\u00e4ytt\u00f6\u00f6nottoprosessia on toimintavuoden aikana kehitetty ja toimintamalleja jalkautettu k\u00e4yt\u00e4nt\u00f6\u00f6n esimerkiksi koulutuksin. My\u00f6s muilta osin toimenpiteet ovat edenneet suunnitellusti, ja suunniteltuja toimenpiteit\u00e4 tullaan jatkamaan osin my\u00f6s tulevina toimintavuosina.<\/p>\n<p>Senaatin turvallisuusyksikk\u00f6\u00f6n on lis\u00e4tty resursseja palvelukyvyn takaamiseksi ja palveluja on myyty hallitusti.<\/p>\n<p><strong>4. Senaatti ei saavuta sille asetettuja 10,5 miljoonan euron s\u00e4\u00e4st\u00f6tavoitteita vuonna 2018 ja asiakkailta j\u00e4\u00e4 vuokras\u00e4\u00e4st\u00f6t saamatta.<\/strong><\/p>\n<p>Toimenpiteiss\u00e4 ollaan onnistuttu hyvin ja vuodelle 2018 asetetut s\u00e4\u00e4st\u00f6tavoitteet on ylitetty l\u00e4hes 24 %:lla. Senaatti on vuoden 2018 aikana sopinut yhteens\u00e4 13 miljoonan euron s\u00e4\u00e4st\u00f6ist\u00e4.<\/p>\n<h2>Vuoden 2019 riskit<\/h2>\n<p>Vuoden 2019 keskeisimm\u00e4t tunnistetut riskit kytkeytyv\u00e4t vahvasti Senaatin vuoden 2019 toiminnan suunnitteluun ja toiminnan ydintavoitteisiin. Riskienhallinnan n\u00e4k\u00f6kulmasta on tunnistettu kolme isompaa osakokonaisuutta, joihin liittyy useampia riskienhallinnan toimenpidesuunnitelmia:<\/p>\n<p><strong>1. Proaktiivisessa- ja\/tai reaktiivisessa sis\u00e4olosuhteiden hoitamisessa ep\u00e4onnistutaan<\/strong><\/p>\n<p><strong>2. Virastojen toimitilastrategian toimeenpano ei etene erityisesti k\u00e4ytt\u00e4j\u00e4sidonnaisilla eli erityistilojen asiakkailla<\/strong><\/p>\n<p><strong>3. Digitalisaation tuomia mahdollisuuksia ei kyet\u00e4 hy\u00f6dynt\u00e4m\u00e4\u00e4n<\/strong><\/p>\n<p>.<\/p>\n<p>&nbsp;<\/p>\n","protected":false},"excerpt":{"rendered":"<p>Riskienhallinta on jatkuva prosessi, jonka avulla ennakoidaan, tunnistetaan ja torjutaan Senaatti-kiinteist\u00f6jen toimintaa, toimintaymp\u00e4rist\u00f6\u00e4 ja mahdollisuuksien tuloksellista hy\u00f6dynt\u00e4mist\u00e4 uhkaavia tekij\u00f6it\u00e4, seurataan j\u00e4rjestelm\u00e4llisesti riskienhallintatoimenpiteiden toteutumista sek\u00e4 kehitet\u00e4\u00e4n toimintaa. Riskienhallinta on osa johtamista ja se huomioidaan p\u00e4\u00e4t\u00f6ksenteossa osana jokap\u00e4iv\u00e4ist\u00e4 toimintaa ja toimintaperiaatteita. Senaatti-kiinteist\u00f6jen riskienhallintaa ohjaavat riskienhallintapolitiikka ja riskienhallintak\u00e4sikirja. Riskienhallinnan tavoitteena on varmistaa organisaation toimintaedellytysten ja strategian toteutuminen. Riski [&hellip;]<\/p>\n","protected":false},"author":11,"featured_media":0,"parent":49,"menu_order":2,"comment_status":"closed","ping_status":"closed","template":"","meta":{"_acf_changed":false,"footnotes":""},"class_list":["post-57","page","type-page","status-publish","hentry"],"acf":[],"yoast_head":"<!-- This site is optimized with the Yoast SEO plugin v23.9 - https:\/\/yoast.com\/wordpress\/plugins\/seo\/ -->\n<title>Riskien hallinta - Yhteiskuntavastuuraportti 2018<\/title>\n<meta name=\"robots\" content=\"index, follow, max-snippet:-1, max-image-preview:large, max-video-preview:-1\" \/>\n<link rel=\"canonical\" href=\"https:\/\/www.senaatti.fi\/yhteiskuntavastuuraportti2018\/senaatti\/hallinto-ja-johtaminen\/riskien-hallinta\/\" \/>\n<meta property=\"og:locale\" content=\"en_US\" \/>\n<meta property=\"og:type\" content=\"article\" \/>\n<meta property=\"og:title\" content=\"Riskien hallinta - Yhteiskuntavastuuraportti 2018\" \/>\n<meta property=\"og:description\" content=\"Riskienhallinta on jatkuva prosessi, jonka avulla ennakoidaan, tunnistetaan ja torjutaan Senaatti-kiinteist\u00f6jen toimintaa, toimintaymp\u00e4rist\u00f6\u00e4 ja mahdollisuuksien tuloksellista hy\u00f6dynt\u00e4mist\u00e4 uhkaavia tekij\u00f6it\u00e4, seurataan j\u00e4rjestelm\u00e4llisesti riskienhallintatoimenpiteiden toteutumista sek\u00e4 kehitet\u00e4\u00e4n toimintaa. Riskienhallinta on osa johtamista ja se huomioidaan p\u00e4\u00e4t\u00f6ksenteossa osana jokap\u00e4iv\u00e4ist\u00e4 toimintaa ja toimintaperiaatteita. Senaatti-kiinteist\u00f6jen riskienhallintaa ohjaavat riskienhallintapolitiikka ja riskienhallintak\u00e4sikirja. Riskienhallinnan tavoitteena on varmistaa organisaation toimintaedellytysten ja strategian toteutuminen. Riski [&hellip;]\" \/>\n<meta property=\"og:url\" content=\"https:\/\/www.senaatti.fi\/yhteiskuntavastuuraportti2018\/senaatti\/hallinto-ja-johtaminen\/riskien-hallinta\/\" \/>\n<meta property=\"og:site_name\" content=\"Yhteiskuntavastuuraportti 2018\" \/>\n<meta property=\"article:modified_time\" content=\"2019-03-29T09:46:50+00:00\" \/>\n<meta property=\"og:image\" content=\"https:\/\/www.senaatti.fi\/app_ykv_archive\/uploads\/sites\/7\/2019\/02\/Sesam-3949-301018-1024x683.jpg\" \/>\n<meta name=\"twitter:card\" content=\"summary_large_image\" \/>\n<meta name=\"twitter:label1\" content=\"Est. reading time\" \/>\n\t<meta name=\"twitter:data1\" content=\"3 minutes\" \/>\n<script type=\"application\/ld+json\" class=\"yoast-schema-graph\">{\"@context\":\"https:\/\/schema.org\",\"@graph\":[{\"@type\":\"WebPage\",\"@id\":\"https:\/\/www.senaatti.fi\/yhteiskuntavastuuraportti2018\/senaatti\/hallinto-ja-johtaminen\/riskien-hallinta\/\",\"url\":\"https:\/\/www.senaatti.fi\/yhteiskuntavastuuraportti2018\/senaatti\/hallinto-ja-johtaminen\/riskien-hallinta\/\",\"name\":\"Riskien hallinta - Yhteiskuntavastuuraportti 2018\",\"isPartOf\":{\"@id\":\"https:\/\/www.senaatti.fi\/yhteiskuntavastuuraportti2018\/#website\"},\"primaryImageOfPage\":{\"@id\":\"https:\/\/www.senaatti.fi\/yhteiskuntavastuuraportti2018\/senaatti\/hallinto-ja-johtaminen\/riskien-hallinta\/#primaryimage\"},\"image\":{\"@id\":\"https:\/\/www.senaatti.fi\/yhteiskuntavastuuraportti2018\/senaatti\/hallinto-ja-johtaminen\/riskien-hallinta\/#primaryimage\"},\"thumbnailUrl\":\"https:\/\/www.senaatti.fi\/app_ykv_archive\/uploads\/sites\/7\/2019\/02\/Sesam-3949-301018-1024x683.jpg\",\"datePublished\":\"2018-01-29T11:04:10+00:00\",\"dateModified\":\"2019-03-29T09:46:50+00:00\",\"breadcrumb\":{\"@id\":\"https:\/\/www.senaatti.fi\/yhteiskuntavastuuraportti2018\/senaatti\/hallinto-ja-johtaminen\/riskien-hallinta\/#breadcrumb\"},\"inLanguage\":\"en-US\",\"potentialAction\":[{\"@type\":\"ReadAction\",\"target\":[\"https:\/\/www.senaatti.fi\/yhteiskuntavastuuraportti2018\/senaatti\/hallinto-ja-johtaminen\/riskien-hallinta\/\"]}]},{\"@type\":\"ImageObject\",\"inLanguage\":\"en-US\",\"@id\":\"https:\/\/www.senaatti.fi\/yhteiskuntavastuuraportti2018\/senaatti\/hallinto-ja-johtaminen\/riskien-hallinta\/#primaryimage\",\"url\":\"https:\/\/www.senaatti.fi\/app_ykv_archive\/uploads\/sites\/7\/2019\/02\/Sesam-3949-301018-1024x683.jpg\",\"contentUrl\":\"https:\/\/www.senaatti.fi\/app_ykv_archive\/uploads\/sites\/7\/2019\/02\/Sesam-3949-301018-1024x683.jpg\"},{\"@type\":\"BreadcrumbList\",\"@id\":\"https:\/\/www.senaatti.fi\/yhteiskuntavastuuraportti2018\/senaatti\/hallinto-ja-johtaminen\/riskien-hallinta\/#breadcrumb\",\"itemListElement\":[{\"@type\":\"ListItem\",\"position\":1,\"name\":\"Home\",\"item\":\"https:\/\/www.senaatti.fi\/yhteiskuntavastuuraportti2018\/\"},{\"@type\":\"ListItem\",\"position\":2,\"name\":\"Senaatti\",\"item\":\"https:\/\/www.senaatti.fi\/yhteiskuntavastuuraportti2018\/senaatti\/\"},{\"@type\":\"ListItem\",\"position\":3,\"name\":\"Hallinto ja johtaminen\",\"item\":\"https:\/\/www.senaatti.fi\/yhteiskuntavastuuraportti2018\/senaatti\/hallinto-ja-johtaminen\/\"},{\"@type\":\"ListItem\",\"position\":4,\"name\":\"Riskien hallinta\"}]},{\"@type\":\"WebSite\",\"@id\":\"https:\/\/www.senaatti.fi\/yhteiskuntavastuuraportti2018\/#website\",\"url\":\"https:\/\/www.senaatti.fi\/yhteiskuntavastuuraportti2018\/\",\"name\":\"Yhteiskuntavastuuraportti 2018\",\"description\":\"\",\"potentialAction\":[{\"@type\":\"SearchAction\",\"target\":{\"@type\":\"EntryPoint\",\"urlTemplate\":\"https:\/\/www.senaatti.fi\/yhteiskuntavastuuraportti2018\/?s={search_term_string}\"},\"query-input\":{\"@type\":\"PropertyValueSpecification\",\"valueRequired\":true,\"valueName\":\"search_term_string\"}}],\"inLanguage\":\"en-US\"}]}<\/script>\n<!-- \/ Yoast SEO plugin. -->","yoast_head_json":{"title":"Riskien hallinta - Yhteiskuntavastuuraportti 2018","robots":{"index":"index","follow":"follow","max-snippet":"max-snippet:-1","max-image-preview":"max-image-preview:large","max-video-preview":"max-video-preview:-1"},"canonical":"https:\/\/www.senaatti.fi\/yhteiskuntavastuuraportti2018\/senaatti\/hallinto-ja-johtaminen\/riskien-hallinta\/","og_locale":"en_US","og_type":"article","og_title":"Riskien hallinta - Yhteiskuntavastuuraportti 2018","og_description":"Riskienhallinta on jatkuva prosessi, jonka avulla ennakoidaan, tunnistetaan ja torjutaan Senaatti-kiinteist\u00f6jen toimintaa, toimintaymp\u00e4rist\u00f6\u00e4 ja mahdollisuuksien tuloksellista hy\u00f6dynt\u00e4mist\u00e4 uhkaavia tekij\u00f6it\u00e4, seurataan j\u00e4rjestelm\u00e4llisesti riskienhallintatoimenpiteiden toteutumista sek\u00e4 kehitet\u00e4\u00e4n toimintaa. Riskienhallinta on osa johtamista ja se huomioidaan p\u00e4\u00e4t\u00f6ksenteossa osana jokap\u00e4iv\u00e4ist\u00e4 toimintaa ja toimintaperiaatteita. Senaatti-kiinteist\u00f6jen riskienhallintaa ohjaavat riskienhallintapolitiikka ja riskienhallintak\u00e4sikirja. Riskienhallinnan tavoitteena on varmistaa organisaation toimintaedellytysten ja strategian toteutuminen. Riski [&hellip;]","og_url":"https:\/\/www.senaatti.fi\/yhteiskuntavastuuraportti2018\/senaatti\/hallinto-ja-johtaminen\/riskien-hallinta\/","og_site_name":"Yhteiskuntavastuuraportti 2018","article_modified_time":"2019-03-29T09:46:50+00:00","og_image":[{"url":"https:\/\/www.senaatti.fi\/app_ykv_archive\/uploads\/sites\/7\/2019\/02\/Sesam-3949-301018-1024x683.jpg"}],"twitter_card":"summary_large_image","twitter_misc":{"Est. reading time":"3 minutes"},"schema":{"@context":"https:\/\/schema.org","@graph":[{"@type":"WebPage","@id":"https:\/\/www.senaatti.fi\/yhteiskuntavastuuraportti2018\/senaatti\/hallinto-ja-johtaminen\/riskien-hallinta\/","url":"https:\/\/www.senaatti.fi\/yhteiskuntavastuuraportti2018\/senaatti\/hallinto-ja-johtaminen\/riskien-hallinta\/","name":"Riskien hallinta - Yhteiskuntavastuuraportti 2018","isPartOf":{"@id":"https:\/\/www.senaatti.fi\/yhteiskuntavastuuraportti2018\/#website"},"primaryImageOfPage":{"@id":"https:\/\/www.senaatti.fi\/yhteiskuntavastuuraportti2018\/senaatti\/hallinto-ja-johtaminen\/riskien-hallinta\/#primaryimage"},"image":{"@id":"https:\/\/www.senaatti.fi\/yhteiskuntavastuuraportti2018\/senaatti\/hallinto-ja-johtaminen\/riskien-hallinta\/#primaryimage"},"thumbnailUrl":"https:\/\/www.senaatti.fi\/app_ykv_archive\/uploads\/sites\/7\/2019\/02\/Sesam-3949-301018-1024x683.jpg","datePublished":"2018-01-29T11:04:10+00:00","dateModified":"2019-03-29T09:46:50+00:00","breadcrumb":{"@id":"https:\/\/www.senaatti.fi\/yhteiskuntavastuuraportti2018\/senaatti\/hallinto-ja-johtaminen\/riskien-hallinta\/#breadcrumb"},"inLanguage":"en-US","potentialAction":[{"@type":"ReadAction","target":["https:\/\/www.senaatti.fi\/yhteiskuntavastuuraportti2018\/senaatti\/hallinto-ja-johtaminen\/riskien-hallinta\/"]}]},{"@type":"ImageObject","inLanguage":"en-US","@id":"https:\/\/www.senaatti.fi\/yhteiskuntavastuuraportti2018\/senaatti\/hallinto-ja-johtaminen\/riskien-hallinta\/#primaryimage","url":"https:\/\/www.senaatti.fi\/app_ykv_archive\/uploads\/sites\/7\/2019\/02\/Sesam-3949-301018-1024x683.jpg","contentUrl":"https:\/\/www.senaatti.fi\/app_ykv_archive\/uploads\/sites\/7\/2019\/02\/Sesam-3949-301018-1024x683.jpg"},{"@type":"BreadcrumbList","@id":"https:\/\/www.senaatti.fi\/yhteiskuntavastuuraportti2018\/senaatti\/hallinto-ja-johtaminen\/riskien-hallinta\/#breadcrumb","itemListElement":[{"@type":"ListItem","position":1,"name":"Home","item":"https:\/\/www.senaatti.fi\/yhteiskuntavastuuraportti2018\/"},{"@type":"ListItem","position":2,"name":"Senaatti","item":"https:\/\/www.senaatti.fi\/yhteiskuntavastuuraportti2018\/senaatti\/"},{"@type":"ListItem","position":3,"name":"Hallinto ja johtaminen","item":"https:\/\/www.senaatti.fi\/yhteiskuntavastuuraportti2018\/senaatti\/hallinto-ja-johtaminen\/"},{"@type":"ListItem","position":4,"name":"Riskien hallinta"}]},{"@type":"WebSite","@id":"https:\/\/www.senaatti.fi\/yhteiskuntavastuuraportti2018\/#website","url":"https:\/\/www.senaatti.fi\/yhteiskuntavastuuraportti2018\/","name":"Yhteiskuntavastuuraportti 2018","description":"","potentialAction":[{"@type":"SearchAction","target":{"@type":"EntryPoint","urlTemplate":"https:\/\/www.senaatti.fi\/yhteiskuntavastuuraportti2018\/?s={search_term_string}"},"query-input":{"@type":"PropertyValueSpecification","valueRequired":true,"valueName":"search_term_string"}}],"inLanguage":"en-US"}]}},"_links":{"self":[{"href":"https:\/\/www.senaatti.fi\/yhteiskuntavastuuraportti2018\/wp-json\/wp\/v2\/pages\/57","targetHints":{"allow":["GET"]}}],"collection":[{"href":"https:\/\/www.senaatti.fi\/yhteiskuntavastuuraportti2018\/wp-json\/wp\/v2\/pages"}],"about":[{"href":"https:\/\/www.senaatti.fi\/yhteiskuntavastuuraportti2018\/wp-json\/wp\/v2\/types\/page"}],"author":[{"embeddable":true,"href":"https:\/\/www.senaatti.fi\/yhteiskuntavastuuraportti2018\/wp-json\/wp\/v2\/users\/11"}],"replies":[{"embeddable":true,"href":"https:\/\/www.senaatti.fi\/yhteiskuntavastuuraportti2018\/wp-json\/wp\/v2\/comments?post=57"}],"version-history":[{"count":10,"href":"https:\/\/www.senaatti.fi\/yhteiskuntavastuuraportti2018\/wp-json\/wp\/v2\/pages\/57\/revisions"}],"predecessor-version":[{"id":2069,"href":"https:\/\/www.senaatti.fi\/yhteiskuntavastuuraportti2018\/wp-json\/wp\/v2\/pages\/57\/revisions\/2069"}],"up":[{"embeddable":true,"href":"https:\/\/www.senaatti.fi\/yhteiskuntavastuuraportti2018\/wp-json\/wp\/v2\/pages\/49"}],"wp:attachment":[{"href":"https:\/\/www.senaatti.fi\/yhteiskuntavastuuraportti2018\/wp-json\/wp\/v2\/media?parent=57"}],"curies":[{"name":"wp","href":"https:\/\/api.w.org\/{rel}","templated":true}]}}