{"id":5,"date":"2018-01-29T10:56:11","date_gmt":"2018-01-29T10:56:11","guid":{"rendered":"https:\/\/www.senaatti.fi\/yhteiskuntavastuuraportti2018\/?page_id=5"},"modified":"2019-04-10T11:34:25","modified_gmt":"2019-04-10T11:34:25","slug":"vuosi-2018","status":"publish","type":"page","link":"https:\/\/www.senaatti.fi\/yhteiskuntavastuuraportti2018\/vuosi-2018\/","title":{"rendered":"Vuosi 2018"},"content":{"rendered":"<div class=\"wpb-content-wrapper\"><p>[vc_row][vc_column][senaatti_hero heading=&#8221;Vuosi 2018&#8243; image=&#8221;1329&#8243;][\/vc_column][\/vc_row][vc_row][vc_column width=&#8221;1\/2&#8243;][vc_column_text]<ul class=\"sidemenu\"><li class=\"page_item page-item-7\"><a href=\"https:\/\/www.senaatti.fi\/yhteiskuntavastuuraportti2018\/vuosi-2018\/toimitusjohtajan-katsaus\/\">Toimitusjohtajan katsaus<\/a><\/li>\n<li class=\"page_item page-item-9\"><a href=\"https:\/\/www.senaatti.fi\/yhteiskuntavastuuraportti2018\/vuosi-2018\/avainluvut\/\">Avainluvut<\/a><\/li>\n<li class=\"page_item page-item-11\"><a href=\"https:\/\/www.senaatti.fi\/yhteiskuntavastuuraportti2018\/vuosi-2018\/taloudelliset-tavoitteet-ja-tulokset\/\">Taloudelliset tavoitteet ja tulokset<\/a><\/li>\n<li class=\"page_item page-item-17\"><a href=\"https:\/\/www.senaatti.fi\/yhteiskuntavastuuraportti2018\/vuosi-2018\/tilinpaatos\/\">Tilinp\u00e4\u00e4t\u00f6s<\/a><\/li>\n<li class=\"page_item page-item-19 page_item_has_children\"><a href=\"https:\/\/www.senaatti.fi\/yhteiskuntavastuuraportti2018\/vuosi-2018\/yhteiskunnalliset-rahavirrat\/\">Yhteiskunnalliset rahavirrat<\/a>\n<ul class='children'>\n\t<li class=\"page_item page-item-21\"><a href=\"https:\/\/www.senaatti.fi\/yhteiskuntavastuuraportti2018\/vuosi-2018\/yhteiskunnalliset-rahavirrat\/verojalanjalki\/\">Verojalanj\u00e4lki<\/a><\/li>\n\t<li class=\"page_item page-item-23\"><a href=\"https:\/\/www.senaatti.fi\/yhteiskuntavastuuraportti2018\/vuosi-2018\/yhteiskunnalliset-rahavirrat\/tyollistamisjalanjalki\/\">Ty\u00f6llist\u00e4misjalanj\u00e4lki<\/a><\/li>\n<\/ul>\n<\/li>\n<li class=\"page_item page-item-27 page_item_has_children\"><a href=\"https:\/\/www.senaatti.fi\/yhteiskuntavastuuraportti2018\/vuosi-2018\/kiinteistovarallisuus-ja-palvelut\/\">Kiinteist\u00f6varallisuus ja palvelut<\/a>\n<ul class='children'>\n\t<li class=\"page_item page-item-29\"><a href=\"https:\/\/www.senaatti.fi\/yhteiskuntavastuuraportti2018\/vuosi-2018\/kiinteistovarallisuus-ja-palvelut\/kiinteistokehittaminen-ja-myynti\/\">Kiinteist\u00f6kehitt\u00e4minen ja -myynti<\/a><\/li>\n\t<li class=\"page_item page-item-31\"><a href=\"https:\/\/www.senaatti.fi\/yhteiskuntavastuuraportti2018\/vuosi-2018\/kiinteistovarallisuus-ja-palvelut\/investoinnit\/\">Investoinnit<\/a><\/li>\n\t<li class=\"page_item page-item-238\"><a href=\"https:\/\/www.senaatti.fi\/yhteiskuntavastuuraportti2018\/vuosi-2018\/kiinteistovarallisuus-ja-palvelut\/kiinteistojen-yllapito\/\">Kiinteist\u00f6jen yll\u00e4pito<\/a><\/li>\n\t<li class=\"page_item page-item-35\"><a href=\"https:\/\/www.senaatti.fi\/yhteiskuntavastuuraportti2018\/vuosi-2018\/kiinteistovarallisuus-ja-palvelut\/vuokraus-ja-palvelut\/\">Vuokraus ja palvelut<\/a><\/li>\n\t<li class=\"page_item page-item-33\"><a href=\"https:\/\/www.senaatti.fi\/yhteiskuntavastuuraportti2018\/vuosi-2018\/kiinteistovarallisuus-ja-palvelut\/arvokiinteistot\/\">Arvokiinteist\u00f6t<\/a><\/li>\n<\/ul>\n<\/li>\n<\/ul>[\/vc_column_text][\/vc_column][vc_column width=&#8221;1\/2&#8243;][vc_column_text]<\/p>\n<div class=\"row\">\n<div class=\"col-sm-6 text-align-center\">\n<p><img loading=\"lazy\" decoding=\"async\" class=\"ykv-icon margin-bottom-10 alignnone\" src=\"\/\/www.senaatti.fi\/app_ykv_archive\/uploads\/sites\/2\/2018\/03\/senaatti-ykv-icon-100milj.png\" alt=\"\" width=\"220\" height=\"220\" \/><\/p>\n<p class=\"extra-padding-on-desktop\">Toimitilas\u00e4\u00e4st\u00f6jen toteuttaminen on edennyt tavoitetta nopeammin. Kahdeksalle vuodelle asetettu 100 milj. euron tavoite on l\u00e4hes saavutettu nelj\u00e4ss\u00e4 vuodessa.<\/p>\n<\/div>\n<div class=\"col-sm-6 text-align-center\">\n<p class=\"extra-padding-on-desktop\"><img loading=\"lazy\" decoding=\"async\" class=\"ykv-icon margin-bottom-10 alignnone wp-image-2151 size-full\" src=\"https:\/\/www.senaatti.fi\/app_ykv_archive\/uploads\/sites\/7\/2019\/03\/118-M\u20ac.png\" alt=\"\" width=\"220\" height=\"220\" srcset=\"https:\/\/www.senaatti.fi\/app_ykv_archive\/uploads\/sites\/7\/2019\/03\/118-M\u20ac.png 220w, https:\/\/www.senaatti.fi\/app_ykv_archive\/uploads\/sites\/7\/2019\/03\/118-M\u20ac-150x150.png 150w\" sizes=\"auto, (max-width: 220px) 100vw, 220px\" \/><\/p>\n<p class=\"extra-padding-on-desktop\">Myimme valtiolle tarpeettomia kiinteist\u00f6j\u00e4 118 milj. eurolla. P\u00e4\u00e4ttyv\u00e4n nelj\u00e4n vuoden strategiakauden kiinteist\u00f6jen ja kiinteist\u00f6yhti\u00f6iden myynnit olivat yhteens\u00e4 yli 800 milj. euroa.<\/p>\n<\/div>\n<\/div>\n<div class=\"row\">\n<div class=\"col-sm-6 text-align-center\">\n<p class=\"extra-padding-on-desktop\"><img loading=\"lazy\" decoding=\"async\" class=\"ykv-icon margin-bottom-10 alignnone wp-image-2155 size-full\" src=\"https:\/\/www.senaatti.fi\/app_ykv_archive\/uploads\/sites\/7\/2019\/03\/nuoli-alas.png\" alt=\"\" width=\"220\" height=\"220\" srcset=\"https:\/\/www.senaatti.fi\/app_ykv_archive\/uploads\/sites\/7\/2019\/03\/nuoli-alas.png 220w, https:\/\/www.senaatti.fi\/app_ykv_archive\/uploads\/sites\/7\/2019\/03\/nuoli-alas-150x150.png 150w\" sizes=\"auto, (max-width: 220px) 100vw, 220px\" \/><\/p>\n<p class=\"extra-padding-on-desktop\">Kokonaistulos 63,8 milj. euroa alitti sis\u00e4isen budjettitavoitteen 21,1 milj. eurolla. Vuokrauksen tulos 42,3 milj. euroa alitti budjetin 18,8 milj. eurolla. Vuokrauksen tulostavoitteista j\u00e4\u00e4tiin, koska valtion vuokraj\u00e4rjestelm\u00e4ss\u00e4 kustannusvastuita siirrettiin muun muassa puolustusvoimilta ja Rajavartiolaitokselta Senaatille.<\/p>\n<\/div>\n<div class=\"col-sm-6 text-align-center\">\n<p class=\"extra-padding-on-desktop\"><img loading=\"lazy\" decoding=\"async\" class=\"ykv-icon margin-bottom-10 alignnone wp-image-2158 size-full\" src=\"https:\/\/www.senaatti.fi\/app_ykv_archive\/uploads\/sites\/7\/2019\/03\/possu.png\" alt=\"\" width=\"220\" height=\"220\" srcset=\"https:\/\/www.senaatti.fi\/app_ykv_archive\/uploads\/sites\/7\/2019\/03\/possu.png 220w, https:\/\/www.senaatti.fi\/app_ykv_archive\/uploads\/sites\/7\/2019\/03\/possu-150x150.png 150w\" sizes=\"auto, (max-width: 220px) 100vw, 220px\" \/><\/p>\n<p class=\"extra-padding-on-desktop\">Merkitt\u00e4v\u00e4t kiinteist\u00f6kulus\u00e4\u00e4st\u00f6t valtiolle. KTI Kiinteist\u00f6tieto Oy:n toteuttaman benchmark-tutkimuksen mukaan Senaatti pystyy hankkimaan kiinteist\u00f6jen yll\u00e4pitopalvelut noin 20 % edullisemmin kuin markkinatoimijat.<\/p>\n<\/div>\n<\/div>\n<div class=\"row\">\n<div class=\"col-sm-6 text-align-center\">\n<p class=\"extra-padding-on-desktop\"><img loading=\"lazy\" decoding=\"async\" class=\"ykv-icon margin-bottom-10 alignnone wp-image-2157 size-full\" src=\"https:\/\/www.senaatti.fi\/app_ykv_archive\/uploads\/sites\/7\/2019\/03\/peukku.png\" alt=\"\" width=\"220\" height=\"220\" srcset=\"https:\/\/www.senaatti.fi\/app_ykv_archive\/uploads\/sites\/7\/2019\/03\/peukku.png 220w, https:\/\/www.senaatti.fi\/app_ykv_archive\/uploads\/sites\/7\/2019\/03\/peukku-150x150.png 150w\" sizes=\"auto, (max-width: 220px) 100vw, 220px\" \/><\/p>\n<p class=\"extra-padding-on-desktop\">Senaatin hiilidioksidip\u00e4\u00e4st\u00f6t laskivat 40 %, mik\u00e4 oli p\u00e4\u00e4osin seurausta uusiutuvan energian k\u00e4yt\u00f6st\u00e4.<\/p>\n<\/div>\n<div class=\"col-sm-6 text-align-center\">\n<p class=\"extra-padding-on-desktop\"><img loading=\"lazy\" decoding=\"async\" class=\"ykv-icon margin-bottom-10 alignnone wp-image-2154 size-full\" src=\"https:\/\/www.senaatti.fi\/app_ykv_archive\/uploads\/sites\/7\/2019\/03\/lamppu.png\" alt=\"\" width=\"220\" height=\"220\" srcset=\"https:\/\/www.senaatti.fi\/app_ykv_archive\/uploads\/sites\/7\/2019\/03\/lamppu.png 220w, https:\/\/www.senaatti.fi\/app_ykv_archive\/uploads\/sites\/7\/2019\/03\/lamppu-150x150.png 150w\" sizes=\"auto, (max-width: 220px) 100vw, 220px\" \/><\/p>\n<p class=\"extra-padding-on-desktop\">Kiinteist\u00f6ihin ostettiin 100 %:sti uusiutuvilla energianl\u00e4hteill\u00e4 tuotettua s\u00e4hk\u00f6\u00e4.<\/p>\n<\/div>\n<\/div>\n<div class=\"row\">\n<div class=\"col-sm-6 text-align-center\">\n<p class=\"extra-padding-on-desktop\"><img loading=\"lazy\" decoding=\"async\" class=\"ykv-icon margin-bottom-10 alignnone wp-image-2156 size-full\" src=\"https:\/\/www.senaatti.fi\/app_ykv_archive\/uploads\/sites\/7\/2019\/03\/patteri.png\" alt=\"\" width=\"220\" height=\"220\" srcset=\"https:\/\/www.senaatti.fi\/app_ykv_archive\/uploads\/sites\/7\/2019\/03\/patteri.png 220w, https:\/\/www.senaatti.fi\/app_ykv_archive\/uploads\/sites\/7\/2019\/03\/patteri-150x150.png 150w\" sizes=\"auto, (max-width: 220px) 100vw, 220px\" \/><\/p>\n<p class=\"extra-padding-on-desktop\">Uusiutuva kaukol\u00e4mp\u00f6 kattoi 60 % p\u00e4\u00e4kaupunkiseudun Senaatin yll\u00e4pit\u00e4mien kiinteist\u00f6jen l\u00e4mmityksest\u00e4. Vuonna 2019 tavoitteena on lis\u00e4t\u00e4 osuus p\u00e4\u00e4kaupunkiseudulla 100 %:iin.<\/p>\n<\/div>\n<div class=\"col-sm-6 text-align-center\">\n<p class=\"extra-padding-on-desktop\"><img loading=\"lazy\" decoding=\"async\" class=\"ykv-icon margin-bottom-10 alignnone wp-image-2159 size-full\" src=\"https:\/\/www.senaatti.fi\/app_ykv_archive\/uploads\/sites\/7\/2019\/03\/puu.png\" alt=\"\" width=\"220\" height=\"220\" srcset=\"https:\/\/www.senaatti.fi\/app_ykv_archive\/uploads\/sites\/7\/2019\/03\/puu.png 220w, https:\/\/www.senaatti.fi\/app_ykv_archive\/uploads\/sites\/7\/2019\/03\/puu-150x150.png 150w\" sizes=\"auto, (max-width: 220px) 100vw, 220px\" \/><\/p>\n<p class=\"extra-padding-on-desktop\">Vuoden 2018 loppuun menness\u00e4 Senaatin hallinnoimille alueille on rakennettu l\u00e4hes 40 pellettilaitosta. Uusiutuvan energian osuus k\u00e4ytetyist\u00e4 l\u00e4mmityspolttoaineista on n\u00e4iss\u00e4 laitoksissa noin 99 % ja keskim\u00e4\u00e4r\u00e4inen kustannuss\u00e4\u00e4st\u00f6 poltto\u00f6ljyll\u00e4 tuotettuun l\u00e4mp\u00f6energiaan verrattuna on noin 30%.<\/p>\n<\/div>\n<\/div>\n<div class=\"row\">\n<div class=\"col-sm-6 text-align-center\">\n<p class=\"extra-padding-on-desktop\"><img loading=\"lazy\" decoding=\"async\" class=\"ykv-icon margin-bottom-10 alignnone wp-image-2152 size-full\" src=\"https:\/\/www.senaatti.fi\/app_ykv_archive\/uploads\/sites\/7\/2019\/03\/250-M\u20ac.png\" alt=\"\" width=\"220\" height=\"220\" srcset=\"https:\/\/www.senaatti.fi\/app_ykv_archive\/uploads\/sites\/7\/2019\/03\/250-M\u20ac.png 220w, https:\/\/www.senaatti.fi\/app_ykv_archive\/uploads\/sites\/7\/2019\/03\/250-M\u20ac-150x150.png 150w\" sizes=\"auto, (max-width: 220px) 100vw, 220px\" \/><\/p>\n<p class=\"extra-padding-on-desktop\">Panostimme sis\u00e4olosuhdeongelmien sel\u00e4tt\u00e4miseen ja ennakoivaan toimintaan merkitt\u00e4v\u00e4sti.\u00a0 Sis\u00e4ilmakorjauksiin k\u00e4ytettiin\u00a0yhteens\u00e4 38,7 milj. euroa.\u00a0 Kasvatamme sis\u00e4olosuhteiden parantamiseksi investointien ja kunnossapidon m\u00e4\u00e4r\u00e4\u00e4 250 milj. eurolla strategiakauden aikana.<\/p>\n<\/div>\n<div class=\"col-sm-6 text-align-center\">\n<p><img decoding=\"async\" class=\"ykv-icon margin-bottom-10\" src=\"\/\/www.senaatti.fi\/app_ykv_archive\/uploads\/sites\/2\/2018\/03\/senaatti-ykv-icon-heart.png\" \/><\/p>\n<p class=\"extra-padding-on-desktop\">Olemme j\u00e4lleen yksi Suomen innostavimmista ty\u00f6paikoista. Corporate Spiritin my\u00f6nt\u00e4m\u00e4 kunniamaininta perustuu henkil\u00f6st\u00f6tutkimuksen tuloksiin.<\/p>\n<\/div>\n<\/div>\n<p>[\/vc_column_text][\/vc_column][\/vc_row]<\/p>\n<\/div>","protected":false},"excerpt":{"rendered":"<p>[vc_row][vc_column][senaatti_hero heading=&#8221;Vuosi 2018&#8243; image=&#8221;1329&#8243;][\/vc_column][\/vc_row][vc_row][vc_column width=&#8221;1\/2&#8243;][vc_column_text][\/vc_column_text][\/vc_column][vc_column width=&#8221;1\/2&#8243;][vc_column_text] Toimitilas\u00e4\u00e4st\u00f6jen toteuttaminen on edennyt tavoitetta nopeammin. Kahdeksalle vuodelle asetettu 100 milj. euron tavoite on l\u00e4hes saavutettu nelj\u00e4ss\u00e4 vuodessa. Myimme valtiolle tarpeettomia kiinteist\u00f6j\u00e4 118 milj. eurolla. P\u00e4\u00e4ttyv\u00e4n nelj\u00e4n vuoden strategiakauden kiinteist\u00f6jen ja kiinteist\u00f6yhti\u00f6iden myynnit olivat yhteens\u00e4 yli 800 milj. euroa. Kokonaistulos 63,8 milj. euroa alitti sis\u00e4isen budjettitavoitteen 21,1 milj. eurolla. [&hellip;]<\/p>\n","protected":false},"author":11,"featured_media":0,"parent":0,"menu_order":3,"comment_status":"closed","ping_status":"closed","template":"","meta":{"_acf_changed":false,"footnotes":""},"class_list":["post-5","page","type-page","status-publish","hentry"],"acf":[],"yoast_head":"<!-- This site is optimized with the Yoast SEO plugin v23.9 - https:\/\/yoast.com\/wordpress\/plugins\/seo\/ -->\n<title>Vuosi 2018 - Yhteiskuntavastuuraportti 2018<\/title>\n<meta name=\"robots\" content=\"index, follow, max-snippet:-1, max-image-preview:large, max-video-preview:-1\" \/>\n<link rel=\"canonical\" href=\"https:\/\/www.senaatti.fi\/yhteiskuntavastuuraportti2018\/vuosi-2018\/\" \/>\n<meta property=\"og:locale\" content=\"en_US\" \/>\n<meta property=\"og:type\" content=\"article\" \/>\n<meta property=\"og:title\" content=\"Vuosi 2018 - Yhteiskuntavastuuraportti 2018\" \/>\n<meta property=\"og:description\" content=\"[vc_row][vc_column][senaatti_hero heading=&#8221;Vuosi 2018&#8243; image=&#8221;1329&#8243;][\/vc_column][\/vc_row][vc_row][vc_column width=&#8221;1\/2&#8243;][vc_column_text][\/vc_column_text][\/vc_column][vc_column width=&#8221;1\/2&#8243;][vc_column_text] Toimitilas\u00e4\u00e4st\u00f6jen toteuttaminen on edennyt tavoitetta nopeammin. Kahdeksalle vuodelle asetettu 100 milj. euron tavoite on l\u00e4hes saavutettu nelj\u00e4ss\u00e4 vuodessa. Myimme valtiolle tarpeettomia kiinteist\u00f6j\u00e4 118 milj. eurolla. P\u00e4\u00e4ttyv\u00e4n nelj\u00e4n vuoden strategiakauden kiinteist\u00f6jen ja kiinteist\u00f6yhti\u00f6iden myynnit olivat yhteens\u00e4 yli 800 milj. euroa. Kokonaistulos 63,8 milj. euroa alitti sis\u00e4isen budjettitavoitteen 21,1 milj. eurolla. [&hellip;]\" \/>\n<meta property=\"og:url\" content=\"https:\/\/www.senaatti.fi\/yhteiskuntavastuuraportti2018\/vuosi-2018\/\" \/>\n<meta property=\"og:site_name\" content=\"Yhteiskuntavastuuraportti 2018\" \/>\n<meta property=\"article:modified_time\" content=\"2019-04-10T11:34:25+00:00\" \/>\n<meta property=\"og:image\" content=\"\/\/www.senaatti.fi\/app_ykv_archive\/uploads\/sites\/2\/2018\/03\/senaatti-ykv-icon-100milj.png\" \/>\n<meta name=\"twitter:card\" content=\"summary_large_image\" \/>\n<meta name=\"twitter:label1\" content=\"Est. reading time\" \/>\n\t<meta name=\"twitter:data1\" content=\"1 minute\" \/>\n<script type=\"application\/ld+json\" class=\"yoast-schema-graph\">{\"@context\":\"https:\/\/schema.org\",\"@graph\":[{\"@type\":\"WebPage\",\"@id\":\"https:\/\/www.senaatti.fi\/yhteiskuntavastuuraportti2018\/vuosi-2018\/\",\"url\":\"https:\/\/www.senaatti.fi\/yhteiskuntavastuuraportti2018\/vuosi-2018\/\",\"name\":\"Vuosi 2018 - Yhteiskuntavastuuraportti 2018\",\"isPartOf\":{\"@id\":\"https:\/\/www.senaatti.fi\/yhteiskuntavastuuraportti2018\/#website\"},\"primaryImageOfPage\":{\"@id\":\"https:\/\/www.senaatti.fi\/yhteiskuntavastuuraportti2018\/vuosi-2018\/#primaryimage\"},\"image\":{\"@id\":\"https:\/\/www.senaatti.fi\/yhteiskuntavastuuraportti2018\/vuosi-2018\/#primaryimage\"},\"thumbnailUrl\":\"https:\/\/www.senaatti.fi\/app_ykv_archive\/uploads\/sites\/7\/2019\/03\/nuoli-alas.png\",\"datePublished\":\"2018-01-29T10:56:11+00:00\",\"dateModified\":\"2019-04-10T11:34:25+00:00\",\"breadcrumb\":{\"@id\":\"https:\/\/www.senaatti.fi\/yhteiskuntavastuuraportti2018\/vuosi-2018\/#breadcrumb\"},\"inLanguage\":\"en-US\",\"potentialAction\":[{\"@type\":\"ReadAction\",\"target\":[\"https:\/\/www.senaatti.fi\/yhteiskuntavastuuraportti2018\/vuosi-2018\/\"]}]},{\"@type\":\"ImageObject\",\"inLanguage\":\"en-US\",\"@id\":\"https:\/\/www.senaatti.fi\/yhteiskuntavastuuraportti2018\/vuosi-2018\/#primaryimage\",\"url\":\"https:\/\/www.senaatti.fi\/app_ykv_archive\/uploads\/sites\/7\/2019\/03\/nuoli-alas.png\",\"contentUrl\":\"https:\/\/www.senaatti.fi\/app_ykv_archive\/uploads\/sites\/7\/2019\/03\/nuoli-alas.png\"},{\"@type\":\"BreadcrumbList\",\"@id\":\"https:\/\/www.senaatti.fi\/yhteiskuntavastuuraportti2018\/vuosi-2018\/#breadcrumb\",\"itemListElement\":[{\"@type\":\"ListItem\",\"position\":1,\"name\":\"Home\",\"item\":\"https:\/\/www.senaatti.fi\/yhteiskuntavastuuraportti2018\/\"},{\"@type\":\"ListItem\",\"position\":2,\"name\":\"Vuosi 2018\"}]},{\"@type\":\"WebSite\",\"@id\":\"https:\/\/www.senaatti.fi\/yhteiskuntavastuuraportti2018\/#website\",\"url\":\"https:\/\/www.senaatti.fi\/yhteiskuntavastuuraportti2018\/\",\"name\":\"Yhteiskuntavastuuraportti 2018\",\"description\":\"\",\"potentialAction\":[{\"@type\":\"SearchAction\",\"target\":{\"@type\":\"EntryPoint\",\"urlTemplate\":\"https:\/\/www.senaatti.fi\/yhteiskuntavastuuraportti2018\/?s={search_term_string}\"},\"query-input\":{\"@type\":\"PropertyValueSpecification\",\"valueRequired\":true,\"valueName\":\"search_term_string\"}}],\"inLanguage\":\"en-US\"}]}<\/script>\n<!-- \/ Yoast SEO plugin. -->","yoast_head_json":{"title":"Vuosi 2018 - Yhteiskuntavastuuraportti 2018","robots":{"index":"index","follow":"follow","max-snippet":"max-snippet:-1","max-image-preview":"max-image-preview:large","max-video-preview":"max-video-preview:-1"},"canonical":"https:\/\/www.senaatti.fi\/yhteiskuntavastuuraportti2018\/vuosi-2018\/","og_locale":"en_US","og_type":"article","og_title":"Vuosi 2018 - Yhteiskuntavastuuraportti 2018","og_description":"[vc_row][vc_column][senaatti_hero heading=&#8221;Vuosi 2018&#8243; image=&#8221;1329&#8243;][\/vc_column][\/vc_row][vc_row][vc_column width=&#8221;1\/2&#8243;][vc_column_text][\/vc_column_text][\/vc_column][vc_column width=&#8221;1\/2&#8243;][vc_column_text] Toimitilas\u00e4\u00e4st\u00f6jen toteuttaminen on edennyt tavoitetta nopeammin. Kahdeksalle vuodelle asetettu 100 milj. euron tavoite on l\u00e4hes saavutettu nelj\u00e4ss\u00e4 vuodessa. Myimme valtiolle tarpeettomia kiinteist\u00f6j\u00e4 118 milj. eurolla. P\u00e4\u00e4ttyv\u00e4n nelj\u00e4n vuoden strategiakauden kiinteist\u00f6jen ja kiinteist\u00f6yhti\u00f6iden myynnit olivat yhteens\u00e4 yli 800 milj. euroa. Kokonaistulos 63,8 milj. euroa alitti sis\u00e4isen budjettitavoitteen 21,1 milj. eurolla. [&hellip;]","og_url":"https:\/\/www.senaatti.fi\/yhteiskuntavastuuraportti2018\/vuosi-2018\/","og_site_name":"Yhteiskuntavastuuraportti 2018","article_modified_time":"2019-04-10T11:34:25+00:00","og_image":[{"url":"\/\/www.senaatti.fi\/app_ykv_archive\/uploads\/sites\/2\/2018\/03\/senaatti-ykv-icon-100milj.png"}],"twitter_card":"summary_large_image","twitter_misc":{"Est. reading time":"1 minute"},"schema":{"@context":"https:\/\/schema.org","@graph":[{"@type":"WebPage","@id":"https:\/\/www.senaatti.fi\/yhteiskuntavastuuraportti2018\/vuosi-2018\/","url":"https:\/\/www.senaatti.fi\/yhteiskuntavastuuraportti2018\/vuosi-2018\/","name":"Vuosi 2018 - Yhteiskuntavastuuraportti 2018","isPartOf":{"@id":"https:\/\/www.senaatti.fi\/yhteiskuntavastuuraportti2018\/#website"},"primaryImageOfPage":{"@id":"https:\/\/www.senaatti.fi\/yhteiskuntavastuuraportti2018\/vuosi-2018\/#primaryimage"},"image":{"@id":"https:\/\/www.senaatti.fi\/yhteiskuntavastuuraportti2018\/vuosi-2018\/#primaryimage"},"thumbnailUrl":"https:\/\/www.senaatti.fi\/app_ykv_archive\/uploads\/sites\/7\/2019\/03\/nuoli-alas.png","datePublished":"2018-01-29T10:56:11+00:00","dateModified":"2019-04-10T11:34:25+00:00","breadcrumb":{"@id":"https:\/\/www.senaatti.fi\/yhteiskuntavastuuraportti2018\/vuosi-2018\/#breadcrumb"},"inLanguage":"en-US","potentialAction":[{"@type":"ReadAction","target":["https:\/\/www.senaatti.fi\/yhteiskuntavastuuraportti2018\/vuosi-2018\/"]}]},{"@type":"ImageObject","inLanguage":"en-US","@id":"https:\/\/www.senaatti.fi\/yhteiskuntavastuuraportti2018\/vuosi-2018\/#primaryimage","url":"https:\/\/www.senaatti.fi\/app_ykv_archive\/uploads\/sites\/7\/2019\/03\/nuoli-alas.png","contentUrl":"https:\/\/www.senaatti.fi\/app_ykv_archive\/uploads\/sites\/7\/2019\/03\/nuoli-alas.png"},{"@type":"BreadcrumbList","@id":"https:\/\/www.senaatti.fi\/yhteiskuntavastuuraportti2018\/vuosi-2018\/#breadcrumb","itemListElement":[{"@type":"ListItem","position":1,"name":"Home","item":"https:\/\/www.senaatti.fi\/yhteiskuntavastuuraportti2018\/"},{"@type":"ListItem","position":2,"name":"Vuosi 2018"}]},{"@type":"WebSite","@id":"https:\/\/www.senaatti.fi\/yhteiskuntavastuuraportti2018\/#website","url":"https:\/\/www.senaatti.fi\/yhteiskuntavastuuraportti2018\/","name":"Yhteiskuntavastuuraportti 2018","description":"","potentialAction":[{"@type":"SearchAction","target":{"@type":"EntryPoint","urlTemplate":"https:\/\/www.senaatti.fi\/yhteiskuntavastuuraportti2018\/?s={search_term_string}"},"query-input":{"@type":"PropertyValueSpecification","valueRequired":true,"valueName":"search_term_string"}}],"inLanguage":"en-US"}]}},"_links":{"self":[{"href":"https:\/\/www.senaatti.fi\/yhteiskuntavastuuraportti2018\/wp-json\/wp\/v2\/pages\/5","targetHints":{"allow":["GET"]}}],"collection":[{"href":"https:\/\/www.senaatti.fi\/yhteiskuntavastuuraportti2018\/wp-json\/wp\/v2\/pages"}],"about":[{"href":"https:\/\/www.senaatti.fi\/yhteiskuntavastuuraportti2018\/wp-json\/wp\/v2\/types\/page"}],"author":[{"embeddable":true,"href":"https:\/\/www.senaatti.fi\/yhteiskuntavastuuraportti2018\/wp-json\/wp\/v2\/users\/11"}],"replies":[{"embeddable":true,"href":"https:\/\/www.senaatti.fi\/yhteiskuntavastuuraportti2018\/wp-json\/wp\/v2\/comments?post=5"}],"version-history":[{"count":11,"href":"https:\/\/www.senaatti.fi\/yhteiskuntavastuuraportti2018\/wp-json\/wp\/v2\/pages\/5\/revisions"}],"predecessor-version":[{"id":2387,"href":"https:\/\/www.senaatti.fi\/yhteiskuntavastuuraportti2018\/wp-json\/wp\/v2\/pages\/5\/revisions\/2387"}],"wp:attachment":[{"href":"https:\/\/www.senaatti.fi\/yhteiskuntavastuuraportti2018\/wp-json\/wp\/v2\/media?parent=5"}],"curies":[{"name":"wp","href":"https:\/\/api.w.org\/{rel}","templated":true}]}}