{"id":49,"date":"2018-01-29T11:03:28","date_gmt":"2018-01-29T11:03:28","guid":{"rendered":"https:\/\/www.senaatti.fi\/yhteiskuntavastuuraportti2018\/?page_id=49"},"modified":"2019-06-04T11:36:10","modified_gmt":"2019-06-04T11:36:10","slug":"hallinto-ja-johtaminen","status":"publish","type":"page","link":"https:\/\/www.senaatti.fi\/yhteiskuntavastuuraportti2018\/senaatti\/hallinto-ja-johtaminen\/","title":{"rendered":"Hallinto ja johtaminen"},"content":{"rendered":"<p>Senaatti-kiinteist\u00f6t on valtionvarainministeri\u00f6n hallinnonalalla toimiva valtion liikelaitos, jonka toimintaa s\u00e4\u00e4dell\u00e4\u00e4n valtion liikelaitoksista annetulla lailla ja Senaatti-kiinteist\u00f6ist\u00e4 annetulla valtioneuvoston asetuksella.<\/p>\n<p>Valtion liikelaitos toimii sidosyksikk\u00f6asemassa ja tuottaa palveluja p\u00e4\u00e4s\u00e4\u00e4nt\u00f6isesti valtionhallinnolle ja sellaisille yhteis\u00f6ille, joiden toiminta rahoitetaan p\u00e4\u00e4osin valtion talousarvioon otetuilla m\u00e4\u00e4r\u00e4rahoilla.<\/p>\n<p>Senaatti-kiinteist\u00f6jen hallinto ja johtaminen on kuvattu kattavasti kotisivuillamme kohdassa <a href=\"https:\/\/www.senaatti.fi\/tietoa-senaatista\/\" target=\"_blank\" rel=\"noopener noreferrer\">Tietoa Senaatista<\/a>.<\/p>\n<p>Voit my\u00f6s ladata t\u00e4st\u00e4 hallinnointikoodin <a href=\"https:\/\/www.senaatti.fi\/app_ykv_archive\/uploads\/2019\/06\/464189-Organisaatio-ja-hallinnointioodi-2018.pdf\" target=\"_blank\" rel=\"noopener noreferrer\">PDF-tiedostona<\/a>.<\/p>\n<h2>Toimintamalli<\/h2>\n<div class=\"desktop-only\"><img loading=\"lazy\" decoding=\"async\" class=\"alignnone size-large wp-image-742\" src=\"https:\/\/www.senaatti.fi\/app_ykv_archive\/uploads\/sites\/2\/2018\/03\/senaatti-ykv-toimintamalli-1024x776.png\" alt=\"\" width=\"1024\" height=\"776\" srcset=\"https:\/\/www.senaatti.fi\/app_ykv_archive\/uploads\/sites\/7\/2018\/03\/senaatti-ykv-toimintamalli-1024x776.png 1024w, https:\/\/www.senaatti.fi\/app_ykv_archive\/uploads\/sites\/7\/2018\/03\/senaatti-ykv-toimintamalli-300x227.png 300w, https:\/\/www.senaatti.fi\/app_ykv_archive\/uploads\/sites\/7\/2018\/03\/senaatti-ykv-toimintamalli-768x582.png 768w, https:\/\/www.senaatti.fi\/app_ykv_archive\/uploads\/sites\/7\/2018\/03\/senaatti-ykv-toimintamalli.png 1454w\" sizes=\"auto, (max-width: 1024px) 100vw, 1024px\" \/><\/div>\n<div class=\"mobile-only text-align-center\"><img loading=\"lazy\" decoding=\"async\" class=\"alignnone size-large wp-image-740\" style=\"max-width: 360px;\" src=\"https:\/\/www.senaatti.fi\/app_ykv_archive\/uploads\/sites\/2\/2018\/03\/senaatti-ykv-toimintamalli-mobile-469x1024.png\" alt=\"\" width=\"469\" height=\"1024\" srcset=\"https:\/\/www.senaatti.fi\/app_ykv_archive\/uploads\/sites\/7\/2018\/03\/senaatti-ykv-toimintamalli-mobile-469x1024.png 469w, https:\/\/www.senaatti.fi\/app_ykv_archive\/uploads\/sites\/7\/2018\/03\/senaatti-ykv-toimintamalli-mobile-137x300.png 137w, https:\/\/www.senaatti.fi\/app_ykv_archive\/uploads\/sites\/7\/2018\/03\/senaatti-ykv-toimintamalli-mobile.png 729w\" sizes=\"auto, (max-width: 469px) 100vw, 469px\" \/><\/div>\n<h2>Hallitus<\/h2>\n<p>Valtiovarainministeri\u00f6 nimitt\u00e4\u00e4 Senaatti-kiinteist\u00f6jen hallituksen vuodeksi kerrallaan. Hallituksessa tulee olla liikelaitoslain (1062\/2010) ja sit\u00e4 tarkentavan valtioneuvoston asetuksen (1292\/2010) mukaan puheenjohtaja, varapuheenjohtaja ja n\u00e4iden lis\u00e4ksi v\u00e4hint\u00e4\u00e4n kolme ja enint\u00e4\u00e4n nelj\u00e4 j\u00e4sent\u00e4. Yhden hallituksen j\u00e4senen tulee edustaa liikelaitoksen henkil\u00f6st\u00f6\u00e4 ja olla liikelaitoksen palveluksessa. Hallituksen j\u00e4senell\u00e4 tulee olla kiinteist\u00f6toimialan tai liiketalouden asiantuntemusta.<\/p>\n<div class=\"textLayer\">\n<div>Hallituksen j\u00e4senten valinnassa ja nimitt\u00e4misess\u00e4 noudatetaan lis\u00e4ksi valtion omistajaohjauspolitiikassa vahvistettuja periaatteita, jotka liittyv\u00e4t muun muassa tasa-arvoasioiden toteutumiseen.<\/div>\n<div><\/div>\n<div>Hallituksen j\u00e4senist\u00e4 v\u00e4hint\u00e4\u00e4n puolet tulisi olla liikelaitoksesta\u00a0 riippumattomia. Hallitus arvioi j\u00e4sentens\u00e4 riippumattomuutta kerran vuodessa siten, ett\u00e4 tieto on j\u00e4seni\u00e4 asettavan ministeri\u00f6n k\u00e4ytett\u00e4viss\u00e4 asettamisp\u00e4\u00e4t\u00f6st\u00e4 valmisteltaessa.<\/div>\n<\/div>\n<h4>Vuoden 2018 hallituksen j\u00e4senet<\/h4>\n<p><img loading=\"lazy\" decoding=\"async\" class=\"alignnone size-full wp-image-1273\" src=\"https:\/\/www.senaatti.fi\/app_ykv_archive\/uploads\/sites\/2\/2018\/05\/Hallitus_ryhmakuva_2018.jpg\" alt=\"\" width=\"6145\" height=\"4097\" srcset=\"https:\/\/www.senaatti.fi\/app_ykv_archive\/uploads\/sites\/7\/2018\/05\/Hallitus_ryhmakuva_2018.jpg 6145w, https:\/\/www.senaatti.fi\/app_ykv_archive\/uploads\/sites\/7\/2018\/05\/Hallitus_ryhmakuva_2018-300x200.jpg 300w, https:\/\/www.senaatti.fi\/app_ykv_archive\/uploads\/sites\/7\/2018\/05\/Hallitus_ryhmakuva_2018-768x512.jpg 768w, https:\/\/www.senaatti.fi\/app_ykv_archive\/uploads\/sites\/7\/2018\/05\/Hallitus_ryhmakuva_2018-1024x683.jpg 1024w, https:\/\/www.senaatti.fi\/app_ykv_archive\/uploads\/sites\/7\/2018\/05\/Hallitus_ryhmakuva_2018-1600x1067.jpg 1600w, https:\/\/www.senaatti.fi\/app_ykv_archive\/uploads\/sites\/7\/2018\/05\/Hallitus_ryhmakuva_2018-2200x1467.jpg 2200w\" sizes=\"auto, (max-width: 6145px) 100vw, 6145px\" \/><\/p>\n<ul>\n<li>Rehtori <strong>Mari Walls<\/strong>, Tampereen yliopisto<\/li>\n<li>Lains\u00e4\u00e4d\u00e4nt\u00f6neuvos <strong>Markus Siltanen<\/strong>, valtiovarainministeri\u00f6<\/li>\n<li>Agronomi, MML, ekonomi <strong>Jarmo Vaittinen<\/strong>, hallituksen puheenjohtaja<\/li>\n<li>DI, Senior Advisor <strong>Kari Ruohonen<\/strong>, varapuheenjohtaja<\/li>\n<li>Projektip\u00e4\u00e4llikk\u00f6 <strong>Sonja Nybonn<\/strong>, Senaatti-kiinteist\u00f6t, henkil\u00f6st\u00f6n edustaja, varaj\u00e4sen asiantuntija Ritva Peiponen.<\/li>\n<\/ul>\n<h4>Vuoden 2019 hallitus:<\/h4>\n<ul>\n<li>kansliap\u00e4\u00e4llikk\u00f6 <strong>Hannele Pokka,<\/strong> ymp\u00e4rist\u00f6ministeri\u00f6, puheenjohtaja<\/li>\n<li>DI <strong>Kari Ruohonen<\/strong>, varapuheenjohtaja<\/li>\n<li>ylijohtaja <strong>Raimo Jyv\u00e4sj\u00e4rvi,<\/strong> puolustusministeri\u00f6<\/li>\n<li>johtaja <strong>Ulla Hiekkanen-M\u00e4kel\u00e4<\/strong>, Business Finland<\/li>\n<li>finanssineuvos <strong>Markus Siltanen<\/strong>, valtiovarainministeri\u00f6<\/li>\n<li>kiinteist\u00f6p\u00e4\u00e4llikk\u00f6 <strong>Jaana Kulju<\/strong> (henkil\u00f6st\u00f6n edustaja) varaj\u00e4senen\u00e4\u00e4n asiantuntija <strong>Noora Vuorinen.<\/strong><\/li>\n<\/ul>\n<h2>Johtoryhm\u00e4<\/h2>\n<p><strong>Jari Sarjo<\/strong>, toimitusjohtaja *<\/p>\n<p><strong>Mikko Ahola<\/strong>, talousjohtaja, talousyksikk\u00f6 *<\/p>\n<p><strong>Annika Ahonala<\/strong>, markkinointijohtaja*,\u00a0\u00a0 30.12.2018 asti<\/p>\n<p><strong>Sanna J\u00e4\u00e4skel\u00e4inen<\/strong>, markkinointi- ja viestint\u00e4johtaja *, 27.2.2019 alkaen<\/p>\n<p><strong>Kaj Hedvall<\/strong>, johtaja, strategia, kehitt\u00e4minen ja tiedonhallinta -yksikk\u00f6 *<\/p>\n<p><strong>Riitta Juutilainen<\/strong>, toimialajohtaja, toimistot-toimiala *<\/p>\n<p><strong>Tuomas Pusa<\/strong>, toimialajohtaja, ministeri\u00f6t ja erityiskiinteist\u00f6t -toimiala *<\/p>\n<p><strong>Jussi Hirvel\u00e4<\/strong>, tietohallintojohtaja, tietohallintopalvelut<\/p>\n<p><strong>Esko Kangaskoski<\/strong>, aluejohtaja, L\u00e4nsi-Suomen alue\u00a0 31.8.2018 asti<\/p>\n<p><strong>Pauli Rantam\u00e4ki<\/strong>, aluejohtaja, L\u00e4nsi-Suomen alue 1.5.2018 alkaen<\/p>\n<p><strong>Tina Karike<\/strong>, johtaja, henkil\u00f6st\u00f6resurssit ja kehitt\u00e4minen *<\/p>\n<p><strong>Jonni Laitto<\/strong>, rakennuttamisjohtaja, operatiivinen yksikk\u00f6<\/p>\n<p><strong>Juha Lemstr\u00f6m<\/strong>, operatiivinen johtaja, operatiivinen yksikk\u00f6 *<\/p>\n<p><strong>Jari Panhelainen<\/strong>, toimialajohtaja, puolustus ja turvallisuus -toimiala *<\/p>\n<p><strong>Risto Rautiola<\/strong>, aluejohtaja, Pohjois-Suomen alue<\/p>\n<p><strong>Jyrki Reinikainen<\/strong>, aluejohtaja, It\u00e4-Suomen alue<\/p>\n<p><strong>Mauri Sahi<\/strong>, johtaja, kiinteist\u00f6kehitys ja -myynti<\/p>\n<p><strong>Petri Turku<\/strong>, aluejohtaja, Etel\u00e4-Suomen alue *<\/p>\n<ul>\n<li style=\"list-style-type: none;\"><\/li>\n<\/ul>\n<p>*-merkityt ovat toimineet my\u00f6s ty\u00f6valiokunnan j\u00e4senin\u00e4.<\/p>\n<p>Johtoryhm\u00e4n tarkempi esittely <a href=\"https:\/\/www.senaatti.fi\/tietoa-senaatista\/organisaatio\/johtoryhman-kokoonpano\/\" target=\"_blank\" rel=\"noopener noreferrer\">kotisivuillamme.<\/a><\/p>\n","protected":false},"excerpt":{"rendered":"<p>Senaatti-kiinteist\u00f6t on valtionvarainministeri\u00f6n hallinnonalalla toimiva valtion liikelaitos, jonka toimintaa s\u00e4\u00e4dell\u00e4\u00e4n valtion liikelaitoksista annetulla lailla ja Senaatti-kiinteist\u00f6ist\u00e4 annetulla valtioneuvoston asetuksella. Valtion liikelaitos toimii sidosyksikk\u00f6asemassa ja tuottaa palveluja p\u00e4\u00e4s\u00e4\u00e4nt\u00f6isesti valtionhallinnolle ja sellaisille yhteis\u00f6ille, joiden toiminta rahoitetaan p\u00e4\u00e4osin valtion talousarvioon otetuilla m\u00e4\u00e4r\u00e4rahoilla. Senaatti-kiinteist\u00f6jen hallinto ja johtaminen on kuvattu kattavasti kotisivuillamme kohdassa Tietoa Senaatista. Voit my\u00f6s ladata t\u00e4st\u00e4 hallinnointikoodin [&hellip;]<\/p>\n","protected":false},"author":11,"featured_media":0,"parent":37,"menu_order":4,"comment_status":"closed","ping_status":"closed","template":"","meta":{"_acf_changed":false,"footnotes":""},"class_list":["post-49","page","type-page","status-publish","hentry"],"acf":[],"yoast_head":"<!-- This site is optimized with the Yoast SEO plugin v23.9 - https:\/\/yoast.com\/wordpress\/plugins\/seo\/ -->\n<title>Hallinto ja johtaminen - Yhteiskuntavastuuraportti 2018<\/title>\n<meta name=\"robots\" content=\"index, follow, max-snippet:-1, max-image-preview:large, max-video-preview:-1\" \/>\n<link rel=\"canonical\" href=\"https:\/\/www.senaatti.fi\/yhteiskuntavastuuraportti2018\/senaatti\/hallinto-ja-johtaminen\/\" \/>\n<meta property=\"og:locale\" content=\"en_US\" \/>\n<meta property=\"og:type\" content=\"article\" \/>\n<meta property=\"og:title\" content=\"Hallinto ja johtaminen - Yhteiskuntavastuuraportti 2018\" \/>\n<meta property=\"og:description\" content=\"Senaatti-kiinteist\u00f6t on valtionvarainministeri\u00f6n hallinnonalalla toimiva valtion liikelaitos, jonka toimintaa s\u00e4\u00e4dell\u00e4\u00e4n valtion liikelaitoksista annetulla lailla ja Senaatti-kiinteist\u00f6ist\u00e4 annetulla valtioneuvoston asetuksella. Valtion liikelaitos toimii sidosyksikk\u00f6asemassa ja tuottaa palveluja p\u00e4\u00e4s\u00e4\u00e4nt\u00f6isesti valtionhallinnolle ja sellaisille yhteis\u00f6ille, joiden toiminta rahoitetaan p\u00e4\u00e4osin valtion talousarvioon otetuilla m\u00e4\u00e4r\u00e4rahoilla. Senaatti-kiinteist\u00f6jen hallinto ja johtaminen on kuvattu kattavasti kotisivuillamme kohdassa Tietoa Senaatista. Voit my\u00f6s ladata t\u00e4st\u00e4 hallinnointikoodin [&hellip;]\" \/>\n<meta property=\"og:url\" content=\"https:\/\/www.senaatti.fi\/yhteiskuntavastuuraportti2018\/senaatti\/hallinto-ja-johtaminen\/\" \/>\n<meta property=\"og:site_name\" content=\"Yhteiskuntavastuuraportti 2018\" \/>\n<meta property=\"article:modified_time\" content=\"2019-06-04T11:36:10+00:00\" \/>\n<meta property=\"og:image\" content=\"https:\/\/www.senaatti.fi\/app_ykv_archive\/uploads\/sites\/2\/2018\/03\/senaatti-ykv-toimintamalli-1024x776.png\" \/>\n<meta name=\"twitter:card\" content=\"summary_large_image\" \/>\n<meta name=\"twitter:label1\" content=\"Est. reading time\" \/>\n\t<meta name=\"twitter:data1\" content=\"2 minutes\" \/>\n<script type=\"application\/ld+json\" class=\"yoast-schema-graph\">{\"@context\":\"https:\/\/schema.org\",\"@graph\":[{\"@type\":\"WebPage\",\"@id\":\"https:\/\/www.senaatti.fi\/yhteiskuntavastuuraportti2018\/senaatti\/hallinto-ja-johtaminen\/\",\"url\":\"https:\/\/www.senaatti.fi\/yhteiskuntavastuuraportti2018\/senaatti\/hallinto-ja-johtaminen\/\",\"name\":\"Hallinto ja johtaminen - Yhteiskuntavastuuraportti 2018\",\"isPartOf\":{\"@id\":\"https:\/\/www.senaatti.fi\/yhteiskuntavastuuraportti2018\/#website\"},\"primaryImageOfPage\":{\"@id\":\"https:\/\/www.senaatti.fi\/yhteiskuntavastuuraportti2018\/senaatti\/hallinto-ja-johtaminen\/#primaryimage\"},\"image\":{\"@id\":\"https:\/\/www.senaatti.fi\/yhteiskuntavastuuraportti2018\/senaatti\/hallinto-ja-johtaminen\/#primaryimage\"},\"thumbnailUrl\":\"https:\/\/www.senaatti.fi\/app_ykv_archive\/uploads\/sites\/2\/2018\/03\/senaatti-ykv-toimintamalli-1024x776.png\",\"datePublished\":\"2018-01-29T11:03:28+00:00\",\"dateModified\":\"2019-06-04T11:36:10+00:00\",\"breadcrumb\":{\"@id\":\"https:\/\/www.senaatti.fi\/yhteiskuntavastuuraportti2018\/senaatti\/hallinto-ja-johtaminen\/#breadcrumb\"},\"inLanguage\":\"en-US\",\"potentialAction\":[{\"@type\":\"ReadAction\",\"target\":[\"https:\/\/www.senaatti.fi\/yhteiskuntavastuuraportti2018\/senaatti\/hallinto-ja-johtaminen\/\"]}]},{\"@type\":\"ImageObject\",\"inLanguage\":\"en-US\",\"@id\":\"https:\/\/www.senaatti.fi\/yhteiskuntavastuuraportti2018\/senaatti\/hallinto-ja-johtaminen\/#primaryimage\",\"url\":\"https:\/\/www.senaatti.fi\/app_ykv_archive\/uploads\/sites\/2\/2018\/03\/senaatti-ykv-toimintamalli-1024x776.png\",\"contentUrl\":\"https:\/\/www.senaatti.fi\/app_ykv_archive\/uploads\/sites\/2\/2018\/03\/senaatti-ykv-toimintamalli-1024x776.png\"},{\"@type\":\"BreadcrumbList\",\"@id\":\"https:\/\/www.senaatti.fi\/yhteiskuntavastuuraportti2018\/senaatti\/hallinto-ja-johtaminen\/#breadcrumb\",\"itemListElement\":[{\"@type\":\"ListItem\",\"position\":1,\"name\":\"Home\",\"item\":\"https:\/\/www.senaatti.fi\/yhteiskuntavastuuraportti2018\/\"},{\"@type\":\"ListItem\",\"position\":2,\"name\":\"Senaatti\",\"item\":\"https:\/\/www.senaatti.fi\/yhteiskuntavastuuraportti2018\/senaatti\/\"},{\"@type\":\"ListItem\",\"position\":3,\"name\":\"Hallinto ja johtaminen\"}]},{\"@type\":\"WebSite\",\"@id\":\"https:\/\/www.senaatti.fi\/yhteiskuntavastuuraportti2018\/#website\",\"url\":\"https:\/\/www.senaatti.fi\/yhteiskuntavastuuraportti2018\/\",\"name\":\"Yhteiskuntavastuuraportti 2018\",\"description\":\"\",\"potentialAction\":[{\"@type\":\"SearchAction\",\"target\":{\"@type\":\"EntryPoint\",\"urlTemplate\":\"https:\/\/www.senaatti.fi\/yhteiskuntavastuuraportti2018\/?s={search_term_string}\"},\"query-input\":{\"@type\":\"PropertyValueSpecification\",\"valueRequired\":true,\"valueName\":\"search_term_string\"}}],\"inLanguage\":\"en-US\"}]}<\/script>\n<!-- \/ Yoast SEO plugin. -->","yoast_head_json":{"title":"Hallinto ja johtaminen - Yhteiskuntavastuuraportti 2018","robots":{"index":"index","follow":"follow","max-snippet":"max-snippet:-1","max-image-preview":"max-image-preview:large","max-video-preview":"max-video-preview:-1"},"canonical":"https:\/\/www.senaatti.fi\/yhteiskuntavastuuraportti2018\/senaatti\/hallinto-ja-johtaminen\/","og_locale":"en_US","og_type":"article","og_title":"Hallinto ja johtaminen - Yhteiskuntavastuuraportti 2018","og_description":"Senaatti-kiinteist\u00f6t on valtionvarainministeri\u00f6n hallinnonalalla toimiva valtion liikelaitos, jonka toimintaa s\u00e4\u00e4dell\u00e4\u00e4n valtion liikelaitoksista annetulla lailla ja Senaatti-kiinteist\u00f6ist\u00e4 annetulla valtioneuvoston asetuksella. Valtion liikelaitos toimii sidosyksikk\u00f6asemassa ja tuottaa palveluja p\u00e4\u00e4s\u00e4\u00e4nt\u00f6isesti valtionhallinnolle ja sellaisille yhteis\u00f6ille, joiden toiminta rahoitetaan p\u00e4\u00e4osin valtion talousarvioon otetuilla m\u00e4\u00e4r\u00e4rahoilla. Senaatti-kiinteist\u00f6jen hallinto ja johtaminen on kuvattu kattavasti kotisivuillamme kohdassa Tietoa Senaatista. Voit my\u00f6s ladata t\u00e4st\u00e4 hallinnointikoodin [&hellip;]","og_url":"https:\/\/www.senaatti.fi\/yhteiskuntavastuuraportti2018\/senaatti\/hallinto-ja-johtaminen\/","og_site_name":"Yhteiskuntavastuuraportti 2018","article_modified_time":"2019-06-04T11:36:10+00:00","og_image":[{"url":"https:\/\/www.senaatti.fi\/app_ykv_archive\/uploads\/sites\/2\/2018\/03\/senaatti-ykv-toimintamalli-1024x776.png"}],"twitter_card":"summary_large_image","twitter_misc":{"Est. reading time":"2 minutes"},"schema":{"@context":"https:\/\/schema.org","@graph":[{"@type":"WebPage","@id":"https:\/\/www.senaatti.fi\/yhteiskuntavastuuraportti2018\/senaatti\/hallinto-ja-johtaminen\/","url":"https:\/\/www.senaatti.fi\/yhteiskuntavastuuraportti2018\/senaatti\/hallinto-ja-johtaminen\/","name":"Hallinto ja johtaminen - Yhteiskuntavastuuraportti 2018","isPartOf":{"@id":"https:\/\/www.senaatti.fi\/yhteiskuntavastuuraportti2018\/#website"},"primaryImageOfPage":{"@id":"https:\/\/www.senaatti.fi\/yhteiskuntavastuuraportti2018\/senaatti\/hallinto-ja-johtaminen\/#primaryimage"},"image":{"@id":"https:\/\/www.senaatti.fi\/yhteiskuntavastuuraportti2018\/senaatti\/hallinto-ja-johtaminen\/#primaryimage"},"thumbnailUrl":"https:\/\/www.senaatti.fi\/app_ykv_archive\/uploads\/sites\/2\/2018\/03\/senaatti-ykv-toimintamalli-1024x776.png","datePublished":"2018-01-29T11:03:28+00:00","dateModified":"2019-06-04T11:36:10+00:00","breadcrumb":{"@id":"https:\/\/www.senaatti.fi\/yhteiskuntavastuuraportti2018\/senaatti\/hallinto-ja-johtaminen\/#breadcrumb"},"inLanguage":"en-US","potentialAction":[{"@type":"ReadAction","target":["https:\/\/www.senaatti.fi\/yhteiskuntavastuuraportti2018\/senaatti\/hallinto-ja-johtaminen\/"]}]},{"@type":"ImageObject","inLanguage":"en-US","@id":"https:\/\/www.senaatti.fi\/yhteiskuntavastuuraportti2018\/senaatti\/hallinto-ja-johtaminen\/#primaryimage","url":"https:\/\/www.senaatti.fi\/app_ykv_archive\/uploads\/sites\/2\/2018\/03\/senaatti-ykv-toimintamalli-1024x776.png","contentUrl":"https:\/\/www.senaatti.fi\/app_ykv_archive\/uploads\/sites\/2\/2018\/03\/senaatti-ykv-toimintamalli-1024x776.png"},{"@type":"BreadcrumbList","@id":"https:\/\/www.senaatti.fi\/yhteiskuntavastuuraportti2018\/senaatti\/hallinto-ja-johtaminen\/#breadcrumb","itemListElement":[{"@type":"ListItem","position":1,"name":"Home","item":"https:\/\/www.senaatti.fi\/yhteiskuntavastuuraportti2018\/"},{"@type":"ListItem","position":2,"name":"Senaatti","item":"https:\/\/www.senaatti.fi\/yhteiskuntavastuuraportti2018\/senaatti\/"},{"@type":"ListItem","position":3,"name":"Hallinto ja johtaminen"}]},{"@type":"WebSite","@id":"https:\/\/www.senaatti.fi\/yhteiskuntavastuuraportti2018\/#website","url":"https:\/\/www.senaatti.fi\/yhteiskuntavastuuraportti2018\/","name":"Yhteiskuntavastuuraportti 2018","description":"","potentialAction":[{"@type":"SearchAction","target":{"@type":"EntryPoint","urlTemplate":"https:\/\/www.senaatti.fi\/yhteiskuntavastuuraportti2018\/?s={search_term_string}"},"query-input":{"@type":"PropertyValueSpecification","valueRequired":true,"valueName":"search_term_string"}}],"inLanguage":"en-US"}]}},"_links":{"self":[{"href":"https:\/\/www.senaatti.fi\/yhteiskuntavastuuraportti2018\/wp-json\/wp\/v2\/pages\/49","targetHints":{"allow":["GET"]}}],"collection":[{"href":"https:\/\/www.senaatti.fi\/yhteiskuntavastuuraportti2018\/wp-json\/wp\/v2\/pages"}],"about":[{"href":"https:\/\/www.senaatti.fi\/yhteiskuntavastuuraportti2018\/wp-json\/wp\/v2\/types\/page"}],"author":[{"embeddable":true,"href":"https:\/\/www.senaatti.fi\/yhteiskuntavastuuraportti2018\/wp-json\/wp\/v2\/users\/11"}],"replies":[{"embeddable":true,"href":"https:\/\/www.senaatti.fi\/yhteiskuntavastuuraportti2018\/wp-json\/wp\/v2\/comments?post=49"}],"version-history":[{"count":11,"href":"https:\/\/www.senaatti.fi\/yhteiskuntavastuuraportti2018\/wp-json\/wp\/v2\/pages\/49\/revisions"}],"predecessor-version":[{"id":2390,"href":"https:\/\/www.senaatti.fi\/yhteiskuntavastuuraportti2018\/wp-json\/wp\/v2\/pages\/49\/revisions\/2390"}],"up":[{"embeddable":true,"href":"https:\/\/www.senaatti.fi\/yhteiskuntavastuuraportti2018\/wp-json\/wp\/v2\/pages\/37"}],"wp:attachment":[{"href":"https:\/\/www.senaatti.fi\/yhteiskuntavastuuraportti2018\/wp-json\/wp\/v2\/media?parent=49"}],"curies":[{"name":"wp","href":"https:\/\/api.w.org\/{rel}","templated":true}]}}