{"id":43,"date":"2018-01-29T11:02:45","date_gmt":"2018-01-29T11:02:45","guid":{"rendered":"https:\/\/www.senaatti.fi\/yhteiskuntavastuuraportti2018\/?page_id=43"},"modified":"2022-04-12T10:34:01","modified_gmt":"2022-04-12T10:34:01","slug":"liiketoiminta-ja-palvelut","status":"publish","type":"page","link":"https:\/\/www.senaatti.fi\/yhteiskuntavastuuraportti2018\/senaatti\/organisaatio\/liiketoiminta-ja-palvelut\/","title":{"rendered":"Liiketoiminta ja palvelut"},"content":{"rendered":"<p>Senaatti-kiinteist\u00f6t on valtion sis\u00e4isen palveluyksikk\u00f6, joka tarjoaa ja tuottaa palveluita liikelaitoslain mukaisesti ensisijaisesti valtionhallinnolle.<\/p>\n<p>Senaatin liiketoiminta perustuu ty\u00f6ymp\u00e4rist\u00f6jen ja kiinteist\u00f6varallisuuden kehitt\u00e4miseen, toimitilojen vuokraukseen sek\u00e4 toimitiloihin liittyvien palvelujen tarjoamiseen asiakkaille. Vastaamme my\u00f6s keskitetysti valtion kiinteist\u00f6jen myynneist\u00e4.<\/p>\n<p>Palvelutarjonta on kattava aina toimitilojen vuokrauksesta, yll\u00e4pidosta ja investoinneista asiakkaan johdolle suunnattuihin strategisen tason asiantuntijapalveluihin. Periaatteena on, ett\u00e4 asiakkaat voivat keskitty\u00e4 omaan ydintoimintaansa ja Senaatin vastuulla ovat keskitetysti valtion toimitiloihin liittyv\u00e4t asiat.<\/p>\n<p>Senaatti-kiinteist\u00f6t toimii tiiviiss\u00e4 yhteisty\u00f6ss\u00e4 toimittajaverkostonsa kanssa. Toiminnan tuloksilla on vaikutusta laajasti eri sidosryhmille.<\/p>\n<p>&nbsp;<\/p>\n<p><strong>Liiketoimintamalli:<br \/>\n<\/strong><\/p>\n<h2><img loading=\"lazy\" decoding=\"async\" class=\"alignnone wp-image-2247 size-large\" src=\"https:\/\/www.senaatti.fi\/app_ykv_archive\/uploads\/sites\/7\/2019\/04\/senaatti-liiketoimintamalli-0319-1-1024x700.png\" alt=\"Liiketoimintamalli\" width=\"1024\" height=\"700\" srcset=\"https:\/\/www.senaatti.fi\/app_ykv_archive\/uploads\/sites\/7\/2019\/04\/senaatti-liiketoimintamalli-0319-1-1024x700.png 1024w, https:\/\/www.senaatti.fi\/app_ykv_archive\/uploads\/sites\/7\/2019\/04\/senaatti-liiketoimintamalli-0319-1-300x205.png 300w, https:\/\/www.senaatti.fi\/app_ykv_archive\/uploads\/sites\/7\/2019\/04\/senaatti-liiketoimintamalli-0319-1-768x525.png 768w, https:\/\/www.senaatti.fi\/app_ykv_archive\/uploads\/sites\/7\/2019\/04\/senaatti-liiketoimintamalli-0319-1.png 1080w\" sizes=\"auto, (max-width: 1024px) 100vw, 1024px\" \/><\/h2>\n<h2>Senaatti-kiinteist\u00f6jen palvelut<\/h2>\n<p>Senaatti-kiinteist\u00f6ilt\u00e4 asiakas saa toimitilat ja niihin liittyv\u00e4n osaamisen ja palvelut keskitetysti yhdest\u00e4 paikasta.<\/p>\n<p>Autamme valtionhallinnon organisaatioita uudistamaan ty\u00f6nteon tapojaan ja toteutamme toimivia, turvallisia sek\u00e4 ty\u00f6ntekoa tukevia ty\u00f6ymp\u00e4rist\u00f6j\u00e4.<\/p>\n<p>Ty\u00f6ymp\u00e4rist\u00f6 k\u00e4sitt\u00e4\u00e4 fyysisen tilan lis\u00e4ksi my\u00f6s virtuaalisen ja sosiaalisen ty\u00f6ymp\u00e4rist\u00f6n. Senaatti-kiinteist\u00f6jen palvelut kattavat n\u00e4m\u00e4 kaikki kolme osa-aluetta.<\/p>\n<p>&nbsp;<\/p>\n<div class=\"desktop-only\">\n<div class=\"row row-eq-height\">\n<div class=\"col-sm-2\"><\/div>\n<div class=\"col-sm-4 text-align-right vertical-bottom\">\n<p class=\"txt-small\">Tehostamme kanssasi tilank\u00e4ytt\u00f6\u00e4 ja optimoimme toimitilakustannuksia.<\/p>\n<\/div>\n<div class=\"col-sm-6 text-align-left\">\n<p class=\"txt-small\">Suunnittelemme ja toteutamme monitilaymp\u00e4rist\u00f6j\u00e4 ja erityistiloja. Tarvittaessa toimitamme my\u00f6s niihin liittyv\u00e4t kalusteet sek\u00e4 toimitila- ja turvallisuuspalvelut valmiiksi kilpailutettuna.<\/p>\n<\/div>\n<\/div>\n<div class=\"row row-eq-height\">\n<div class=\"col-sm-2 text-align-right vertical-center\">\n<p class=\"txt-small\">Autamme sitouttamaan, innostamaan ja valmentamaan organisaation muutokseen.<\/p>\n<\/div>\n<div class=\"col-sm-8 text-align-center txt-violet\"><img loading=\"lazy\" decoding=\"async\" class=\"alignnone size-full wp-image-721\" src=\"https:\/\/www.senaatti.fi\/app_ykv_archive\/uploads\/sites\/2\/2018\/03\/senaatti-ykv-senaatin-palvelut.png\" alt=\"\" width=\"982\" height=\"854\" srcset=\"https:\/\/www.senaatti.fi\/app_ykv_archive\/uploads\/sites\/7\/2018\/03\/senaatti-ykv-senaatin-palvelut.png 982w, https:\/\/www.senaatti.fi\/app_ykv_archive\/uploads\/sites\/7\/2018\/03\/senaatti-ykv-senaatin-palvelut-300x261.png 300w, https:\/\/www.senaatti.fi\/app_ykv_archive\/uploads\/sites\/7\/2018\/03\/senaatti-ykv-senaatin-palvelut-768x668.png 768w\" sizes=\"auto, (max-width: 982px) 100vw, 982px\" \/><\/div>\n<div class=\"col-sm-2 text-align-left vertical-center\">\n<p class=\"txt-small\">Tarjoamme ty\u00f6ymp\u00e4rist\u00f6\u00adturvallisuuden konsultointia ja tuotamme laajenevassa m\u00e4\u00e4rin turvallisuus\u00adpalveluja.<\/p>\n<\/div>\n<\/div>\n<div class=\"row\">\n<div class=\"col-sm-5 col-sm-offset-1 text-align-right\">\n<p class=\"txt-small\">Mittaamme organisaation tietoty\u00f6n suorituskyky\u00e4, jotta saamme tarkan tilannekuvan ty\u00f6skentelyn k\u00e4yt\u00e4nn\u00f6ist\u00e4 ja osaamme kehitt\u00e4\u00e4 oikeita asioita.<\/p>\n<\/div>\n<div class=\"col-sm-4 text-align-left\">\n<p class=\"txt-small\">Autamme virtuaalisten ty\u00f6ymp\u00e4rist\u00f6jen ja ty\u00f6kalujen suunnittelussa, k\u00e4ytt\u00f6\u00f6notossa ja kouluttamisessa.<\/p>\n<\/div>\n<\/div>\n<\/div>\n<div class=\"mobile-only\">\n<div class=\"row\">\n<div class=\"col-sm-12 text-align-center\">\n<p><img loading=\"lazy\" decoding=\"async\" class=\"alignnone size-full wp-image-723 ykv-icon\" src=\"\/\/www.senaatti.fi\/app_ykv_archive\/uploads\/sites\/2\/2018\/03\/senaatti_laitteet_salkku.png\" alt=\"\" width=\"207\" height=\"114\" \/><\/p>\n<h6 class=\"txt-violet\"><strong>Ty\u00f6ymp\u00e4rist\u00f6- ja toimitilajohtamisen tuki<\/strong><\/h6>\n<p>Tehostamme kanssasi tilank\u00e4ytt\u00f6\u00e4 ja optimoimme toimitilakustannuksia.<\/p>\n<\/div>\n<div class=\"col-sm-12 text-align-center\">\n<p><img loading=\"lazy\" decoding=\"async\" class=\"alignnone size-full wp-image-724 ykv-icon\" src=\"\/\/www.senaatti.fi\/app_ykv_archive\/uploads\/sites\/2\/2018\/03\/senaatti_laitteet_toimitilapalvelut.png\" alt=\"\" width=\"272\" height=\"114\" \/><\/p>\n<h6 class=\"txt-violet\"><strong>Ty\u00f6ymp\u00e4rist\u00f6t ja toimitila-palvelut<\/strong><\/h6>\n<p>Suunnittelemme ja toteutamme monitilaymp\u00e4rist\u00f6j\u00e4 ja erityistiloja. Tarvittaessa toimitamme my\u00f6s niihin liittyv\u00e4t kalusteet sek\u00e4 toimitila- ja turvallisuuspalvelut valmiiksi kilpailutettuna.<\/p>\n<\/div>\n<div class=\"col-sm-12 text-align-center\">\n<p><img loading=\"lazy\" decoding=\"async\" class=\"alignnone size-full wp-image-725 ykv-icon\" src=\"\/\/www.senaatti.fi\/app_ykv_archive\/uploads\/sites\/2\/2018\/03\/senaatti_laitteet_turvallisuus.png\" alt=\"\" width=\"272\" height=\"114\" \/><\/p>\n<h6 class=\"txt-violet\"><strong>Ty\u00f6ymp\u00e4rist\u00f6nturvallisuus-palvelut m\u00e4\u00e4rin turvallisuuspalveluja.<\/strong><\/h6>\n<p>Tarjoamme ty\u00f6ymp\u00e4rist\u00f6turvallisuuden konsultointia ja tuotamme laajenevassa m\u00e4\u00e4rin turvallisuuspalveluja.<\/p>\n<\/div>\n<div class=\"col-sm-12 text-align-center\">\n<p><img loading=\"lazy\" decoding=\"async\" class=\"alignnone size-full wp-image-708 ykv-icon\" src=\"\/\/www.senaatti.fi\/app_ykv_archive\/uploads\/sites\/2\/2018\/03\/senaatti_laitteet_kannettava1.png\" alt=\"\" width=\"297\" height=\"114\" \/><\/p>\n<h6 class=\"txt-violet\"><strong>Digitaalisen ty\u00f6nteon valmiuksien kehitt\u00e4minen<\/strong><\/h6>\n<p>Autamme virtuaalisten ty\u00f6ymp\u00e4rist\u00f6jen ja ty\u00f6kalujen suunnittelussa, k\u00e4ytt\u00f6\u00f6notossa ja kouluttamisessa.<\/p>\n<\/div>\n<div class=\"col-sm-12 text-align-center\">\n<p><img loading=\"lazy\" decoding=\"async\" class=\"alignnone size-full wp-image-722 ykv-icon\" src=\"\/\/www.senaatti.fi\/app_ykv_archive\/uploads\/sites\/2\/2018\/03\/senaatti_laitteet_mittari.png\" alt=\"\" width=\"272\" height=\"134\" \/><\/p>\n<h6 class=\"txt-violet\"><strong>Ty\u00f6nteon tapojen ja suorituskyvyn kehitt\u00e4minen<\/strong><\/h6>\n<p>Mittaamme organisaation tietoty\u00f6n suorituskyky\u00e4, jotta saamme tarkan tilannekuvan ty\u00f6skentelyn k\u00e4yt\u00e4nn\u00f6ist\u00e4 ja osaamme kehitt\u00e4\u00e4 oikeita asioita.<\/p>\n<\/div>\n<div class=\"col-sm-12 text-align-center\">\n<p><img loading=\"lazy\" decoding=\"async\" class=\"alignnone size-full wp-image-728 ykv-icon\" src=\"\/\/www.senaatti.fi\/app_ykv_archive\/uploads\/sites\/2\/2018\/03\/senaatti_laitteet_valmennukset.png\" alt=\"\" width=\"272\" height=\"151\" \/><\/p>\n<h6 class=\"txt-violet\"><strong>Muutos-johtamisen tuki ja valmennukset<\/strong><\/h6>\n<p>Autamme sitouttamaan, innostamaan ja valmentamaan organisaation muutokseen.<\/p>\n<\/div>\n<\/div>\n<\/div>\n<p><strong>Fyysiset ymp\u00e4rist\u00f6t \u2013 tehokkaat ja tuottavat ty\u00f6ymp\u00e4rist\u00f6t<\/strong><\/p>\n<ul>\n<li>Toimistot<\/li>\n<li>Kampukset<\/li>\n<li>Erityistilat<\/li>\n<li>Hupit ja yhteisk\u00e4ytt\u00f6iset tilat<\/li>\n<li>Fyysisiin tiloihin liittyv\u00e4t toimitilapalvelut kuten puhtauspalvelut, turvallisuuspalvelut, toimistopalvelut sek\u00e4 kokous- ja ravintolapalvelut<\/li>\n<\/ul>\n<p><strong>Virtuaaliset ymp\u00e4rist\u00f6t<\/strong><\/p>\n<ul>\n<li>Yhteisty\u00f6ss\u00e4 Valtorin kanssa<\/li>\n<\/ul>\n<p><strong>Asiantuntijapalvelut &#8211; mukana muutoksessa<\/strong><\/p>\n<ul>\n<li>Ty\u00f6ymp\u00e4rist\u00f6- ja toimitilajohtamisen tuki<\/li>\n<li>Ty\u00f6nteon tapojen ja suorituskyvyn kehitt\u00e4minen<\/li>\n<li>Muutosjohtamisen tuki ja valmennukset<\/li>\n<li>Turvallisuuskonsultointi<\/li>\n<\/ul>\n<p>Autamme asiakastamme onnistumaan tuottamalla organisaation ydintoimintaa tukevan ty\u00f6ymp\u00e4rist\u00f6n. Lis\u00e4ksi autamme nykyaikaisten ty\u00f6nteon tapojen omaksumisessa. Tavoitteena on, ett\u00e4 muutosprosessi on sujuva, ty\u00f6n suorituskyky paranee, toimintakulttuuri kehittyy ja organisaation asiakkaan kokemus paranee.<\/p>\n","protected":false},"excerpt":{"rendered":"<p>Senaatti-kiinteist\u00f6t on valtion sis\u00e4isen palveluyksikk\u00f6, joka tarjoaa ja tuottaa palveluita liikelaitoslain mukaisesti ensisijaisesti valtionhallinnolle. Senaatin liiketoiminta perustuu ty\u00f6ymp\u00e4rist\u00f6jen ja kiinteist\u00f6varallisuuden kehitt\u00e4miseen, toimitilojen vuokraukseen sek\u00e4 toimitiloihin liittyvien palvelujen tarjoamiseen asiakkaille. Vastaamme my\u00f6s keskitetysti valtion kiinteist\u00f6jen myynneist\u00e4. Palvelutarjonta on kattava aina toimitilojen vuokrauksesta, yll\u00e4pidosta ja investoinneista asiakkaan johdolle suunnattuihin strategisen tason asiantuntijapalveluihin. Periaatteena on, ett\u00e4 asiakkaat voivat [&hellip;]<\/p>\n","protected":false},"author":11,"featured_media":0,"parent":39,"menu_order":1,"comment_status":"closed","ping_status":"closed","template":"","meta":{"_acf_changed":false,"footnotes":""},"class_list":["post-43","page","type-page","status-publish","hentry"],"acf":[],"yoast_head":"<!-- This site is optimized with the Yoast SEO plugin v23.9 - https:\/\/yoast.com\/wordpress\/plugins\/seo\/ -->\n<title>Liiketoiminta ja palvelut - Yhteiskuntavastuuraportti 2018<\/title>\n<meta name=\"robots\" content=\"index, follow, max-snippet:-1, max-image-preview:large, max-video-preview:-1\" \/>\n<link rel=\"canonical\" href=\"https:\/\/www.senaatti.fi\/yhteiskuntavastuuraportti2018\/senaatti\/organisaatio\/liiketoiminta-ja-palvelut\/\" \/>\n<meta property=\"og:locale\" content=\"en_US\" \/>\n<meta property=\"og:type\" content=\"article\" \/>\n<meta property=\"og:title\" content=\"Liiketoiminta ja palvelut - Yhteiskuntavastuuraportti 2018\" \/>\n<meta property=\"og:description\" content=\"Senaatti-kiinteist\u00f6t on valtion sis\u00e4isen palveluyksikk\u00f6, joka tarjoaa ja tuottaa palveluita liikelaitoslain mukaisesti ensisijaisesti valtionhallinnolle. Senaatin liiketoiminta perustuu ty\u00f6ymp\u00e4rist\u00f6jen ja kiinteist\u00f6varallisuuden kehitt\u00e4miseen, toimitilojen vuokraukseen sek\u00e4 toimitiloihin liittyvien palvelujen tarjoamiseen asiakkaille. Vastaamme my\u00f6s keskitetysti valtion kiinteist\u00f6jen myynneist\u00e4. Palvelutarjonta on kattava aina toimitilojen vuokrauksesta, yll\u00e4pidosta ja investoinneista asiakkaan johdolle suunnattuihin strategisen tason asiantuntijapalveluihin. Periaatteena on, ett\u00e4 asiakkaat voivat [&hellip;]\" \/>\n<meta property=\"og:url\" content=\"https:\/\/www.senaatti.fi\/yhteiskuntavastuuraportti2018\/senaatti\/organisaatio\/liiketoiminta-ja-palvelut\/\" \/>\n<meta property=\"og:site_name\" content=\"Yhteiskuntavastuuraportti 2018\" \/>\n<meta property=\"article:modified_time\" content=\"2022-04-12T10:34:01+00:00\" \/>\n<meta property=\"og:image\" content=\"https:\/\/www.senaatti.fi\/app_ykv_archive\/uploads\/sites\/7\/2019\/04\/senaatti-liiketoimintamalli-0319-1-1024x700.png\" \/>\n<meta name=\"twitter:card\" content=\"summary_large_image\" \/>\n<meta name=\"twitter:label1\" content=\"Est. reading time\" \/>\n\t<meta name=\"twitter:data1\" content=\"2 minutes\" \/>\n<script type=\"application\/ld+json\" class=\"yoast-schema-graph\">{\"@context\":\"https:\/\/schema.org\",\"@graph\":[{\"@type\":\"WebPage\",\"@id\":\"https:\/\/www.senaatti.fi\/yhteiskuntavastuuraportti2018\/senaatti\/organisaatio\/liiketoiminta-ja-palvelut\/\",\"url\":\"https:\/\/www.senaatti.fi\/yhteiskuntavastuuraportti2018\/senaatti\/organisaatio\/liiketoiminta-ja-palvelut\/\",\"name\":\"Liiketoiminta ja palvelut - Yhteiskuntavastuuraportti 2018\",\"isPartOf\":{\"@id\":\"https:\/\/www.senaatti.fi\/yhteiskuntavastuuraportti2018\/#website\"},\"primaryImageOfPage\":{\"@id\":\"https:\/\/www.senaatti.fi\/yhteiskuntavastuuraportti2018\/senaatti\/organisaatio\/liiketoiminta-ja-palvelut\/#primaryimage\"},\"image\":{\"@id\":\"https:\/\/www.senaatti.fi\/yhteiskuntavastuuraportti2018\/senaatti\/organisaatio\/liiketoiminta-ja-palvelut\/#primaryimage\"},\"thumbnailUrl\":\"https:\/\/www.senaatti.fi\/app_ykv_archive\/uploads\/sites\/7\/2019\/04\/senaatti-liiketoimintamalli-0319-1-1024x700.png\",\"datePublished\":\"2018-01-29T11:02:45+00:00\",\"dateModified\":\"2022-04-12T10:34:01+00:00\",\"breadcrumb\":{\"@id\":\"https:\/\/www.senaatti.fi\/yhteiskuntavastuuraportti2018\/senaatti\/organisaatio\/liiketoiminta-ja-palvelut\/#breadcrumb\"},\"inLanguage\":\"en-US\",\"potentialAction\":[{\"@type\":\"ReadAction\",\"target\":[\"https:\/\/www.senaatti.fi\/yhteiskuntavastuuraportti2018\/senaatti\/organisaatio\/liiketoiminta-ja-palvelut\/\"]}]},{\"@type\":\"ImageObject\",\"inLanguage\":\"en-US\",\"@id\":\"https:\/\/www.senaatti.fi\/yhteiskuntavastuuraportti2018\/senaatti\/organisaatio\/liiketoiminta-ja-palvelut\/#primaryimage\",\"url\":\"https:\/\/www.senaatti.fi\/app_ykv_archive\/uploads\/sites\/7\/2019\/04\/senaatti-liiketoimintamalli-0319-1-1024x700.png\",\"contentUrl\":\"https:\/\/www.senaatti.fi\/app_ykv_archive\/uploads\/sites\/7\/2019\/04\/senaatti-liiketoimintamalli-0319-1-1024x700.png\"},{\"@type\":\"BreadcrumbList\",\"@id\":\"https:\/\/www.senaatti.fi\/yhteiskuntavastuuraportti2018\/senaatti\/organisaatio\/liiketoiminta-ja-palvelut\/#breadcrumb\",\"itemListElement\":[{\"@type\":\"ListItem\",\"position\":1,\"name\":\"Home\",\"item\":\"https:\/\/www.senaatti.fi\/yhteiskuntavastuuraportti2018\/\"},{\"@type\":\"ListItem\",\"position\":2,\"name\":\"Senaatti\",\"item\":\"https:\/\/www.senaatti.fi\/yhteiskuntavastuuraportti2018\/senaatti\/\"},{\"@type\":\"ListItem\",\"position\":3,\"name\":\"Organisaatio\",\"item\":\"https:\/\/www.senaatti.fi\/yhteiskuntavastuuraportti2018\/senaatti\/organisaatio\/\"},{\"@type\":\"ListItem\",\"position\":4,\"name\":\"Liiketoiminta ja palvelut\"}]},{\"@type\":\"WebSite\",\"@id\":\"https:\/\/www.senaatti.fi\/yhteiskuntavastuuraportti2018\/#website\",\"url\":\"https:\/\/www.senaatti.fi\/yhteiskuntavastuuraportti2018\/\",\"name\":\"Yhteiskuntavastuuraportti 2018\",\"description\":\"\",\"potentialAction\":[{\"@type\":\"SearchAction\",\"target\":{\"@type\":\"EntryPoint\",\"urlTemplate\":\"https:\/\/www.senaatti.fi\/yhteiskuntavastuuraportti2018\/?s={search_term_string}\"},\"query-input\":{\"@type\":\"PropertyValueSpecification\",\"valueRequired\":true,\"valueName\":\"search_term_string\"}}],\"inLanguage\":\"en-US\"}]}<\/script>\n<!-- \/ Yoast SEO plugin. -->","yoast_head_json":{"title":"Liiketoiminta ja palvelut - Yhteiskuntavastuuraportti 2018","robots":{"index":"index","follow":"follow","max-snippet":"max-snippet:-1","max-image-preview":"max-image-preview:large","max-video-preview":"max-video-preview:-1"},"canonical":"https:\/\/www.senaatti.fi\/yhteiskuntavastuuraportti2018\/senaatti\/organisaatio\/liiketoiminta-ja-palvelut\/","og_locale":"en_US","og_type":"article","og_title":"Liiketoiminta ja palvelut - Yhteiskuntavastuuraportti 2018","og_description":"Senaatti-kiinteist\u00f6t on valtion sis\u00e4isen palveluyksikk\u00f6, joka tarjoaa ja tuottaa palveluita liikelaitoslain mukaisesti ensisijaisesti valtionhallinnolle. Senaatin liiketoiminta perustuu ty\u00f6ymp\u00e4rist\u00f6jen ja kiinteist\u00f6varallisuuden kehitt\u00e4miseen, toimitilojen vuokraukseen sek\u00e4 toimitiloihin liittyvien palvelujen tarjoamiseen asiakkaille. Vastaamme my\u00f6s keskitetysti valtion kiinteist\u00f6jen myynneist\u00e4. Palvelutarjonta on kattava aina toimitilojen vuokrauksesta, yll\u00e4pidosta ja investoinneista asiakkaan johdolle suunnattuihin strategisen tason asiantuntijapalveluihin. Periaatteena on, ett\u00e4 asiakkaat voivat [&hellip;]","og_url":"https:\/\/www.senaatti.fi\/yhteiskuntavastuuraportti2018\/senaatti\/organisaatio\/liiketoiminta-ja-palvelut\/","og_site_name":"Yhteiskuntavastuuraportti 2018","article_modified_time":"2022-04-12T10:34:01+00:00","og_image":[{"url":"https:\/\/www.senaatti.fi\/app_ykv_archive\/uploads\/sites\/7\/2019\/04\/senaatti-liiketoimintamalli-0319-1-1024x700.png"}],"twitter_card":"summary_large_image","twitter_misc":{"Est. reading time":"2 minutes"},"schema":{"@context":"https:\/\/schema.org","@graph":[{"@type":"WebPage","@id":"https:\/\/www.senaatti.fi\/yhteiskuntavastuuraportti2018\/senaatti\/organisaatio\/liiketoiminta-ja-palvelut\/","url":"https:\/\/www.senaatti.fi\/yhteiskuntavastuuraportti2018\/senaatti\/organisaatio\/liiketoiminta-ja-palvelut\/","name":"Liiketoiminta ja palvelut - Yhteiskuntavastuuraportti 2018","isPartOf":{"@id":"https:\/\/www.senaatti.fi\/yhteiskuntavastuuraportti2018\/#website"},"primaryImageOfPage":{"@id":"https:\/\/www.senaatti.fi\/yhteiskuntavastuuraportti2018\/senaatti\/organisaatio\/liiketoiminta-ja-palvelut\/#primaryimage"},"image":{"@id":"https:\/\/www.senaatti.fi\/yhteiskuntavastuuraportti2018\/senaatti\/organisaatio\/liiketoiminta-ja-palvelut\/#primaryimage"},"thumbnailUrl":"https:\/\/www.senaatti.fi\/app_ykv_archive\/uploads\/sites\/7\/2019\/04\/senaatti-liiketoimintamalli-0319-1-1024x700.png","datePublished":"2018-01-29T11:02:45+00:00","dateModified":"2022-04-12T10:34:01+00:00","breadcrumb":{"@id":"https:\/\/www.senaatti.fi\/yhteiskuntavastuuraportti2018\/senaatti\/organisaatio\/liiketoiminta-ja-palvelut\/#breadcrumb"},"inLanguage":"en-US","potentialAction":[{"@type":"ReadAction","target":["https:\/\/www.senaatti.fi\/yhteiskuntavastuuraportti2018\/senaatti\/organisaatio\/liiketoiminta-ja-palvelut\/"]}]},{"@type":"ImageObject","inLanguage":"en-US","@id":"https:\/\/www.senaatti.fi\/yhteiskuntavastuuraportti2018\/senaatti\/organisaatio\/liiketoiminta-ja-palvelut\/#primaryimage","url":"https:\/\/www.senaatti.fi\/app_ykv_archive\/uploads\/sites\/7\/2019\/04\/senaatti-liiketoimintamalli-0319-1-1024x700.png","contentUrl":"https:\/\/www.senaatti.fi\/app_ykv_archive\/uploads\/sites\/7\/2019\/04\/senaatti-liiketoimintamalli-0319-1-1024x700.png"},{"@type":"BreadcrumbList","@id":"https:\/\/www.senaatti.fi\/yhteiskuntavastuuraportti2018\/senaatti\/organisaatio\/liiketoiminta-ja-palvelut\/#breadcrumb","itemListElement":[{"@type":"ListItem","position":1,"name":"Home","item":"https:\/\/www.senaatti.fi\/yhteiskuntavastuuraportti2018\/"},{"@type":"ListItem","position":2,"name":"Senaatti","item":"https:\/\/www.senaatti.fi\/yhteiskuntavastuuraportti2018\/senaatti\/"},{"@type":"ListItem","position":3,"name":"Organisaatio","item":"https:\/\/www.senaatti.fi\/yhteiskuntavastuuraportti2018\/senaatti\/organisaatio\/"},{"@type":"ListItem","position":4,"name":"Liiketoiminta ja palvelut"}]},{"@type":"WebSite","@id":"https:\/\/www.senaatti.fi\/yhteiskuntavastuuraportti2018\/#website","url":"https:\/\/www.senaatti.fi\/yhteiskuntavastuuraportti2018\/","name":"Yhteiskuntavastuuraportti 2018","description":"","potentialAction":[{"@type":"SearchAction","target":{"@type":"EntryPoint","urlTemplate":"https:\/\/www.senaatti.fi\/yhteiskuntavastuuraportti2018\/?s={search_term_string}"},"query-input":{"@type":"PropertyValueSpecification","valueRequired":true,"valueName":"search_term_string"}}],"inLanguage":"en-US"}]}},"_links":{"self":[{"href":"https:\/\/www.senaatti.fi\/yhteiskuntavastuuraportti2018\/wp-json\/wp\/v2\/pages\/43","targetHints":{"allow":["GET"]}}],"collection":[{"href":"https:\/\/www.senaatti.fi\/yhteiskuntavastuuraportti2018\/wp-json\/wp\/v2\/pages"}],"about":[{"href":"https:\/\/www.senaatti.fi\/yhteiskuntavastuuraportti2018\/wp-json\/wp\/v2\/types\/page"}],"author":[{"embeddable":true,"href":"https:\/\/www.senaatti.fi\/yhteiskuntavastuuraportti2018\/wp-json\/wp\/v2\/users\/11"}],"replies":[{"embeddable":true,"href":"https:\/\/www.senaatti.fi\/yhteiskuntavastuuraportti2018\/wp-json\/wp\/v2\/comments?post=43"}],"version-history":[{"count":11,"href":"https:\/\/www.senaatti.fi\/yhteiskuntavastuuraportti2018\/wp-json\/wp\/v2\/pages\/43\/revisions"}],"predecessor-version":[{"id":2402,"href":"https:\/\/www.senaatti.fi\/yhteiskuntavastuuraportti2018\/wp-json\/wp\/v2\/pages\/43\/revisions\/2402"}],"up":[{"embeddable":true,"href":"https:\/\/www.senaatti.fi\/yhteiskuntavastuuraportti2018\/wp-json\/wp\/v2\/pages\/39"}],"wp:attachment":[{"href":"https:\/\/www.senaatti.fi\/yhteiskuntavastuuraportti2018\/wp-json\/wp\/v2\/media?parent=43"}],"curies":[{"name":"wp","href":"https:\/\/api.w.org\/{rel}","templated":true}]}}